{"id":10706,"date":"2023-03-28T18:43:04","date_gmt":"2023-03-28T16:43:04","guid":{"rendered":"https:\/\/www.albergominerva.it\/?page_id=10706"},"modified":"2023-03-28T18:43:06","modified_gmt":"2023-03-28T16:43:06","slug":"hotel-siena-fuer-august-2023","status":"publish","type":"page","link":"https:\/\/www.albergominerva.it\/de\/hotel-siena-fuer-august-2023\/","title":{"rendered":"Hotel Siena f\u00fcr August 2023"},"content":{"rendered":"\n<p><strong>Sie m\u00f6chten einen Urlaub in Siena verbringen und suchen ein Angebot f\u00fcr August 2023?<\/strong><\/p>\n\n\n\n<figure class=\"wp-block-gallery has-nested-images columns-default is-cropped wp-block-gallery-1 is-layout-flex wp-block-gallery-is-layout-flex\">\n<figure class=\"wp-block-image size-large\"><img loading=\"lazy\" decoding=\"async\" width=\"1024\" height=\"1008\" data-id=\"9409\" src=\"https:\/\/www.albergominerva.it\/wp-content\/uploads\/2022\/03\/20220304_002444-1024x1008.jpg\" alt=\"\" class=\"wp-image-9409\" srcset=\"https:\/\/www.albergominerva.it\/wp-content\/uploads\/2022\/03\/20220304_002444-1024x1008.jpg 1024w, https:\/\/www.albergominerva.it\/wp-content\/uploads\/2022\/03\/20220304_002444-300x295.jpg 300w, https:\/\/www.albergominerva.it\/wp-content\/uploads\/2022\/03\/20220304_002444-768x756.jpg 768w, https:\/\/www.albergominerva.it\/wp-content\/uploads\/2022\/03\/20220304_002444-1536x1513.jpg 1536w, https:\/\/www.albergominerva.it\/wp-content\/uploads\/2022\/03\/20220304_002444-2048x2017.jpg 2048w, https:\/\/www.albergominerva.it\/wp-content\/uploads\/2022\/03\/20220304_002444-1000x985.jpg 1000w, https:\/\/www.albergominerva.it\/wp-content\/uploads\/2022\/03\/20220304_002444-700x689.jpg 700w\" sizes=\"auto, (max-width: 1024px) 100vw, 1024px\" \/><\/figure>\n\n\n\n<figure class=\"wp-block-image size-large\"><img loading=\"lazy\" decoding=\"async\" width=\"768\" height=\"512\" data-id=\"9351\" src=\"https:\/\/www.albergominerva.it\/wp-content\/uploads\/2022\/02\/standard.jpg\" alt=\"\" class=\"wp-image-9351\" srcset=\"https:\/\/www.albergominerva.it\/wp-content\/uploads\/2022\/02\/standard.jpg 768w, https:\/\/www.albergominerva.it\/wp-content\/uploads\/2022\/02\/standard-300x200.jpg 300w, https:\/\/www.albergominerva.it\/wp-content\/uploads\/2022\/02\/standard-700x467.jpg 700w\" sizes=\"auto, (max-width: 768px) 100vw, 768px\" \/><\/figure>\n\n\n\n<figure class=\"wp-block-image size-large\"><img loading=\"lazy\" decoding=\"async\" width=\"768\" height=\"512\" data-id=\"9327\" src=\"https:\/\/www.albergominerva.it\/wp-content\/uploads\/2022\/02\/esterni-hotel-minerva-siena-33-1-768x512-1.jpg\" alt=\"\" class=\"wp-image-9327\" srcset=\"https:\/\/www.albergominerva.it\/wp-content\/uploads\/2022\/02\/esterni-hotel-minerva-siena-33-1-768x512-1.jpg 768w, https:\/\/www.albergominerva.it\/wp-content\/uploads\/2022\/02\/esterni-hotel-minerva-siena-33-1-768x512-1-300x200.jpg 300w, https:\/\/www.albergominerva.it\/wp-content\/uploads\/2022\/02\/esterni-hotel-minerva-siena-33-1-768x512-1-700x467.jpg 700w\" sizes=\"auto, (max-width: 768px) 100vw, 768px\" \/><\/figure>\n\n\n\n<figure class=\"wp-block-image size-large\"><img loading=\"lazy\" decoding=\"async\" width=\"800\" height=\"533\" data-id=\"8504\" src=\"https:\/\/www.albergominerva.it\/wp-content\/uploads\/2021\/03\/esterni-hotel-minerva-siena-07.jpg\" alt=\"\" class=\"wp-image-8504\" srcset=\"https:\/\/www.albergominerva.it\/wp-content\/uploads\/2021\/03\/esterni-hotel-minerva-siena-07.jpg 800w, https:\/\/www.albergominerva.it\/wp-content\/uploads\/2021\/03\/esterni-hotel-minerva-siena-07-300x200.jpg 300w, https:\/\/www.albergominerva.it\/wp-content\/uploads\/2021\/03\/esterni-hotel-minerva-siena-07-768x512.jpg 768w, https:\/\/www.albergominerva.it\/wp-content\/uploads\/2021\/03\/esterni-hotel-minerva-siena-07-700x466.jpg 700w\" sizes=\"auto, (max-width: 800px) 100vw, 800px\" \/><\/figure>\n\n\n\n<figure class=\"wp-block-image size-large\"><img loading=\"lazy\" decoding=\"async\" width=\"500\" height=\"380\" data-id=\"9386\" src=\"https:\/\/www.albergominerva.it\/wp-content\/uploads\/2022\/02\/dolci-senesi.jpg\" alt=\"\" class=\"wp-image-9386\" srcset=\"https:\/\/www.albergominerva.it\/wp-content\/uploads\/2022\/02\/dolci-senesi.jpg 500w, https:\/\/www.albergominerva.it\/wp-content\/uploads\/2022\/02\/dolci-senesi-300x228.jpg 300w\" sizes=\"auto, (max-width: 500px) 100vw, 500px\" \/><\/figure>\n\n\n\n<figure class=\"wp-block-image size-large\"><img loading=\"lazy\" decoding=\"async\" width=\"1024\" height=\"683\" data-id=\"9368\" src=\"https:\/\/www.albergominerva.it\/wp-content\/uploads\/2022\/02\/camera-121-1024x683.jpg\" alt=\"\" class=\"wp-image-9368\" srcset=\"https:\/\/www.albergominerva.it\/wp-content\/uploads\/2022\/02\/camera-121-1024x683.jpg 1024w, https:\/\/www.albergominerva.it\/wp-content\/uploads\/2022\/02\/camera-121-300x200.jpg 300w, https:\/\/www.albergominerva.it\/wp-content\/uploads\/2022\/02\/camera-121-768x512.jpg 768w, https:\/\/www.albergominerva.it\/wp-content\/uploads\/2022\/02\/camera-121-1536x1024.jpg 1536w, https:\/\/www.albergominerva.it\/wp-content\/uploads\/2022\/02\/camera-121-2048x1365.jpg 2048w, https:\/\/www.albergominerva.it\/wp-content\/uploads\/2022\/02\/camera-121-1000x667.jpg 1000w, https:\/\/www.albergominerva.it\/wp-content\/uploads\/2022\/02\/camera-121-700x467.jpg 700w\" sizes=\"auto, (max-width: 1024px) 100vw, 1024px\" \/><\/figure>\n\n\n\n<figure class=\"wp-block-image size-large\"><img loading=\"lazy\" decoding=\"async\" width=\"1024\" height=\"682\" data-id=\"8278\" src=\"https:\/\/www.albergominerva.it\/wp-content\/uploads\/2020\/07\/esterni-hotel-minerva-siena-39.jpg\" alt=\"\" class=\"wp-image-8278\" srcset=\"https:\/\/www.albergominerva.it\/wp-content\/uploads\/2020\/07\/esterni-hotel-minerva-siena-39.jpg 1024w, https:\/\/www.albergominerva.it\/wp-content\/uploads\/2020\/07\/esterni-hotel-minerva-siena-39-300x200.jpg 300w, https:\/\/www.albergominerva.it\/wp-content\/uploads\/2020\/07\/esterni-hotel-minerva-siena-39-768x512.jpg 768w, https:\/\/www.albergominerva.it\/wp-content\/uploads\/2020\/07\/esterni-hotel-minerva-siena-39-1000x666.jpg 1000w, https:\/\/www.albergominerva.it\/wp-content\/uploads\/2020\/07\/esterni-hotel-minerva-siena-39-700x466.jpg 700w\" sizes=\"auto, (max-width: 1024px) 100vw, 1024px\" \/><\/figure>\n\n\n\n<figure class=\"wp-block-image size-large\"><img loading=\"lazy\" decoding=\"async\" width=\"511\" height=\"768\" data-id=\"8226\" src=\"https:\/\/www.albergominerva.it\/wp-content\/uploads\/2020\/07\/camera-099.jpg\" alt=\"\" class=\"wp-image-8226\" srcset=\"https:\/\/www.albergominerva.it\/wp-content\/uploads\/2020\/07\/camera-099.jpg 511w, https:\/\/www.albergominerva.it\/wp-content\/uploads\/2020\/07\/camera-099-200x300.jpg 200w\" sizes=\"auto, (max-width: 511px) 100vw, 511px\" \/><\/figure>\n\n\n\n<figure class=\"wp-block-image size-large\"><img loading=\"lazy\" decoding=\"async\" width=\"1024\" height=\"683\" data-id=\"8160\" src=\"https:\/\/www.albergominerva.it\/wp-content\/uploads\/2020\/07\/261752624.jpg\" alt=\"\" class=\"wp-image-8160\" srcset=\"https:\/\/www.albergominerva.it\/wp-content\/uploads\/2020\/07\/261752624.jpg 1024w, https:\/\/www.albergominerva.it\/wp-content\/uploads\/2020\/07\/261752624-300x200.jpg 300w, https:\/\/www.albergominerva.it\/wp-content\/uploads\/2020\/07\/261752624-768x512.jpg 768w, https:\/\/www.albergominerva.it\/wp-content\/uploads\/2020\/07\/261752624-1000x667.jpg 1000w, https:\/\/www.albergominerva.it\/wp-content\/uploads\/2020\/07\/261752624-700x467.jpg 700w\" sizes=\"auto, (max-width: 1024px) 100vw, 1024px\" \/><\/figure>\n<\/figure>\n\n\n\n<p>In diesem Fall empfehlen wir Ihnen, im Hotel Minerva zu reservieren, unserem wundersch\u00f6nen 3-Sterne-Hotel im Zentrum von Siena und nur wenige Minuten von der Piazza del Campo entfernt.<\/p>\n\n\n\n<p>Ausgestattet mit einer Bar, einem Aufzug und einem kostenpflichtigen \u00fcberdachten Parkplatz mit direktem Zugang zum Hotel und 20 verf\u00fcgbaren Pl\u00e4tzen verf\u00fcgt das Hotel Minerva \u00fcber 56 klimatisierte Zimmer, alle unterschiedlich, mit drahtloser Verbindung und die in Easy-Economy-, Elegant-Standard-, Superior-Zimmer und Junior-Suite.<\/p>\n\n\n\n<p><a href=\"https:\/\/www.albergominerva.it\/de\/die-zimmer\/billige-zimmer-siena-zentrum\/\">Die Easy-Zimmer<\/a>, auf Anfrage mit Doppelbett oder zwei Einzelbetten, befinden sich auf der Innenseite, blicken nicht auf das historische Zentrum und sind ab 16 m\u00b2 gro\u00df.<\/p>\n\n\n\n<p><a href=\"https:\/\/www.albergominerva.it\/de\/die-zimmer\/zimmer-elegant-siena-zentrum\/\">Die eleganten Standardzimmer<\/a> mit moderner Einrichtung und Pastellt\u00f6nen an den W\u00e4nden haben alle einen Blick auf das historische Zentrum von Siena und haben eine Fl\u00e4che ab 19 m\u00b2. Sie sind in Einzel- und Doppelzimmer unterteilt und bieten Platz f\u00fcr bis zu 4 Personen.<\/p>\n\n\n\n<p><strong><a href=\"https:\/\/www.albergominerva.it\/de\/die-zimmer\/junior-suite-doppelzimmer-siena-zentrum-2\/\">Die Superior-Zimmer<\/a> haben alle einen Blick auf die Basilika von San Francesco, die Basilika von Provenzano und die Porta Ovile und haben eine Fl\u00e4che ab 19 m\u00b2.<\/strong><\/p>\n\n\n\n<p><a href=\"https:\/\/www.albergominerva.it\/de\/die-zimmer\/junior-suite-zimmer-aussicht-siena-zentrum\/\">Die Double Junior Suiten <\/a>haben einen Blick auf das historische Zentrum von Siena, haben eine Fl\u00e4che ab 19 m\u00b2 und sind mit einer kleinen Terrasse ausgestattet. Au\u00dferdem sind diese Zimmer alle mit einem Doppelbett und auf Wunsch mit zwei getrennten Betten ausgestattet.<\/p>\n\n\n\n<p>Sie haben folglich die M\u00f6glichkeit, zwischen zahlreichen L\u00f6sungen zu w\u00e4hlen, die alle mit WLAN-Verbindung f\u00fcr Ihren Aufenthalt zum Vergn\u00fcgen oder f\u00fcr die Arbeit ausgestattet sind.<\/p>\n\n\n\n<p>Das Hotel Minerva pr\u00e4sentiert dann in seinen Innenr\u00e4umen systematisch eine echte Galerie zeitgen\u00f6ssischer Kunst, die Werke von Malern aus Siena anbietet.<\/p>\n\n\n\n<p>Unser Hotel ist ruhig und ideal f\u00fcr Eltern mit Kindern; Tats\u00e4chlich haben wir sogar Wiegen sowie einen Flaschenw\u00e4rmer, einen Sterilisator und eine interne Spielzeugbibliothek.<\/p>\n\n\n\n<p>Das Minerva liegt in der N\u00e4he von zwei Spielpl\u00e4tzen und etwa 15 Minuten entfernt vom Orto de&#8216; Pecci, einem wundersch\u00f6nen Garten mit Tieren.<\/p>\n\n\n\n<p>Das Minerva Hotel hat einen perfekten Ort f\u00fcr Gesch\u00e4ftstreffen, da es mit Wi-Fi-Verbindung und einem Tagungsraum mit Blick auf das historische Zentrum von Siena ausgestattet ist, der Platz f\u00fcr bis zu 40 G\u00e4ste bietet und LED-TV, Videoprojektor, Overhead-Projektor und alles bietet die beste Ausr\u00fcstung.<\/p>\n\n\n\n<p>In Bezug auf das Fr\u00fchst\u00fcck bietet das Hotel Minerva ein leckeres Fr\u00fchst\u00fcck, italienisch, international und mit nat\u00fcrlichen und hochwertigen Marmeladen.<\/p>\n\n\n\n<p>Das Hotel Minerva reserviert f\u00fcr seine G\u00e4ste eine gro\u00dfe bewachte Garage f\u00fcr Autos, Motorr\u00e4der und Fahrr\u00e4der. Die Garage befindet sich direkt au\u00dferhalb der verkehrsberuhigten Zone und ist ein kostenpflichtiger Service.<\/p>\n\n\n\n<p><strong>Sie finden das Hotel in Siena in der Via Garibaldi 72, nur 2 Autominuten vom Bahnhof entfernt und in einem NICHT ZTL-Gebiet.<\/strong><\/p>\n\n\n\n<p>Um unser Hotel im Zentrum von Siena mit Parkplatz f\u00fcr August 2023 zu buchen, klicken Sie oben rechts auf Buchen oder rufen Sie die Telefonnummer 0577.284474 an oder senden Sie eine E-Mail an info@albergominerva.it.<\/p>\n","protected":false},"excerpt":{"rendered":"<p>Sie m\u00f6chten einen Urlaub in Siena verbringen und suchen ein Angebot f\u00fcr August 2023? In diesem Fall empfehlen wir Ihnen,<\/p>\n","protected":false},"author":3,"featured_media":0,"parent":0,"menu_order":0,"comment_status":"closed","ping_status":"closed","template":"","meta":{"_acf_changed":false,"footnotes":""},"class_list":["post-10706","page","type-page","status-publish","hentry"],"acf":[],"yoast_head":"<!-- This site is optimized with the Yoast SEO plugin v26.4 - https:\/\/yoast.com\/wordpress\/plugins\/seo\/ -->\n<title>Hotel Siena f\u00fcr August 2023 - Hotel Minerva Siena<\/title>\n<meta name=\"robots\" content=\"index, follow, max-snippet:-1, max-image-preview:large, max-video-preview:-1\" \/>\n<link rel=\"canonical\" href=\"https:\/\/www.albergominerva.it\/de\/hotel-siena-fuer-august-2023\/\" \/>\n<meta property=\"og:locale\" content=\"de_DE\" \/>\n<meta property=\"og:type\" content=\"article\" \/>\n<meta property=\"og:title\" content=\"Hotel Siena f\u00fcr August 2023 - Hotel Minerva Siena\" \/>\n<meta property=\"og:description\" content=\"Sie m\u00f6chten einen Urlaub in Siena verbringen und suchen ein Angebot f\u00fcr August 2023? In diesem Fall empfehlen wir Ihnen,\" \/>\n<meta property=\"og:url\" content=\"https:\/\/www.albergominerva.it\/de\/hotel-siena-fuer-august-2023\/\" \/>\n<meta property=\"og:site_name\" content=\"Hotel Minerva Siena\" \/>\n<meta property=\"article:modified_time\" content=\"2023-03-28T16:43:06+00:00\" \/>\n<meta property=\"og:image\" content=\"https:\/\/www.albergominerva.it\/wp-content\/uploads\/2022\/03\/20220304_002444-1024x1008.jpg\" \/>\n<meta name=\"twitter:card\" content=\"summary_large_image\" \/>\n<meta name=\"twitter:label1\" content=\"Gesch\u00e4tzte Lesezeit\" \/>\n\t<meta name=\"twitter:data1\" content=\"5\u00a0Minuten\" \/>\n<script type=\"application\/ld+json\" class=\"yoast-schema-graph\">{\"@context\":\"https:\/\/schema.org\",\"@graph\":[{\"@type\":\"WebPage\",\"@id\":\"https:\/\/www.albergominerva.it\/de\/hotel-siena-fuer-august-2023\/\",\"url\":\"https:\/\/www.albergominerva.it\/de\/hotel-siena-fuer-august-2023\/\",\"name\":\"Hotel Siena f\u00fcr August 2023 - Hotel Minerva Siena\",\"isPartOf\":{\"@id\":\"https:\/\/www.albergominerva.it\/de\/#website\"},\"primaryImageOfPage\":{\"@id\":\"https:\/\/www.albergominerva.it\/de\/hotel-siena-fuer-august-2023\/#primaryimage\"},\"image\":{\"@id\":\"https:\/\/www.albergominerva.it\/de\/hotel-siena-fuer-august-2023\/#primaryimage\"},\"thumbnailUrl\":\"https:\/\/www.albergominerva.it\/wp-content\/uploads\/2022\/03\/20220304_002444-1024x1008.jpg\",\"datePublished\":\"2023-03-28T16:43:04+00:00\",\"dateModified\":\"2023-03-28T16:43:06+00:00\",\"breadcrumb\":{\"@id\":\"https:\/\/www.albergominerva.it\/de\/hotel-siena-fuer-august-2023\/#breadcrumb\"},\"inLanguage\":\"de\",\"potentialAction\":[{\"@type\":\"ReadAction\",\"target\":[\"https:\/\/www.albergominerva.it\/de\/hotel-siena-fuer-august-2023\/\"]}]},{\"@type\":\"ImageObject\",\"inLanguage\":\"de\",\"@id\":\"https:\/\/www.albergominerva.it\/de\/hotel-siena-fuer-august-2023\/#primaryimage\",\"url\":\"https:\/\/www.albergominerva.it\/wp-content\/uploads\/2022\/03\/20220304_002444-1024x1008.jpg\",\"contentUrl\":\"https:\/\/www.albergominerva.it\/wp-content\/uploads\/2022\/03\/20220304_002444-1024x1008.jpg\"},{\"@type\":\"BreadcrumbList\",\"@id\":\"https:\/\/www.albergominerva.it\/de\/hotel-siena-fuer-august-2023\/#breadcrumb\",\"itemListElement\":[{\"@type\":\"ListItem\",\"position\":1,\"name\":\"Home\",\"item\":\"https:\/\/www.albergominerva.it\/de\/\"},{\"@type\":\"ListItem\",\"position\":2,\"name\":\"Hotel Siena f\u00fcr August 2023\"}]},{\"@type\":\"WebSite\",\"@id\":\"https:\/\/www.albergominerva.it\/de\/#website\",\"url\":\"https:\/\/www.albergominerva.it\/de\/\",\"name\":\"Hotel Minerva Siena\",\"description\":\"Hotel in Centro Storico a Siena - Toscana - Italy\",\"potentialAction\":[{\"@type\":\"SearchAction\",\"target\":{\"@type\":\"EntryPoint\",\"urlTemplate\":\"https:\/\/www.albergominerva.it\/de\/?s={search_term_string}\"},\"query-input\":{\"@type\":\"PropertyValueSpecification\",\"valueRequired\":true,\"valueName\":\"search_term_string\"}}],\"inLanguage\":\"de\"}]}<\/script>\n<!-- \/ Yoast SEO plugin. -->","yoast_head_json":{"title":"Hotel Siena f\u00fcr August 2023 - Hotel Minerva Siena","robots":{"index":"index","follow":"follow","max-snippet":"max-snippet:-1","max-image-preview":"max-image-preview:large","max-video-preview":"max-video-preview:-1"},"canonical":"https:\/\/www.albergominerva.it\/de\/hotel-siena-fuer-august-2023\/","og_locale":"de_DE","og_type":"article","og_title":"Hotel Siena f\u00fcr August 2023 - Hotel Minerva Siena","og_description":"Sie m\u00f6chten einen Urlaub in Siena verbringen und suchen ein Angebot f\u00fcr August 2023? In diesem Fall empfehlen wir Ihnen,","og_url":"https:\/\/www.albergominerva.it\/de\/hotel-siena-fuer-august-2023\/","og_site_name":"Hotel Minerva Siena","article_modified_time":"2023-03-28T16:43:06+00:00","og_image":[{"url":"https:\/\/www.albergominerva.it\/wp-content\/uploads\/2022\/03\/20220304_002444-1024x1008.jpg","type":"","width":"","height":""}],"twitter_card":"summary_large_image","twitter_misc":{"Gesch\u00e4tzte Lesezeit":"5\u00a0Minuten"},"schema":{"@context":"https:\/\/schema.org","@graph":[{"@type":"WebPage","@id":"https:\/\/www.albergominerva.it\/de\/hotel-siena-fuer-august-2023\/","url":"https:\/\/www.albergominerva.it\/de\/hotel-siena-fuer-august-2023\/","name":"Hotel Siena f\u00fcr August 2023 - Hotel Minerva Siena","isPartOf":{"@id":"https:\/\/www.albergominerva.it\/de\/#website"},"primaryImageOfPage":{"@id":"https:\/\/www.albergominerva.it\/de\/hotel-siena-fuer-august-2023\/#primaryimage"},"image":{"@id":"https:\/\/www.albergominerva.it\/de\/hotel-siena-fuer-august-2023\/#primaryimage"},"thumbnailUrl":"https:\/\/www.albergominerva.it\/wp-content\/uploads\/2022\/03\/20220304_002444-1024x1008.jpg","datePublished":"2023-03-28T16:43:04+00:00","dateModified":"2023-03-28T16:43:06+00:00","breadcrumb":{"@id":"https:\/\/www.albergominerva.it\/de\/hotel-siena-fuer-august-2023\/#breadcrumb"},"inLanguage":"de","potentialAction":[{"@type":"ReadAction","target":["https:\/\/www.albergominerva.it\/de\/hotel-siena-fuer-august-2023\/"]}]},{"@type":"ImageObject","inLanguage":"de","@id":"https:\/\/www.albergominerva.it\/de\/hotel-siena-fuer-august-2023\/#primaryimage","url":"https:\/\/www.albergominerva.it\/wp-content\/uploads\/2022\/03\/20220304_002444-1024x1008.jpg","contentUrl":"https:\/\/www.albergominerva.it\/wp-content\/uploads\/2022\/03\/20220304_002444-1024x1008.jpg"},{"@type":"BreadcrumbList","@id":"https:\/\/www.albergominerva.it\/de\/hotel-siena-fuer-august-2023\/#breadcrumb","itemListElement":[{"@type":"ListItem","position":1,"name":"Home","item":"https:\/\/www.albergominerva.it\/de\/"},{"@type":"ListItem","position":2,"name":"Hotel Siena f\u00fcr August 2023"}]},{"@type":"WebSite","@id":"https:\/\/www.albergominerva.it\/de\/#website","url":"https:\/\/www.albergominerva.it\/de\/","name":"Hotel Minerva Siena","description":"Hotel in Centro Storico a Siena - Toscana - Italy","potentialAction":[{"@type":"SearchAction","target":{"@type":"EntryPoint","urlTemplate":"https:\/\/www.albergominerva.it\/de\/?s={search_term_string}"},"query-input":{"@type":"PropertyValueSpecification","valueRequired":true,"valueName":"search_term_string"}}],"inLanguage":"de"}]}},"_links":{"self":[{"href":"https:\/\/www.albergominerva.it\/de\/wp-json\/wp\/v2\/pages\/10706","targetHints":{"allow":["GET"]}}],"collection":[{"href":"https:\/\/www.albergominerva.it\/de\/wp-json\/wp\/v2\/pages"}],"about":[{"href":"https:\/\/www.albergominerva.it\/de\/wp-json\/wp\/v2\/types\/page"}],"author":[{"embeddable":true,"href":"https:\/\/www.albergominerva.it\/de\/wp-json\/wp\/v2\/users\/3"}],"replies":[{"embeddable":true,"href":"https:\/\/www.albergominerva.it\/de\/wp-json\/wp\/v2\/comments?post=10706"}],"version-history":[{"count":1,"href":"https:\/\/www.albergominerva.it\/de\/wp-json\/wp\/v2\/pages\/10706\/revisions"}],"predecessor-version":[{"id":10707,"href":"https:\/\/www.albergominerva.it\/de\/wp-json\/wp\/v2\/pages\/10706\/revisions\/10707"}],"wp:attachment":[{"href":"https:\/\/www.albergominerva.it\/de\/wp-json\/wp\/v2\/media?parent=10706"}],"curies":[{"name":"wp","href":"https:\/\/api.w.org\/{rel}","templated":true}]}}