{"id":10735,"date":"2023-03-29T17:24:07","date_gmt":"2023-03-29T15:24:07","guid":{"rendered":"https:\/\/www.albergominerva.it\/?page_id=10735"},"modified":"2023-03-29T17:24:15","modified_gmt":"2023-03-29T15:24:15","slug":"hotel-in-siena-um-bagno-vignoni-zu-besuchen","status":"publish","type":"page","link":"https:\/\/www.albergominerva.it\/de\/hotel-in-siena-um-bagno-vignoni-zu-besuchen\/","title":{"rendered":"Hotel in Siena, um Bagno Vignoni zu besuchen"},"content":{"rendered":"\n<p><strong>Ein wirklich magischer Ort in der N\u00e4he von Siena ist sicherlich Bagno Vignoni, das Juwel des Val d&#8217;Orcia mit einem Renaissanceplatz, 49 mal 29 Meter gro\u00df, gef\u00fcllt mit Thermalwasser und umgeben von einer kleinen und wundersch\u00f6nen Stadt.<\/strong><\/p>\n\n\n\n<figure class=\"wp-block-image size-full\"><img loading=\"lazy\" decoding=\"async\" width=\"640\" height=\"426\" src=\"https:\/\/www.albergominerva.it\/wp-content\/uploads\/2022\/06\/Bagno-Vignoni.jpg\" alt=\"\" class=\"wp-image-9654\" srcset=\"https:\/\/www.albergominerva.it\/wp-content\/uploads\/2022\/06\/Bagno-Vignoni.jpg 640w, https:\/\/www.albergominerva.it\/wp-content\/uploads\/2022\/06\/Bagno-Vignoni-300x200.jpg 300w\" sizes=\"auto, (max-width: 640px) 100vw, 640px\" \/><\/figure>\n\n\n\n<p>Das hei\u00dfe Thermalwasser flie\u00dft durch das ganze Dorf und diente zur Speisung der M\u00fchlen von Bagno Vignoni, die Sie restauriert noch heute sehen k\u00f6nnen und die Teil des sogenannten \u201eParco dei Mulini\u201c mit Schluchten und Wasserkan\u00e4len sind.<\/p>\n\n\n\n<p>Wenn Sie Siena verlassen und Bagno Vignoni entdecken m\u00f6chten, empfehlen wir Ihnen in diesem Fall eine Reservierung im Hotel Minerva, unserem pr\u00e4chtigen 3-Sterne-Hotel im historischen Zentrum von Siena, nur wenige Minuten von der Piazza del Campo und etwas au\u00dferhalb von Siena entfernt das ZTL-Gebiet.<\/p>\n\n\n\n<p>Ausgestattet mit einer Bar, einem Aufzug und einer privaten kostenpflichtigen Garage, \u00fcberdacht, mit direktem Zugang zum Hotel und 20 verf\u00fcgbaren Pl\u00e4tzen, umfasst das Minerva Hotel in seinen R\u00e4umlichkeiten 56 klimatisierte Zimmer, alle unterschiedlich, mit WLAN-Verbindung und die in einfache Economy, Elegant-Standard, Superior-Zimmer und Junior-Suite, jedes mit seinen eigenen Besonderheiten.<\/p>\n\n\n\n<p><a href=\"https:\/\/www.albergominerva.it\/de\/die-zimmer\/billige-zimmer-siena-zentrum\/\">Die Easy-Zimmer<\/a>, auf Anfrage mit Doppelbett oder zwei Einzelbetten, befinden sich auf der Innenseite, blicken nicht auf das historische Zentrum und haben eine Fl\u00e4che ab 16 m\u00b2.<\/p>\n\n\n\n<p><a href=\"https:\/\/www.albergominerva.it\/de\/die-zimmer\/zimmer-elegant-siena-zentrum\/\">Die eleganten Standardzimmer<\/a> mit modernen M\u00f6beln und Pastellt\u00f6nen an den W\u00e4nden haben alle einen Blick auf das historische Zentrum von Siena und sind ab 19 m\u00b2 gro\u00df. Sie sind in Einzel- und Doppelzimmer unterteilt und bieten Platz f\u00fcr bis zu 4 Personen.<\/p>\n\n\n\n<p><a href=\"https:\/\/www.albergominerva.it\/de\/die-zimmer\/junior-suite-doppelzimmer-siena-zentrum-2\/\">Die Superior-Zimmer<\/a> haben alle einen Blick auf die Basilika San Francesco, die Basilika Provenzano und die Porta Ovile und sind ab 19 m\u00b2 gro\u00df.<\/p>\n\n\n\n<p><a href=\"https:\/\/www.albergominerva.it\/de\/die-zimmer\/junior-suite-zimmer-aussicht-siena-zentrum\/\">Die Junior Double Suiten <\/a>haben einen Blick auf das historische Zentrum von Siena, sind ab 19 m\u00b2 gro\u00df und mit einer kleinen Terrasse ausgestattet. Au\u00dferdem sind diese Zimmer alle mit einem Doppelbett und auf Wunsch mit zwei getrennten Betten ausgestattet.<\/p>\n\n\n\n<p>Sie haben folglich die M\u00f6glichkeit, aus zahlreichen L\u00f6sungen zu w\u00e4hlen, die alle mit WLAN f\u00fcr Ihren Zwischenstopp zum Vergn\u00fcgen oder Gesch\u00e4ft ausgestattet sind.<\/p>\n\n\n\n<p>Dar\u00fcber hinaus stellt das Hotel Minerva in seinen Innenr\u00e4umen regelm\u00e4\u00dfig eine echte Galerie f\u00fcr zeitgen\u00f6ssische Kunst aus, die Werke von sienesischen K\u00fcnstlern pr\u00e4sentiert.<\/p>\n\n\n\n<p>Unser Hotel ist ruhig und eignet sich hervorragend f\u00fcr Eltern mit Kindern; Tats\u00e4chlich haben wir neben einem Flaschenw\u00e4rmer, einem Sterilisator und einer internen Spielzeugbibliothek auch Babybetten zur Verf\u00fcgung.<\/p>\n\n\n\n<p>Das Minerva Hotel bietet auch einen einzigartigen Ort f\u00fcr Gesch\u00e4ftstreffen, da es mit Wi-Fi-Verbindung und einem Konferenzraum mit Blick auf das historische Zentrum der Stadt ausgestattet ist, der Platz f\u00fcr bis zu 40 G\u00e4ste bietet und LED-TV, Videoprojektor, Overhead-Projektor und bietet alle die besten Eigenschaften.<\/p>\n\n\n\n<p><strong>In Bezug auf das Fr\u00fchst\u00fcck bietet unser Hotel ein appetitliches Fr\u00fchst\u00fcck, italienisch, international und mit echten und hochwertigen Marmeladen.<\/strong><\/p>\n\n\n\n<p>Das Hotel Minerva reserviert f\u00fcr seine G\u00e4ste eine gro\u00dfe bewachte Garage f\u00fcr Autos, Motorr\u00e4der und Fahrr\u00e4der. Die Garage befindet sich direkt au\u00dferhalb der verkehrsberuhigten Zone und ist ein kostenpflichtiger Service.<\/p>\n\n\n\n<p>Sie finden das Hotel in Siena in der Via Garibaldi 72, etwas mehr als 2 Autominuten vom Bahnhof und 7 Minuten zu Fu\u00df entfernt<\/p>\n\n\n\n<p>Um eine Reservierung in unserem Hotel im Zentrum von Siena mit Parkplatz vorzunehmen, um Bagno Vignoni zu entdecken, klicken Sie oben rechts auf Buchen oder rufen Sie die Telefonnummer 0577.284474 an oder senden Sie eine E-Mail an info@albergominerva.it.<\/p>\n","protected":false},"excerpt":{"rendered":"<p>Ein wirklich magischer Ort in der N\u00e4he von Siena ist sicherlich Bagno Vignoni, das Juwel des Val d&#8217;Orcia mit einem<\/p>\n","protected":false},"author":3,"featured_media":0,"parent":0,"menu_order":0,"comment_status":"closed","ping_status":"closed","template":"","meta":{"_acf_changed":false,"footnotes":""},"class_list":["post-10735","page","type-page","status-publish","hentry"],"acf":[],"yoast_head":"<!-- This site is optimized with the Yoast SEO plugin v27.4 - https:\/\/yoast.com\/product\/yoast-seo-wordpress\/ -->\n<title>Hotel in Siena, um Bagno Vignoni zu besuchen - Hotel Minerva Siena<\/title>\n<meta name=\"robots\" content=\"index, follow, max-snippet:-1, max-image-preview:large, max-video-preview:-1\" \/>\n<link rel=\"canonical\" href=\"https:\/\/www.albergominerva.it\/de\/hotel-in-siena-um-bagno-vignoni-zu-besuchen\/\" \/>\n<meta property=\"og:locale\" content=\"de_DE\" \/>\n<meta property=\"og:type\" content=\"article\" \/>\n<meta property=\"og:title\" content=\"Hotel in Siena, um Bagno Vignoni zu besuchen - Hotel Minerva Siena\" \/>\n<meta property=\"og:description\" content=\"Ein wirklich magischer Ort in der N\u00e4he von Siena ist sicherlich Bagno Vignoni, das Juwel des Val d&#8217;Orcia mit einem\" \/>\n<meta property=\"og:url\" content=\"https:\/\/www.albergominerva.it\/de\/hotel-in-siena-um-bagno-vignoni-zu-besuchen\/\" \/>\n<meta property=\"og:site_name\" content=\"Hotel Minerva Siena\" \/>\n<meta property=\"article:modified_time\" content=\"2023-03-29T15:24:15+00:00\" \/>\n<meta property=\"og:image\" content=\"https:\/\/www.albergominerva.it\/wp-content\/uploads\/2022\/06\/Bagno-Vignoni.jpg\" \/>\n<meta name=\"twitter:card\" content=\"summary_large_image\" \/>\n<meta name=\"twitter:label1\" content=\"Gesch\u00e4tzte Lesezeit\" \/>\n\t<meta name=\"twitter:data1\" content=\"4\u00a0Minuten\" \/>\n<script type=\"application\/ld+json\" class=\"yoast-schema-graph\">{\"@context\":\"https:\\\/\\\/schema.org\",\"@graph\":[{\"@type\":\"WebPage\",\"@id\":\"https:\\\/\\\/www.albergominerva.it\\\/de\\\/hotel-in-siena-um-bagno-vignoni-zu-besuchen\\\/\",\"url\":\"https:\\\/\\\/www.albergominerva.it\\\/de\\\/hotel-in-siena-um-bagno-vignoni-zu-besuchen\\\/\",\"name\":\"Hotel in Siena, um Bagno Vignoni zu besuchen - Hotel Minerva Siena\",\"isPartOf\":{\"@id\":\"https:\\\/\\\/www.albergominerva.it\\\/de\\\/#website\"},\"primaryImageOfPage\":{\"@id\":\"https:\\\/\\\/www.albergominerva.it\\\/de\\\/hotel-in-siena-um-bagno-vignoni-zu-besuchen\\\/#primaryimage\"},\"image\":{\"@id\":\"https:\\\/\\\/www.albergominerva.it\\\/de\\\/hotel-in-siena-um-bagno-vignoni-zu-besuchen\\\/#primaryimage\"},\"thumbnailUrl\":\"https:\\\/\\\/www.albergominerva.it\\\/wp-content\\\/uploads\\\/2022\\\/06\\\/Bagno-Vignoni.jpg\",\"datePublished\":\"2023-03-29T15:24:07+00:00\",\"dateModified\":\"2023-03-29T15:24:15+00:00\",\"breadcrumb\":{\"@id\":\"https:\\\/\\\/www.albergominerva.it\\\/de\\\/hotel-in-siena-um-bagno-vignoni-zu-besuchen\\\/#breadcrumb\"},\"inLanguage\":\"de\",\"potentialAction\":[{\"@type\":\"ReadAction\",\"target\":[\"https:\\\/\\\/www.albergominerva.it\\\/de\\\/hotel-in-siena-um-bagno-vignoni-zu-besuchen\\\/\"]}]},{\"@type\":\"ImageObject\",\"inLanguage\":\"de\",\"@id\":\"https:\\\/\\\/www.albergominerva.it\\\/de\\\/hotel-in-siena-um-bagno-vignoni-zu-besuchen\\\/#primaryimage\",\"url\":\"https:\\\/\\\/www.albergominerva.it\\\/wp-content\\\/uploads\\\/2022\\\/06\\\/Bagno-Vignoni.jpg\",\"contentUrl\":\"https:\\\/\\\/www.albergominerva.it\\\/wp-content\\\/uploads\\\/2022\\\/06\\\/Bagno-Vignoni.jpg\"},{\"@type\":\"BreadcrumbList\",\"@id\":\"https:\\\/\\\/www.albergominerva.it\\\/de\\\/hotel-in-siena-um-bagno-vignoni-zu-besuchen\\\/#breadcrumb\",\"itemListElement\":[{\"@type\":\"ListItem\",\"position\":1,\"name\":\"Home\",\"item\":\"https:\\\/\\\/www.albergominerva.it\\\/de\\\/\"},{\"@type\":\"ListItem\",\"position\":2,\"name\":\"Hotel in Siena, um Bagno Vignoni zu besuchen\"}]},{\"@type\":\"WebSite\",\"@id\":\"https:\\\/\\\/www.albergominerva.it\\\/de\\\/#website\",\"url\":\"https:\\\/\\\/www.albergominerva.it\\\/de\\\/\",\"name\":\"Hotel Minerva Siena\",\"description\":\"Hotel in Centro Storico a Siena - Toscana - Italy\",\"potentialAction\":[{\"@type\":\"SearchAction\",\"target\":{\"@type\":\"EntryPoint\",\"urlTemplate\":\"https:\\\/\\\/www.albergominerva.it\\\/de\\\/?s={search_term_string}\"},\"query-input\":{\"@type\":\"PropertyValueSpecification\",\"valueRequired\":true,\"valueName\":\"search_term_string\"}}],\"inLanguage\":\"de\"}]}<\/script>\n<!-- \/ Yoast SEO plugin. -->","yoast_head_json":{"title":"Hotel in Siena, um Bagno Vignoni zu besuchen - Hotel Minerva Siena","robots":{"index":"index","follow":"follow","max-snippet":"max-snippet:-1","max-image-preview":"max-image-preview:large","max-video-preview":"max-video-preview:-1"},"canonical":"https:\/\/www.albergominerva.it\/de\/hotel-in-siena-um-bagno-vignoni-zu-besuchen\/","og_locale":"de_DE","og_type":"article","og_title":"Hotel in Siena, um Bagno Vignoni zu besuchen - Hotel Minerva Siena","og_description":"Ein wirklich magischer Ort in der N\u00e4he von Siena ist sicherlich Bagno Vignoni, das Juwel des Val d&#8217;Orcia mit einem","og_url":"https:\/\/www.albergominerva.it\/de\/hotel-in-siena-um-bagno-vignoni-zu-besuchen\/","og_site_name":"Hotel Minerva Siena","article_modified_time":"2023-03-29T15:24:15+00:00","og_image":[{"url":"https:\/\/www.albergominerva.it\/wp-content\/uploads\/2022\/06\/Bagno-Vignoni.jpg","type":"","width":"","height":""}],"twitter_card":"summary_large_image","twitter_misc":{"Gesch\u00e4tzte Lesezeit":"4\u00a0Minuten"},"schema":{"@context":"https:\/\/schema.org","@graph":[{"@type":"WebPage","@id":"https:\/\/www.albergominerva.it\/de\/hotel-in-siena-um-bagno-vignoni-zu-besuchen\/","url":"https:\/\/www.albergominerva.it\/de\/hotel-in-siena-um-bagno-vignoni-zu-besuchen\/","name":"Hotel in Siena, um Bagno Vignoni zu besuchen - Hotel Minerva Siena","isPartOf":{"@id":"https:\/\/www.albergominerva.it\/de\/#website"},"primaryImageOfPage":{"@id":"https:\/\/www.albergominerva.it\/de\/hotel-in-siena-um-bagno-vignoni-zu-besuchen\/#primaryimage"},"image":{"@id":"https:\/\/www.albergominerva.it\/de\/hotel-in-siena-um-bagno-vignoni-zu-besuchen\/#primaryimage"},"thumbnailUrl":"https:\/\/www.albergominerva.it\/wp-content\/uploads\/2022\/06\/Bagno-Vignoni.jpg","datePublished":"2023-03-29T15:24:07+00:00","dateModified":"2023-03-29T15:24:15+00:00","breadcrumb":{"@id":"https:\/\/www.albergominerva.it\/de\/hotel-in-siena-um-bagno-vignoni-zu-besuchen\/#breadcrumb"},"inLanguage":"de","potentialAction":[{"@type":"ReadAction","target":["https:\/\/www.albergominerva.it\/de\/hotel-in-siena-um-bagno-vignoni-zu-besuchen\/"]}]},{"@type":"ImageObject","inLanguage":"de","@id":"https:\/\/www.albergominerva.it\/de\/hotel-in-siena-um-bagno-vignoni-zu-besuchen\/#primaryimage","url":"https:\/\/www.albergominerva.it\/wp-content\/uploads\/2022\/06\/Bagno-Vignoni.jpg","contentUrl":"https:\/\/www.albergominerva.it\/wp-content\/uploads\/2022\/06\/Bagno-Vignoni.jpg"},{"@type":"BreadcrumbList","@id":"https:\/\/www.albergominerva.it\/de\/hotel-in-siena-um-bagno-vignoni-zu-besuchen\/#breadcrumb","itemListElement":[{"@type":"ListItem","position":1,"name":"Home","item":"https:\/\/www.albergominerva.it\/de\/"},{"@type":"ListItem","position":2,"name":"Hotel in Siena, um Bagno Vignoni zu besuchen"}]},{"@type":"WebSite","@id":"https:\/\/www.albergominerva.it\/de\/#website","url":"https:\/\/www.albergominerva.it\/de\/","name":"Hotel Minerva Siena","description":"Hotel in Centro Storico a Siena - Toscana - Italy","potentialAction":[{"@type":"SearchAction","target":{"@type":"EntryPoint","urlTemplate":"https:\/\/www.albergominerva.it\/de\/?s={search_term_string}"},"query-input":{"@type":"PropertyValueSpecification","valueRequired":true,"valueName":"search_term_string"}}],"inLanguage":"de"}]}},"_links":{"self":[{"href":"https:\/\/www.albergominerva.it\/de\/wp-json\/wp\/v2\/pages\/10735","targetHints":{"allow":["GET"]}}],"collection":[{"href":"https:\/\/www.albergominerva.it\/de\/wp-json\/wp\/v2\/pages"}],"about":[{"href":"https:\/\/www.albergominerva.it\/de\/wp-json\/wp\/v2\/types\/page"}],"author":[{"embeddable":true,"href":"https:\/\/www.albergominerva.it\/de\/wp-json\/wp\/v2\/users\/3"}],"replies":[{"embeddable":true,"href":"https:\/\/www.albergominerva.it\/de\/wp-json\/wp\/v2\/comments?post=10735"}],"version-history":[{"count":1,"href":"https:\/\/www.albergominerva.it\/de\/wp-json\/wp\/v2\/pages\/10735\/revisions"}],"predecessor-version":[{"id":10736,"href":"https:\/\/www.albergominerva.it\/de\/wp-json\/wp\/v2\/pages\/10735\/revisions\/10736"}],"wp:attachment":[{"href":"https:\/\/www.albergominerva.it\/de\/wp-json\/wp\/v2\/media?parent=10735"}],"curies":[{"name":"wp","href":"https:\/\/api.w.org\/{rel}","templated":true}]}}