{"id":10737,"date":"2023-03-29T17:26:42","date_gmt":"2023-03-29T15:26:42","guid":{"rendered":"https:\/\/www.albergominerva.it\/?page_id=10737"},"modified":"2023-03-29T17:26:44","modified_gmt":"2023-03-29T15:26:44","slug":"hotel-in-siena-um-san-galgano-zu-besuchen","status":"publish","type":"page","link":"https:\/\/www.albergominerva.it\/de\/hotel-in-siena-um-san-galgano-zu-besuchen\/","title":{"rendered":"Hotel in Siena, um San Galgano zu besuchen"},"content":{"rendered":"\n<p>Die Abtei von San Galgano ist ein wahrer Zauber f\u00fcr die Augen, ein Geb\u00e4ude mit lateinischem Grundriss, 72 Meter lang, 21 Meter breit, mit drei Schiffen, wunderbaren Mauern und dem v\u00f6lligen Fehlen eines Daches, was es noch au\u00dfergew\u00f6hnlicher macht, als w\u00fcrde es sich umarmen gleichzeitig Himmel und Gott.<\/p>\n\n\n\n<figure class=\"wp-block-image size-full\"><img loading=\"lazy\" decoding=\"async\" width=\"640\" height=\"418\" src=\"https:\/\/www.albergominerva.it\/wp-content\/uploads\/2022\/06\/San-Galgano.jpg\" alt=\"\" class=\"wp-image-9645\" srcset=\"https:\/\/www.albergominerva.it\/wp-content\/uploads\/2022\/06\/San-Galgano.jpg 640w, https:\/\/www.albergominerva.it\/wp-content\/uploads\/2022\/06\/San-Galgano-300x196.jpg 300w\" sizes=\"auto, (max-width: 640px) 100vw, 640px\" \/><\/figure>\n\n\n\n<p><strong>San Galgano wurde 1218 erbaut und Jahrhunderte sp\u00e4ter aufgegeben.<\/strong><\/p>\n\n\n\n<p>Es ist auch ber\u00fchmt f\u00fcr das Schwert im Stein, das in den Stein gesteckte Schwert von Galgano Guidotti, ein Symbol f\u00fcr den Verzicht auf Gewalt und die Bekehrung des Adels.<\/p>\n\n\n\n<p>Unter diesem Gesichtspunkt empfehlen wir Ihnen, wenn Sie Siena verlassen und San Galgano entdecken m\u00f6chten, das Hotel Minerva zu buchen, unser wunderbares 3-Sterne-Hotel im Zentrum von Siena, nur wenige Minuten von der Piazza del Campo entfernt und etwas au\u00dferhalb des ZTL-Gebiets um schnell auf die Autobahn zu fahren.<\/p>\n\n\n\n<p>Ausgestattet mit einer Bar, einem Aufzug und einem kostenpflichtigen, gesch\u00fctzten Privatparkplatz mit direktem Zugang zum Hotel und 20 verf\u00fcgbaren Pl\u00e4tzen verf\u00fcgt das Minerva Hotel in seinen R\u00e4umlichkeiten \u00fcber 56 klimatisierte Zimmer, alle unterschiedlich, mit WLAN und unterteilt in Easy-Economy, Elegant-Standard, Superior-Zimmer und Junior-Suite, jedes mit seinen eigenen Eigenschaften.<\/p>\n\n\n\n<p><a href=\"https:\/\/www.albergominerva.it\/de\/die-zimmer\/billige-zimmer-siena-zentrum\/\">Die Easy-Zimmer<\/a>, auf Anfrage mit Doppelbett oder zwei Einzelbetten, befinden sich im Innenbereich, blicken nicht auf das historische Zentrum und haben eine Fl\u00e4che ab 16 m\u00b2.<\/p>\n\n\n\n<p><a href=\"https:\/\/www.albergominerva.it\/de\/die-zimmer\/zimmer-elegant-siena-zentrum\/\">Die eleganten Standardzimmer<\/a> mit modernen M\u00f6beln und Pastellt\u00f6nen an den W\u00e4nden haben alle einen Blick auf das historische Zentrum von Siena und sind ab 19 m\u00b2 gro\u00df. Sie sind in Einzel- und Doppelzimmer unterteilt und bieten Platz f\u00fcr bis zu vier Personen.<\/p>\n\n\n\n<p><a href=\"https:\/\/www.albergominerva.it\/de\/die-zimmer\/junior-suite-doppelzimmer-siena-zentrum-2\/\">Die Superior-Zimmer<\/a> haben alle einen Blick auf die Basilika von San Francesco, die Basilika von Provenzano und die Porta Ovile und haben eine Fl\u00e4che ab 19 m\u00b2.<\/p>\n\n\n\n<p><a href=\"https:\/\/www.albergominerva.it\/de\/die-zimmer\/junior-suite-zimmer-aussicht-siena-zentrum\/\">Die Double Junior Suiten<\/a> haben einen Blick auf das historische Zentrum von Siena, haben eine Fl\u00e4che ab 19 m\u00b2 und sind mit einer kleinen Terrasse ausgestattet. Au\u00dferdem sind diese Zimmer alle mit einem Doppelbett und auf Wunsch mit zwei getrennten Betten ausgestattet.<\/p>\n\n\n\n<p>Sie k\u00f6nnen dann aus vielen L\u00f6sungen w\u00e4hlen, die alle mit WLAN f\u00fcr Ihren Zwischenstopp zum Vergn\u00fcgen oder Gesch\u00e4ft ausgestattet sind.<\/p>\n\n\n\n<p>Unser Hotel ist ruhig und eignet sich perfekt f\u00fcr Paare und Familien mit Kindern. Tats\u00e4chlich haben wir sogar Wiegen zur Verf\u00fcgung, zus\u00e4tzlich zu einem Flaschenw\u00e4rmer, einem Sterilisator und einer Spielzeugbibliothek im Inneren.<\/p>\n\n\n\n<p><strong>In Bezug auf das Fr\u00fchst\u00fcck bietet unser Hotel ein appetitliches Fr\u00fchst\u00fcck, italienisch, international und mit nat\u00fcrlichen und hochwertigen Marmeladen ausgestattet.<\/strong><\/p>\n\n\n\n<p>Das Hotel Minerva reserviert f\u00fcr seine G\u00e4ste eine gro\u00dfe bewachte Garage f\u00fcr Autos, Motorr\u00e4der und Fahrr\u00e4der. Die Garage befindet sich direkt au\u00dferhalb der verkehrsberuhigten Zone und ist ein kostenpflichtiger Service.<\/p>\n\n\n\n<p>Sie finden das Hotel in Siena in der Via Garibaldi 72, 2 Autominuten vom Bahnhof und 7 Minuten zu Fu\u00df entfernt<\/p>\n\n\n\n<p>Um unser Hotel in Siena f\u00fcr die Abreise nach San Galgano zu buchen, klicken Sie oben rechts auf Buchen oder rufen Sie die Telefonnummer 0577.284474 an oder senden Sie eine E-Mail an info@albergominerva.it.<\/p>\n","protected":false},"excerpt":{"rendered":"<p>Die Abtei von San Galgano ist ein wahrer Zauber f\u00fcr die Augen, ein Geb\u00e4ude mit lateinischem Grundriss, 72 Meter lang,<\/p>\n","protected":false},"author":3,"featured_media":0,"parent":0,"menu_order":0,"comment_status":"closed","ping_status":"closed","template":"","meta":{"_acf_changed":false,"footnotes":""},"class_list":["post-10737","page","type-page","status-publish","hentry"],"acf":[],"yoast_head":"<!-- This site is optimized with the Yoast SEO plugin v27.4 - https:\/\/yoast.com\/product\/yoast-seo-wordpress\/ -->\n<title>Hotel in Siena, um San Galgano zu besuchen - Hotel Minerva Siena<\/title>\n<meta name=\"robots\" content=\"index, follow, max-snippet:-1, max-image-preview:large, max-video-preview:-1\" \/>\n<link rel=\"canonical\" href=\"https:\/\/www.albergominerva.it\/de\/hotel-in-siena-um-san-galgano-zu-besuchen\/\" \/>\n<meta property=\"og:locale\" content=\"de_DE\" \/>\n<meta property=\"og:type\" content=\"article\" \/>\n<meta property=\"og:title\" content=\"Hotel in Siena, um San Galgano zu besuchen - Hotel Minerva Siena\" \/>\n<meta property=\"og:description\" content=\"Die Abtei von San Galgano ist ein wahrer Zauber f\u00fcr die Augen, ein Geb\u00e4ude mit lateinischem Grundriss, 72 Meter lang,\" \/>\n<meta property=\"og:url\" content=\"https:\/\/www.albergominerva.it\/de\/hotel-in-siena-um-san-galgano-zu-besuchen\/\" \/>\n<meta property=\"og:site_name\" content=\"Hotel Minerva Siena\" \/>\n<meta property=\"article:modified_time\" content=\"2023-03-29T15:26:44+00:00\" \/>\n<meta property=\"og:image\" content=\"https:\/\/www.albergominerva.it\/wp-content\/uploads\/2022\/06\/San-Galgano.jpg\" \/>\n<meta name=\"twitter:card\" content=\"summary_large_image\" \/>\n<meta name=\"twitter:label1\" content=\"Gesch\u00e4tzte Lesezeit\" \/>\n\t<meta name=\"twitter:data1\" content=\"3\u00a0Minuten\" \/>\n<script type=\"application\/ld+json\" class=\"yoast-schema-graph\">{\"@context\":\"https:\\\/\\\/schema.org\",\"@graph\":[{\"@type\":\"WebPage\",\"@id\":\"https:\\\/\\\/www.albergominerva.it\\\/de\\\/hotel-in-siena-um-san-galgano-zu-besuchen\\\/\",\"url\":\"https:\\\/\\\/www.albergominerva.it\\\/de\\\/hotel-in-siena-um-san-galgano-zu-besuchen\\\/\",\"name\":\"Hotel in Siena, um San Galgano zu besuchen - Hotel Minerva Siena\",\"isPartOf\":{\"@id\":\"https:\\\/\\\/www.albergominerva.it\\\/de\\\/#website\"},\"primaryImageOfPage\":{\"@id\":\"https:\\\/\\\/www.albergominerva.it\\\/de\\\/hotel-in-siena-um-san-galgano-zu-besuchen\\\/#primaryimage\"},\"image\":{\"@id\":\"https:\\\/\\\/www.albergominerva.it\\\/de\\\/hotel-in-siena-um-san-galgano-zu-besuchen\\\/#primaryimage\"},\"thumbnailUrl\":\"https:\\\/\\\/www.albergominerva.it\\\/wp-content\\\/uploads\\\/2022\\\/06\\\/San-Galgano.jpg\",\"datePublished\":\"2023-03-29T15:26:42+00:00\",\"dateModified\":\"2023-03-29T15:26:44+00:00\",\"breadcrumb\":{\"@id\":\"https:\\\/\\\/www.albergominerva.it\\\/de\\\/hotel-in-siena-um-san-galgano-zu-besuchen\\\/#breadcrumb\"},\"inLanguage\":\"de\",\"potentialAction\":[{\"@type\":\"ReadAction\",\"target\":[\"https:\\\/\\\/www.albergominerva.it\\\/de\\\/hotel-in-siena-um-san-galgano-zu-besuchen\\\/\"]}]},{\"@type\":\"ImageObject\",\"inLanguage\":\"de\",\"@id\":\"https:\\\/\\\/www.albergominerva.it\\\/de\\\/hotel-in-siena-um-san-galgano-zu-besuchen\\\/#primaryimage\",\"url\":\"https:\\\/\\\/www.albergominerva.it\\\/wp-content\\\/uploads\\\/2022\\\/06\\\/San-Galgano.jpg\",\"contentUrl\":\"https:\\\/\\\/www.albergominerva.it\\\/wp-content\\\/uploads\\\/2022\\\/06\\\/San-Galgano.jpg\"},{\"@type\":\"BreadcrumbList\",\"@id\":\"https:\\\/\\\/www.albergominerva.it\\\/de\\\/hotel-in-siena-um-san-galgano-zu-besuchen\\\/#breadcrumb\",\"itemListElement\":[{\"@type\":\"ListItem\",\"position\":1,\"name\":\"Home\",\"item\":\"https:\\\/\\\/www.albergominerva.it\\\/de\\\/\"},{\"@type\":\"ListItem\",\"position\":2,\"name\":\"Hotel in Siena, um San Galgano zu besuchen\"}]},{\"@type\":\"WebSite\",\"@id\":\"https:\\\/\\\/www.albergominerva.it\\\/de\\\/#website\",\"url\":\"https:\\\/\\\/www.albergominerva.it\\\/de\\\/\",\"name\":\"Hotel Minerva Siena\",\"description\":\"Hotel in Centro Storico a Siena - Toscana - Italy\",\"potentialAction\":[{\"@type\":\"SearchAction\",\"target\":{\"@type\":\"EntryPoint\",\"urlTemplate\":\"https:\\\/\\\/www.albergominerva.it\\\/de\\\/?s={search_term_string}\"},\"query-input\":{\"@type\":\"PropertyValueSpecification\",\"valueRequired\":true,\"valueName\":\"search_term_string\"}}],\"inLanguage\":\"de\"}]}<\/script>\n<!-- \/ Yoast SEO plugin. -->","yoast_head_json":{"title":"Hotel in Siena, um San Galgano zu besuchen - Hotel Minerva Siena","robots":{"index":"index","follow":"follow","max-snippet":"max-snippet:-1","max-image-preview":"max-image-preview:large","max-video-preview":"max-video-preview:-1"},"canonical":"https:\/\/www.albergominerva.it\/de\/hotel-in-siena-um-san-galgano-zu-besuchen\/","og_locale":"de_DE","og_type":"article","og_title":"Hotel in Siena, um San Galgano zu besuchen - Hotel Minerva Siena","og_description":"Die Abtei von San Galgano ist ein wahrer Zauber f\u00fcr die Augen, ein Geb\u00e4ude mit lateinischem Grundriss, 72 Meter lang,","og_url":"https:\/\/www.albergominerva.it\/de\/hotel-in-siena-um-san-galgano-zu-besuchen\/","og_site_name":"Hotel Minerva Siena","article_modified_time":"2023-03-29T15:26:44+00:00","og_image":[{"url":"https:\/\/www.albergominerva.it\/wp-content\/uploads\/2022\/06\/San-Galgano.jpg","type":"","width":"","height":""}],"twitter_card":"summary_large_image","twitter_misc":{"Gesch\u00e4tzte Lesezeit":"3\u00a0Minuten"},"schema":{"@context":"https:\/\/schema.org","@graph":[{"@type":"WebPage","@id":"https:\/\/www.albergominerva.it\/de\/hotel-in-siena-um-san-galgano-zu-besuchen\/","url":"https:\/\/www.albergominerva.it\/de\/hotel-in-siena-um-san-galgano-zu-besuchen\/","name":"Hotel in Siena, um San Galgano zu besuchen - Hotel Minerva Siena","isPartOf":{"@id":"https:\/\/www.albergominerva.it\/de\/#website"},"primaryImageOfPage":{"@id":"https:\/\/www.albergominerva.it\/de\/hotel-in-siena-um-san-galgano-zu-besuchen\/#primaryimage"},"image":{"@id":"https:\/\/www.albergominerva.it\/de\/hotel-in-siena-um-san-galgano-zu-besuchen\/#primaryimage"},"thumbnailUrl":"https:\/\/www.albergominerva.it\/wp-content\/uploads\/2022\/06\/San-Galgano.jpg","datePublished":"2023-03-29T15:26:42+00:00","dateModified":"2023-03-29T15:26:44+00:00","breadcrumb":{"@id":"https:\/\/www.albergominerva.it\/de\/hotel-in-siena-um-san-galgano-zu-besuchen\/#breadcrumb"},"inLanguage":"de","potentialAction":[{"@type":"ReadAction","target":["https:\/\/www.albergominerva.it\/de\/hotel-in-siena-um-san-galgano-zu-besuchen\/"]}]},{"@type":"ImageObject","inLanguage":"de","@id":"https:\/\/www.albergominerva.it\/de\/hotel-in-siena-um-san-galgano-zu-besuchen\/#primaryimage","url":"https:\/\/www.albergominerva.it\/wp-content\/uploads\/2022\/06\/San-Galgano.jpg","contentUrl":"https:\/\/www.albergominerva.it\/wp-content\/uploads\/2022\/06\/San-Galgano.jpg"},{"@type":"BreadcrumbList","@id":"https:\/\/www.albergominerva.it\/de\/hotel-in-siena-um-san-galgano-zu-besuchen\/#breadcrumb","itemListElement":[{"@type":"ListItem","position":1,"name":"Home","item":"https:\/\/www.albergominerva.it\/de\/"},{"@type":"ListItem","position":2,"name":"Hotel in Siena, um San Galgano zu besuchen"}]},{"@type":"WebSite","@id":"https:\/\/www.albergominerva.it\/de\/#website","url":"https:\/\/www.albergominerva.it\/de\/","name":"Hotel Minerva Siena","description":"Hotel in Centro Storico a Siena - Toscana - Italy","potentialAction":[{"@type":"SearchAction","target":{"@type":"EntryPoint","urlTemplate":"https:\/\/www.albergominerva.it\/de\/?s={search_term_string}"},"query-input":{"@type":"PropertyValueSpecification","valueRequired":true,"valueName":"search_term_string"}}],"inLanguage":"de"}]}},"_links":{"self":[{"href":"https:\/\/www.albergominerva.it\/de\/wp-json\/wp\/v2\/pages\/10737","targetHints":{"allow":["GET"]}}],"collection":[{"href":"https:\/\/www.albergominerva.it\/de\/wp-json\/wp\/v2\/pages"}],"about":[{"href":"https:\/\/www.albergominerva.it\/de\/wp-json\/wp\/v2\/types\/page"}],"author":[{"embeddable":true,"href":"https:\/\/www.albergominerva.it\/de\/wp-json\/wp\/v2\/users\/3"}],"replies":[{"embeddable":true,"href":"https:\/\/www.albergominerva.it\/de\/wp-json\/wp\/v2\/comments?post=10737"}],"version-history":[{"count":1,"href":"https:\/\/www.albergominerva.it\/de\/wp-json\/wp\/v2\/pages\/10737\/revisions"}],"predecessor-version":[{"id":10738,"href":"https:\/\/www.albergominerva.it\/de\/wp-json\/wp\/v2\/pages\/10737\/revisions\/10738"}],"wp:attachment":[{"href":"https:\/\/www.albergominerva.it\/de\/wp-json\/wp\/v2\/media?parent=10737"}],"curies":[{"name":"wp","href":"https:\/\/api.w.org\/{rel}","templated":true}]}}