{"id":10739,"date":"2023-03-29T17:29:14","date_gmt":"2023-03-29T15:29:14","guid":{"rendered":"https:\/\/www.albergominerva.it\/?page_id=10739"},"modified":"2023-03-29T17:29:25","modified_gmt":"2023-03-29T15:29:25","slug":"hotel-in-siena-um-montepulciano-zu-sehen","status":"publish","type":"page","link":"https:\/\/www.albergominerva.it\/de\/hotel-in-siena-um-montepulciano-zu-sehen\/","title":{"rendered":"Hotel in Siena, um Montepulciano zu sehen"},"content":{"rendered":"\n<p><strong>Wenn Sie die gesamte Provinz Siena besuchen m\u00f6chten, d\u00fcrfen Sie Montepulciano, das in Bezug auf die Weinbaukunst ber\u00fchmteste Dorf Sienas, nicht verpassen.<\/strong><\/p>\n\n\n\n<figure class=\"wp-block-image size-full\"><img loading=\"lazy\" decoding=\"async\" width=\"640\" height=\"426\" src=\"https:\/\/www.albergominerva.it\/wp-content\/uploads\/2022\/06\/montepulciano.jpg\" alt=\"\" class=\"wp-image-9636\" srcset=\"https:\/\/www.albergominerva.it\/wp-content\/uploads\/2022\/06\/montepulciano.jpg 640w, https:\/\/www.albergominerva.it\/wp-content\/uploads\/2022\/06\/montepulciano-300x200.jpg 300w\" sizes=\"auto, (max-width: 640px) 100vw, 640px\" \/><\/figure>\n\n\n\n<p>Es ist eines der gr\u00f6\u00dften D\u00f6rfer mit dem Rathaus aus dem 13. Jahrhundert, das dem Palazzo della Signoria in Florenz sehr \u00e4hnlich ist, und vielen anderen Renaissancegeb\u00e4uden von einzigartiger Sch\u00f6nheit wie dem Palazzo Contucci und dem Palazzo Nobili-Tarugi, die praktisch vollst\u00e4ndig mit Travertin bedeckt sind.<\/p>\n\n\n\n<p>Ein Muss ist der Palazzo del Capitano del Popolo, vor dem sich der pr\u00e4chtige Greifen- und L\u00f6wenbrunnen befindet.<\/p>\n\n\n\n<p>Im Inneren der Kathedrale k\u00f6nnen Sie die von Taddeo di Bartolo gemalte Himmelfahrt und die von Sano di Pietro gemalte Jungfrau und das Kind bewundern.<\/p>\n\n\n\n<p>Wenn Sie also ein Hotel in Siena suchen, um Montepulciano zu entdecken, dann empfehlen wir Ihnen, das Hotel Minerva zu buchen, unser wunderbares 3-Sterne-Hotel im historischen Zentrum von Siena, gleich au\u00dferhalb des ZTL-Gebiets und f\u00fcnf Minuten von der Autobahn.<\/p>\n\n\n\n<p>Ausgestattet mit einer Bar, einem Aufzug und einer privaten Garage gegen Geb\u00fchr, geschlossen, mit direktem Zugang zum Hotel und 20 verf\u00fcgbaren Pl\u00e4tzen, umfasst das Minerva Hotel in seinen R\u00e4umlichkeiten 56 klimatisierte Zimmer, alle unterschiedlich, mit WLAN-Verbindung und die sie unterteilt sind in Easy-Economy, Elegant-Standard, Superior-Zimmer und Junior-Suite, jedes mit seinen eigenen Eigenschaften.<\/p>\n\n\n\n<p><a href=\"https:\/\/www.albergominerva.it\/de\/die-zimmer\/billige-zimmer-siena-zentrum\/\">Die Easy-Zimmer<\/a>, auf Anfrage mit Doppelbett oder zwei Einzelbetten, befinden sich im Innenbereich, blicken nicht auf das historische Zentrum und sind ab 16 m\u00b2 gro\u00df.<\/p>\n\n\n\n<p><a href=\"https:\/\/www.albergominerva.it\/de\/die-zimmer\/zimmer-elegant-siena-zentrum\/\">Die eleganten Standardzimmer<\/a> mit modernen M\u00f6beln und Pastellt\u00f6nen an den W\u00e4nden bieten alle einen Blick auf das historische Zentrum von Siena und sind ab 19 m\u00b2 gro\u00df. Sie sind in Einzel- und Doppelzimmer unterteilt und bieten Platz f\u00fcr bis zu 4 Personen.<\/p>\n\n\n\n<p><a href=\"https:\/\/www.albergominerva.it\/de\/die-zimmer\/junior-suite-doppelzimmer-siena-zentrum-2\/\">Die Superior-Zimmer<\/a> haben alle einen Blick auf die Basilika San Francesco, die Basilika Provenzano und die Porta Ovile und haben eine Fl\u00e4che ab einer Gr\u00f6\u00dfe von 19 m\u00b2.<\/p>\n\n\n\n<p><a href=\"https:\/\/www.albergominerva.it\/de\/die-zimmer\/junior-suite-zimmer-aussicht-siena-zentrum\/\">Die Double Junior Suiten<\/a> haben einen Blick auf das historische Zentrum von Siena, haben eine Fl\u00e4che ab 19 m\u00b2 und sind mit einer kleinen Terrasse ausgestattet. Au\u00dferdem sind diese Zimmer alle mit einem Doppelbett und auf Wunsch mit zwei getrennten Betten ausgestattet.<\/p>\n\n\n\n<p>Sie k\u00f6nnen daher aus zahlreichen L\u00f6sungen w\u00e4hlen, die alle mit WLAN f\u00fcr Ihren gesch\u00e4ftlichen oder privaten Aufenthalt ausgestattet sind.<\/p>\n\n\n\n<p>Dar\u00fcber hinaus stellt das Hotel Minerva systematisch eine echte zeitgen\u00f6ssische Kunstgalerie aus, die Werke von Malern aus Siena anbietet.<\/p>\n\n\n\n<p><strong>Unser Hotel ist auch ideal f\u00fcr Eltern mit Kindern; Tats\u00e4chlich haben wir sogar Wiegen sowie einen Flaschenw\u00e4rmer, einen Sterilisator und eine Spielzeugbibliothek im Inneren.<\/strong><\/p>\n\n\n\n<p>Das Minerva Hotel bietet auch einen einzigartigen Ort f\u00fcr Gesch\u00e4ftstreffen, da es mit einer drahtlosen Verbindung und einem Konferenzraum mit Blick auf das historische Zentrum von Siena ausgestattet ist, der Platz f\u00fcr bis zu 40 G\u00e4ste bietet und LED-TV, Videoprojektor, helle Tafel und alles bietet wichtigsten Annehmlichkeiten.<\/p>\n\n\n\n<p>Was das Fr\u00fchst\u00fcck betrifft, bietet unser Hotel ein appetitliches Fr\u00fchst\u00fcck, italienisch, international und mit nat\u00fcrlichen und ausgew\u00e4hlten Marmeladen.<\/p>\n\n\n\n<p>Das Hotel Minerva reserviert f\u00fcr seine G\u00e4ste eine gro\u00dfe bewachte Garage f\u00fcr Autos, Motorr\u00e4der und Fahrr\u00e4der. Die Garage befindet sich direkt au\u00dferhalb der verkehrsberuhigten Zone und ist ein kostenpflichtiger Service.<\/p>\n\n\n\n<p>Das Hotel befindet sich in Siena in der Via Garibaldi 72, 2 Fahrminuten vom Bahnhof und 7 Gehminuten entfernt<\/p>\n\n\n\n<p>Um unser Hotel im Zentrum von Siena mit Parkplatz zu buchen, um Montepulciano zu entdecken, klicken Sie oben rechts auf Buchen oder rufen Sie 0577.284474 an oder senden Sie eine E-Mail an info@albergominerva.it.<\/p>\n","protected":false},"excerpt":{"rendered":"<p>Wenn Sie die gesamte Provinz Siena besuchen m\u00f6chten, d\u00fcrfen Sie Montepulciano, das in Bezug auf die Weinbaukunst ber\u00fchmteste Dorf Sienas,<\/p>\n","protected":false},"author":3,"featured_media":0,"parent":0,"menu_order":0,"comment_status":"closed","ping_status":"closed","template":"","meta":{"_acf_changed":false,"footnotes":""},"class_list":["post-10739","page","type-page","status-publish","hentry"],"acf":[],"yoast_head":"<!-- This site is optimized with the Yoast SEO plugin v27.4 - https:\/\/yoast.com\/product\/yoast-seo-wordpress\/ -->\n<title>Hotel in Siena, um Montepulciano zu sehen - Hotel Minerva Siena<\/title>\n<meta name=\"robots\" content=\"index, follow, max-snippet:-1, max-image-preview:large, max-video-preview:-1\" \/>\n<link rel=\"canonical\" href=\"https:\/\/www.albergominerva.it\/de\/hotel-in-siena-um-montepulciano-zu-sehen\/\" \/>\n<meta property=\"og:locale\" content=\"de_DE\" \/>\n<meta property=\"og:type\" content=\"article\" \/>\n<meta property=\"og:title\" content=\"Hotel in Siena, um Montepulciano zu sehen - Hotel Minerva Siena\" \/>\n<meta property=\"og:description\" content=\"Wenn Sie die gesamte Provinz Siena besuchen m\u00f6chten, d\u00fcrfen Sie Montepulciano, das in Bezug auf die Weinbaukunst ber\u00fchmteste Dorf Sienas,\" \/>\n<meta property=\"og:url\" content=\"https:\/\/www.albergominerva.it\/de\/hotel-in-siena-um-montepulciano-zu-sehen\/\" \/>\n<meta property=\"og:site_name\" content=\"Hotel Minerva Siena\" \/>\n<meta property=\"article:modified_time\" content=\"2023-03-29T15:29:25+00:00\" \/>\n<meta property=\"og:image\" content=\"https:\/\/www.albergominerva.it\/wp-content\/uploads\/2022\/06\/montepulciano.jpg\" \/>\n<meta name=\"twitter:card\" content=\"summary_large_image\" \/>\n<meta name=\"twitter:label1\" content=\"Gesch\u00e4tzte Lesezeit\" \/>\n\t<meta name=\"twitter:data1\" content=\"4\u00a0Minuten\" \/>\n<script type=\"application\/ld+json\" class=\"yoast-schema-graph\">{\"@context\":\"https:\\\/\\\/schema.org\",\"@graph\":[{\"@type\":\"WebPage\",\"@id\":\"https:\\\/\\\/www.albergominerva.it\\\/de\\\/hotel-in-siena-um-montepulciano-zu-sehen\\\/\",\"url\":\"https:\\\/\\\/www.albergominerva.it\\\/de\\\/hotel-in-siena-um-montepulciano-zu-sehen\\\/\",\"name\":\"Hotel in Siena, um Montepulciano zu sehen - Hotel Minerva Siena\",\"isPartOf\":{\"@id\":\"https:\\\/\\\/www.albergominerva.it\\\/de\\\/#website\"},\"primaryImageOfPage\":{\"@id\":\"https:\\\/\\\/www.albergominerva.it\\\/de\\\/hotel-in-siena-um-montepulciano-zu-sehen\\\/#primaryimage\"},\"image\":{\"@id\":\"https:\\\/\\\/www.albergominerva.it\\\/de\\\/hotel-in-siena-um-montepulciano-zu-sehen\\\/#primaryimage\"},\"thumbnailUrl\":\"https:\\\/\\\/www.albergominerva.it\\\/wp-content\\\/uploads\\\/2022\\\/06\\\/montepulciano.jpg\",\"datePublished\":\"2023-03-29T15:29:14+00:00\",\"dateModified\":\"2023-03-29T15:29:25+00:00\",\"breadcrumb\":{\"@id\":\"https:\\\/\\\/www.albergominerva.it\\\/de\\\/hotel-in-siena-um-montepulciano-zu-sehen\\\/#breadcrumb\"},\"inLanguage\":\"de\",\"potentialAction\":[{\"@type\":\"ReadAction\",\"target\":[\"https:\\\/\\\/www.albergominerva.it\\\/de\\\/hotel-in-siena-um-montepulciano-zu-sehen\\\/\"]}]},{\"@type\":\"ImageObject\",\"inLanguage\":\"de\",\"@id\":\"https:\\\/\\\/www.albergominerva.it\\\/de\\\/hotel-in-siena-um-montepulciano-zu-sehen\\\/#primaryimage\",\"url\":\"https:\\\/\\\/www.albergominerva.it\\\/wp-content\\\/uploads\\\/2022\\\/06\\\/montepulciano.jpg\",\"contentUrl\":\"https:\\\/\\\/www.albergominerva.it\\\/wp-content\\\/uploads\\\/2022\\\/06\\\/montepulciano.jpg\"},{\"@type\":\"BreadcrumbList\",\"@id\":\"https:\\\/\\\/www.albergominerva.it\\\/de\\\/hotel-in-siena-um-montepulciano-zu-sehen\\\/#breadcrumb\",\"itemListElement\":[{\"@type\":\"ListItem\",\"position\":1,\"name\":\"Home\",\"item\":\"https:\\\/\\\/www.albergominerva.it\\\/de\\\/\"},{\"@type\":\"ListItem\",\"position\":2,\"name\":\"Hotel in Siena, um Montepulciano zu sehen\"}]},{\"@type\":\"WebSite\",\"@id\":\"https:\\\/\\\/www.albergominerva.it\\\/de\\\/#website\",\"url\":\"https:\\\/\\\/www.albergominerva.it\\\/de\\\/\",\"name\":\"Hotel Minerva Siena\",\"description\":\"Hotel in Centro Storico a Siena - Toscana - Italy\",\"potentialAction\":[{\"@type\":\"SearchAction\",\"target\":{\"@type\":\"EntryPoint\",\"urlTemplate\":\"https:\\\/\\\/www.albergominerva.it\\\/de\\\/?s={search_term_string}\"},\"query-input\":{\"@type\":\"PropertyValueSpecification\",\"valueRequired\":true,\"valueName\":\"search_term_string\"}}],\"inLanguage\":\"de\"}]}<\/script>\n<!-- \/ Yoast SEO plugin. -->","yoast_head_json":{"title":"Hotel in Siena, um Montepulciano zu sehen - Hotel Minerva Siena","robots":{"index":"index","follow":"follow","max-snippet":"max-snippet:-1","max-image-preview":"max-image-preview:large","max-video-preview":"max-video-preview:-1"},"canonical":"https:\/\/www.albergominerva.it\/de\/hotel-in-siena-um-montepulciano-zu-sehen\/","og_locale":"de_DE","og_type":"article","og_title":"Hotel in Siena, um Montepulciano zu sehen - Hotel Minerva Siena","og_description":"Wenn Sie die gesamte Provinz Siena besuchen m\u00f6chten, d\u00fcrfen Sie Montepulciano, das in Bezug auf die Weinbaukunst ber\u00fchmteste Dorf Sienas,","og_url":"https:\/\/www.albergominerva.it\/de\/hotel-in-siena-um-montepulciano-zu-sehen\/","og_site_name":"Hotel Minerva Siena","article_modified_time":"2023-03-29T15:29:25+00:00","og_image":[{"url":"https:\/\/www.albergominerva.it\/wp-content\/uploads\/2022\/06\/montepulciano.jpg","type":"","width":"","height":""}],"twitter_card":"summary_large_image","twitter_misc":{"Gesch\u00e4tzte Lesezeit":"4\u00a0Minuten"},"schema":{"@context":"https:\/\/schema.org","@graph":[{"@type":"WebPage","@id":"https:\/\/www.albergominerva.it\/de\/hotel-in-siena-um-montepulciano-zu-sehen\/","url":"https:\/\/www.albergominerva.it\/de\/hotel-in-siena-um-montepulciano-zu-sehen\/","name":"Hotel in Siena, um Montepulciano zu sehen - Hotel Minerva Siena","isPartOf":{"@id":"https:\/\/www.albergominerva.it\/de\/#website"},"primaryImageOfPage":{"@id":"https:\/\/www.albergominerva.it\/de\/hotel-in-siena-um-montepulciano-zu-sehen\/#primaryimage"},"image":{"@id":"https:\/\/www.albergominerva.it\/de\/hotel-in-siena-um-montepulciano-zu-sehen\/#primaryimage"},"thumbnailUrl":"https:\/\/www.albergominerva.it\/wp-content\/uploads\/2022\/06\/montepulciano.jpg","datePublished":"2023-03-29T15:29:14+00:00","dateModified":"2023-03-29T15:29:25+00:00","breadcrumb":{"@id":"https:\/\/www.albergominerva.it\/de\/hotel-in-siena-um-montepulciano-zu-sehen\/#breadcrumb"},"inLanguage":"de","potentialAction":[{"@type":"ReadAction","target":["https:\/\/www.albergominerva.it\/de\/hotel-in-siena-um-montepulciano-zu-sehen\/"]}]},{"@type":"ImageObject","inLanguage":"de","@id":"https:\/\/www.albergominerva.it\/de\/hotel-in-siena-um-montepulciano-zu-sehen\/#primaryimage","url":"https:\/\/www.albergominerva.it\/wp-content\/uploads\/2022\/06\/montepulciano.jpg","contentUrl":"https:\/\/www.albergominerva.it\/wp-content\/uploads\/2022\/06\/montepulciano.jpg"},{"@type":"BreadcrumbList","@id":"https:\/\/www.albergominerva.it\/de\/hotel-in-siena-um-montepulciano-zu-sehen\/#breadcrumb","itemListElement":[{"@type":"ListItem","position":1,"name":"Home","item":"https:\/\/www.albergominerva.it\/de\/"},{"@type":"ListItem","position":2,"name":"Hotel in Siena, um Montepulciano zu sehen"}]},{"@type":"WebSite","@id":"https:\/\/www.albergominerva.it\/de\/#website","url":"https:\/\/www.albergominerva.it\/de\/","name":"Hotel Minerva Siena","description":"Hotel in Centro Storico a Siena - Toscana - Italy","potentialAction":[{"@type":"SearchAction","target":{"@type":"EntryPoint","urlTemplate":"https:\/\/www.albergominerva.it\/de\/?s={search_term_string}"},"query-input":{"@type":"PropertyValueSpecification","valueRequired":true,"valueName":"search_term_string"}}],"inLanguage":"de"}]}},"_links":{"self":[{"href":"https:\/\/www.albergominerva.it\/de\/wp-json\/wp\/v2\/pages\/10739","targetHints":{"allow":["GET"]}}],"collection":[{"href":"https:\/\/www.albergominerva.it\/de\/wp-json\/wp\/v2\/pages"}],"about":[{"href":"https:\/\/www.albergominerva.it\/de\/wp-json\/wp\/v2\/types\/page"}],"author":[{"embeddable":true,"href":"https:\/\/www.albergominerva.it\/de\/wp-json\/wp\/v2\/users\/3"}],"replies":[{"embeddable":true,"href":"https:\/\/www.albergominerva.it\/de\/wp-json\/wp\/v2\/comments?post=10739"}],"version-history":[{"count":1,"href":"https:\/\/www.albergominerva.it\/de\/wp-json\/wp\/v2\/pages\/10739\/revisions"}],"predecessor-version":[{"id":10740,"href":"https:\/\/www.albergominerva.it\/de\/wp-json\/wp\/v2\/pages\/10739\/revisions\/10740"}],"wp:attachment":[{"href":"https:\/\/www.albergominerva.it\/de\/wp-json\/wp\/v2\/media?parent=10739"}],"curies":[{"name":"wp","href":"https:\/\/api.w.org\/{rel}","templated":true}]}}