{"id":10741,"date":"2023-03-29T17:31:47","date_gmt":"2023-03-29T15:31:47","guid":{"rendered":"https:\/\/www.albergominerva.it\/?page_id=10741"},"modified":"2023-03-29T17:31:52","modified_gmt":"2023-03-29T15:31:52","slug":"hotel-in-siena-um-monteriggioni-zu-sehen","status":"publish","type":"page","link":"https:\/\/www.albergominerva.it\/de\/hotel-in-siena-um-monteriggioni-zu-sehen\/","title":{"rendered":"Hotel in Siena, um Monteriggioni zu sehen"},"content":{"rendered":"\n<p><strong>Monteriggioni ist das sch\u00f6nste befestigte mittelalterliche Dorf Italiens und erlaubt Ihnen sogar, direkt auf seinen alten Mauern spazieren zu gehen.<\/strong><\/p>\n\n\n\n<figure class=\"wp-block-image size-full\"><img loading=\"lazy\" decoding=\"async\" width=\"640\" height=\"343\" src=\"https:\/\/www.albergominerva.it\/wp-content\/uploads\/2022\/06\/monteriggioni.jpg\" alt=\"\" class=\"wp-image-9627\" srcset=\"https:\/\/www.albergominerva.it\/wp-content\/uploads\/2022\/06\/monteriggioni.jpg 640w, https:\/\/www.albergominerva.it\/wp-content\/uploads\/2022\/06\/monteriggioni-300x161.jpg 300w\" sizes=\"auto, (max-width: 640px) 100vw, 640px\" \/><\/figure>\n\n\n\n<p>Seine 14 T\u00fcrme, die auch von der angrenzenden Autobahn aus sichtbar sind, sind noch praktisch intakt und werden regelm\u00e4\u00dfig restauriert, um ihre Sch\u00f6nheit f\u00fcr immer zu bewahren.<\/p>\n\n\n\n<p>Der Hauptplatz der Stadt hei\u00dft Piazza Roma und im Inneren k\u00f6nnen Sie die kleine Kirche Santa Maria della Pieve besuchen, ein kleines Juwel, in dem Sie beten und maximale innere Gelassenheit wahrnehmen k\u00f6nnen.<\/p>\n\n\n\n<p>Unter diesem Gesichtspunkt empfehlen wir Ihnen, wenn Sie Siena verlassen und Monteriggioni entdecken m\u00f6chten, das Hotel Minerva zu buchen, unser 3-Sterne-Hotel im Zentrum von Siena, nur wenige Minuten von der Piazza del Campo entfernt und etwas au\u00dferhalb der verkehrsberuhigten Zone um die Autobahn zu verlassen und Monteriggioni in weniger als 15 Minuten zu erreichen.<\/p>\n\n\n\n<p>Ausgestattet mit einer Bar, einem Aufzug und einem geschlossenen, kostenpflichtigen Privatparkplatz, mit direktem Zugang zum Hotel und 20 verf\u00fcgbaren Pl\u00e4tzen, verf\u00fcgt das Minerva Hotel \u00fcber 56 klimatisierte Zimmer, alle unterschiedlich, mit WLAN-Verbindung und die in Easy-Economy-, Elegant- Standard, Superior-Zimmer und Junior-Suite, jedes mit seinen eigenen Besonderheiten.<\/p>\n\n\n\n<p><a href=\"https:\/\/www.albergominerva.it\/de\/die-zimmer\/billige-zimmer-siena-zentrum\/\">Die Easy-Zimmer<\/a>, auf Anfrage mit Doppelbett oder zwei Einzelbetten, befinden sich auf der Innenseite, blicken nicht auf das historische Zentrum und sind ab 16 m\u00b2 gro\u00df.<\/p>\n\n\n\n<p><a href=\"https:\/\/www.albergominerva.it\/de\/die-zimmer\/zimmer-elegant-siena-zentrum\/\">Die eleganten Standardzimmer<\/a> mit modernen M\u00f6beln und Pastellt\u00f6nen an den W\u00e4nden bieten alle einen Blick auf das historische Zentrum von Siena und sind ab 19 m\u00b2 gro\u00df. Sie sind in Einzel- und Doppelzimmer unterteilt und bieten Platz f\u00fcr bis zu 4 Personen.<\/p>\n\n\n\n<p><a href=\"https:\/\/www.albergominerva.it\/de\/die-zimmer\/junior-suite-doppelzimmer-siena-zentrum-2\/\">Die Superior-Zimmer<\/a> haben alle einen Blick auf die Basilika San Francesco, die Basilika Provenzano und die Porta Ovile und haben eine Fl\u00e4che ab einer Gr\u00f6\u00dfe von 19 m\u00b2.<\/p>\n\n\n\n<p><a href=\"https:\/\/www.albergominerva.it\/de\/die-zimmer\/junior-suite-zimmer-aussicht-siena-zentrum\/\">Die Double Junior Suiten<\/a> haben einen Blick auf das historische Zentrum von Siena, haben eine Fl\u00e4che ab 19 m\u00b2 und sind mit einer kleinen Terrasse ausgestattet. Au\u00dferdem sind diese Zimmer alle mit einem Doppelbett und auf Wunsch mit zwei getrennten Betten ausgestattet.<\/p>\n\n\n\n<p>Sie k\u00f6nnen daher aus vielen Optionen w\u00e4hlen, die alle mit WLAN f\u00fcr Ihren Aufenthalt zum Vergn\u00fcgen oder f\u00fcr die Arbeit ausgestattet sind.<\/p>\n\n\n\n<p>Dar\u00fcber hinaus zeigt das Hotel Minerva in seinen Innenr\u00e4umen regelm\u00e4\u00dfig eine echte Galerie f\u00fcr zeitgen\u00f6ssische Kunst, die Werke von sienesischen K\u00fcnstlern ausstellt.<\/p>\n\n\n\n<p>Unser Hotel ist ruhig und ideal f\u00fcr Familien mit Kindern; Tats\u00e4chlich haben wir auch Kinderbetten zur Verf\u00fcgung, zus\u00e4tzlich zu einem Flaschenw\u00e4rmer, einem Sterilisator und einer Spielzeugbibliothek im Inneren.<\/p>\n\n\n\n<p>Das Minerva Hotel bietet auch einen idealen Rahmen f\u00fcr Gesch\u00e4ftstreffen, da es mit WLAN-Verbindung und einem Tagungsraum mit Blick auf das historische Zentrum der Stadt ausgestattet ist, der Platz f\u00fcr bis zu 40 Personen bietet und \u00fcber LED-TV, Videoprojektor, Overhead-Projektor und LED-Fernseher verf\u00fcgt alle wichtigen Ger\u00e4te.<\/p>\n\n\n\n<p>In Bezug auf das Fr\u00fchst\u00fcck bietet unser Hotel ein leckeres Fr\u00fchst\u00fcck, italienisch, international und mit echten Qualit\u00e4tsmarmeladen.<\/p>\n\n\n\n<p>Das Hotel Minerva reserviert f\u00fcr seine G\u00e4ste eine gro\u00dfe bewachte Garage f\u00fcr Autos, Motorr\u00e4der und Fahrr\u00e4der. Die Garage befindet sich direkt au\u00dferhalb der verkehrsberuhigten Zone und ist ein kostenpflichtiger Service.<\/p>\n\n\n\n<p><strong>Sie finden das Hotel in Siena in der Via Garibaldi 72, 2 Autominuten vom Bahnhof und 7 Minuten zu Fu\u00df entfernt<\/strong><\/p>\n\n\n\n<p>Um unser Hotel im Zentrum von Siena zu buchen, um Monteriggioni zu entdecken, klicken Sie oben rechts auf Buchen oder rufen Sie die Telefonnummer 0577.284474 an oder senden Sie eine E-Mail an info@albergominerva.it.<\/p>\n","protected":false},"excerpt":{"rendered":"<p>Monteriggioni ist das sch\u00f6nste befestigte mittelalterliche Dorf Italiens und erlaubt Ihnen sogar, direkt auf seinen alten Mauern spazieren zu gehen.<\/p>\n","protected":false},"author":3,"featured_media":0,"parent":0,"menu_order":0,"comment_status":"closed","ping_status":"closed","template":"","meta":{"_acf_changed":false,"footnotes":""},"class_list":["post-10741","page","type-page","status-publish","hentry"],"acf":[],"yoast_head":"<!-- This site is optimized with the Yoast SEO plugin v27.4 - https:\/\/yoast.com\/product\/yoast-seo-wordpress\/ -->\n<title>Hotel in Siena, um Monteriggioni zu sehen - Hotel Minerva Siena<\/title>\n<meta name=\"robots\" content=\"index, follow, max-snippet:-1, max-image-preview:large, max-video-preview:-1\" \/>\n<link rel=\"canonical\" href=\"https:\/\/www.albergominerva.it\/de\/hotel-in-siena-um-monteriggioni-zu-sehen\/\" \/>\n<meta property=\"og:locale\" content=\"de_DE\" \/>\n<meta property=\"og:type\" content=\"article\" \/>\n<meta property=\"og:title\" content=\"Hotel in Siena, um Monteriggioni zu sehen - Hotel Minerva Siena\" \/>\n<meta property=\"og:description\" content=\"Monteriggioni ist das sch\u00f6nste befestigte mittelalterliche Dorf Italiens und erlaubt Ihnen sogar, direkt auf seinen alten Mauern spazieren zu gehen.\" \/>\n<meta property=\"og:url\" content=\"https:\/\/www.albergominerva.it\/de\/hotel-in-siena-um-monteriggioni-zu-sehen\/\" \/>\n<meta property=\"og:site_name\" content=\"Hotel Minerva Siena\" \/>\n<meta property=\"article:modified_time\" content=\"2023-03-29T15:31:52+00:00\" \/>\n<meta property=\"og:image\" content=\"https:\/\/www.albergominerva.it\/wp-content\/uploads\/2022\/06\/monteriggioni.jpg\" \/>\n<meta name=\"twitter:card\" content=\"summary_large_image\" \/>\n<meta name=\"twitter:label1\" content=\"Gesch\u00e4tzte Lesezeit\" \/>\n\t<meta name=\"twitter:data1\" content=\"4\u00a0Minuten\" \/>\n<script type=\"application\/ld+json\" class=\"yoast-schema-graph\">{\"@context\":\"https:\\\/\\\/schema.org\",\"@graph\":[{\"@type\":\"WebPage\",\"@id\":\"https:\\\/\\\/www.albergominerva.it\\\/de\\\/hotel-in-siena-um-monteriggioni-zu-sehen\\\/\",\"url\":\"https:\\\/\\\/www.albergominerva.it\\\/de\\\/hotel-in-siena-um-monteriggioni-zu-sehen\\\/\",\"name\":\"Hotel in Siena, um Monteriggioni zu sehen - Hotel Minerva Siena\",\"isPartOf\":{\"@id\":\"https:\\\/\\\/www.albergominerva.it\\\/de\\\/#website\"},\"primaryImageOfPage\":{\"@id\":\"https:\\\/\\\/www.albergominerva.it\\\/de\\\/hotel-in-siena-um-monteriggioni-zu-sehen\\\/#primaryimage\"},\"image\":{\"@id\":\"https:\\\/\\\/www.albergominerva.it\\\/de\\\/hotel-in-siena-um-monteriggioni-zu-sehen\\\/#primaryimage\"},\"thumbnailUrl\":\"https:\\\/\\\/www.albergominerva.it\\\/wp-content\\\/uploads\\\/2022\\\/06\\\/monteriggioni.jpg\",\"datePublished\":\"2023-03-29T15:31:47+00:00\",\"dateModified\":\"2023-03-29T15:31:52+00:00\",\"breadcrumb\":{\"@id\":\"https:\\\/\\\/www.albergominerva.it\\\/de\\\/hotel-in-siena-um-monteriggioni-zu-sehen\\\/#breadcrumb\"},\"inLanguage\":\"de\",\"potentialAction\":[{\"@type\":\"ReadAction\",\"target\":[\"https:\\\/\\\/www.albergominerva.it\\\/de\\\/hotel-in-siena-um-monteriggioni-zu-sehen\\\/\"]}]},{\"@type\":\"ImageObject\",\"inLanguage\":\"de\",\"@id\":\"https:\\\/\\\/www.albergominerva.it\\\/de\\\/hotel-in-siena-um-monteriggioni-zu-sehen\\\/#primaryimage\",\"url\":\"https:\\\/\\\/www.albergominerva.it\\\/wp-content\\\/uploads\\\/2022\\\/06\\\/monteriggioni.jpg\",\"contentUrl\":\"https:\\\/\\\/www.albergominerva.it\\\/wp-content\\\/uploads\\\/2022\\\/06\\\/monteriggioni.jpg\"},{\"@type\":\"BreadcrumbList\",\"@id\":\"https:\\\/\\\/www.albergominerva.it\\\/de\\\/hotel-in-siena-um-monteriggioni-zu-sehen\\\/#breadcrumb\",\"itemListElement\":[{\"@type\":\"ListItem\",\"position\":1,\"name\":\"Home\",\"item\":\"https:\\\/\\\/www.albergominerva.it\\\/de\\\/\"},{\"@type\":\"ListItem\",\"position\":2,\"name\":\"Hotel in Siena, um Monteriggioni zu sehen\"}]},{\"@type\":\"WebSite\",\"@id\":\"https:\\\/\\\/www.albergominerva.it\\\/de\\\/#website\",\"url\":\"https:\\\/\\\/www.albergominerva.it\\\/de\\\/\",\"name\":\"Hotel Minerva Siena\",\"description\":\"Hotel in Centro Storico a Siena - Toscana - Italy\",\"potentialAction\":[{\"@type\":\"SearchAction\",\"target\":{\"@type\":\"EntryPoint\",\"urlTemplate\":\"https:\\\/\\\/www.albergominerva.it\\\/de\\\/?s={search_term_string}\"},\"query-input\":{\"@type\":\"PropertyValueSpecification\",\"valueRequired\":true,\"valueName\":\"search_term_string\"}}],\"inLanguage\":\"de\"}]}<\/script>\n<!-- \/ Yoast SEO plugin. -->","yoast_head_json":{"title":"Hotel in Siena, um Monteriggioni zu sehen - Hotel Minerva Siena","robots":{"index":"index","follow":"follow","max-snippet":"max-snippet:-1","max-image-preview":"max-image-preview:large","max-video-preview":"max-video-preview:-1"},"canonical":"https:\/\/www.albergominerva.it\/de\/hotel-in-siena-um-monteriggioni-zu-sehen\/","og_locale":"de_DE","og_type":"article","og_title":"Hotel in Siena, um Monteriggioni zu sehen - Hotel Minerva Siena","og_description":"Monteriggioni ist das sch\u00f6nste befestigte mittelalterliche Dorf Italiens und erlaubt Ihnen sogar, direkt auf seinen alten Mauern spazieren zu gehen.","og_url":"https:\/\/www.albergominerva.it\/de\/hotel-in-siena-um-monteriggioni-zu-sehen\/","og_site_name":"Hotel Minerva Siena","article_modified_time":"2023-03-29T15:31:52+00:00","og_image":[{"url":"https:\/\/www.albergominerva.it\/wp-content\/uploads\/2022\/06\/monteriggioni.jpg","type":"","width":"","height":""}],"twitter_card":"summary_large_image","twitter_misc":{"Gesch\u00e4tzte Lesezeit":"4\u00a0Minuten"},"schema":{"@context":"https:\/\/schema.org","@graph":[{"@type":"WebPage","@id":"https:\/\/www.albergominerva.it\/de\/hotel-in-siena-um-monteriggioni-zu-sehen\/","url":"https:\/\/www.albergominerva.it\/de\/hotel-in-siena-um-monteriggioni-zu-sehen\/","name":"Hotel in Siena, um Monteriggioni zu sehen - Hotel Minerva Siena","isPartOf":{"@id":"https:\/\/www.albergominerva.it\/de\/#website"},"primaryImageOfPage":{"@id":"https:\/\/www.albergominerva.it\/de\/hotel-in-siena-um-monteriggioni-zu-sehen\/#primaryimage"},"image":{"@id":"https:\/\/www.albergominerva.it\/de\/hotel-in-siena-um-monteriggioni-zu-sehen\/#primaryimage"},"thumbnailUrl":"https:\/\/www.albergominerva.it\/wp-content\/uploads\/2022\/06\/monteriggioni.jpg","datePublished":"2023-03-29T15:31:47+00:00","dateModified":"2023-03-29T15:31:52+00:00","breadcrumb":{"@id":"https:\/\/www.albergominerva.it\/de\/hotel-in-siena-um-monteriggioni-zu-sehen\/#breadcrumb"},"inLanguage":"de","potentialAction":[{"@type":"ReadAction","target":["https:\/\/www.albergominerva.it\/de\/hotel-in-siena-um-monteriggioni-zu-sehen\/"]}]},{"@type":"ImageObject","inLanguage":"de","@id":"https:\/\/www.albergominerva.it\/de\/hotel-in-siena-um-monteriggioni-zu-sehen\/#primaryimage","url":"https:\/\/www.albergominerva.it\/wp-content\/uploads\/2022\/06\/monteriggioni.jpg","contentUrl":"https:\/\/www.albergominerva.it\/wp-content\/uploads\/2022\/06\/monteriggioni.jpg"},{"@type":"BreadcrumbList","@id":"https:\/\/www.albergominerva.it\/de\/hotel-in-siena-um-monteriggioni-zu-sehen\/#breadcrumb","itemListElement":[{"@type":"ListItem","position":1,"name":"Home","item":"https:\/\/www.albergominerva.it\/de\/"},{"@type":"ListItem","position":2,"name":"Hotel in Siena, um Monteriggioni zu sehen"}]},{"@type":"WebSite","@id":"https:\/\/www.albergominerva.it\/de\/#website","url":"https:\/\/www.albergominerva.it\/de\/","name":"Hotel Minerva Siena","description":"Hotel in Centro Storico a Siena - Toscana - Italy","potentialAction":[{"@type":"SearchAction","target":{"@type":"EntryPoint","urlTemplate":"https:\/\/www.albergominerva.it\/de\/?s={search_term_string}"},"query-input":{"@type":"PropertyValueSpecification","valueRequired":true,"valueName":"search_term_string"}}],"inLanguage":"de"}]}},"_links":{"self":[{"href":"https:\/\/www.albergominerva.it\/de\/wp-json\/wp\/v2\/pages\/10741","targetHints":{"allow":["GET"]}}],"collection":[{"href":"https:\/\/www.albergominerva.it\/de\/wp-json\/wp\/v2\/pages"}],"about":[{"href":"https:\/\/www.albergominerva.it\/de\/wp-json\/wp\/v2\/types\/page"}],"author":[{"embeddable":true,"href":"https:\/\/www.albergominerva.it\/de\/wp-json\/wp\/v2\/users\/3"}],"replies":[{"embeddable":true,"href":"https:\/\/www.albergominerva.it\/de\/wp-json\/wp\/v2\/comments?post=10741"}],"version-history":[{"count":1,"href":"https:\/\/www.albergominerva.it\/de\/wp-json\/wp\/v2\/pages\/10741\/revisions"}],"predecessor-version":[{"id":10742,"href":"https:\/\/www.albergominerva.it\/de\/wp-json\/wp\/v2\/pages\/10741\/revisions\/10742"}],"wp:attachment":[{"href":"https:\/\/www.albergominerva.it\/de\/wp-json\/wp\/v2\/media?parent=10741"}],"curies":[{"name":"wp","href":"https:\/\/api.w.org\/{rel}","templated":true}]}}