{"id":10743,"date":"2023-03-29T17:34:10","date_gmt":"2023-03-29T15:34:10","guid":{"rendered":"https:\/\/www.albergominerva.it\/?page_id=10743"},"modified":"2023-03-29T17:34:13","modified_gmt":"2023-03-29T15:34:13","slug":"hotel-in-siena-um-pienza-zu-besuchen","status":"publish","type":"page","link":"https:\/\/www.albergominerva.it\/de\/hotel-in-siena-um-pienza-zu-besuchen\/","title":{"rendered":"Hotel in Siena, um Pienza zu besuchen"},"content":{"rendered":"\n<p><strong>Pienza ist eines der sch\u00f6nsten und intensivsten mittelalterlichen D\u00f6rfer in der Provinz Siena.<\/strong><\/p>\n\n\n\n<figure class=\"wp-block-image size-full\"><img loading=\"lazy\" decoding=\"async\" width=\"640\" height=\"428\" src=\"https:\/\/www.albergominerva.it\/wp-content\/uploads\/2022\/06\/Pienza.jpg\" alt=\"\" class=\"wp-image-9618\" srcset=\"https:\/\/www.albergominerva.it\/wp-content\/uploads\/2022\/06\/Pienza.jpg 640w, https:\/\/www.albergominerva.it\/wp-content\/uploads\/2022\/06\/Pienza-300x201.jpg 300w\" sizes=\"auto, (max-width: 640px) 100vw, 640px\" \/><\/figure>\n\n\n\n<p>Es war Papst Pius II., der den Architekten Leon Battista Alberti bat, es in drei Jahren auf den Fundamenten eines Dorfes namens Corsignano zu errichten.<\/p>\n\n\n\n<p>Wenn Sie Pienza betreten, tauchen Sie buchst\u00e4blich in ein Symbol der alten Harmonie und Sch\u00f6nheit ein, mit einer wundersch\u00f6nen Hauptstra\u00dfe, dem Corso Rossellino, der die gesamte Stadt durchquert und dann in den Hauptplatz, die trapezf\u00f6rmige Pizza Pio II, m\u00fcndet und mit Fischgr\u00e4tenmuster ausgestattet ist.<\/p>\n\n\n\n<p>Unbedingt zu besichtigen sind die Kathedrale, das Rathaus und die Piazza Piccolomini.<\/p>\n\n\n\n<p>Unter diesem Gesichtspunkt empfehlen wir Ihnen, wenn Sie Siena verlassen und anschlie\u00dfend einen Rundgang durch dieses wundervolle mittelalterliche Dorf unternehmen m\u00f6chten, das Hotel Minerva zu buchen, unser pr\u00e4chtiges 3-Sterne-Hotel im Zentrum von Siena, nur wenige Minuten von der Piazza del Campo entfernt kurz au\u00dferhalb des ZTL-Bereichs, um schnell auf die Autobahn zu fahren.<\/p>\n\n\n\n<p>Ausgestattet mit einer Bar, einem Aufzug und einem privaten \u00fcberdachten, kostenpflichtigen Parkplatz, mit direktem Eingang zum Hotel und 20 verf\u00fcgbaren Pl\u00e4tzen, umfasst das Minerva Hotel in seinen R\u00e4umlichkeiten 56 klimatisierte Zimmer, alle unterschiedlich, mit WLAN-Verbindung und sie sind in Easy-Economy unterteilt , eleganter Standard, Superior-Zimmer und Junior-Suite, jedes mit eigenen Annehmlichkeiten.<\/p>\n\n\n\n<p><a href=\"https:\/\/www.albergominerva.it\/de\/die-zimmer\/billige-zimmer-siena-zentrum\/\">Die Easy-Zimmer<\/a>, auf Wunsch mit Doppelbett oder zwei Einzelbetten, liegen auf der Innenseite, blicken nicht auf das historische Zentrum und sind ab einer Gr\u00f6\u00dfe von 16 m\u00b2 gro\u00df.<\/p>\n\n\n\n<p><a href=\"https:\/\/www.albergominerva.it\/de\/die-zimmer\/zimmer-elegant-siena-zentrum\/\">Die eleganten Standardzimmer<\/a> mit moderner Einrichtung und Pastellt\u00f6nen an den W\u00e4nden haben alle einen Blick auf das historische Zentrum von Siena und haben eine Fl\u00e4che ab 19 m\u00b2. Sie sind in Einzel- und Doppelzimmer unterteilt und bieten Platz f\u00fcr bis zu 4 Personen.<\/p>\n\n\n\n<p><a href=\"https:\/\/www.albergominerva.it\/de\/die-zimmer\/junior-suite-doppelzimmer-siena-zentrum-2\/\">Die Superior-Zimmer<\/a> haben alle einen Blick auf die Basilika von San Francesco, die Basilika von Provenzano und die Porta Ovile und haben eine Fl\u00e4che ab 19 m\u00b2.<\/p>\n\n\n\n<p><a href=\"https:\/\/www.albergominerva.it\/de\/die-zimmer\/junior-suite-zimmer-aussicht-siena-zentrum\/\">Die Double Junior Suiten<\/a> haben einen Blick auf das historische Zentrum von Siena, haben eine Fl\u00e4che ab 19 m\u00b2 und sind mit einer kleinen Terrasse ausgestattet. Diese Zimmer sind dann alle mit einem Doppelbett und auf Wunsch mit zwei getrennten Betten ausgestattet.<\/p>\n\n\n\n<p>Sie k\u00f6nnen dann aus zahlreichen L\u00f6sungen w\u00e4hlen, die alle mit WLAN f\u00fcr Ihren Aufenthalt zum Vergn\u00fcgen oder f\u00fcr die Arbeit ausgestattet sind.<\/p>\n\n\n\n<p><strong>Unser Hotel ist ruhig und ideal f\u00fcr Eltern mit Kindern; Tats\u00e4chlich haben wir neben einem Flaschenw\u00e4rmer, einem Sterilisator und einer internen Spielzeugbibliothek auch Babybetten zur Verf\u00fcgung.<\/strong><\/p>\n\n\n\n<p>In Bezug auf das Fr\u00fchst\u00fcck bietet unser Hotel ein appetitliches Fr\u00fchst\u00fcck, italienisch, international und mit nat\u00fcrlichen und hochwertigen Marmeladen ausgestattet.<\/p>\n\n\n\n<p>Das Hotel Minerva reserviert f\u00fcr seine G\u00e4ste eine gro\u00dfe bewachte Garage f\u00fcr Autos, Motorr\u00e4der und Fahrr\u00e4der. Die Garage befindet sich direkt au\u00dferhalb der verkehrsberuhigten Zone und ist ein kostenpflichtiger Service.<\/p>\n\n\n\n<p>Sie finden das Hotel in Siena in der Via Garibaldi 72, 2 Autominuten vom Bahnhof und 7 Minuten zu Fu\u00df entfernt<\/p>\n\n\n\n<p>Um unser Hotel im Zentrum von Siena mit Parkplatz zu buchen, um Pienza zu entdecken, klicken Sie oben rechts auf Buchen oder rufen Sie 0577.284474 an oder senden Sie eine E-Mail an info@albergominerva.it.<\/p>\n","protected":false},"excerpt":{"rendered":"<p>Pienza ist eines der sch\u00f6nsten und intensivsten mittelalterlichen D\u00f6rfer in der Provinz Siena. Es war Papst Pius II., der den<\/p>\n","protected":false},"author":3,"featured_media":0,"parent":0,"menu_order":0,"comment_status":"closed","ping_status":"closed","template":"","meta":{"_acf_changed":false,"footnotes":""},"class_list":["post-10743","page","type-page","status-publish","hentry"],"acf":[],"yoast_head":"<!-- This site is optimized with the Yoast SEO plugin v27.4 - https:\/\/yoast.com\/product\/yoast-seo-wordpress\/ -->\n<title>Hotel in Siena, um Pienza zu besuchen - Hotel Minerva Siena<\/title>\n<meta name=\"robots\" content=\"index, follow, max-snippet:-1, max-image-preview:large, max-video-preview:-1\" \/>\n<link rel=\"canonical\" href=\"https:\/\/www.albergominerva.it\/de\/hotel-in-siena-um-pienza-zu-besuchen\/\" \/>\n<meta property=\"og:locale\" content=\"de_DE\" \/>\n<meta property=\"og:type\" content=\"article\" \/>\n<meta property=\"og:title\" content=\"Hotel in Siena, um Pienza zu besuchen - Hotel Minerva Siena\" \/>\n<meta property=\"og:description\" content=\"Pienza ist eines der sch\u00f6nsten und intensivsten mittelalterlichen D\u00f6rfer in der Provinz Siena. Es war Papst Pius II., der den\" \/>\n<meta property=\"og:url\" content=\"https:\/\/www.albergominerva.it\/de\/hotel-in-siena-um-pienza-zu-besuchen\/\" \/>\n<meta property=\"og:site_name\" content=\"Hotel Minerva Siena\" \/>\n<meta property=\"article:modified_time\" content=\"2023-03-29T15:34:13+00:00\" \/>\n<meta property=\"og:image\" content=\"https:\/\/www.albergominerva.it\/wp-content\/uploads\/2022\/06\/Pienza.jpg\" \/>\n<meta name=\"twitter:card\" content=\"summary_large_image\" \/>\n<meta name=\"twitter:label1\" content=\"Gesch\u00e4tzte Lesezeit\" \/>\n\t<meta name=\"twitter:data1\" content=\"3\u00a0Minuten\" \/>\n<script type=\"application\/ld+json\" class=\"yoast-schema-graph\">{\"@context\":\"https:\\\/\\\/schema.org\",\"@graph\":[{\"@type\":\"WebPage\",\"@id\":\"https:\\\/\\\/www.albergominerva.it\\\/de\\\/hotel-in-siena-um-pienza-zu-besuchen\\\/\",\"url\":\"https:\\\/\\\/www.albergominerva.it\\\/de\\\/hotel-in-siena-um-pienza-zu-besuchen\\\/\",\"name\":\"Hotel in Siena, um Pienza zu besuchen - Hotel Minerva Siena\",\"isPartOf\":{\"@id\":\"https:\\\/\\\/www.albergominerva.it\\\/de\\\/#website\"},\"primaryImageOfPage\":{\"@id\":\"https:\\\/\\\/www.albergominerva.it\\\/de\\\/hotel-in-siena-um-pienza-zu-besuchen\\\/#primaryimage\"},\"image\":{\"@id\":\"https:\\\/\\\/www.albergominerva.it\\\/de\\\/hotel-in-siena-um-pienza-zu-besuchen\\\/#primaryimage\"},\"thumbnailUrl\":\"https:\\\/\\\/www.albergominerva.it\\\/wp-content\\\/uploads\\\/2022\\\/06\\\/Pienza.jpg\",\"datePublished\":\"2023-03-29T15:34:10+00:00\",\"dateModified\":\"2023-03-29T15:34:13+00:00\",\"breadcrumb\":{\"@id\":\"https:\\\/\\\/www.albergominerva.it\\\/de\\\/hotel-in-siena-um-pienza-zu-besuchen\\\/#breadcrumb\"},\"inLanguage\":\"de\",\"potentialAction\":[{\"@type\":\"ReadAction\",\"target\":[\"https:\\\/\\\/www.albergominerva.it\\\/de\\\/hotel-in-siena-um-pienza-zu-besuchen\\\/\"]}]},{\"@type\":\"ImageObject\",\"inLanguage\":\"de\",\"@id\":\"https:\\\/\\\/www.albergominerva.it\\\/de\\\/hotel-in-siena-um-pienza-zu-besuchen\\\/#primaryimage\",\"url\":\"https:\\\/\\\/www.albergominerva.it\\\/wp-content\\\/uploads\\\/2022\\\/06\\\/Pienza.jpg\",\"contentUrl\":\"https:\\\/\\\/www.albergominerva.it\\\/wp-content\\\/uploads\\\/2022\\\/06\\\/Pienza.jpg\"},{\"@type\":\"BreadcrumbList\",\"@id\":\"https:\\\/\\\/www.albergominerva.it\\\/de\\\/hotel-in-siena-um-pienza-zu-besuchen\\\/#breadcrumb\",\"itemListElement\":[{\"@type\":\"ListItem\",\"position\":1,\"name\":\"Home\",\"item\":\"https:\\\/\\\/www.albergominerva.it\\\/de\\\/\"},{\"@type\":\"ListItem\",\"position\":2,\"name\":\"Hotel in Siena, um Pienza zu besuchen\"}]},{\"@type\":\"WebSite\",\"@id\":\"https:\\\/\\\/www.albergominerva.it\\\/de\\\/#website\",\"url\":\"https:\\\/\\\/www.albergominerva.it\\\/de\\\/\",\"name\":\"Hotel Minerva Siena\",\"description\":\"Hotel in Centro Storico a Siena - Toscana - Italy\",\"potentialAction\":[{\"@type\":\"SearchAction\",\"target\":{\"@type\":\"EntryPoint\",\"urlTemplate\":\"https:\\\/\\\/www.albergominerva.it\\\/de\\\/?s={search_term_string}\"},\"query-input\":{\"@type\":\"PropertyValueSpecification\",\"valueRequired\":true,\"valueName\":\"search_term_string\"}}],\"inLanguage\":\"de\"}]}<\/script>\n<!-- \/ Yoast SEO plugin. -->","yoast_head_json":{"title":"Hotel in Siena, um Pienza zu besuchen - Hotel Minerva Siena","robots":{"index":"index","follow":"follow","max-snippet":"max-snippet:-1","max-image-preview":"max-image-preview:large","max-video-preview":"max-video-preview:-1"},"canonical":"https:\/\/www.albergominerva.it\/de\/hotel-in-siena-um-pienza-zu-besuchen\/","og_locale":"de_DE","og_type":"article","og_title":"Hotel in Siena, um Pienza zu besuchen - Hotel Minerva Siena","og_description":"Pienza ist eines der sch\u00f6nsten und intensivsten mittelalterlichen D\u00f6rfer in der Provinz Siena. Es war Papst Pius II., der den","og_url":"https:\/\/www.albergominerva.it\/de\/hotel-in-siena-um-pienza-zu-besuchen\/","og_site_name":"Hotel Minerva Siena","article_modified_time":"2023-03-29T15:34:13+00:00","og_image":[{"url":"https:\/\/www.albergominerva.it\/wp-content\/uploads\/2022\/06\/Pienza.jpg","type":"","width":"","height":""}],"twitter_card":"summary_large_image","twitter_misc":{"Gesch\u00e4tzte Lesezeit":"3\u00a0Minuten"},"schema":{"@context":"https:\/\/schema.org","@graph":[{"@type":"WebPage","@id":"https:\/\/www.albergominerva.it\/de\/hotel-in-siena-um-pienza-zu-besuchen\/","url":"https:\/\/www.albergominerva.it\/de\/hotel-in-siena-um-pienza-zu-besuchen\/","name":"Hotel in Siena, um Pienza zu besuchen - Hotel Minerva Siena","isPartOf":{"@id":"https:\/\/www.albergominerva.it\/de\/#website"},"primaryImageOfPage":{"@id":"https:\/\/www.albergominerva.it\/de\/hotel-in-siena-um-pienza-zu-besuchen\/#primaryimage"},"image":{"@id":"https:\/\/www.albergominerva.it\/de\/hotel-in-siena-um-pienza-zu-besuchen\/#primaryimage"},"thumbnailUrl":"https:\/\/www.albergominerva.it\/wp-content\/uploads\/2022\/06\/Pienza.jpg","datePublished":"2023-03-29T15:34:10+00:00","dateModified":"2023-03-29T15:34:13+00:00","breadcrumb":{"@id":"https:\/\/www.albergominerva.it\/de\/hotel-in-siena-um-pienza-zu-besuchen\/#breadcrumb"},"inLanguage":"de","potentialAction":[{"@type":"ReadAction","target":["https:\/\/www.albergominerva.it\/de\/hotel-in-siena-um-pienza-zu-besuchen\/"]}]},{"@type":"ImageObject","inLanguage":"de","@id":"https:\/\/www.albergominerva.it\/de\/hotel-in-siena-um-pienza-zu-besuchen\/#primaryimage","url":"https:\/\/www.albergominerva.it\/wp-content\/uploads\/2022\/06\/Pienza.jpg","contentUrl":"https:\/\/www.albergominerva.it\/wp-content\/uploads\/2022\/06\/Pienza.jpg"},{"@type":"BreadcrumbList","@id":"https:\/\/www.albergominerva.it\/de\/hotel-in-siena-um-pienza-zu-besuchen\/#breadcrumb","itemListElement":[{"@type":"ListItem","position":1,"name":"Home","item":"https:\/\/www.albergominerva.it\/de\/"},{"@type":"ListItem","position":2,"name":"Hotel in Siena, um Pienza zu besuchen"}]},{"@type":"WebSite","@id":"https:\/\/www.albergominerva.it\/de\/#website","url":"https:\/\/www.albergominerva.it\/de\/","name":"Hotel Minerva Siena","description":"Hotel in Centro Storico a Siena - Toscana - Italy","potentialAction":[{"@type":"SearchAction","target":{"@type":"EntryPoint","urlTemplate":"https:\/\/www.albergominerva.it\/de\/?s={search_term_string}"},"query-input":{"@type":"PropertyValueSpecification","valueRequired":true,"valueName":"search_term_string"}}],"inLanguage":"de"}]}},"_links":{"self":[{"href":"https:\/\/www.albergominerva.it\/de\/wp-json\/wp\/v2\/pages\/10743","targetHints":{"allow":["GET"]}}],"collection":[{"href":"https:\/\/www.albergominerva.it\/de\/wp-json\/wp\/v2\/pages"}],"about":[{"href":"https:\/\/www.albergominerva.it\/de\/wp-json\/wp\/v2\/types\/page"}],"author":[{"embeddable":true,"href":"https:\/\/www.albergominerva.it\/de\/wp-json\/wp\/v2\/users\/3"}],"replies":[{"embeddable":true,"href":"https:\/\/www.albergominerva.it\/de\/wp-json\/wp\/v2\/comments?post=10743"}],"version-history":[{"count":1,"href":"https:\/\/www.albergominerva.it\/de\/wp-json\/wp\/v2\/pages\/10743\/revisions"}],"predecessor-version":[{"id":10744,"href":"https:\/\/www.albergominerva.it\/de\/wp-json\/wp\/v2\/pages\/10743\/revisions\/10744"}],"wp:attachment":[{"href":"https:\/\/www.albergominerva.it\/de\/wp-json\/wp\/v2\/media?parent=10743"}],"curies":[{"name":"wp","href":"https:\/\/api.w.org\/{rel}","templated":true}]}}