{"id":10745,"date":"2023-03-29T17:36:53","date_gmt":"2023-03-29T15:36:53","guid":{"rendered":"https:\/\/www.albergominerva.it\/?page_id=10745"},"modified":"2023-03-29T17:36:56","modified_gmt":"2023-03-29T15:36:56","slug":"hotel-in-siena-um-san-gimignano-zu-besuchen","status":"publish","type":"page","link":"https:\/\/www.albergominerva.it\/de\/hotel-in-siena-um-san-gimignano-zu-besuchen\/","title":{"rendered":"Hotel in Siena, um San Gimignano zu besuchen"},"content":{"rendered":"\n<p><strong>San Gimignano ist eines der sch\u00f6nsten mittelalterlichen D\u00f6rfer der Provinz Siena.<\/strong><\/p>\n\n\n\n<p>Seine 15 T\u00fcrme (im Mittelalter waren es sogar 72) sind ein Spektakel f\u00fcr das Auge und markieren eine magische R\u00fcckkehr in eine vergangene Zeit.<\/p>\n\n\n\n<figure class=\"wp-block-image size-full\"><img loading=\"lazy\" decoding=\"async\" width=\"640\" height=\"426\" src=\"https:\/\/www.albergominerva.it\/wp-content\/uploads\/2022\/06\/San-Gimignano.jpg\" alt=\"\" class=\"wp-image-9609\" srcset=\"https:\/\/www.albergominerva.it\/wp-content\/uploads\/2022\/06\/San-Gimignano.jpg 640w, https:\/\/www.albergominerva.it\/wp-content\/uploads\/2022\/06\/San-Gimignano-300x200.jpg 300w\" sizes=\"auto, (max-width: 640px) 100vw, 640px\" \/><\/figure>\n\n\n\n<p>Sie k\u00f6nnen die Stadt durch zwei T\u00fcren betreten und sie zwischen modernen Werkst\u00e4tten und Gesch\u00e4ften vollst\u00e4ndig zu Fu\u00df besichtigen.<\/p>\n\n\n\n<p>Absolut sehenswert sind die Fresken der Kirche Sant&#8217;Agostino, des Doms und das charakteristische Stadtmuseum.<\/p>\n\n\n\n<p>Wenn Sie San Gimignano von Siena aus besuchen m\u00f6chten, empfehlen wir Ihnen, das Hotel Minerva zu buchen, unser 3-Sterne-Hotel im Zentrum von Siena, etwas au\u00dferhalb des ZTL-Gebiets und nur wenige Minuten von der Autobahn entfernt, um San Gimignano zu besuchen.<\/p>\n\n\n\n<p>Ausgestattet mit einer Bar, einem Aufzug und einer kostenpflichtigen und gesch\u00fctzten Privatgarage mit direktem Zugang zum Hotel und 20 verf\u00fcgbaren Pl\u00e4tzen verf\u00fcgt das Minerva Hotel in seinen R\u00e4umlichkeiten \u00fcber 56 klimatisierte Zimmer, alle unterschiedlich, mit WLAN und in einfache unterteilt -Economy, Elegant-Standard, Superior-Zimmer und Junior-Suite, jedes mit seinen eigenen Merkmalen.<\/p>\n\n\n\n<p><a href=\"https:\/\/www.albergominerva.it\/de\/die-zimmer\/billige-zimmer-siena-zentrum\/\">Die Easy-Zimmer<\/a>, auf Anfrage mit Doppelbett oder zwei Einzelbetten, befinden sich im Innenbereich, blicken nicht auf das historische Zentrum und sind ab 16 m\u00b2 gro\u00df.<\/p>\n\n\n\n<p><a href=\"https:\/\/www.albergominerva.it\/de\/die-zimmer\/zimmer-elegant-siena-zentrum\/\">Die eleganten Standardzimmer<\/a> mit modernen M\u00f6beln und Pastellt\u00f6nen an den W\u00e4nden haben alle einen Blick auf das historische Zentrum von Siena und sind ab 19 m\u00b2 gro\u00df. Sie sind in Einzel- und Doppelzimmer unterteilt und bieten Platz f\u00fcr bis zu vier Personen.<\/p>\n\n\n\n<p><a href=\"https:\/\/www.albergominerva.it\/de\/die-zimmer\/junior-suite-doppelzimmer-siena-zentrum-2\/\">Die Superior-Zimmer<\/a> haben alle einen Blick auf die Basilika San Francesco, die Basilika Provenzano und die Porta Ovile und haben eine Fl\u00e4che ab einer Gr\u00f6\u00dfe von 19 m\u00b2.<\/p>\n\n\n\n<p><a href=\"https:\/\/www.albergominerva.it\/de\/die-zimmer\/junior-suite-zimmer-aussicht-siena-zentrum\/\">Die Double Junior<\/a> Suiten haben einen Blick auf das historische Zentrum von Siena, haben eine Fl\u00e4che ab 19 m\u00b2 und sind mit einer kleinen Terrasse ausgestattet. Diese Zimmer sind dann alle mit einem Doppelbett und bei Bedarf mit zwei getrennten Betten ausgestattet.<\/p>\n\n\n\n<p>Sie haben folglich die M\u00f6glichkeit, aus vielen Optionen zu w\u00e4hlen, die alle mit WLAN-Verbindung f\u00fcr Ihren Aufenthalt zum Vergn\u00fcgen oder Gesch\u00e4ft ausgestattet sind.<\/p>\n\n\n\n<p>Unser Hotel ist ruhig und eignet sich hervorragend f\u00fcr Eltern mit Kindern; Tats\u00e4chlich haben wir sogar Wiegen sowie einen Flaschenw\u00e4rmer, einen Sterilisator und eine Spielzeugbibliothek im Inneren.<\/p>\n\n\n\n<p>Zum Fr\u00fchst\u00fcck bietet unser Hotel ein k\u00f6stliches italienisches und internationales Fr\u00fchst\u00fcck mit hochwertigen nat\u00fcrlichen Marmeladen.<\/p>\n\n\n\n<p><strong>Sie finden das Hotel in Siena in der Via Garibaldi 72, weniger als 2 Autominuten vom Bahnhof und 7 Minuten zu Fu\u00df entfernt.<\/strong><\/p>\n\n\n\n<p>Um unser Hotel im Zentrum von Siena mit Parkplatz zu buchen, um San Gimignano schnell zu besuchen, klicken Sie oben rechts auf Buchen oder rufen Sie die Telefonnummer 0577.284474 an oder senden Sie eine E-Mail an info@albergominerva.it.<\/p>\n","protected":false},"excerpt":{"rendered":"<p>San Gimignano ist eines der sch\u00f6nsten mittelalterlichen D\u00f6rfer der Provinz Siena. Seine 15 T\u00fcrme (im Mittelalter waren es sogar 72)<\/p>\n","protected":false},"author":3,"featured_media":0,"parent":0,"menu_order":0,"comment_status":"closed","ping_status":"closed","template":"","meta":{"_acf_changed":false,"footnotes":""},"class_list":["post-10745","page","type-page","status-publish","hentry"],"acf":[],"yoast_head":"<!-- This site is optimized with the Yoast SEO plugin v27.4 - https:\/\/yoast.com\/product\/yoast-seo-wordpress\/ -->\n<title>Hotel in Siena, um San Gimignano zu besuchen - Hotel Minerva Siena<\/title>\n<meta name=\"robots\" content=\"index, follow, max-snippet:-1, max-image-preview:large, max-video-preview:-1\" \/>\n<link rel=\"canonical\" href=\"https:\/\/www.albergominerva.it\/de\/hotel-in-siena-um-san-gimignano-zu-besuchen\/\" \/>\n<meta property=\"og:locale\" content=\"de_DE\" \/>\n<meta property=\"og:type\" content=\"article\" \/>\n<meta property=\"og:title\" content=\"Hotel in Siena, um San Gimignano zu besuchen - Hotel Minerva Siena\" \/>\n<meta property=\"og:description\" content=\"San Gimignano ist eines der sch\u00f6nsten mittelalterlichen D\u00f6rfer der Provinz Siena. Seine 15 T\u00fcrme (im Mittelalter waren es sogar 72)\" \/>\n<meta property=\"og:url\" content=\"https:\/\/www.albergominerva.it\/de\/hotel-in-siena-um-san-gimignano-zu-besuchen\/\" \/>\n<meta property=\"og:site_name\" content=\"Hotel Minerva Siena\" \/>\n<meta property=\"article:modified_time\" content=\"2023-03-29T15:36:56+00:00\" \/>\n<meta property=\"og:image\" content=\"https:\/\/www.albergominerva.it\/wp-content\/uploads\/2022\/06\/San-Gimignano.jpg\" \/>\n<meta name=\"twitter:card\" content=\"summary_large_image\" \/>\n<meta name=\"twitter:label1\" content=\"Gesch\u00e4tzte Lesezeit\" \/>\n\t<meta name=\"twitter:data1\" content=\"3\u00a0Minuten\" \/>\n<script type=\"application\/ld+json\" class=\"yoast-schema-graph\">{\"@context\":\"https:\\\/\\\/schema.org\",\"@graph\":[{\"@type\":\"WebPage\",\"@id\":\"https:\\\/\\\/www.albergominerva.it\\\/de\\\/hotel-in-siena-um-san-gimignano-zu-besuchen\\\/\",\"url\":\"https:\\\/\\\/www.albergominerva.it\\\/de\\\/hotel-in-siena-um-san-gimignano-zu-besuchen\\\/\",\"name\":\"Hotel in Siena, um San Gimignano zu besuchen - Hotel Minerva Siena\",\"isPartOf\":{\"@id\":\"https:\\\/\\\/www.albergominerva.it\\\/de\\\/#website\"},\"primaryImageOfPage\":{\"@id\":\"https:\\\/\\\/www.albergominerva.it\\\/de\\\/hotel-in-siena-um-san-gimignano-zu-besuchen\\\/#primaryimage\"},\"image\":{\"@id\":\"https:\\\/\\\/www.albergominerva.it\\\/de\\\/hotel-in-siena-um-san-gimignano-zu-besuchen\\\/#primaryimage\"},\"thumbnailUrl\":\"https:\\\/\\\/www.albergominerva.it\\\/wp-content\\\/uploads\\\/2022\\\/06\\\/San-Gimignano.jpg\",\"datePublished\":\"2023-03-29T15:36:53+00:00\",\"dateModified\":\"2023-03-29T15:36:56+00:00\",\"breadcrumb\":{\"@id\":\"https:\\\/\\\/www.albergominerva.it\\\/de\\\/hotel-in-siena-um-san-gimignano-zu-besuchen\\\/#breadcrumb\"},\"inLanguage\":\"de\",\"potentialAction\":[{\"@type\":\"ReadAction\",\"target\":[\"https:\\\/\\\/www.albergominerva.it\\\/de\\\/hotel-in-siena-um-san-gimignano-zu-besuchen\\\/\"]}]},{\"@type\":\"ImageObject\",\"inLanguage\":\"de\",\"@id\":\"https:\\\/\\\/www.albergominerva.it\\\/de\\\/hotel-in-siena-um-san-gimignano-zu-besuchen\\\/#primaryimage\",\"url\":\"https:\\\/\\\/www.albergominerva.it\\\/wp-content\\\/uploads\\\/2022\\\/06\\\/San-Gimignano.jpg\",\"contentUrl\":\"https:\\\/\\\/www.albergominerva.it\\\/wp-content\\\/uploads\\\/2022\\\/06\\\/San-Gimignano.jpg\"},{\"@type\":\"BreadcrumbList\",\"@id\":\"https:\\\/\\\/www.albergominerva.it\\\/de\\\/hotel-in-siena-um-san-gimignano-zu-besuchen\\\/#breadcrumb\",\"itemListElement\":[{\"@type\":\"ListItem\",\"position\":1,\"name\":\"Home\",\"item\":\"https:\\\/\\\/www.albergominerva.it\\\/de\\\/\"},{\"@type\":\"ListItem\",\"position\":2,\"name\":\"Hotel in Siena, um San Gimignano zu besuchen\"}]},{\"@type\":\"WebSite\",\"@id\":\"https:\\\/\\\/www.albergominerva.it\\\/de\\\/#website\",\"url\":\"https:\\\/\\\/www.albergominerva.it\\\/de\\\/\",\"name\":\"Hotel Minerva Siena\",\"description\":\"Hotel in Centro Storico a Siena - Toscana - Italy\",\"potentialAction\":[{\"@type\":\"SearchAction\",\"target\":{\"@type\":\"EntryPoint\",\"urlTemplate\":\"https:\\\/\\\/www.albergominerva.it\\\/de\\\/?s={search_term_string}\"},\"query-input\":{\"@type\":\"PropertyValueSpecification\",\"valueRequired\":true,\"valueName\":\"search_term_string\"}}],\"inLanguage\":\"de\"}]}<\/script>\n<!-- \/ Yoast SEO plugin. -->","yoast_head_json":{"title":"Hotel in Siena, um San Gimignano zu besuchen - Hotel Minerva Siena","robots":{"index":"index","follow":"follow","max-snippet":"max-snippet:-1","max-image-preview":"max-image-preview:large","max-video-preview":"max-video-preview:-1"},"canonical":"https:\/\/www.albergominerva.it\/de\/hotel-in-siena-um-san-gimignano-zu-besuchen\/","og_locale":"de_DE","og_type":"article","og_title":"Hotel in Siena, um San Gimignano zu besuchen - Hotel Minerva Siena","og_description":"San Gimignano ist eines der sch\u00f6nsten mittelalterlichen D\u00f6rfer der Provinz Siena. Seine 15 T\u00fcrme (im Mittelalter waren es sogar 72)","og_url":"https:\/\/www.albergominerva.it\/de\/hotel-in-siena-um-san-gimignano-zu-besuchen\/","og_site_name":"Hotel Minerva Siena","article_modified_time":"2023-03-29T15:36:56+00:00","og_image":[{"url":"https:\/\/www.albergominerva.it\/wp-content\/uploads\/2022\/06\/San-Gimignano.jpg","type":"","width":"","height":""}],"twitter_card":"summary_large_image","twitter_misc":{"Gesch\u00e4tzte Lesezeit":"3\u00a0Minuten"},"schema":{"@context":"https:\/\/schema.org","@graph":[{"@type":"WebPage","@id":"https:\/\/www.albergominerva.it\/de\/hotel-in-siena-um-san-gimignano-zu-besuchen\/","url":"https:\/\/www.albergominerva.it\/de\/hotel-in-siena-um-san-gimignano-zu-besuchen\/","name":"Hotel in Siena, um San Gimignano zu besuchen - Hotel Minerva Siena","isPartOf":{"@id":"https:\/\/www.albergominerva.it\/de\/#website"},"primaryImageOfPage":{"@id":"https:\/\/www.albergominerva.it\/de\/hotel-in-siena-um-san-gimignano-zu-besuchen\/#primaryimage"},"image":{"@id":"https:\/\/www.albergominerva.it\/de\/hotel-in-siena-um-san-gimignano-zu-besuchen\/#primaryimage"},"thumbnailUrl":"https:\/\/www.albergominerva.it\/wp-content\/uploads\/2022\/06\/San-Gimignano.jpg","datePublished":"2023-03-29T15:36:53+00:00","dateModified":"2023-03-29T15:36:56+00:00","breadcrumb":{"@id":"https:\/\/www.albergominerva.it\/de\/hotel-in-siena-um-san-gimignano-zu-besuchen\/#breadcrumb"},"inLanguage":"de","potentialAction":[{"@type":"ReadAction","target":["https:\/\/www.albergominerva.it\/de\/hotel-in-siena-um-san-gimignano-zu-besuchen\/"]}]},{"@type":"ImageObject","inLanguage":"de","@id":"https:\/\/www.albergominerva.it\/de\/hotel-in-siena-um-san-gimignano-zu-besuchen\/#primaryimage","url":"https:\/\/www.albergominerva.it\/wp-content\/uploads\/2022\/06\/San-Gimignano.jpg","contentUrl":"https:\/\/www.albergominerva.it\/wp-content\/uploads\/2022\/06\/San-Gimignano.jpg"},{"@type":"BreadcrumbList","@id":"https:\/\/www.albergominerva.it\/de\/hotel-in-siena-um-san-gimignano-zu-besuchen\/#breadcrumb","itemListElement":[{"@type":"ListItem","position":1,"name":"Home","item":"https:\/\/www.albergominerva.it\/de\/"},{"@type":"ListItem","position":2,"name":"Hotel in Siena, um San Gimignano zu besuchen"}]},{"@type":"WebSite","@id":"https:\/\/www.albergominerva.it\/de\/#website","url":"https:\/\/www.albergominerva.it\/de\/","name":"Hotel Minerva Siena","description":"Hotel in Centro Storico a Siena - Toscana - Italy","potentialAction":[{"@type":"SearchAction","target":{"@type":"EntryPoint","urlTemplate":"https:\/\/www.albergominerva.it\/de\/?s={search_term_string}"},"query-input":{"@type":"PropertyValueSpecification","valueRequired":true,"valueName":"search_term_string"}}],"inLanguage":"de"}]}},"_links":{"self":[{"href":"https:\/\/www.albergominerva.it\/de\/wp-json\/wp\/v2\/pages\/10745","targetHints":{"allow":["GET"]}}],"collection":[{"href":"https:\/\/www.albergominerva.it\/de\/wp-json\/wp\/v2\/pages"}],"about":[{"href":"https:\/\/www.albergominerva.it\/de\/wp-json\/wp\/v2\/types\/page"}],"author":[{"embeddable":true,"href":"https:\/\/www.albergominerva.it\/de\/wp-json\/wp\/v2\/users\/3"}],"replies":[{"embeddable":true,"href":"https:\/\/www.albergominerva.it\/de\/wp-json\/wp\/v2\/comments?post=10745"}],"version-history":[{"count":1,"href":"https:\/\/www.albergominerva.it\/de\/wp-json\/wp\/v2\/pages\/10745\/revisions"}],"predecessor-version":[{"id":10746,"href":"https:\/\/www.albergominerva.it\/de\/wp-json\/wp\/v2\/pages\/10745\/revisions\/10746"}],"wp:attachment":[{"href":"https:\/\/www.albergominerva.it\/de\/wp-json\/wp\/v2\/media?parent=10745"}],"curies":[{"name":"wp","href":"https:\/\/api.w.org\/{rel}","templated":true}]}}