{"id":10751,"date":"2023-03-29T17:50:09","date_gmt":"2023-03-29T15:50:09","guid":{"rendered":"https:\/\/www.albergominerva.it\/?page_id=10751"},"modified":"2023-03-30T08:15:15","modified_gmt":"2023-03-30T06:15:15","slug":"hotel-in-siena-fuer-eine-nacht","status":"publish","type":"page","link":"https:\/\/www.albergominerva.it\/de\/hotel-in-siena-fuer-eine-nacht\/","title":{"rendered":"Hotel in Siena f\u00fcr eine Nacht"},"content":{"rendered":"\n<p><strong>Sie m\u00f6chten ein paar Tage Urlaub in Siena in der Toskana machen und suchen ein Hotel f\u00fcr eine Nacht?<\/strong><\/p>\n\n\n\n<figure class=\"wp-block-gallery has-nested-images columns-default is-cropped wp-block-gallery-1 is-layout-flex wp-block-gallery-is-layout-flex\">\n<figure class=\"wp-block-image size-large\"><img loading=\"lazy\" decoding=\"async\" width=\"1024\" height=\"1008\" data-id=\"9409\" src=\"https:\/\/www.albergominerva.it\/wp-content\/uploads\/2022\/03\/20220304_002444-1024x1008.jpg\" alt=\"\" class=\"wp-image-9409\" srcset=\"https:\/\/www.albergominerva.it\/wp-content\/uploads\/2022\/03\/20220304_002444-1024x1008.jpg 1024w, https:\/\/www.albergominerva.it\/wp-content\/uploads\/2022\/03\/20220304_002444-300x295.jpg 300w, https:\/\/www.albergominerva.it\/wp-content\/uploads\/2022\/03\/20220304_002444-768x756.jpg 768w, https:\/\/www.albergominerva.it\/wp-content\/uploads\/2022\/03\/20220304_002444-1536x1513.jpg 1536w, https:\/\/www.albergominerva.it\/wp-content\/uploads\/2022\/03\/20220304_002444-2048x2017.jpg 2048w, https:\/\/www.albergominerva.it\/wp-content\/uploads\/2022\/03\/20220304_002444-1000x985.jpg 1000w, https:\/\/www.albergominerva.it\/wp-content\/uploads\/2022\/03\/20220304_002444-700x689.jpg 700w\" sizes=\"auto, (max-width: 1024px) 100vw, 1024px\" \/><\/figure>\n\n\n\n<figure class=\"wp-block-image size-large\"><img loading=\"lazy\" decoding=\"async\" width=\"768\" height=\"512\" data-id=\"9351\" src=\"https:\/\/www.albergominerva.it\/wp-content\/uploads\/2022\/02\/standard.jpg\" alt=\"\" class=\"wp-image-9351\" srcset=\"https:\/\/www.albergominerva.it\/wp-content\/uploads\/2022\/02\/standard.jpg 768w, https:\/\/www.albergominerva.it\/wp-content\/uploads\/2022\/02\/standard-300x200.jpg 300w, https:\/\/www.albergominerva.it\/wp-content\/uploads\/2022\/02\/standard-700x467.jpg 700w\" sizes=\"auto, (max-width: 768px) 100vw, 768px\" \/><\/figure>\n\n\n\n<figure class=\"wp-block-image size-large\"><img loading=\"lazy\" decoding=\"async\" width=\"768\" height=\"512\" data-id=\"9327\" src=\"https:\/\/www.albergominerva.it\/wp-content\/uploads\/2022\/02\/esterni-hotel-minerva-siena-33-1-768x512-1.jpg\" alt=\"\" class=\"wp-image-9327\" srcset=\"https:\/\/www.albergominerva.it\/wp-content\/uploads\/2022\/02\/esterni-hotel-minerva-siena-33-1-768x512-1.jpg 768w, https:\/\/www.albergominerva.it\/wp-content\/uploads\/2022\/02\/esterni-hotel-minerva-siena-33-1-768x512-1-300x200.jpg 300w, https:\/\/www.albergominerva.it\/wp-content\/uploads\/2022\/02\/esterni-hotel-minerva-siena-33-1-768x512-1-700x467.jpg 700w\" sizes=\"auto, (max-width: 768px) 100vw, 768px\" \/><\/figure>\n\n\n\n<figure class=\"wp-block-image size-large\"><img loading=\"lazy\" decoding=\"async\" width=\"800\" height=\"533\" data-id=\"8504\" src=\"https:\/\/www.albergominerva.it\/wp-content\/uploads\/2021\/03\/esterni-hotel-minerva-siena-07.jpg\" alt=\"\" class=\"wp-image-8504\" srcset=\"https:\/\/www.albergominerva.it\/wp-content\/uploads\/2021\/03\/esterni-hotel-minerva-siena-07.jpg 800w, https:\/\/www.albergominerva.it\/wp-content\/uploads\/2021\/03\/esterni-hotel-minerva-siena-07-300x200.jpg 300w, https:\/\/www.albergominerva.it\/wp-content\/uploads\/2021\/03\/esterni-hotel-minerva-siena-07-768x512.jpg 768w, https:\/\/www.albergominerva.it\/wp-content\/uploads\/2021\/03\/esterni-hotel-minerva-siena-07-700x466.jpg 700w\" sizes=\"auto, (max-width: 800px) 100vw, 800px\" \/><\/figure>\n\n\n\n<figure class=\"wp-block-image size-large\"><img loading=\"lazy\" decoding=\"async\" width=\"500\" height=\"380\" data-id=\"9386\" src=\"https:\/\/www.albergominerva.it\/wp-content\/uploads\/2022\/02\/dolci-senesi.jpg\" alt=\"\" class=\"wp-image-9386\" srcset=\"https:\/\/www.albergominerva.it\/wp-content\/uploads\/2022\/02\/dolci-senesi.jpg 500w, https:\/\/www.albergominerva.it\/wp-content\/uploads\/2022\/02\/dolci-senesi-300x228.jpg 300w\" sizes=\"auto, (max-width: 500px) 100vw, 500px\" \/><\/figure>\n\n\n\n<figure class=\"wp-block-image size-large\"><img loading=\"lazy\" decoding=\"async\" width=\"1024\" height=\"683\" data-id=\"9368\" src=\"https:\/\/www.albergominerva.it\/wp-content\/uploads\/2022\/02\/camera-121-1024x683.jpg\" alt=\"\" class=\"wp-image-9368\" srcset=\"https:\/\/www.albergominerva.it\/wp-content\/uploads\/2022\/02\/camera-121-1024x683.jpg 1024w, https:\/\/www.albergominerva.it\/wp-content\/uploads\/2022\/02\/camera-121-300x200.jpg 300w, https:\/\/www.albergominerva.it\/wp-content\/uploads\/2022\/02\/camera-121-768x512.jpg 768w, https:\/\/www.albergominerva.it\/wp-content\/uploads\/2022\/02\/camera-121-1536x1024.jpg 1536w, https:\/\/www.albergominerva.it\/wp-content\/uploads\/2022\/02\/camera-121-2048x1365.jpg 2048w, https:\/\/www.albergominerva.it\/wp-content\/uploads\/2022\/02\/camera-121-1000x667.jpg 1000w, https:\/\/www.albergominerva.it\/wp-content\/uploads\/2022\/02\/camera-121-700x467.jpg 700w\" sizes=\"auto, (max-width: 1024px) 100vw, 1024px\" \/><\/figure>\n\n\n\n<figure class=\"wp-block-image size-large\"><img loading=\"lazy\" decoding=\"async\" width=\"1024\" height=\"682\" data-id=\"8278\" src=\"https:\/\/www.albergominerva.it\/wp-content\/uploads\/2020\/07\/esterni-hotel-minerva-siena-39.jpg\" alt=\"\" class=\"wp-image-8278\" srcset=\"https:\/\/www.albergominerva.it\/wp-content\/uploads\/2020\/07\/esterni-hotel-minerva-siena-39.jpg 1024w, https:\/\/www.albergominerva.it\/wp-content\/uploads\/2020\/07\/esterni-hotel-minerva-siena-39-300x200.jpg 300w, https:\/\/www.albergominerva.it\/wp-content\/uploads\/2020\/07\/esterni-hotel-minerva-siena-39-768x512.jpg 768w, https:\/\/www.albergominerva.it\/wp-content\/uploads\/2020\/07\/esterni-hotel-minerva-siena-39-1000x666.jpg 1000w, https:\/\/www.albergominerva.it\/wp-content\/uploads\/2020\/07\/esterni-hotel-minerva-siena-39-700x466.jpg 700w\" sizes=\"auto, (max-width: 1024px) 100vw, 1024px\" \/><\/figure>\n\n\n\n<figure class=\"wp-block-image size-large\"><img loading=\"lazy\" decoding=\"async\" width=\"511\" height=\"768\" data-id=\"8226\" src=\"https:\/\/www.albergominerva.it\/wp-content\/uploads\/2020\/07\/camera-099.jpg\" alt=\"\" class=\"wp-image-8226\" srcset=\"https:\/\/www.albergominerva.it\/wp-content\/uploads\/2020\/07\/camera-099.jpg 511w, https:\/\/www.albergominerva.it\/wp-content\/uploads\/2020\/07\/camera-099-200x300.jpg 200w\" sizes=\"auto, (max-width: 511px) 100vw, 511px\" \/><\/figure>\n\n\n\n<figure class=\"wp-block-image size-large\"><img loading=\"lazy\" decoding=\"async\" width=\"1024\" height=\"683\" data-id=\"8160\" src=\"https:\/\/www.albergominerva.it\/wp-content\/uploads\/2020\/07\/261752624.jpg\" alt=\"\" class=\"wp-image-8160\" srcset=\"https:\/\/www.albergominerva.it\/wp-content\/uploads\/2020\/07\/261752624.jpg 1024w, https:\/\/www.albergominerva.it\/wp-content\/uploads\/2020\/07\/261752624-300x200.jpg 300w, https:\/\/www.albergominerva.it\/wp-content\/uploads\/2020\/07\/261752624-768x512.jpg 768w, https:\/\/www.albergominerva.it\/wp-content\/uploads\/2020\/07\/261752624-1000x667.jpg 1000w, https:\/\/www.albergominerva.it\/wp-content\/uploads\/2020\/07\/261752624-700x467.jpg 700w\" sizes=\"auto, (max-width: 1024px) 100vw, 1024px\" \/><\/figure>\n<\/figure>\n\n\n\n<p>In diesem Fall empfehlen wir Ihnen, das Hotel Minerva zu buchen, unser charmantes 3-Sterne-Hotel im historischen Zentrum von Siena, nur wenige Minuten von der Piazza del Campo entfernt und etwas au\u00dferhalb der verkehrsberuhigten Zone.<\/p>\n\n\n\n<p>Ausgestattet mit einer Bar, einem Aufzug und einem kostenpflichtigen Innenparkplatz, geschlossen, mit direktem Eingang zum Hotel und 20 verf\u00fcgbaren Pl\u00e4tzen, enth\u00e4lt das Minerva Hotel in seinen R\u00e4umlichkeiten 56 klimatisierte Zimmer, alle unterschiedlich, mit drahtloser Verbindung und in einfache unterteilt -Economy, Elegant-Standard, Superior-Zimmer und Junior-Suite, jedes mit seinen eigenen Merkmalen.<\/p>\n\n\n\n<p><a href=\"https:\/\/www.albergominerva.it\/de\/die-zimmer\/billige-zimmer-siena-zentrum\/\">Die Easy-Zimmer<\/a>, auf Anfrage mit Doppelbett oder zwei Einzelbetten, befinden sich im Inneren, blicken nicht auf das historische Zentrum und haben eine Fl\u00e4che ab 16 m\u00b2.<br><br><a href=\"https:\/\/www.albergominerva.it\/de\/die-zimmer\/zimmer-elegant-siena-zentrum\/\">Die eleganten Standardzimmer<\/a> mit moderner Einrichtung und Pastellt\u00f6nen an den W\u00e4nden haben alle einen Blick auf das historische Zentrum von Siena und haben eine Fl\u00e4che ab 19 m\u00b2.<\/p>\n\n\n\n<p>Sie sind in Einzel- und Doppelzimmer unterteilt und bieten Platz f\u00fcr bis zu 4 Personen.<\/p>\n\n\n\n<p><a href=\"https:\/\/www.albergominerva.it\/de\/die-zimmer\/junior-suite-doppelzimmer-siena-zentrum-2\/\">Die Superior-Zimmer<\/a> haben alle einen Blick auf die Basilika San Francesco, die Basilika Provenzano und die Porta Ovile und sind ab einer Gr\u00f6\u00dfe von 19 m\u00b2 gro\u00df.<\/p>\n\n\n\n<p><a href=\"https:\/\/www.albergominerva.it\/de\/die-zimmer\/junior-suite-zimmer-aussicht-siena-zentrum\/\">Die Double Junior Suiten<\/a> haben einen Blick auf das historische Zentrum von Siena, haben eine Fl\u00e4che ab 19 m\u00b2 und sind mit einer kleinen Terrasse ausgestattet. Au\u00dferdem sind diese Zimmer alle mit einem Doppelbett und auf Wunsch mit zwei getrennten Betten ausgestattet.<\/p>\n\n\n\n<p>Sie k\u00f6nnen daher zwischen vielen Alternativen w\u00e4hlen, die alle mit WLAN-Verbindung f\u00fcr Ihren Zwischenstopp zum Vergn\u00fcgen oder Gesch\u00e4ft ausgestattet sind.<\/p>\n\n\n\n<p>Das Hotel Minerva zeigt dann im Inneren regelm\u00e4\u00dfig eine echte Galerie f\u00fcr zeitgen\u00f6ssische Kunst, die Werke von sienesischen K\u00fcnstlern ausstellt.<\/p>\n\n\n\n<p>Unser Hotel ist ruhig und ideal f\u00fcr Familien mit Kindern; Tats\u00e4chlich haben wir sogar Wiegen sowie Flaschenw\u00e4rmer, Sterilisatoren und eine Spielzeugbibliothek im Inneren.<\/p>\n\n\n\n<p>Das Minerva Hotel bietet auch einen einzigartigen Rahmen f\u00fcr Gesch\u00e4ftstreffen, da es mit WLAN-Verbindung und einem Tagungsraum mit Blick auf das historische Zentrum von Siena ausgestattet ist, der das Recht hat, bis zu 40 G\u00e4ste unterzubringen, und der \u00fcber LED-TV, Videoprojektor und Overhead-Projektor verf\u00fcgt und alle wichtigen Ger\u00e4te.<\/p>\n\n\n\n<p>In Bezug auf das Fr\u00fchst\u00fcck bietet unser Hotel ein appetitliches Fr\u00fchst\u00fcck, italienisch, international und mit echten Qualit\u00e4tsmarmeladen.<\/p>\n\n\n\n<p>Das Hotel Minerva reserviert f\u00fcr seine G\u00e4ste eine gro\u00dfe bewachte Garage f\u00fcr Autos, Motorr\u00e4der und Fahrr\u00e4der. Die Garage befindet sich direkt au\u00dferhalb der verkehrsberuhigten Zone und ist ein kostenpflichtiger Service.<\/p>\n\n\n\n<p><strong>Das Hotel befindet sich in Siena in der Via Garibaldi 72, weniger als 2 Autominuten vom Bahnhof und 7 Minuten zu Fu\u00df entfernt.<\/strong><\/p>\n\n\n\n<p>Um eine Reservierung in unserem Hotel im Zentrum von Siena mit Parkplatz f\u00fcr eine Nacht vorzunehmen, klicken Sie oben rechts auf Buchen oder rufen Sie 0577.284474 an oder senden Sie eine E-Mail an info@albergominerva.it.<\/p>\n\n\n\n<p>Das Albergo Minerva ist <a href=\"https:\/\/www.albergominerva.it\/de\/hotel-in-siena-mit-privatem-garten\/\">ein 3-Sterne-Hotel in Siena<\/a> mit internen kostenpflichtigen Parkpl\u00e4tzen f\u00fcr Autos, <a href=\"https:\/\/www.albergominerva.it\/motorradurlaub-in-der-toskana-das-minerva-hotel-fur-biker-in-siena\/\">Fahrr\u00e4der<\/a> und <a href=\"https:\/\/www.albergominerva.it\/vacaciones-en-moto-en-la-toscana-el-hotel-minerva-para-moteros-en-siena\/\">Motorr\u00e4der<\/a>.<\/p>\n\n\n\n<p>Das Hotel Minerva mit <a href=\"https:\/\/www.albergominerva.it\/hotel-in-siena-mit-panoramablick-um-die-provinz-zu-besuchen\/\">Panoramablick liegt<\/a> nur wenige Gehminuten von der Piazza del Campo entfernt und ist ideal, um die <a href=\"https:\/\/www.albergominerva.it\/hotel-in-siena-in-der-toskana-ubernachten-an-der-via-francigena\/\">Via Francigena<\/a>, die <a href=\"https:\/\/www.albergominerva.it\/hotel-in-siena-um-die-crete-senesi-zu-besuchen\/\">Crete Senesi<\/a>, <a href=\"https:\/\/www.albergominerva.it\/de\/hotel-in-siena-um-san-gimignano-zu-besuchen\/\">San Gimignano<\/a>, <a href=\"https:\/\/www.albergominerva.it\/de\/hotel-in-siena-um-pienza-zu-besuchen\/\">Pienza<\/a>, <a href=\"https:\/\/www.albergominerva.it\/de\/hotel-in-siena-um-montepulciano-zu-sehen\/\">Montepulciano<\/a>, <a href=\"https:\/\/www.albergominerva.it\/de\/hotel-in-siena-um-monteriggioni-zu-sehen\/\">Monteriggioni<\/a>, <a href=\"https:\/\/www.albergominerva.it\/de\/hotel-in-siena-um-san-galgano-zu-besuchen\/\">San Galgano<\/a>, <a href=\"https:\/\/www.albergominerva.it\/de\/hotel-in-siena-um-san-gimignano-zu-besuchen\/\">San Gimignano<\/a>, <a href=\"https:\/\/www.albergominerva.it\/de\/hotel-in-siena-um-bagno-vignoni-zu-besuchen\/\">Bagno Vignoni<\/a>, <a href=\"https:\/\/www.albergominerva.it\/hotel-in-siena-um-chiusi-zu-besuchen\/\">Chiusi<\/a> und das <a href=\"https:\/\/www.albergominerva.it\/hotel-in-siena-um-das-val-dorcia-zu-besuchen\/\">Val d&#8217;Orcia<\/a> zu entdecken.<\/p>\n\n\n\n<p>Perfekt f\u00fcr <a href=\"https:\/\/www.albergominerva.it\/hotel-in-siena-fur-zwei-personen\/\">Paare<\/a> und Familien, es ist der ideale Ort, <a href=\"https:\/\/www.albergominerva.it\/angebote-hotel-siena-fur-silvester-2024-letzte-des-jahres\/\">um das neue Jahr zu verbringen<\/a>.<\/p>\n\n\n\n<p>Das Albergo Minerva ist <a href=\"https:\/\/www.albergominerva.it\/de\/hotel-in-siena-mit-panoramablick\/\">ein 3-Sterne-Hotel im Zentrum von Siena<\/a>, ideal <a href=\"https:\/\/www.albergominerva.it\/de\/hotel-in-siena-fuer-eine-nacht\/\">f\u00fcr eine Nacht<\/a> oder mehr, und ist die <a href=\"https:\/\/www.albergominerva.it\/de\/hotel-siena-angebote-fuer-die-weihnachtsferien-2023\/\">perfekte L\u00f6sung f\u00fcr Weihnachten 2023<\/a>, den <a href=\"https:\/\/www.albergominerva.it\/de\/albergo-siena-fuer-den-palio-von-siena-am-16-august-2023\/\">Palio di Siena im August<\/a>, den im <a href=\"https:\/\/www.albergominerva.it\/de\/hotel-siena-fuer-den-palio-von-siena-am-2-juli-2023\/\">Juli<\/a>, <a href=\"https:\/\/www.albergominerva.it\/de\/hotel-siena-zu-ostern-2023\/\">Ostern<\/a>, <a href=\"https:\/\/www.albergominerva.it\/de\/hotel-siena-fuer-dezember-2023\/\">Dezember<\/a>, <a href=\"https:\/\/www.albergominerva.it\/de\/hotel-siena-fuer-november-2023\/\">November<\/a>, <a href=\"https:\/\/www.albergominerva.it\/de\/hotel-siena-fuer-oktober-2023\/\">Oktober<\/a>, <a href=\"https:\/\/www.albergominerva.it\/de\/hotel-siena-fuer-september-2023\/\">September<\/a>, <a href=\"https:\/\/www.albergominerva.it\/de\/hotel-siena-fuer-august-2023\/\">August<\/a>, <a href=\"https:\/\/www.albergominerva.it\/de\/hotel-siena-fuer-juli-2023\/\">Juli<\/a>, <a href=\"https:\/\/www.albergominerva.it\/de\/hotel-siena-fuer-juni-2023\/\">Juni<\/a>, <a href=\"https:\/\/www.albergominerva.it\/de\/hotel-siena-fuer-mai-2023\/\">Mai<\/a> und <a href=\"https:\/\/www.albergominerva.it\/de\/hotel-siena-fuer-april-2023\/\">April 2023<\/a>.<\/p>\n","protected":false},"excerpt":{"rendered":"<p>Sie m\u00f6chten ein paar Tage Urlaub in Siena in der Toskana machen und suchen ein Hotel f\u00fcr eine Nacht? In<\/p>\n","protected":false},"author":3,"featured_media":0,"parent":0,"menu_order":0,"comment_status":"closed","ping_status":"closed","template":"","meta":{"_acf_changed":false,"footnotes":""},"class_list":["post-10751","page","type-page","status-publish","hentry"],"acf":[],"yoast_head":"<!-- This site is optimized with the Yoast SEO plugin v27.4 - https:\/\/yoast.com\/product\/yoast-seo-wordpress\/ -->\n<title>Hotel in Siena f\u00fcr eine Nacht - Hotel Minerva Siena<\/title>\n<meta name=\"robots\" content=\"index, follow, max-snippet:-1, max-image-preview:large, max-video-preview:-1\" \/>\n<link rel=\"canonical\" href=\"https:\/\/www.albergominerva.it\/de\/hotel-in-siena-fuer-eine-nacht\/\" \/>\n<meta property=\"og:locale\" content=\"de_DE\" \/>\n<meta property=\"og:type\" content=\"article\" \/>\n<meta property=\"og:title\" content=\"Hotel in Siena f\u00fcr eine Nacht - Hotel Minerva Siena\" \/>\n<meta property=\"og:description\" content=\"Sie m\u00f6chten ein paar Tage Urlaub in Siena in der Toskana machen und suchen ein Hotel f\u00fcr eine Nacht? In\" \/>\n<meta property=\"og:url\" content=\"https:\/\/www.albergominerva.it\/de\/hotel-in-siena-fuer-eine-nacht\/\" \/>\n<meta property=\"og:site_name\" content=\"Hotel Minerva Siena\" \/>\n<meta property=\"article:modified_time\" content=\"2023-03-30T06:15:15+00:00\" \/>\n<meta property=\"og:image\" content=\"https:\/\/www.albergominerva.it\/wp-content\/uploads\/2022\/03\/20220304_002444-1024x1008.jpg\" \/>\n<meta name=\"twitter:card\" content=\"summary_large_image\" \/>\n<meta name=\"twitter:label1\" content=\"Gesch\u00e4tzte Lesezeit\" \/>\n\t<meta name=\"twitter:data1\" content=\"5\u00a0Minuten\" \/>\n<script type=\"application\/ld+json\" class=\"yoast-schema-graph\">{\"@context\":\"https:\\\/\\\/schema.org\",\"@graph\":[{\"@type\":\"WebPage\",\"@id\":\"https:\\\/\\\/www.albergominerva.it\\\/de\\\/hotel-in-siena-fuer-eine-nacht\\\/\",\"url\":\"https:\\\/\\\/www.albergominerva.it\\\/de\\\/hotel-in-siena-fuer-eine-nacht\\\/\",\"name\":\"Hotel in Siena f\u00fcr eine Nacht - Hotel Minerva Siena\",\"isPartOf\":{\"@id\":\"https:\\\/\\\/www.albergominerva.it\\\/de\\\/#website\"},\"primaryImageOfPage\":{\"@id\":\"https:\\\/\\\/www.albergominerva.it\\\/de\\\/hotel-in-siena-fuer-eine-nacht\\\/#primaryimage\"},\"image\":{\"@id\":\"https:\\\/\\\/www.albergominerva.it\\\/de\\\/hotel-in-siena-fuer-eine-nacht\\\/#primaryimage\"},\"thumbnailUrl\":\"https:\\\/\\\/www.albergominerva.it\\\/wp-content\\\/uploads\\\/2022\\\/03\\\/20220304_002444-1024x1008.jpg\",\"datePublished\":\"2023-03-29T15:50:09+00:00\",\"dateModified\":\"2023-03-30T06:15:15+00:00\",\"breadcrumb\":{\"@id\":\"https:\\\/\\\/www.albergominerva.it\\\/de\\\/hotel-in-siena-fuer-eine-nacht\\\/#breadcrumb\"},\"inLanguage\":\"de\",\"potentialAction\":[{\"@type\":\"ReadAction\",\"target\":[\"https:\\\/\\\/www.albergominerva.it\\\/de\\\/hotel-in-siena-fuer-eine-nacht\\\/\"]}]},{\"@type\":\"ImageObject\",\"inLanguage\":\"de\",\"@id\":\"https:\\\/\\\/www.albergominerva.it\\\/de\\\/hotel-in-siena-fuer-eine-nacht\\\/#primaryimage\",\"url\":\"https:\\\/\\\/www.albergominerva.it\\\/wp-content\\\/uploads\\\/2022\\\/03\\\/20220304_002444-1024x1008.jpg\",\"contentUrl\":\"https:\\\/\\\/www.albergominerva.it\\\/wp-content\\\/uploads\\\/2022\\\/03\\\/20220304_002444-1024x1008.jpg\"},{\"@type\":\"BreadcrumbList\",\"@id\":\"https:\\\/\\\/www.albergominerva.it\\\/de\\\/hotel-in-siena-fuer-eine-nacht\\\/#breadcrumb\",\"itemListElement\":[{\"@type\":\"ListItem\",\"position\":1,\"name\":\"Home\",\"item\":\"https:\\\/\\\/www.albergominerva.it\\\/de\\\/\"},{\"@type\":\"ListItem\",\"position\":2,\"name\":\"Hotel in Siena f\u00fcr eine Nacht\"}]},{\"@type\":\"WebSite\",\"@id\":\"https:\\\/\\\/www.albergominerva.it\\\/de\\\/#website\",\"url\":\"https:\\\/\\\/www.albergominerva.it\\\/de\\\/\",\"name\":\"Hotel Minerva Siena\",\"description\":\"Hotel in Centro Storico a Siena - Toscana - Italy\",\"potentialAction\":[{\"@type\":\"SearchAction\",\"target\":{\"@type\":\"EntryPoint\",\"urlTemplate\":\"https:\\\/\\\/www.albergominerva.it\\\/de\\\/?s={search_term_string}\"},\"query-input\":{\"@type\":\"PropertyValueSpecification\",\"valueRequired\":true,\"valueName\":\"search_term_string\"}}],\"inLanguage\":\"de\"}]}<\/script>\n<!-- \/ Yoast SEO plugin. -->","yoast_head_json":{"title":"Hotel in Siena f\u00fcr eine Nacht - Hotel Minerva Siena","robots":{"index":"index","follow":"follow","max-snippet":"max-snippet:-1","max-image-preview":"max-image-preview:large","max-video-preview":"max-video-preview:-1"},"canonical":"https:\/\/www.albergominerva.it\/de\/hotel-in-siena-fuer-eine-nacht\/","og_locale":"de_DE","og_type":"article","og_title":"Hotel in Siena f\u00fcr eine Nacht - Hotel Minerva Siena","og_description":"Sie m\u00f6chten ein paar Tage Urlaub in Siena in der Toskana machen und suchen ein Hotel f\u00fcr eine Nacht? In","og_url":"https:\/\/www.albergominerva.it\/de\/hotel-in-siena-fuer-eine-nacht\/","og_site_name":"Hotel Minerva Siena","article_modified_time":"2023-03-30T06:15:15+00:00","og_image":[{"url":"https:\/\/www.albergominerva.it\/wp-content\/uploads\/2022\/03\/20220304_002444-1024x1008.jpg","type":"","width":"","height":""}],"twitter_card":"summary_large_image","twitter_misc":{"Gesch\u00e4tzte Lesezeit":"5\u00a0Minuten"},"schema":{"@context":"https:\/\/schema.org","@graph":[{"@type":"WebPage","@id":"https:\/\/www.albergominerva.it\/de\/hotel-in-siena-fuer-eine-nacht\/","url":"https:\/\/www.albergominerva.it\/de\/hotel-in-siena-fuer-eine-nacht\/","name":"Hotel in Siena f\u00fcr eine Nacht - Hotel Minerva Siena","isPartOf":{"@id":"https:\/\/www.albergominerva.it\/de\/#website"},"primaryImageOfPage":{"@id":"https:\/\/www.albergominerva.it\/de\/hotel-in-siena-fuer-eine-nacht\/#primaryimage"},"image":{"@id":"https:\/\/www.albergominerva.it\/de\/hotel-in-siena-fuer-eine-nacht\/#primaryimage"},"thumbnailUrl":"https:\/\/www.albergominerva.it\/wp-content\/uploads\/2022\/03\/20220304_002444-1024x1008.jpg","datePublished":"2023-03-29T15:50:09+00:00","dateModified":"2023-03-30T06:15:15+00:00","breadcrumb":{"@id":"https:\/\/www.albergominerva.it\/de\/hotel-in-siena-fuer-eine-nacht\/#breadcrumb"},"inLanguage":"de","potentialAction":[{"@type":"ReadAction","target":["https:\/\/www.albergominerva.it\/de\/hotel-in-siena-fuer-eine-nacht\/"]}]},{"@type":"ImageObject","inLanguage":"de","@id":"https:\/\/www.albergominerva.it\/de\/hotel-in-siena-fuer-eine-nacht\/#primaryimage","url":"https:\/\/www.albergominerva.it\/wp-content\/uploads\/2022\/03\/20220304_002444-1024x1008.jpg","contentUrl":"https:\/\/www.albergominerva.it\/wp-content\/uploads\/2022\/03\/20220304_002444-1024x1008.jpg"},{"@type":"BreadcrumbList","@id":"https:\/\/www.albergominerva.it\/de\/hotel-in-siena-fuer-eine-nacht\/#breadcrumb","itemListElement":[{"@type":"ListItem","position":1,"name":"Home","item":"https:\/\/www.albergominerva.it\/de\/"},{"@type":"ListItem","position":2,"name":"Hotel in Siena f\u00fcr eine Nacht"}]},{"@type":"WebSite","@id":"https:\/\/www.albergominerva.it\/de\/#website","url":"https:\/\/www.albergominerva.it\/de\/","name":"Hotel Minerva Siena","description":"Hotel in Centro Storico a Siena - Toscana - Italy","potentialAction":[{"@type":"SearchAction","target":{"@type":"EntryPoint","urlTemplate":"https:\/\/www.albergominerva.it\/de\/?s={search_term_string}"},"query-input":{"@type":"PropertyValueSpecification","valueRequired":true,"valueName":"search_term_string"}}],"inLanguage":"de"}]}},"_links":{"self":[{"href":"https:\/\/www.albergominerva.it\/de\/wp-json\/wp\/v2\/pages\/10751","targetHints":{"allow":["GET"]}}],"collection":[{"href":"https:\/\/www.albergominerva.it\/de\/wp-json\/wp\/v2\/pages"}],"about":[{"href":"https:\/\/www.albergominerva.it\/de\/wp-json\/wp\/v2\/types\/page"}],"author":[{"embeddable":true,"href":"https:\/\/www.albergominerva.it\/de\/wp-json\/wp\/v2\/users\/3"}],"replies":[{"embeddable":true,"href":"https:\/\/www.albergominerva.it\/de\/wp-json\/wp\/v2\/comments?post=10751"}],"version-history":[{"count":2,"href":"https:\/\/www.albergominerva.it\/de\/wp-json\/wp\/v2\/pages\/10751\/revisions"}],"predecessor-version":[{"id":10763,"href":"https:\/\/www.albergominerva.it\/de\/wp-json\/wp\/v2\/pages\/10751\/revisions\/10763"}],"wp:attachment":[{"href":"https:\/\/www.albergominerva.it\/de\/wp-json\/wp\/v2\/media?parent=10751"}],"curies":[{"name":"wp","href":"https:\/\/api.w.org\/{rel}","templated":true}]}}