{"id":11248,"date":"2023-08-20T09:51:29","date_gmt":"2023-08-20T07:51:29","guid":{"rendered":"https:\/\/www.albergominerva.it\/?page_id=11248"},"modified":"2023-08-20T09:51:36","modified_gmt":"2023-08-20T07:51:36","slug":"contrada-della-chiocciola","status":"publish","type":"page","link":"https:\/\/www.albergominerva.it\/de\/contrada-della-chiocciola\/","title":{"rendered":"Contrada della Chiocciola"},"content":{"rendered":"\n<p>Die Contrada della Chiocciola ist eine der 17 Contraden von Siena und befindet sich im Terzo di Citt\u00e0. Ihr Wappen zeigt eine Schnecke, die auf einem wei\u00dfen Feld mit wei\u00dfen und roten Zypernrosen geht, die von den r\u00f6mischen Buchstaben U (Umberto I) und M (Margherita von Savoyen) in Blau abgewechselt werden. Ihre Farben sind Gelb und Rot mit einem blauen Streifen. Der Wahlspruch der Contrada lautet &#8222;Con lento passo e grave nel campo a trionfar Chiocciola scende&#8220; (Mit langsamem und ernsten Schritt im Feld steigt die Schnecke zum Sieg herab).<\/p>\n\n\n\n<figure class=\"wp-block-image size-full\"><img loading=\"lazy\" decoding=\"async\" width=\"696\" height=\"686\" src=\"https:\/\/www.albergominerva.it\/wp-content\/uploads\/2023\/08\/chiocciola.jpg\" alt=\"\" class=\"wp-image-11010\" srcset=\"https:\/\/www.albergominerva.it\/wp-content\/uploads\/2023\/08\/chiocciola.jpg 696w, https:\/\/www.albergominerva.it\/wp-content\/uploads\/2023\/08\/chiocciola-300x296.jpg 300w\" sizes=\"auto, (max-width: 696px) 100vw, 696px\" \/><\/figure>\n\n\n\n<p>Die Contrada della Chiocciola ist mit den Contraden der Igel, der Pantherin und des Waldes verb\u00fcndet. Ihre Rivalen-Contrada ist die Tartuca. Der Schutzpatron der Contrada ist der heilige Petrus und Paulus. Ihr Titularfest wird am 29. Juni gefeiert, auch wenn es nicht auf einen Sonntag f\u00e4llt. Die Contrada della Chiocciola ist die Gilde der Gerber.<\/p>\n\n\n\n<p>Die Contrada della Chiocciola ist eine der \u00e4ltesten Contraden von Siena und hat eine lange und reiche Geschichte. Die Contrada ist ihren Contradaioli sehr am Herzen, die sie immer bei ihren Rennen beim Palio unterst\u00fctzen.<\/p>\n\n\n\n<p><strong>Die Schnecke<\/strong><\/p>\n\n\n\n<p>Die Schnecke ist ein Tier, das f\u00fcr Langsamkeit und Geduld steht. Allerdings ist die Schnecke auch ein sehr starkes und widerstandsf\u00e4higes Tier. Sie kann lange Strecken zur\u00fccklegen und Hindernisse \u00fcberwinden. Die Schnecke ist auch ein sehr sch\u00fctzendes Tier und k\u00fcmmert sich sehr um ihr Haus.<\/p>\n\n\n\n<p>Das Symbol der Schnecke ist f\u00fcr die Contrada della Chiocciola sehr bedeutsam. Die Contrada m\u00f6chte ein Beispiel f\u00fcr Langsamkeit und Geduld sein, aber auch f\u00fcr St\u00e4rke und Widerstandsf\u00e4higkeit. Die Contrada m\u00f6chte eine sch\u00fctzende Contrada sein, die sich um ihre Contradaioli k\u00fcmmert.<\/p>\n\n\n\n<p><strong>Die Contrada della Chiocciola ist eine sehr beliebte Contrada bei ihren Contradaioli. Die Contradaioli sind immer bereit, sie bei ihren Rennen beim Palio zu unterst\u00fctzen. Die Contrada della Chiocciola ist eine Contrada, die sehr stolz auf ihre Geschichte und ihre Traditionen ist.<\/strong><\/p>\n","protected":false},"excerpt":{"rendered":"<p>Die Contrada della Chiocciola ist eine der 17 Contraden von Siena und befindet sich im Terzo di Citt\u00e0. Ihr Wappen<\/p>\n","protected":false},"author":3,"featured_media":0,"parent":0,"menu_order":0,"comment_status":"closed","ping_status":"closed","template":"","meta":{"_acf_changed":false,"footnotes":""},"class_list":["post-11248","page","type-page","status-publish","hentry"],"acf":[],"yoast_head":"<!-- This site is optimized with the Yoast SEO plugin v26.4 - https:\/\/yoast.com\/wordpress\/plugins\/seo\/ -->\n<title>Contrada della Chiocciola - Hotel Minerva Siena<\/title>\n<meta name=\"robots\" content=\"index, follow, max-snippet:-1, max-image-preview:large, max-video-preview:-1\" \/>\n<link rel=\"canonical\" href=\"https:\/\/www.albergominerva.it\/de\/contrada-della-chiocciola\/\" \/>\n<meta property=\"og:locale\" content=\"de_DE\" \/>\n<meta property=\"og:type\" content=\"article\" \/>\n<meta property=\"og:title\" content=\"Contrada della Chiocciola - Hotel Minerva Siena\" \/>\n<meta property=\"og:description\" content=\"Die Contrada della Chiocciola ist eine der 17 Contraden von Siena und befindet sich im Terzo di Citt\u00e0. Ihr Wappen\" \/>\n<meta property=\"og:url\" content=\"https:\/\/www.albergominerva.it\/de\/contrada-della-chiocciola\/\" \/>\n<meta property=\"og:site_name\" content=\"Hotel Minerva Siena\" \/>\n<meta property=\"article:modified_time\" content=\"2023-08-20T07:51:36+00:00\" \/>\n<meta property=\"og:image\" content=\"https:\/\/www.albergominerva.it\/wp-content\/uploads\/2023\/08\/chiocciola.jpg\" \/>\n<meta name=\"twitter:card\" content=\"summary_large_image\" \/>\n<meta name=\"twitter:label1\" content=\"Gesch\u00e4tzte Lesezeit\" \/>\n\t<meta name=\"twitter:data1\" content=\"2\u00a0Minuten\" \/>\n<script type=\"application\/ld+json\" class=\"yoast-schema-graph\">{\"@context\":\"https:\/\/schema.org\",\"@graph\":[{\"@type\":\"WebPage\",\"@id\":\"https:\/\/www.albergominerva.it\/de\/contrada-della-chiocciola\/\",\"url\":\"https:\/\/www.albergominerva.it\/de\/contrada-della-chiocciola\/\",\"name\":\"Contrada della Chiocciola - Hotel Minerva Siena\",\"isPartOf\":{\"@id\":\"https:\/\/www.albergominerva.it\/de\/#website\"},\"primaryImageOfPage\":{\"@id\":\"https:\/\/www.albergominerva.it\/de\/contrada-della-chiocciola\/#primaryimage\"},\"image\":{\"@id\":\"https:\/\/www.albergominerva.it\/de\/contrada-della-chiocciola\/#primaryimage\"},\"thumbnailUrl\":\"https:\/\/www.albergominerva.it\/wp-content\/uploads\/2023\/08\/chiocciola.jpg\",\"datePublished\":\"2023-08-20T07:51:29+00:00\",\"dateModified\":\"2023-08-20T07:51:36+00:00\",\"breadcrumb\":{\"@id\":\"https:\/\/www.albergominerva.it\/de\/contrada-della-chiocciola\/#breadcrumb\"},\"inLanguage\":\"de\",\"potentialAction\":[{\"@type\":\"ReadAction\",\"target\":[\"https:\/\/www.albergominerva.it\/de\/contrada-della-chiocciola\/\"]}]},{\"@type\":\"ImageObject\",\"inLanguage\":\"de\",\"@id\":\"https:\/\/www.albergominerva.it\/de\/contrada-della-chiocciola\/#primaryimage\",\"url\":\"https:\/\/www.albergominerva.it\/wp-content\/uploads\/2023\/08\/chiocciola.jpg\",\"contentUrl\":\"https:\/\/www.albergominerva.it\/wp-content\/uploads\/2023\/08\/chiocciola.jpg\"},{\"@type\":\"BreadcrumbList\",\"@id\":\"https:\/\/www.albergominerva.it\/de\/contrada-della-chiocciola\/#breadcrumb\",\"itemListElement\":[{\"@type\":\"ListItem\",\"position\":1,\"name\":\"Home\",\"item\":\"https:\/\/www.albergominerva.it\/de\/\"},{\"@type\":\"ListItem\",\"position\":2,\"name\":\"Contrada della Chiocciola\"}]},{\"@type\":\"WebSite\",\"@id\":\"https:\/\/www.albergominerva.it\/de\/#website\",\"url\":\"https:\/\/www.albergominerva.it\/de\/\",\"name\":\"Hotel Minerva Siena\",\"description\":\"Hotel in Centro Storico a Siena - Toscana - Italy\",\"potentialAction\":[{\"@type\":\"SearchAction\",\"target\":{\"@type\":\"EntryPoint\",\"urlTemplate\":\"https:\/\/www.albergominerva.it\/de\/?s={search_term_string}\"},\"query-input\":{\"@type\":\"PropertyValueSpecification\",\"valueRequired\":true,\"valueName\":\"search_term_string\"}}],\"inLanguage\":\"de\"}]}<\/script>\n<!-- \/ Yoast SEO plugin. -->","yoast_head_json":{"title":"Contrada della Chiocciola - Hotel Minerva Siena","robots":{"index":"index","follow":"follow","max-snippet":"max-snippet:-1","max-image-preview":"max-image-preview:large","max-video-preview":"max-video-preview:-1"},"canonical":"https:\/\/www.albergominerva.it\/de\/contrada-della-chiocciola\/","og_locale":"de_DE","og_type":"article","og_title":"Contrada della Chiocciola - Hotel Minerva Siena","og_description":"Die Contrada della Chiocciola ist eine der 17 Contraden von Siena und befindet sich im Terzo di Citt\u00e0. Ihr Wappen","og_url":"https:\/\/www.albergominerva.it\/de\/contrada-della-chiocciola\/","og_site_name":"Hotel Minerva Siena","article_modified_time":"2023-08-20T07:51:36+00:00","og_image":[{"url":"https:\/\/www.albergominerva.it\/wp-content\/uploads\/2023\/08\/chiocciola.jpg","type":"","width":"","height":""}],"twitter_card":"summary_large_image","twitter_misc":{"Gesch\u00e4tzte Lesezeit":"2\u00a0Minuten"},"schema":{"@context":"https:\/\/schema.org","@graph":[{"@type":"WebPage","@id":"https:\/\/www.albergominerva.it\/de\/contrada-della-chiocciola\/","url":"https:\/\/www.albergominerva.it\/de\/contrada-della-chiocciola\/","name":"Contrada della Chiocciola - Hotel Minerva Siena","isPartOf":{"@id":"https:\/\/www.albergominerva.it\/de\/#website"},"primaryImageOfPage":{"@id":"https:\/\/www.albergominerva.it\/de\/contrada-della-chiocciola\/#primaryimage"},"image":{"@id":"https:\/\/www.albergominerva.it\/de\/contrada-della-chiocciola\/#primaryimage"},"thumbnailUrl":"https:\/\/www.albergominerva.it\/wp-content\/uploads\/2023\/08\/chiocciola.jpg","datePublished":"2023-08-20T07:51:29+00:00","dateModified":"2023-08-20T07:51:36+00:00","breadcrumb":{"@id":"https:\/\/www.albergominerva.it\/de\/contrada-della-chiocciola\/#breadcrumb"},"inLanguage":"de","potentialAction":[{"@type":"ReadAction","target":["https:\/\/www.albergominerva.it\/de\/contrada-della-chiocciola\/"]}]},{"@type":"ImageObject","inLanguage":"de","@id":"https:\/\/www.albergominerva.it\/de\/contrada-della-chiocciola\/#primaryimage","url":"https:\/\/www.albergominerva.it\/wp-content\/uploads\/2023\/08\/chiocciola.jpg","contentUrl":"https:\/\/www.albergominerva.it\/wp-content\/uploads\/2023\/08\/chiocciola.jpg"},{"@type":"BreadcrumbList","@id":"https:\/\/www.albergominerva.it\/de\/contrada-della-chiocciola\/#breadcrumb","itemListElement":[{"@type":"ListItem","position":1,"name":"Home","item":"https:\/\/www.albergominerva.it\/de\/"},{"@type":"ListItem","position":2,"name":"Contrada della Chiocciola"}]},{"@type":"WebSite","@id":"https:\/\/www.albergominerva.it\/de\/#website","url":"https:\/\/www.albergominerva.it\/de\/","name":"Hotel Minerva Siena","description":"Hotel in Centro Storico a Siena - Toscana - Italy","potentialAction":[{"@type":"SearchAction","target":{"@type":"EntryPoint","urlTemplate":"https:\/\/www.albergominerva.it\/de\/?s={search_term_string}"},"query-input":{"@type":"PropertyValueSpecification","valueRequired":true,"valueName":"search_term_string"}}],"inLanguage":"de"}]}},"_links":{"self":[{"href":"https:\/\/www.albergominerva.it\/de\/wp-json\/wp\/v2\/pages\/11248","targetHints":{"allow":["GET"]}}],"collection":[{"href":"https:\/\/www.albergominerva.it\/de\/wp-json\/wp\/v2\/pages"}],"about":[{"href":"https:\/\/www.albergominerva.it\/de\/wp-json\/wp\/v2\/types\/page"}],"author":[{"embeddable":true,"href":"https:\/\/www.albergominerva.it\/de\/wp-json\/wp\/v2\/users\/3"}],"replies":[{"embeddable":true,"href":"https:\/\/www.albergominerva.it\/de\/wp-json\/wp\/v2\/comments?post=11248"}],"version-history":[{"count":2,"href":"https:\/\/www.albergominerva.it\/de\/wp-json\/wp\/v2\/pages\/11248\/revisions"}],"predecessor-version":[{"id":11250,"href":"https:\/\/www.albergominerva.it\/de\/wp-json\/wp\/v2\/pages\/11248\/revisions\/11250"}],"wp:attachment":[{"href":"https:\/\/www.albergominerva.it\/de\/wp-json\/wp\/v2\/media?parent=11248"}],"curies":[{"name":"wp","href":"https:\/\/api.w.org\/{rel}","templated":true}]}}