{"id":11365,"date":"2023-08-20T15:31:43","date_gmt":"2023-08-20T13:31:43","guid":{"rendered":"https:\/\/www.albergominerva.it\/?page_id=11365"},"modified":"2023-08-20T15:31:44","modified_gmt":"2023-08-20T13:31:44","slug":"die-hauptkontrada-dellonda","status":"publish","type":"page","link":"https:\/\/www.albergominerva.it\/de\/die-hauptkontrada-dellonda\/","title":{"rendered":"Die Hauptkontrada dell&#8217;Onda"},"content":{"rendered":"\n<p>Die Hauptkontrada dell&#8217;Onda ist eine der siebzehn Contraden von Siena und befindet sich im Terzo von Citt\u00e0. Ihr Wappen zeigt einen silbernen Hintergrund mit einem k\u00f6niglich gekr\u00f6nten Delfin, der in einem blauen Meer schwimmt. Ihre Farben sind zu gleichen Teilen Wei\u00df und Hellblau. Das Motto der Contrada lautet &#8222;Die Farbe des Himmels, die Kraft des Meeres.&#8220;<\/p>\n\n\n\n<figure class=\"wp-block-image size-full\"><img loading=\"lazy\" decoding=\"async\" width=\"690\" height=\"691\" src=\"https:\/\/www.albergominerva.it\/wp-content\/uploads\/2023\/08\/onda.jpg\" alt=\"\" class=\"wp-image-11185\" srcset=\"https:\/\/www.albergominerva.it\/wp-content\/uploads\/2023\/08\/onda.jpg 690w, https:\/\/www.albergominerva.it\/wp-content\/uploads\/2023\/08\/onda-300x300.jpg 300w, https:\/\/www.albergominerva.it\/wp-content\/uploads\/2023\/08\/onda-150x150.jpg 150w\" sizes=\"auto, (max-width: 690px) 100vw, 690px\" \/><\/figure>\n\n\n\n<p>Die Contrada tr\u00e4gt den Titel &#8222;Hauptkontrada&#8220;, weil ihre Milizen die Wache am Palazzo del Comune aufgestellt haben.<\/p>\n\n\n\n<p>Ihr zugeh\u00f6riges Terzo ist Citt\u00e0. Die milit\u00e4rischen Kompanien der Contrada sind Casato di Sotto und San Salvadore. Die verb\u00fcndeten Contraden der Onda sind Nicchio, Tartuca und Valdimontone. Die gegnerische Contrada der Onda ist Torre. Die Schutzpatronin der Contrada ist die Heimsuchung der Jungfrau Maria, die am 2. Juli gefeiert wird. Die Zunft der Contrada ist die der Schreiner.<\/p>\n\n\n\n<p>Die Hauptkontrada dell&#8217;Onda ist eine der \u00e4ltesten Contraden von Siena und hat eine lange und reiche Geschichte. Die Contrada wird von ihren Contradaioli sehr gesch\u00e4tzt, die immer bereit sind, sie bei ihren Rennen beim Palio zu unterst\u00fctzen.<\/p>\n","protected":false},"excerpt":{"rendered":"<p>Die Hauptkontrada dell&#8217;Onda ist eine der siebzehn Contraden von Siena und befindet sich im Terzo von Citt\u00e0. Ihr Wappen zeigt<\/p>\n","protected":false},"author":3,"featured_media":0,"parent":0,"menu_order":0,"comment_status":"closed","ping_status":"closed","template":"","meta":{"_acf_changed":false,"footnotes":""},"class_list":["post-11365","page","type-page","status-publish","hentry"],"acf":[],"yoast_head":"<!-- This site is optimized with the Yoast SEO plugin v27.4 - https:\/\/yoast.com\/product\/yoast-seo-wordpress\/ -->\n<title>Die Hauptkontrada dell&#039;Onda - Hotel Minerva Siena<\/title>\n<meta name=\"robots\" content=\"index, follow, max-snippet:-1, max-image-preview:large, max-video-preview:-1\" \/>\n<link rel=\"canonical\" href=\"https:\/\/www.albergominerva.it\/de\/die-hauptkontrada-dellonda\/\" \/>\n<meta property=\"og:locale\" content=\"de_DE\" \/>\n<meta property=\"og:type\" content=\"article\" \/>\n<meta property=\"og:title\" content=\"Die Hauptkontrada dell&#039;Onda - Hotel Minerva Siena\" \/>\n<meta property=\"og:description\" content=\"Die Hauptkontrada dell&#8217;Onda ist eine der siebzehn Contraden von Siena und befindet sich im Terzo von Citt\u00e0. Ihr Wappen zeigt\" \/>\n<meta property=\"og:url\" content=\"https:\/\/www.albergominerva.it\/de\/die-hauptkontrada-dellonda\/\" \/>\n<meta property=\"og:site_name\" content=\"Hotel Minerva Siena\" \/>\n<meta property=\"article:modified_time\" content=\"2023-08-20T13:31:44+00:00\" \/>\n<meta property=\"og:image\" content=\"https:\/\/www.albergominerva.it\/wp-content\/uploads\/2023\/08\/onda.jpg\" \/>\n<meta name=\"twitter:card\" content=\"summary_large_image\" \/>\n<meta name=\"twitter:label1\" content=\"Gesch\u00e4tzte Lesezeit\" \/>\n\t<meta name=\"twitter:data1\" content=\"2\u00a0Minuten\" \/>\n<script type=\"application\/ld+json\" class=\"yoast-schema-graph\">{\"@context\":\"https:\\\/\\\/schema.org\",\"@graph\":[{\"@type\":\"WebPage\",\"@id\":\"https:\\\/\\\/www.albergominerva.it\\\/de\\\/die-hauptkontrada-dellonda\\\/\",\"url\":\"https:\\\/\\\/www.albergominerva.it\\\/de\\\/die-hauptkontrada-dellonda\\\/\",\"name\":\"Die Hauptkontrada dell'Onda - Hotel Minerva Siena\",\"isPartOf\":{\"@id\":\"https:\\\/\\\/www.albergominerva.it\\\/de\\\/#website\"},\"primaryImageOfPage\":{\"@id\":\"https:\\\/\\\/www.albergominerva.it\\\/de\\\/die-hauptkontrada-dellonda\\\/#primaryimage\"},\"image\":{\"@id\":\"https:\\\/\\\/www.albergominerva.it\\\/de\\\/die-hauptkontrada-dellonda\\\/#primaryimage\"},\"thumbnailUrl\":\"https:\\\/\\\/www.albergominerva.it\\\/wp-content\\\/uploads\\\/2023\\\/08\\\/onda.jpg\",\"datePublished\":\"2023-08-20T13:31:43+00:00\",\"dateModified\":\"2023-08-20T13:31:44+00:00\",\"breadcrumb\":{\"@id\":\"https:\\\/\\\/www.albergominerva.it\\\/de\\\/die-hauptkontrada-dellonda\\\/#breadcrumb\"},\"inLanguage\":\"de\",\"potentialAction\":[{\"@type\":\"ReadAction\",\"target\":[\"https:\\\/\\\/www.albergominerva.it\\\/de\\\/die-hauptkontrada-dellonda\\\/\"]}]},{\"@type\":\"ImageObject\",\"inLanguage\":\"de\",\"@id\":\"https:\\\/\\\/www.albergominerva.it\\\/de\\\/die-hauptkontrada-dellonda\\\/#primaryimage\",\"url\":\"https:\\\/\\\/www.albergominerva.it\\\/wp-content\\\/uploads\\\/2023\\\/08\\\/onda.jpg\",\"contentUrl\":\"https:\\\/\\\/www.albergominerva.it\\\/wp-content\\\/uploads\\\/2023\\\/08\\\/onda.jpg\"},{\"@type\":\"BreadcrumbList\",\"@id\":\"https:\\\/\\\/www.albergominerva.it\\\/de\\\/die-hauptkontrada-dellonda\\\/#breadcrumb\",\"itemListElement\":[{\"@type\":\"ListItem\",\"position\":1,\"name\":\"Home\",\"item\":\"https:\\\/\\\/www.albergominerva.it\\\/de\\\/\"},{\"@type\":\"ListItem\",\"position\":2,\"name\":\"Die Hauptkontrada dell&#8217;Onda\"}]},{\"@type\":\"WebSite\",\"@id\":\"https:\\\/\\\/www.albergominerva.it\\\/de\\\/#website\",\"url\":\"https:\\\/\\\/www.albergominerva.it\\\/de\\\/\",\"name\":\"Hotel Minerva Siena\",\"description\":\"Hotel in Centro Storico a Siena - Toscana - Italy\",\"potentialAction\":[{\"@type\":\"SearchAction\",\"target\":{\"@type\":\"EntryPoint\",\"urlTemplate\":\"https:\\\/\\\/www.albergominerva.it\\\/de\\\/?s={search_term_string}\"},\"query-input\":{\"@type\":\"PropertyValueSpecification\",\"valueRequired\":true,\"valueName\":\"search_term_string\"}}],\"inLanguage\":\"de\"}]}<\/script>\n<!-- \/ Yoast SEO plugin. -->","yoast_head_json":{"title":"Die Hauptkontrada dell'Onda - Hotel Minerva Siena","robots":{"index":"index","follow":"follow","max-snippet":"max-snippet:-1","max-image-preview":"max-image-preview:large","max-video-preview":"max-video-preview:-1"},"canonical":"https:\/\/www.albergominerva.it\/de\/die-hauptkontrada-dellonda\/","og_locale":"de_DE","og_type":"article","og_title":"Die Hauptkontrada dell'Onda - Hotel Minerva Siena","og_description":"Die Hauptkontrada dell&#8217;Onda ist eine der siebzehn Contraden von Siena und befindet sich im Terzo von Citt\u00e0. Ihr Wappen zeigt","og_url":"https:\/\/www.albergominerva.it\/de\/die-hauptkontrada-dellonda\/","og_site_name":"Hotel Minerva Siena","article_modified_time":"2023-08-20T13:31:44+00:00","og_image":[{"url":"https:\/\/www.albergominerva.it\/wp-content\/uploads\/2023\/08\/onda.jpg","type":"","width":"","height":""}],"twitter_card":"summary_large_image","twitter_misc":{"Gesch\u00e4tzte Lesezeit":"2\u00a0Minuten"},"schema":{"@context":"https:\/\/schema.org","@graph":[{"@type":"WebPage","@id":"https:\/\/www.albergominerva.it\/de\/die-hauptkontrada-dellonda\/","url":"https:\/\/www.albergominerva.it\/de\/die-hauptkontrada-dellonda\/","name":"Die Hauptkontrada dell'Onda - Hotel Minerva Siena","isPartOf":{"@id":"https:\/\/www.albergominerva.it\/de\/#website"},"primaryImageOfPage":{"@id":"https:\/\/www.albergominerva.it\/de\/die-hauptkontrada-dellonda\/#primaryimage"},"image":{"@id":"https:\/\/www.albergominerva.it\/de\/die-hauptkontrada-dellonda\/#primaryimage"},"thumbnailUrl":"https:\/\/www.albergominerva.it\/wp-content\/uploads\/2023\/08\/onda.jpg","datePublished":"2023-08-20T13:31:43+00:00","dateModified":"2023-08-20T13:31:44+00:00","breadcrumb":{"@id":"https:\/\/www.albergominerva.it\/de\/die-hauptkontrada-dellonda\/#breadcrumb"},"inLanguage":"de","potentialAction":[{"@type":"ReadAction","target":["https:\/\/www.albergominerva.it\/de\/die-hauptkontrada-dellonda\/"]}]},{"@type":"ImageObject","inLanguage":"de","@id":"https:\/\/www.albergominerva.it\/de\/die-hauptkontrada-dellonda\/#primaryimage","url":"https:\/\/www.albergominerva.it\/wp-content\/uploads\/2023\/08\/onda.jpg","contentUrl":"https:\/\/www.albergominerva.it\/wp-content\/uploads\/2023\/08\/onda.jpg"},{"@type":"BreadcrumbList","@id":"https:\/\/www.albergominerva.it\/de\/die-hauptkontrada-dellonda\/#breadcrumb","itemListElement":[{"@type":"ListItem","position":1,"name":"Home","item":"https:\/\/www.albergominerva.it\/de\/"},{"@type":"ListItem","position":2,"name":"Die Hauptkontrada dell&#8217;Onda"}]},{"@type":"WebSite","@id":"https:\/\/www.albergominerva.it\/de\/#website","url":"https:\/\/www.albergominerva.it\/de\/","name":"Hotel Minerva Siena","description":"Hotel in Centro Storico a Siena - Toscana - Italy","potentialAction":[{"@type":"SearchAction","target":{"@type":"EntryPoint","urlTemplate":"https:\/\/www.albergominerva.it\/de\/?s={search_term_string}"},"query-input":{"@type":"PropertyValueSpecification","valueRequired":true,"valueName":"search_term_string"}}],"inLanguage":"de"}]}},"_links":{"self":[{"href":"https:\/\/www.albergominerva.it\/de\/wp-json\/wp\/v2\/pages\/11365","targetHints":{"allow":["GET"]}}],"collection":[{"href":"https:\/\/www.albergominerva.it\/de\/wp-json\/wp\/v2\/pages"}],"about":[{"href":"https:\/\/www.albergominerva.it\/de\/wp-json\/wp\/v2\/types\/page"}],"author":[{"embeddable":true,"href":"https:\/\/www.albergominerva.it\/de\/wp-json\/wp\/v2\/users\/3"}],"replies":[{"embeddable":true,"href":"https:\/\/www.albergominerva.it\/de\/wp-json\/wp\/v2\/comments?post=11365"}],"version-history":[{"count":1,"href":"https:\/\/www.albergominerva.it\/de\/wp-json\/wp\/v2\/pages\/11365\/revisions"}],"predecessor-version":[{"id":11366,"href":"https:\/\/www.albergominerva.it\/de\/wp-json\/wp\/v2\/pages\/11365\/revisions\/11366"}],"wp:attachment":[{"href":"https:\/\/www.albergominerva.it\/de\/wp-json\/wp\/v2\/media?parent=11365"}],"curies":[{"name":"wp","href":"https:\/\/api.w.org\/{rel}","templated":true}]}}