{"id":11455,"date":"2023-08-21T09:45:37","date_gmt":"2023-08-21T07:45:37","guid":{"rendered":"https:\/\/www.albergominerva.it\/?page_id=11455"},"modified":"2023-08-21T09:45:38","modified_gmt":"2023-08-21T07:45:38","slug":"contrada-valdimontone","status":"publish","type":"page","link":"https:\/\/www.albergominerva.it\/de\/contrada-valdimontone\/","title":{"rendered":"Contrada Valdimontone"},"content":{"rendered":"\n<p>Die Contrada Valdimontone ist eine der siebzehn Contraden von Siena und befindet sich im Terzo di San Martino. Ihr Wappen zeigt einen auf einem goldenen Feld emporsteigenden Widder, gekr\u00f6nt von einer Herzogskrone und oben links auf einem blauen Winkel ein r\u00f6misches Gro\u00dfbuchstaben-U mit einer K\u00f6nigskrone dar\u00fcber. Ihre Farben sind Rot und Gelb, gestreift mit Wei\u00df. Das Motto der Contrada lautet &#8222;Unter meinem Schlag st\u00fcrzt die Mauer ein.&#8220;<\/p>\n\n\n\n<figure class=\"wp-block-image size-full\"><img loading=\"lazy\" decoding=\"async\" width=\"687\" height=\"695\" src=\"https:\/\/www.albergominerva.it\/wp-content\/uploads\/2023\/08\/valdimontone.jpg\" alt=\"\" class=\"wp-image-11446\" srcset=\"https:\/\/www.albergominerva.it\/wp-content\/uploads\/2023\/08\/valdimontone.jpg 687w, https:\/\/www.albergominerva.it\/wp-content\/uploads\/2023\/08\/valdimontone-297x300.jpg 297w\" sizes=\"auto, (max-width: 687px) 100vw, 687px\" \/><\/figure>\n\n\n\n<p>Die Contrada tr\u00e4gt den Titel &#8222;Priora&#8220;, weil sie das erste Treffen des Magistrato delle Contrade ausrichtete. Das Terzo, dem sie angeh\u00f6rt, ist San Martino. Die milit\u00e4rischen Kompanien der Contrada sind Borgo Santa Maria, San Maurizio und Sant&#8217;Angelo a Montone. Die verb\u00fcndete Contrada von Valdimontone ist die Onda. Die rivalisierende Contrada von Valdimontone ist der Nicchio. Die Schutzpatronin der Contrada ist die Madonna del Buon Consiglio, deren Fest am 26. April gefeiert wird. Die Zunft der Contrada sind die Seidenh\u00e4ndler.<\/p>\n\n\n\n<p>Die Contrada Valdimontone ist eine der \u00e4ltesten Contraden von Siena und hat eine lange und reiche Geschichte. Die Contrada wird von ihren Contradaioli sehr gesch\u00e4tzt, die immer bereit sind, sie bei ihren Rennen um den Palio zu unterst\u00fctzen.<\/p>\n","protected":false},"excerpt":{"rendered":"<p>Die Contrada Valdimontone ist eine der siebzehn Contraden von Siena und befindet sich im Terzo di San Martino. Ihr Wappen<\/p>\n","protected":false},"author":3,"featured_media":0,"parent":0,"menu_order":0,"comment_status":"closed","ping_status":"closed","template":"","meta":{"_acf_changed":false,"footnotes":""},"class_list":["post-11455","page","type-page","status-publish","hentry"],"acf":[],"yoast_head":"<!-- This site is optimized with the Yoast SEO plugin v27.4 - https:\/\/yoast.com\/product\/yoast-seo-wordpress\/ -->\n<title>Contrada Valdimontone - Hotel Minerva Siena<\/title>\n<meta name=\"robots\" content=\"index, follow, max-snippet:-1, max-image-preview:large, max-video-preview:-1\" \/>\n<link rel=\"canonical\" href=\"https:\/\/www.albergominerva.it\/de\/contrada-valdimontone\/\" \/>\n<meta property=\"og:locale\" content=\"de_DE\" \/>\n<meta property=\"og:type\" content=\"article\" \/>\n<meta property=\"og:title\" content=\"Contrada Valdimontone - Hotel Minerva Siena\" \/>\n<meta property=\"og:description\" content=\"Die Contrada Valdimontone ist eine der siebzehn Contraden von Siena und befindet sich im Terzo di San Martino. Ihr Wappen\" \/>\n<meta property=\"og:url\" content=\"https:\/\/www.albergominerva.it\/de\/contrada-valdimontone\/\" \/>\n<meta property=\"og:site_name\" content=\"Hotel Minerva Siena\" \/>\n<meta property=\"article:modified_time\" content=\"2023-08-21T07:45:38+00:00\" \/>\n<meta property=\"og:image\" content=\"https:\/\/www.albergominerva.it\/wp-content\/uploads\/2023\/08\/valdimontone.jpg\" \/>\n<meta name=\"twitter:card\" content=\"summary_large_image\" \/>\n<meta name=\"twitter:label1\" content=\"Gesch\u00e4tzte Lesezeit\" \/>\n\t<meta name=\"twitter:data1\" content=\"2\u00a0Minuten\" \/>\n<script type=\"application\/ld+json\" class=\"yoast-schema-graph\">{\"@context\":\"https:\\\/\\\/schema.org\",\"@graph\":[{\"@type\":\"WebPage\",\"@id\":\"https:\\\/\\\/www.albergominerva.it\\\/de\\\/contrada-valdimontone\\\/\",\"url\":\"https:\\\/\\\/www.albergominerva.it\\\/de\\\/contrada-valdimontone\\\/\",\"name\":\"Contrada Valdimontone - Hotel Minerva Siena\",\"isPartOf\":{\"@id\":\"https:\\\/\\\/www.albergominerva.it\\\/de\\\/#website\"},\"primaryImageOfPage\":{\"@id\":\"https:\\\/\\\/www.albergominerva.it\\\/de\\\/contrada-valdimontone\\\/#primaryimage\"},\"image\":{\"@id\":\"https:\\\/\\\/www.albergominerva.it\\\/de\\\/contrada-valdimontone\\\/#primaryimage\"},\"thumbnailUrl\":\"https:\\\/\\\/www.albergominerva.it\\\/wp-content\\\/uploads\\\/2023\\\/08\\\/valdimontone.jpg\",\"datePublished\":\"2023-08-21T07:45:37+00:00\",\"dateModified\":\"2023-08-21T07:45:38+00:00\",\"breadcrumb\":{\"@id\":\"https:\\\/\\\/www.albergominerva.it\\\/de\\\/contrada-valdimontone\\\/#breadcrumb\"},\"inLanguage\":\"de\",\"potentialAction\":[{\"@type\":\"ReadAction\",\"target\":[\"https:\\\/\\\/www.albergominerva.it\\\/de\\\/contrada-valdimontone\\\/\"]}]},{\"@type\":\"ImageObject\",\"inLanguage\":\"de\",\"@id\":\"https:\\\/\\\/www.albergominerva.it\\\/de\\\/contrada-valdimontone\\\/#primaryimage\",\"url\":\"https:\\\/\\\/www.albergominerva.it\\\/wp-content\\\/uploads\\\/2023\\\/08\\\/valdimontone.jpg\",\"contentUrl\":\"https:\\\/\\\/www.albergominerva.it\\\/wp-content\\\/uploads\\\/2023\\\/08\\\/valdimontone.jpg\"},{\"@type\":\"BreadcrumbList\",\"@id\":\"https:\\\/\\\/www.albergominerva.it\\\/de\\\/contrada-valdimontone\\\/#breadcrumb\",\"itemListElement\":[{\"@type\":\"ListItem\",\"position\":1,\"name\":\"Home\",\"item\":\"https:\\\/\\\/www.albergominerva.it\\\/de\\\/\"},{\"@type\":\"ListItem\",\"position\":2,\"name\":\"Contrada Valdimontone\"}]},{\"@type\":\"WebSite\",\"@id\":\"https:\\\/\\\/www.albergominerva.it\\\/de\\\/#website\",\"url\":\"https:\\\/\\\/www.albergominerva.it\\\/de\\\/\",\"name\":\"Hotel Minerva Siena\",\"description\":\"Hotel in Centro Storico a Siena - Toscana - Italy\",\"potentialAction\":[{\"@type\":\"SearchAction\",\"target\":{\"@type\":\"EntryPoint\",\"urlTemplate\":\"https:\\\/\\\/www.albergominerva.it\\\/de\\\/?s={search_term_string}\"},\"query-input\":{\"@type\":\"PropertyValueSpecification\",\"valueRequired\":true,\"valueName\":\"search_term_string\"}}],\"inLanguage\":\"de\"}]}<\/script>\n<!-- \/ Yoast SEO plugin. -->","yoast_head_json":{"title":"Contrada Valdimontone - Hotel Minerva Siena","robots":{"index":"index","follow":"follow","max-snippet":"max-snippet:-1","max-image-preview":"max-image-preview:large","max-video-preview":"max-video-preview:-1"},"canonical":"https:\/\/www.albergominerva.it\/de\/contrada-valdimontone\/","og_locale":"de_DE","og_type":"article","og_title":"Contrada Valdimontone - Hotel Minerva Siena","og_description":"Die Contrada Valdimontone ist eine der siebzehn Contraden von Siena und befindet sich im Terzo di San Martino. Ihr Wappen","og_url":"https:\/\/www.albergominerva.it\/de\/contrada-valdimontone\/","og_site_name":"Hotel Minerva Siena","article_modified_time":"2023-08-21T07:45:38+00:00","og_image":[{"url":"https:\/\/www.albergominerva.it\/wp-content\/uploads\/2023\/08\/valdimontone.jpg","type":"","width":"","height":""}],"twitter_card":"summary_large_image","twitter_misc":{"Gesch\u00e4tzte Lesezeit":"2\u00a0Minuten"},"schema":{"@context":"https:\/\/schema.org","@graph":[{"@type":"WebPage","@id":"https:\/\/www.albergominerva.it\/de\/contrada-valdimontone\/","url":"https:\/\/www.albergominerva.it\/de\/contrada-valdimontone\/","name":"Contrada Valdimontone - Hotel Minerva Siena","isPartOf":{"@id":"https:\/\/www.albergominerva.it\/de\/#website"},"primaryImageOfPage":{"@id":"https:\/\/www.albergominerva.it\/de\/contrada-valdimontone\/#primaryimage"},"image":{"@id":"https:\/\/www.albergominerva.it\/de\/contrada-valdimontone\/#primaryimage"},"thumbnailUrl":"https:\/\/www.albergominerva.it\/wp-content\/uploads\/2023\/08\/valdimontone.jpg","datePublished":"2023-08-21T07:45:37+00:00","dateModified":"2023-08-21T07:45:38+00:00","breadcrumb":{"@id":"https:\/\/www.albergominerva.it\/de\/contrada-valdimontone\/#breadcrumb"},"inLanguage":"de","potentialAction":[{"@type":"ReadAction","target":["https:\/\/www.albergominerva.it\/de\/contrada-valdimontone\/"]}]},{"@type":"ImageObject","inLanguage":"de","@id":"https:\/\/www.albergominerva.it\/de\/contrada-valdimontone\/#primaryimage","url":"https:\/\/www.albergominerva.it\/wp-content\/uploads\/2023\/08\/valdimontone.jpg","contentUrl":"https:\/\/www.albergominerva.it\/wp-content\/uploads\/2023\/08\/valdimontone.jpg"},{"@type":"BreadcrumbList","@id":"https:\/\/www.albergominerva.it\/de\/contrada-valdimontone\/#breadcrumb","itemListElement":[{"@type":"ListItem","position":1,"name":"Home","item":"https:\/\/www.albergominerva.it\/de\/"},{"@type":"ListItem","position":2,"name":"Contrada Valdimontone"}]},{"@type":"WebSite","@id":"https:\/\/www.albergominerva.it\/de\/#website","url":"https:\/\/www.albergominerva.it\/de\/","name":"Hotel Minerva Siena","description":"Hotel in Centro Storico a Siena - Toscana - Italy","potentialAction":[{"@type":"SearchAction","target":{"@type":"EntryPoint","urlTemplate":"https:\/\/www.albergominerva.it\/de\/?s={search_term_string}"},"query-input":{"@type":"PropertyValueSpecification","valueRequired":true,"valueName":"search_term_string"}}],"inLanguage":"de"}]}},"_links":{"self":[{"href":"https:\/\/www.albergominerva.it\/de\/wp-json\/wp\/v2\/pages\/11455","targetHints":{"allow":["GET"]}}],"collection":[{"href":"https:\/\/www.albergominerva.it\/de\/wp-json\/wp\/v2\/pages"}],"about":[{"href":"https:\/\/www.albergominerva.it\/de\/wp-json\/wp\/v2\/types\/page"}],"author":[{"embeddable":true,"href":"https:\/\/www.albergominerva.it\/de\/wp-json\/wp\/v2\/users\/3"}],"replies":[{"embeddable":true,"href":"https:\/\/www.albergominerva.it\/de\/wp-json\/wp\/v2\/comments?post=11455"}],"version-history":[{"count":1,"href":"https:\/\/www.albergominerva.it\/de\/wp-json\/wp\/v2\/pages\/11455\/revisions"}],"predecessor-version":[{"id":11456,"href":"https:\/\/www.albergominerva.it\/de\/wp-json\/wp\/v2\/pages\/11455\/revisions\/11456"}],"wp:attachment":[{"href":"https:\/\/www.albergominerva.it\/de\/wp-json\/wp\/v2\/media?parent=11455"}],"curies":[{"name":"wp","href":"https:\/\/api.w.org\/{rel}","templated":true}]}}