{"id":11633,"date":"2023-10-29T18:37:10","date_gmt":"2023-10-29T17:37:10","guid":{"rendered":"https:\/\/www.albergominerva.it\/?page_id=11633"},"modified":"2023-10-29T18:37:12","modified_gmt":"2023-10-29T17:37:12","slug":"der-baptisterium-von-siena-was-zu-sehen-ist","status":"publish","type":"page","link":"https:\/\/www.albergominerva.it\/de\/der-baptisterium-von-siena-was-zu-sehen-ist\/","title":{"rendered":"Der Baptisterium von Siena: Was zu sehen ist"},"content":{"rendered":"\n<p><strong>Siena, im Herzen der italienischen Region Toskana gelegen, ist ein historischer und kultureller Schatz, der von Reisenden aus aller Welt geliebt wird.<\/strong> Bekannt f\u00fcr seinen mittelalterlichen Charme, sein reiches k\u00fcnstlerisches Erbe und seine traditionellen Feierlichkeiten, bietet Siena ein authentisches und faszinierendes Erlebnis f\u00fcr jeden, der sich entscheidet, sie zu erkunden. Zwischen seinen engen gepflasterten Gassen, seinen pr\u00e4chtigen Denkm\u00e4lern und seiner ber\u00fchmten toskanischen K\u00fcche fesselt die Stadt die Vorstellungskraft und das Herz der Besucher und entf\u00fchrt sie auf eine unvergessliche Reise durch die Zeit und Kultur.<\/p>\n\n\n\n<p>In dieser Hinsicht ist eines der Sch\u00e4tze von Siena, das unbedingt besucht werden sollte, das Baptisterium.<\/p>\n\n\n\n<p><strong>Das Baptisterium von Siena<\/strong><\/p>\n\n\n\n<p>Das Baptisterium von Siena, ein verborgenes Juwel, das seine architektonische und k\u00fcnstlerische Gr\u00f6\u00dfe offenbart, bezaubert die Besucher mit seiner Geschichte und seinen atemberaubenden Kunstwerken. Weniger bekannt als das ber\u00fchmte Baptisterium von San Giovanni in Florenz, spielte das Baptisterium von Siena \u00fcber viele Jahrhunderte hinweg eine entscheidende Rolle als Taufkirche der Stadt. Erbaut zwischen 1316 und 1325 von Camaino di Crescentino, dem Vater von Tino di Camaino, erhebt sich das Geb\u00e4ude meisterhaft hinter dem Dom von Siena und pr\u00e4sentiert eine gotische Fassade, die elegant auf die umliegende Landschaft blickt.<\/p>\n\n\n\n<figure class=\"wp-block-image size-full\"><img loading=\"lazy\" decoding=\"async\" width=\"382\" height=\"363\" src=\"https:\/\/www.albergominerva.it\/wp-content\/uploads\/2023\/10\/battistero-siena-1.png\" alt=\"\" class=\"wp-image-11579\" srcset=\"https:\/\/www.albergominerva.it\/wp-content\/uploads\/2023\/10\/battistero-siena-1.png 382w, https:\/\/www.albergominerva.it\/wp-content\/uploads\/2023\/10\/battistero-siena-1-300x285.png 300w\" sizes=\"auto, (max-width: 382px) 100vw, 382px\" \/><\/figure>\n\n\n\n<p><strong>Das Innere des Baptisteriums entpuppt sich als Meisterwerk der sienesischen Kunst des 15. Jahrhunderts, mit seinen drei Schiffen<\/strong>, die von spitzbogigen Gew\u00f6lben \u00fcberragt werden und die Besucher faszinieren. Die W\u00e4nde und Gew\u00f6lbe sind mit Fresken von renommierten K\u00fcnstlern wie Benvenuto di Giovanni, Pietro degli Orioli und Lorenzo di Pietro, bekannt als &#8222;Vecchietta&#8220;, verziert. Deren Gem\u00e4lde, die das Baptisterium mit den Geschichten und Wundern der Heiligen schm\u00fccken, bereichern das visuelle und spirituelle Erlebnis des Ortes weiter.<\/p>\n\n\n\n<p>Im Zentrum des Baptisteriums befindet sich das herausragendste und faszinierendste Werk: der Taufbrunnen. Dieses skulpturale Meisterwerk aus Marmor verk\u00f6rpert das Beste der italienischen Kunst des 15. Jahrhunderts mit seiner unvergleichlichen Meisterschaft und Raffinesse. Das Design des Brunnens wird Jacopo della Quercia zugeschrieben, w\u00e4hrend die vergoldeten Bronzepaneele, die ihn schm\u00fccken, die Signatur bedeutender K\u00fcnstler wie Giovanni di Turino, Lorenzo Ghiberti und Donatello tragen, die zwischen 1417 und 1431 an diesem pr\u00e4chtigen Kunstwerk arbeiteten.<\/p>\n\n\n\n<p><strong>Die sechs Paneele des Taufbrunnens erz\u00e4hlen die faszinierenden Geschichten von Johannes dem T\u00e4ufer aus den Evangelien. <\/strong>Jedes Detail erz\u00e4hlt eine bedeutsame Episode und f\u00fchrt die Besucher durch die Saga von Johannes dem T\u00e4ufer und seinen biblischen Erfahrungen. Von den fr\u00fchen Ank\u00fcndigungen bis zum Aufstieg des T\u00e4ufers erfassen die Darstellungen der Paneele meisterhaft die Spannung und Emotion dieser heiligen Erz\u00e4hlungen.<\/p>\n\n\n\n<p>Der Zyklus der Reliefs kulminiert mit dem epischen und ber\u00fchmten Festmahl des Herodes, einem Meisterwerk in einem bereits au\u00dfergew\u00f6hnlichen k\u00fcnstlerischen Kontext. Der Taufbrunnen des Baptisteriums von Siena erhebt sich so als ein einzigartiges Meisterwerk, das nicht nur die Augen fasziniert, sondern auch die Seele mit seiner tiefen Darstellung von Geschichte und Glauben fesselt.<\/p>\n\n\n\n<p>In diesem Zusammenhang, wenn Sie ein Hotel im Zentrum von Siena mit Parkm\u00f6glichkeiten suchen, um das Baptisterium zu besuchen, w\u00e4hlen Sie das Hotel Minerva.<\/p>\n\n\n\n<p><a href=\"https:\/\/www.albergominerva.it\/de\/hotel-garage-parkplatz-siena-zentrum\/\">Hier finden Sie alle Kontakte, um weitere Informationen anzufordern<\/a>.<\/p>\n","protected":false},"excerpt":{"rendered":"<p>Siena, im Herzen der italienischen Region Toskana gelegen, ist ein historischer und kultureller Schatz, der von Reisenden aus aller Welt<\/p>\n","protected":false},"author":3,"featured_media":0,"parent":0,"menu_order":0,"comment_status":"closed","ping_status":"closed","template":"","meta":{"_acf_changed":false,"footnotes":""},"class_list":["post-11633","page","type-page","status-publish","hentry"],"acf":[],"yoast_head":"<!-- This site is optimized with the Yoast SEO plugin v26.4 - https:\/\/yoast.com\/wordpress\/plugins\/seo\/ -->\n<title>Der Baptisterium von Siena: Was zu sehen ist - Hotel Minerva Siena<\/title>\n<meta name=\"robots\" content=\"index, follow, max-snippet:-1, max-image-preview:large, max-video-preview:-1\" \/>\n<link rel=\"canonical\" href=\"https:\/\/www.albergominerva.it\/de\/der-baptisterium-von-siena-was-zu-sehen-ist\/\" \/>\n<meta property=\"og:locale\" content=\"de_DE\" \/>\n<meta property=\"og:type\" content=\"article\" \/>\n<meta property=\"og:title\" content=\"Der Baptisterium von Siena: Was zu sehen ist - Hotel Minerva Siena\" \/>\n<meta property=\"og:description\" content=\"Siena, im Herzen der italienischen Region Toskana gelegen, ist ein historischer und kultureller Schatz, der von Reisenden aus aller Welt\" \/>\n<meta property=\"og:url\" content=\"https:\/\/www.albergominerva.it\/de\/der-baptisterium-von-siena-was-zu-sehen-ist\/\" \/>\n<meta property=\"og:site_name\" content=\"Hotel Minerva Siena\" \/>\n<meta property=\"article:modified_time\" content=\"2023-10-29T17:37:12+00:00\" \/>\n<meta property=\"og:image\" content=\"https:\/\/www.albergominerva.it\/wp-content\/uploads\/2023\/10\/battistero-siena-1.png\" \/>\n<meta name=\"twitter:card\" content=\"summary_large_image\" \/>\n<meta name=\"twitter:label1\" content=\"Gesch\u00e4tzte Lesezeit\" \/>\n\t<meta name=\"twitter:data1\" content=\"3\u00a0Minuten\" \/>\n<script type=\"application\/ld+json\" class=\"yoast-schema-graph\">{\"@context\":\"https:\/\/schema.org\",\"@graph\":[{\"@type\":\"WebPage\",\"@id\":\"https:\/\/www.albergominerva.it\/de\/der-baptisterium-von-siena-was-zu-sehen-ist\/\",\"url\":\"https:\/\/www.albergominerva.it\/de\/der-baptisterium-von-siena-was-zu-sehen-ist\/\",\"name\":\"Der Baptisterium von Siena: Was zu sehen ist - Hotel Minerva Siena\",\"isPartOf\":{\"@id\":\"https:\/\/www.albergominerva.it\/de\/#website\"},\"primaryImageOfPage\":{\"@id\":\"https:\/\/www.albergominerva.it\/de\/der-baptisterium-von-siena-was-zu-sehen-ist\/#primaryimage\"},\"image\":{\"@id\":\"https:\/\/www.albergominerva.it\/de\/der-baptisterium-von-siena-was-zu-sehen-ist\/#primaryimage\"},\"thumbnailUrl\":\"https:\/\/www.albergominerva.it\/wp-content\/uploads\/2023\/10\/battistero-siena-1.png\",\"datePublished\":\"2023-10-29T17:37:10+00:00\",\"dateModified\":\"2023-10-29T17:37:12+00:00\",\"breadcrumb\":{\"@id\":\"https:\/\/www.albergominerva.it\/de\/der-baptisterium-von-siena-was-zu-sehen-ist\/#breadcrumb\"},\"inLanguage\":\"de\",\"potentialAction\":[{\"@type\":\"ReadAction\",\"target\":[\"https:\/\/www.albergominerva.it\/de\/der-baptisterium-von-siena-was-zu-sehen-ist\/\"]}]},{\"@type\":\"ImageObject\",\"inLanguage\":\"de\",\"@id\":\"https:\/\/www.albergominerva.it\/de\/der-baptisterium-von-siena-was-zu-sehen-ist\/#primaryimage\",\"url\":\"https:\/\/www.albergominerva.it\/wp-content\/uploads\/2023\/10\/battistero-siena-1.png\",\"contentUrl\":\"https:\/\/www.albergominerva.it\/wp-content\/uploads\/2023\/10\/battistero-siena-1.png\"},{\"@type\":\"BreadcrumbList\",\"@id\":\"https:\/\/www.albergominerva.it\/de\/der-baptisterium-von-siena-was-zu-sehen-ist\/#breadcrumb\",\"itemListElement\":[{\"@type\":\"ListItem\",\"position\":1,\"name\":\"Home\",\"item\":\"https:\/\/www.albergominerva.it\/de\/\"},{\"@type\":\"ListItem\",\"position\":2,\"name\":\"Der Baptisterium von Siena: Was zu sehen ist\"}]},{\"@type\":\"WebSite\",\"@id\":\"https:\/\/www.albergominerva.it\/de\/#website\",\"url\":\"https:\/\/www.albergominerva.it\/de\/\",\"name\":\"Hotel Minerva Siena\",\"description\":\"Hotel in Centro Storico a Siena - Toscana - Italy\",\"potentialAction\":[{\"@type\":\"SearchAction\",\"target\":{\"@type\":\"EntryPoint\",\"urlTemplate\":\"https:\/\/www.albergominerva.it\/de\/?s={search_term_string}\"},\"query-input\":{\"@type\":\"PropertyValueSpecification\",\"valueRequired\":true,\"valueName\":\"search_term_string\"}}],\"inLanguage\":\"de\"}]}<\/script>\n<!-- \/ Yoast SEO plugin. -->","yoast_head_json":{"title":"Der Baptisterium von Siena: Was zu sehen ist - Hotel Minerva Siena","robots":{"index":"index","follow":"follow","max-snippet":"max-snippet:-1","max-image-preview":"max-image-preview:large","max-video-preview":"max-video-preview:-1"},"canonical":"https:\/\/www.albergominerva.it\/de\/der-baptisterium-von-siena-was-zu-sehen-ist\/","og_locale":"de_DE","og_type":"article","og_title":"Der Baptisterium von Siena: Was zu sehen ist - Hotel Minerva Siena","og_description":"Siena, im Herzen der italienischen Region Toskana gelegen, ist ein historischer und kultureller Schatz, der von Reisenden aus aller Welt","og_url":"https:\/\/www.albergominerva.it\/de\/der-baptisterium-von-siena-was-zu-sehen-ist\/","og_site_name":"Hotel Minerva Siena","article_modified_time":"2023-10-29T17:37:12+00:00","og_image":[{"url":"https:\/\/www.albergominerva.it\/wp-content\/uploads\/2023\/10\/battistero-siena-1.png","type":"","width":"","height":""}],"twitter_card":"summary_large_image","twitter_misc":{"Gesch\u00e4tzte Lesezeit":"3\u00a0Minuten"},"schema":{"@context":"https:\/\/schema.org","@graph":[{"@type":"WebPage","@id":"https:\/\/www.albergominerva.it\/de\/der-baptisterium-von-siena-was-zu-sehen-ist\/","url":"https:\/\/www.albergominerva.it\/de\/der-baptisterium-von-siena-was-zu-sehen-ist\/","name":"Der Baptisterium von Siena: Was zu sehen ist - Hotel Minerva Siena","isPartOf":{"@id":"https:\/\/www.albergominerva.it\/de\/#website"},"primaryImageOfPage":{"@id":"https:\/\/www.albergominerva.it\/de\/der-baptisterium-von-siena-was-zu-sehen-ist\/#primaryimage"},"image":{"@id":"https:\/\/www.albergominerva.it\/de\/der-baptisterium-von-siena-was-zu-sehen-ist\/#primaryimage"},"thumbnailUrl":"https:\/\/www.albergominerva.it\/wp-content\/uploads\/2023\/10\/battistero-siena-1.png","datePublished":"2023-10-29T17:37:10+00:00","dateModified":"2023-10-29T17:37:12+00:00","breadcrumb":{"@id":"https:\/\/www.albergominerva.it\/de\/der-baptisterium-von-siena-was-zu-sehen-ist\/#breadcrumb"},"inLanguage":"de","potentialAction":[{"@type":"ReadAction","target":["https:\/\/www.albergominerva.it\/de\/der-baptisterium-von-siena-was-zu-sehen-ist\/"]}]},{"@type":"ImageObject","inLanguage":"de","@id":"https:\/\/www.albergominerva.it\/de\/der-baptisterium-von-siena-was-zu-sehen-ist\/#primaryimage","url":"https:\/\/www.albergominerva.it\/wp-content\/uploads\/2023\/10\/battistero-siena-1.png","contentUrl":"https:\/\/www.albergominerva.it\/wp-content\/uploads\/2023\/10\/battistero-siena-1.png"},{"@type":"BreadcrumbList","@id":"https:\/\/www.albergominerva.it\/de\/der-baptisterium-von-siena-was-zu-sehen-ist\/#breadcrumb","itemListElement":[{"@type":"ListItem","position":1,"name":"Home","item":"https:\/\/www.albergominerva.it\/de\/"},{"@type":"ListItem","position":2,"name":"Der Baptisterium von Siena: Was zu sehen ist"}]},{"@type":"WebSite","@id":"https:\/\/www.albergominerva.it\/de\/#website","url":"https:\/\/www.albergominerva.it\/de\/","name":"Hotel Minerva Siena","description":"Hotel in Centro Storico a Siena - Toscana - Italy","potentialAction":[{"@type":"SearchAction","target":{"@type":"EntryPoint","urlTemplate":"https:\/\/www.albergominerva.it\/de\/?s={search_term_string}"},"query-input":{"@type":"PropertyValueSpecification","valueRequired":true,"valueName":"search_term_string"}}],"inLanguage":"de"}]}},"_links":{"self":[{"href":"https:\/\/www.albergominerva.it\/de\/wp-json\/wp\/v2\/pages\/11633","targetHints":{"allow":["GET"]}}],"collection":[{"href":"https:\/\/www.albergominerva.it\/de\/wp-json\/wp\/v2\/pages"}],"about":[{"href":"https:\/\/www.albergominerva.it\/de\/wp-json\/wp\/v2\/types\/page"}],"author":[{"embeddable":true,"href":"https:\/\/www.albergominerva.it\/de\/wp-json\/wp\/v2\/users\/3"}],"replies":[{"embeddable":true,"href":"https:\/\/www.albergominerva.it\/de\/wp-json\/wp\/v2\/comments?post=11633"}],"version-history":[{"count":1,"href":"https:\/\/www.albergominerva.it\/de\/wp-json\/wp\/v2\/pages\/11633\/revisions"}],"predecessor-version":[{"id":11634,"href":"https:\/\/www.albergominerva.it\/de\/wp-json\/wp\/v2\/pages\/11633\/revisions\/11634"}],"wp:attachment":[{"href":"https:\/\/www.albergominerva.it\/de\/wp-json\/wp\/v2\/media?parent=11633"}],"curies":[{"name":"wp","href":"https:\/\/api.w.org\/{rel}","templated":true}]}}