{"id":11643,"date":"2023-10-29T18:51:03","date_gmt":"2023-10-29T17:51:03","guid":{"rendered":"https:\/\/www.albergominerva.it\/?page_id=11643"},"modified":"2023-10-29T18:51:04","modified_gmt":"2023-10-29T17:51:04","slug":"der-museums-komplex-von-santa-maria-della-scala","status":"publish","type":"page","link":"https:\/\/www.albergominerva.it\/de\/der-museums-komplex-von-santa-maria-della-scala\/","title":{"rendered":"Der Museums-Komplex von Santa Maria della Scala"},"content":{"rendered":"\n<p><strong>Siena, eingebettet in den sanften H\u00fcgeln der Toskana, ist eines der kostbarsten kulturellen Juwelen Italiens und bietet Besuchern eine unvergessliche Reise durch Jahrhunderte Geschichte<\/strong>, Kunst und Kultur. Ber\u00fchmt f\u00fcr seine mittelalterliche Architektur und sein unvergleichliches k\u00fcnstlerisches Erbe, zieht die Stadt Touristen aus der ganzen Welt an, die sich in ihre einzigartige Atmosph\u00e4re und ihre glorreiche Vergangenheit vertiefen m\u00f6chten. Mit seinen antiken gepflasterten Stra\u00dfen, bezaubernden Pl\u00e4tzen und imposanten Denkm\u00e4lern ist Siena ein Muss f\u00fcr Kunst-, Geschichts- und Kulturbegeisterte und bietet ihnen ein einzigartiges Erlebnis, das die Fantasie und das Herz anspricht.<\/p>\n\n\n\n<p><strong>Der Museums-Komplex Santa Maria della Scala<\/strong><\/p>\n\n\n\n<p>Entlang der alten Via Francigena gelegen, erhebt sich Santa Maria della Scala, gegen\u00fcber dem Dom, als greifbares Zeugnis der tiefen Spiritualit\u00e4t und Gro\u00dfz\u00fcgigkeit von Siena, die die Stadt seit Jahrhunderten pr\u00e4gen. Die Urspr\u00fcnge dieses Krankenhaus-Komplexes reichen bis in fr\u00fche Epochen zur\u00fcck, wobei das \u00e4lteste bekannte Dokument vom 29. M\u00e4rz 1090 stammt und somit eine lange, ruhmreiche Vergangenheit offenbart, die sich mit den Wurzeln der Stadt selbst verwebt.<\/p>\n\n\n\n<p><strong>Seit seiner Umwandlung in einen riesigen Museums-Komplex im Jahr 1995 pr\u00e4sentiert sich Santa Maria della Scala <\/strong>heute als Ort von au\u00dfergew\u00f6hnlicher historischer und k\u00fcnstlerischer Bedeutung und bietet Besuchern eine fesselnde Reise durch Jahrhunderte religi\u00f6ser Hingabe, erhabene Kunst und bewegte Geschichte.<\/p>\n\n\n\n<figure class=\"wp-block-image size-full\"><img loading=\"lazy\" decoding=\"async\" width=\"633\" height=\"301\" src=\"https:\/\/www.albergominerva.it\/wp-content\/uploads\/2023\/10\/santa-maria-della-scala.png\" alt=\"\" class=\"wp-image-11519\" srcset=\"https:\/\/www.albergominerva.it\/wp-content\/uploads\/2023\/10\/santa-maria-della-scala.png 633w, https:\/\/www.albergominerva.it\/wp-content\/uploads\/2023\/10\/santa-maria-della-scala-300x143.png 300w\" sizes=\"auto, (max-width: 633px) 100vw, 633px\" \/><\/figure>\n\n\n\n<p><strong>Der Eingang erfolgt \u00fcber die Kapelle der Frauen, ein eindrucksvoller Ort, der mit Fresken aus dem fr\u00fchen 15. Jahrhundert geschm\u00fcckt ist und die Besucher mit einer Atmosph\u00e4re zeitloser Spiritualit\u00e4t und Sch\u00f6nheit empf\u00e4ngt.<\/strong> W\u00e4hrend man weiter in den Komplex eindringt, fesseln die Kirche Santissima Annunziata mit ihrem Hauptaltar, der von einem Auferstandenen Christus aus Bronze von Lorenzo Vecchietta geschm\u00fcckt ist, und das Probatische Becken, ein imposantes Fresko von Sebastiano Conca aus den Jahren 1731-1732, die Aufmerksamkeit und Bewunderung der Besucher und entf\u00fchren sie auf eine spannende Reise durch Jahrhunderte des Glaubens und der k\u00fcnstlerischen Hingabe.<\/p>\n\n\n\n<p><strong>Der Saal des Pellegrinaio, mit seinem umfangreichen Zyklus von Fresken aus dem 15. Jahrhundert, die von Giovanni Buzzichelli in Auftrag gegeben wurden<\/strong>, bezeugt die Gr\u00f6\u00dfe und Meisterschaft der sienesischen K\u00fcnstler der Renaissance und bietet den Besuchern ein unvergleichliches k\u00fcnstlerisches und historisches Erlebnis. W\u00e4hrend man weiter in die R\u00e4umlichkeiten im Untergeschoss vordringt, offenbart die Pr\u00e4senz des Fonte Gaia, ein Meisterwerk der Skulptur des 15. Jahrhunderts von Jacopo della Quercia, die Bedeutung von Kunst und Kultur in der Geschichte von Siena und bietet den Besuchern ein einzigartiges und fesselndes Erlebnis, das in ihrer Erinnerung unvergesslich bleiben wird.<\/p>\n\n\n\n<p>Mit der Erg\u00e4nzung des Nationalen Arch\u00e4ologischen Museums, das vom Arch\u00e4ologen Ranuccio Bianchi Bandinelli gew\u00fcnscht wurde, pr\u00e4sentiert sich der Komplex als Ort von au\u00dfergew\u00f6hnlicher kultureller und historischer Bedeutung und l\u00e4dt Besucher ein, die tausendj\u00e4hrige Kunst und Geschichte dieser bezaubernden Stadt zu entdecken und zu feiern.<\/p>\n\n\n\n<p>In dieser Hinsicht, wenn Sie ein Hotel im Zentrum von Siena suchen, um den Museums-Komplex von Santa Maria della Scala zu besuchen, w\u00e4hlen Sie das Hotel Minerva.<\/p>\n\n\n\n<p><a href=\"https:\/\/www.albergominerva.it\/de\/die-zimmer\/junior-suite-doppelzimmer-siena-zentrum-2\/\">Hier k\u00f6nnen Sie unsere Superior-Zimmer buchen<\/a>.<\/p>\n","protected":false},"excerpt":{"rendered":"<p>Siena, eingebettet in den sanften H\u00fcgeln der Toskana, ist eines der kostbarsten kulturellen Juwelen Italiens und bietet Besuchern eine unvergessliche<\/p>\n","protected":false},"author":3,"featured_media":0,"parent":0,"menu_order":0,"comment_status":"closed","ping_status":"closed","template":"","meta":{"_acf_changed":false,"footnotes":""},"class_list":["post-11643","page","type-page","status-publish","hentry"],"acf":[],"yoast_head":"<!-- This site is optimized with the Yoast SEO plugin v26.4 - https:\/\/yoast.com\/wordpress\/plugins\/seo\/ -->\n<title>Der Museums-Komplex von Santa Maria della Scala - Hotel Minerva Siena<\/title>\n<meta name=\"robots\" content=\"index, follow, max-snippet:-1, max-image-preview:large, max-video-preview:-1\" \/>\n<link rel=\"canonical\" href=\"https:\/\/www.albergominerva.it\/de\/der-museums-komplex-von-santa-maria-della-scala\/\" \/>\n<meta property=\"og:locale\" content=\"de_DE\" \/>\n<meta property=\"og:type\" content=\"article\" \/>\n<meta property=\"og:title\" content=\"Der Museums-Komplex von Santa Maria della Scala - Hotel Minerva Siena\" \/>\n<meta property=\"og:description\" content=\"Siena, eingebettet in den sanften H\u00fcgeln der Toskana, ist eines der kostbarsten kulturellen Juwelen Italiens und bietet Besuchern eine unvergessliche\" \/>\n<meta property=\"og:url\" content=\"https:\/\/www.albergominerva.it\/de\/der-museums-komplex-von-santa-maria-della-scala\/\" \/>\n<meta property=\"og:site_name\" content=\"Hotel Minerva Siena\" \/>\n<meta property=\"article:modified_time\" content=\"2023-10-29T17:51:04+00:00\" \/>\n<meta property=\"og:image\" content=\"https:\/\/www.albergominerva.it\/wp-content\/uploads\/2023\/10\/santa-maria-della-scala.png\" \/>\n<meta name=\"twitter:card\" content=\"summary_large_image\" \/>\n<meta name=\"twitter:label1\" content=\"Gesch\u00e4tzte Lesezeit\" \/>\n\t<meta name=\"twitter:data1\" content=\"3\u00a0Minuten\" \/>\n<script type=\"application\/ld+json\" class=\"yoast-schema-graph\">{\"@context\":\"https:\/\/schema.org\",\"@graph\":[{\"@type\":\"WebPage\",\"@id\":\"https:\/\/www.albergominerva.it\/de\/der-museums-komplex-von-santa-maria-della-scala\/\",\"url\":\"https:\/\/www.albergominerva.it\/de\/der-museums-komplex-von-santa-maria-della-scala\/\",\"name\":\"Der Museums-Komplex von Santa Maria della Scala - Hotel Minerva Siena\",\"isPartOf\":{\"@id\":\"https:\/\/www.albergominerva.it\/de\/#website\"},\"primaryImageOfPage\":{\"@id\":\"https:\/\/www.albergominerva.it\/de\/der-museums-komplex-von-santa-maria-della-scala\/#primaryimage\"},\"image\":{\"@id\":\"https:\/\/www.albergominerva.it\/de\/der-museums-komplex-von-santa-maria-della-scala\/#primaryimage\"},\"thumbnailUrl\":\"https:\/\/www.albergominerva.it\/wp-content\/uploads\/2023\/10\/santa-maria-della-scala.png\",\"datePublished\":\"2023-10-29T17:51:03+00:00\",\"dateModified\":\"2023-10-29T17:51:04+00:00\",\"breadcrumb\":{\"@id\":\"https:\/\/www.albergominerva.it\/de\/der-museums-komplex-von-santa-maria-della-scala\/#breadcrumb\"},\"inLanguage\":\"de\",\"potentialAction\":[{\"@type\":\"ReadAction\",\"target\":[\"https:\/\/www.albergominerva.it\/de\/der-museums-komplex-von-santa-maria-della-scala\/\"]}]},{\"@type\":\"ImageObject\",\"inLanguage\":\"de\",\"@id\":\"https:\/\/www.albergominerva.it\/de\/der-museums-komplex-von-santa-maria-della-scala\/#primaryimage\",\"url\":\"https:\/\/www.albergominerva.it\/wp-content\/uploads\/2023\/10\/santa-maria-della-scala.png\",\"contentUrl\":\"https:\/\/www.albergominerva.it\/wp-content\/uploads\/2023\/10\/santa-maria-della-scala.png\"},{\"@type\":\"BreadcrumbList\",\"@id\":\"https:\/\/www.albergominerva.it\/de\/der-museums-komplex-von-santa-maria-della-scala\/#breadcrumb\",\"itemListElement\":[{\"@type\":\"ListItem\",\"position\":1,\"name\":\"Home\",\"item\":\"https:\/\/www.albergominerva.it\/de\/\"},{\"@type\":\"ListItem\",\"position\":2,\"name\":\"Der Museums-Komplex von Santa Maria della Scala\"}]},{\"@type\":\"WebSite\",\"@id\":\"https:\/\/www.albergominerva.it\/de\/#website\",\"url\":\"https:\/\/www.albergominerva.it\/de\/\",\"name\":\"Hotel Minerva Siena\",\"description\":\"Hotel in Centro Storico a Siena - Toscana - Italy\",\"potentialAction\":[{\"@type\":\"SearchAction\",\"target\":{\"@type\":\"EntryPoint\",\"urlTemplate\":\"https:\/\/www.albergominerva.it\/de\/?s={search_term_string}\"},\"query-input\":{\"@type\":\"PropertyValueSpecification\",\"valueRequired\":true,\"valueName\":\"search_term_string\"}}],\"inLanguage\":\"de\"}]}<\/script>\n<!-- \/ Yoast SEO plugin. -->","yoast_head_json":{"title":"Der Museums-Komplex von Santa Maria della Scala - Hotel Minerva Siena","robots":{"index":"index","follow":"follow","max-snippet":"max-snippet:-1","max-image-preview":"max-image-preview:large","max-video-preview":"max-video-preview:-1"},"canonical":"https:\/\/www.albergominerva.it\/de\/der-museums-komplex-von-santa-maria-della-scala\/","og_locale":"de_DE","og_type":"article","og_title":"Der Museums-Komplex von Santa Maria della Scala - Hotel Minerva Siena","og_description":"Siena, eingebettet in den sanften H\u00fcgeln der Toskana, ist eines der kostbarsten kulturellen Juwelen Italiens und bietet Besuchern eine unvergessliche","og_url":"https:\/\/www.albergominerva.it\/de\/der-museums-komplex-von-santa-maria-della-scala\/","og_site_name":"Hotel Minerva Siena","article_modified_time":"2023-10-29T17:51:04+00:00","og_image":[{"url":"https:\/\/www.albergominerva.it\/wp-content\/uploads\/2023\/10\/santa-maria-della-scala.png","type":"","width":"","height":""}],"twitter_card":"summary_large_image","twitter_misc":{"Gesch\u00e4tzte Lesezeit":"3\u00a0Minuten"},"schema":{"@context":"https:\/\/schema.org","@graph":[{"@type":"WebPage","@id":"https:\/\/www.albergominerva.it\/de\/der-museums-komplex-von-santa-maria-della-scala\/","url":"https:\/\/www.albergominerva.it\/de\/der-museums-komplex-von-santa-maria-della-scala\/","name":"Der Museums-Komplex von Santa Maria della Scala - Hotel Minerva Siena","isPartOf":{"@id":"https:\/\/www.albergominerva.it\/de\/#website"},"primaryImageOfPage":{"@id":"https:\/\/www.albergominerva.it\/de\/der-museums-komplex-von-santa-maria-della-scala\/#primaryimage"},"image":{"@id":"https:\/\/www.albergominerva.it\/de\/der-museums-komplex-von-santa-maria-della-scala\/#primaryimage"},"thumbnailUrl":"https:\/\/www.albergominerva.it\/wp-content\/uploads\/2023\/10\/santa-maria-della-scala.png","datePublished":"2023-10-29T17:51:03+00:00","dateModified":"2023-10-29T17:51:04+00:00","breadcrumb":{"@id":"https:\/\/www.albergominerva.it\/de\/der-museums-komplex-von-santa-maria-della-scala\/#breadcrumb"},"inLanguage":"de","potentialAction":[{"@type":"ReadAction","target":["https:\/\/www.albergominerva.it\/de\/der-museums-komplex-von-santa-maria-della-scala\/"]}]},{"@type":"ImageObject","inLanguage":"de","@id":"https:\/\/www.albergominerva.it\/de\/der-museums-komplex-von-santa-maria-della-scala\/#primaryimage","url":"https:\/\/www.albergominerva.it\/wp-content\/uploads\/2023\/10\/santa-maria-della-scala.png","contentUrl":"https:\/\/www.albergominerva.it\/wp-content\/uploads\/2023\/10\/santa-maria-della-scala.png"},{"@type":"BreadcrumbList","@id":"https:\/\/www.albergominerva.it\/de\/der-museums-komplex-von-santa-maria-della-scala\/#breadcrumb","itemListElement":[{"@type":"ListItem","position":1,"name":"Home","item":"https:\/\/www.albergominerva.it\/de\/"},{"@type":"ListItem","position":2,"name":"Der Museums-Komplex von Santa Maria della Scala"}]},{"@type":"WebSite","@id":"https:\/\/www.albergominerva.it\/de\/#website","url":"https:\/\/www.albergominerva.it\/de\/","name":"Hotel Minerva Siena","description":"Hotel in Centro Storico a Siena - Toscana - Italy","potentialAction":[{"@type":"SearchAction","target":{"@type":"EntryPoint","urlTemplate":"https:\/\/www.albergominerva.it\/de\/?s={search_term_string}"},"query-input":{"@type":"PropertyValueSpecification","valueRequired":true,"valueName":"search_term_string"}}],"inLanguage":"de"}]}},"_links":{"self":[{"href":"https:\/\/www.albergominerva.it\/de\/wp-json\/wp\/v2\/pages\/11643","targetHints":{"allow":["GET"]}}],"collection":[{"href":"https:\/\/www.albergominerva.it\/de\/wp-json\/wp\/v2\/pages"}],"about":[{"href":"https:\/\/www.albergominerva.it\/de\/wp-json\/wp\/v2\/types\/page"}],"author":[{"embeddable":true,"href":"https:\/\/www.albergominerva.it\/de\/wp-json\/wp\/v2\/users\/3"}],"replies":[{"embeddable":true,"href":"https:\/\/www.albergominerva.it\/de\/wp-json\/wp\/v2\/comments?post=11643"}],"version-history":[{"count":1,"href":"https:\/\/www.albergominerva.it\/de\/wp-json\/wp\/v2\/pages\/11643\/revisions"}],"predecessor-version":[{"id":11644,"href":"https:\/\/www.albergominerva.it\/de\/wp-json\/wp\/v2\/pages\/11643\/revisions\/11644"}],"wp:attachment":[{"href":"https:\/\/www.albergominerva.it\/de\/wp-json\/wp\/v2\/media?parent=11643"}],"curies":[{"name":"wp","href":"https:\/\/api.w.org\/{rel}","templated":true}]}}