{"id":14808,"date":"2024-03-25T19:13:27","date_gmt":"2024-03-25T18:13:27","guid":{"rendered":"https:\/\/www.albergominerva.it\/?page_id=14808"},"modified":"2024-03-25T19:13:29","modified_gmt":"2024-03-25T18:13:29","slug":"hotelangebote-in-siena-fuer-den-palio-di-siena-am-16-august-2025","status":"publish","type":"page","link":"https:\/\/www.albergominerva.it\/de\/hotelangebote-in-siena-fuer-den-palio-di-siena-am-16-august-2025\/","title":{"rendered":"Hotelangebote in Siena f\u00fcr den Palio di Siena am 16. August 2025"},"content":{"rendered":"\n<p>M\u00f6chten Sie Ihren Urlaub in Siena verbringen und sind Sie auf der Suche nach einem unvergesslichen Angebot f\u00fcr das Palio di Siena am 16. August 2025?<\/p>\n\n\n\n<p>In diesem Fall empfehlen wir Ihnen, eine Reservierung im Albergo Minerva vorzunehmen, unserem sch\u00f6nen 3-Sterne-Hotel im Zentrum von Siena und nur wenige Gehminuten vom Piazza del Campo und den wichtigsten Sehensw\u00fcrdigkeiten der Stadt entfernt.<\/p>\n\n\n\n<figure class=\"wp-block-gallery has-nested-images columns-default is-cropped wp-block-gallery-1 is-layout-flex wp-block-gallery-is-layout-flex\">\n<figure class=\"wp-block-image size-large\"><img loading=\"lazy\" decoding=\"async\" width=\"800\" height=\"617\" data-id=\"14517\" src=\"https:\/\/www.albergominerva.it\/wp-content\/uploads\/2024\/03\/image.png\" alt=\"\" class=\"wp-image-14517\" srcset=\"https:\/\/www.albergominerva.it\/wp-content\/uploads\/2024\/03\/image.png 800w, https:\/\/www.albergominerva.it\/wp-content\/uploads\/2024\/03\/image-300x231.png 300w, https:\/\/www.albergominerva.it\/wp-content\/uploads\/2024\/03\/image-768x592.png 768w, https:\/\/www.albergominerva.it\/wp-content\/uploads\/2024\/03\/image-700x540.png 700w\" sizes=\"auto, (max-width: 800px) 100vw, 800px\" \/><\/figure>\n\n\n\n<figure class=\"wp-block-image size-large\"><img loading=\"lazy\" decoding=\"async\" width=\"1024\" height=\"683\" data-id=\"11784\" src=\"https:\/\/www.albergominerva.it\/wp-content\/uploads\/2023\/12\/Hotel-Minerva-2023-015.jpg\" alt=\"\" class=\"wp-image-11784\" srcset=\"https:\/\/www.albergominerva.it\/wp-content\/uploads\/2023\/12\/Hotel-Minerva-2023-015.jpg 1024w, https:\/\/www.albergominerva.it\/wp-content\/uploads\/2023\/12\/Hotel-Minerva-2023-015-300x200.jpg 300w, https:\/\/www.albergominerva.it\/wp-content\/uploads\/2023\/12\/Hotel-Minerva-2023-015-768x512.jpg 768w, https:\/\/www.albergominerva.it\/wp-content\/uploads\/2023\/12\/Hotel-Minerva-2023-015-1000x667.jpg 1000w, https:\/\/www.albergominerva.it\/wp-content\/uploads\/2023\/12\/Hotel-Minerva-2023-015-700x467.jpg 700w\" sizes=\"auto, (max-width: 1024px) 100vw, 1024px\" \/><\/figure>\n\n\n\n<figure class=\"wp-block-image size-large\"><img loading=\"lazy\" decoding=\"async\" width=\"768\" height=\"512\" data-id=\"10258\" src=\"https:\/\/www.albergominerva.it\/wp-content\/uploads\/2022\/12\/hotel-minerva-6.jpg\" alt=\"\" class=\"wp-image-10258\" srcset=\"https:\/\/www.albergominerva.it\/wp-content\/uploads\/2022\/12\/hotel-minerva-6.jpg 768w, https:\/\/www.albergominerva.it\/wp-content\/uploads\/2022\/12\/hotel-minerva-6-300x200.jpg 300w, https:\/\/www.albergominerva.it\/wp-content\/uploads\/2022\/12\/hotel-minerva-6-700x467.jpg 700w\" sizes=\"auto, (max-width: 768px) 100vw, 768px\" \/><\/figure>\n\n\n\n<figure class=\"wp-block-image size-large\"><img loading=\"lazy\" decoding=\"async\" width=\"768\" height=\"512\" data-id=\"9339\" src=\"https:\/\/www.albergominerva.it\/wp-content\/uploads\/2022\/02\/camera-069-768x512-1.jpg\" alt=\"\" class=\"wp-image-9339\" srcset=\"https:\/\/www.albergominerva.it\/wp-content\/uploads\/2022\/02\/camera-069-768x512-1.jpg 768w, https:\/\/www.albergominerva.it\/wp-content\/uploads\/2022\/02\/camera-069-768x512-1-300x200.jpg 300w, https:\/\/www.albergominerva.it\/wp-content\/uploads\/2022\/02\/camera-069-768x512-1-700x467.jpg 700w\" sizes=\"auto, (max-width: 768px) 100vw, 768px\" \/><\/figure>\n\n\n\n<figure class=\"wp-block-image size-large\"><img loading=\"lazy\" decoding=\"async\" width=\"800\" height=\"533\" data-id=\"8495\" src=\"https:\/\/www.albergominerva.it\/wp-content\/uploads\/2021\/03\/Camere-Hotel-Minerva-054.jpg\" alt=\"\" class=\"wp-image-8495\" srcset=\"https:\/\/www.albergominerva.it\/wp-content\/uploads\/2021\/03\/Camere-Hotel-Minerva-054.jpg 800w, https:\/\/www.albergominerva.it\/wp-content\/uploads\/2021\/03\/Camere-Hotel-Minerva-054-300x200.jpg 300w, https:\/\/www.albergominerva.it\/wp-content\/uploads\/2021\/03\/Camere-Hotel-Minerva-054-768x512.jpg 768w, https:\/\/www.albergominerva.it\/wp-content\/uploads\/2021\/03\/Camere-Hotel-Minerva-054-700x466.jpg 700w\" sizes=\"auto, (max-width: 800px) 100vw, 800px\" \/><\/figure>\n\n\n\n<figure class=\"wp-block-image size-large\"><img loading=\"lazy\" decoding=\"async\" width=\"800\" height=\"533\" data-id=\"8488\" src=\"https:\/\/www.albergominerva.it\/wp-content\/uploads\/2021\/03\/Camere-Hotel-Minerva-041-Copia-Copia.jpg\" alt=\"\" class=\"wp-image-8488\" srcset=\"https:\/\/www.albergominerva.it\/wp-content\/uploads\/2021\/03\/Camere-Hotel-Minerva-041-Copia-Copia.jpg 800w, https:\/\/www.albergominerva.it\/wp-content\/uploads\/2021\/03\/Camere-Hotel-Minerva-041-Copia-Copia-300x200.jpg 300w, https:\/\/www.albergominerva.it\/wp-content\/uploads\/2021\/03\/Camere-Hotel-Minerva-041-Copia-Copia-768x512.jpg 768w, https:\/\/www.albergominerva.it\/wp-content\/uploads\/2021\/03\/Camere-Hotel-Minerva-041-Copia-Copia-700x466.jpg 700w\" sizes=\"auto, (max-width: 800px) 100vw, 800px\" \/><\/figure>\n\n\n\n<figure class=\"wp-block-image size-large\"><img loading=\"lazy\" decoding=\"async\" width=\"1024\" height=\"683\" data-id=\"8158\" src=\"https:\/\/www.albergominerva.it\/wp-content\/uploads\/2020\/07\/261752624.jpg\" alt=\"\" class=\"wp-image-8158\" srcset=\"https:\/\/www.albergominerva.it\/wp-content\/uploads\/2020\/07\/261752624.jpg 1024w, https:\/\/www.albergominerva.it\/wp-content\/uploads\/2020\/07\/261752624-300x200.jpg 300w, https:\/\/www.albergominerva.it\/wp-content\/uploads\/2020\/07\/261752624-768x512.jpg 768w, https:\/\/www.albergominerva.it\/wp-content\/uploads\/2020\/07\/261752624-1000x667.jpg 1000w, https:\/\/www.albergominerva.it\/wp-content\/uploads\/2020\/07\/261752624-700x467.jpg 700w\" sizes=\"auto, (max-width: 1024px) 100vw, 1024px\" \/><\/figure>\n\n\n\n<figure class=\"wp-block-image size-large\"><img loading=\"lazy\" decoding=\"async\" width=\"1000\" height=\"667\" data-id=\"7245\" src=\"https:\/\/www.albergominerva.it\/wp-content\/uploads\/2020\/02\/camera-093.jpg\" alt=\"\" class=\"wp-image-7245\" srcset=\"https:\/\/www.albergominerva.it\/wp-content\/uploads\/2020\/02\/camera-093.jpg 1000w, https:\/\/www.albergominerva.it\/wp-content\/uploads\/2020\/02\/camera-093-300x200.jpg 300w, https:\/\/www.albergominerva.it\/wp-content\/uploads\/2020\/02\/camera-093-768x512.jpg 768w, https:\/\/www.albergominerva.it\/wp-content\/uploads\/2020\/02\/camera-093-700x467.jpg 700w\" sizes=\"auto, (max-width: 1000px) 100vw, 1000px\" \/><\/figure>\n\n\n\n<figure class=\"wp-block-image size-large\"><img loading=\"lazy\" decoding=\"async\" width=\"1000\" height=\"667\" data-id=\"6953\" src=\"https:\/\/www.albergominerva.it\/wp-content\/uploads\/2020\/02\/camera-069.jpg\" alt=\"\" class=\"wp-image-6953\" srcset=\"https:\/\/www.albergominerva.it\/wp-content\/uploads\/2020\/02\/camera-069.jpg 1000w, https:\/\/www.albergominerva.it\/wp-content\/uploads\/2020\/02\/camera-069-300x200.jpg 300w, https:\/\/www.albergominerva.it\/wp-content\/uploads\/2020\/02\/camera-069-768x512.jpg 768w, https:\/\/www.albergominerva.it\/wp-content\/uploads\/2020\/02\/camera-069-700x467.jpg 700w\" sizes=\"auto, (max-width: 1000px) 100vw, 1000px\" \/><\/figure>\n\n\n\n<figure class=\"wp-block-image size-large\"><img loading=\"lazy\" decoding=\"async\" width=\"800\" height=\"600\" data-id=\"3736\" src=\"https:\/\/www.albergominerva.it\/wp-content\/uploads\/2019\/08\/gall_int_bar_2.jpg\" alt=\"\" class=\"wp-image-3736\" srcset=\"https:\/\/www.albergominerva.it\/wp-content\/uploads\/2019\/08\/gall_int_bar_2.jpg 800w, https:\/\/www.albergominerva.it\/wp-content\/uploads\/2019\/08\/gall_int_bar_2-300x225.jpg 300w, https:\/\/www.albergominerva.it\/wp-content\/uploads\/2019\/08\/gall_int_bar_2-768x576.jpg 768w, https:\/\/www.albergominerva.it\/wp-content\/uploads\/2019\/08\/gall_int_bar_2-700x525.jpg 700w\" sizes=\"auto, (max-width: 800px) 100vw, 800px\" \/><\/figure>\n\n\n\n<figure class=\"wp-block-image size-large\"><img loading=\"lazy\" decoding=\"async\" width=\"800\" height=\"600\" data-id=\"3729\" src=\"https:\/\/www.albergominerva.it\/wp-content\/uploads\/2019\/08\/gall_int_colazione_2.jpg\" alt=\"\" class=\"wp-image-3729\" srcset=\"https:\/\/www.albergominerva.it\/wp-content\/uploads\/2019\/08\/gall_int_colazione_2.jpg 800w, https:\/\/www.albergominerva.it\/wp-content\/uploads\/2019\/08\/gall_int_colazione_2-300x225.jpg 300w, https:\/\/www.albergominerva.it\/wp-content\/uploads\/2019\/08\/gall_int_colazione_2-768x576.jpg 768w, https:\/\/www.albergominerva.it\/wp-content\/uploads\/2019\/08\/gall_int_colazione_2-700x525.jpg 700w\" sizes=\"auto, (max-width: 800px) 100vw, 800px\" \/><\/figure>\n\n\n\n<figure class=\"wp-block-image size-large\"><img loading=\"lazy\" decoding=\"async\" width=\"800\" height=\"600\" data-id=\"3255\" src=\"https:\/\/www.albergominerva.it\/wp-content\/uploads\/2019\/06\/gall_int_hall.jpg\" alt=\"\" class=\"wp-image-3255\" srcset=\"https:\/\/www.albergominerva.it\/wp-content\/uploads\/2019\/06\/gall_int_hall.jpg 800w, https:\/\/www.albergominerva.it\/wp-content\/uploads\/2019\/06\/gall_int_hall-300x225.jpg 300w, https:\/\/www.albergominerva.it\/wp-content\/uploads\/2019\/06\/gall_int_hall-768x576.jpg 768w, https:\/\/www.albergominerva.it\/wp-content\/uploads\/2019\/06\/gall_int_hall-700x525.jpg 700w\" sizes=\"auto, (max-width: 800px) 100vw, 800px\" \/><\/figure>\n\n\n\n<figure class=\"wp-block-image size-large\"><img loading=\"lazy\" decoding=\"async\" width=\"800\" height=\"600\" data-id=\"3231\" src=\"https:\/\/www.albergominerva.it\/wp-content\/uploads\/2019\/06\/gall_int_arearelax.jpg\" alt=\"\" class=\"wp-image-3231\" srcset=\"https:\/\/www.albergominerva.it\/wp-content\/uploads\/2019\/06\/gall_int_arearelax.jpg 800w, https:\/\/www.albergominerva.it\/wp-content\/uploads\/2019\/06\/gall_int_arearelax-300x225.jpg 300w, https:\/\/www.albergominerva.it\/wp-content\/uploads\/2019\/06\/gall_int_arearelax-768x576.jpg 768w, https:\/\/www.albergominerva.it\/wp-content\/uploads\/2019\/06\/gall_int_arearelax-700x525.jpg 700w\" sizes=\"auto, (max-width: 800px) 100vw, 800px\" \/><\/figure>\n\n\n\n<figure class=\"wp-block-image size-large\"><img loading=\"lazy\" decoding=\"async\" width=\"800\" height=\"600\" data-id=\"3223\" src=\"https:\/\/www.albergominerva.it\/wp-content\/uploads\/2019\/06\/gall_int_parcheggio.jpg\" alt=\"\" class=\"wp-image-3223\" srcset=\"https:\/\/www.albergominerva.it\/wp-content\/uploads\/2019\/06\/gall_int_parcheggio.jpg 800w, https:\/\/www.albergominerva.it\/wp-content\/uploads\/2019\/06\/gall_int_parcheggio-300x225.jpg 300w, https:\/\/www.albergominerva.it\/wp-content\/uploads\/2019\/06\/gall_int_parcheggio-768x576.jpg 768w, https:\/\/www.albergominerva.it\/wp-content\/uploads\/2019\/06\/gall_int_parcheggio-700x525.jpg 700w\" sizes=\"auto, (max-width: 800px) 100vw, 800px\" \/><\/figure>\n<\/figure>\n\n\n\n<p>Ausgestattet mit einer Bar, einem Aufzug und einer kostenpflichtigen Parkgarage, \u00fcberdacht und mit direktem Zugang zum Hotel, mit 20 verf\u00fcgbaren Pl\u00e4tzen, umfasst das Albergo Minerva 56 klimatisierte Zimmer, jedes einzigartig, mit WLAN-Internetverbindung, und ist in die Kategorien Easy-Economy, Elegant-Standard, Superior und Junior-Suite unterteilt.<\/p>\n\n\n\n<p><a href=\"https:\/\/www.albergominerva.it\/de\/die-zimmer\/billige-zimmer-siena-zentrum\/\">Die Easy-Zimmer<\/a>, mit einem Doppelbett oder zwei Einzelbetten auf Anfrage, befinden sich auf der Innenseite und bieten Ruhe abseits des historischen Zentrums und beginnen ab einer Fl\u00e4che von 16 m\u00b2.<\/p>\n\n\n\n<p><a href=\"https:\/\/www.albergominerva.it\/de\/die-zimmer\/zimmer-elegant-siena-zentrum\/\">Die Elegant-Standard-Zimmer<\/a>, mit modernem Dekor und Pastellt\u00f6nen an den W\u00e4nden, bieten alle einen Blick auf das historische Zentrum von Siena und beginnen ab einer Fl\u00e4che von 19 m\u00b2. Sie sind als Einzel- oder Doppelzimmer erh\u00e4ltlich und bieten Platz f\u00fcr bis zu 4 Personen.<\/p>\n\n\n\n<p><a href=\"https:\/\/www.albergominerva.it\/de\/die-zimmer\/junior-suite-doppelzimmer-siena-zentrum-2\/\">Die Superior-Zimmer<\/a> bieten alle einen Blick auf die Basilika San Francesco, die Basilika Provenzano und das Porta Ovile und beginnen ab einer Fl\u00e4che von 19 m\u00b2.<\/p>\n\n\n\n<p><a href=\"https:\/\/www.albergominerva.it\/de\/die-zimmer\/junior-suite-zimmer-aussicht-siena-zentrum\/\">Die Junior-Suite-Doppelzimmer<\/a> bieten einen Blick auf das historische Zentrum von Siena, eine Fl\u00e4che von 19 m\u00b2 und eine kleine Terrasse. Diese Zimmer sind alle mit einem Doppelbett ausgestattet und k\u00f6nnen auf Anfrage mit zwei separaten Betten ausgestattet werden.<\/p>\n\n\n\n<p>Sie haben also die M\u00f6glichkeit, aus zahlreichen Optionen zu w\u00e4hlen, die alle mit WLAN f\u00fcr Ihren Aufenthalt, sowohl f\u00fcr Freizeit als auch f\u00fcr Gesch\u00e4ftsreisen, ausgestattet sind.<\/p>\n\n\n\n<p>Das Hotel Minerva veranstaltet in regelm\u00e4\u00dfigen Abst\u00e4nden eine zeitgen\u00f6ssische Kunstgalerie, in der Werke von Sieneser K\u00fcnstlern pr\u00e4sentiert werden.<\/p>\n\n\n\n<p>Unser Hotel ist ruhig und ideal f\u00fcr Familien mit Kindern; wir bieten Kinderbetten, Flaschenw\u00e4rmer, Sterilisatoren und einen Innen-Spielbereich an.<\/p>\n\n\n\n<p>Das Minerva liegt in der N\u00e4he von zwei Spielpl\u00e4tzen und etwa 15 Minuten vom Orto de\u2019 Pecci, einem wundersch\u00f6nen Garten mit Tieren entfernt.<\/p>\n\n\n\n<p>Das Albergo Minerva bietet einen idealen Veranstaltungsort f\u00fcr Gesch\u00e4ftstreffen mit WLAN und einem Konferenzraum mit Blick auf das historische Zentrum der Stadt, der Platz f\u00fcr bis zu 40 Personen bietet und mit LED-TV, Projektor, Whiteboard und allen notwendigen Ger\u00e4ten ausgestattet ist.<\/p>\n\n\n\n<p>Was das Fr\u00fchst\u00fcck betrifft, bieten wir ein reichhaltiges italienisches und internationales Fr\u00fchst\u00fccksbuffet mit echten und hochwertigen Marmeladen an.<\/p>\n\n\n\n<p>Das Albergo Minerva reserviert eine gro\u00dfe sichere Garage f\u00fcr Autos, Motorr\u00e4der und Fahrr\u00e4der, direkt au\u00dferhalb der verkehrsberuhigten Zone und gegen Geb\u00fchr.<\/p>\n\n\n\n<p>Sie finden unser Hotel in Siena in der Via Garibaldi, 72, nur 2 Autominuten vom Bahnhof entfernt und in einer nicht beschr\u00e4nkten Verkehrszone.<\/p>\n\n\n\n<p>Um unser Hotel im Zentrum von Siena mit Parkplatz f\u00fcr das Palio di Siena am 16. August 2025 zu buchen, klicken Sie auf &#8222;Buchen&#8220; in der oberen rechten Ecke oder rufen Sie +39 0577.284474 an oder senden Sie eine E-Mail an <a>info@albergominerva.it<\/a>.<\/p>\n","protected":false},"excerpt":{"rendered":"<p>M\u00f6chten Sie Ihren Urlaub in Siena verbringen und sind Sie auf der Suche nach einem unvergesslichen Angebot f\u00fcr das Palio<\/p>\n","protected":false},"author":3,"featured_media":0,"parent":0,"menu_order":0,"comment_status":"closed","ping_status":"closed","template":"","meta":{"_acf_changed":false,"footnotes":""},"class_list":["post-14808","page","type-page","status-publish","hentry"],"acf":[],"yoast_head":"<!-- This site is optimized with the Yoast SEO plugin v27.4 - https:\/\/yoast.com\/product\/yoast-seo-wordpress\/ -->\n<title>Hotelangebote in Siena f\u00fcr den Palio di Siena am 16. August 2025 - Hotel Minerva Siena<\/title>\n<meta name=\"robots\" content=\"index, follow, max-snippet:-1, max-image-preview:large, max-video-preview:-1\" \/>\n<link rel=\"canonical\" href=\"https:\/\/www.albergominerva.it\/de\/hotelangebote-in-siena-fuer-den-palio-di-siena-am-16-august-2025\/\" \/>\n<meta property=\"og:locale\" content=\"de_DE\" \/>\n<meta property=\"og:type\" content=\"article\" \/>\n<meta property=\"og:title\" content=\"Hotelangebote in Siena f\u00fcr den Palio di Siena am 16. August 2025 - Hotel Minerva Siena\" \/>\n<meta property=\"og:description\" content=\"M\u00f6chten Sie Ihren Urlaub in Siena verbringen und sind Sie auf der Suche nach einem unvergesslichen Angebot f\u00fcr das Palio\" \/>\n<meta property=\"og:url\" content=\"https:\/\/www.albergominerva.it\/de\/hotelangebote-in-siena-fuer-den-palio-di-siena-am-16-august-2025\/\" \/>\n<meta property=\"og:site_name\" content=\"Hotel Minerva Siena\" \/>\n<meta property=\"article:modified_time\" content=\"2024-03-25T18:13:29+00:00\" \/>\n<meta property=\"og:image\" content=\"https:\/\/www.albergominerva.it\/wp-content\/uploads\/2024\/03\/image.png\" \/>\n<meta name=\"twitter:card\" content=\"summary_large_image\" \/>\n<meta name=\"twitter:label1\" content=\"Gesch\u00e4tzte Lesezeit\" \/>\n\t<meta name=\"twitter:data1\" content=\"6\u00a0Minuten\" \/>\n<script type=\"application\/ld+json\" class=\"yoast-schema-graph\">{\"@context\":\"https:\\\/\\\/schema.org\",\"@graph\":[{\"@type\":\"WebPage\",\"@id\":\"https:\\\/\\\/www.albergominerva.it\\\/de\\\/hotelangebote-in-siena-fuer-den-palio-di-siena-am-16-august-2025\\\/\",\"url\":\"https:\\\/\\\/www.albergominerva.it\\\/de\\\/hotelangebote-in-siena-fuer-den-palio-di-siena-am-16-august-2025\\\/\",\"name\":\"Hotelangebote in Siena f\u00fcr den Palio di Siena am 16. August 2025 - Hotel Minerva Siena\",\"isPartOf\":{\"@id\":\"https:\\\/\\\/www.albergominerva.it\\\/de\\\/#website\"},\"primaryImageOfPage\":{\"@id\":\"https:\\\/\\\/www.albergominerva.it\\\/de\\\/hotelangebote-in-siena-fuer-den-palio-di-siena-am-16-august-2025\\\/#primaryimage\"},\"image\":{\"@id\":\"https:\\\/\\\/www.albergominerva.it\\\/de\\\/hotelangebote-in-siena-fuer-den-palio-di-siena-am-16-august-2025\\\/#primaryimage\"},\"thumbnailUrl\":\"https:\\\/\\\/www.albergominerva.it\\\/wp-content\\\/uploads\\\/2024\\\/03\\\/image.png\",\"datePublished\":\"2024-03-25T18:13:27+00:00\",\"dateModified\":\"2024-03-25T18:13:29+00:00\",\"breadcrumb\":{\"@id\":\"https:\\\/\\\/www.albergominerva.it\\\/de\\\/hotelangebote-in-siena-fuer-den-palio-di-siena-am-16-august-2025\\\/#breadcrumb\"},\"inLanguage\":\"de\",\"potentialAction\":[{\"@type\":\"ReadAction\",\"target\":[\"https:\\\/\\\/www.albergominerva.it\\\/de\\\/hotelangebote-in-siena-fuer-den-palio-di-siena-am-16-august-2025\\\/\"]}]},{\"@type\":\"ImageObject\",\"inLanguage\":\"de\",\"@id\":\"https:\\\/\\\/www.albergominerva.it\\\/de\\\/hotelangebote-in-siena-fuer-den-palio-di-siena-am-16-august-2025\\\/#primaryimage\",\"url\":\"https:\\\/\\\/www.albergominerva.it\\\/wp-content\\\/uploads\\\/2024\\\/03\\\/image.png\",\"contentUrl\":\"https:\\\/\\\/www.albergominerva.it\\\/wp-content\\\/uploads\\\/2024\\\/03\\\/image.png\"},{\"@type\":\"BreadcrumbList\",\"@id\":\"https:\\\/\\\/www.albergominerva.it\\\/de\\\/hotelangebote-in-siena-fuer-den-palio-di-siena-am-16-august-2025\\\/#breadcrumb\",\"itemListElement\":[{\"@type\":\"ListItem\",\"position\":1,\"name\":\"Home\",\"item\":\"https:\\\/\\\/www.albergominerva.it\\\/de\\\/\"},{\"@type\":\"ListItem\",\"position\":2,\"name\":\"Hotelangebote in Siena f\u00fcr den Palio di Siena am 16. August 2025\"}]},{\"@type\":\"WebSite\",\"@id\":\"https:\\\/\\\/www.albergominerva.it\\\/de\\\/#website\",\"url\":\"https:\\\/\\\/www.albergominerva.it\\\/de\\\/\",\"name\":\"Hotel Minerva Siena\",\"description\":\"Hotel in Centro Storico a Siena - Toscana - Italy\",\"potentialAction\":[{\"@type\":\"SearchAction\",\"target\":{\"@type\":\"EntryPoint\",\"urlTemplate\":\"https:\\\/\\\/www.albergominerva.it\\\/de\\\/?s={search_term_string}\"},\"query-input\":{\"@type\":\"PropertyValueSpecification\",\"valueRequired\":true,\"valueName\":\"search_term_string\"}}],\"inLanguage\":\"de\"}]}<\/script>\n<!-- \/ Yoast SEO plugin. -->","yoast_head_json":{"title":"Hotelangebote in Siena f\u00fcr den Palio di Siena am 16. August 2025 - Hotel Minerva Siena","robots":{"index":"index","follow":"follow","max-snippet":"max-snippet:-1","max-image-preview":"max-image-preview:large","max-video-preview":"max-video-preview:-1"},"canonical":"https:\/\/www.albergominerva.it\/de\/hotelangebote-in-siena-fuer-den-palio-di-siena-am-16-august-2025\/","og_locale":"de_DE","og_type":"article","og_title":"Hotelangebote in Siena f\u00fcr den Palio di Siena am 16. August 2025 - Hotel Minerva Siena","og_description":"M\u00f6chten Sie Ihren Urlaub in Siena verbringen und sind Sie auf der Suche nach einem unvergesslichen Angebot f\u00fcr das Palio","og_url":"https:\/\/www.albergominerva.it\/de\/hotelangebote-in-siena-fuer-den-palio-di-siena-am-16-august-2025\/","og_site_name":"Hotel Minerva Siena","article_modified_time":"2024-03-25T18:13:29+00:00","og_image":[{"url":"https:\/\/www.albergominerva.it\/wp-content\/uploads\/2024\/03\/image.png","type":"","width":"","height":""}],"twitter_card":"summary_large_image","twitter_misc":{"Gesch\u00e4tzte Lesezeit":"6\u00a0Minuten"},"schema":{"@context":"https:\/\/schema.org","@graph":[{"@type":"WebPage","@id":"https:\/\/www.albergominerva.it\/de\/hotelangebote-in-siena-fuer-den-palio-di-siena-am-16-august-2025\/","url":"https:\/\/www.albergominerva.it\/de\/hotelangebote-in-siena-fuer-den-palio-di-siena-am-16-august-2025\/","name":"Hotelangebote in Siena f\u00fcr den Palio di Siena am 16. August 2025 - Hotel Minerva Siena","isPartOf":{"@id":"https:\/\/www.albergominerva.it\/de\/#website"},"primaryImageOfPage":{"@id":"https:\/\/www.albergominerva.it\/de\/hotelangebote-in-siena-fuer-den-palio-di-siena-am-16-august-2025\/#primaryimage"},"image":{"@id":"https:\/\/www.albergominerva.it\/de\/hotelangebote-in-siena-fuer-den-palio-di-siena-am-16-august-2025\/#primaryimage"},"thumbnailUrl":"https:\/\/www.albergominerva.it\/wp-content\/uploads\/2024\/03\/image.png","datePublished":"2024-03-25T18:13:27+00:00","dateModified":"2024-03-25T18:13:29+00:00","breadcrumb":{"@id":"https:\/\/www.albergominerva.it\/de\/hotelangebote-in-siena-fuer-den-palio-di-siena-am-16-august-2025\/#breadcrumb"},"inLanguage":"de","potentialAction":[{"@type":"ReadAction","target":["https:\/\/www.albergominerva.it\/de\/hotelangebote-in-siena-fuer-den-palio-di-siena-am-16-august-2025\/"]}]},{"@type":"ImageObject","inLanguage":"de","@id":"https:\/\/www.albergominerva.it\/de\/hotelangebote-in-siena-fuer-den-palio-di-siena-am-16-august-2025\/#primaryimage","url":"https:\/\/www.albergominerva.it\/wp-content\/uploads\/2024\/03\/image.png","contentUrl":"https:\/\/www.albergominerva.it\/wp-content\/uploads\/2024\/03\/image.png"},{"@type":"BreadcrumbList","@id":"https:\/\/www.albergominerva.it\/de\/hotelangebote-in-siena-fuer-den-palio-di-siena-am-16-august-2025\/#breadcrumb","itemListElement":[{"@type":"ListItem","position":1,"name":"Home","item":"https:\/\/www.albergominerva.it\/de\/"},{"@type":"ListItem","position":2,"name":"Hotelangebote in Siena f\u00fcr den Palio di Siena am 16. August 2025"}]},{"@type":"WebSite","@id":"https:\/\/www.albergominerva.it\/de\/#website","url":"https:\/\/www.albergominerva.it\/de\/","name":"Hotel Minerva Siena","description":"Hotel in Centro Storico a Siena - Toscana - Italy","potentialAction":[{"@type":"SearchAction","target":{"@type":"EntryPoint","urlTemplate":"https:\/\/www.albergominerva.it\/de\/?s={search_term_string}"},"query-input":{"@type":"PropertyValueSpecification","valueRequired":true,"valueName":"search_term_string"}}],"inLanguage":"de"}]}},"_links":{"self":[{"href":"https:\/\/www.albergominerva.it\/de\/wp-json\/wp\/v2\/pages\/14808","targetHints":{"allow":["GET"]}}],"collection":[{"href":"https:\/\/www.albergominerva.it\/de\/wp-json\/wp\/v2\/pages"}],"about":[{"href":"https:\/\/www.albergominerva.it\/de\/wp-json\/wp\/v2\/types\/page"}],"author":[{"embeddable":true,"href":"https:\/\/www.albergominerva.it\/de\/wp-json\/wp\/v2\/users\/3"}],"replies":[{"embeddable":true,"href":"https:\/\/www.albergominerva.it\/de\/wp-json\/wp\/v2\/comments?post=14808"}],"version-history":[{"count":1,"href":"https:\/\/www.albergominerva.it\/de\/wp-json\/wp\/v2\/pages\/14808\/revisions"}],"predecessor-version":[{"id":14809,"href":"https:\/\/www.albergominerva.it\/de\/wp-json\/wp\/v2\/pages\/14808\/revisions\/14809"}],"wp:attachment":[{"href":"https:\/\/www.albergominerva.it\/de\/wp-json\/wp\/v2\/media?parent=14808"}],"curies":[{"name":"wp","href":"https:\/\/api.w.org\/{rel}","templated":true}]}}