{"id":14893,"date":"2024-05-12T11:05:06","date_gmt":"2024-05-12T09:05:06","guid":{"rendered":"https:\/\/www.albergominerva.it\/?page_id=14893"},"modified":"2024-05-12T11:05:07","modified_gmt":"2024-05-12T09:05:07","slug":"was-sie-in-siena-an-einem-tag-besichtigen-und-geniessen-koennen","status":"publish","type":"page","link":"https:\/\/www.albergominerva.it\/de\/was-sie-in-siena-an-einem-tag-besichtigen-und-geniessen-koennen\/","title":{"rendered":"Was Sie in Siena an einem Tag besichtigen (und genie\u00dfen) k\u00f6nnen"},"content":{"rendered":"\n<p>Eingebettet im Herzen der Toskana, ist Siena ein unverzichtbares Ziel f\u00fcr Liebhaber der mittelalterlichen Geschichte und architektonischen Sch\u00f6nheiten. Wenn Sie nur einen Tag Zeit haben, diese Stadt zu erkunden, finden Sie hier einen Leitfaden, der Ihnen hilft, sich auf die bedeutendsten Orte zu konzentrieren. Aber was macht Siena so besonders? Lassen Sie es uns gemeinsam herausfinden!<\/p>\n\n\n\n<p><strong>Warum sollten Sie Siena an einem Tag besuchen?<\/strong><\/p>\n\n\n\n<p>Siena ist ein echtes mittelalterliches Juwel, eine Stadt, die ihre urspr\u00fcngliche historische und architektonische Struktur bewahrt hat. Beim Spazieren durch die Stra\u00dfen hat man den Eindruck, in die Vergangenheit zur\u00fcckzuspringen. Die Geb\u00e4ude, Pl\u00e4tze und Gassen bewahren den Glanz einer Zeit, in der Siena eines der wichtigsten Zentren f\u00fcr Kultur und Handel in Italien war.<\/p>\n\n\n\n<p><strong>Einzigartige Architektur:<\/strong> Die Stadt ist bekannt f\u00fcr ihren unverwechselbaren architektonischen Stil. Der Dom von Siena, beispielsweise, ist eine der sch\u00f6nsten Kathedralen Italiens, ein Meisterwerk der italienischen Gotik mit dekorativen Elementen, die Sie nirgendwo anders finden werden. Der Piazza del Campo, mit seiner ungew\u00f6hnlichen Muschelform, gilt als einer der sch\u00f6nsten mittelalterlichen Pl\u00e4tze der Welt und ist ein zeitloses architektonisches und kulturelles Wahrzeichen.<\/p>\n\n\n\n<p><strong>Das Palio von Siena:<\/strong> Ein Besuch in Siena k\u00f6nnte Ihnen die Gelegenheit bieten, das Palio zu erleben, eines der \u00e4ltesten und aufregendsten Pferderennen der Welt, das jedes Jahr im Juli und August stattfindet. Dieses Ereignis ist nicht nur ein Wettbewerb, sondern ein tiefer Ausdruck der st\u00e4dtischen Kultur und der lokalen Traditionen, an dem die gesamte Gemeinschaft in Feierlichkeiten und historischen Rivalit\u00e4ten zwischen den Stadtvierteln teilnimmt.<\/p>\n\n\n\n<p><strong>Gastronomie und Wein:<\/strong> Die sienesische K\u00fcche spiegelt den Reichtum und die Vielfalt der Toskana wider. Spezialit\u00e4ten wie Pici, eine dicke handgemachte Pasta, Panforte, ein gew\u00fcrzter Kuchen, und renommierte Weine wie der Chianti sind nur einige der kulinarischen Sch\u00e4tze, die Sie entdecken k\u00f6nnen. Jede Mahlzeit in Siena ist eine Gelegenheit, die authentischen Aromen der Region zu feiern.<\/p>\n\n\n\n<p><strong>Kunst und Kultur:<\/strong> Siena ist nicht nur Geschichte und Essen; es ist auch ein lebendiges Zentrum der Kunst und Kultur. Die Nationalgalerie von Siena beherbergt eine au\u00dfergew\u00f6hnliche Sammlung mittelalterlicher und Renaissance-Kunst der Toskana. Museen, Galerien und Kirchen sind voll von Kunstwerken von unsch\u00e4tzbarem Wert, geschaffen von einigen der gr\u00f6\u00dften italienischen K\u00fcnstler.<\/p>\n\n\n\n<p><strong>Eine bezaubernde Atmosph\u00e4re:<\/strong> Es gibt etwas Magisches in der Atmosph\u00e4re von Siena. Ob Sie den Blick von der Mangia-Turm genie\u00dfen oder sich in den gepflasterten Stra\u00dfen verlieren, die Stadt bietet Ecken unerwarteter Sch\u00f6nheit und Momente der ruhigen Kontemplation. Das Gef\u00fchl, durch lebendige Geschichte zu gehen, ist greifbar und macht jeden Besuch zu einem unvergesslichen Erlebnis.<\/p>\n\n\n\n<p>Zusammenfassend ist Siena nicht nur ein obligatorischer Stopp f\u00fcr diejenigen, die die Toskana besuchen; es ist ein Ziel, das eine tiefe Verbindung mit der Vergangenheit bietet, atemberaubende Architektur, einzigartige Traditionen, kulinarische Exzellenzen und eine reiche und lebendige Kultur. Es zu besuchen, auch nur f\u00fcr einen Tag, bedeutet, ein Erbe zu entdecken, das weiterlebt und jeden fasziniert, der seine alten Tore durchquert.<\/p>\n\n\n\n<p><strong>Welche sind die Hauptattraktionen, die Sie in Siena an einem Tag besuchen sollten?<\/strong><\/p>\n\n\n\n<p><strong>Dom von Siena<\/strong><\/p>\n\n\n\n<ul class=\"wp-block-list\">\n<li><strong>Beschreibung<\/strong>: Im Herzen des historischen Zentrums gelegen, ist der Dom von Siena ein gotisches Meisterwerk, das zwischen 1214 und 1263 erbaut wurde. Mit seiner lateinischen Kreuzstruktur, einer Kuppel und einem Glockenturm beherbergt der Dom Werke von Michelangelo, Donatello und anderen. Die Au\u00dfenfassade ist mit wei\u00dfem Marmor und abwechselnden Streifen aus schwarzem und gr\u00fcnem Marmor verziert.<\/li>\n<\/ul>\n\n\n\n<p><strong>Piazza del Campo<\/strong><\/p>\n\n\n\n<ul class=\"wp-block-list\">\n<li><strong>Beschreibung<\/strong>: Bekannt f\u00fcr das ber\u00fchmte Palio von Siena, hat der Piazza del Campo eine einzigartige Muschelform und beherbergt historische Veranstaltungen. Es ist das pulsierende Herz von Siena, umgeben von alten Stra\u00dfen voller Gesch\u00e4fte und Tavernen, in denen Sie typische Gerichte probieren k\u00f6nnen.<\/li>\n<\/ul>\n\n\n\n<p><strong>Palazzo Pubblico und Torre del Mangia<\/strong><\/p>\n\n\n\n<ul class=\"wp-block-list\">\n<li><strong>Beschreibung<\/strong>: Diese beiden Symbole von Siena stammen aus dem Jahr 1297 und befinden sich auf dem Piazza del Campo. Der Palazzo Pubblico, Sitz der st\u00e4dtischen Institutionen, beherbergt das Stadtmuseum.<\/li>\n\n\n\n<li><strong>Aussicht<\/strong>: Von der Spitze des Torre del Mangia aus genie\u00dfen Sie einen spektakul\u00e4ren Blick auf die Stadt und die umliegenden toskanischen H\u00fcgel.<\/li>\n<\/ul>\n\n\n\n<p><strong>Nationalgalerie<\/strong><\/p>\n\n\n\n<ul class=\"wp-block-list\">\n<li><strong>Beschreibung<\/strong>: Eines der wichtigsten Museen Italiens, das eine umfangreiche Sammlung sienesischer Malerei aus dem 14. und 15. Jahrhundert beherbergt. Gelegen in den Palazzi Buonsignori und Brigidi, bietet es gef\u00fchrte Touren an.<\/li>\n<\/ul>\n\n\n\n<p><strong>Basilika Cateriniana San Domenico<\/strong><\/p>\n\n\n\n<ul class=\"wp-block-list\">\n<li><strong>Beschreibung<\/strong>: Auf einem H\u00fcgel nahe dem Zentrum gelegen, ist diese Basilika mit der Heiligen Katharina von Siena verbunden. Das Innere ist reich an Kunstwerken und der Eintritt ist frei. Gef\u00fchrte Touren k\u00f6nnen direkt bei der Basilika organisiert werden.<\/li>\n<\/ul>\n\n\n\n<p><strong>Tipps f\u00fcr den Besuch:<\/strong> F\u00fcr ein vollst\u00e4ndiges Erlebnis empfehlen wir, vom Albergo Minerva auszugehen, unserem Drei-Sterne-Hotel im Zentrum von Siena, das kostenpflichtige Parkpl\u00e4tze bietet. Dies erm\u00f6glicht es Ihnen, die Stadt bequem von einem zentralen Standort aus zu erkunden.<\/p>\n\n\n\n<p><strong>Buchung und Organisation<\/strong> Wenn Sie bereit sind, die Wunder von Siena zu entdecken, klicken Sie auf &#8222;buchen&#8220; auf der Website des Hotels und w\u00e4hlen Sie den Zeitraum Ihres Aufenthalts.<\/p>\n","protected":false},"excerpt":{"rendered":"<p>Eingebettet im Herzen der Toskana, ist Siena ein unverzichtbares Ziel f\u00fcr Liebhaber der mittelalterlichen Geschichte und architektonischen Sch\u00f6nheiten. Wenn Sie<\/p>\n","protected":false},"author":3,"featured_media":0,"parent":0,"menu_order":0,"comment_status":"closed","ping_status":"closed","template":"","meta":{"_acf_changed":false,"footnotes":""},"class_list":["post-14893","page","type-page","status-publish","hentry"],"acf":[],"yoast_head":"<!-- This site is optimized with the Yoast SEO plugin v27.4 - https:\/\/yoast.com\/product\/yoast-seo-wordpress\/ -->\n<title>Was Sie in Siena an einem Tag besichtigen (und genie\u00dfen) k\u00f6nnen - Hotel Minerva Siena<\/title>\n<meta name=\"robots\" content=\"index, follow, max-snippet:-1, max-image-preview:large, max-video-preview:-1\" \/>\n<link rel=\"canonical\" href=\"https:\/\/www.albergominerva.it\/de\/was-sie-in-siena-an-einem-tag-besichtigen-und-geniessen-koennen\/\" \/>\n<meta property=\"og:locale\" content=\"de_DE\" \/>\n<meta property=\"og:type\" content=\"article\" \/>\n<meta property=\"og:title\" content=\"Was Sie in Siena an einem Tag besichtigen (und genie\u00dfen) k\u00f6nnen - Hotel Minerva Siena\" \/>\n<meta property=\"og:description\" content=\"Eingebettet im Herzen der Toskana, ist Siena ein unverzichtbares Ziel f\u00fcr Liebhaber der mittelalterlichen Geschichte und architektonischen Sch\u00f6nheiten. Wenn Sie\" \/>\n<meta property=\"og:url\" content=\"https:\/\/www.albergominerva.it\/de\/was-sie-in-siena-an-einem-tag-besichtigen-und-geniessen-koennen\/\" \/>\n<meta property=\"og:site_name\" content=\"Hotel Minerva Siena\" \/>\n<meta property=\"article:modified_time\" content=\"2024-05-12T09:05:07+00:00\" \/>\n<meta name=\"twitter:card\" content=\"summary_large_image\" \/>\n<meta name=\"twitter:label1\" content=\"Gesch\u00e4tzte Lesezeit\" \/>\n\t<meta name=\"twitter:data1\" content=\"5\u00a0Minuten\" \/>\n<script type=\"application\/ld+json\" class=\"yoast-schema-graph\">{\"@context\":\"https:\\\/\\\/schema.org\",\"@graph\":[{\"@type\":\"WebPage\",\"@id\":\"https:\\\/\\\/www.albergominerva.it\\\/de\\\/was-sie-in-siena-an-einem-tag-besichtigen-und-geniessen-koennen\\\/\",\"url\":\"https:\\\/\\\/www.albergominerva.it\\\/de\\\/was-sie-in-siena-an-einem-tag-besichtigen-und-geniessen-koennen\\\/\",\"name\":\"Was Sie in Siena an einem Tag besichtigen (und genie\u00dfen) k\u00f6nnen - Hotel Minerva Siena\",\"isPartOf\":{\"@id\":\"https:\\\/\\\/www.albergominerva.it\\\/de\\\/#website\"},\"datePublished\":\"2024-05-12T09:05:06+00:00\",\"dateModified\":\"2024-05-12T09:05:07+00:00\",\"breadcrumb\":{\"@id\":\"https:\\\/\\\/www.albergominerva.it\\\/de\\\/was-sie-in-siena-an-einem-tag-besichtigen-und-geniessen-koennen\\\/#breadcrumb\"},\"inLanguage\":\"de\",\"potentialAction\":[{\"@type\":\"ReadAction\",\"target\":[\"https:\\\/\\\/www.albergominerva.it\\\/de\\\/was-sie-in-siena-an-einem-tag-besichtigen-und-geniessen-koennen\\\/\"]}]},{\"@type\":\"BreadcrumbList\",\"@id\":\"https:\\\/\\\/www.albergominerva.it\\\/de\\\/was-sie-in-siena-an-einem-tag-besichtigen-und-geniessen-koennen\\\/#breadcrumb\",\"itemListElement\":[{\"@type\":\"ListItem\",\"position\":1,\"name\":\"Home\",\"item\":\"https:\\\/\\\/www.albergominerva.it\\\/de\\\/\"},{\"@type\":\"ListItem\",\"position\":2,\"name\":\"Was Sie in Siena an einem Tag besichtigen (und genie\u00dfen) k\u00f6nnen\"}]},{\"@type\":\"WebSite\",\"@id\":\"https:\\\/\\\/www.albergominerva.it\\\/de\\\/#website\",\"url\":\"https:\\\/\\\/www.albergominerva.it\\\/de\\\/\",\"name\":\"Hotel Minerva Siena\",\"description\":\"Hotel in Centro Storico a Siena - Toscana - Italy\",\"potentialAction\":[{\"@type\":\"SearchAction\",\"target\":{\"@type\":\"EntryPoint\",\"urlTemplate\":\"https:\\\/\\\/www.albergominerva.it\\\/de\\\/?s={search_term_string}\"},\"query-input\":{\"@type\":\"PropertyValueSpecification\",\"valueRequired\":true,\"valueName\":\"search_term_string\"}}],\"inLanguage\":\"de\"}]}<\/script>\n<!-- \/ Yoast SEO plugin. -->","yoast_head_json":{"title":"Was Sie in Siena an einem Tag besichtigen (und genie\u00dfen) k\u00f6nnen - Hotel Minerva Siena","robots":{"index":"index","follow":"follow","max-snippet":"max-snippet:-1","max-image-preview":"max-image-preview:large","max-video-preview":"max-video-preview:-1"},"canonical":"https:\/\/www.albergominerva.it\/de\/was-sie-in-siena-an-einem-tag-besichtigen-und-geniessen-koennen\/","og_locale":"de_DE","og_type":"article","og_title":"Was Sie in Siena an einem Tag besichtigen (und genie\u00dfen) k\u00f6nnen - Hotel Minerva Siena","og_description":"Eingebettet im Herzen der Toskana, ist Siena ein unverzichtbares Ziel f\u00fcr Liebhaber der mittelalterlichen Geschichte und architektonischen Sch\u00f6nheiten. Wenn Sie","og_url":"https:\/\/www.albergominerva.it\/de\/was-sie-in-siena-an-einem-tag-besichtigen-und-geniessen-koennen\/","og_site_name":"Hotel Minerva Siena","article_modified_time":"2024-05-12T09:05:07+00:00","twitter_card":"summary_large_image","twitter_misc":{"Gesch\u00e4tzte Lesezeit":"5\u00a0Minuten"},"schema":{"@context":"https:\/\/schema.org","@graph":[{"@type":"WebPage","@id":"https:\/\/www.albergominerva.it\/de\/was-sie-in-siena-an-einem-tag-besichtigen-und-geniessen-koennen\/","url":"https:\/\/www.albergominerva.it\/de\/was-sie-in-siena-an-einem-tag-besichtigen-und-geniessen-koennen\/","name":"Was Sie in Siena an einem Tag besichtigen (und genie\u00dfen) k\u00f6nnen - Hotel Minerva Siena","isPartOf":{"@id":"https:\/\/www.albergominerva.it\/de\/#website"},"datePublished":"2024-05-12T09:05:06+00:00","dateModified":"2024-05-12T09:05:07+00:00","breadcrumb":{"@id":"https:\/\/www.albergominerva.it\/de\/was-sie-in-siena-an-einem-tag-besichtigen-und-geniessen-koennen\/#breadcrumb"},"inLanguage":"de","potentialAction":[{"@type":"ReadAction","target":["https:\/\/www.albergominerva.it\/de\/was-sie-in-siena-an-einem-tag-besichtigen-und-geniessen-koennen\/"]}]},{"@type":"BreadcrumbList","@id":"https:\/\/www.albergominerva.it\/de\/was-sie-in-siena-an-einem-tag-besichtigen-und-geniessen-koennen\/#breadcrumb","itemListElement":[{"@type":"ListItem","position":1,"name":"Home","item":"https:\/\/www.albergominerva.it\/de\/"},{"@type":"ListItem","position":2,"name":"Was Sie in Siena an einem Tag besichtigen (und genie\u00dfen) k\u00f6nnen"}]},{"@type":"WebSite","@id":"https:\/\/www.albergominerva.it\/de\/#website","url":"https:\/\/www.albergominerva.it\/de\/","name":"Hotel Minerva Siena","description":"Hotel in Centro Storico a Siena - Toscana - Italy","potentialAction":[{"@type":"SearchAction","target":{"@type":"EntryPoint","urlTemplate":"https:\/\/www.albergominerva.it\/de\/?s={search_term_string}"},"query-input":{"@type":"PropertyValueSpecification","valueRequired":true,"valueName":"search_term_string"}}],"inLanguage":"de"}]}},"_links":{"self":[{"href":"https:\/\/www.albergominerva.it\/de\/wp-json\/wp\/v2\/pages\/14893","targetHints":{"allow":["GET"]}}],"collection":[{"href":"https:\/\/www.albergominerva.it\/de\/wp-json\/wp\/v2\/pages"}],"about":[{"href":"https:\/\/www.albergominerva.it\/de\/wp-json\/wp\/v2\/types\/page"}],"author":[{"embeddable":true,"href":"https:\/\/www.albergominerva.it\/de\/wp-json\/wp\/v2\/users\/3"}],"replies":[{"embeddable":true,"href":"https:\/\/www.albergominerva.it\/de\/wp-json\/wp\/v2\/comments?post=14893"}],"version-history":[{"count":1,"href":"https:\/\/www.albergominerva.it\/de\/wp-json\/wp\/v2\/pages\/14893\/revisions"}],"predecessor-version":[{"id":14894,"href":"https:\/\/www.albergominerva.it\/de\/wp-json\/wp\/v2\/pages\/14893\/revisions\/14894"}],"wp:attachment":[{"href":"https:\/\/www.albergominerva.it\/de\/wp-json\/wp\/v2\/media?parent=14893"}],"curies":[{"name":"wp","href":"https:\/\/api.w.org\/{rel}","templated":true}]}}