{"id":14903,"date":"2024-05-12T11:21:47","date_gmt":"2024-05-12T09:21:47","guid":{"rendered":"https:\/\/www.albergominerva.it\/?page_id=14903"},"modified":"2024-05-12T11:21:49","modified_gmt":"2024-05-12T09:21:49","slug":"wo-befinden-sich-die-rolltreppen-in-siena-in-der-naehe-der-parkplaetze","status":"publish","type":"page","link":"https:\/\/www.albergominerva.it\/de\/wo-befinden-sich-die-rolltreppen-in-siena-in-der-naehe-der-parkplaetze\/","title":{"rendered":"Wo befinden sich die Rolltreppen in Siena in der N\u00e4he der Parkpl\u00e4tze?"},"content":{"rendered":"\n<p><strong>Wo sind die Rolltreppen in Siena?<\/strong><\/p>\n\n\n\n<p>Um den Besuch des historischen Zentrums der Stadt zu erleichtern, hat die Stadtverwaltung von Siena vor einigen Jahren ein System von Rolltreppen eingef\u00fchrt, das mit einer Reihe von Parkpl\u00e4tzen verbunden ist.<\/p>\n\n\n\n<p>Diese Rolltreppen, die rund um die Uhr ge\u00f6ffnet sind, befinden sich in den n\u00f6rdlichen, \u00f6stlichen und westlichen Bereichen von Siena und erm\u00f6glichen es, die steilen Anstiege zu umgehen, die auf dem Weg ins Stadtzentrum auftreten.<\/p>\n\n\n\n<p>Dieses gut durchdachte System erm\u00f6glicht es Touristen und Einheimischen, die Reisezeiten zu verk\u00fcrzen und sicher an die gew\u00fcnschten Orte in der Stadt zu gelangen.<\/p>\n\n\n\n<p>Dies wird auch durch die Nutzung von Park-and-Ride-Parkpl\u00e4tzen erm\u00f6glicht, die strategisch g\u00fcnstig an den Zugangspunkten zur Stadt liegen und mit dem historischen Zentrum durch Rolltreppen und Minibusse verbunden sind.<\/p>\n\n\n\n<p>Aber nun sehen wir uns an, welche die wichtigsten Rolltreppen in Siena sind und wo sie sich befinden.<\/p>\n\n\n\n<p><strong>Die Aufstiegsanlage Stazione-Antiporto-Porta Camollia<\/strong> verbindet den Bahnhof Siena mit dem Gebiet um Antiporto, in der N\u00e4he von Porta Camollia.<\/p>\n\n\n\n<p>Diese Einrichtung ist perfekt f\u00fcr diejenigen, die mit dem Zug oder Bus in Siena ankommen und so schnell wie m\u00f6glich ins Stadtzentrum gelangen m\u00f6chten.<\/p>\n\n\n\n<p>Es ist auch eine gute M\u00f6glichkeit f\u00fcr diejenigen, die mit dem Auto anreisen, da man in der N\u00e4he des Bahnhofs parken kann.<\/p>\n\n\n\n<p>Dieses mechanisierte Aufzugssystem ist das neueste und wurde 2011 von der Stadtverwaltung Siena eingeweiht.<\/p>\n\n\n\n<p>Es \u00fcberwindet eine Strecke von 283 Metern und einen H\u00f6henunterschied von 62 Metern, mit einer maximalen Kapazit\u00e4t von etwa 6000 Personen pro Stunde.<\/p>\n\n\n\n<p>Auf dem Weg gibt es zahlreiche Gesch\u00e4fte und Restaurants, und der Piazza del Campo ist nur 25 Gehminuten entfernt.<\/p>\n\n\n\n<p>Die Strecke verl\u00e4uft gr\u00f6\u00dftenteils unterirdisch oder im Halbuntergrund, und die Stadtverwaltung von Siena hat auch an Menschen mit Behinderungen gedacht.<\/p>\n\n\n\n<p>Es ist m\u00f6glich, die Basis der Anlage und den Piazzale Rosselli vom unterirdischen Bahnhofsparkplatz aus mit bequemen Aufz\u00fcgen zu erreichen.<\/p>\n\n\n\n<p>Nach der Ankunft am Piazzale Rosselli kann man dank spezieller Rufsysteme den Dienst eines dedizierten Taxis in Anspruch nehmen.<\/p>\n\n\n\n<p><strong>Der mechanisierte Fu\u00dfg\u00e4ngeraufstieg San Francesco \u2013 Ost-Dock.<\/strong><\/p>\n\n\n\n<p>Diese Rolltreppen befinden sich in der N\u00e4he der Kirche San Francesco und des gleichnamigen Platzes, auf dem mehrere Abteilungen der Universit\u00e4t Siena untergebracht sind.<\/p>\n\n\n\n<p>Mit dieser Aufstiegsanlage erreicht man schnell die Piazza Salimbeni, die Piazza Provenzano, die Hauptstra\u00dfe der Stadt und nat\u00fcrlich den Piazza del Campo.<\/p>\n\n\n\n<p>Die erste Rolltreppenanlage, die von der Stadtverwaltung Siena errichtet wurde, erm\u00f6glicht es, in wenigen Minuten die gesamte Umgebung der Stadtmauern bis zur Piazza Francesco zu durchqueren.<\/p>\n\n\n\n<p>Die Strecke, die komplett unterirdisch verl\u00e4uft, mit Ausnahme der Zug\u00e4nge, ist 120 Meter lang und f\u00fchrt direkt unter der Stadtmauer des 15. Jahrhunderts durch, um hinter der Basilika San Francesco zu enden.<\/p>\n\n\n\n<p>Sie wurde im Jahr 2000 eingeweiht und sch\u00e4tzt man, dass sie jedes Jahr etwa eine Million Touristen und Einheimische transportiert.<\/p>\n\n\n\n<p><strong>Und schlie\u00dflich sehen wir uns den dritten und letzten Rolltreppendienst an: Die Aufstiegsanlage Santa Caterina \u2013 West-Dock.<\/strong><\/p>\n\n\n\n<p>Diese Anlage befindet sich direkt neben dem Parkplatz Santa Caterina und ganz in der N\u00e4he des Busparkplatzes f\u00fcr Touristen.<\/p>\n\n\n\n<p>Sie stellt auch eine direkte Verbindung zum Piazza del Campo und zum Domplatz her.<\/p>\n\n\n\n<p>Diese Rolltreppe wurde 2005 eingeweiht und besteht aus zw\u00f6lf Rolltreppenabschnitten mit einer Kapazit\u00e4t von etwa 4.500 Personen pro Stunde.<\/p>\n\n\n\n<p>Der Eingang im Tal befindet sich in der Via Esterna di Fontebranda, in der N\u00e4he des gleichnamigen Tores und nur wenige Meter von der Quelle und dem Parkplatz Santa Caterina entfernt.<\/p>\n\n\n\n<p>Der Ausgang am Berg befindet sich in der Via di Valle Piatta, weniger als 200 Meter vom st\u00e4dtischen Dom entfernt.<\/p>\n\n\n\n<p>Diese Rolltreppen wurden mit einem automatischen Startsystem mit Lichtschranken ausgestattet, und die gesamte Anlage erstreckt sich unter der Via del Costone, wobei ein H\u00f6henunterschied von 35 Metern \u00fcberwunden wird.<\/p>\n\n\n\n<p>Der Aufstieg ist vollst\u00e4ndig unterirdisch und ideal, um den Dom, das Museumskomplex Santa Maria della Scala, die Basilika von S. Domenico, das Caterinianische Heiligtum und nat\u00fcrlich das Stadtzentrum zu erreichen.<\/p>\n\n\n\n<p>Nat\u00fcrlich ist das Parken und die Nutzung der Rolltreppen nicht die bequemste L\u00f6sung.<\/p>\n\n\n\n<p>Die bequemste L\u00f6sung ist zweifellos, ein Hotel in Siena Centro zu buchen, wie zum Beispiel das Hotel Minerva, unser Hotel im Zentrum von Siena mit perfektem Parkplatz f\u00fcr Familien und Paare, die h\u00f6chsten Komfort w\u00fcnschen.<\/p>\n\n\n\n<p>Durchsuchen Sie die Website und entdecken Sie all unsere Zimmer mit Panoramablick auf das historische Zentrum von Siena, und denken Sie daran, dass Sie bei einer Buchung \u00fcber die Website immer den garantiert besten Preis erhalten.<\/p>\n","protected":false},"excerpt":{"rendered":"<p>Wo sind die Rolltreppen in Siena? Um den Besuch des historischen Zentrums der Stadt zu erleichtern, hat die Stadtverwaltung von<\/p>\n","protected":false},"author":3,"featured_media":0,"parent":0,"menu_order":0,"comment_status":"closed","ping_status":"closed","template":"","meta":{"_acf_changed":false,"footnotes":""},"class_list":["post-14903","page","type-page","status-publish","hentry"],"acf":[],"yoast_head":"<!-- This site is optimized with the Yoast SEO plugin v27.4 - https:\/\/yoast.com\/product\/yoast-seo-wordpress\/ -->\n<title>Wo befinden sich die Rolltreppen in Siena in der N\u00e4he der Parkpl\u00e4tze? - Hotel Minerva Siena<\/title>\n<meta name=\"robots\" content=\"index, follow, max-snippet:-1, max-image-preview:large, max-video-preview:-1\" \/>\n<link rel=\"canonical\" href=\"https:\/\/www.albergominerva.it\/de\/wo-befinden-sich-die-rolltreppen-in-siena-in-der-naehe-der-parkplaetze\/\" \/>\n<meta property=\"og:locale\" content=\"de_DE\" \/>\n<meta property=\"og:type\" content=\"article\" \/>\n<meta property=\"og:title\" content=\"Wo befinden sich die Rolltreppen in Siena in der N\u00e4he der Parkpl\u00e4tze? - Hotel Minerva Siena\" \/>\n<meta property=\"og:description\" content=\"Wo sind die Rolltreppen in Siena? Um den Besuch des historischen Zentrums der Stadt zu erleichtern, hat die Stadtverwaltung von\" \/>\n<meta property=\"og:url\" content=\"https:\/\/www.albergominerva.it\/de\/wo-befinden-sich-die-rolltreppen-in-siena-in-der-naehe-der-parkplaetze\/\" \/>\n<meta property=\"og:site_name\" content=\"Hotel Minerva Siena\" \/>\n<meta property=\"article:modified_time\" content=\"2024-05-12T09:21:49+00:00\" \/>\n<meta name=\"twitter:card\" content=\"summary_large_image\" \/>\n<meta name=\"twitter:label1\" content=\"Gesch\u00e4tzte Lesezeit\" \/>\n\t<meta name=\"twitter:data1\" content=\"4\u00a0Minuten\" \/>\n<script type=\"application\/ld+json\" class=\"yoast-schema-graph\">{\"@context\":\"https:\\\/\\\/schema.org\",\"@graph\":[{\"@type\":\"WebPage\",\"@id\":\"https:\\\/\\\/www.albergominerva.it\\\/de\\\/wo-befinden-sich-die-rolltreppen-in-siena-in-der-naehe-der-parkplaetze\\\/\",\"url\":\"https:\\\/\\\/www.albergominerva.it\\\/de\\\/wo-befinden-sich-die-rolltreppen-in-siena-in-der-naehe-der-parkplaetze\\\/\",\"name\":\"Wo befinden sich die Rolltreppen in Siena in der N\u00e4he der Parkpl\u00e4tze? - Hotel Minerva Siena\",\"isPartOf\":{\"@id\":\"https:\\\/\\\/www.albergominerva.it\\\/de\\\/#website\"},\"datePublished\":\"2024-05-12T09:21:47+00:00\",\"dateModified\":\"2024-05-12T09:21:49+00:00\",\"breadcrumb\":{\"@id\":\"https:\\\/\\\/www.albergominerva.it\\\/de\\\/wo-befinden-sich-die-rolltreppen-in-siena-in-der-naehe-der-parkplaetze\\\/#breadcrumb\"},\"inLanguage\":\"de\",\"potentialAction\":[{\"@type\":\"ReadAction\",\"target\":[\"https:\\\/\\\/www.albergominerva.it\\\/de\\\/wo-befinden-sich-die-rolltreppen-in-siena-in-der-naehe-der-parkplaetze\\\/\"]}]},{\"@type\":\"BreadcrumbList\",\"@id\":\"https:\\\/\\\/www.albergominerva.it\\\/de\\\/wo-befinden-sich-die-rolltreppen-in-siena-in-der-naehe-der-parkplaetze\\\/#breadcrumb\",\"itemListElement\":[{\"@type\":\"ListItem\",\"position\":1,\"name\":\"Home\",\"item\":\"https:\\\/\\\/www.albergominerva.it\\\/de\\\/\"},{\"@type\":\"ListItem\",\"position\":2,\"name\":\"Wo befinden sich die Rolltreppen in Siena in der N\u00e4he der Parkpl\u00e4tze?\"}]},{\"@type\":\"WebSite\",\"@id\":\"https:\\\/\\\/www.albergominerva.it\\\/de\\\/#website\",\"url\":\"https:\\\/\\\/www.albergominerva.it\\\/de\\\/\",\"name\":\"Hotel Minerva Siena\",\"description\":\"Hotel in Centro Storico a Siena - Toscana - Italy\",\"potentialAction\":[{\"@type\":\"SearchAction\",\"target\":{\"@type\":\"EntryPoint\",\"urlTemplate\":\"https:\\\/\\\/www.albergominerva.it\\\/de\\\/?s={search_term_string}\"},\"query-input\":{\"@type\":\"PropertyValueSpecification\",\"valueRequired\":true,\"valueName\":\"search_term_string\"}}],\"inLanguage\":\"de\"}]}<\/script>\n<!-- \/ Yoast SEO plugin. -->","yoast_head_json":{"title":"Wo befinden sich die Rolltreppen in Siena in der N\u00e4he der Parkpl\u00e4tze? - Hotel Minerva Siena","robots":{"index":"index","follow":"follow","max-snippet":"max-snippet:-1","max-image-preview":"max-image-preview:large","max-video-preview":"max-video-preview:-1"},"canonical":"https:\/\/www.albergominerva.it\/de\/wo-befinden-sich-die-rolltreppen-in-siena-in-der-naehe-der-parkplaetze\/","og_locale":"de_DE","og_type":"article","og_title":"Wo befinden sich die Rolltreppen in Siena in der N\u00e4he der Parkpl\u00e4tze? - Hotel Minerva Siena","og_description":"Wo sind die Rolltreppen in Siena? Um den Besuch des historischen Zentrums der Stadt zu erleichtern, hat die Stadtverwaltung von","og_url":"https:\/\/www.albergominerva.it\/de\/wo-befinden-sich-die-rolltreppen-in-siena-in-der-naehe-der-parkplaetze\/","og_site_name":"Hotel Minerva Siena","article_modified_time":"2024-05-12T09:21:49+00:00","twitter_card":"summary_large_image","twitter_misc":{"Gesch\u00e4tzte Lesezeit":"4\u00a0Minuten"},"schema":{"@context":"https:\/\/schema.org","@graph":[{"@type":"WebPage","@id":"https:\/\/www.albergominerva.it\/de\/wo-befinden-sich-die-rolltreppen-in-siena-in-der-naehe-der-parkplaetze\/","url":"https:\/\/www.albergominerva.it\/de\/wo-befinden-sich-die-rolltreppen-in-siena-in-der-naehe-der-parkplaetze\/","name":"Wo befinden sich die Rolltreppen in Siena in der N\u00e4he der Parkpl\u00e4tze? - Hotel Minerva Siena","isPartOf":{"@id":"https:\/\/www.albergominerva.it\/de\/#website"},"datePublished":"2024-05-12T09:21:47+00:00","dateModified":"2024-05-12T09:21:49+00:00","breadcrumb":{"@id":"https:\/\/www.albergominerva.it\/de\/wo-befinden-sich-die-rolltreppen-in-siena-in-der-naehe-der-parkplaetze\/#breadcrumb"},"inLanguage":"de","potentialAction":[{"@type":"ReadAction","target":["https:\/\/www.albergominerva.it\/de\/wo-befinden-sich-die-rolltreppen-in-siena-in-der-naehe-der-parkplaetze\/"]}]},{"@type":"BreadcrumbList","@id":"https:\/\/www.albergominerva.it\/de\/wo-befinden-sich-die-rolltreppen-in-siena-in-der-naehe-der-parkplaetze\/#breadcrumb","itemListElement":[{"@type":"ListItem","position":1,"name":"Home","item":"https:\/\/www.albergominerva.it\/de\/"},{"@type":"ListItem","position":2,"name":"Wo befinden sich die Rolltreppen in Siena in der N\u00e4he der Parkpl\u00e4tze?"}]},{"@type":"WebSite","@id":"https:\/\/www.albergominerva.it\/de\/#website","url":"https:\/\/www.albergominerva.it\/de\/","name":"Hotel Minerva Siena","description":"Hotel in Centro Storico a Siena - Toscana - Italy","potentialAction":[{"@type":"SearchAction","target":{"@type":"EntryPoint","urlTemplate":"https:\/\/www.albergominerva.it\/de\/?s={search_term_string}"},"query-input":{"@type":"PropertyValueSpecification","valueRequired":true,"valueName":"search_term_string"}}],"inLanguage":"de"}]}},"_links":{"self":[{"href":"https:\/\/www.albergominerva.it\/de\/wp-json\/wp\/v2\/pages\/14903","targetHints":{"allow":["GET"]}}],"collection":[{"href":"https:\/\/www.albergominerva.it\/de\/wp-json\/wp\/v2\/pages"}],"about":[{"href":"https:\/\/www.albergominerva.it\/de\/wp-json\/wp\/v2\/types\/page"}],"author":[{"embeddable":true,"href":"https:\/\/www.albergominerva.it\/de\/wp-json\/wp\/v2\/users\/3"}],"replies":[{"embeddable":true,"href":"https:\/\/www.albergominerva.it\/de\/wp-json\/wp\/v2\/comments?post=14903"}],"version-history":[{"count":1,"href":"https:\/\/www.albergominerva.it\/de\/wp-json\/wp\/v2\/pages\/14903\/revisions"}],"predecessor-version":[{"id":14904,"href":"https:\/\/www.albergominerva.it\/de\/wp-json\/wp\/v2\/pages\/14903\/revisions\/14904"}],"wp:attachment":[{"href":"https:\/\/www.albergominerva.it\/de\/wp-json\/wp\/v2\/media?parent=14903"}],"curies":[{"name":"wp","href":"https:\/\/api.w.org\/{rel}","templated":true}]}}