{"id":14925,"date":"2024-05-12T11:53:51","date_gmt":"2024-05-12T09:53:51","guid":{"rendered":"https:\/\/www.albergominerva.it\/?page_id=14925"},"modified":"2024-05-12T11:53:53","modified_gmt":"2024-05-12T09:53:53","slug":"restaurants-im-zentrum-von-siena-wo-kann-man-essen","status":"publish","type":"page","link":"https:\/\/www.albergominerva.it\/de\/restaurants-im-zentrum-von-siena-wo-kann-man-essen\/","title":{"rendered":"Restaurants im Zentrum von Siena: Wo kann man essen?"},"content":{"rendered":"\n<p>Sie sind in Siena und m\u00f6chten etwas zum Mittagessen essen? M\u00f6chten Sie in einem malerischen Ort im historischen Zentrum anhalten, wissen aber nicht, wohin? Heute ist Ihr Gl\u00fcckstag! Folgen Sie unserem Guide und w\u00e4hlen Sie das passende Restaurant im Zentrum von Siena f\u00fcr Ihre Bed\u00fcrfnisse, basierend auf dieser Liste der besten Lokale der Stadt.<\/p>\n\n\n\n<p>Hier ist unsere pers\u00f6nliche Liste:<\/p>\n\n\n\n<p><strong>Trattoria da Dino Casato di Sopra, 71 \u2013 Siena<\/strong><\/p>\n\n\n\n<p>Wenn Sie sich im Stadtzentrum von Siena befinden und es Zeit zum Mittagessen ist, besuchen Sie dieses Restaurant zwischen dem Dom und der Piazza del Campo. In diesem familiengef\u00fchrten Restaurant k\u00f6nnen Sie typische sienesischen K\u00fcche genie\u00dfen, mit Hauptgerichten auf Fleischbasis.<\/p>\n\n\n\n<p>Tats\u00e4chlich kommen wir speziell zu Dino f\u00fcr die Fiorentina, die Rippen, das k\u00f6stliche Ossobuco aus Siena, die in der Pfanne zubereiteten Pommes frites und das k\u00f6stliche Kaninchen mit Oliven.<\/p>\n\n\n\n<p>Unbedingt auch die Vorspeisen probieren, unter denen wir die Pici Cacio e Pepe und die Tagliatelle mit Ente empfehlen.<\/p>\n\n\n\n<p>Diejenigen, die den Aperitif probiert haben, waren sicherlich nicht entt\u00e4uscht: die schwarzen Crostini und die lokale Salami mit dem intensiven Geschmack von Buristo, Finocchiona und Capocollo.<\/p>\n\n\n\n<p>Zum Schluss die Desserts, unter denen die Cantucci hervorstechen, die mit einem guten toskanischen Vin Santo und der fabelhaften katalanischen Creme kombiniert werden. Ein au\u00dfergew\u00f6hnlicher Ort f\u00fcr Kenner, Liebhaber der K\u00fcche.<\/p>\n\n\n\n<p><strong>Osteria Boccon del Prete Via S. Pietro, 17 \u2013 Siena<\/strong><\/p>\n\n\n\n<p>Dieses traditionelle Gasthaus, das sich nur wenige hundert Meter vom Dom entfernt befindet, ist der ideale Ort f\u00fcr ein Mittagessen mit raffinierten sienesischen Gerichten.<\/p>\n\n\n\n<p>Das Restaurant ist ber\u00fchmt f\u00fcr seine Pfannkuchen mit Kabeljaucreme, seine Kichererbsensuppe und sein k\u00f6stliches Schweinefilet mit karamellisierten Zwiebeln. Sehr gut sind auch die Pici mit leichtem Mandelpesto und die fantastische Tomatensuppe, die mit einer Auberginenrolle und \u00fcberbr\u00fchtem Mozzarella serviert wird.<\/p>\n\n\n\n<p>Unter den Hauptgerichten empfehlen wir das Florentiner Steak und die Chianti-Rindfleischbissen mit Salzkartoffeln.<\/p>\n\n\n\n<p>Die Vorspeisen sind reichhaltig, mit besonderem Augenmerk auf die warmen Ricotta-Crostini aus Siena, die Palette an Aufschnitt und die in \u00d6l eingelegten schwarzen Artischocken mit Schmalz.<\/p>\n\n\n\n<p>Es endet in Sch\u00f6nheit und vor allem s\u00fc\u00df, mit dem perfekten Panforte mit Karamellsauce oder dem Birnenkuchen mit Vanille und Vin Santo.<\/p>\n\n\n\n<p><strong>PorriOne Via del Porrione, 28 \u2013 Siena<\/strong><\/p>\n\n\n\n<p>Ein weiteres Restaurant, das man im Zentrum von Siena nicht verpassen sollte, ist das Porri-One, das sich direkt hinter der Piazza del Campo befindet und eine hochwertige K\u00fcche bietet, praktisch aus der Region.<\/p>\n\n\n\n<p>Als Erstes sollte man die Carbonara aus Anchovis und Pistazien probieren, gefolgt von einem schmackhaften und w\u00fcrzigen Fleischgericht.<\/p>\n\n\n\n<p>Die Speisekarte umfasst das Florentiner Steak, die auf zwei Arten zubereitete Taube oder die k\u00f6stliche Entenbrust mit Zimt.<\/p>\n\n\n\n<p>Die Vorspeisen sind sehr reichhaltig und wir empfehlen Ihnen, neben den unvermeidlichen warmen toskanischen Crostini auch die lokalen Aufschnitte zu probieren.<\/p>\n\n\n\n<p>Ausgezeichneter Weinkeller und sehr kreative und anspruchsvolle Desserts. Ambiente aus Tausendundeiner Nacht und tadelloser Service: Was kann man mehr verlangen?<\/p>\n\n\n\n<p><strong>Da Guido Vicolo Pier Pettinaio, 7 \u2013 Siena<\/strong><\/p>\n\n\n\n<p>Eine Trattoria mit einem gro\u00dfen T! Da Guido, im historischen Zentrum von Siena gelegen, ist ein Ort, den jeder in Siena kennt und der im Laufe der Jahre eine echte Reputation aufgebaut hat, besucht von vielen Ber\u00fchmtheiten.<\/p>\n\n\n\n<p>Das Lokal ist bekannt f\u00fcr seine Tr\u00fcffel, Pilze und vor allem sein Steak, immer zart und von h\u00f6chster Qualit\u00e4t. Wenn Sie zur richtigen Saison da sind, probieren Sie das K\u00fcrbis- und Wurst-Risotto oder die Maltagliati mit Ossobuco-Sauce.<\/p>\n\n\n\n<p>Aber die wahre Spezialit\u00e4t des Hauses ist die Chianina-Wange, probieren Sie sie und Sie werden es nicht bereuen!<\/p>\n\n\n\n<p>Wir empfehlen auch die Pici mit Fleischsauce, die klassischen toskanischen Crostini und vor allem das Tiramisu mit Cantucci, die wahre St\u00e4rke des Ortes. Kurz gesagt, alles ist gut und alles zu probieren!<\/p>\n\n\n\n<p>Der Empfang ist sehr professionell und man f\u00fchlt sich wie zu Hause, dank einer famili\u00e4ren und gem\u00fctlichen Atmosph\u00e4re, die einen sofort wohl f\u00fchlen l\u00e4sst.<\/p>\n\n\n\n<p>Um gut im Zentrum von Siena zu essen, sollten Sie immer den maximalen Komfort w\u00e4hlen, ohne sich mit Rolltreppen bewegen zu m\u00fcssen.<\/p>\n\n\n\n<p>Deshalb empfehlen wir unser Hotel im Zentrum von Siena mit Parkplatz: das Hotel Minerva.<\/p>\n\n\n\n<p>Neben einer \u00fcberdachten Garage mit 20 Pl\u00e4tzen und direktem Zugang zur Lobby bietet das Hotel Minerva eine Reihe von Panoramazimmern mit einem herrlichen Blick auf die historische Innenstadt.<\/p>\n\n\n\n<p>Durchsuchen Sie die Website, entdecken Sie alle unsere Vorteile und buchen Sie direkt, um sich immer den besten m\u00f6glichen Preis zu sichern.<\/p>\n","protected":false},"excerpt":{"rendered":"<p>Sie sind in Siena und m\u00f6chten etwas zum Mittagessen essen? M\u00f6chten Sie in einem malerischen Ort im historischen Zentrum anhalten,<\/p>\n","protected":false},"author":3,"featured_media":0,"parent":0,"menu_order":0,"comment_status":"closed","ping_status":"closed","template":"","meta":{"_acf_changed":false,"footnotes":""},"class_list":["post-14925","page","type-page","status-publish","hentry"],"acf":[],"yoast_head":"<!-- This site is optimized with the Yoast SEO plugin v26.4 - https:\/\/yoast.com\/wordpress\/plugins\/seo\/ -->\n<title>Restaurants im Zentrum von Siena: Wo kann man essen? - Hotel Minerva Siena<\/title>\n<meta name=\"robots\" content=\"index, follow, max-snippet:-1, max-image-preview:large, max-video-preview:-1\" \/>\n<link rel=\"canonical\" href=\"https:\/\/www.albergominerva.it\/de\/restaurants-im-zentrum-von-siena-wo-kann-man-essen\/\" \/>\n<meta property=\"og:locale\" content=\"de_DE\" \/>\n<meta property=\"og:type\" content=\"article\" \/>\n<meta property=\"og:title\" content=\"Restaurants im Zentrum von Siena: Wo kann man essen? - Hotel Minerva Siena\" \/>\n<meta property=\"og:description\" content=\"Sie sind in Siena und m\u00f6chten etwas zum Mittagessen essen? M\u00f6chten Sie in einem malerischen Ort im historischen Zentrum anhalten,\" \/>\n<meta property=\"og:url\" content=\"https:\/\/www.albergominerva.it\/de\/restaurants-im-zentrum-von-siena-wo-kann-man-essen\/\" \/>\n<meta property=\"og:site_name\" content=\"Hotel Minerva Siena\" \/>\n<meta property=\"article:modified_time\" content=\"2024-05-12T09:53:53+00:00\" \/>\n<meta name=\"twitter:card\" content=\"summary_large_image\" \/>\n<meta name=\"twitter:label1\" content=\"Gesch\u00e4tzte Lesezeit\" \/>\n\t<meta name=\"twitter:data1\" content=\"4\u00a0Minuten\" \/>\n<script type=\"application\/ld+json\" class=\"yoast-schema-graph\">{\"@context\":\"https:\/\/schema.org\",\"@graph\":[{\"@type\":\"WebPage\",\"@id\":\"https:\/\/www.albergominerva.it\/de\/restaurants-im-zentrum-von-siena-wo-kann-man-essen\/\",\"url\":\"https:\/\/www.albergominerva.it\/de\/restaurants-im-zentrum-von-siena-wo-kann-man-essen\/\",\"name\":\"Restaurants im Zentrum von Siena: Wo kann man essen? - Hotel Minerva Siena\",\"isPartOf\":{\"@id\":\"https:\/\/www.albergominerva.it\/de\/#website\"},\"datePublished\":\"2024-05-12T09:53:51+00:00\",\"dateModified\":\"2024-05-12T09:53:53+00:00\",\"breadcrumb\":{\"@id\":\"https:\/\/www.albergominerva.it\/de\/restaurants-im-zentrum-von-siena-wo-kann-man-essen\/#breadcrumb\"},\"inLanguage\":\"de\",\"potentialAction\":[{\"@type\":\"ReadAction\",\"target\":[\"https:\/\/www.albergominerva.it\/de\/restaurants-im-zentrum-von-siena-wo-kann-man-essen\/\"]}]},{\"@type\":\"BreadcrumbList\",\"@id\":\"https:\/\/www.albergominerva.it\/de\/restaurants-im-zentrum-von-siena-wo-kann-man-essen\/#breadcrumb\",\"itemListElement\":[{\"@type\":\"ListItem\",\"position\":1,\"name\":\"Home\",\"item\":\"https:\/\/www.albergominerva.it\/de\/\"},{\"@type\":\"ListItem\",\"position\":2,\"name\":\"Restaurants im Zentrum von Siena: Wo kann man essen?\"}]},{\"@type\":\"WebSite\",\"@id\":\"https:\/\/www.albergominerva.it\/de\/#website\",\"url\":\"https:\/\/www.albergominerva.it\/de\/\",\"name\":\"Hotel Minerva Siena\",\"description\":\"Hotel in Centro Storico a Siena - Toscana - Italy\",\"potentialAction\":[{\"@type\":\"SearchAction\",\"target\":{\"@type\":\"EntryPoint\",\"urlTemplate\":\"https:\/\/www.albergominerva.it\/de\/?s={search_term_string}\"},\"query-input\":{\"@type\":\"PropertyValueSpecification\",\"valueRequired\":true,\"valueName\":\"search_term_string\"}}],\"inLanguage\":\"de\"}]}<\/script>\n<!-- \/ Yoast SEO plugin. -->","yoast_head_json":{"title":"Restaurants im Zentrum von Siena: Wo kann man essen? - Hotel Minerva Siena","robots":{"index":"index","follow":"follow","max-snippet":"max-snippet:-1","max-image-preview":"max-image-preview:large","max-video-preview":"max-video-preview:-1"},"canonical":"https:\/\/www.albergominerva.it\/de\/restaurants-im-zentrum-von-siena-wo-kann-man-essen\/","og_locale":"de_DE","og_type":"article","og_title":"Restaurants im Zentrum von Siena: Wo kann man essen? - Hotel Minerva Siena","og_description":"Sie sind in Siena und m\u00f6chten etwas zum Mittagessen essen? M\u00f6chten Sie in einem malerischen Ort im historischen Zentrum anhalten,","og_url":"https:\/\/www.albergominerva.it\/de\/restaurants-im-zentrum-von-siena-wo-kann-man-essen\/","og_site_name":"Hotel Minerva Siena","article_modified_time":"2024-05-12T09:53:53+00:00","twitter_card":"summary_large_image","twitter_misc":{"Gesch\u00e4tzte Lesezeit":"4\u00a0Minuten"},"schema":{"@context":"https:\/\/schema.org","@graph":[{"@type":"WebPage","@id":"https:\/\/www.albergominerva.it\/de\/restaurants-im-zentrum-von-siena-wo-kann-man-essen\/","url":"https:\/\/www.albergominerva.it\/de\/restaurants-im-zentrum-von-siena-wo-kann-man-essen\/","name":"Restaurants im Zentrum von Siena: Wo kann man essen? - Hotel Minerva Siena","isPartOf":{"@id":"https:\/\/www.albergominerva.it\/de\/#website"},"datePublished":"2024-05-12T09:53:51+00:00","dateModified":"2024-05-12T09:53:53+00:00","breadcrumb":{"@id":"https:\/\/www.albergominerva.it\/de\/restaurants-im-zentrum-von-siena-wo-kann-man-essen\/#breadcrumb"},"inLanguage":"de","potentialAction":[{"@type":"ReadAction","target":["https:\/\/www.albergominerva.it\/de\/restaurants-im-zentrum-von-siena-wo-kann-man-essen\/"]}]},{"@type":"BreadcrumbList","@id":"https:\/\/www.albergominerva.it\/de\/restaurants-im-zentrum-von-siena-wo-kann-man-essen\/#breadcrumb","itemListElement":[{"@type":"ListItem","position":1,"name":"Home","item":"https:\/\/www.albergominerva.it\/de\/"},{"@type":"ListItem","position":2,"name":"Restaurants im Zentrum von Siena: Wo kann man essen?"}]},{"@type":"WebSite","@id":"https:\/\/www.albergominerva.it\/de\/#website","url":"https:\/\/www.albergominerva.it\/de\/","name":"Hotel Minerva Siena","description":"Hotel in Centro Storico a Siena - Toscana - Italy","potentialAction":[{"@type":"SearchAction","target":{"@type":"EntryPoint","urlTemplate":"https:\/\/www.albergominerva.it\/de\/?s={search_term_string}"},"query-input":{"@type":"PropertyValueSpecification","valueRequired":true,"valueName":"search_term_string"}}],"inLanguage":"de"}]}},"_links":{"self":[{"href":"https:\/\/www.albergominerva.it\/de\/wp-json\/wp\/v2\/pages\/14925","targetHints":{"allow":["GET"]}}],"collection":[{"href":"https:\/\/www.albergominerva.it\/de\/wp-json\/wp\/v2\/pages"}],"about":[{"href":"https:\/\/www.albergominerva.it\/de\/wp-json\/wp\/v2\/types\/page"}],"author":[{"embeddable":true,"href":"https:\/\/www.albergominerva.it\/de\/wp-json\/wp\/v2\/users\/3"}],"replies":[{"embeddable":true,"href":"https:\/\/www.albergominerva.it\/de\/wp-json\/wp\/v2\/comments?post=14925"}],"version-history":[{"count":1,"href":"https:\/\/www.albergominerva.it\/de\/wp-json\/wp\/v2\/pages\/14925\/revisions"}],"predecessor-version":[{"id":14926,"href":"https:\/\/www.albergominerva.it\/de\/wp-json\/wp\/v2\/pages\/14925\/revisions\/14926"}],"wp:attachment":[{"href":"https:\/\/www.albergominerva.it\/de\/wp-json\/wp\/v2\/media?parent=14925"}],"curies":[{"name":"wp","href":"https:\/\/api.w.org\/{rel}","templated":true}]}}