{"id":15403,"date":"2024-07-24T10:11:03","date_gmt":"2024-07-24T08:11:03","guid":{"rendered":"https:\/\/www.albergominerva.it\/?page_id=15403"},"modified":"2024-07-24T10:11:05","modified_gmt":"2024-07-24T08:11:05","slug":"hotel-siena-in-der-naehe-des-bahnhofs","status":"publish","type":"page","link":"https:\/\/www.albergominerva.it\/de\/hotel-siena-in-der-naehe-des-bahnhofs\/","title":{"rendered":"Hotel Siena in der N\u00e4he des Bahnhofs"},"content":{"rendered":"\n<p>Wenn Sie ein Hotel in Siena in der N\u00e4he des Bahnhofs suchen, ist das Hotel Minerva die ideale Wahl. Dieses gem\u00fctliche 3-Sterne-Hotel, gelegen in der Via Garibaldi 72, bietet eine breite Palette an Dienstleistungen, um einen komfortablen und angenehmen Aufenthalt zu gew\u00e4hrleisten. Seine strategische Lage, nur wenige Minuten vom Bahnhof Siena entfernt, macht es perfekt f\u00fcr Reisende, die mit dem Zug ankommen.<\/p>\n\n\n\n<figure class=\"wp-block-image size-full\"><img loading=\"lazy\" decoding=\"async\" width=\"800\" height=\"617\" src=\"https:\/\/www.albergominerva.it\/wp-content\/uploads\/2024\/03\/image.png\" alt=\"\" class=\"wp-image-14519\" srcset=\"https:\/\/www.albergominerva.it\/wp-content\/uploads\/2024\/03\/image.png 800w, https:\/\/www.albergominerva.it\/wp-content\/uploads\/2024\/03\/image-300x231.png 300w, https:\/\/www.albergominerva.it\/wp-content\/uploads\/2024\/03\/image-768x592.png 768w, https:\/\/www.albergominerva.it\/wp-content\/uploads\/2024\/03\/image-700x540.png 700w\" sizes=\"auto, (max-width: 800px) 100vw, 800px\" \/><\/figure>\n\n\n\n<h3 class=\"wp-block-heading\">N\u00e4he zum Bahnhof<\/h3>\n\n\n\n<p>Einer der Hauptvorteile des Hotels Minerva ist seine N\u00e4he zum Bahnhof Siena, der nur 2 Autominuten entfernt ist. Dies macht das Hotel besonders praktisch f\u00fcr G\u00e4ste, die mit dem Zug in die Stadt kommen und eine schnelle und einfache Anbindung an ihre Unterkunft w\u00fcnschen. Dar\u00fcber hinaus erm\u00f6glicht die zentrale Lage des Hotels, die wichtigsten Sehensw\u00fcrdigkeiten der Stadt bequem zu erkunden und den Aufenthalt noch angenehmer zu gestalten.<\/p>\n\n\n\n<h3 class=\"wp-block-heading\">Sicheres und Bequemes Parken<\/h3>\n\n\n\n<p>Neben der N\u00e4he zum Bahnhof bietet das Hotel Minerva einen \u00fcberdachten und video\u00fcberwachten Parkplatz, der gegen eine Geb\u00fchr verf\u00fcgbar ist. Mit 20 Parkpl\u00e4tzen garantiert der Parkplatz Sicherheit und Bequemlichkeit f\u00fcr G\u00e4ste, die mit dem Auto anreisen. Der Parkplatz bietet direkten Zugang zum Hotel, was die Ankunft und Abreise einfach und stressfrei macht.<\/p>\n\n\n\n<h3 class=\"wp-block-heading\">Zentrale Lage<\/h3>\n\n\n\n<p>Das Hotel Minerva genie\u00dft eine privilegierte Lage im Herzen des historischen Zentrums von Siena. Es ist nur wenige Gehminuten von der ber\u00fchmten Piazza del Campo entfernt, die f\u00fcr das Palio di Siena, eines der bekanntesten Pferderennen der Welt, bekannt ist. Dieser Platz ist das lebendige Zentrum der Stadt und beherbergt zahlreiche kulturelle und historische Veranstaltungen. Dar\u00fcber hinaus befindet sich das Hotel in der N\u00e4he des Doms von Siena, der Basilika San Domenico und weiterer wichtiger Touristenattraktionen. Da es au\u00dferhalb der verkehrsberuhigten Zone (ZTL) liegt, ist das Hotel Minerva auch mit dem Auto leicht erreichbar, was es zu einer praktischen Wahl f\u00fcr Autofahrer macht.<\/p>\n\n\n\n<h3 class=\"wp-block-heading\">Gro\u00dfe Auswahl an Zimmern<\/h3>\n\n\n\n<p>Das Hotel Minerva bietet 56 klimatisierte Zimmer, die in verschiedene Kategorien unterteilt sind, um allen Bed\u00fcrfnissen gerecht zu werden. Jedes Zimmer ist mit kostenlosem WLAN und komfortablen M\u00f6beln ausgestattet:<\/p>\n\n\n\n<ul class=\"wp-block-list\">\n<li><strong>Easy-Economy Zimmer<\/strong>: Diese Zimmer, die sich im inneren Teil des Hotels befinden, bieten eine Mindestfl\u00e4che von 16 m\u00b2. Ideal f\u00fcr G\u00e4ste, die eine kosteng\u00fcnstige Unterkunft suchen, ohne auf Komfort zu verzichten.<\/li>\n\n\n\n<li><strong>Elegant-Standard Zimmer<\/strong>: Mit einer Mindestfl\u00e4che von 19 m\u00b2 bieten diese Zimmer einen spektakul\u00e4ren Blick auf das historische Zentrum von Siena. Perfekt f\u00fcr G\u00e4ste, die eine elegante und komfortable Unterkunft suchen.<\/li>\n\n\n\n<li><strong>Junior Suiten<\/strong>: Mit einer Mindestfl\u00e4che von 22 m\u00b2 bieten diese Suiten einen Blick auf die Basiliken von San Francesco und Provenzano. Ideal f\u00fcr G\u00e4ste, die w\u00e4hrend ihres Aufenthalts Raum und Luxus suchen.<\/li>\n\n\n\n<li><strong>Junior Suite Matrimoniale<\/strong>: Diese Suiten, mit einer Mindestfl\u00e4che von 19 m\u00b2, bieten einen Panoramablick auf das historische Zentrum von Siena und verf\u00fcgen auf Anfrage \u00fcber eine kleine Terrasse, ideal f\u00fcr Paare, die einen romantischen Aufenthalt suchen.<\/li>\n<\/ul>\n\n\n\n<h3 class=\"wp-block-heading\">Familienfreundliche Dienstleistungen<\/h3>\n\n\n\n<p>Das Hotel Minerva ist besonders geeignet f\u00fcr Familien mit Kindern. Das Hotel bietet Kinderbetten, Flaschenw\u00e4rmer, Sterilisatoren und einen Indoor-Spielbereich f\u00fcr die Kleinen. Dar\u00fcber hinaus macht die N\u00e4he zu zwei Spielpl\u00e4tzen und dem Orto de\u2019 Pecci, einem wundersch\u00f6nen Garten mit Bauernhoftieren, dieses Hotel zur idealen Wahl f\u00fcr Familien, die Siena mit ihren Kindern erkunden m\u00f6chten.<\/p>\n\n\n\n<h3 class=\"wp-block-heading\">Dienstleistungen f\u00fcr Gesch\u00e4ftsreisende<\/h3>\n\n\n\n<p>F\u00fcr Gesch\u00e4ftsreisende bietet das Hotel Minerva einen Konferenzraum mit Blick auf das historische Zentrum, der bis zu 40 Personen beherbergen kann. Der Raum ist mit LED-TV, Projektor, Whiteboard und allen notwendigen Ger\u00e4ten f\u00fcr professionelle Meetings ausgestattet. Kostenloses WLAN ist in allen Zimmern und \u00f6ffentlichen Bereichen verf\u00fcgbar und sorgt f\u00fcr einen produktiven und ununterbrochenen Aufenthalt.<\/p>\n\n\n\n<h3 class=\"wp-block-heading\">Kulinarisches Erlebnis<\/h3>\n\n\n\n<p>Das Fr\u00fchst\u00fcck im Hotel Minerva ist ein kulinarisches Erlebnis, das man nicht verpassen sollte. Das Hotel bietet ein kontinentales Fr\u00fchst\u00fccksbuffet, das im Zimmerpreis inbegriffen ist, mit einer Auswahl an italienischen und internationalen Produkten sowie echten und ausgew\u00e4hlten Marmeladen. Dies erm\u00f6glicht den G\u00e4sten, den Tag voller Energie und Geschmack zu beginnen, bereit, die Sch\u00f6nheiten von Siena zu erkunden.<\/p>\n\n\n\n<h3 class=\"wp-block-heading\">Kunst und Kultur<\/h3>\n\n\n\n<p>Im Hotel Minerva k\u00f6nnen die G\u00e4ste eine moderne Kunstgalerie genie\u00dfen, die periodisch Werke lokaler K\u00fcnstler ausstellt. Dieses kulturelle Detail f\u00fcgt dem Aufenthalt ein zus\u00e4tzliches Interesse hinzu und erm\u00f6glicht es den G\u00e4sten, sich in die Kunst und Kultur Sienas zu vertiefen, ohne das Hotel zu verlassen.<\/p>\n\n\n\n<h3 class=\"wp-block-heading\">Reservierungen und Sonderangebote<\/h3>\n\n\n\n<p>Um Ihren Aufenthalt im Hotel Minerva zu buchen, k\u00f6nnen Sie auf den &#8222;Buchen&#8220;-Link oben rechts auf der offiziellen Website klicken, die Nummer +39 0577.284474 anrufen oder eine E-Mail an <a>info@albergominerva.it<\/a> senden. Bei Direktbuchung \u00fcber die Website des Hotels k\u00f6nnen Sie von einem 10 % Rabatt im Vergleich zu anderen Buchungsplattformen profitieren und den besten Preis garantiert erhalten.<\/p>\n\n\n\n<h3 class=\"wp-block-heading\">Fazit<\/h3>\n\n\n\n<p>Das Hotel Minerva ist eine ausgezeichnete Wahl f\u00fcr Besucher von Siena, sei es f\u00fcr Vergn\u00fcgen oder Gesch\u00e4ft. Mit seiner zentralen Lage nahe dem Bahnhof, dem sicheren Parkplatz, den komfortablen Zimmern und den zahlreichen angebotenen Dienstleistungen garantiert dieses Hotel einen angenehmen und stressfreien Aufenthalt. Verpassen Sie nicht die Gelegenheit, Siena von einer so praktischen und einladenden Basis aus zu erkunden. Buchen Sie noch heute und entdecken Sie alles, was diese herrliche Stadt zu bieten hat.<\/p>\n\n\n\n<p><strong>Um zu buchen, klicken Sie oben rechts und entdecken Sie all unsere Angebote.<\/strong><\/p>\n","protected":false},"excerpt":{"rendered":"<p>Wenn Sie ein Hotel in Siena in der N\u00e4he des Bahnhofs suchen, ist das Hotel Minerva die ideale Wahl. Dieses<\/p>\n","protected":false},"author":3,"featured_media":0,"parent":0,"menu_order":0,"comment_status":"closed","ping_status":"closed","template":"","meta":{"_acf_changed":false,"footnotes":""},"class_list":["post-15403","page","type-page","status-publish","hentry"],"acf":[],"yoast_head":"<!-- This site is optimized with the Yoast SEO plugin v26.4 - https:\/\/yoast.com\/wordpress\/plugins\/seo\/ -->\n<title>Hotel Siena in der N\u00e4he des Bahnhofs - Hotel Minerva Siena<\/title>\n<meta name=\"robots\" content=\"index, follow, max-snippet:-1, max-image-preview:large, max-video-preview:-1\" \/>\n<link rel=\"canonical\" href=\"https:\/\/www.albergominerva.it\/de\/hotel-siena-in-der-naehe-des-bahnhofs\/\" \/>\n<meta property=\"og:locale\" content=\"de_DE\" \/>\n<meta property=\"og:type\" content=\"article\" \/>\n<meta property=\"og:title\" content=\"Hotel Siena in der N\u00e4he des Bahnhofs - Hotel Minerva Siena\" \/>\n<meta property=\"og:description\" content=\"Wenn Sie ein Hotel in Siena in der N\u00e4he des Bahnhofs suchen, ist das Hotel Minerva die ideale Wahl. Dieses\" \/>\n<meta property=\"og:url\" content=\"https:\/\/www.albergominerva.it\/de\/hotel-siena-in-der-naehe-des-bahnhofs\/\" \/>\n<meta property=\"og:site_name\" content=\"Hotel Minerva Siena\" \/>\n<meta property=\"article:modified_time\" content=\"2024-07-24T08:11:05+00:00\" \/>\n<meta property=\"og:image\" content=\"https:\/\/www.albergominerva.it\/wp-content\/uploads\/2024\/03\/image.png\" \/>\n<meta name=\"twitter:card\" content=\"summary_large_image\" \/>\n<meta name=\"twitter:label1\" content=\"Gesch\u00e4tzte Lesezeit\" \/>\n\t<meta name=\"twitter:data1\" content=\"5\u00a0Minuten\" \/>\n<script type=\"application\/ld+json\" class=\"yoast-schema-graph\">{\"@context\":\"https:\/\/schema.org\",\"@graph\":[{\"@type\":\"WebPage\",\"@id\":\"https:\/\/www.albergominerva.it\/de\/hotel-siena-in-der-naehe-des-bahnhofs\/\",\"url\":\"https:\/\/www.albergominerva.it\/de\/hotel-siena-in-der-naehe-des-bahnhofs\/\",\"name\":\"Hotel Siena in der N\u00e4he des Bahnhofs - Hotel Minerva Siena\",\"isPartOf\":{\"@id\":\"https:\/\/www.albergominerva.it\/de\/#website\"},\"primaryImageOfPage\":{\"@id\":\"https:\/\/www.albergominerva.it\/de\/hotel-siena-in-der-naehe-des-bahnhofs\/#primaryimage\"},\"image\":{\"@id\":\"https:\/\/www.albergominerva.it\/de\/hotel-siena-in-der-naehe-des-bahnhofs\/#primaryimage\"},\"thumbnailUrl\":\"https:\/\/www.albergominerva.it\/wp-content\/uploads\/2024\/03\/image.png\",\"datePublished\":\"2024-07-24T08:11:03+00:00\",\"dateModified\":\"2024-07-24T08:11:05+00:00\",\"breadcrumb\":{\"@id\":\"https:\/\/www.albergominerva.it\/de\/hotel-siena-in-der-naehe-des-bahnhofs\/#breadcrumb\"},\"inLanguage\":\"de\",\"potentialAction\":[{\"@type\":\"ReadAction\",\"target\":[\"https:\/\/www.albergominerva.it\/de\/hotel-siena-in-der-naehe-des-bahnhofs\/\"]}]},{\"@type\":\"ImageObject\",\"inLanguage\":\"de\",\"@id\":\"https:\/\/www.albergominerva.it\/de\/hotel-siena-in-der-naehe-des-bahnhofs\/#primaryimage\",\"url\":\"https:\/\/www.albergominerva.it\/wp-content\/uploads\/2024\/03\/image.png\",\"contentUrl\":\"https:\/\/www.albergominerva.it\/wp-content\/uploads\/2024\/03\/image.png\"},{\"@type\":\"BreadcrumbList\",\"@id\":\"https:\/\/www.albergominerva.it\/de\/hotel-siena-in-der-naehe-des-bahnhofs\/#breadcrumb\",\"itemListElement\":[{\"@type\":\"ListItem\",\"position\":1,\"name\":\"Home\",\"item\":\"https:\/\/www.albergominerva.it\/de\/\"},{\"@type\":\"ListItem\",\"position\":2,\"name\":\"Hotel Siena in der N\u00e4he des Bahnhofs\"}]},{\"@type\":\"WebSite\",\"@id\":\"https:\/\/www.albergominerva.it\/de\/#website\",\"url\":\"https:\/\/www.albergominerva.it\/de\/\",\"name\":\"Hotel Minerva Siena\",\"description\":\"Hotel in Centro Storico a Siena - Toscana - Italy\",\"potentialAction\":[{\"@type\":\"SearchAction\",\"target\":{\"@type\":\"EntryPoint\",\"urlTemplate\":\"https:\/\/www.albergominerva.it\/de\/?s={search_term_string}\"},\"query-input\":{\"@type\":\"PropertyValueSpecification\",\"valueRequired\":true,\"valueName\":\"search_term_string\"}}],\"inLanguage\":\"de\"}]}<\/script>\n<!-- \/ Yoast SEO plugin. -->","yoast_head_json":{"title":"Hotel Siena in der N\u00e4he des Bahnhofs - Hotel Minerva Siena","robots":{"index":"index","follow":"follow","max-snippet":"max-snippet:-1","max-image-preview":"max-image-preview:large","max-video-preview":"max-video-preview:-1"},"canonical":"https:\/\/www.albergominerva.it\/de\/hotel-siena-in-der-naehe-des-bahnhofs\/","og_locale":"de_DE","og_type":"article","og_title":"Hotel Siena in der N\u00e4he des Bahnhofs - Hotel Minerva Siena","og_description":"Wenn Sie ein Hotel in Siena in der N\u00e4he des Bahnhofs suchen, ist das Hotel Minerva die ideale Wahl. Dieses","og_url":"https:\/\/www.albergominerva.it\/de\/hotel-siena-in-der-naehe-des-bahnhofs\/","og_site_name":"Hotel Minerva Siena","article_modified_time":"2024-07-24T08:11:05+00:00","og_image":[{"url":"https:\/\/www.albergominerva.it\/wp-content\/uploads\/2024\/03\/image.png","type":"","width":"","height":""}],"twitter_card":"summary_large_image","twitter_misc":{"Gesch\u00e4tzte Lesezeit":"5\u00a0Minuten"},"schema":{"@context":"https:\/\/schema.org","@graph":[{"@type":"WebPage","@id":"https:\/\/www.albergominerva.it\/de\/hotel-siena-in-der-naehe-des-bahnhofs\/","url":"https:\/\/www.albergominerva.it\/de\/hotel-siena-in-der-naehe-des-bahnhofs\/","name":"Hotel Siena in der N\u00e4he des Bahnhofs - Hotel Minerva Siena","isPartOf":{"@id":"https:\/\/www.albergominerva.it\/de\/#website"},"primaryImageOfPage":{"@id":"https:\/\/www.albergominerva.it\/de\/hotel-siena-in-der-naehe-des-bahnhofs\/#primaryimage"},"image":{"@id":"https:\/\/www.albergominerva.it\/de\/hotel-siena-in-der-naehe-des-bahnhofs\/#primaryimage"},"thumbnailUrl":"https:\/\/www.albergominerva.it\/wp-content\/uploads\/2024\/03\/image.png","datePublished":"2024-07-24T08:11:03+00:00","dateModified":"2024-07-24T08:11:05+00:00","breadcrumb":{"@id":"https:\/\/www.albergominerva.it\/de\/hotel-siena-in-der-naehe-des-bahnhofs\/#breadcrumb"},"inLanguage":"de","potentialAction":[{"@type":"ReadAction","target":["https:\/\/www.albergominerva.it\/de\/hotel-siena-in-der-naehe-des-bahnhofs\/"]}]},{"@type":"ImageObject","inLanguage":"de","@id":"https:\/\/www.albergominerva.it\/de\/hotel-siena-in-der-naehe-des-bahnhofs\/#primaryimage","url":"https:\/\/www.albergominerva.it\/wp-content\/uploads\/2024\/03\/image.png","contentUrl":"https:\/\/www.albergominerva.it\/wp-content\/uploads\/2024\/03\/image.png"},{"@type":"BreadcrumbList","@id":"https:\/\/www.albergominerva.it\/de\/hotel-siena-in-der-naehe-des-bahnhofs\/#breadcrumb","itemListElement":[{"@type":"ListItem","position":1,"name":"Home","item":"https:\/\/www.albergominerva.it\/de\/"},{"@type":"ListItem","position":2,"name":"Hotel Siena in der N\u00e4he des Bahnhofs"}]},{"@type":"WebSite","@id":"https:\/\/www.albergominerva.it\/de\/#website","url":"https:\/\/www.albergominerva.it\/de\/","name":"Hotel Minerva Siena","description":"Hotel in Centro Storico a Siena - Toscana - Italy","potentialAction":[{"@type":"SearchAction","target":{"@type":"EntryPoint","urlTemplate":"https:\/\/www.albergominerva.it\/de\/?s={search_term_string}"},"query-input":{"@type":"PropertyValueSpecification","valueRequired":true,"valueName":"search_term_string"}}],"inLanguage":"de"}]}},"_links":{"self":[{"href":"https:\/\/www.albergominerva.it\/de\/wp-json\/wp\/v2\/pages\/15403","targetHints":{"allow":["GET"]}}],"collection":[{"href":"https:\/\/www.albergominerva.it\/de\/wp-json\/wp\/v2\/pages"}],"about":[{"href":"https:\/\/www.albergominerva.it\/de\/wp-json\/wp\/v2\/types\/page"}],"author":[{"embeddable":true,"href":"https:\/\/www.albergominerva.it\/de\/wp-json\/wp\/v2\/users\/3"}],"replies":[{"embeddable":true,"href":"https:\/\/www.albergominerva.it\/de\/wp-json\/wp\/v2\/comments?post=15403"}],"version-history":[{"count":1,"href":"https:\/\/www.albergominerva.it\/de\/wp-json\/wp\/v2\/pages\/15403\/revisions"}],"predecessor-version":[{"id":15404,"href":"https:\/\/www.albergominerva.it\/de\/wp-json\/wp\/v2\/pages\/15403\/revisions\/15404"}],"wp:attachment":[{"href":"https:\/\/www.albergominerva.it\/de\/wp-json\/wp\/v2\/media?parent=15403"}],"curies":[{"name":"wp","href":"https:\/\/api.w.org\/{rel}","templated":true}]}}