{"id":15478,"date":"2024-07-24T15:32:46","date_gmt":"2024-07-24T13:32:46","guid":{"rendered":"https:\/\/www.albergominerva.it\/?page_id=15478"},"modified":"2024-07-24T15:32:47","modified_gmt":"2024-07-24T13:32:47","slug":"hotel-in-siena-naehe-krankenhaus","status":"publish","type":"page","link":"https:\/\/www.albergominerva.it\/de\/hotel-in-siena-naehe-krankenhaus\/","title":{"rendered":"Hotel in Siena N\u00e4he Krankenhaus"},"content":{"rendered":"\n<p>Wenn Sie ein Hotel in Siena in der N\u00e4he des Krankenhauses Santa Maria alle Scotte suchen, ist das Hotel Minerva die ideale Wahl. Dieses einladende Drei-Sterne-Hotel bietet eine strategische Lage f\u00fcr diejenigen, die in der N\u00e4he der medizinischen Einrichtungen der Stadt sein m\u00fcssen, ohne auf Komfort und hochwertige Dienstleistungen zu verzichten.<\/p>\n\n\n\n<figure class=\"wp-block-gallery has-nested-images columns-default is-cropped wp-block-gallery-1 is-layout-flex wp-block-gallery-is-layout-flex\">\n<figure class=\"wp-block-image size-large\"><img loading=\"lazy\" decoding=\"async\" width=\"800\" height=\"617\" data-id=\"14519\" src=\"https:\/\/www.albergominerva.it\/wp-content\/uploads\/2024\/03\/image.png\" alt=\"\" class=\"wp-image-14519\" srcset=\"https:\/\/www.albergominerva.it\/wp-content\/uploads\/2024\/03\/image.png 800w, https:\/\/www.albergominerva.it\/wp-content\/uploads\/2024\/03\/image-300x231.png 300w, https:\/\/www.albergominerva.it\/wp-content\/uploads\/2024\/03\/image-768x592.png 768w, https:\/\/www.albergominerva.it\/wp-content\/uploads\/2024\/03\/image-700x540.png 700w\" sizes=\"auto, (max-width: 800px) 100vw, 800px\" \/><\/figure>\n\n\n\n<figure class=\"wp-block-image size-large\"><img loading=\"lazy\" decoding=\"async\" width=\"1024\" height=\"683\" data-id=\"12030\" src=\"https:\/\/www.albergominerva.it\/wp-content\/uploads\/2024\/02\/1708793840359_Hotel-Minerva-2023-010.jpg\" alt=\"\" class=\"wp-image-12030\" srcset=\"https:\/\/www.albergominerva.it\/wp-content\/uploads\/2024\/02\/1708793840359_Hotel-Minerva-2023-010.jpg 1024w, https:\/\/www.albergominerva.it\/wp-content\/uploads\/2024\/02\/1708793840359_Hotel-Minerva-2023-010-300x200.jpg 300w, https:\/\/www.albergominerva.it\/wp-content\/uploads\/2024\/02\/1708793840359_Hotel-Minerva-2023-010-768x512.jpg 768w, https:\/\/www.albergominerva.it\/wp-content\/uploads\/2024\/02\/1708793840359_Hotel-Minerva-2023-010-1000x667.jpg 1000w, https:\/\/www.albergominerva.it\/wp-content\/uploads\/2024\/02\/1708793840359_Hotel-Minerva-2023-010-700x467.jpg 700w\" sizes=\"auto, (max-width: 1024px) 100vw, 1024px\" \/><\/figure>\n\n\n\n<figure class=\"wp-block-image size-large\"><img loading=\"lazy\" decoding=\"async\" width=\"1024\" height=\"683\" data-id=\"12051\" src=\"https:\/\/www.albergominerva.it\/wp-content\/uploads\/2024\/02\/Hotel-Minerva-2023-007.jpg\" alt=\"\" class=\"wp-image-12051\" srcset=\"https:\/\/www.albergominerva.it\/wp-content\/uploads\/2024\/02\/Hotel-Minerva-2023-007.jpg 1024w, https:\/\/www.albergominerva.it\/wp-content\/uploads\/2024\/02\/Hotel-Minerva-2023-007-300x200.jpg 300w, https:\/\/www.albergominerva.it\/wp-content\/uploads\/2024\/02\/Hotel-Minerva-2023-007-768x512.jpg 768w, https:\/\/www.albergominerva.it\/wp-content\/uploads\/2024\/02\/Hotel-Minerva-2023-007-1000x667.jpg 1000w, https:\/\/www.albergominerva.it\/wp-content\/uploads\/2024\/02\/Hotel-Minerva-2023-007-700x467.jpg 700w\" sizes=\"auto, (max-width: 1024px) 100vw, 1024px\" \/><\/figure>\n\n\n\n<figure class=\"wp-block-image size-large\"><img loading=\"lazy\" decoding=\"async\" width=\"1024\" height=\"683\" data-id=\"11986\" src=\"https:\/\/www.albergominerva.it\/wp-content\/uploads\/2024\/02\/Hotel-Minerva-2023-017.jpg\" alt=\"\" class=\"wp-image-11986\" srcset=\"https:\/\/www.albergominerva.it\/wp-content\/uploads\/2024\/02\/Hotel-Minerva-2023-017.jpg 1024w, https:\/\/www.albergominerva.it\/wp-content\/uploads\/2024\/02\/Hotel-Minerva-2023-017-300x200.jpg 300w, https:\/\/www.albergominerva.it\/wp-content\/uploads\/2024\/02\/Hotel-Minerva-2023-017-768x512.jpg 768w, https:\/\/www.albergominerva.it\/wp-content\/uploads\/2024\/02\/Hotel-Minerva-2023-017-1000x667.jpg 1000w, https:\/\/www.albergominerva.it\/wp-content\/uploads\/2024\/02\/Hotel-Minerva-2023-017-700x467.jpg 700w\" sizes=\"auto, (max-width: 1024px) 100vw, 1024px\" \/><\/figure>\n\n\n\n<figure class=\"wp-block-image size-large\"><img loading=\"lazy\" decoding=\"async\" width=\"1024\" height=\"683\" data-id=\"11972\" src=\"https:\/\/www.albergominerva.it\/wp-content\/uploads\/2024\/02\/Hotel-Minerva-2023-011.jpg\" alt=\"\" class=\"wp-image-11972\" srcset=\"https:\/\/www.albergominerva.it\/wp-content\/uploads\/2024\/02\/Hotel-Minerva-2023-011.jpg 1024w, https:\/\/www.albergominerva.it\/wp-content\/uploads\/2024\/02\/Hotel-Minerva-2023-011-300x200.jpg 300w, https:\/\/www.albergominerva.it\/wp-content\/uploads\/2024\/02\/Hotel-Minerva-2023-011-768x512.jpg 768w, https:\/\/www.albergominerva.it\/wp-content\/uploads\/2024\/02\/Hotel-Minerva-2023-011-1000x667.jpg 1000w, https:\/\/www.albergominerva.it\/wp-content\/uploads\/2024\/02\/Hotel-Minerva-2023-011-700x467.jpg 700w\" sizes=\"auto, (max-width: 1024px) 100vw, 1024px\" \/><\/figure>\n<\/figure>\n\n\n\n<h3 class=\"wp-block-heading\">Komfortable Unterk\u00fcnfte<\/h3>\n\n\n\n<p>Das Hotel Minerva bietet 56 klimatisierte Zimmer, die in verschiedene Kategorien unterteilt sind, um den unterschiedlichen Bed\u00fcrfnissen der G\u00e4ste gerecht zu werden:<\/p>\n\n\n\n<ul class=\"wp-block-list\">\n<li><strong>Easy-Economy Zimmer<\/strong>: Diese Zimmer, die sich im inneren Teil des Hotels befinden, bieten eine Mindestfl\u00e4che von 16 m\u00b2. Ideal f\u00fcr diejenigen, die eine kosteng\u00fcnstige Option suchen, ohne auf Komfort zu verzichten.<\/li>\n\n\n\n<li><strong>Elegant-Standard Zimmer<\/strong>: Mit einer Mindestfl\u00e4che von 19 m\u00b2 bieten diese Zimmer einen herrlichen Blick auf das historische Zentrum von Siena und sind perfekt f\u00fcr diejenigen, die einen ger\u00e4umigen und eleganten Aufenthalt w\u00fcnschen.<\/li>\n\n\n\n<li><strong>Junior Suiten<\/strong>: Mit einer Mindestfl\u00e4che von 22 m\u00b2 bieten diese Suiten zus\u00e4tzlichen Raum und atemberaubende Ausblicke auf die Basiliken von San Francesco und Provenzano, ideal f\u00fcr diejenigen, die mehr Komfort suchen.<\/li>\n\n\n\n<li><strong>Junior Suite Matrimoniale<\/strong>: Mit einer Mindestfl\u00e4che von 19 m\u00b2 bieten diese Suiten einen Panoramablick auf das historische Zentrum von Siena und verf\u00fcgen auf Anfrage \u00fcber eine kleine Terrasse, ideal f\u00fcr diejenigen, die einen Hauch von Luxus suchen.<\/li>\n<\/ul>\n\n\n\n<h3 class=\"wp-block-heading\">Umfangreiche Dienstleistungen<\/h3>\n\n\n\n<p>Das Hotel Minerva bietet eine Reihe von Dienstleistungen, um den Aufenthalt der G\u00e4ste so angenehm wie m\u00f6glich zu gestalten:<\/p>\n\n\n\n<ul class=\"wp-block-list\">\n<li><strong>Fr\u00fchst\u00fccksbuffet<\/strong>: Jeden Morgen k\u00f6nnen die G\u00e4ste ein kontinentales Fr\u00fchst\u00fccksbuffet genie\u00dfen, das im Zimmerpreis inbegriffen ist, mit einer Auswahl an italienischen und internationalen Produkten und hausgemachten Marmeladen.<\/li>\n\n\n\n<li><strong>Reservierter Parkplatz<\/strong>: Das Hotel verf\u00fcgt \u00fcber einen \u00fcberdachten und video\u00fcberwachten Parkplatz mit 20 Stellpl\u00e4tzen, der Sicherheit und Komfort f\u00fcr diejenigen bietet, die mit dem Auto anreisen.<\/li>\n\n\n\n<li><strong>Kostenloses WLAN<\/strong>: Verf\u00fcgbar in allen Zimmern und \u00f6ffentlichen Bereichen, um die G\u00e4ste w\u00e4hrend ihres Aufenthalts stets verbunden zu halten.<\/li>\n\n\n\n<li><strong>Konferenzraum<\/strong>: Ideal f\u00fcr Meetings und Gesch\u00e4ftstreffen, der Konferenzraum des Hotels bietet Platz f\u00fcr bis zu 40 Personen und ist mit LED-TV, Projektor, Whiteboard und allen notwendigen Ger\u00e4ten f\u00fcr professionelle Pr\u00e4sentationen ausgestattet.<\/li>\n\n\n\n<li><strong>24-Stunden-Rezeption<\/strong>: Das Hotelpersonal steht den G\u00e4sten jederzeit zur Verf\u00fcgung, um ihnen zu jeder Tages- und Nachtzeit zu helfen.<\/li>\n<\/ul>\n\n\n\n<h3 class=\"wp-block-heading\">Strategische Lage<\/h3>\n\n\n\n<p>Das Hotel Minerva genie\u00dft eine privilegierte Lage im Herzen des historischen Zentrums von Siena, nur wenige Minuten mit dem Auto oder dem Bus vom Krankenhaus Santa Maria alle Scotte entfernt. Die Bushaltestelle befindet sich nur wenige Meter vom Krankenhaus entfernt, was den Transfer noch bequemer macht. Diese N\u00e4he macht das Hotel zu einer ausgezeichneten Wahl f\u00fcr diejenigen, die schnellen Zugang zu den Krankenhauseinrichtungen ben\u00f6tigen. Dar\u00fcber hinaus befindet sich das Hotel au\u00dferhalb der verkehrsberuhigten Zone (ZTL), was die Anreise mit dem Auto erleichtert.<\/p>\n\n\n\n<h3 class=\"wp-block-heading\">Kulturelle und Freizeitaktivit\u00e4ten<\/h3>\n\n\n\n<p>Die G\u00e4ste des Hotel Minerva k\u00f6nnen eine moderne Kunstgalerie im Hotel genie\u00dfen, die regelm\u00e4\u00dfig Werke lokaler K\u00fcnstler ausstellt. Diese kulturelle Note verleiht dem Aufenthalt zus\u00e4tzlichen Reiz und erm\u00f6glicht es den G\u00e4sten, in die Kunst und Kultur von Siena einzutauchen.<\/p>\n\n\n\n<h3 class=\"wp-block-heading\">Reservierungen und Sonderangebote<\/h3>\n\n\n\n<p>Um Ihren Aufenthalt im Hotel Minerva, einem Drei-Sterne-Hotel im Zentrum von Siena, zu buchen, k\u00f6nnen Sie auf den Link &#8222;Buchen&#8220; oben rechts auf der offiziellen Website klicken, die Nummer +39 0577.284474 anrufen oder eine E-Mail an <a>info@albergominerva.it<\/a> senden. Bei direkter Buchung \u00fcber die Website des Hotels k\u00f6nnen Sie von einem Rabatt von 10 % im Vergleich zu anderen Buchungsplattformen profitieren und den besten Preis garantieren.<\/p>\n\n\n\n<h3 class=\"wp-block-heading\">Fazit<\/h3>\n\n\n\n<p>Das Hotel Minerva ist die perfekte Wahl f\u00fcr diejenigen, die Siena besuchen und eine warme Gastfreundschaft, umfassende Dienstleistungen und eine ideale zentrale Lage suchen. Im Herzen von Siena und in der N\u00e4he des Krankenhauses gelegen, garantiert dieses Drei-Sterne-Hotel einen angenehmen und stressfreien Aufenthalt f\u00fcr alle G\u00e4ste. Verpassen Sie nicht die Gelegenheit, Siena von einer so bequemen und einladenden Basis aus zu erkunden. Buchen Sie noch heute und entdecken Sie alles, was diese herrliche Stadt zu bieten hat.<\/p>\n\n\n\n<p><strong>Um zu buchen, klicken Sie oben rechts und entdecken Sie all unsere Angebote.<\/strong><\/p>\n","protected":false},"excerpt":{"rendered":"<p>Wenn Sie ein Hotel in Siena in der N\u00e4he des Krankenhauses Santa Maria alle Scotte suchen, ist das Hotel Minerva<\/p>\n","protected":false},"author":3,"featured_media":0,"parent":0,"menu_order":0,"comment_status":"closed","ping_status":"closed","template":"","meta":{"_acf_changed":false,"footnotes":""},"class_list":["post-15478","page","type-page","status-publish","hentry"],"acf":[],"yoast_head":"<!-- This site is optimized with the Yoast SEO plugin v26.4 - https:\/\/yoast.com\/wordpress\/plugins\/seo\/ -->\n<title>Hotel in Siena N\u00e4he Krankenhaus - Hotel Minerva Siena<\/title>\n<meta name=\"robots\" content=\"index, follow, max-snippet:-1, max-image-preview:large, max-video-preview:-1\" \/>\n<link rel=\"canonical\" href=\"https:\/\/www.albergominerva.it\/de\/hotel-in-siena-naehe-krankenhaus\/\" \/>\n<meta property=\"og:locale\" content=\"de_DE\" \/>\n<meta property=\"og:type\" content=\"article\" \/>\n<meta property=\"og:title\" content=\"Hotel in Siena N\u00e4he Krankenhaus - Hotel Minerva Siena\" \/>\n<meta property=\"og:description\" content=\"Wenn Sie ein Hotel in Siena in der N\u00e4he des Krankenhauses Santa Maria alle Scotte suchen, ist das Hotel Minerva\" \/>\n<meta property=\"og:url\" content=\"https:\/\/www.albergominerva.it\/de\/hotel-in-siena-naehe-krankenhaus\/\" \/>\n<meta property=\"og:site_name\" content=\"Hotel Minerva Siena\" \/>\n<meta property=\"article:modified_time\" content=\"2024-07-24T13:32:47+00:00\" \/>\n<meta property=\"og:image\" content=\"https:\/\/www.albergominerva.it\/wp-content\/uploads\/2024\/03\/image.png\" \/>\n<meta name=\"twitter:card\" content=\"summary_large_image\" \/>\n<meta name=\"twitter:label1\" content=\"Gesch\u00e4tzte Lesezeit\" \/>\n\t<meta name=\"twitter:data1\" content=\"5\u00a0Minuten\" \/>\n<script type=\"application\/ld+json\" class=\"yoast-schema-graph\">{\"@context\":\"https:\/\/schema.org\",\"@graph\":[{\"@type\":\"WebPage\",\"@id\":\"https:\/\/www.albergominerva.it\/de\/hotel-in-siena-naehe-krankenhaus\/\",\"url\":\"https:\/\/www.albergominerva.it\/de\/hotel-in-siena-naehe-krankenhaus\/\",\"name\":\"Hotel in Siena N\u00e4he Krankenhaus - Hotel Minerva Siena\",\"isPartOf\":{\"@id\":\"https:\/\/www.albergominerva.it\/de\/#website\"},\"primaryImageOfPage\":{\"@id\":\"https:\/\/www.albergominerva.it\/de\/hotel-in-siena-naehe-krankenhaus\/#primaryimage\"},\"image\":{\"@id\":\"https:\/\/www.albergominerva.it\/de\/hotel-in-siena-naehe-krankenhaus\/#primaryimage\"},\"thumbnailUrl\":\"https:\/\/www.albergominerva.it\/wp-content\/uploads\/2024\/03\/image.png\",\"datePublished\":\"2024-07-24T13:32:46+00:00\",\"dateModified\":\"2024-07-24T13:32:47+00:00\",\"breadcrumb\":{\"@id\":\"https:\/\/www.albergominerva.it\/de\/hotel-in-siena-naehe-krankenhaus\/#breadcrumb\"},\"inLanguage\":\"de\",\"potentialAction\":[{\"@type\":\"ReadAction\",\"target\":[\"https:\/\/www.albergominerva.it\/de\/hotel-in-siena-naehe-krankenhaus\/\"]}]},{\"@type\":\"ImageObject\",\"inLanguage\":\"de\",\"@id\":\"https:\/\/www.albergominerva.it\/de\/hotel-in-siena-naehe-krankenhaus\/#primaryimage\",\"url\":\"https:\/\/www.albergominerva.it\/wp-content\/uploads\/2024\/03\/image.png\",\"contentUrl\":\"https:\/\/www.albergominerva.it\/wp-content\/uploads\/2024\/03\/image.png\"},{\"@type\":\"BreadcrumbList\",\"@id\":\"https:\/\/www.albergominerva.it\/de\/hotel-in-siena-naehe-krankenhaus\/#breadcrumb\",\"itemListElement\":[{\"@type\":\"ListItem\",\"position\":1,\"name\":\"Home\",\"item\":\"https:\/\/www.albergominerva.it\/de\/\"},{\"@type\":\"ListItem\",\"position\":2,\"name\":\"Hotel in Siena N\u00e4he Krankenhaus\"}]},{\"@type\":\"WebSite\",\"@id\":\"https:\/\/www.albergominerva.it\/de\/#website\",\"url\":\"https:\/\/www.albergominerva.it\/de\/\",\"name\":\"Hotel Minerva Siena\",\"description\":\"Hotel in Centro Storico a Siena - Toscana - Italy\",\"potentialAction\":[{\"@type\":\"SearchAction\",\"target\":{\"@type\":\"EntryPoint\",\"urlTemplate\":\"https:\/\/www.albergominerva.it\/de\/?s={search_term_string}\"},\"query-input\":{\"@type\":\"PropertyValueSpecification\",\"valueRequired\":true,\"valueName\":\"search_term_string\"}}],\"inLanguage\":\"de\"}]}<\/script>\n<!-- \/ Yoast SEO plugin. -->","yoast_head_json":{"title":"Hotel in Siena N\u00e4he Krankenhaus - Hotel Minerva Siena","robots":{"index":"index","follow":"follow","max-snippet":"max-snippet:-1","max-image-preview":"max-image-preview:large","max-video-preview":"max-video-preview:-1"},"canonical":"https:\/\/www.albergominerva.it\/de\/hotel-in-siena-naehe-krankenhaus\/","og_locale":"de_DE","og_type":"article","og_title":"Hotel in Siena N\u00e4he Krankenhaus - Hotel Minerva Siena","og_description":"Wenn Sie ein Hotel in Siena in der N\u00e4he des Krankenhauses Santa Maria alle Scotte suchen, ist das Hotel Minerva","og_url":"https:\/\/www.albergominerva.it\/de\/hotel-in-siena-naehe-krankenhaus\/","og_site_name":"Hotel Minerva Siena","article_modified_time":"2024-07-24T13:32:47+00:00","og_image":[{"url":"https:\/\/www.albergominerva.it\/wp-content\/uploads\/2024\/03\/image.png","type":"","width":"","height":""}],"twitter_card":"summary_large_image","twitter_misc":{"Gesch\u00e4tzte Lesezeit":"5\u00a0Minuten"},"schema":{"@context":"https:\/\/schema.org","@graph":[{"@type":"WebPage","@id":"https:\/\/www.albergominerva.it\/de\/hotel-in-siena-naehe-krankenhaus\/","url":"https:\/\/www.albergominerva.it\/de\/hotel-in-siena-naehe-krankenhaus\/","name":"Hotel in Siena N\u00e4he Krankenhaus - Hotel Minerva Siena","isPartOf":{"@id":"https:\/\/www.albergominerva.it\/de\/#website"},"primaryImageOfPage":{"@id":"https:\/\/www.albergominerva.it\/de\/hotel-in-siena-naehe-krankenhaus\/#primaryimage"},"image":{"@id":"https:\/\/www.albergominerva.it\/de\/hotel-in-siena-naehe-krankenhaus\/#primaryimage"},"thumbnailUrl":"https:\/\/www.albergominerva.it\/wp-content\/uploads\/2024\/03\/image.png","datePublished":"2024-07-24T13:32:46+00:00","dateModified":"2024-07-24T13:32:47+00:00","breadcrumb":{"@id":"https:\/\/www.albergominerva.it\/de\/hotel-in-siena-naehe-krankenhaus\/#breadcrumb"},"inLanguage":"de","potentialAction":[{"@type":"ReadAction","target":["https:\/\/www.albergominerva.it\/de\/hotel-in-siena-naehe-krankenhaus\/"]}]},{"@type":"ImageObject","inLanguage":"de","@id":"https:\/\/www.albergominerva.it\/de\/hotel-in-siena-naehe-krankenhaus\/#primaryimage","url":"https:\/\/www.albergominerva.it\/wp-content\/uploads\/2024\/03\/image.png","contentUrl":"https:\/\/www.albergominerva.it\/wp-content\/uploads\/2024\/03\/image.png"},{"@type":"BreadcrumbList","@id":"https:\/\/www.albergominerva.it\/de\/hotel-in-siena-naehe-krankenhaus\/#breadcrumb","itemListElement":[{"@type":"ListItem","position":1,"name":"Home","item":"https:\/\/www.albergominerva.it\/de\/"},{"@type":"ListItem","position":2,"name":"Hotel in Siena N\u00e4he Krankenhaus"}]},{"@type":"WebSite","@id":"https:\/\/www.albergominerva.it\/de\/#website","url":"https:\/\/www.albergominerva.it\/de\/","name":"Hotel Minerva Siena","description":"Hotel in Centro Storico a Siena - Toscana - Italy","potentialAction":[{"@type":"SearchAction","target":{"@type":"EntryPoint","urlTemplate":"https:\/\/www.albergominerva.it\/de\/?s={search_term_string}"},"query-input":{"@type":"PropertyValueSpecification","valueRequired":true,"valueName":"search_term_string"}}],"inLanguage":"de"}]}},"_links":{"self":[{"href":"https:\/\/www.albergominerva.it\/de\/wp-json\/wp\/v2\/pages\/15478","targetHints":{"allow":["GET"]}}],"collection":[{"href":"https:\/\/www.albergominerva.it\/de\/wp-json\/wp\/v2\/pages"}],"about":[{"href":"https:\/\/www.albergominerva.it\/de\/wp-json\/wp\/v2\/types\/page"}],"author":[{"embeddable":true,"href":"https:\/\/www.albergominerva.it\/de\/wp-json\/wp\/v2\/users\/3"}],"replies":[{"embeddable":true,"href":"https:\/\/www.albergominerva.it\/de\/wp-json\/wp\/v2\/comments?post=15478"}],"version-history":[{"count":1,"href":"https:\/\/www.albergominerva.it\/de\/wp-json\/wp\/v2\/pages\/15478\/revisions"}],"predecessor-version":[{"id":15479,"href":"https:\/\/www.albergominerva.it\/de\/wp-json\/wp\/v2\/pages\/15478\/revisions\/15479"}],"wp:attachment":[{"href":"https:\/\/www.albergominerva.it\/de\/wp-json\/wp\/v2\/media?parent=15478"}],"curies":[{"name":"wp","href":"https:\/\/api.w.org\/{rel}","templated":true}]}}