{"id":16933,"date":"2024-10-16T17:52:45","date_gmt":"2024-10-16T15:52:45","guid":{"rendered":"https:\/\/www.albergominerva.it\/?page_id=16933"},"modified":"2024-10-16T17:52:47","modified_gmt":"2024-10-16T15:52:47","slug":"wo-kann-man-2-tage-in-der-toskana-verbringen","status":"publish","type":"page","link":"https:\/\/www.albergominerva.it\/de\/wo-kann-man-2-tage-in-der-toskana-verbringen\/","title":{"rendered":"Wo Kann Man 2 Tage in der Toskana Verbringen?"},"content":{"rendered":"\n<p>Mit nur zwei Tagen in der Toskana lassen sich dennoch einige der wichtigsten Sehensw\u00fcrdigkeiten entdecken, von der Kunst und Geschichte in Florenz \u00fcber das mittelalterliche Flair von Siena bis hin zur malerischen Sch\u00f6nheit von San Gimignano. Hier ist ein Vorschlag f\u00fcr eine Reiseplanung, um das Beste aus diesem Kurzurlaub herauszuholen.<\/p>\n\n\n\n<h3 class=\"wp-block-heading\">Tag 1: Florenz<\/h3>\n\n\n\n<p>Beginnen Sie Ihre Reise in Florenz, dem Geburtsort der Renaissance, wo Sie einige der bekanntesten Kunstwerke und architektonischen Meisterwerke der Welt bewundern k\u00f6nnen. Folgende Orte k\u00f6nnten Sie an einem Tag in Florenz besichtigen:<\/p>\n\n\n\n<ul class=\"wp-block-list\">\n<li><strong>Der Dom von Florenz und die Kuppel von Brunelleschi<\/strong>: Besteigen Sie die Kuppel und genie\u00dfen Sie einen atemberaubenden Panoramablick auf die Stadt.<\/li>\n\n\n\n<li><strong>Die Uffizien-Galerie<\/strong>: Entdecken Sie eines der ber\u00fchmtesten Museen der Welt mit Meisterwerken von Botticelli, Leonardo da Vinci und Michelangelo.<\/li>\n\n\n\n<li><strong>Ponte Vecchio<\/strong>: \u00dcberqueren Sie diese ber\u00fchmte Br\u00fccke, die mit Schmuckl\u00e4den ges\u00e4umt ist, eines der Wahrzeichen der Stadt.<\/li>\n\n\n\n<li><strong>Piazza della Signoria<\/strong>: Das politische und kulturelle Herzst\u00fcck von Florenz mit dem Neptunbrunnen und einer Kopie von Michelangelos David.<\/li>\n<\/ul>\n\n\n\n<p>Genie\u00dfen Sie am Abend ein typisch florentinisches Abendessen in einer traditionellen Trattoria und probieren Sie das ber\u00fchmte Bistecca alla Fiorentina, kombiniert mit einem Glas Chianti.<\/p>\n\n\n\n<h3 class=\"wp-block-heading\">Tag 2: Siena und San Gimignano<\/h3>\n\n\n\n<p>Der zweite Tag eignet sich perfekt, um die mittelalterlichen St\u00e4dte <strong>Siena<\/strong> und <strong>San Gimignano<\/strong> zu erkunden.<\/p>\n\n\n\n<h4 class=\"wp-block-heading\">Morgen: Siena<\/h4>\n\n\n\n<p>Starten Sie den Tag in Siena, einer der am besten erhaltenen mittelalterlichen St\u00e4dte Italiens, die f\u00fcr ihre gotische Architektur und das ber\u00fchmte Pferderennen, den Palio, bekannt ist:<\/p>\n\n\n\n<ul class=\"wp-block-list\">\n<li><strong>Piazza del Campo<\/strong>: Dieser muschelf\u00f6rmige Platz, auf dem der Palio stattfindet, bietet eine einzigartige Atmosph\u00e4re.<\/li>\n\n\n\n<li><strong>Der Dom von Siena<\/strong>: Seine pr\u00e4chtige Marmor-Fassade und Mosaike machen dieses Bauwerk zu einem Juwel der gotischen Kunst.<\/li>\n\n\n\n<li><strong>Torre del Mangia<\/strong>: Steigen Sie auf den 87 Meter hohen Turm, um eine spektakul\u00e4re Aussicht \u00fcber Siena und die umliegende Landschaft zu genie\u00dfen.<\/li>\n<\/ul>\n\n\n\n<h4 class=\"wp-block-heading\">Nachmittag: San Gimignano<\/h4>\n\n\n\n<p>Am Nachmittag fahren Sie nach <strong>San Gimignano<\/strong>, bekannt als \u201eStadt der T\u00fcrme\u201c, die wegen ihrer beeindruckenden mittelalterlichen T\u00fcrme ber\u00fchmt ist.<\/p>\n\n\n\n<ul class=\"wp-block-list\">\n<li><strong>Die mittelalterlichen T\u00fcrme<\/strong>: Schlendern Sie durch das historische Zentrum und bewundern Sie die gut erhaltenen T\u00fcrme, die als Statussymbole der wohlhabenden Familien dienten.<\/li>\n\n\n\n<li><strong>Die Collegiata<\/strong>: Diese romanische Kirche ist mit beeindruckenden Fresken versehen, die biblische Szenen darstellen.<\/li>\n\n\n\n<li><strong>Piazza della Cisterna<\/strong>: Dieser charmante, zentral gelegene Platz, umgeben von mittelalterlichen Geb\u00e4uden, ist der perfekte Ort, um ein ausgezeichnetes handgemachtes Gelato zu genie\u00dfen.<\/li>\n<\/ul>\n\n\n\n<h3 class=\"wp-block-heading\">Unterkunft: Albergo Minerva in Siena<\/h3>\n\n\n\n<p>Das <strong>Albergo Minerva<\/strong> in Siena ist eine ausgezeichnete Wahl als zentral gelegene und komfortable Unterkunft f\u00fcr die Erkundung der Toskana. Das Hotel liegt in der N\u00e4he des historischen Zentrums und bietet <strong>56 klimatisierte Zimmer<\/strong> in verschiedenen Kategorien, von g\u00fcnstigen Easy-Economy-Zimmern bis hin zu ger\u00e4umigen Junior Suiten mit Panoramablick auf Sienas historische Altstadt.<\/p>\n\n\n\n<figure class=\"wp-block-gallery has-nested-images columns-default is-cropped wp-block-gallery-1 is-layout-flex wp-block-gallery-is-layout-flex\">\n<figure class=\"wp-block-image size-large\"><img loading=\"lazy\" decoding=\"async\" width=\"1024\" height=\"683\" data-id=\"16401\" src=\"https:\/\/www.albergominerva.it\/wp-content\/uploads\/2024\/10\/hotel-minerva-superior-03.jpg\" alt=\"\" class=\"wp-image-16401\" srcset=\"https:\/\/www.albergominerva.it\/wp-content\/uploads\/2024\/10\/hotel-minerva-superior-03.jpg 1024w, https:\/\/www.albergominerva.it\/wp-content\/uploads\/2024\/10\/hotel-minerva-superior-03-300x200.jpg 300w, https:\/\/www.albergominerva.it\/wp-content\/uploads\/2024\/10\/hotel-minerva-superior-03-768x512.jpg 768w, https:\/\/www.albergominerva.it\/wp-content\/uploads\/2024\/10\/hotel-minerva-superior-03-1000x667.jpg 1000w, https:\/\/www.albergominerva.it\/wp-content\/uploads\/2024\/10\/hotel-minerva-superior-03-700x467.jpg 700w\" sizes=\"auto, (max-width: 1024px) 100vw, 1024px\" \/><\/figure>\n\n\n\n<figure class=\"wp-block-image size-large\"><img loading=\"lazy\" decoding=\"async\" width=\"1024\" height=\"683\" data-id=\"16411\" src=\"https:\/\/www.albergominerva.it\/wp-content\/uploads\/2024\/10\/hotel-minerva-superior-04.jpg\" alt=\"\" class=\"wp-image-16411\" srcset=\"https:\/\/www.albergominerva.it\/wp-content\/uploads\/2024\/10\/hotel-minerva-superior-04.jpg 1024w, https:\/\/www.albergominerva.it\/wp-content\/uploads\/2024\/10\/hotel-minerva-superior-04-300x200.jpg 300w, https:\/\/www.albergominerva.it\/wp-content\/uploads\/2024\/10\/hotel-minerva-superior-04-768x512.jpg 768w, https:\/\/www.albergominerva.it\/wp-content\/uploads\/2024\/10\/hotel-minerva-superior-04-1000x667.jpg 1000w, https:\/\/www.albergominerva.it\/wp-content\/uploads\/2024\/10\/hotel-minerva-superior-04-700x467.jpg 700w\" sizes=\"auto, (max-width: 1024px) 100vw, 1024px\" \/><\/figure>\n\n\n\n<figure class=\"wp-block-image size-large\"><img loading=\"lazy\" decoding=\"async\" width=\"1024\" height=\"683\" data-id=\"16349\" src=\"https:\/\/www.albergominerva.it\/wp-content\/uploads\/2024\/10\/hotel-minerva-standard-11.jpg\" alt=\"\" class=\"wp-image-16349\" srcset=\"https:\/\/www.albergominerva.it\/wp-content\/uploads\/2024\/10\/hotel-minerva-standard-11.jpg 1024w, https:\/\/www.albergominerva.it\/wp-content\/uploads\/2024\/10\/hotel-minerva-standard-11-300x200.jpg 300w, https:\/\/www.albergominerva.it\/wp-content\/uploads\/2024\/10\/hotel-minerva-standard-11-768x512.jpg 768w, https:\/\/www.albergominerva.it\/wp-content\/uploads\/2024\/10\/hotel-minerva-standard-11-1000x667.jpg 1000w, https:\/\/www.albergominerva.it\/wp-content\/uploads\/2024\/10\/hotel-minerva-standard-11-700x467.jpg 700w\" sizes=\"auto, (max-width: 1024px) 100vw, 1024px\" \/><\/figure>\n\n\n\n<figure class=\"wp-block-image size-large\"><img loading=\"lazy\" decoding=\"async\" width=\"1024\" height=\"683\" data-id=\"16309\" src=\"https:\/\/www.albergominerva.it\/wp-content\/uploads\/2024\/10\/hotel-minerva-standard-07.jpg\" alt=\"\" class=\"wp-image-16309\" srcset=\"https:\/\/www.albergominerva.it\/wp-content\/uploads\/2024\/10\/hotel-minerva-standard-07.jpg 1024w, https:\/\/www.albergominerva.it\/wp-content\/uploads\/2024\/10\/hotel-minerva-standard-07-300x200.jpg 300w, https:\/\/www.albergominerva.it\/wp-content\/uploads\/2024\/10\/hotel-minerva-standard-07-768x512.jpg 768w, https:\/\/www.albergominerva.it\/wp-content\/uploads\/2024\/10\/hotel-minerva-standard-07-1000x667.jpg 1000w, https:\/\/www.albergominerva.it\/wp-content\/uploads\/2024\/10\/hotel-minerva-standard-07-700x467.jpg 700w\" sizes=\"auto, (max-width: 1024px) 100vw, 1024px\" \/><\/figure>\n\n\n\n<figure class=\"wp-block-image size-large\"><img loading=\"lazy\" decoding=\"async\" width=\"683\" height=\"1024\" data-id=\"16319\" src=\"https:\/\/www.albergominerva.it\/wp-content\/uploads\/2024\/10\/hotel-minerva-standard-08-683x1024.jpg\" alt=\"\" class=\"wp-image-16319\" srcset=\"https:\/\/www.albergominerva.it\/wp-content\/uploads\/2024\/10\/hotel-minerva-standard-08-683x1024.jpg 683w, https:\/\/www.albergominerva.it\/wp-content\/uploads\/2024\/10\/hotel-minerva-standard-08-200x300.jpg 200w, https:\/\/www.albergominerva.it\/wp-content\/uploads\/2024\/10\/hotel-minerva-standard-08-768x1152.jpg 768w, https:\/\/www.albergominerva.it\/wp-content\/uploads\/2024\/10\/hotel-minerva-standard-08-1000x1500.jpg 1000w, https:\/\/www.albergominerva.it\/wp-content\/uploads\/2024\/10\/hotel-minerva-standard-08-700x1050.jpg 700w, https:\/\/www.albergominerva.it\/wp-content\/uploads\/2024\/10\/hotel-minerva-standard-08.jpg 1024w\" sizes=\"auto, (max-width: 683px) 100vw, 683px\" \/><\/figure>\n\n\n\n<figure class=\"wp-block-image size-large\"><img loading=\"lazy\" decoding=\"async\" width=\"1024\" height=\"683\" data-id=\"16299\" src=\"https:\/\/www.albergominerva.it\/wp-content\/uploads\/2024\/10\/hotel-minerva-standard-06.jpg\" alt=\"\" class=\"wp-image-16299\" srcset=\"https:\/\/www.albergominerva.it\/wp-content\/uploads\/2024\/10\/hotel-minerva-standard-06.jpg 1024w, https:\/\/www.albergominerva.it\/wp-content\/uploads\/2024\/10\/hotel-minerva-standard-06-300x200.jpg 300w, https:\/\/www.albergominerva.it\/wp-content\/uploads\/2024\/10\/hotel-minerva-standard-06-768x512.jpg 768w, https:\/\/www.albergominerva.it\/wp-content\/uploads\/2024\/10\/hotel-minerva-standard-06-1000x667.jpg 1000w, https:\/\/www.albergominerva.it\/wp-content\/uploads\/2024\/10\/hotel-minerva-standard-06-700x467.jpg 700w\" sizes=\"auto, (max-width: 1024px) 100vw, 1024px\" \/><\/figure>\n\n\n\n<figure class=\"wp-block-image size-large\"><img loading=\"lazy\" decoding=\"async\" width=\"1024\" height=\"683\" data-id=\"16036\" src=\"https:\/\/www.albergominerva.it\/wp-content\/uploads\/2024\/08\/Hotel-Minerva-2023-011-1-1024x683.jpg\" alt=\"\" class=\"wp-image-16036\" srcset=\"https:\/\/www.albergominerva.it\/wp-content\/uploads\/2024\/08\/Hotel-Minerva-2023-011-1-1024x683.jpg 1024w, https:\/\/www.albergominerva.it\/wp-content\/uploads\/2024\/08\/Hotel-Minerva-2023-011-1-300x200.jpg 300w, https:\/\/www.albergominerva.it\/wp-content\/uploads\/2024\/08\/Hotel-Minerva-2023-011-1-768x512.jpg 768w, https:\/\/www.albergominerva.it\/wp-content\/uploads\/2024\/08\/Hotel-Minerva-2023-011-1-1536x1024.jpg 1536w, https:\/\/www.albergominerva.it\/wp-content\/uploads\/2024\/08\/Hotel-Minerva-2023-011-1-2048x1365.jpg 2048w, https:\/\/www.albergominerva.it\/wp-content\/uploads\/2024\/08\/Hotel-Minerva-2023-011-1-1000x667.jpg 1000w, https:\/\/www.albergominerva.it\/wp-content\/uploads\/2024\/08\/Hotel-Minerva-2023-011-1-700x467.jpg 700w\" sizes=\"auto, (max-width: 1024px) 100vw, 1024px\" \/><\/figure>\n<\/figure>\n\n\n\n<h4 class=\"wp-block-heading\">Dienstleistungen des Albergo Minerva<\/h4>\n\n\n\n<ul class=\"wp-block-list\">\n<li><strong>Fr\u00fchst\u00fccksbuffet<\/strong>: Jeden Morgen k\u00f6nnen die G\u00e4ste ein reichhaltiges Buffet mit italienischen und internationalen Spezialit\u00e4ten genie\u00dfen, das in einem hellen Raum mit Gartenblick serviert wird.<\/li>\n\n\n\n<li><strong>\u00dcberwachter und \u00fcberdachter Parkplatz<\/strong>: Das Hotel bietet 20 \u00fcberwachte Parkpl\u00e4tze, eine wertvolle Annehmlichkeit im belebten Zentrum von Siena.<\/li>\n\n\n\n<li><strong>Konferenzraum<\/strong>: F\u00fcr Gesch\u00e4ftsreisende bietet das Hotel einen gut ausgestatteten Konferenzraum f\u00fcr Meetings und Veranstaltungen.<\/li>\n<\/ul>\n\n\n\n<p>Perfekt f\u00fcr Familien und Gruppen, bietet das Albergo Minerva zus\u00e4tzliche Annehmlichkeiten wie Babybetten, Flaschenw\u00e4rmer und ein Spielzimmer f\u00fcr Kinder. Die N\u00e4he zum Orto de&#8216; Pecci, einem Garten mit Bauernhoftieren, macht das Hotel zu einer idealen Wahl f\u00fcr Familien mit kleinen Kindern.<\/p>\n\n\n\n<h4 class=\"wp-block-heading\">Reservierungen und Sonderangebote<\/h4>\n\n\n\n<p>Um Ihre Unterkunft zu reservieren und von Sonderangeboten zu profitieren, besuchen Sie die offizielle Website des Albergo Minerva, rufen Sie <strong>+39 0577.284474<\/strong> an oder schreiben Sie eine E-Mail an <strong>info@albergominerva.it<\/strong>.<\/p>\n","protected":false},"excerpt":{"rendered":"<p>Mit nur zwei Tagen in der Toskana lassen sich dennoch einige der wichtigsten Sehensw\u00fcrdigkeiten entdecken, von der Kunst und Geschichte<\/p>\n","protected":false},"author":3,"featured_media":0,"parent":0,"menu_order":0,"comment_status":"closed","ping_status":"closed","template":"","meta":{"_acf_changed":false,"footnotes":""},"class_list":["post-16933","page","type-page","status-publish","hentry"],"acf":[],"yoast_head":"<!-- This site is optimized with the Yoast SEO plugin v26.4 - https:\/\/yoast.com\/wordpress\/plugins\/seo\/ -->\n<title>Wo Kann Man 2 Tage in der Toskana Verbringen? - Hotel Minerva Siena<\/title>\n<meta name=\"robots\" content=\"index, follow, max-snippet:-1, max-image-preview:large, max-video-preview:-1\" \/>\n<link rel=\"canonical\" href=\"https:\/\/www.albergominerva.it\/de\/wo-kann-man-2-tage-in-der-toskana-verbringen\/\" \/>\n<meta property=\"og:locale\" content=\"de_DE\" \/>\n<meta property=\"og:type\" content=\"article\" \/>\n<meta property=\"og:title\" content=\"Wo Kann Man 2 Tage in der Toskana Verbringen? - Hotel Minerva Siena\" \/>\n<meta property=\"og:description\" content=\"Mit nur zwei Tagen in der Toskana lassen sich dennoch einige der wichtigsten Sehensw\u00fcrdigkeiten entdecken, von der Kunst und Geschichte\" \/>\n<meta property=\"og:url\" content=\"https:\/\/www.albergominerva.it\/de\/wo-kann-man-2-tage-in-der-toskana-verbringen\/\" \/>\n<meta property=\"og:site_name\" content=\"Hotel Minerva Siena\" \/>\n<meta property=\"article:modified_time\" content=\"2024-10-16T15:52:47+00:00\" \/>\n<meta property=\"og:image\" content=\"https:\/\/www.albergominerva.it\/wp-content\/uploads\/2024\/10\/hotel-minerva-superior-03.jpg\" \/>\n<meta name=\"twitter:card\" content=\"summary_large_image\" \/>\n<meta name=\"twitter:label1\" content=\"Gesch\u00e4tzte Lesezeit\" \/>\n\t<meta name=\"twitter:data1\" content=\"5\u00a0Minuten\" \/>\n<script type=\"application\/ld+json\" class=\"yoast-schema-graph\">{\"@context\":\"https:\/\/schema.org\",\"@graph\":[{\"@type\":\"WebPage\",\"@id\":\"https:\/\/www.albergominerva.it\/de\/wo-kann-man-2-tage-in-der-toskana-verbringen\/\",\"url\":\"https:\/\/www.albergominerva.it\/de\/wo-kann-man-2-tage-in-der-toskana-verbringen\/\",\"name\":\"Wo Kann Man 2 Tage in der Toskana Verbringen? - Hotel Minerva Siena\",\"isPartOf\":{\"@id\":\"https:\/\/www.albergominerva.it\/de\/#website\"},\"primaryImageOfPage\":{\"@id\":\"https:\/\/www.albergominerva.it\/de\/wo-kann-man-2-tage-in-der-toskana-verbringen\/#primaryimage\"},\"image\":{\"@id\":\"https:\/\/www.albergominerva.it\/de\/wo-kann-man-2-tage-in-der-toskana-verbringen\/#primaryimage\"},\"thumbnailUrl\":\"https:\/\/www.albergominerva.it\/wp-content\/uploads\/2024\/10\/hotel-minerva-superior-03.jpg\",\"datePublished\":\"2024-10-16T15:52:45+00:00\",\"dateModified\":\"2024-10-16T15:52:47+00:00\",\"breadcrumb\":{\"@id\":\"https:\/\/www.albergominerva.it\/de\/wo-kann-man-2-tage-in-der-toskana-verbringen\/#breadcrumb\"},\"inLanguage\":\"de\",\"potentialAction\":[{\"@type\":\"ReadAction\",\"target\":[\"https:\/\/www.albergominerva.it\/de\/wo-kann-man-2-tage-in-der-toskana-verbringen\/\"]}]},{\"@type\":\"ImageObject\",\"inLanguage\":\"de\",\"@id\":\"https:\/\/www.albergominerva.it\/de\/wo-kann-man-2-tage-in-der-toskana-verbringen\/#primaryimage\",\"url\":\"https:\/\/www.albergominerva.it\/wp-content\/uploads\/2024\/10\/hotel-minerva-superior-03.jpg\",\"contentUrl\":\"https:\/\/www.albergominerva.it\/wp-content\/uploads\/2024\/10\/hotel-minerva-superior-03.jpg\"},{\"@type\":\"BreadcrumbList\",\"@id\":\"https:\/\/www.albergominerva.it\/de\/wo-kann-man-2-tage-in-der-toskana-verbringen\/#breadcrumb\",\"itemListElement\":[{\"@type\":\"ListItem\",\"position\":1,\"name\":\"Home\",\"item\":\"https:\/\/www.albergominerva.it\/de\/\"},{\"@type\":\"ListItem\",\"position\":2,\"name\":\"Wo Kann Man 2 Tage in der Toskana Verbringen?\"}]},{\"@type\":\"WebSite\",\"@id\":\"https:\/\/www.albergominerva.it\/de\/#website\",\"url\":\"https:\/\/www.albergominerva.it\/de\/\",\"name\":\"Hotel Minerva Siena\",\"description\":\"Hotel in Centro Storico a Siena - Toscana - Italy\",\"potentialAction\":[{\"@type\":\"SearchAction\",\"target\":{\"@type\":\"EntryPoint\",\"urlTemplate\":\"https:\/\/www.albergominerva.it\/de\/?s={search_term_string}\"},\"query-input\":{\"@type\":\"PropertyValueSpecification\",\"valueRequired\":true,\"valueName\":\"search_term_string\"}}],\"inLanguage\":\"de\"}]}<\/script>\n<!-- \/ Yoast SEO plugin. -->","yoast_head_json":{"title":"Wo Kann Man 2 Tage in der Toskana Verbringen? - Hotel Minerva Siena","robots":{"index":"index","follow":"follow","max-snippet":"max-snippet:-1","max-image-preview":"max-image-preview:large","max-video-preview":"max-video-preview:-1"},"canonical":"https:\/\/www.albergominerva.it\/de\/wo-kann-man-2-tage-in-der-toskana-verbringen\/","og_locale":"de_DE","og_type":"article","og_title":"Wo Kann Man 2 Tage in der Toskana Verbringen? - Hotel Minerva Siena","og_description":"Mit nur zwei Tagen in der Toskana lassen sich dennoch einige der wichtigsten Sehensw\u00fcrdigkeiten entdecken, von der Kunst und Geschichte","og_url":"https:\/\/www.albergominerva.it\/de\/wo-kann-man-2-tage-in-der-toskana-verbringen\/","og_site_name":"Hotel Minerva Siena","article_modified_time":"2024-10-16T15:52:47+00:00","og_image":[{"url":"https:\/\/www.albergominerva.it\/wp-content\/uploads\/2024\/10\/hotel-minerva-superior-03.jpg","type":"","width":"","height":""}],"twitter_card":"summary_large_image","twitter_misc":{"Gesch\u00e4tzte Lesezeit":"5\u00a0Minuten"},"schema":{"@context":"https:\/\/schema.org","@graph":[{"@type":"WebPage","@id":"https:\/\/www.albergominerva.it\/de\/wo-kann-man-2-tage-in-der-toskana-verbringen\/","url":"https:\/\/www.albergominerva.it\/de\/wo-kann-man-2-tage-in-der-toskana-verbringen\/","name":"Wo Kann Man 2 Tage in der Toskana Verbringen? - Hotel Minerva Siena","isPartOf":{"@id":"https:\/\/www.albergominerva.it\/de\/#website"},"primaryImageOfPage":{"@id":"https:\/\/www.albergominerva.it\/de\/wo-kann-man-2-tage-in-der-toskana-verbringen\/#primaryimage"},"image":{"@id":"https:\/\/www.albergominerva.it\/de\/wo-kann-man-2-tage-in-der-toskana-verbringen\/#primaryimage"},"thumbnailUrl":"https:\/\/www.albergominerva.it\/wp-content\/uploads\/2024\/10\/hotel-minerva-superior-03.jpg","datePublished":"2024-10-16T15:52:45+00:00","dateModified":"2024-10-16T15:52:47+00:00","breadcrumb":{"@id":"https:\/\/www.albergominerva.it\/de\/wo-kann-man-2-tage-in-der-toskana-verbringen\/#breadcrumb"},"inLanguage":"de","potentialAction":[{"@type":"ReadAction","target":["https:\/\/www.albergominerva.it\/de\/wo-kann-man-2-tage-in-der-toskana-verbringen\/"]}]},{"@type":"ImageObject","inLanguage":"de","@id":"https:\/\/www.albergominerva.it\/de\/wo-kann-man-2-tage-in-der-toskana-verbringen\/#primaryimage","url":"https:\/\/www.albergominerva.it\/wp-content\/uploads\/2024\/10\/hotel-minerva-superior-03.jpg","contentUrl":"https:\/\/www.albergominerva.it\/wp-content\/uploads\/2024\/10\/hotel-minerva-superior-03.jpg"},{"@type":"BreadcrumbList","@id":"https:\/\/www.albergominerva.it\/de\/wo-kann-man-2-tage-in-der-toskana-verbringen\/#breadcrumb","itemListElement":[{"@type":"ListItem","position":1,"name":"Home","item":"https:\/\/www.albergominerva.it\/de\/"},{"@type":"ListItem","position":2,"name":"Wo Kann Man 2 Tage in der Toskana Verbringen?"}]},{"@type":"WebSite","@id":"https:\/\/www.albergominerva.it\/de\/#website","url":"https:\/\/www.albergominerva.it\/de\/","name":"Hotel Minerva Siena","description":"Hotel in Centro Storico a Siena - Toscana - Italy","potentialAction":[{"@type":"SearchAction","target":{"@type":"EntryPoint","urlTemplate":"https:\/\/www.albergominerva.it\/de\/?s={search_term_string}"},"query-input":{"@type":"PropertyValueSpecification","valueRequired":true,"valueName":"search_term_string"}}],"inLanguage":"de"}]}},"_links":{"self":[{"href":"https:\/\/www.albergominerva.it\/de\/wp-json\/wp\/v2\/pages\/16933","targetHints":{"allow":["GET"]}}],"collection":[{"href":"https:\/\/www.albergominerva.it\/de\/wp-json\/wp\/v2\/pages"}],"about":[{"href":"https:\/\/www.albergominerva.it\/de\/wp-json\/wp\/v2\/types\/page"}],"author":[{"embeddable":true,"href":"https:\/\/www.albergominerva.it\/de\/wp-json\/wp\/v2\/users\/3"}],"replies":[{"embeddable":true,"href":"https:\/\/www.albergominerva.it\/de\/wp-json\/wp\/v2\/comments?post=16933"}],"version-history":[{"count":1,"href":"https:\/\/www.albergominerva.it\/de\/wp-json\/wp\/v2\/pages\/16933\/revisions"}],"predecessor-version":[{"id":16934,"href":"https:\/\/www.albergominerva.it\/de\/wp-json\/wp\/v2\/pages\/16933\/revisions\/16934"}],"wp:attachment":[{"href":"https:\/\/www.albergominerva.it\/de\/wp-json\/wp\/v2\/media?parent=16933"}],"curies":[{"name":"wp","href":"https:\/\/api.w.org\/{rel}","templated":true}]}}