{"id":22455,"date":"2026-02-20T16:15:09","date_gmt":"2026-02-20T15:15:09","guid":{"rendered":"https:\/\/www.albergominerva.it\/?page_id=22455"},"modified":"2026-02-20T16:15:13","modified_gmt":"2026-02-20T15:15:13","slug":"albergo-minerva-ihr-ideales-hotel-im-herzen-von-siena","status":"publish","type":"page","link":"https:\/\/www.albergominerva.it\/de\/albergo-minerva-ihr-ideales-hotel-im-herzen-von-siena\/","title":{"rendered":"Albergo Minerva: Ihr ideales Hotel im Herzen von Siena"},"content":{"rendered":"\n<p>Das <strong>Albergo Minerva<\/strong> liegt nur wenige Gehminuten vom historischen Zentrum entfernt und ist der perfekte Ausgangspunkt, um Siena und die wundersch\u00f6ne Toskana zu entdecken. Mit komfortablen Zimmern, Panoramaterrassen mit Blick auf die toskanische Landschaft und privatem Parkplatz (eine echte Seltenheit in Siena) verbindet das Hotel Komfort, Gastfreundschaft und eine strategische Lage.<\/p>\n\n\n\n<p>Planen Sie Ihre Anreise ganz einfach mit unserem Guide <strong><a href=\"https:\/\/www.albergominerva.it\/de\/wie-man-siena-erreicht-auto-zug-bus\/\">Wie man Siena erreicht: Auto, Zug, Bus<\/a><\/strong> und erfahren Sie, <strong><a href=\"https:\/\/www.albergominerva.it\/de\/wann-man-siena-besuchen-sollte-klima-und-jahreszeiten\/\">wann man Siena besuchen sollte: Klima und Jahreszeiten<\/a><\/strong>, um Ihre Reise optimal zu organisieren.<\/p>\n\n\n<div style=\"display:flex; justify-content:center;\">\n\n\n<figure class=\"wp-block-embed is-type-video is-provider-youtube wp-block-embed-youtube wp-embed-aspect-16-9 wp-has-aspect-ratio\"><div class=\"wp-block-embed__wrapper\">\n<iframe loading=\"lazy\" title=\"Hotel Minerva   Full 4K ITA\" width=\"500\" height=\"281\" src=\"https:\/\/www.youtube.com\/embed\/AW3LygfbUKw?feature=oembed\" frameborder=\"0\" allow=\"accelerometer; autoplay; clipboard-write; encrypted-media; gyroscope; picture-in-picture; web-share\" referrerpolicy=\"strict-origin-when-cross-origin\" allowfullscreen><\/iframe>\n<\/div><\/figure>\n\n\n<\/div>\n\n\n<hr class=\"wp-block-separator has-alpha-channel-opacity\"\/>\n\n\n\n<h2 class=\"wp-block-heading\">Die wichtigsten Sehensw\u00fcrdigkeiten in unmittelbarer N\u00e4he<\/h2>\n\n\n\n<p>Nur wenige Schritte vom Hotel entfernt befindet sich die ber\u00fchmte <strong><a href=\"https:\/\/www.albergominerva.it\/de\/piazza-del-campo-geschichte-und-kuriositaeten-des-schoensten-platzes-italiens-2\/\">Piazza del Campo: Geschichte und Kuriosit\u00e4ten des sch\u00f6nsten Platzes Italiens<\/a><\/strong>, das Herz von Siena.<\/p>\n\n\n\n<p>Hier k\u00f6nnen Sie die beeindruckende <strong><a href=\"https:\/\/www.albergominerva.it\/de\/fonte-gaia-geschichte-und-kuriositaeten-des-brunnens-auf-dem-piazza-del-campo-in-siena\/\">Fonte Gaia: Geschichte und Kuriosit\u00e4ten des Brunnens auf dem Piazza del Campo in Siena<\/a><\/strong> bewundern und den ber\u00fchmten Turm besteigen: <strong><a href=\"https:\/\/www.albergominerva.it\/de\/torre-del-mangia-wie-man-sie-besteigt-und-was-man-von-oben-sieht\/\">Torre del Mangia: wie man sie besteigt und was man von oben sieht<\/a><\/strong>.<\/p>\n\n\n\n<figure class=\"wp-block-gallery has-nested-images columns-default is-cropped wp-block-gallery-1 is-layout-flex wp-block-gallery-is-layout-flex\">\n<figure class=\"wp-block-image size-large\"><img loading=\"lazy\" decoding=\"async\" width=\"759\" height=\"1024\" data-id=\"19157\" src=\"https:\/\/www.albergominerva.it\/wp-content\/uploads\/2025\/02\/20241130_113503-759x1024.jpg\" alt=\"\" class=\"wp-image-19157\" srcset=\"https:\/\/www.albergominerva.it\/wp-content\/uploads\/2025\/02\/20241130_113503-759x1024.jpg 759w, https:\/\/www.albergominerva.it\/wp-content\/uploads\/2025\/02\/20241130_113503-222x300.jpg 222w, https:\/\/www.albergominerva.it\/wp-content\/uploads\/2025\/02\/20241130_113503-768x1036.jpg 768w, https:\/\/www.albergominerva.it\/wp-content\/uploads\/2025\/02\/20241130_113503-1000x1349.jpg 1000w, https:\/\/www.albergominerva.it\/wp-content\/uploads\/2025\/02\/20241130_113503-700x944.jpg 700w, https:\/\/www.albergominerva.it\/wp-content\/uploads\/2025\/02\/20241130_113503.jpg 1024w\" sizes=\"auto, (max-width: 759px) 100vw, 759px\" \/><\/figure>\n\n\n\n<figure class=\"wp-block-image size-large\"><img loading=\"lazy\" decoding=\"async\" width=\"1024\" height=\"682\" data-id=\"15768\" src=\"https:\/\/www.albergominerva.it\/wp-content\/uploads\/2024\/08\/Camere-Hotel-Minerva-001-1024x682.jpg\" alt=\"\" class=\"wp-image-15768\" srcset=\"https:\/\/www.albergominerva.it\/wp-content\/uploads\/2024\/08\/Camere-Hotel-Minerva-001-1024x682.jpg 1024w, https:\/\/www.albergominerva.it\/wp-content\/uploads\/2024\/08\/Camere-Hotel-Minerva-001-300x200.jpg 300w, https:\/\/www.albergominerva.it\/wp-content\/uploads\/2024\/08\/Camere-Hotel-Minerva-001-768x512.jpg 768w, https:\/\/www.albergominerva.it\/wp-content\/uploads\/2024\/08\/Camere-Hotel-Minerva-001-1536x1024.jpg 1536w, https:\/\/www.albergominerva.it\/wp-content\/uploads\/2024\/08\/Camere-Hotel-Minerva-001-2048x1365.jpg 2048w, https:\/\/www.albergominerva.it\/wp-content\/uploads\/2024\/08\/Camere-Hotel-Minerva-001-1000x666.jpg 1000w, https:\/\/www.albergominerva.it\/wp-content\/uploads\/2024\/08\/Camere-Hotel-Minerva-001-700x466.jpg 700w\" sizes=\"auto, (max-width: 1024px) 100vw, 1024px\" \/><\/figure>\n\n\n\n<figure class=\"wp-block-image size-large\"><img loading=\"lazy\" decoding=\"async\" width=\"1024\" height=\"682\" data-id=\"15684\" src=\"https:\/\/www.albergominerva.it\/wp-content\/uploads\/2024\/08\/Camere-Hotel-Minerva-015-1024x682.jpg\" alt=\"\" class=\"wp-image-15684\" srcset=\"https:\/\/www.albergominerva.it\/wp-content\/uploads\/2024\/08\/Camere-Hotel-Minerva-015-1024x682.jpg 1024w, https:\/\/www.albergominerva.it\/wp-content\/uploads\/2024\/08\/Camere-Hotel-Minerva-015-300x200.jpg 300w, https:\/\/www.albergominerva.it\/wp-content\/uploads\/2024\/08\/Camere-Hotel-Minerva-015-768x512.jpg 768w, https:\/\/www.albergominerva.it\/wp-content\/uploads\/2024\/08\/Camere-Hotel-Minerva-015-1536x1024.jpg 1536w, https:\/\/www.albergominerva.it\/wp-content\/uploads\/2024\/08\/Camere-Hotel-Minerva-015-2048x1365.jpg 2048w, https:\/\/www.albergominerva.it\/wp-content\/uploads\/2024\/08\/Camere-Hotel-Minerva-015-1000x666.jpg 1000w, https:\/\/www.albergominerva.it\/wp-content\/uploads\/2024\/08\/Camere-Hotel-Minerva-015-700x466.jpg 700w\" sizes=\"auto, (max-width: 1024px) 100vw, 1024px\" \/><\/figure>\n\n\n\n<figure class=\"wp-block-image size-large\"><img loading=\"lazy\" decoding=\"async\" width=\"1024\" height=\"682\" data-id=\"15726\" src=\"https:\/\/www.albergominerva.it\/wp-content\/uploads\/2024\/08\/Camere-Hotel-Minerva-022-1024x682.jpg\" alt=\"\" class=\"wp-image-15726\" srcset=\"https:\/\/www.albergominerva.it\/wp-content\/uploads\/2024\/08\/Camere-Hotel-Minerva-022-1024x682.jpg 1024w, https:\/\/www.albergominerva.it\/wp-content\/uploads\/2024\/08\/Camere-Hotel-Minerva-022-300x200.jpg 300w, https:\/\/www.albergominerva.it\/wp-content\/uploads\/2024\/08\/Camere-Hotel-Minerva-022-768x512.jpg 768w, https:\/\/www.albergominerva.it\/wp-content\/uploads\/2024\/08\/Camere-Hotel-Minerva-022-1536x1024.jpg 1536w, https:\/\/www.albergominerva.it\/wp-content\/uploads\/2024\/08\/Camere-Hotel-Minerva-022-2048x1365.jpg 2048w, https:\/\/www.albergominerva.it\/wp-content\/uploads\/2024\/08\/Camere-Hotel-Minerva-022-1000x666.jpg 1000w, https:\/\/www.albergominerva.it\/wp-content\/uploads\/2024\/08\/Camere-Hotel-Minerva-022-700x466.jpg 700w\" sizes=\"auto, (max-width: 1024px) 100vw, 1024px\" \/><\/figure>\n\n\n\n<figure class=\"wp-block-image size-large\"><img loading=\"lazy\" decoding=\"async\" width=\"1024\" height=\"683\" data-id=\"1510\" src=\"https:\/\/www.albergominerva.it\/wp-content\/uploads\/2016\/02\/Camere-Elegant-Vista-Hotel-Siena-Centro-002-1024x683.jpg\" alt=\"Camere Elegant Vista Hotel Siena Centro\" class=\"wp-image-1510\" srcset=\"https:\/\/www.albergominerva.it\/wp-content\/uploads\/2016\/02\/Camere-Elegant-Vista-Hotel-Siena-Centro-002.jpg 1024w, https:\/\/www.albergominerva.it\/wp-content\/uploads\/2016\/02\/Camere-Elegant-Vista-Hotel-Siena-Centro-002-300x200.jpg 300w\" sizes=\"auto, (max-width: 1024px) 100vw, 1024px\" \/><\/figure>\n\n\n\n<figure class=\"wp-block-image size-large\"><img loading=\"lazy\" decoding=\"async\" width=\"1024\" height=\"683\" data-id=\"732\" src=\"https:\/\/www.albergominerva.it\/wp-content\/uploads\/2016\/03\/Camere-Elegant-Vista-Hotel-Siena-Centro-02-1024x683.jpg\" alt=\"\" class=\"wp-image-732\" srcset=\"https:\/\/www.albergominerva.it\/wp-content\/uploads\/2016\/03\/Camere-Elegant-Vista-Hotel-Siena-Centro-02.jpg 1024w, https:\/\/www.albergominerva.it\/wp-content\/uploads\/2016\/03\/Camere-Elegant-Vista-Hotel-Siena-Centro-02-300x200.jpg 300w, https:\/\/www.albergominerva.it\/wp-content\/uploads\/2016\/03\/Camere-Elegant-Vista-Hotel-Siena-Centro-02-768x512.jpg 768w\" sizes=\"auto, (max-width: 1024px) 100vw, 1024px\" \/><\/figure>\n\n\n\n<figure class=\"wp-block-image size-large\"><img loading=\"lazy\" decoding=\"async\" width=\"1024\" height=\"683\" data-id=\"656\" src=\"https:\/\/www.albergominerva.it\/wp-content\/uploads\/2016\/02\/Hotel-Vista-Siena-Centro-02-1024x683.jpg\" alt=\"Camere con Vista Hotel Siena Centro\" class=\"wp-image-656\" srcset=\"https:\/\/www.albergominerva.it\/wp-content\/uploads\/2016\/02\/Hotel-Vista-Siena-Centro-02.jpg 1024w, https:\/\/www.albergominerva.it\/wp-content\/uploads\/2016\/02\/Hotel-Vista-Siena-Centro-02-300x200.jpg 300w, https:\/\/www.albergominerva.it\/wp-content\/uploads\/2016\/02\/Hotel-Vista-Siena-Centro-02-768x512.jpg 768w\" sizes=\"auto, (max-width: 1024px) 100vw, 1024px\" \/><\/figure>\n\n\n\n<figure class=\"wp-block-image size-large\"><img loading=\"lazy\" decoding=\"async\" width=\"700\" height=\"467\" data-id=\"243\" src=\"https:\/\/www.albergominerva.it\/wp-content\/uploads\/2016\/01\/Camere.jpg\" alt=\"\" class=\"wp-image-243\" srcset=\"https:\/\/www.albergominerva.it\/wp-content\/uploads\/2016\/01\/Camere.jpg 700w, https:\/\/www.albergominerva.it\/wp-content\/uploads\/2016\/01\/Camere-300x200.jpg 300w\" sizes=\"auto, (max-width: 700px) 100vw, 700px\" \/><\/figure>\n<\/figure>\n\n\n\n<hr class=\"wp-block-separator has-alpha-channel-opacity\"\/>\n\n\n\n<h2 class=\"wp-block-heading\">Der Dom von Siena und seine Meisterwerke<\/h2>\n\n\n\n<p>Ein absolutes Highlight ist der prachtvolle <strong><a href=\"https:\/\/www.albergominerva.it\/de\/dom-von-siena-duomo-di-siena-oeffnungszeiten-tickets-und-meisterwerke\/\">Dom von Siena (Duomo di Siena): \u00d6ffnungszeiten, Tickets und Meisterwerke<\/a><\/strong>.<\/p>\n\n\n\n<p>Bereiten Sie Ihren Besuch mit dem ausf\u00fchrlichen Guide <strong><a href=\"https:\/\/www.albergominerva.it\/de\/dom-von-siena-oeffnungszeiten-tickets-und-was-man-nicht-verpassen-darf\/\">Dom von Siena: \u00d6ffnungszeiten, Tickets und was man nicht verpassen darf<\/a><\/strong> vor und entdecken Sie die faszinierende <strong><a href=\"https:\/\/www.albergominerva.it\/de\/piccolomini%e2%80%91bibliothek-fuehrer-zum-verborgenen-schatz-des-doms-von-siena\/\">Piccolomini-Bibliothek: F\u00fchrer zum verborgenen Schatz des Doms von Siena<\/a><\/strong>.<\/p>\n\n\n\n<p>Nicht zu vergessen ist das beeindruckende <strong><a href=\"https:\/\/www.albergominerva.it\/de\/das-baptisterium-von-san-giovanni-aussergewoehnliche-mosaiken-und-fresken\/\">Baptisterium von San Giovanni: au\u00dfergew\u00f6hnliche Mosaiken und Fresken<\/a><\/strong>.<\/p>\n\n\n\n<hr class=\"wp-block-separator has-alpha-channel-opacity\"\/>\n\n\n\n<h2 class=\"wp-block-heading\">Kunst, Spiritualit\u00e4t und Geschichte<\/h2>\n\n\n\n<p>Siena ist eng mit der Spiritualit\u00e4t der <strong><a href=\"https:\/\/www.albergominerva.it\/de\/heilige-katharina-von-siena-heiligtum-basilika-und-orte-die-mit-der-heiligen-verbunden-sind\/\">Heiligen Katharina von Siena: Heiligtum, Basilika und Orte, die mit der Heiligen verbunden sind<\/a><\/strong> verbunden.<\/p>\n\n\n\n<p>Besuchen Sie die imposante <strong><a href=\"https:\/\/www.albergominerva.it\/de\/basilika-san-domenico-in-siena-geschichte-und-kunstwerke-die-man-bewundern-sollte\/\">Basilika San Domenico in Siena: Geschichte und Kunstwerke, die man bewundern sollte<\/a><\/strong> sowie bedeutende Museen wie das <strong><a href=\"https:\/\/www.albergominerva.it\/de\/dioezesanmuseum-von-siena-sakrale-kunst-und-verborgene-schaetze\/\">Di\u00f6zesanmuseum von Siena: sakrale Kunst und verborgene Sch\u00e4tze<\/a><\/strong> und den umfassenden <strong><a href=\"https:\/\/www.albergominerva.it\/de\/reisefuehrer-fuer-santa-maria-della-scala-in-siena\/\">Reisef\u00fchrer f\u00fcr Santa Maria della Scala in Siena<\/a><\/strong>.<\/p>\n\n\n\n<p>Natur- und Wissenschaftsinteressierte entdecken das <strong><a href=\"https:\/\/www.albergominerva.it\/de\/museum-fuer-naturgeschichte-der-accademia-dei-fisiocritici-kuriositaeten-und-sammlungen-uebersetzung\/\">Museum f\u00fcr Naturgeschichte der Accademia dei Fisiocritici: Kuriosit\u00e4ten und Sammlungen<\/a><\/strong>.<\/p>\n\n\n\n<hr class=\"wp-block-separator has-alpha-channel-opacity\"\/>\n\n\n\n<h2 class=\"wp-block-heading\">Traditionen und historische Architektur<\/h2>\n\n\n\n<p>Tauchen Sie ein in die Welt der Contrade, etwa der <strong><a href=\"https:\/\/www.albergominerva.it\/de\/nobile-contrada-del-bruco-geschichte-traditionen-museum-und-gewonnene-palios\/\">Nobile Contrada del Bruco: Geschichte, Traditionen, Museum und gewonnene Palios<\/a><\/strong>.<\/p>\n\n\n\n<p>Spazieren Sie durch die historische <strong><a href=\"https:\/\/www.albergominerva.it\/de\/porta-camollia-und-die-anderen-historischen-tore-von-siena\/\">Porta Camollia und die anderen historischen Tore von Siena<\/a><\/strong> und bewundern Sie die elegante <strong><a href=\"https:\/\/www.albergominerva.it\/de\/loggia-della-mercanzia-geschichte-und-renaissancekunst-in-siena\/\">Loggia della Mercanzia: Geschichte und Renaissancekunst in Siena<\/a><\/strong>.<\/p>\n\n\n\n<p>Besuchen Sie au\u00dferdem den historischen <strong><a href=\"https:\/\/www.albergominerva.it\/de\/palazzo-salimbeni-geschichte-und-kuriositaeten-zur-zentrale-der-monte-dei-paschi-di-siena\/\">Palazzo Salimbeni: Geschichte und Kuriosit\u00e4ten zur Zentrale der Monte dei Paschi di Siena<\/a><\/strong>.<\/p>\n\n\n\n<hr class=\"wp-block-separator has-alpha-channel-opacity\"\/>\n\n\n\n<h2 class=\"wp-block-heading\">Entdecken Sie die Umgebung von Siena<\/h2>\n\n\n\n<p>Das Albergo Minerva ist auch ein idealer Ausgangspunkt f\u00fcr Ausfl\u00fcge in die Umgebung:<\/p>\n\n\n\n<ul class=\"wp-block-list\">\n<li><strong><a href=\"https:\/\/www.albergominerva.it\/de\/monteriggioni-was-man-sehen-und-besuchen-kann\/\">Monteriggioni: was man sehen und besuchen kann<\/a><\/strong><\/li>\n\n\n\n<li><strong><a href=\"https:\/\/www.albergominerva.it\/de\/san-gimignano-was-man-sehen-und-besuchen-sollte\/\">San Gimignano: was man sehen und besuchen sollte<\/a><\/strong><\/li>\n\n\n\n<li><strong><a href=\"https:\/\/www.albergominerva.it\/de\/colle-di-val-delsa-sehenswuerdigkeiten-und-aktivitaeten\/\">Colle di Val d\u2019Elsa: Sehensw\u00fcrdigkeiten und Aktivit\u00e4ten<\/a><\/strong><\/li>\n\n\n\n<li><strong><a href=\"https:\/\/www.albergominerva.it\/de\/montalcino-was-man-sehen-und-besuchen-sollte\/\">Montalcino: was man sehen und besuchen sollte<\/a><\/strong><\/li>\n\n\n\n<li><strong><a href=\"https:\/\/www.albergominerva.it\/de\/san-quirico-dorcia-was-man-sehen-und-unternehmen-kann\/\">San Quirico d\u2019Orcia: was man sehen und unternehmen kann<\/a><\/strong><\/li>\n\n\n\n<li><strong><a href=\"https:\/\/www.albergominerva.it\/de\/buonconvento-was-man-sehen-und-besuchen-kann\/\">Buonconvento: was man sehen und besuchen kann<\/a><\/strong><\/li>\n\n\n\n<li><strong><a href=\"https:\/\/www.albergominerva.it\/de\/chianciano-terme-was-man-sehen-und-besuchen-sollte\/\">Chianciano Terme: was man sehen und besuchen sollte<\/a><\/strong><\/li>\n\n\n\n<li><strong><a href=\"https:\/\/www.albergominerva.it\/de\/greve-in-chianti-sehenswuerdigkeiten-und-besuchstipps\/\">Greve in Chianti: Sehensw\u00fcrdigkeiten und Besuchstipps<\/a><\/strong><\/li>\n\n\n\n<li><strong><a href=\"https:\/\/www.albergominerva.it\/de\/gaiole-in-chianti-was-man-sehen-und-unternehmen-kann\/\">Gaiole in Chianti: was man sehen und unternehmen kann<\/a><\/strong><\/li>\n\n\n\n<li><strong><a href=\"https:\/\/www.albergominerva.it\/de\/crete-senesi-sehenswuerdigkeiten-und-besuchstipps\/\">Crete Senesi: Sehensw\u00fcrdigkeiten und Besuchstipps<\/a><\/strong><\/li>\n<\/ul>\n\n\n\n<hr class=\"wp-block-separator has-alpha-channel-opacity\"\/>\n\n\n\n<h2 class=\"wp-block-heading\">Warum Albergo Minerva w\u00e4hlen?<\/h2>\n\n\n\n<p>Mit seiner ruhigen Lage nahe dem Zentrum, komfortablen Zimmern, Panoramablick und famili\u00e4rer Gastfreundschaft ist das Albergo Minerva die ideale Wahl f\u00fcr einen romantischen Aufenthalt, eine Kulturreise oder einen l\u00e4ngeren Urlaub in der Toskana.<\/p>\n\n\n\n<p>Buchen Sie Ihren Aufenthalt und erleben Sie Siena von seiner sch\u00f6nsten Seite \u2013 mit Komfort, Geschichte und toskanischer Herzlichkeit.<\/p>\n","protected":false},"excerpt":{"rendered":"<p>Das Albergo Minerva liegt nur wenige Gehminuten vom historischen Zentrum entfernt und ist der perfekte Ausgangspunkt, um Siena und die<\/p>\n","protected":false},"author":3,"featured_media":0,"parent":0,"menu_order":0,"comment_status":"closed","ping_status":"closed","template":"","meta":{"_acf_changed":false,"footnotes":""},"class_list":["post-22455","page","type-page","status-publish","hentry"],"acf":[],"yoast_head":"<!-- This site is optimized with the Yoast SEO plugin v26.4 - https:\/\/yoast.com\/wordpress\/plugins\/seo\/ -->\n<title>Albergo Minerva: Ihr ideales Hotel im Herzen von Siena - Hotel Minerva Siena<\/title>\n<meta name=\"robots\" content=\"index, follow, max-snippet:-1, max-image-preview:large, max-video-preview:-1\" \/>\n<link rel=\"canonical\" href=\"https:\/\/www.albergominerva.it\/de\/albergo-minerva-ihr-ideales-hotel-im-herzen-von-siena\/\" \/>\n<meta property=\"og:locale\" content=\"de_DE\" \/>\n<meta property=\"og:type\" content=\"article\" \/>\n<meta property=\"og:title\" content=\"Albergo Minerva: Ihr ideales Hotel im Herzen von Siena - Hotel Minerva Siena\" \/>\n<meta property=\"og:description\" content=\"Das Albergo Minerva liegt nur wenige Gehminuten vom historischen Zentrum entfernt und ist der perfekte Ausgangspunkt, um Siena und die\" \/>\n<meta property=\"og:url\" content=\"https:\/\/www.albergominerva.it\/de\/albergo-minerva-ihr-ideales-hotel-im-herzen-von-siena\/\" \/>\n<meta property=\"og:site_name\" content=\"Hotel Minerva Siena\" \/>\n<meta property=\"article:modified_time\" content=\"2026-02-20T15:15:13+00:00\" \/>\n<meta property=\"og:image\" content=\"https:\/\/www.albergominerva.it\/wp-content\/uploads\/2025\/02\/20241130_113503.jpg\" \/>\n\t<meta property=\"og:image:width\" content=\"1024\" \/>\n\t<meta property=\"og:image:height\" content=\"1381\" \/>\n\t<meta property=\"og:image:type\" content=\"image\/jpeg\" \/>\n<meta name=\"twitter:card\" content=\"summary_large_image\" \/>\n<meta name=\"twitter:label1\" content=\"Gesch\u00e4tzte Lesezeit\" \/>\n\t<meta name=\"twitter:data1\" content=\"5\u00a0Minuten\" \/>\n<script type=\"application\/ld+json\" class=\"yoast-schema-graph\">{\"@context\":\"https:\/\/schema.org\",\"@graph\":[{\"@type\":\"WebPage\",\"@id\":\"https:\/\/www.albergominerva.it\/de\/albergo-minerva-ihr-ideales-hotel-im-herzen-von-siena\/\",\"url\":\"https:\/\/www.albergominerva.it\/de\/albergo-minerva-ihr-ideales-hotel-im-herzen-von-siena\/\",\"name\":\"Albergo Minerva: Ihr ideales Hotel im Herzen von Siena - Hotel Minerva Siena\",\"isPartOf\":{\"@id\":\"https:\/\/www.albergominerva.it\/de\/#website\"},\"primaryImageOfPage\":{\"@id\":\"https:\/\/www.albergominerva.it\/de\/albergo-minerva-ihr-ideales-hotel-im-herzen-von-siena\/#primaryimage\"},\"image\":{\"@id\":\"https:\/\/www.albergominerva.it\/de\/albergo-minerva-ihr-ideales-hotel-im-herzen-von-siena\/#primaryimage\"},\"thumbnailUrl\":\"https:\/\/www.albergominerva.it\/wp-content\/uploads\/2025\/02\/20241130_113503-759x1024.jpg\",\"datePublished\":\"2026-02-20T15:15:09+00:00\",\"dateModified\":\"2026-02-20T15:15:13+00:00\",\"breadcrumb\":{\"@id\":\"https:\/\/www.albergominerva.it\/de\/albergo-minerva-ihr-ideales-hotel-im-herzen-von-siena\/#breadcrumb\"},\"inLanguage\":\"de\",\"potentialAction\":[{\"@type\":\"ReadAction\",\"target\":[\"https:\/\/www.albergominerva.it\/de\/albergo-minerva-ihr-ideales-hotel-im-herzen-von-siena\/\"]}]},{\"@type\":\"ImageObject\",\"inLanguage\":\"de\",\"@id\":\"https:\/\/www.albergominerva.it\/de\/albergo-minerva-ihr-ideales-hotel-im-herzen-von-siena\/#primaryimage\",\"url\":\"https:\/\/www.albergominerva.it\/wp-content\/uploads\/2025\/02\/20241130_113503-759x1024.jpg\",\"contentUrl\":\"https:\/\/www.albergominerva.it\/wp-content\/uploads\/2025\/02\/20241130_113503-759x1024.jpg\"},{\"@type\":\"BreadcrumbList\",\"@id\":\"https:\/\/www.albergominerva.it\/de\/albergo-minerva-ihr-ideales-hotel-im-herzen-von-siena\/#breadcrumb\",\"itemListElement\":[{\"@type\":\"ListItem\",\"position\":1,\"name\":\"Home\",\"item\":\"https:\/\/www.albergominerva.it\/de\/\"},{\"@type\":\"ListItem\",\"position\":2,\"name\":\"Albergo Minerva: Ihr ideales Hotel im Herzen von Siena\"}]},{\"@type\":\"WebSite\",\"@id\":\"https:\/\/www.albergominerva.it\/de\/#website\",\"url\":\"https:\/\/www.albergominerva.it\/de\/\",\"name\":\"Hotel Minerva Siena\",\"description\":\"Hotel in Centro Storico a Siena - Toscana - Italy\",\"potentialAction\":[{\"@type\":\"SearchAction\",\"target\":{\"@type\":\"EntryPoint\",\"urlTemplate\":\"https:\/\/www.albergominerva.it\/de\/?s={search_term_string}\"},\"query-input\":{\"@type\":\"PropertyValueSpecification\",\"valueRequired\":true,\"valueName\":\"search_term_string\"}}],\"inLanguage\":\"de\"}]}<\/script>\n<!-- \/ Yoast SEO plugin. -->","yoast_head_json":{"title":"Albergo Minerva: Ihr ideales Hotel im Herzen von Siena - Hotel Minerva Siena","robots":{"index":"index","follow":"follow","max-snippet":"max-snippet:-1","max-image-preview":"max-image-preview:large","max-video-preview":"max-video-preview:-1"},"canonical":"https:\/\/www.albergominerva.it\/de\/albergo-minerva-ihr-ideales-hotel-im-herzen-von-siena\/","og_locale":"de_DE","og_type":"article","og_title":"Albergo Minerva: Ihr ideales Hotel im Herzen von Siena - Hotel Minerva Siena","og_description":"Das Albergo Minerva liegt nur wenige Gehminuten vom historischen Zentrum entfernt und ist der perfekte Ausgangspunkt, um Siena und die","og_url":"https:\/\/www.albergominerva.it\/de\/albergo-minerva-ihr-ideales-hotel-im-herzen-von-siena\/","og_site_name":"Hotel Minerva Siena","article_modified_time":"2026-02-20T15:15:13+00:00","og_image":[{"width":1024,"height":1381,"url":"https:\/\/www.albergominerva.it\/wp-content\/uploads\/2025\/02\/20241130_113503.jpg","type":"image\/jpeg"}],"twitter_card":"summary_large_image","twitter_misc":{"Gesch\u00e4tzte Lesezeit":"5\u00a0Minuten"},"schema":{"@context":"https:\/\/schema.org","@graph":[{"@type":"WebPage","@id":"https:\/\/www.albergominerva.it\/de\/albergo-minerva-ihr-ideales-hotel-im-herzen-von-siena\/","url":"https:\/\/www.albergominerva.it\/de\/albergo-minerva-ihr-ideales-hotel-im-herzen-von-siena\/","name":"Albergo Minerva: Ihr ideales Hotel im Herzen von Siena - Hotel Minerva Siena","isPartOf":{"@id":"https:\/\/www.albergominerva.it\/de\/#website"},"primaryImageOfPage":{"@id":"https:\/\/www.albergominerva.it\/de\/albergo-minerva-ihr-ideales-hotel-im-herzen-von-siena\/#primaryimage"},"image":{"@id":"https:\/\/www.albergominerva.it\/de\/albergo-minerva-ihr-ideales-hotel-im-herzen-von-siena\/#primaryimage"},"thumbnailUrl":"https:\/\/www.albergominerva.it\/wp-content\/uploads\/2025\/02\/20241130_113503-759x1024.jpg","datePublished":"2026-02-20T15:15:09+00:00","dateModified":"2026-02-20T15:15:13+00:00","breadcrumb":{"@id":"https:\/\/www.albergominerva.it\/de\/albergo-minerva-ihr-ideales-hotel-im-herzen-von-siena\/#breadcrumb"},"inLanguage":"de","potentialAction":[{"@type":"ReadAction","target":["https:\/\/www.albergominerva.it\/de\/albergo-minerva-ihr-ideales-hotel-im-herzen-von-siena\/"]}]},{"@type":"ImageObject","inLanguage":"de","@id":"https:\/\/www.albergominerva.it\/de\/albergo-minerva-ihr-ideales-hotel-im-herzen-von-siena\/#primaryimage","url":"https:\/\/www.albergominerva.it\/wp-content\/uploads\/2025\/02\/20241130_113503-759x1024.jpg","contentUrl":"https:\/\/www.albergominerva.it\/wp-content\/uploads\/2025\/02\/20241130_113503-759x1024.jpg"},{"@type":"BreadcrumbList","@id":"https:\/\/www.albergominerva.it\/de\/albergo-minerva-ihr-ideales-hotel-im-herzen-von-siena\/#breadcrumb","itemListElement":[{"@type":"ListItem","position":1,"name":"Home","item":"https:\/\/www.albergominerva.it\/de\/"},{"@type":"ListItem","position":2,"name":"Albergo Minerva: Ihr ideales Hotel im Herzen von Siena"}]},{"@type":"WebSite","@id":"https:\/\/www.albergominerva.it\/de\/#website","url":"https:\/\/www.albergominerva.it\/de\/","name":"Hotel Minerva Siena","description":"Hotel in Centro Storico a Siena - Toscana - Italy","potentialAction":[{"@type":"SearchAction","target":{"@type":"EntryPoint","urlTemplate":"https:\/\/www.albergominerva.it\/de\/?s={search_term_string}"},"query-input":{"@type":"PropertyValueSpecification","valueRequired":true,"valueName":"search_term_string"}}],"inLanguage":"de"}]}},"_links":{"self":[{"href":"https:\/\/www.albergominerva.it\/de\/wp-json\/wp\/v2\/pages\/22455","targetHints":{"allow":["GET"]}}],"collection":[{"href":"https:\/\/www.albergominerva.it\/de\/wp-json\/wp\/v2\/pages"}],"about":[{"href":"https:\/\/www.albergominerva.it\/de\/wp-json\/wp\/v2\/types\/page"}],"author":[{"embeddable":true,"href":"https:\/\/www.albergominerva.it\/de\/wp-json\/wp\/v2\/users\/3"}],"replies":[{"embeddable":true,"href":"https:\/\/www.albergominerva.it\/de\/wp-json\/wp\/v2\/comments?post=22455"}],"version-history":[{"count":1,"href":"https:\/\/www.albergominerva.it\/de\/wp-json\/wp\/v2\/pages\/22455\/revisions"}],"predecessor-version":[{"id":22456,"href":"https:\/\/www.albergominerva.it\/de\/wp-json\/wp\/v2\/pages\/22455\/revisions\/22456"}],"wp:attachment":[{"href":"https:\/\/www.albergominerva.it\/de\/wp-json\/wp\/v2\/media?parent=22455"}],"curies":[{"name":"wp","href":"https:\/\/api.w.org\/{rel}","templated":true}]}}