{"id":6389,"date":"2019-09-02T17:16:02","date_gmt":"2019-09-02T15:16:02","guid":{"rendered":"https:\/\/www.albergominerva.it\/siena-e-dintorni\/"},"modified":"2025-11-13T09:38:05","modified_gmt":"2025-11-13T08:38:05","slug":"siena-e-dintorni","status":"publish","type":"page","link":"https:\/\/www.albergominerva.it\/de\/siena-e-dintorni\/","title":{"rendered":"Siena und Umgebung"},"content":{"rendered":"\n<h1 class=\"wp-block-heading\"> Siena war im Mittelalter eine m\u00e4chtige Stadt von gro\u00dfer Bedeutung.<br>Noch heute kann man die Architektur und Kunst dieser Bl\u00fctezeit bewundern. <\/h1>\n\n\n\n<p>In Siena mischen und konzentrieren sich Kunst, Geschichte, Kultur und Traditionen. Die Altstadt wurde in die Liste des UNESCO-Weltkulturerbes aufgenommen.<\/p>\n\n\n\n<p>Man kennt Siena in der ganzen Welt vor allem wegen des Palio, einem historischen Pferderennen, das auf der Piazza del Campo stattfindet und bei dem die Stadtteile der Stadt, \u201cContrada\u201d genannt, zweimal im Jahr, am 2. Juli und am 16. August, gegeneinander antreten. Das Hotel Minerva liegt in der <strong>\u201eContrada della Lupa\u201c<\/strong>, dem Stadtteil der W\u00f6lfin.<\/p>\n\n\n\n<p>Piazza del Campo,\nder Hauptplatz Sienas, einzigartig in seiner Muschelform, einer der sch\u00f6nsten\nmittelalterlichen Pl\u00e4tze Italiens mit seinem Brunnen \u201eFonte Gaia\u201c, umgeben von\nherrlichen Palazzi, darunter das Rathaus, der Palazzo Pubblico. \u00dcber allem\nwacht der majest\u00e4tische Turm \u201eTorre del Mangia\u201c, der aus dem Stadtpanorama\nnicht wegzudenken ist.<\/p>\n\n\n\n<p>Auch der Dom, die\nLoggia della Mercanzia mit ihren Statue aus dem 16. Jahrhundert, der Palazzo\nSalimbeni, die Fortezza Medicea, eine imposante Festung aus dem Jahr 1561, vom\nFlorentiner Cosimo I. de\u2019 Medici erbaut, sowie der Palazzo Tolomei und das Haus\nder Heiligen Katharina, um nur einige zu nennen, sollten w\u00e4hrend Ihres Aufenthalts\nim Hotel Minerva nicht vergessen werden.<\/p>\n\n\n\n<p>Au\u00dferhalb der Altstadt bieten sich ebenfalls zahlreiche interessante Ausflugsm\u00f6glichkeiten an: San Gimignano (UNESCO-Welterbe), Monteriggioni, Colle Val D\u2019Elsa, das Orcia-Tal (UNESCO-Welterbe) u. v. m. Aber auch Pisa, Lucca, Florenz, Arezzo, das Meer und der Trasimenische See liegen in erreichbarer N\u00e4he. Au\u00dfer Kunst, Geschichte, Traditionen und einmaliger Landschaft locken auch die \u00f6nogastronomischen Spezialit\u00e4ten, vor allem Weine wie Chianti, Brunello di Montalcino, Nobile di Montepulciano und Vernaccia di San Gimignano.<\/p>\n\n\n\n<p><strong>Kommen Sie und entdecken und Sie die Toskana! <\/strong><\/p>\n","protected":false},"excerpt":{"rendered":"<p>Siena war im Mittelalter eine m\u00e4chtige Stadt von gro\u00dfer Bedeutung.Noch heute kann man die Architektur und Kunst dieser Bl\u00fctezeit bewundern.<\/p>\n","protected":false},"author":1,"featured_media":8641,"parent":0,"menu_order":0,"comment_status":"closed","ping_status":"closed","template":"","meta":{"_acf_changed":false,"footnotes":""},"class_list":["post-6389","page","type-page","status-publish","has-post-thumbnail","hentry"],"acf":[],"yoast_head":"<!-- This site is optimized with the Yoast SEO plugin v27.4 - https:\/\/yoast.com\/product\/yoast-seo-wordpress\/ -->\n<title>Siena und Umgebung - Hotel Minerva Siena<\/title>\n<meta name=\"robots\" content=\"index, follow, max-snippet:-1, max-image-preview:large, max-video-preview:-1\" \/>\n<link rel=\"canonical\" href=\"https:\/\/www.albergominerva.it\/de\/siena-e-dintorni\/\" \/>\n<meta property=\"og:locale\" content=\"de_DE\" \/>\n<meta property=\"og:type\" content=\"article\" \/>\n<meta property=\"og:title\" content=\"Siena und Umgebung - Hotel Minerva Siena\" \/>\n<meta property=\"og:description\" content=\"Siena war im Mittelalter eine m\u00e4chtige Stadt von gro\u00dfer Bedeutung.Noch heute kann man die Architektur und Kunst dieser Bl\u00fctezeit bewundern.\" \/>\n<meta property=\"og:url\" content=\"https:\/\/www.albergominerva.it\/de\/siena-e-dintorni\/\" \/>\n<meta property=\"og:site_name\" content=\"Hotel Minerva Siena\" \/>\n<meta property=\"article:modified_time\" content=\"2025-11-13T08:38:05+00:00\" \/>\n<meta property=\"og:image\" content=\"https:\/\/www.albergominerva.it\/wp-content\/uploads\/2021\/04\/panorama-siena-dintorni.jpg\" \/>\n\t<meta property=\"og:image:width\" content=\"1920\" \/>\n\t<meta property=\"og:image:height\" content=\"1000\" \/>\n\t<meta property=\"og:image:type\" content=\"image\/jpeg\" \/>\n<meta name=\"twitter:card\" content=\"summary_large_image\" \/>\n<meta name=\"twitter:label1\" content=\"Gesch\u00e4tzte Lesezeit\" \/>\n\t<meta name=\"twitter:data1\" content=\"1\u00a0Minute\" \/>\n<script type=\"application\/ld+json\" class=\"yoast-schema-graph\">{\"@context\":\"https:\\\/\\\/schema.org\",\"@graph\":[{\"@type\":\"WebPage\",\"@id\":\"https:\\\/\\\/www.albergominerva.it\\\/de\\\/siena-e-dintorni\\\/\",\"url\":\"https:\\\/\\\/www.albergominerva.it\\\/de\\\/siena-e-dintorni\\\/\",\"name\":\"Siena und Umgebung - Hotel Minerva Siena\",\"isPartOf\":{\"@id\":\"https:\\\/\\\/www.albergominerva.it\\\/de\\\/#website\"},\"primaryImageOfPage\":{\"@id\":\"https:\\\/\\\/www.albergominerva.it\\\/de\\\/siena-e-dintorni\\\/#primaryimage\"},\"image\":{\"@id\":\"https:\\\/\\\/www.albergominerva.it\\\/de\\\/siena-e-dintorni\\\/#primaryimage\"},\"thumbnailUrl\":\"https:\\\/\\\/www.albergominerva.it\\\/wp-content\\\/uploads\\\/2021\\\/04\\\/panorama-siena-dintorni.jpg\",\"datePublished\":\"2019-09-02T15:16:02+00:00\",\"dateModified\":\"2025-11-13T08:38:05+00:00\",\"breadcrumb\":{\"@id\":\"https:\\\/\\\/www.albergominerva.it\\\/de\\\/siena-e-dintorni\\\/#breadcrumb\"},\"inLanguage\":\"de\",\"potentialAction\":[{\"@type\":\"ReadAction\",\"target\":[\"https:\\\/\\\/www.albergominerva.it\\\/de\\\/siena-e-dintorni\\\/\"]}]},{\"@type\":\"ImageObject\",\"inLanguage\":\"de\",\"@id\":\"https:\\\/\\\/www.albergominerva.it\\\/de\\\/siena-e-dintorni\\\/#primaryimage\",\"url\":\"https:\\\/\\\/www.albergominerva.it\\\/wp-content\\\/uploads\\\/2021\\\/04\\\/panorama-siena-dintorni.jpg\",\"contentUrl\":\"https:\\\/\\\/www.albergominerva.it\\\/wp-content\\\/uploads\\\/2021\\\/04\\\/panorama-siena-dintorni.jpg\",\"width\":1920,\"height\":1000},{\"@type\":\"BreadcrumbList\",\"@id\":\"https:\\\/\\\/www.albergominerva.it\\\/de\\\/siena-e-dintorni\\\/#breadcrumb\",\"itemListElement\":[{\"@type\":\"ListItem\",\"position\":1,\"name\":\"Home\",\"item\":\"https:\\\/\\\/www.albergominerva.it\\\/de\\\/\"},{\"@type\":\"ListItem\",\"position\":2,\"name\":\"Siena und Umgebung\"}]},{\"@type\":\"WebSite\",\"@id\":\"https:\\\/\\\/www.albergominerva.it\\\/de\\\/#website\",\"url\":\"https:\\\/\\\/www.albergominerva.it\\\/de\\\/\",\"name\":\"Hotel Minerva Siena\",\"description\":\"Hotel in Centro Storico a Siena - Toscana - Italy\",\"potentialAction\":[{\"@type\":\"SearchAction\",\"target\":{\"@type\":\"EntryPoint\",\"urlTemplate\":\"https:\\\/\\\/www.albergominerva.it\\\/de\\\/?s={search_term_string}\"},\"query-input\":{\"@type\":\"PropertyValueSpecification\",\"valueRequired\":true,\"valueName\":\"search_term_string\"}}],\"inLanguage\":\"de\"}]}<\/script>\n<!-- \/ Yoast SEO plugin. -->","yoast_head_json":{"title":"Siena und Umgebung - Hotel Minerva Siena","robots":{"index":"index","follow":"follow","max-snippet":"max-snippet:-1","max-image-preview":"max-image-preview:large","max-video-preview":"max-video-preview:-1"},"canonical":"https:\/\/www.albergominerva.it\/de\/siena-e-dintorni\/","og_locale":"de_DE","og_type":"article","og_title":"Siena und Umgebung - Hotel Minerva Siena","og_description":"Siena war im Mittelalter eine m\u00e4chtige Stadt von gro\u00dfer Bedeutung.Noch heute kann man die Architektur und Kunst dieser Bl\u00fctezeit bewundern.","og_url":"https:\/\/www.albergominerva.it\/de\/siena-e-dintorni\/","og_site_name":"Hotel Minerva Siena","article_modified_time":"2025-11-13T08:38:05+00:00","og_image":[{"width":1920,"height":1000,"url":"https:\/\/www.albergominerva.it\/wp-content\/uploads\/2021\/04\/panorama-siena-dintorni.jpg","type":"image\/jpeg"}],"twitter_card":"summary_large_image","twitter_misc":{"Gesch\u00e4tzte Lesezeit":"1\u00a0Minute"},"schema":{"@context":"https:\/\/schema.org","@graph":[{"@type":"WebPage","@id":"https:\/\/www.albergominerva.it\/de\/siena-e-dintorni\/","url":"https:\/\/www.albergominerva.it\/de\/siena-e-dintorni\/","name":"Siena und Umgebung - Hotel Minerva Siena","isPartOf":{"@id":"https:\/\/www.albergominerva.it\/de\/#website"},"primaryImageOfPage":{"@id":"https:\/\/www.albergominerva.it\/de\/siena-e-dintorni\/#primaryimage"},"image":{"@id":"https:\/\/www.albergominerva.it\/de\/siena-e-dintorni\/#primaryimage"},"thumbnailUrl":"https:\/\/www.albergominerva.it\/wp-content\/uploads\/2021\/04\/panorama-siena-dintorni.jpg","datePublished":"2019-09-02T15:16:02+00:00","dateModified":"2025-11-13T08:38:05+00:00","breadcrumb":{"@id":"https:\/\/www.albergominerva.it\/de\/siena-e-dintorni\/#breadcrumb"},"inLanguage":"de","potentialAction":[{"@type":"ReadAction","target":["https:\/\/www.albergominerva.it\/de\/siena-e-dintorni\/"]}]},{"@type":"ImageObject","inLanguage":"de","@id":"https:\/\/www.albergominerva.it\/de\/siena-e-dintorni\/#primaryimage","url":"https:\/\/www.albergominerva.it\/wp-content\/uploads\/2021\/04\/panorama-siena-dintorni.jpg","contentUrl":"https:\/\/www.albergominerva.it\/wp-content\/uploads\/2021\/04\/panorama-siena-dintorni.jpg","width":1920,"height":1000},{"@type":"BreadcrumbList","@id":"https:\/\/www.albergominerva.it\/de\/siena-e-dintorni\/#breadcrumb","itemListElement":[{"@type":"ListItem","position":1,"name":"Home","item":"https:\/\/www.albergominerva.it\/de\/"},{"@type":"ListItem","position":2,"name":"Siena und Umgebung"}]},{"@type":"WebSite","@id":"https:\/\/www.albergominerva.it\/de\/#website","url":"https:\/\/www.albergominerva.it\/de\/","name":"Hotel Minerva Siena","description":"Hotel in Centro Storico a Siena - Toscana - Italy","potentialAction":[{"@type":"SearchAction","target":{"@type":"EntryPoint","urlTemplate":"https:\/\/www.albergominerva.it\/de\/?s={search_term_string}"},"query-input":{"@type":"PropertyValueSpecification","valueRequired":true,"valueName":"search_term_string"}}],"inLanguage":"de"}]}},"_links":{"self":[{"href":"https:\/\/www.albergominerva.it\/de\/wp-json\/wp\/v2\/pages\/6389","targetHints":{"allow":["GET"]}}],"collection":[{"href":"https:\/\/www.albergominerva.it\/de\/wp-json\/wp\/v2\/pages"}],"about":[{"href":"https:\/\/www.albergominerva.it\/de\/wp-json\/wp\/v2\/types\/page"}],"author":[{"embeddable":true,"href":"https:\/\/www.albergominerva.it\/de\/wp-json\/wp\/v2\/users\/1"}],"replies":[{"embeddable":true,"href":"https:\/\/www.albergominerva.it\/de\/wp-json\/wp\/v2\/comments?post=6389"}],"version-history":[{"count":2,"href":"https:\/\/www.albergominerva.it\/de\/wp-json\/wp\/v2\/pages\/6389\/revisions"}],"predecessor-version":[{"id":6391,"href":"https:\/\/www.albergominerva.it\/de\/wp-json\/wp\/v2\/pages\/6389\/revisions\/6391"}],"wp:featuredmedia":[{"embeddable":true,"href":"https:\/\/www.albergominerva.it\/de\/wp-json\/wp\/v2\/media\/8641"}],"wp:attachment":[{"href":"https:\/\/www.albergominerva.it\/de\/wp-json\/wp\/v2\/media?parent=6389"}],"curies":[{"name":"wp","href":"https:\/\/api.w.org\/{rel}","templated":true}]}}