{"id":7791,"date":"2020-02-17T16:36:04","date_gmt":"2020-02-17T15:36:04","guid":{"rendered":"https:\/\/www.albergominerva.it\/?page_id=7791"},"modified":"2020-02-17T16:36:07","modified_gmt":"2020-02-17T15:36:07","slug":"welche-attraktionen-gibt-es-in-siena-zu-sehen-die-wunderbare-basilika-von-der-heilige-francesco","status":"publish","type":"page","link":"https:\/\/www.albergominerva.it\/de\/welche-attraktionen-gibt-es-in-siena-zu-sehen-die-wunderbare-basilika-von-der-heilige-francesco\/","title":{"rendered":"Welche Attraktionen gibt es in Siena zu sehen? Die wunderbare Basilika von der heilige Francesco"},"content":{"rendered":"\n<p><\/p>\n\n\n\n<p><strong>Die wunderbare Basilika von der heilige Francesco<\/strong><\/p>\n\n\n\n<p>Zu den heiligen St\u00e4tten in Siena, die in ihrer mystischen und architektonischen Pracht bewundert werden k\u00f6nnen, geh\u00f6rt sicherlich die Basilika von der heilige Francesco, ein Sammlung einzigartiger Kunstwerke dieser Art, die in der Jungfraukr\u00f6nung ihren H\u00f6hepunkt findet der, an der zwei K\u00fcnstler teilnahmen: Sassetto und Sano di Pietro.<\/p>\n\n\n\n<figure class=\"wp-block-image\"><img decoding=\"async\" src=\"https:\/\/albergominerva.it\/minerva\/wp-content\/uploads\/2020\/02\/basilica-di-san-francesco.png\" alt=\"\" class=\"wp-image-3096\"\/><\/figure>\n\n\n\n<p>Hinzu kommen weitere Meisterwerke wie zwei Fresken von Ambrogio Lorenzetti, die Kreuzigung von Pietro Lorenzetti und die Geburt Christi von Sodom.<\/p>\n\n\n\n<p>Heilige Francescos Kirche beherbergt auch die ber\u00fchmten &#8222;heiligen Hostien&#8220;, 351 geweihte Hostien, die am 14. August 1730 aus der Tabernakel gestohlen wurden und nach drei Tagen in einem Opferstock des Heiligtums Santa Maria im Provenzano wieder gefunden wurden.<\/p>\n\n\n\n<p>Diese Hostien haben die Besonderheit, jahrhundertelang sehr gut erhalten zu bleiben, der Zustand wird regelm\u00e4\u00dfig \u00fcberpr\u00fcft und best\u00e4tigt.<\/p>\n\n\n\n<p>In der Basilika befinden sich auch das heilige Bernardinos Oratorium, zwei gro\u00dfe Kreuzg\u00e4nge und eine pr\u00e4chtige Krypta, die als Universit\u00e4tsbibliothek genutzt wird.<\/p>\n\n\n\n<p>Die heilige Francesco Basilika in Siena ist die Kirche des Wunders, der Spiritualit\u00e4t und der Freude. Nebenbei bietet sie einen kleinen Spielplatz f\u00fcr Kinder, auf dem Sie mit Ihrer Familie im Schatten von hohen und wundersch\u00f6nen B\u00e4umen entspannen k\u00f6nnen.<\/p>\n\n\n\n<p>Wenn Sie ein Familienhotel in der N\u00e4he der heilige Francescos Basilika suchen, empfehlen wir Ihnen, das Hotel Minerva, unser Hotel im Sienas Zentrum mit Parkplatz, ein Drei-Sterne-Hotel mit Bar, reichhaltigem und exquisitem Fr\u00fchst\u00fcck und vor allem Sienas Panoramablick auf Siena zu buchen das die meisten zimmer hat.<\/p>\n\n\n\n<p>Entdecken Sie unser Hotel auf unserer Website und buchen Sie den Komfort eines Hotels im Zentrum Sienas mit kostenpflichtigem Parkhaus und direktem Zugang zur Hotellobby.<\/p>\n","protected":false},"excerpt":{"rendered":"<p>Die wunderbare Basilika von der heilige Francesco Zu den heiligen St\u00e4tten in Siena, die in ihrer mystischen und architektonischen Pracht<\/p>\n","protected":false},"author":3,"featured_media":0,"parent":0,"menu_order":0,"comment_status":"closed","ping_status":"closed","template":"","meta":{"_acf_changed":false,"footnotes":""},"class_list":["post-7791","page","type-page","status-publish","hentry"],"acf":[],"yoast_head":"<!-- This site is optimized with the Yoast SEO plugin v27.4 - https:\/\/yoast.com\/product\/yoast-seo-wordpress\/ -->\n<title>Welche Attraktionen gibt es in Siena zu sehen? Die wunderbare Basilika von der heilige Francesco - Hotel Minerva Siena<\/title>\n<meta name=\"robots\" content=\"index, follow, max-snippet:-1, max-image-preview:large, max-video-preview:-1\" \/>\n<link rel=\"canonical\" href=\"https:\/\/www.albergominerva.it\/de\/welche-attraktionen-gibt-es-in-siena-zu-sehen-die-wunderbare-basilika-von-der-heilige-francesco\/\" \/>\n<meta property=\"og:locale\" content=\"de_DE\" \/>\n<meta property=\"og:type\" content=\"article\" \/>\n<meta property=\"og:title\" content=\"Welche Attraktionen gibt es in Siena zu sehen? Die wunderbare Basilika von der heilige Francesco - Hotel Minerva Siena\" \/>\n<meta property=\"og:description\" content=\"Die wunderbare Basilika von der heilige Francesco Zu den heiligen St\u00e4tten in Siena, die in ihrer mystischen und architektonischen Pracht\" \/>\n<meta property=\"og:url\" content=\"https:\/\/www.albergominerva.it\/de\/welche-attraktionen-gibt-es-in-siena-zu-sehen-die-wunderbare-basilika-von-der-heilige-francesco\/\" \/>\n<meta property=\"og:site_name\" content=\"Hotel Minerva Siena\" \/>\n<meta property=\"article:modified_time\" content=\"2020-02-17T15:36:07+00:00\" \/>\n<meta property=\"og:image\" content=\"https:\/\/albergominerva.it\/minerva\/wp-content\/uploads\/2020\/02\/basilica-di-san-francesco.png\" \/>\n<meta name=\"twitter:card\" content=\"summary_large_image\" \/>\n<meta name=\"twitter:label1\" content=\"Gesch\u00e4tzte Lesezeit\" \/>\n\t<meta name=\"twitter:data1\" content=\"1\u00a0Minute\" \/>\n<script type=\"application\/ld+json\" class=\"yoast-schema-graph\">{\"@context\":\"https:\\\/\\\/schema.org\",\"@graph\":[{\"@type\":\"WebPage\",\"@id\":\"https:\\\/\\\/www.albergominerva.it\\\/de\\\/welche-attraktionen-gibt-es-in-siena-zu-sehen-die-wunderbare-basilika-von-der-heilige-francesco\\\/\",\"url\":\"https:\\\/\\\/www.albergominerva.it\\\/de\\\/welche-attraktionen-gibt-es-in-siena-zu-sehen-die-wunderbare-basilika-von-der-heilige-francesco\\\/\",\"name\":\"Welche Attraktionen gibt es in Siena zu sehen? Die wunderbare Basilika von der heilige Francesco - Hotel Minerva Siena\",\"isPartOf\":{\"@id\":\"https:\\\/\\\/www.albergominerva.it\\\/de\\\/#website\"},\"primaryImageOfPage\":{\"@id\":\"https:\\\/\\\/www.albergominerva.it\\\/de\\\/welche-attraktionen-gibt-es-in-siena-zu-sehen-die-wunderbare-basilika-von-der-heilige-francesco\\\/#primaryimage\"},\"image\":{\"@id\":\"https:\\\/\\\/www.albergominerva.it\\\/de\\\/welche-attraktionen-gibt-es-in-siena-zu-sehen-die-wunderbare-basilika-von-der-heilige-francesco\\\/#primaryimage\"},\"thumbnailUrl\":\"https:\\\/\\\/albergominerva.it\\\/minerva\\\/wp-content\\\/uploads\\\/2020\\\/02\\\/basilica-di-san-francesco.png\",\"datePublished\":\"2020-02-17T15:36:04+00:00\",\"dateModified\":\"2020-02-17T15:36:07+00:00\",\"breadcrumb\":{\"@id\":\"https:\\\/\\\/www.albergominerva.it\\\/de\\\/welche-attraktionen-gibt-es-in-siena-zu-sehen-die-wunderbare-basilika-von-der-heilige-francesco\\\/#breadcrumb\"},\"inLanguage\":\"de\",\"potentialAction\":[{\"@type\":\"ReadAction\",\"target\":[\"https:\\\/\\\/www.albergominerva.it\\\/de\\\/welche-attraktionen-gibt-es-in-siena-zu-sehen-die-wunderbare-basilika-von-der-heilige-francesco\\\/\"]}]},{\"@type\":\"ImageObject\",\"inLanguage\":\"de\",\"@id\":\"https:\\\/\\\/www.albergominerva.it\\\/de\\\/welche-attraktionen-gibt-es-in-siena-zu-sehen-die-wunderbare-basilika-von-der-heilige-francesco\\\/#primaryimage\",\"url\":\"https:\\\/\\\/albergominerva.it\\\/minerva\\\/wp-content\\\/uploads\\\/2020\\\/02\\\/basilica-di-san-francesco.png\",\"contentUrl\":\"https:\\\/\\\/albergominerva.it\\\/minerva\\\/wp-content\\\/uploads\\\/2020\\\/02\\\/basilica-di-san-francesco.png\"},{\"@type\":\"BreadcrumbList\",\"@id\":\"https:\\\/\\\/www.albergominerva.it\\\/de\\\/welche-attraktionen-gibt-es-in-siena-zu-sehen-die-wunderbare-basilika-von-der-heilige-francesco\\\/#breadcrumb\",\"itemListElement\":[{\"@type\":\"ListItem\",\"position\":1,\"name\":\"Home\",\"item\":\"https:\\\/\\\/www.albergominerva.it\\\/de\\\/\"},{\"@type\":\"ListItem\",\"position\":2,\"name\":\"Welche Attraktionen gibt es in Siena zu sehen? Die wunderbare Basilika von der heilige Francesco\"}]},{\"@type\":\"WebSite\",\"@id\":\"https:\\\/\\\/www.albergominerva.it\\\/de\\\/#website\",\"url\":\"https:\\\/\\\/www.albergominerva.it\\\/de\\\/\",\"name\":\"Hotel Minerva Siena\",\"description\":\"Hotel in Centro Storico a Siena - Toscana - Italy\",\"potentialAction\":[{\"@type\":\"SearchAction\",\"target\":{\"@type\":\"EntryPoint\",\"urlTemplate\":\"https:\\\/\\\/www.albergominerva.it\\\/de\\\/?s={search_term_string}\"},\"query-input\":{\"@type\":\"PropertyValueSpecification\",\"valueRequired\":true,\"valueName\":\"search_term_string\"}}],\"inLanguage\":\"de\"}]}<\/script>\n<!-- \/ Yoast SEO plugin. -->","yoast_head_json":{"title":"Welche Attraktionen gibt es in Siena zu sehen? Die wunderbare Basilika von der heilige Francesco - Hotel Minerva Siena","robots":{"index":"index","follow":"follow","max-snippet":"max-snippet:-1","max-image-preview":"max-image-preview:large","max-video-preview":"max-video-preview:-1"},"canonical":"https:\/\/www.albergominerva.it\/de\/welche-attraktionen-gibt-es-in-siena-zu-sehen-die-wunderbare-basilika-von-der-heilige-francesco\/","og_locale":"de_DE","og_type":"article","og_title":"Welche Attraktionen gibt es in Siena zu sehen? Die wunderbare Basilika von der heilige Francesco - Hotel Minerva Siena","og_description":"Die wunderbare Basilika von der heilige Francesco Zu den heiligen St\u00e4tten in Siena, die in ihrer mystischen und architektonischen Pracht","og_url":"https:\/\/www.albergominerva.it\/de\/welche-attraktionen-gibt-es-in-siena-zu-sehen-die-wunderbare-basilika-von-der-heilige-francesco\/","og_site_name":"Hotel Minerva Siena","article_modified_time":"2020-02-17T15:36:07+00:00","og_image":[{"url":"https:\/\/albergominerva.it\/minerva\/wp-content\/uploads\/2020\/02\/basilica-di-san-francesco.png","type":"","width":"","height":""}],"twitter_card":"summary_large_image","twitter_misc":{"Gesch\u00e4tzte Lesezeit":"1\u00a0Minute"},"schema":{"@context":"https:\/\/schema.org","@graph":[{"@type":"WebPage","@id":"https:\/\/www.albergominerva.it\/de\/welche-attraktionen-gibt-es-in-siena-zu-sehen-die-wunderbare-basilika-von-der-heilige-francesco\/","url":"https:\/\/www.albergominerva.it\/de\/welche-attraktionen-gibt-es-in-siena-zu-sehen-die-wunderbare-basilika-von-der-heilige-francesco\/","name":"Welche Attraktionen gibt es in Siena zu sehen? Die wunderbare Basilika von der heilige Francesco - Hotel Minerva Siena","isPartOf":{"@id":"https:\/\/www.albergominerva.it\/de\/#website"},"primaryImageOfPage":{"@id":"https:\/\/www.albergominerva.it\/de\/welche-attraktionen-gibt-es-in-siena-zu-sehen-die-wunderbare-basilika-von-der-heilige-francesco\/#primaryimage"},"image":{"@id":"https:\/\/www.albergominerva.it\/de\/welche-attraktionen-gibt-es-in-siena-zu-sehen-die-wunderbare-basilika-von-der-heilige-francesco\/#primaryimage"},"thumbnailUrl":"https:\/\/albergominerva.it\/minerva\/wp-content\/uploads\/2020\/02\/basilica-di-san-francesco.png","datePublished":"2020-02-17T15:36:04+00:00","dateModified":"2020-02-17T15:36:07+00:00","breadcrumb":{"@id":"https:\/\/www.albergominerva.it\/de\/welche-attraktionen-gibt-es-in-siena-zu-sehen-die-wunderbare-basilika-von-der-heilige-francesco\/#breadcrumb"},"inLanguage":"de","potentialAction":[{"@type":"ReadAction","target":["https:\/\/www.albergominerva.it\/de\/welche-attraktionen-gibt-es-in-siena-zu-sehen-die-wunderbare-basilika-von-der-heilige-francesco\/"]}]},{"@type":"ImageObject","inLanguage":"de","@id":"https:\/\/www.albergominerva.it\/de\/welche-attraktionen-gibt-es-in-siena-zu-sehen-die-wunderbare-basilika-von-der-heilige-francesco\/#primaryimage","url":"https:\/\/albergominerva.it\/minerva\/wp-content\/uploads\/2020\/02\/basilica-di-san-francesco.png","contentUrl":"https:\/\/albergominerva.it\/minerva\/wp-content\/uploads\/2020\/02\/basilica-di-san-francesco.png"},{"@type":"BreadcrumbList","@id":"https:\/\/www.albergominerva.it\/de\/welche-attraktionen-gibt-es-in-siena-zu-sehen-die-wunderbare-basilika-von-der-heilige-francesco\/#breadcrumb","itemListElement":[{"@type":"ListItem","position":1,"name":"Home","item":"https:\/\/www.albergominerva.it\/de\/"},{"@type":"ListItem","position":2,"name":"Welche Attraktionen gibt es in Siena zu sehen? Die wunderbare Basilika von der heilige Francesco"}]},{"@type":"WebSite","@id":"https:\/\/www.albergominerva.it\/de\/#website","url":"https:\/\/www.albergominerva.it\/de\/","name":"Hotel Minerva Siena","description":"Hotel in Centro Storico a Siena - Toscana - Italy","potentialAction":[{"@type":"SearchAction","target":{"@type":"EntryPoint","urlTemplate":"https:\/\/www.albergominerva.it\/de\/?s={search_term_string}"},"query-input":{"@type":"PropertyValueSpecification","valueRequired":true,"valueName":"search_term_string"}}],"inLanguage":"de"}]}},"_links":{"self":[{"href":"https:\/\/www.albergominerva.it\/de\/wp-json\/wp\/v2\/pages\/7791","targetHints":{"allow":["GET"]}}],"collection":[{"href":"https:\/\/www.albergominerva.it\/de\/wp-json\/wp\/v2\/pages"}],"about":[{"href":"https:\/\/www.albergominerva.it\/de\/wp-json\/wp\/v2\/types\/page"}],"author":[{"embeddable":true,"href":"https:\/\/www.albergominerva.it\/de\/wp-json\/wp\/v2\/users\/3"}],"replies":[{"embeddable":true,"href":"https:\/\/www.albergominerva.it\/de\/wp-json\/wp\/v2\/comments?post=7791"}],"version-history":[{"count":1,"href":"https:\/\/www.albergominerva.it\/de\/wp-json\/wp\/v2\/pages\/7791\/revisions"}],"predecessor-version":[{"id":7792,"href":"https:\/\/www.albergominerva.it\/de\/wp-json\/wp\/v2\/pages\/7791\/revisions\/7792"}],"wp:attachment":[{"href":"https:\/\/www.albergominerva.it\/de\/wp-json\/wp\/v2\/media?parent=7791"}],"curies":[{"name":"wp","href":"https:\/\/api.w.org\/{rel}","templated":true}]}}