{"id":7793,"date":"2020-02-17T16:39:37","date_gmt":"2020-02-17T15:39:37","guid":{"rendered":"https:\/\/www.albergominerva.it\/?page_id=7793"},"modified":"2020-02-17T16:39:38","modified_gmt":"2020-02-17T15:39:38","slug":"was-kann-man-in-einem-tag-in-siena-machen-besuchen-sie-jetzt-die-santa-maria-dei-servi-basilika","status":"publish","type":"page","link":"https:\/\/www.albergominerva.it\/de\/was-kann-man-in-einem-tag-in-siena-machen-besuchen-sie-jetzt-die-santa-maria-dei-servi-basilika\/","title":{"rendered":"Was kann man in einem Tag in Siena machen? Besuchen Sie jetzt die Santa Maria dei Servi Basilika"},"content":{"rendered":"\n<p><\/p>\n\n\n\n<p><strong>Die Santa Maria dei Servi Basilika<\/strong><\/p>\n\n\n\n<p>Wenn Sie die Toskana besuchen und sich dazu entschlossen haben, einen Tag in Siena zu verbringen, dann m\u00fcssen Sie unbedingt die wundersch\u00f6ne Basilika San Clemente in Santa Maria dei Servi besuchen, eine Kirche aus der Mitte des 12. Jahrhunderts, die jedoch erst am 18.  Mai 1.533 geweiht wurde.<\/p>\n\n\n\n<figure class=\"wp-block-image\"><img decoding=\"async\" src=\"https:\/\/albergominerva.it\/minerva\/wp-content\/uploads\/2020\/02\/basilica-santa-maria-dei-servi.png\" alt=\"\" class=\"wp-image-3100\"\/><\/figure>\n\n\n\n<p>Diese Basilika in der Contrada von Valdimontone dominiert Siena und ist eine originelle und majest\u00e4tische Sammlung von Barock- und Neogotikstilen.<\/p>\n\n\n\n<p>Die Kirche wurde in der Tat \u00fcber mehrere Jahrhunderte erbaut und der letzte Teil zwischen Ende des 19. und Anfang des 20. Jahrhunderts von Giuseppe Partini und Agenore Socini restauriert.<br>\nDie Fassade ist von einfacher und elementarer Sch\u00f6nheit und \u00fcber eine Treppe zug\u00e4nglich.<\/p>\n\n\n\n<p>Im Inneren befinden sich drei Schiffe, ein Querschiff mit f\u00fcnf Kapellen und f\u00fcnf Spannen.<\/p>\n\n\n\n<p>Das wichtigste Werk in der Basilika Santa Maria dei Servi ist die Madonna mit Kind von Coppo von Marcovaldo, welches 1261 vollendet wurde.<\/p>\n\n\n\n<p>Besonders ist die Geschichte dieses Gem\u00e4ldes, das von Coppo gemalt wurde, als er  von den sienesischen B\u00fcrgern w\u00e4hrend der ber\u00fchmten Schlacht von Montaperti gefangen genommen wurde.<br>\nEin weiteres zu bewunderndes Gem\u00e4lde ist das Massaker der Unschuldigen, das Matteo di Giovanni im 1491 anfertigte.<\/p>\n\n\n\n<p><strong>Entlang des Querschiffs befindet sich insbesondere das Kreuz von Niccol\u00e0 von Segna, ein Werk der 300er Jahre das ein Wunder symbolisiert.<\/strong><\/p>\n\n\n\n<p>Weitere wichtige Werke sind die Kr\u00f6nung der Madonna von Bernardino Fungai, die Geburt von Taddeo di Bartolo, die Madonna der Barmherzigkeit von Giovanni di Paolo und die Anbetung der Hirten von Alessandro Casolani.<\/p>\n\n\n\n<p>In der linken Kapelle befindet sich die Unbefleckte, eine Marmorskulptur aus dem Jahr 1700 und die Verk\u00fcndigung von Francesco Vanni aus dem Jahr 1.588.<\/p>\n\n\n\n<p>Die Kirche Santa Maria dei Servi ist ein wichtiger Etappe auf Ihrer Tagestour durch Siena und kann innerhalb von 10 Minuten zu Fu\u00df von der Piazza del Campo erreicht werden.<\/p>\n\n\n\n<p>Wenn Sie in einem Hotel im Zentrum Sienas \u00fcbernachten m\u00f6chten, das \u00fcber einen kostenpflichtigen internen Parkplatz verf\u00fcgt, empfehlen wir Ihnen, das Hotel Minerva zu buchen, unser 3-Sterne-Hotel im historischen Sienas Zentrum, das, vom Bahnhof sowohl mit dem Auto als auch zu Fu\u00df in wenigen Minuten erreichbar ist.<\/p>\n\n\n\n<p><strong>M\u00f6chten Sie mehr wissen?<\/strong><\/p>\n\n\n\n<p>Bl\u00e4ttern Sie durch die Website und entdecken Sie unsere Zimmer mit Panoramablick auf Siena.<\/p>\n\n\n\n<p>Auf der Website finden Sie garantiert immer den besten Preis.<\/p>\n","protected":false},"excerpt":{"rendered":"<p>Die Santa Maria dei Servi Basilika Wenn Sie die Toskana besuchen und sich dazu entschlossen haben, einen Tag in Siena<\/p>\n","protected":false},"author":3,"featured_media":0,"parent":0,"menu_order":0,"comment_status":"closed","ping_status":"closed","template":"","meta":{"_acf_changed":false,"footnotes":""},"class_list":["post-7793","page","type-page","status-publish","hentry"],"acf":[],"yoast_head":"<!-- This site is optimized with the Yoast SEO plugin v27.4 - https:\/\/yoast.com\/product\/yoast-seo-wordpress\/ -->\n<title>Was kann man in einem Tag in Siena machen? Besuchen Sie jetzt die Santa Maria dei Servi Basilika - Hotel Minerva Siena<\/title>\n<meta name=\"robots\" content=\"index, follow, max-snippet:-1, max-image-preview:large, max-video-preview:-1\" \/>\n<link rel=\"canonical\" href=\"https:\/\/www.albergominerva.it\/de\/was-kann-man-in-einem-tag-in-siena-machen-besuchen-sie-jetzt-die-santa-maria-dei-servi-basilika\/\" \/>\n<meta property=\"og:locale\" content=\"de_DE\" \/>\n<meta property=\"og:type\" content=\"article\" \/>\n<meta property=\"og:title\" content=\"Was kann man in einem Tag in Siena machen? Besuchen Sie jetzt die Santa Maria dei Servi Basilika - Hotel Minerva Siena\" \/>\n<meta property=\"og:description\" content=\"Die Santa Maria dei Servi Basilika Wenn Sie die Toskana besuchen und sich dazu entschlossen haben, einen Tag in Siena\" \/>\n<meta property=\"og:url\" content=\"https:\/\/www.albergominerva.it\/de\/was-kann-man-in-einem-tag-in-siena-machen-besuchen-sie-jetzt-die-santa-maria-dei-servi-basilika\/\" \/>\n<meta property=\"og:site_name\" content=\"Hotel Minerva Siena\" \/>\n<meta property=\"article:modified_time\" content=\"2020-02-17T15:39:38+00:00\" \/>\n<meta property=\"og:image\" content=\"https:\/\/albergominerva.it\/minerva\/wp-content\/uploads\/2020\/02\/basilica-santa-maria-dei-servi.png\" \/>\n<meta name=\"twitter:card\" content=\"summary_large_image\" \/>\n<meta name=\"twitter:label1\" content=\"Gesch\u00e4tzte Lesezeit\" \/>\n\t<meta name=\"twitter:data1\" content=\"2\u00a0Minuten\" \/>\n<script type=\"application\/ld+json\" class=\"yoast-schema-graph\">{\"@context\":\"https:\\\/\\\/schema.org\",\"@graph\":[{\"@type\":\"WebPage\",\"@id\":\"https:\\\/\\\/www.albergominerva.it\\\/de\\\/was-kann-man-in-einem-tag-in-siena-machen-besuchen-sie-jetzt-die-santa-maria-dei-servi-basilika\\\/\",\"url\":\"https:\\\/\\\/www.albergominerva.it\\\/de\\\/was-kann-man-in-einem-tag-in-siena-machen-besuchen-sie-jetzt-die-santa-maria-dei-servi-basilika\\\/\",\"name\":\"Was kann man in einem Tag in Siena machen? Besuchen Sie jetzt die Santa Maria dei Servi Basilika - Hotel Minerva Siena\",\"isPartOf\":{\"@id\":\"https:\\\/\\\/www.albergominerva.it\\\/de\\\/#website\"},\"primaryImageOfPage\":{\"@id\":\"https:\\\/\\\/www.albergominerva.it\\\/de\\\/was-kann-man-in-einem-tag-in-siena-machen-besuchen-sie-jetzt-die-santa-maria-dei-servi-basilika\\\/#primaryimage\"},\"image\":{\"@id\":\"https:\\\/\\\/www.albergominerva.it\\\/de\\\/was-kann-man-in-einem-tag-in-siena-machen-besuchen-sie-jetzt-die-santa-maria-dei-servi-basilika\\\/#primaryimage\"},\"thumbnailUrl\":\"https:\\\/\\\/albergominerva.it\\\/minerva\\\/wp-content\\\/uploads\\\/2020\\\/02\\\/basilica-santa-maria-dei-servi.png\",\"datePublished\":\"2020-02-17T15:39:37+00:00\",\"dateModified\":\"2020-02-17T15:39:38+00:00\",\"breadcrumb\":{\"@id\":\"https:\\\/\\\/www.albergominerva.it\\\/de\\\/was-kann-man-in-einem-tag-in-siena-machen-besuchen-sie-jetzt-die-santa-maria-dei-servi-basilika\\\/#breadcrumb\"},\"inLanguage\":\"de\",\"potentialAction\":[{\"@type\":\"ReadAction\",\"target\":[\"https:\\\/\\\/www.albergominerva.it\\\/de\\\/was-kann-man-in-einem-tag-in-siena-machen-besuchen-sie-jetzt-die-santa-maria-dei-servi-basilika\\\/\"]}]},{\"@type\":\"ImageObject\",\"inLanguage\":\"de\",\"@id\":\"https:\\\/\\\/www.albergominerva.it\\\/de\\\/was-kann-man-in-einem-tag-in-siena-machen-besuchen-sie-jetzt-die-santa-maria-dei-servi-basilika\\\/#primaryimage\",\"url\":\"https:\\\/\\\/albergominerva.it\\\/minerva\\\/wp-content\\\/uploads\\\/2020\\\/02\\\/basilica-santa-maria-dei-servi.png\",\"contentUrl\":\"https:\\\/\\\/albergominerva.it\\\/minerva\\\/wp-content\\\/uploads\\\/2020\\\/02\\\/basilica-santa-maria-dei-servi.png\"},{\"@type\":\"BreadcrumbList\",\"@id\":\"https:\\\/\\\/www.albergominerva.it\\\/de\\\/was-kann-man-in-einem-tag-in-siena-machen-besuchen-sie-jetzt-die-santa-maria-dei-servi-basilika\\\/#breadcrumb\",\"itemListElement\":[{\"@type\":\"ListItem\",\"position\":1,\"name\":\"Home\",\"item\":\"https:\\\/\\\/www.albergominerva.it\\\/de\\\/\"},{\"@type\":\"ListItem\",\"position\":2,\"name\":\"Was kann man in einem Tag in Siena machen? Besuchen Sie jetzt die Santa Maria dei Servi Basilika\"}]},{\"@type\":\"WebSite\",\"@id\":\"https:\\\/\\\/www.albergominerva.it\\\/de\\\/#website\",\"url\":\"https:\\\/\\\/www.albergominerva.it\\\/de\\\/\",\"name\":\"Hotel Minerva Siena\",\"description\":\"Hotel in Centro Storico a Siena - Toscana - Italy\",\"potentialAction\":[{\"@type\":\"SearchAction\",\"target\":{\"@type\":\"EntryPoint\",\"urlTemplate\":\"https:\\\/\\\/www.albergominerva.it\\\/de\\\/?s={search_term_string}\"},\"query-input\":{\"@type\":\"PropertyValueSpecification\",\"valueRequired\":true,\"valueName\":\"search_term_string\"}}],\"inLanguage\":\"de\"}]}<\/script>\n<!-- \/ Yoast SEO plugin. -->","yoast_head_json":{"title":"Was kann man in einem Tag in Siena machen? Besuchen Sie jetzt die Santa Maria dei Servi Basilika - Hotel Minerva Siena","robots":{"index":"index","follow":"follow","max-snippet":"max-snippet:-1","max-image-preview":"max-image-preview:large","max-video-preview":"max-video-preview:-1"},"canonical":"https:\/\/www.albergominerva.it\/de\/was-kann-man-in-einem-tag-in-siena-machen-besuchen-sie-jetzt-die-santa-maria-dei-servi-basilika\/","og_locale":"de_DE","og_type":"article","og_title":"Was kann man in einem Tag in Siena machen? Besuchen Sie jetzt die Santa Maria dei Servi Basilika - Hotel Minerva Siena","og_description":"Die Santa Maria dei Servi Basilika Wenn Sie die Toskana besuchen und sich dazu entschlossen haben, einen Tag in Siena","og_url":"https:\/\/www.albergominerva.it\/de\/was-kann-man-in-einem-tag-in-siena-machen-besuchen-sie-jetzt-die-santa-maria-dei-servi-basilika\/","og_site_name":"Hotel Minerva Siena","article_modified_time":"2020-02-17T15:39:38+00:00","og_image":[{"url":"https:\/\/albergominerva.it\/minerva\/wp-content\/uploads\/2020\/02\/basilica-santa-maria-dei-servi.png","type":"","width":"","height":""}],"twitter_card":"summary_large_image","twitter_misc":{"Gesch\u00e4tzte Lesezeit":"2\u00a0Minuten"},"schema":{"@context":"https:\/\/schema.org","@graph":[{"@type":"WebPage","@id":"https:\/\/www.albergominerva.it\/de\/was-kann-man-in-einem-tag-in-siena-machen-besuchen-sie-jetzt-die-santa-maria-dei-servi-basilika\/","url":"https:\/\/www.albergominerva.it\/de\/was-kann-man-in-einem-tag-in-siena-machen-besuchen-sie-jetzt-die-santa-maria-dei-servi-basilika\/","name":"Was kann man in einem Tag in Siena machen? Besuchen Sie jetzt die Santa Maria dei Servi Basilika - Hotel Minerva Siena","isPartOf":{"@id":"https:\/\/www.albergominerva.it\/de\/#website"},"primaryImageOfPage":{"@id":"https:\/\/www.albergominerva.it\/de\/was-kann-man-in-einem-tag-in-siena-machen-besuchen-sie-jetzt-die-santa-maria-dei-servi-basilika\/#primaryimage"},"image":{"@id":"https:\/\/www.albergominerva.it\/de\/was-kann-man-in-einem-tag-in-siena-machen-besuchen-sie-jetzt-die-santa-maria-dei-servi-basilika\/#primaryimage"},"thumbnailUrl":"https:\/\/albergominerva.it\/minerva\/wp-content\/uploads\/2020\/02\/basilica-santa-maria-dei-servi.png","datePublished":"2020-02-17T15:39:37+00:00","dateModified":"2020-02-17T15:39:38+00:00","breadcrumb":{"@id":"https:\/\/www.albergominerva.it\/de\/was-kann-man-in-einem-tag-in-siena-machen-besuchen-sie-jetzt-die-santa-maria-dei-servi-basilika\/#breadcrumb"},"inLanguage":"de","potentialAction":[{"@type":"ReadAction","target":["https:\/\/www.albergominerva.it\/de\/was-kann-man-in-einem-tag-in-siena-machen-besuchen-sie-jetzt-die-santa-maria-dei-servi-basilika\/"]}]},{"@type":"ImageObject","inLanguage":"de","@id":"https:\/\/www.albergominerva.it\/de\/was-kann-man-in-einem-tag-in-siena-machen-besuchen-sie-jetzt-die-santa-maria-dei-servi-basilika\/#primaryimage","url":"https:\/\/albergominerva.it\/minerva\/wp-content\/uploads\/2020\/02\/basilica-santa-maria-dei-servi.png","contentUrl":"https:\/\/albergominerva.it\/minerva\/wp-content\/uploads\/2020\/02\/basilica-santa-maria-dei-servi.png"},{"@type":"BreadcrumbList","@id":"https:\/\/www.albergominerva.it\/de\/was-kann-man-in-einem-tag-in-siena-machen-besuchen-sie-jetzt-die-santa-maria-dei-servi-basilika\/#breadcrumb","itemListElement":[{"@type":"ListItem","position":1,"name":"Home","item":"https:\/\/www.albergominerva.it\/de\/"},{"@type":"ListItem","position":2,"name":"Was kann man in einem Tag in Siena machen? Besuchen Sie jetzt die Santa Maria dei Servi Basilika"}]},{"@type":"WebSite","@id":"https:\/\/www.albergominerva.it\/de\/#website","url":"https:\/\/www.albergominerva.it\/de\/","name":"Hotel Minerva Siena","description":"Hotel in Centro Storico a Siena - Toscana - Italy","potentialAction":[{"@type":"SearchAction","target":{"@type":"EntryPoint","urlTemplate":"https:\/\/www.albergominerva.it\/de\/?s={search_term_string}"},"query-input":{"@type":"PropertyValueSpecification","valueRequired":true,"valueName":"search_term_string"}}],"inLanguage":"de"}]}},"_links":{"self":[{"href":"https:\/\/www.albergominerva.it\/de\/wp-json\/wp\/v2\/pages\/7793","targetHints":{"allow":["GET"]}}],"collection":[{"href":"https:\/\/www.albergominerva.it\/de\/wp-json\/wp\/v2\/pages"}],"about":[{"href":"https:\/\/www.albergominerva.it\/de\/wp-json\/wp\/v2\/types\/page"}],"author":[{"embeddable":true,"href":"https:\/\/www.albergominerva.it\/de\/wp-json\/wp\/v2\/users\/3"}],"replies":[{"embeddable":true,"href":"https:\/\/www.albergominerva.it\/de\/wp-json\/wp\/v2\/comments?post=7793"}],"version-history":[{"count":1,"href":"https:\/\/www.albergominerva.it\/de\/wp-json\/wp\/v2\/pages\/7793\/revisions"}],"predecessor-version":[{"id":7794,"href":"https:\/\/www.albergominerva.it\/de\/wp-json\/wp\/v2\/pages\/7793\/revisions\/7794"}],"wp:attachment":[{"href":"https:\/\/www.albergominerva.it\/de\/wp-json\/wp\/v2\/media?parent=7793"}],"curies":[{"name":"wp","href":"https:\/\/api.w.org\/{rel}","templated":true}]}}