{"id":7801,"date":"2020-02-17T17:19:10","date_gmt":"2020-02-17T16:19:10","guid":{"rendered":"https:\/\/www.albergominerva.it\/?page_id=7801"},"modified":"2020-02-17T17:19:12","modified_gmt":"2020-02-17T16:19:12","slug":"der-torre-del-mangia-auf-der-piazza-del-campo","status":"publish","type":"page","link":"https:\/\/www.albergominerva.it\/de\/der-torre-del-mangia-auf-der-piazza-del-campo\/","title":{"rendered":"Der Torre del Mangia auf der Piazza del Campo"},"content":{"rendered":"\n<p><\/p>\n\n\n\n<p><strong>Der Torre del Mangia<\/strong><\/p>\n\n\n\n<p>Die wundervolle Piazza del Campo w\u00e4re nicht einer der ber\u00fchmtesten Pl\u00e4tze der Welt, wenn sie nicht den fantastischen Torre del Mangia, ein Symbol f\u00fcr Eleganz und Kraft, integriert und im 1348 fertiggestellt h\u00e4tte.<\/p>\n\n\n\n<figure class=\"wp-block-image\"><img decoding=\"async\" src=\"https:\/\/albergominerva.it\/minerva\/wp-content\/uploads\/2020\/02\/piazza-del-campo-siena.jpg\" alt=\"\" class=\"wp-image-3113\"\/><\/figure>\n\n\n\n<p><strong>87 Meter hoch, 1325 von den Br\u00fcdern Francesco und Muccio di Rinaldo begonnen, verdankt es seinen Namen dem ber\u00fchmten Giovanni di Balduccio.<\/strong><\/p>\n\n\n\n<p>Giovanni di Balduccio war der erste W\u00e4chter des Turms \u00fcberhaupt und er hatte ein Laster, des sp\u00e4ter zur Legende wurde: Es war eine Einkommen-iss.<\/p>\n\n\n\n<p>Alle seine Einnahmen wurden im wahrsten Sinne des Wortes in den besten sienesischen Tavernen verzehrt, weshalb sie den Spitznamen &#8222;Mangiaguadagni&#8220; tragen.<\/p>\n\n\n\n<p>Daher der Name des Torre del Mangia, Turm des Rathaus es von Siena.<\/p>\n\n\n\n<p>Dieser Turm \u00fcbte immer sowohl eine b\u00fcrgerliche als auch eine religi\u00f6se Funktion aus und birgt noch ein weiteres Geheimnis.<\/p>\n\n\n\n<p>Man sagt das die Steine \u200b\u200ban den vier Ecken des Turms Gl\u00fccksm\u00fcnzen mit geheimnisvollen hebr\u00e4ischen und lateinischen Buchstaben enthalten.<\/p>\n\n\n\n<p>Dies war im Mittelalter weit verbreitet und wurde durchgef\u00fchrt, um die T\u00fcrme symbolisch vor Blitzen und anderen Katastrophen zu sch\u00fctzen.<\/p>\n\n\n\n<p>Die Glocke wurde 1666 installiert, sie wiegt 6760 kg und wird von den Sienesern Campanone genannt. Ein Werk mit einer Besonderheit, das seltsame und verstimmte Ger\u00e4usch, das nur ausgel\u00f6st wird, wenn es von einem Handkl\u00f6ppel geschlagen wird.<\/p>\n\n\n\n<p>Dies geschieht nur am Tag des Palio, w\u00e4hrend f\u00fcr den Rest der Tage ein automatisches System aktiv ist.<\/p>\n\n\n\n<p>Der Torre del Mangia steckt voller Legenden und Geschichten, die die Bewohner von Siena von Generation zu Generation weitergegeben haben, und ist ein monumentales Werk, das die gesamte Piazza betreibt und versch\u00f6nert.<\/p>\n\n\n\n<p>Wenn Sie diese Sehensw\u00fcrdigkeit in Siena und all die anderen im Zentrum sehen m\u00f6chten, sollten Sie in einem Hotel im historischen Zentrum \u00fcbernachten.<\/p>\n\n\n\n<p><strong>Das Hotel Minerva ist eine der beliebtesten L\u00f6sungen f\u00fcr Touristen, da es sich nicht nur um ein Hotel in Siena in der N\u00e4he der Piazza del Campo handelt, sondern auch nicht im ZTL-Viertel liegt. Gleichzeitig verf\u00fcgt es \u00fcber einen gro\u00dfen \u00fcberdachten kostenpflichtigen Parkplatz mit 20 Pl\u00e4tzen.<\/strong><\/p>\n\n\n\n<p>Buchen Sie es und w\u00e4hlen Sie eines unserer Zimmer mit Panoramablick auf das historische Zentrum von Siena.<\/p>\n\n\n\n<p>Nutzen Sie unser Buchungssystem oben oder rufen Sie uns direkt unter 0577 28 44 74 an und Sie werden immer den besten Preis bekommen.<br>\nRufen Sie uns mit einem Klick an!<\/p>\n","protected":false},"excerpt":{"rendered":"<p>Der Torre del Mangia Die wundervolle Piazza del Campo w\u00e4re nicht einer der ber\u00fchmtesten Pl\u00e4tze der Welt, wenn sie nicht<\/p>\n","protected":false},"author":3,"featured_media":0,"parent":0,"menu_order":0,"comment_status":"closed","ping_status":"closed","template":"","meta":{"_acf_changed":false,"footnotes":""},"class_list":["post-7801","page","type-page","status-publish","hentry"],"acf":[],"yoast_head":"<!-- This site is optimized with the Yoast SEO plugin v27.4 - https:\/\/yoast.com\/product\/yoast-seo-wordpress\/ -->\n<title>Der Torre del Mangia auf der Piazza del Campo - Hotel Minerva Siena<\/title>\n<meta name=\"robots\" content=\"index, follow, max-snippet:-1, max-image-preview:large, max-video-preview:-1\" \/>\n<link rel=\"canonical\" href=\"https:\/\/www.albergominerva.it\/de\/der-torre-del-mangia-auf-der-piazza-del-campo\/\" \/>\n<meta property=\"og:locale\" content=\"de_DE\" \/>\n<meta property=\"og:type\" content=\"article\" \/>\n<meta property=\"og:title\" content=\"Der Torre del Mangia auf der Piazza del Campo - Hotel Minerva Siena\" \/>\n<meta property=\"og:description\" content=\"Der Torre del Mangia Die wundervolle Piazza del Campo w\u00e4re nicht einer der ber\u00fchmtesten Pl\u00e4tze der Welt, wenn sie nicht\" \/>\n<meta property=\"og:url\" content=\"https:\/\/www.albergominerva.it\/de\/der-torre-del-mangia-auf-der-piazza-del-campo\/\" \/>\n<meta property=\"og:site_name\" content=\"Hotel Minerva Siena\" \/>\n<meta property=\"article:modified_time\" content=\"2020-02-17T16:19:12+00:00\" \/>\n<meta property=\"og:image\" content=\"https:\/\/albergominerva.it\/minerva\/wp-content\/uploads\/2020\/02\/piazza-del-campo-siena.jpg\" \/>\n<meta name=\"twitter:card\" content=\"summary_large_image\" \/>\n<meta name=\"twitter:label1\" content=\"Gesch\u00e4tzte Lesezeit\" \/>\n\t<meta name=\"twitter:data1\" content=\"2\u00a0Minuten\" \/>\n<script type=\"application\/ld+json\" class=\"yoast-schema-graph\">{\"@context\":\"https:\\\/\\\/schema.org\",\"@graph\":[{\"@type\":\"WebPage\",\"@id\":\"https:\\\/\\\/www.albergominerva.it\\\/de\\\/der-torre-del-mangia-auf-der-piazza-del-campo\\\/\",\"url\":\"https:\\\/\\\/www.albergominerva.it\\\/de\\\/der-torre-del-mangia-auf-der-piazza-del-campo\\\/\",\"name\":\"Der Torre del Mangia auf der Piazza del Campo - Hotel Minerva Siena\",\"isPartOf\":{\"@id\":\"https:\\\/\\\/www.albergominerva.it\\\/de\\\/#website\"},\"primaryImageOfPage\":{\"@id\":\"https:\\\/\\\/www.albergominerva.it\\\/de\\\/der-torre-del-mangia-auf-der-piazza-del-campo\\\/#primaryimage\"},\"image\":{\"@id\":\"https:\\\/\\\/www.albergominerva.it\\\/de\\\/der-torre-del-mangia-auf-der-piazza-del-campo\\\/#primaryimage\"},\"thumbnailUrl\":\"https:\\\/\\\/albergominerva.it\\\/minerva\\\/wp-content\\\/uploads\\\/2020\\\/02\\\/piazza-del-campo-siena.jpg\",\"datePublished\":\"2020-02-17T16:19:10+00:00\",\"dateModified\":\"2020-02-17T16:19:12+00:00\",\"breadcrumb\":{\"@id\":\"https:\\\/\\\/www.albergominerva.it\\\/de\\\/der-torre-del-mangia-auf-der-piazza-del-campo\\\/#breadcrumb\"},\"inLanguage\":\"de\",\"potentialAction\":[{\"@type\":\"ReadAction\",\"target\":[\"https:\\\/\\\/www.albergominerva.it\\\/de\\\/der-torre-del-mangia-auf-der-piazza-del-campo\\\/\"]}]},{\"@type\":\"ImageObject\",\"inLanguage\":\"de\",\"@id\":\"https:\\\/\\\/www.albergominerva.it\\\/de\\\/der-torre-del-mangia-auf-der-piazza-del-campo\\\/#primaryimage\",\"url\":\"https:\\\/\\\/albergominerva.it\\\/minerva\\\/wp-content\\\/uploads\\\/2020\\\/02\\\/piazza-del-campo-siena.jpg\",\"contentUrl\":\"https:\\\/\\\/albergominerva.it\\\/minerva\\\/wp-content\\\/uploads\\\/2020\\\/02\\\/piazza-del-campo-siena.jpg\"},{\"@type\":\"BreadcrumbList\",\"@id\":\"https:\\\/\\\/www.albergominerva.it\\\/de\\\/der-torre-del-mangia-auf-der-piazza-del-campo\\\/#breadcrumb\",\"itemListElement\":[{\"@type\":\"ListItem\",\"position\":1,\"name\":\"Home\",\"item\":\"https:\\\/\\\/www.albergominerva.it\\\/de\\\/\"},{\"@type\":\"ListItem\",\"position\":2,\"name\":\"Der Torre del Mangia auf der Piazza del Campo\"}]},{\"@type\":\"WebSite\",\"@id\":\"https:\\\/\\\/www.albergominerva.it\\\/de\\\/#website\",\"url\":\"https:\\\/\\\/www.albergominerva.it\\\/de\\\/\",\"name\":\"Hotel Minerva Siena\",\"description\":\"Hotel in Centro Storico a Siena - Toscana - Italy\",\"potentialAction\":[{\"@type\":\"SearchAction\",\"target\":{\"@type\":\"EntryPoint\",\"urlTemplate\":\"https:\\\/\\\/www.albergominerva.it\\\/de\\\/?s={search_term_string}\"},\"query-input\":{\"@type\":\"PropertyValueSpecification\",\"valueRequired\":true,\"valueName\":\"search_term_string\"}}],\"inLanguage\":\"de\"}]}<\/script>\n<!-- \/ Yoast SEO plugin. -->","yoast_head_json":{"title":"Der Torre del Mangia auf der Piazza del Campo - Hotel Minerva Siena","robots":{"index":"index","follow":"follow","max-snippet":"max-snippet:-1","max-image-preview":"max-image-preview:large","max-video-preview":"max-video-preview:-1"},"canonical":"https:\/\/www.albergominerva.it\/de\/der-torre-del-mangia-auf-der-piazza-del-campo\/","og_locale":"de_DE","og_type":"article","og_title":"Der Torre del Mangia auf der Piazza del Campo - Hotel Minerva Siena","og_description":"Der Torre del Mangia Die wundervolle Piazza del Campo w\u00e4re nicht einer der ber\u00fchmtesten Pl\u00e4tze der Welt, wenn sie nicht","og_url":"https:\/\/www.albergominerva.it\/de\/der-torre-del-mangia-auf-der-piazza-del-campo\/","og_site_name":"Hotel Minerva Siena","article_modified_time":"2020-02-17T16:19:12+00:00","og_image":[{"url":"https:\/\/albergominerva.it\/minerva\/wp-content\/uploads\/2020\/02\/piazza-del-campo-siena.jpg","type":"","width":"","height":""}],"twitter_card":"summary_large_image","twitter_misc":{"Gesch\u00e4tzte Lesezeit":"2\u00a0Minuten"},"schema":{"@context":"https:\/\/schema.org","@graph":[{"@type":"WebPage","@id":"https:\/\/www.albergominerva.it\/de\/der-torre-del-mangia-auf-der-piazza-del-campo\/","url":"https:\/\/www.albergominerva.it\/de\/der-torre-del-mangia-auf-der-piazza-del-campo\/","name":"Der Torre del Mangia auf der Piazza del Campo - Hotel Minerva Siena","isPartOf":{"@id":"https:\/\/www.albergominerva.it\/de\/#website"},"primaryImageOfPage":{"@id":"https:\/\/www.albergominerva.it\/de\/der-torre-del-mangia-auf-der-piazza-del-campo\/#primaryimage"},"image":{"@id":"https:\/\/www.albergominerva.it\/de\/der-torre-del-mangia-auf-der-piazza-del-campo\/#primaryimage"},"thumbnailUrl":"https:\/\/albergominerva.it\/minerva\/wp-content\/uploads\/2020\/02\/piazza-del-campo-siena.jpg","datePublished":"2020-02-17T16:19:10+00:00","dateModified":"2020-02-17T16:19:12+00:00","breadcrumb":{"@id":"https:\/\/www.albergominerva.it\/de\/der-torre-del-mangia-auf-der-piazza-del-campo\/#breadcrumb"},"inLanguage":"de","potentialAction":[{"@type":"ReadAction","target":["https:\/\/www.albergominerva.it\/de\/der-torre-del-mangia-auf-der-piazza-del-campo\/"]}]},{"@type":"ImageObject","inLanguage":"de","@id":"https:\/\/www.albergominerva.it\/de\/der-torre-del-mangia-auf-der-piazza-del-campo\/#primaryimage","url":"https:\/\/albergominerva.it\/minerva\/wp-content\/uploads\/2020\/02\/piazza-del-campo-siena.jpg","contentUrl":"https:\/\/albergominerva.it\/minerva\/wp-content\/uploads\/2020\/02\/piazza-del-campo-siena.jpg"},{"@type":"BreadcrumbList","@id":"https:\/\/www.albergominerva.it\/de\/der-torre-del-mangia-auf-der-piazza-del-campo\/#breadcrumb","itemListElement":[{"@type":"ListItem","position":1,"name":"Home","item":"https:\/\/www.albergominerva.it\/de\/"},{"@type":"ListItem","position":2,"name":"Der Torre del Mangia auf der Piazza del Campo"}]},{"@type":"WebSite","@id":"https:\/\/www.albergominerva.it\/de\/#website","url":"https:\/\/www.albergominerva.it\/de\/","name":"Hotel Minerva Siena","description":"Hotel in Centro Storico a Siena - Toscana - Italy","potentialAction":[{"@type":"SearchAction","target":{"@type":"EntryPoint","urlTemplate":"https:\/\/www.albergominerva.it\/de\/?s={search_term_string}"},"query-input":{"@type":"PropertyValueSpecification","valueRequired":true,"valueName":"search_term_string"}}],"inLanguage":"de"}]}},"_links":{"self":[{"href":"https:\/\/www.albergominerva.it\/de\/wp-json\/wp\/v2\/pages\/7801","targetHints":{"allow":["GET"]}}],"collection":[{"href":"https:\/\/www.albergominerva.it\/de\/wp-json\/wp\/v2\/pages"}],"about":[{"href":"https:\/\/www.albergominerva.it\/de\/wp-json\/wp\/v2\/types\/page"}],"author":[{"embeddable":true,"href":"https:\/\/www.albergominerva.it\/de\/wp-json\/wp\/v2\/users\/3"}],"replies":[{"embeddable":true,"href":"https:\/\/www.albergominerva.it\/de\/wp-json\/wp\/v2\/comments?post=7801"}],"version-history":[{"count":1,"href":"https:\/\/www.albergominerva.it\/de\/wp-json\/wp\/v2\/pages\/7801\/revisions"}],"predecessor-version":[{"id":7803,"href":"https:\/\/www.albergominerva.it\/de\/wp-json\/wp\/v2\/pages\/7801\/revisions\/7803"}],"wp:attachment":[{"href":"https:\/\/www.albergominerva.it\/de\/wp-json\/wp\/v2\/media?parent=7801"}],"curies":[{"name":"wp","href":"https:\/\/api.w.org\/{rel}","templated":true}]}}