{"id":7816,"date":"2020-02-17T17:38:57","date_gmt":"2020-02-17T16:38:57","guid":{"rendered":"https:\/\/www.albergominerva.it\/?page_id=7816"},"modified":"2020-02-17T17:38:59","modified_gmt":"2020-02-17T16:38:59","slug":"zu-besuchende-museen-in-siena-das-besondere-museum-der-biccherna-tabletten","status":"publish","type":"page","link":"https:\/\/www.albergominerva.it\/de\/zu-besuchende-museen-in-siena-das-besondere-museum-der-biccherna-tabletten\/","title":{"rendered":"Zu besuchende Museen in Siena: Das besondere Museum der Biccherna-Tabletten"},"content":{"rendered":"\n<p><\/p>\n\n\n\n<p><strong>Das Museum der Biccherna-Tabletten<\/strong><\/p>\n\n\n\n<p>Zwischen allen sienesischen Museen ist das Museum der Biccherna-Tabletten das charakteristischste und bedeutendste, ein kleines Juwel der Kunst und Tradition.<\/p>\n\n\n\n<figure class=\"wp-block-image size-large\"><img loading=\"lazy\" decoding=\"async\" width=\"469\" height=\"606\" src=\"https:\/\/www.albergominerva.it\/wp-content\/uploads\/2020\/02\/museo-delle-biccherne.png\" alt=\"\" class=\"wp-image-7464\" srcset=\"https:\/\/www.albergominerva.it\/wp-content\/uploads\/2020\/02\/museo-delle-biccherne.png 469w, https:\/\/www.albergominerva.it\/wp-content\/uploads\/2020\/02\/museo-delle-biccherne-232x300.png 232w\" sizes=\"auto, (max-width: 469px) 100vw, 469px\" \/><\/figure>\n\n\n\n<p>Im Piccolini Palast, genauer gesagt das Staatsarchiv beherbergt das Bicchernas Tafelmuseum , d. h die k\u00fcnstlerischen Umschl\u00e4ge in Tafelform aus den Registern der sienesischen Verwaltung.<\/p>\n\n\n\n<p><br> Diese Werke sind von einzigartiger und au\u00dfergew\u00f6hnlicher Sch\u00f6nheit. Sie wurden von Giovanni di Paolo, Lorenzo Vecchia, Sano di Pietro und vielen anderen K\u00fcnstlern erschaffen.<\/p>\n\n\n\n<p>Der Brauch der Tafeln wurde im Laufe der Zeit durch die Schaffung von echten Gem\u00e4lden ersetzt, die Sie im Museum immer wieder bewundern k\u00f6nnen. Diese Tradition war erst Mitte des 18. Jahrhunderts verloren.<\/p>\n\n\n\n<p><strong>Neben der Biccherne und den Gem\u00e4lden beherbergt das Museum auch die erste sienesische Verfassung, das sogenannte \u201cConstitut\u201d, die aus dem Jahr 1309 stammt und ein Beispiel f\u00fcr die Kodifizierung von Gesetzen darstellt, die direkt f\u00fcr den B\u00fcrger erstellt wurden.<\/strong><\/p>\n\n\n\n<p>Das Biccherne-Museum ist eines der wichtigsten Museen im Siena Zentrum und vom Hotel Minerva, unserem 3-Sterne-Hotel im historischen Siena Zentrum, leicht zu erreichen ist. Es ist das einzige Museum mit einer kostenpflichtigen Garage mit 20 Pl\u00e4tzen und direktem Zugang zur Halle.<\/p>\n\n\n\n<p>Um es zu buchen, klicken Sie oben auf Buchen oder rufen Sie direkt die 0577 28 44 74 an, um immer den Bestpreisgarantie zu erhalten.<\/p>\n","protected":false},"excerpt":{"rendered":"<p>Das Museum der Biccherna-Tabletten Zwischen allen sienesischen Museen ist das Museum der Biccherna-Tabletten das charakteristischste und bedeutendste, ein kleines Juwel<\/p>\n","protected":false},"author":3,"featured_media":0,"parent":0,"menu_order":0,"comment_status":"closed","ping_status":"closed","template":"","meta":{"_acf_changed":false,"footnotes":""},"class_list":["post-7816","page","type-page","status-publish","hentry"],"acf":[],"yoast_head":"<!-- This site is optimized with the Yoast SEO plugin v27.4 - https:\/\/yoast.com\/product\/yoast-seo-wordpress\/ -->\n<title>Zu besuchende Museen in Siena: Das besondere Museum der Biccherna-Tabletten - Hotel Minerva Siena<\/title>\n<meta name=\"robots\" content=\"index, follow, max-snippet:-1, max-image-preview:large, max-video-preview:-1\" \/>\n<link rel=\"canonical\" href=\"https:\/\/www.albergominerva.it\/de\/zu-besuchende-museen-in-siena-das-besondere-museum-der-biccherna-tabletten\/\" \/>\n<meta property=\"og:locale\" content=\"de_DE\" \/>\n<meta property=\"og:type\" content=\"article\" \/>\n<meta property=\"og:title\" content=\"Zu besuchende Museen in Siena: Das besondere Museum der Biccherna-Tabletten - Hotel Minerva Siena\" \/>\n<meta property=\"og:description\" content=\"Das Museum der Biccherna-Tabletten Zwischen allen sienesischen Museen ist das Museum der Biccherna-Tabletten das charakteristischste und bedeutendste, ein kleines Juwel\" \/>\n<meta property=\"og:url\" content=\"https:\/\/www.albergominerva.it\/de\/zu-besuchende-museen-in-siena-das-besondere-museum-der-biccherna-tabletten\/\" \/>\n<meta property=\"og:site_name\" content=\"Hotel Minerva Siena\" \/>\n<meta property=\"article:modified_time\" content=\"2020-02-17T16:38:59+00:00\" \/>\n<meta property=\"og:image\" content=\"https:\/\/www.albergominerva.it\/wp-content\/uploads\/2020\/02\/museo-delle-biccherne.png\" \/>\n<meta name=\"twitter:card\" content=\"summary_large_image\" \/>\n<meta name=\"twitter:label1\" content=\"Gesch\u00e4tzte Lesezeit\" \/>\n\t<meta name=\"twitter:data1\" content=\"1\u00a0Minute\" \/>\n<script type=\"application\/ld+json\" class=\"yoast-schema-graph\">{\"@context\":\"https:\\\/\\\/schema.org\",\"@graph\":[{\"@type\":\"WebPage\",\"@id\":\"https:\\\/\\\/www.albergominerva.it\\\/de\\\/zu-besuchende-museen-in-siena-das-besondere-museum-der-biccherna-tabletten\\\/\",\"url\":\"https:\\\/\\\/www.albergominerva.it\\\/de\\\/zu-besuchende-museen-in-siena-das-besondere-museum-der-biccherna-tabletten\\\/\",\"name\":\"Zu besuchende Museen in Siena: Das besondere Museum der Biccherna-Tabletten - Hotel Minerva Siena\",\"isPartOf\":{\"@id\":\"https:\\\/\\\/www.albergominerva.it\\\/de\\\/#website\"},\"primaryImageOfPage\":{\"@id\":\"https:\\\/\\\/www.albergominerva.it\\\/de\\\/zu-besuchende-museen-in-siena-das-besondere-museum-der-biccherna-tabletten\\\/#primaryimage\"},\"image\":{\"@id\":\"https:\\\/\\\/www.albergominerva.it\\\/de\\\/zu-besuchende-museen-in-siena-das-besondere-museum-der-biccherna-tabletten\\\/#primaryimage\"},\"thumbnailUrl\":\"https:\\\/\\\/www.albergominerva.it\\\/wp-content\\\/uploads\\\/2020\\\/02\\\/museo-delle-biccherne.png\",\"datePublished\":\"2020-02-17T16:38:57+00:00\",\"dateModified\":\"2020-02-17T16:38:59+00:00\",\"breadcrumb\":{\"@id\":\"https:\\\/\\\/www.albergominerva.it\\\/de\\\/zu-besuchende-museen-in-siena-das-besondere-museum-der-biccherna-tabletten\\\/#breadcrumb\"},\"inLanguage\":\"de\",\"potentialAction\":[{\"@type\":\"ReadAction\",\"target\":[\"https:\\\/\\\/www.albergominerva.it\\\/de\\\/zu-besuchende-museen-in-siena-das-besondere-museum-der-biccherna-tabletten\\\/\"]}]},{\"@type\":\"ImageObject\",\"inLanguage\":\"de\",\"@id\":\"https:\\\/\\\/www.albergominerva.it\\\/de\\\/zu-besuchende-museen-in-siena-das-besondere-museum-der-biccherna-tabletten\\\/#primaryimage\",\"url\":\"https:\\\/\\\/www.albergominerva.it\\\/wp-content\\\/uploads\\\/2020\\\/02\\\/museo-delle-biccherne.png\",\"contentUrl\":\"https:\\\/\\\/www.albergominerva.it\\\/wp-content\\\/uploads\\\/2020\\\/02\\\/museo-delle-biccherne.png\"},{\"@type\":\"BreadcrumbList\",\"@id\":\"https:\\\/\\\/www.albergominerva.it\\\/de\\\/zu-besuchende-museen-in-siena-das-besondere-museum-der-biccherna-tabletten\\\/#breadcrumb\",\"itemListElement\":[{\"@type\":\"ListItem\",\"position\":1,\"name\":\"Home\",\"item\":\"https:\\\/\\\/www.albergominerva.it\\\/de\\\/\"},{\"@type\":\"ListItem\",\"position\":2,\"name\":\"Zu besuchende Museen in Siena: Das besondere Museum der Biccherna-Tabletten\"}]},{\"@type\":\"WebSite\",\"@id\":\"https:\\\/\\\/www.albergominerva.it\\\/de\\\/#website\",\"url\":\"https:\\\/\\\/www.albergominerva.it\\\/de\\\/\",\"name\":\"Hotel Minerva Siena\",\"description\":\"Hotel in Centro Storico a Siena - Toscana - Italy\",\"potentialAction\":[{\"@type\":\"SearchAction\",\"target\":{\"@type\":\"EntryPoint\",\"urlTemplate\":\"https:\\\/\\\/www.albergominerva.it\\\/de\\\/?s={search_term_string}\"},\"query-input\":{\"@type\":\"PropertyValueSpecification\",\"valueRequired\":true,\"valueName\":\"search_term_string\"}}],\"inLanguage\":\"de\"}]}<\/script>\n<!-- \/ Yoast SEO plugin. -->","yoast_head_json":{"title":"Zu besuchende Museen in Siena: Das besondere Museum der Biccherna-Tabletten - Hotel Minerva Siena","robots":{"index":"index","follow":"follow","max-snippet":"max-snippet:-1","max-image-preview":"max-image-preview:large","max-video-preview":"max-video-preview:-1"},"canonical":"https:\/\/www.albergominerva.it\/de\/zu-besuchende-museen-in-siena-das-besondere-museum-der-biccherna-tabletten\/","og_locale":"de_DE","og_type":"article","og_title":"Zu besuchende Museen in Siena: Das besondere Museum der Biccherna-Tabletten - Hotel Minerva Siena","og_description":"Das Museum der Biccherna-Tabletten Zwischen allen sienesischen Museen ist das Museum der Biccherna-Tabletten das charakteristischste und bedeutendste, ein kleines Juwel","og_url":"https:\/\/www.albergominerva.it\/de\/zu-besuchende-museen-in-siena-das-besondere-museum-der-biccherna-tabletten\/","og_site_name":"Hotel Minerva Siena","article_modified_time":"2020-02-17T16:38:59+00:00","og_image":[{"url":"https:\/\/www.albergominerva.it\/wp-content\/uploads\/2020\/02\/museo-delle-biccherne.png","type":"","width":"","height":""}],"twitter_card":"summary_large_image","twitter_misc":{"Gesch\u00e4tzte Lesezeit":"1\u00a0Minute"},"schema":{"@context":"https:\/\/schema.org","@graph":[{"@type":"WebPage","@id":"https:\/\/www.albergominerva.it\/de\/zu-besuchende-museen-in-siena-das-besondere-museum-der-biccherna-tabletten\/","url":"https:\/\/www.albergominerva.it\/de\/zu-besuchende-museen-in-siena-das-besondere-museum-der-biccherna-tabletten\/","name":"Zu besuchende Museen in Siena: Das besondere Museum der Biccherna-Tabletten - Hotel Minerva Siena","isPartOf":{"@id":"https:\/\/www.albergominerva.it\/de\/#website"},"primaryImageOfPage":{"@id":"https:\/\/www.albergominerva.it\/de\/zu-besuchende-museen-in-siena-das-besondere-museum-der-biccherna-tabletten\/#primaryimage"},"image":{"@id":"https:\/\/www.albergominerva.it\/de\/zu-besuchende-museen-in-siena-das-besondere-museum-der-biccherna-tabletten\/#primaryimage"},"thumbnailUrl":"https:\/\/www.albergominerva.it\/wp-content\/uploads\/2020\/02\/museo-delle-biccherne.png","datePublished":"2020-02-17T16:38:57+00:00","dateModified":"2020-02-17T16:38:59+00:00","breadcrumb":{"@id":"https:\/\/www.albergominerva.it\/de\/zu-besuchende-museen-in-siena-das-besondere-museum-der-biccherna-tabletten\/#breadcrumb"},"inLanguage":"de","potentialAction":[{"@type":"ReadAction","target":["https:\/\/www.albergominerva.it\/de\/zu-besuchende-museen-in-siena-das-besondere-museum-der-biccherna-tabletten\/"]}]},{"@type":"ImageObject","inLanguage":"de","@id":"https:\/\/www.albergominerva.it\/de\/zu-besuchende-museen-in-siena-das-besondere-museum-der-biccherna-tabletten\/#primaryimage","url":"https:\/\/www.albergominerva.it\/wp-content\/uploads\/2020\/02\/museo-delle-biccherne.png","contentUrl":"https:\/\/www.albergominerva.it\/wp-content\/uploads\/2020\/02\/museo-delle-biccherne.png"},{"@type":"BreadcrumbList","@id":"https:\/\/www.albergominerva.it\/de\/zu-besuchende-museen-in-siena-das-besondere-museum-der-biccherna-tabletten\/#breadcrumb","itemListElement":[{"@type":"ListItem","position":1,"name":"Home","item":"https:\/\/www.albergominerva.it\/de\/"},{"@type":"ListItem","position":2,"name":"Zu besuchende Museen in Siena: Das besondere Museum der Biccherna-Tabletten"}]},{"@type":"WebSite","@id":"https:\/\/www.albergominerva.it\/de\/#website","url":"https:\/\/www.albergominerva.it\/de\/","name":"Hotel Minerva Siena","description":"Hotel in Centro Storico a Siena - Toscana - Italy","potentialAction":[{"@type":"SearchAction","target":{"@type":"EntryPoint","urlTemplate":"https:\/\/www.albergominerva.it\/de\/?s={search_term_string}"},"query-input":{"@type":"PropertyValueSpecification","valueRequired":true,"valueName":"search_term_string"}}],"inLanguage":"de"}]}},"_links":{"self":[{"href":"https:\/\/www.albergominerva.it\/de\/wp-json\/wp\/v2\/pages\/7816","targetHints":{"allow":["GET"]}}],"collection":[{"href":"https:\/\/www.albergominerva.it\/de\/wp-json\/wp\/v2\/pages"}],"about":[{"href":"https:\/\/www.albergominerva.it\/de\/wp-json\/wp\/v2\/types\/page"}],"author":[{"embeddable":true,"href":"https:\/\/www.albergominerva.it\/de\/wp-json\/wp\/v2\/users\/3"}],"replies":[{"embeddable":true,"href":"https:\/\/www.albergominerva.it\/de\/wp-json\/wp\/v2\/comments?post=7816"}],"version-history":[{"count":1,"href":"https:\/\/www.albergominerva.it\/de\/wp-json\/wp\/v2\/pages\/7816\/revisions"}],"predecessor-version":[{"id":7818,"href":"https:\/\/www.albergominerva.it\/de\/wp-json\/wp\/v2\/pages\/7816\/revisions\/7818"}],"wp:attachment":[{"href":"https:\/\/www.albergominerva.it\/de\/wp-json\/wp\/v2\/media?parent=7816"}],"curies":[{"name":"wp","href":"https:\/\/api.w.org\/{rel}","templated":true}]}}