{"id":7821,"date":"2020-02-17T17:43:06","date_gmt":"2020-02-17T16:43:06","guid":{"rendered":"https:\/\/www.albergominerva.it\/?page_id=7821"},"modified":"2020-02-17T17:43:08","modified_gmt":"2020-02-17T16:43:08","slug":"das-wassermuseum-in-siena-zwischen-tradition-und-multimedia","status":"publish","type":"page","link":"https:\/\/www.albergominerva.it\/de\/das-wassermuseum-in-siena-zwischen-tradition-und-multimedia\/","title":{"rendered":"Das Wassermuseum in Siena Zwischen Tradition und Multimedia"},"content":{"rendered":"\n<p><\/p>\n\n\n\n<p><strong>Das Wassermuseum<\/strong><\/p>\n\n\n\n<p>Siena ist voll von Museen f\u00fcr sakrale Kunst des dritten und vierten Jahrhunderts. Zu diesen Museen mit einer Geschichte und einer wirklich erstaunlichen visuellen und spirituellen Wirkung gibt es andere Museen von gleicher Sch\u00f6nheit wie beispielsweise das Wassermuseum \u00fcber dem Fonte di Pescaia.<\/p>\n\n\n\n<p><\/p>\n\n\n\n<p>Das Wassermuseum pr\u00e4sentiert seinen G\u00e4sten in multimedialer und audiovisueller Form die Geschichte des sienesischen Aqu\u00e4dukts, eines technisch-architektonischen Schatzes, mit dem Wasser direkt in die H\u00e4user der Stadt transportiert werden konnte und mit einem System aus &#8222;Bottini&#8220;, Quellen und Artefakten.<\/p>\n\n\n\n<p>Es gab unterirdische Aqu\u00e4dukte, Tunnel und Quellen, die auf einzigartige und au\u00dfergew\u00f6hnliche Weise kanalisiert werden konnten, um den Bed\u00fcrfnissen aller B\u00fcrger von Siena gerecht zu  werden.<\/p>\n\n\n\n<p><br><strong> Das Museum pr\u00e4sentiert all dies im Detail und durch 10 Multimedia-Installationen sowie Videoprojektoren, Soundsysteme, Sensoren, Monitore und andere mediale Systeme zur \u00dcbertragung von Bildern.<\/strong><\/p>\n\n\n\n<p>Der Besuch beinhaltet auch Ausfl\u00fcge in die &#8222;Bottini&#8220; der Fonti di Pescaia, bei denen Sie einen Teil dieses riesigen und au\u00dfergew\u00f6hnlichen Werkes bewundern k\u00f6nnen.<\/p>\n","protected":false},"excerpt":{"rendered":"<p>Das Wassermuseum Siena ist voll von Museen f\u00fcr sakrale Kunst des dritten und vierten Jahrhunderts. Zu diesen Museen mit einer<\/p>\n","protected":false},"author":3,"featured_media":0,"parent":0,"menu_order":0,"comment_status":"closed","ping_status":"closed","template":"","meta":{"_acf_changed":false,"footnotes":""},"class_list":["post-7821","page","type-page","status-publish","hentry"],"acf":[],"yoast_head":"<!-- This site is optimized with the Yoast SEO plugin v26.4 - https:\/\/yoast.com\/wordpress\/plugins\/seo\/ -->\n<title>Das Wassermuseum in Siena Zwischen Tradition und Multimedia - Hotel Minerva Siena<\/title>\n<meta name=\"robots\" content=\"index, follow, max-snippet:-1, max-image-preview:large, max-video-preview:-1\" \/>\n<link rel=\"canonical\" href=\"https:\/\/www.albergominerva.it\/de\/das-wassermuseum-in-siena-zwischen-tradition-und-multimedia\/\" \/>\n<meta property=\"og:locale\" content=\"de_DE\" \/>\n<meta property=\"og:type\" content=\"article\" \/>\n<meta property=\"og:title\" content=\"Das Wassermuseum in Siena Zwischen Tradition und Multimedia - Hotel Minerva Siena\" \/>\n<meta property=\"og:description\" content=\"Das Wassermuseum Siena ist voll von Museen f\u00fcr sakrale Kunst des dritten und vierten Jahrhunderts. Zu diesen Museen mit einer\" \/>\n<meta property=\"og:url\" content=\"https:\/\/www.albergominerva.it\/de\/das-wassermuseum-in-siena-zwischen-tradition-und-multimedia\/\" \/>\n<meta property=\"og:site_name\" content=\"Hotel Minerva Siena\" \/>\n<meta property=\"article:modified_time\" content=\"2020-02-17T16:43:08+00:00\" \/>\n<meta name=\"twitter:card\" content=\"summary_large_image\" \/>\n<meta name=\"twitter:label1\" content=\"Gesch\u00e4tzte Lesezeit\" \/>\n\t<meta name=\"twitter:data1\" content=\"1\u00a0Minute\" \/>\n<script type=\"application\/ld+json\" class=\"yoast-schema-graph\">{\"@context\":\"https:\/\/schema.org\",\"@graph\":[{\"@type\":\"WebPage\",\"@id\":\"https:\/\/www.albergominerva.it\/de\/das-wassermuseum-in-siena-zwischen-tradition-und-multimedia\/\",\"url\":\"https:\/\/www.albergominerva.it\/de\/das-wassermuseum-in-siena-zwischen-tradition-und-multimedia\/\",\"name\":\"Das Wassermuseum in Siena Zwischen Tradition und Multimedia - Hotel Minerva Siena\",\"isPartOf\":{\"@id\":\"https:\/\/www.albergominerva.it\/de\/#website\"},\"datePublished\":\"2020-02-17T16:43:06+00:00\",\"dateModified\":\"2020-02-17T16:43:08+00:00\",\"breadcrumb\":{\"@id\":\"https:\/\/www.albergominerva.it\/de\/das-wassermuseum-in-siena-zwischen-tradition-und-multimedia\/#breadcrumb\"},\"inLanguage\":\"de\",\"potentialAction\":[{\"@type\":\"ReadAction\",\"target\":[\"https:\/\/www.albergominerva.it\/de\/das-wassermuseum-in-siena-zwischen-tradition-und-multimedia\/\"]}]},{\"@type\":\"BreadcrumbList\",\"@id\":\"https:\/\/www.albergominerva.it\/de\/das-wassermuseum-in-siena-zwischen-tradition-und-multimedia\/#breadcrumb\",\"itemListElement\":[{\"@type\":\"ListItem\",\"position\":1,\"name\":\"Home\",\"item\":\"https:\/\/www.albergominerva.it\/de\/\"},{\"@type\":\"ListItem\",\"position\":2,\"name\":\"Das Wassermuseum in Siena Zwischen Tradition und Multimedia\"}]},{\"@type\":\"WebSite\",\"@id\":\"https:\/\/www.albergominerva.it\/de\/#website\",\"url\":\"https:\/\/www.albergominerva.it\/de\/\",\"name\":\"Hotel Minerva Siena\",\"description\":\"Hotel in Centro Storico a Siena - Toscana - Italy\",\"potentialAction\":[{\"@type\":\"SearchAction\",\"target\":{\"@type\":\"EntryPoint\",\"urlTemplate\":\"https:\/\/www.albergominerva.it\/de\/?s={search_term_string}\"},\"query-input\":{\"@type\":\"PropertyValueSpecification\",\"valueRequired\":true,\"valueName\":\"search_term_string\"}}],\"inLanguage\":\"de\"}]}<\/script>\n<!-- \/ Yoast SEO plugin. -->","yoast_head_json":{"title":"Das Wassermuseum in Siena Zwischen Tradition und Multimedia - Hotel Minerva Siena","robots":{"index":"index","follow":"follow","max-snippet":"max-snippet:-1","max-image-preview":"max-image-preview:large","max-video-preview":"max-video-preview:-1"},"canonical":"https:\/\/www.albergominerva.it\/de\/das-wassermuseum-in-siena-zwischen-tradition-und-multimedia\/","og_locale":"de_DE","og_type":"article","og_title":"Das Wassermuseum in Siena Zwischen Tradition und Multimedia - Hotel Minerva Siena","og_description":"Das Wassermuseum Siena ist voll von Museen f\u00fcr sakrale Kunst des dritten und vierten Jahrhunderts. Zu diesen Museen mit einer","og_url":"https:\/\/www.albergominerva.it\/de\/das-wassermuseum-in-siena-zwischen-tradition-und-multimedia\/","og_site_name":"Hotel Minerva Siena","article_modified_time":"2020-02-17T16:43:08+00:00","twitter_card":"summary_large_image","twitter_misc":{"Gesch\u00e4tzte Lesezeit":"1\u00a0Minute"},"schema":{"@context":"https:\/\/schema.org","@graph":[{"@type":"WebPage","@id":"https:\/\/www.albergominerva.it\/de\/das-wassermuseum-in-siena-zwischen-tradition-und-multimedia\/","url":"https:\/\/www.albergominerva.it\/de\/das-wassermuseum-in-siena-zwischen-tradition-und-multimedia\/","name":"Das Wassermuseum in Siena Zwischen Tradition und Multimedia - Hotel Minerva Siena","isPartOf":{"@id":"https:\/\/www.albergominerva.it\/de\/#website"},"datePublished":"2020-02-17T16:43:06+00:00","dateModified":"2020-02-17T16:43:08+00:00","breadcrumb":{"@id":"https:\/\/www.albergominerva.it\/de\/das-wassermuseum-in-siena-zwischen-tradition-und-multimedia\/#breadcrumb"},"inLanguage":"de","potentialAction":[{"@type":"ReadAction","target":["https:\/\/www.albergominerva.it\/de\/das-wassermuseum-in-siena-zwischen-tradition-und-multimedia\/"]}]},{"@type":"BreadcrumbList","@id":"https:\/\/www.albergominerva.it\/de\/das-wassermuseum-in-siena-zwischen-tradition-und-multimedia\/#breadcrumb","itemListElement":[{"@type":"ListItem","position":1,"name":"Home","item":"https:\/\/www.albergominerva.it\/de\/"},{"@type":"ListItem","position":2,"name":"Das Wassermuseum in Siena Zwischen Tradition und Multimedia"}]},{"@type":"WebSite","@id":"https:\/\/www.albergominerva.it\/de\/#website","url":"https:\/\/www.albergominerva.it\/de\/","name":"Hotel Minerva Siena","description":"Hotel in Centro Storico a Siena - Toscana - Italy","potentialAction":[{"@type":"SearchAction","target":{"@type":"EntryPoint","urlTemplate":"https:\/\/www.albergominerva.it\/de\/?s={search_term_string}"},"query-input":{"@type":"PropertyValueSpecification","valueRequired":true,"valueName":"search_term_string"}}],"inLanguage":"de"}]}},"_links":{"self":[{"href":"https:\/\/www.albergominerva.it\/de\/wp-json\/wp\/v2\/pages\/7821","targetHints":{"allow":["GET"]}}],"collection":[{"href":"https:\/\/www.albergominerva.it\/de\/wp-json\/wp\/v2\/pages"}],"about":[{"href":"https:\/\/www.albergominerva.it\/de\/wp-json\/wp\/v2\/types\/page"}],"author":[{"embeddable":true,"href":"https:\/\/www.albergominerva.it\/de\/wp-json\/wp\/v2\/users\/3"}],"replies":[{"embeddable":true,"href":"https:\/\/www.albergominerva.it\/de\/wp-json\/wp\/v2\/comments?post=7821"}],"version-history":[{"count":1,"href":"https:\/\/www.albergominerva.it\/de\/wp-json\/wp\/v2\/pages\/7821\/revisions"}],"predecessor-version":[{"id":7822,"href":"https:\/\/www.albergominerva.it\/de\/wp-json\/wp\/v2\/pages\/7821\/revisions\/7822"}],"wp:attachment":[{"href":"https:\/\/www.albergominerva.it\/de\/wp-json\/wp\/v2\/media?parent=7821"}],"curies":[{"name":"wp","href":"https:\/\/api.w.org\/{rel}","templated":true}]}}