{"id":7823,"date":"2020-02-17T17:45:15","date_gmt":"2020-02-17T16:45:15","guid":{"rendered":"https:\/\/www.albergominerva.it\/?page_id=7823"},"modified":"2020-02-17T17:45:17","modified_gmt":"2020-02-17T16:45:17","slug":"das-naturkundemuseum-der-accademia-dei-fisiocritici","status":"publish","type":"page","link":"https:\/\/www.albergominerva.it\/de\/das-naturkundemuseum-der-accademia-dei-fisiocritici\/","title":{"rendered":"Das Naturkundemuseum der Accademia Dei Fisiocritici"},"content":{"rendered":"\n<p><\/p>\n\n\n\n<p><strong>Das Naturkundemuseum der Accademia Dei Fisiocritici<\/strong><\/p>\n\n\n\n<p>Siena konnte nicht nur die besten italienischen K\u00fcnstler anziehen, sondern war auch eine der architektonisch und wissenschaftlich fortschrittlichsten Weltst\u00e4dten.<\/p>\n\n\n\n<figure class=\"wp-block-image size-large\"><img loading=\"lazy\" decoding=\"async\" width=\"453\" height=\"449\" src=\"https:\/\/www.albergominerva.it\/wp-content\/uploads\/2020\/02\/accademia-dei-fisiocritici.png\" alt=\"\" class=\"wp-image-7474\" srcset=\"https:\/\/www.albergominerva.it\/wp-content\/uploads\/2020\/02\/accademia-dei-fisiocritici.png 453w, https:\/\/www.albergominerva.it\/wp-content\/uploads\/2020\/02\/accademia-dei-fisiocritici-150x150.png 150w, https:\/\/www.albergominerva.it\/wp-content\/uploads\/2020\/02\/accademia-dei-fisiocritici-300x297.png 300w\" sizes=\"auto, (max-width: 453px) 100vw, 453px\" \/><\/figure>\n\n\n\n<p>Und genau hier wurde die Accademia dei Fisiocritici gegr\u00fcndet, die im 1691 vom Medizin- und Botanikprofessor der Sienesischen Akademie Pirro Maria Gabrielli gegr\u00fcndet wurde.<\/p>\n\n\n\n<p>Die Physiokritiker waren die Richter der Natur, Wissenschaftler des Lagranges Kalibers, Volta, Pasteur und Linneo. Sie alle waren Mitglieder der Akademie, die das gemeinsame Ziel hatten, alle Entdeckungen ihrer Mitgleider und allgemein der Wissenschaft dieser Zeit zu studieren, zu bewahren und zu teilen.<\/p>\n\n\n\n<p>Aus diesem Grund wurden Sammlungen von au\u00dfergew\u00f6hnlichem Wert geschaffen, die bis heute im Museum in Siena in der Piazzetta Silvio Gigli 2 zu sehen sind.<\/p>\n\n\n\n<p>Das Museum, das in ungef\u00e4hr einer Stunde zu Fu\u00df zu besuchen ist, pr\u00e4sentiert die pr\u00e4chtige Sammlung von Paolo Mascagni mit zahlreichen anatomischen Pr\u00e4paraten, die durch das Einbringen von metallischem Quecksilber in Lymphgef\u00e4\u00dfe hergestellt werden.<\/p>\n\n\n\n<p><strong>Hinzu kommen Terrakottamodelle und eine pr\u00e4chtige zoologische Sammlung mit zahlreichen Meeress\u00e4ugetieren, die ab 1970 gesammelt wurden.<\/strong><\/p>\n\n\n\n<p>Neben anatomischen Pr\u00e4paraten, Terrakottamodellen und Meeresmustern gibt es auch alle Manuskripte, die die Geschichte und T\u00e4tigkeit der Akademie erz\u00e4hlen.<\/p>\n","protected":false},"excerpt":{"rendered":"<p>Das Naturkundemuseum der Accademia Dei Fisiocritici Siena konnte nicht nur die besten italienischen K\u00fcnstler anziehen, sondern war auch eine der<\/p>\n","protected":false},"author":3,"featured_media":0,"parent":0,"menu_order":0,"comment_status":"closed","ping_status":"closed","template":"","meta":{"_acf_changed":false,"footnotes":""},"class_list":["post-7823","page","type-page","status-publish","hentry"],"acf":[],"yoast_head":"<!-- This site is optimized with the Yoast SEO plugin v27.4 - https:\/\/yoast.com\/product\/yoast-seo-wordpress\/ -->\n<title>Das Naturkundemuseum der Accademia Dei Fisiocritici - Hotel Minerva Siena<\/title>\n<meta name=\"robots\" content=\"index, follow, max-snippet:-1, max-image-preview:large, max-video-preview:-1\" \/>\n<link rel=\"canonical\" href=\"https:\/\/www.albergominerva.it\/de\/das-naturkundemuseum-der-accademia-dei-fisiocritici\/\" \/>\n<meta property=\"og:locale\" content=\"de_DE\" \/>\n<meta property=\"og:type\" content=\"article\" \/>\n<meta property=\"og:title\" content=\"Das Naturkundemuseum der Accademia Dei Fisiocritici - Hotel Minerva Siena\" \/>\n<meta property=\"og:description\" content=\"Das Naturkundemuseum der Accademia Dei Fisiocritici Siena konnte nicht nur die besten italienischen K\u00fcnstler anziehen, sondern war auch eine der\" \/>\n<meta property=\"og:url\" content=\"https:\/\/www.albergominerva.it\/de\/das-naturkundemuseum-der-accademia-dei-fisiocritici\/\" \/>\n<meta property=\"og:site_name\" content=\"Hotel Minerva Siena\" \/>\n<meta property=\"article:modified_time\" content=\"2020-02-17T16:45:17+00:00\" \/>\n<meta property=\"og:image\" content=\"https:\/\/www.albergominerva.it\/wp-content\/uploads\/2020\/02\/accademia-dei-fisiocritici.png\" \/>\n<meta name=\"twitter:card\" content=\"summary_large_image\" \/>\n<meta name=\"twitter:label1\" content=\"Gesch\u00e4tzte Lesezeit\" \/>\n\t<meta name=\"twitter:data1\" content=\"1\u00a0Minute\" \/>\n<script type=\"application\/ld+json\" class=\"yoast-schema-graph\">{\"@context\":\"https:\\\/\\\/schema.org\",\"@graph\":[{\"@type\":\"WebPage\",\"@id\":\"https:\\\/\\\/www.albergominerva.it\\\/de\\\/das-naturkundemuseum-der-accademia-dei-fisiocritici\\\/\",\"url\":\"https:\\\/\\\/www.albergominerva.it\\\/de\\\/das-naturkundemuseum-der-accademia-dei-fisiocritici\\\/\",\"name\":\"Das Naturkundemuseum der Accademia Dei Fisiocritici - Hotel Minerva Siena\",\"isPartOf\":{\"@id\":\"https:\\\/\\\/www.albergominerva.it\\\/de\\\/#website\"},\"primaryImageOfPage\":{\"@id\":\"https:\\\/\\\/www.albergominerva.it\\\/de\\\/das-naturkundemuseum-der-accademia-dei-fisiocritici\\\/#primaryimage\"},\"image\":{\"@id\":\"https:\\\/\\\/www.albergominerva.it\\\/de\\\/das-naturkundemuseum-der-accademia-dei-fisiocritici\\\/#primaryimage\"},\"thumbnailUrl\":\"https:\\\/\\\/www.albergominerva.it\\\/wp-content\\\/uploads\\\/2020\\\/02\\\/accademia-dei-fisiocritici.png\",\"datePublished\":\"2020-02-17T16:45:15+00:00\",\"dateModified\":\"2020-02-17T16:45:17+00:00\",\"breadcrumb\":{\"@id\":\"https:\\\/\\\/www.albergominerva.it\\\/de\\\/das-naturkundemuseum-der-accademia-dei-fisiocritici\\\/#breadcrumb\"},\"inLanguage\":\"de\",\"potentialAction\":[{\"@type\":\"ReadAction\",\"target\":[\"https:\\\/\\\/www.albergominerva.it\\\/de\\\/das-naturkundemuseum-der-accademia-dei-fisiocritici\\\/\"]}]},{\"@type\":\"ImageObject\",\"inLanguage\":\"de\",\"@id\":\"https:\\\/\\\/www.albergominerva.it\\\/de\\\/das-naturkundemuseum-der-accademia-dei-fisiocritici\\\/#primaryimage\",\"url\":\"https:\\\/\\\/www.albergominerva.it\\\/wp-content\\\/uploads\\\/2020\\\/02\\\/accademia-dei-fisiocritici.png\",\"contentUrl\":\"https:\\\/\\\/www.albergominerva.it\\\/wp-content\\\/uploads\\\/2020\\\/02\\\/accademia-dei-fisiocritici.png\"},{\"@type\":\"BreadcrumbList\",\"@id\":\"https:\\\/\\\/www.albergominerva.it\\\/de\\\/das-naturkundemuseum-der-accademia-dei-fisiocritici\\\/#breadcrumb\",\"itemListElement\":[{\"@type\":\"ListItem\",\"position\":1,\"name\":\"Home\",\"item\":\"https:\\\/\\\/www.albergominerva.it\\\/de\\\/\"},{\"@type\":\"ListItem\",\"position\":2,\"name\":\"Das Naturkundemuseum der Accademia Dei Fisiocritici\"}]},{\"@type\":\"WebSite\",\"@id\":\"https:\\\/\\\/www.albergominerva.it\\\/de\\\/#website\",\"url\":\"https:\\\/\\\/www.albergominerva.it\\\/de\\\/\",\"name\":\"Hotel Minerva Siena\",\"description\":\"Hotel in Centro Storico a Siena - Toscana - Italy\",\"potentialAction\":[{\"@type\":\"SearchAction\",\"target\":{\"@type\":\"EntryPoint\",\"urlTemplate\":\"https:\\\/\\\/www.albergominerva.it\\\/de\\\/?s={search_term_string}\"},\"query-input\":{\"@type\":\"PropertyValueSpecification\",\"valueRequired\":true,\"valueName\":\"search_term_string\"}}],\"inLanguage\":\"de\"}]}<\/script>\n<!-- \/ Yoast SEO plugin. -->","yoast_head_json":{"title":"Das Naturkundemuseum der Accademia Dei Fisiocritici - Hotel Minerva Siena","robots":{"index":"index","follow":"follow","max-snippet":"max-snippet:-1","max-image-preview":"max-image-preview:large","max-video-preview":"max-video-preview:-1"},"canonical":"https:\/\/www.albergominerva.it\/de\/das-naturkundemuseum-der-accademia-dei-fisiocritici\/","og_locale":"de_DE","og_type":"article","og_title":"Das Naturkundemuseum der Accademia Dei Fisiocritici - Hotel Minerva Siena","og_description":"Das Naturkundemuseum der Accademia Dei Fisiocritici Siena konnte nicht nur die besten italienischen K\u00fcnstler anziehen, sondern war auch eine der","og_url":"https:\/\/www.albergominerva.it\/de\/das-naturkundemuseum-der-accademia-dei-fisiocritici\/","og_site_name":"Hotel Minerva Siena","article_modified_time":"2020-02-17T16:45:17+00:00","og_image":[{"url":"https:\/\/www.albergominerva.it\/wp-content\/uploads\/2020\/02\/accademia-dei-fisiocritici.png","type":"","width":"","height":""}],"twitter_card":"summary_large_image","twitter_misc":{"Gesch\u00e4tzte Lesezeit":"1\u00a0Minute"},"schema":{"@context":"https:\/\/schema.org","@graph":[{"@type":"WebPage","@id":"https:\/\/www.albergominerva.it\/de\/das-naturkundemuseum-der-accademia-dei-fisiocritici\/","url":"https:\/\/www.albergominerva.it\/de\/das-naturkundemuseum-der-accademia-dei-fisiocritici\/","name":"Das Naturkundemuseum der Accademia Dei Fisiocritici - Hotel Minerva Siena","isPartOf":{"@id":"https:\/\/www.albergominerva.it\/de\/#website"},"primaryImageOfPage":{"@id":"https:\/\/www.albergominerva.it\/de\/das-naturkundemuseum-der-accademia-dei-fisiocritici\/#primaryimage"},"image":{"@id":"https:\/\/www.albergominerva.it\/de\/das-naturkundemuseum-der-accademia-dei-fisiocritici\/#primaryimage"},"thumbnailUrl":"https:\/\/www.albergominerva.it\/wp-content\/uploads\/2020\/02\/accademia-dei-fisiocritici.png","datePublished":"2020-02-17T16:45:15+00:00","dateModified":"2020-02-17T16:45:17+00:00","breadcrumb":{"@id":"https:\/\/www.albergominerva.it\/de\/das-naturkundemuseum-der-accademia-dei-fisiocritici\/#breadcrumb"},"inLanguage":"de","potentialAction":[{"@type":"ReadAction","target":["https:\/\/www.albergominerva.it\/de\/das-naturkundemuseum-der-accademia-dei-fisiocritici\/"]}]},{"@type":"ImageObject","inLanguage":"de","@id":"https:\/\/www.albergominerva.it\/de\/das-naturkundemuseum-der-accademia-dei-fisiocritici\/#primaryimage","url":"https:\/\/www.albergominerva.it\/wp-content\/uploads\/2020\/02\/accademia-dei-fisiocritici.png","contentUrl":"https:\/\/www.albergominerva.it\/wp-content\/uploads\/2020\/02\/accademia-dei-fisiocritici.png"},{"@type":"BreadcrumbList","@id":"https:\/\/www.albergominerva.it\/de\/das-naturkundemuseum-der-accademia-dei-fisiocritici\/#breadcrumb","itemListElement":[{"@type":"ListItem","position":1,"name":"Home","item":"https:\/\/www.albergominerva.it\/de\/"},{"@type":"ListItem","position":2,"name":"Das Naturkundemuseum der Accademia Dei Fisiocritici"}]},{"@type":"WebSite","@id":"https:\/\/www.albergominerva.it\/de\/#website","url":"https:\/\/www.albergominerva.it\/de\/","name":"Hotel Minerva Siena","description":"Hotel in Centro Storico a Siena - Toscana - Italy","potentialAction":[{"@type":"SearchAction","target":{"@type":"EntryPoint","urlTemplate":"https:\/\/www.albergominerva.it\/de\/?s={search_term_string}"},"query-input":{"@type":"PropertyValueSpecification","valueRequired":true,"valueName":"search_term_string"}}],"inLanguage":"de"}]}},"_links":{"self":[{"href":"https:\/\/www.albergominerva.it\/de\/wp-json\/wp\/v2\/pages\/7823","targetHints":{"allow":["GET"]}}],"collection":[{"href":"https:\/\/www.albergominerva.it\/de\/wp-json\/wp\/v2\/pages"}],"about":[{"href":"https:\/\/www.albergominerva.it\/de\/wp-json\/wp\/v2\/types\/page"}],"author":[{"embeddable":true,"href":"https:\/\/www.albergominerva.it\/de\/wp-json\/wp\/v2\/users\/3"}],"replies":[{"embeddable":true,"href":"https:\/\/www.albergominerva.it\/de\/wp-json\/wp\/v2\/comments?post=7823"}],"version-history":[{"count":1,"href":"https:\/\/www.albergominerva.it\/de\/wp-json\/wp\/v2\/pages\/7823\/revisions"}],"predecessor-version":[{"id":7825,"href":"https:\/\/www.albergominerva.it\/de\/wp-json\/wp\/v2\/pages\/7823\/revisions\/7825"}],"wp:attachment":[{"href":"https:\/\/www.albergominerva.it\/de\/wp-json\/wp\/v2\/media?parent=7823"}],"curies":[{"name":"wp","href":"https:\/\/api.w.org\/{rel}","templated":true}]}}