{"id":7829,"date":"2020-02-17T17:49:56","date_gmt":"2020-02-17T16:49:56","guid":{"rendered":"https:\/\/www.albergominerva.it\/?page_id=7829"},"modified":"2020-02-17T17:49:58","modified_gmt":"2020-02-17T16:49:58","slug":"nicht-zu-versaumende-sienesische-museen-das-diozesanmuseum-fur-sakrale-kunst","status":"publish","type":"page","link":"https:\/\/www.albergominerva.it\/de\/nicht-zu-versaumende-sienesische-museen-das-diozesanmuseum-fur-sakrale-kunst\/","title":{"rendered":"Nicht zu vers\u00e4umende sienesische Museen: Das Di\u00f6zesanmuseum f\u00fcr sakrale Kunst"},"content":{"rendered":"\n<p><\/p>\n\n\n\n<p><strong>Das Di\u00f6zesanmuseum f\u00fcr sakrale Kunst<\/strong><\/p>\n\n\n\n<p>Zwischen den sienesische Museen, die jeder Tourist sehen sollte, befindet sich mit Sicherheit das pr\u00e4chtige Di\u00f6zesanmuseum f\u00fcr sakrale Kunst, ein Juwel der Kunst und Spiritualit\u00e4t, das viele der Werke der repr\u00e4sentativsten sienesischen K\u00fcnstler des 13. bis 17. Jahrhunderts enth\u00e4lt.<\/p>\n\n\n\n<p><strong>Das \u00e4lteste und auff\u00e4lligste Werk im gesamten Museum ist die ber\u00fchmte Heilige Mutter von Tressa aus dem Jahr 1235, die von Maestro di Tressa geschaffen wurde.<\/strong><\/p>\n\n\n\n<p>Hinzu kommen viele weitere Meisterwerke, diese reichen von den kleinen Tafeln von Sano di Pietro bis zu der Runde mit der Heilige Mutter und dem Kind des Aringhieri Meisters.<\/p>\n\n\n\n<figure class=\"wp-block-image size-large\"><img loading=\"lazy\" decoding=\"async\" width=\"585\" height=\"311\" src=\"https:\/\/www.albergominerva.it\/wp-content\/uploads\/2020\/02\/museo-diocesano-di-arte-sacra.png\" alt=\"\" class=\"wp-image-7494\" srcset=\"https:\/\/www.albergominerva.it\/wp-content\/uploads\/2020\/02\/museo-diocesano-di-arte-sacra.png 585w, https:\/\/www.albergominerva.it\/wp-content\/uploads\/2020\/02\/museo-diocesano-di-arte-sacra-300x159.png 300w\" sizes=\"auto, (max-width: 585px) 100vw, 585px\" \/><\/figure>\n\n\n\n<p>Hinzu kommen die wundersch\u00f6nen Fresken der Lorenzetti-Br\u00fcder und Tafeln von Autoren wie Andrea Vanni, Luca di Tomm\u00e8, Segna di Bonaventura, Taddeo di Bartolo und anderen K\u00fcnstlern.<br>\nWeiterhin gibt es ein Werk das den Leib Christi von Vecchietta darstellt, einige Werke von Sano di Pietro und die pr\u00e4chtige heilige Milchmutter von Antonio Federighi.<\/p>\n\n\n\n<p>Weitere Epochen wie das 16. und 17. Jahrhundert werden Beccafumis Christuskreuztrager und anderen Werken von Sodoma, Del Riccio, Alessandro Casolani, Bernardino Mei, Deifebo Burbarini und Ventura Salimbeni zugeschrieben.<\/p>\n\n\n\n<p>Das Di\u00f6zesanmuseum f\u00fcr sakrale Kunst befindet sich im Oratorium des Heiligen Bernardinos und in den angeschlossenen R\u00e4umen und wurde 1980 von Erzbischof Mario Jsmaele Castellano gegr\u00fcndet.<\/p>\n\n\n\n<p>Zuvor befand sich die gesamte Sammlung in der nationalen sienesichen Kunstgalerie und noch fr\u00fcher in den R\u00e4umlichkeiten des Seminars von Montarioso in Monteriggioni.<\/p>\n\n\n\n<p>Das Museum f\u00fcr sakrale Kunst ist eines der eindrucksvollsten und repr\u00e4sentativsten Museen im Zentrium Sienas. Wenn Sie es mit \u00e4u\u00dferster Ruhe und Gelassenheit besuchen m\u00f6chten, sollten Sie immer in einem Hotel im Zentrum der Stadt \u00fcbernachten.<\/p>\n\n\n\n<p>Das Hotel Minerva ist ein Drei-Sterne-Hotel im Zentrum von Siena mit kostenpflichtigem \u00fcberdachtem Parkplatz und Zimmern mit Panoramablick auf die Stadt.<\/p>\n\n\n\n<p>Informieren Sie sich auf unserer Website und buchen Sie \u00fcber unser Buchungssystem, das Ihnen stets den garantiert besten Preis garantiert.<\/p>\n","protected":false},"excerpt":{"rendered":"<p>Das Di\u00f6zesanmuseum f\u00fcr sakrale Kunst Zwischen den sienesische Museen, die jeder Tourist sehen sollte, befindet sich mit Sicherheit das pr\u00e4chtige<\/p>\n","protected":false},"author":3,"featured_media":0,"parent":0,"menu_order":0,"comment_status":"closed","ping_status":"closed","template":"","meta":{"_acf_changed":false,"footnotes":""},"class_list":["post-7829","page","type-page","status-publish","hentry"],"acf":[],"yoast_head":"<!-- This site is optimized with the Yoast SEO plugin v26.4 - https:\/\/yoast.com\/wordpress\/plugins\/seo\/ -->\n<title>Nicht zu vers\u00e4umende sienesische Museen: Das Di\u00f6zesanmuseum f\u00fcr sakrale Kunst - Hotel Minerva Siena<\/title>\n<meta name=\"robots\" content=\"index, follow, max-snippet:-1, max-image-preview:large, max-video-preview:-1\" \/>\n<link rel=\"canonical\" href=\"https:\/\/www.albergominerva.it\/de\/nicht-zu-versaumende-sienesische-museen-das-diozesanmuseum-fur-sakrale-kunst\/\" \/>\n<meta property=\"og:locale\" content=\"de_DE\" \/>\n<meta property=\"og:type\" content=\"article\" \/>\n<meta property=\"og:title\" content=\"Nicht zu vers\u00e4umende sienesische Museen: Das Di\u00f6zesanmuseum f\u00fcr sakrale Kunst - Hotel Minerva Siena\" \/>\n<meta property=\"og:description\" content=\"Das Di\u00f6zesanmuseum f\u00fcr sakrale Kunst Zwischen den sienesische Museen, die jeder Tourist sehen sollte, befindet sich mit Sicherheit das pr\u00e4chtige\" \/>\n<meta property=\"og:url\" content=\"https:\/\/www.albergominerva.it\/de\/nicht-zu-versaumende-sienesische-museen-das-diozesanmuseum-fur-sakrale-kunst\/\" \/>\n<meta property=\"og:site_name\" content=\"Hotel Minerva Siena\" \/>\n<meta property=\"article:modified_time\" content=\"2020-02-17T16:49:58+00:00\" \/>\n<meta property=\"og:image\" content=\"https:\/\/www.albergominerva.it\/wp-content\/uploads\/2020\/02\/museo-diocesano-di-arte-sacra.png\" \/>\n<meta name=\"twitter:card\" content=\"summary_large_image\" \/>\n<meta name=\"twitter:label1\" content=\"Gesch\u00e4tzte Lesezeit\" \/>\n\t<meta name=\"twitter:data1\" content=\"2\u00a0Minuten\" \/>\n<script type=\"application\/ld+json\" class=\"yoast-schema-graph\">{\"@context\":\"https:\/\/schema.org\",\"@graph\":[{\"@type\":\"WebPage\",\"@id\":\"https:\/\/www.albergominerva.it\/de\/nicht-zu-versaumende-sienesische-museen-das-diozesanmuseum-fur-sakrale-kunst\/\",\"url\":\"https:\/\/www.albergominerva.it\/de\/nicht-zu-versaumende-sienesische-museen-das-diozesanmuseum-fur-sakrale-kunst\/\",\"name\":\"Nicht zu vers\u00e4umende sienesische Museen: Das Di\u00f6zesanmuseum f\u00fcr sakrale Kunst - Hotel Minerva Siena\",\"isPartOf\":{\"@id\":\"https:\/\/www.albergominerva.it\/de\/#website\"},\"primaryImageOfPage\":{\"@id\":\"https:\/\/www.albergominerva.it\/de\/nicht-zu-versaumende-sienesische-museen-das-diozesanmuseum-fur-sakrale-kunst\/#primaryimage\"},\"image\":{\"@id\":\"https:\/\/www.albergominerva.it\/de\/nicht-zu-versaumende-sienesische-museen-das-diozesanmuseum-fur-sakrale-kunst\/#primaryimage\"},\"thumbnailUrl\":\"https:\/\/www.albergominerva.it\/wp-content\/uploads\/2020\/02\/museo-diocesano-di-arte-sacra.png\",\"datePublished\":\"2020-02-17T16:49:56+00:00\",\"dateModified\":\"2020-02-17T16:49:58+00:00\",\"breadcrumb\":{\"@id\":\"https:\/\/www.albergominerva.it\/de\/nicht-zu-versaumende-sienesische-museen-das-diozesanmuseum-fur-sakrale-kunst\/#breadcrumb\"},\"inLanguage\":\"de\",\"potentialAction\":[{\"@type\":\"ReadAction\",\"target\":[\"https:\/\/www.albergominerva.it\/de\/nicht-zu-versaumende-sienesische-museen-das-diozesanmuseum-fur-sakrale-kunst\/\"]}]},{\"@type\":\"ImageObject\",\"inLanguage\":\"de\",\"@id\":\"https:\/\/www.albergominerva.it\/de\/nicht-zu-versaumende-sienesische-museen-das-diozesanmuseum-fur-sakrale-kunst\/#primaryimage\",\"url\":\"https:\/\/www.albergominerva.it\/wp-content\/uploads\/2020\/02\/museo-diocesano-di-arte-sacra.png\",\"contentUrl\":\"https:\/\/www.albergominerva.it\/wp-content\/uploads\/2020\/02\/museo-diocesano-di-arte-sacra.png\"},{\"@type\":\"BreadcrumbList\",\"@id\":\"https:\/\/www.albergominerva.it\/de\/nicht-zu-versaumende-sienesische-museen-das-diozesanmuseum-fur-sakrale-kunst\/#breadcrumb\",\"itemListElement\":[{\"@type\":\"ListItem\",\"position\":1,\"name\":\"Home\",\"item\":\"https:\/\/www.albergominerva.it\/de\/\"},{\"@type\":\"ListItem\",\"position\":2,\"name\":\"Nicht zu vers\u00e4umende sienesische Museen: Das Di\u00f6zesanmuseum f\u00fcr sakrale Kunst\"}]},{\"@type\":\"WebSite\",\"@id\":\"https:\/\/www.albergominerva.it\/de\/#website\",\"url\":\"https:\/\/www.albergominerva.it\/de\/\",\"name\":\"Hotel Minerva Siena\",\"description\":\"Hotel in Centro Storico a Siena - Toscana - Italy\",\"potentialAction\":[{\"@type\":\"SearchAction\",\"target\":{\"@type\":\"EntryPoint\",\"urlTemplate\":\"https:\/\/www.albergominerva.it\/de\/?s={search_term_string}\"},\"query-input\":{\"@type\":\"PropertyValueSpecification\",\"valueRequired\":true,\"valueName\":\"search_term_string\"}}],\"inLanguage\":\"de\"}]}<\/script>\n<!-- \/ Yoast SEO plugin. -->","yoast_head_json":{"title":"Nicht zu vers\u00e4umende sienesische Museen: Das Di\u00f6zesanmuseum f\u00fcr sakrale Kunst - Hotel Minerva Siena","robots":{"index":"index","follow":"follow","max-snippet":"max-snippet:-1","max-image-preview":"max-image-preview:large","max-video-preview":"max-video-preview:-1"},"canonical":"https:\/\/www.albergominerva.it\/de\/nicht-zu-versaumende-sienesische-museen-das-diozesanmuseum-fur-sakrale-kunst\/","og_locale":"de_DE","og_type":"article","og_title":"Nicht zu vers\u00e4umende sienesische Museen: Das Di\u00f6zesanmuseum f\u00fcr sakrale Kunst - Hotel Minerva Siena","og_description":"Das Di\u00f6zesanmuseum f\u00fcr sakrale Kunst Zwischen den sienesische Museen, die jeder Tourist sehen sollte, befindet sich mit Sicherheit das pr\u00e4chtige","og_url":"https:\/\/www.albergominerva.it\/de\/nicht-zu-versaumende-sienesische-museen-das-diozesanmuseum-fur-sakrale-kunst\/","og_site_name":"Hotel Minerva Siena","article_modified_time":"2020-02-17T16:49:58+00:00","og_image":[{"url":"https:\/\/www.albergominerva.it\/wp-content\/uploads\/2020\/02\/museo-diocesano-di-arte-sacra.png","type":"","width":"","height":""}],"twitter_card":"summary_large_image","twitter_misc":{"Gesch\u00e4tzte Lesezeit":"2\u00a0Minuten"},"schema":{"@context":"https:\/\/schema.org","@graph":[{"@type":"WebPage","@id":"https:\/\/www.albergominerva.it\/de\/nicht-zu-versaumende-sienesische-museen-das-diozesanmuseum-fur-sakrale-kunst\/","url":"https:\/\/www.albergominerva.it\/de\/nicht-zu-versaumende-sienesische-museen-das-diozesanmuseum-fur-sakrale-kunst\/","name":"Nicht zu vers\u00e4umende sienesische Museen: Das Di\u00f6zesanmuseum f\u00fcr sakrale Kunst - Hotel Minerva Siena","isPartOf":{"@id":"https:\/\/www.albergominerva.it\/de\/#website"},"primaryImageOfPage":{"@id":"https:\/\/www.albergominerva.it\/de\/nicht-zu-versaumende-sienesische-museen-das-diozesanmuseum-fur-sakrale-kunst\/#primaryimage"},"image":{"@id":"https:\/\/www.albergominerva.it\/de\/nicht-zu-versaumende-sienesische-museen-das-diozesanmuseum-fur-sakrale-kunst\/#primaryimage"},"thumbnailUrl":"https:\/\/www.albergominerva.it\/wp-content\/uploads\/2020\/02\/museo-diocesano-di-arte-sacra.png","datePublished":"2020-02-17T16:49:56+00:00","dateModified":"2020-02-17T16:49:58+00:00","breadcrumb":{"@id":"https:\/\/www.albergominerva.it\/de\/nicht-zu-versaumende-sienesische-museen-das-diozesanmuseum-fur-sakrale-kunst\/#breadcrumb"},"inLanguage":"de","potentialAction":[{"@type":"ReadAction","target":["https:\/\/www.albergominerva.it\/de\/nicht-zu-versaumende-sienesische-museen-das-diozesanmuseum-fur-sakrale-kunst\/"]}]},{"@type":"ImageObject","inLanguage":"de","@id":"https:\/\/www.albergominerva.it\/de\/nicht-zu-versaumende-sienesische-museen-das-diozesanmuseum-fur-sakrale-kunst\/#primaryimage","url":"https:\/\/www.albergominerva.it\/wp-content\/uploads\/2020\/02\/museo-diocesano-di-arte-sacra.png","contentUrl":"https:\/\/www.albergominerva.it\/wp-content\/uploads\/2020\/02\/museo-diocesano-di-arte-sacra.png"},{"@type":"BreadcrumbList","@id":"https:\/\/www.albergominerva.it\/de\/nicht-zu-versaumende-sienesische-museen-das-diozesanmuseum-fur-sakrale-kunst\/#breadcrumb","itemListElement":[{"@type":"ListItem","position":1,"name":"Home","item":"https:\/\/www.albergominerva.it\/de\/"},{"@type":"ListItem","position":2,"name":"Nicht zu vers\u00e4umende sienesische Museen: Das Di\u00f6zesanmuseum f\u00fcr sakrale Kunst"}]},{"@type":"WebSite","@id":"https:\/\/www.albergominerva.it\/de\/#website","url":"https:\/\/www.albergominerva.it\/de\/","name":"Hotel Minerva Siena","description":"Hotel in Centro Storico a Siena - Toscana - Italy","potentialAction":[{"@type":"SearchAction","target":{"@type":"EntryPoint","urlTemplate":"https:\/\/www.albergominerva.it\/de\/?s={search_term_string}"},"query-input":{"@type":"PropertyValueSpecification","valueRequired":true,"valueName":"search_term_string"}}],"inLanguage":"de"}]}},"_links":{"self":[{"href":"https:\/\/www.albergominerva.it\/de\/wp-json\/wp\/v2\/pages\/7829","targetHints":{"allow":["GET"]}}],"collection":[{"href":"https:\/\/www.albergominerva.it\/de\/wp-json\/wp\/v2\/pages"}],"about":[{"href":"https:\/\/www.albergominerva.it\/de\/wp-json\/wp\/v2\/types\/page"}],"author":[{"embeddable":true,"href":"https:\/\/www.albergominerva.it\/de\/wp-json\/wp\/v2\/users\/3"}],"replies":[{"embeddable":true,"href":"https:\/\/www.albergominerva.it\/de\/wp-json\/wp\/v2\/comments?post=7829"}],"version-history":[{"count":1,"href":"https:\/\/www.albergominerva.it\/de\/wp-json\/wp\/v2\/pages\/7829\/revisions"}],"predecessor-version":[{"id":7831,"href":"https:\/\/www.albergominerva.it\/de\/wp-json\/wp\/v2\/pages\/7829\/revisions\/7831"}],"wp:attachment":[{"href":"https:\/\/www.albergominerva.it\/de\/wp-json\/wp\/v2\/media?parent=7829"}],"curies":[{"name":"wp","href":"https:\/\/api.w.org\/{rel}","templated":true}]}}