{"id":7846,"date":"2020-02-17T18:04:10","date_gmt":"2020-02-17T17:04:10","guid":{"rendered":"https:\/\/www.albergominerva.it\/?page_id=7846"},"modified":"2020-02-17T18:04:11","modified_gmt":"2020-02-17T17:04:11","slug":"historische-palaste-von-siena-in-piazza-del-campo-der-sansedoni-palast","status":"publish","type":"page","link":"https:\/\/www.albergominerva.it\/de\/historische-palaste-von-siena-in-piazza-del-campo-der-sansedoni-palast\/","title":{"rendered":"Historische Pal\u00e4ste von Siena In Piazza Del Campo: Der Sansedoni-Palast"},"content":{"rendered":"\n<p><\/p>\n\n\n\n<p><strong>Der Sansedoni-Palast<\/strong><\/p>\n\n\n\n<p>Eines der historischen Geb\u00e4ude von Siena, das die Verbindung von erhabener Kunst und wirtschaftlicher Macht in Siena am ehesten darstellt, ist zweifellos der Sansedoni Palast auf der Piazza del Campo, der zusammen mit dem Rathaus der edelste und repr\u00e4sentativste Palast der Stadt ist.<\/p>\n\n\n\n<figure class=\"wp-block-image size-large\"><img loading=\"lazy\" decoding=\"async\" width=\"1017\" height=\"765\" src=\"https:\/\/www.albergominerva.it\/wp-content\/uploads\/2020\/02\/palazzo-sansedoni-siena.png\" alt=\"\" class=\"wp-image-7545\" srcset=\"https:\/\/www.albergominerva.it\/wp-content\/uploads\/2020\/02\/palazzo-sansedoni-siena.png 1017w, https:\/\/www.albergominerva.it\/wp-content\/uploads\/2020\/02\/palazzo-sansedoni-siena-300x226.png 300w, https:\/\/www.albergominerva.it\/wp-content\/uploads\/2020\/02\/palazzo-sansedoni-siena-768x578.png 768w, https:\/\/www.albergominerva.it\/wp-content\/uploads\/2020\/02\/palazzo-sansedoni-siena-1000x752.png 1000w, https:\/\/www.albergominerva.it\/wp-content\/uploads\/2020\/02\/palazzo-sansedoni-siena-700x527.png 700w\" sizes=\"auto, (max-width: 1017px) 100vw, 1017px\" \/><\/figure>\n\n\n\n<p>Die Kurveform, die die Piazza umgibt und begr\u00fc\u00dft, die falsch-gotische Fassade, die drei dreibogiges Fenstern und der Turm sind ein unerreichbar Beispiel von architektonischer Sch\u00f6nheit, die alle zwischen 1760 und 1767 aus der Kombination von f\u00fcnf fr\u00fcheren Geb\u00e4uden entstanden sind.<\/p>\n\n\n\n<p>Der Palazzo Sansedoni, heute Sitz der Stiftung Monte dei Paschi di Siena, wurde von der Familie Sansedoni, einer der \u00e4ltesten sienesischen Familien des 13. Jahrhunderts, in Auftrag gegeben. Im Inneren befindet sich eine pr\u00e4chtige Barockkapelle, die dem heiligen Ambrogio Sansedoni gewidmet ist, einem au\u00dfergew\u00f6hnlichen Redner sowohl in Italien als auch in Frankreich und Deutschland ausgezeichnet.<\/p>\n\n\n\n<p>Diese Kapelle ist nicht f\u00fcr die \u00d6ffentlichkeit zug\u00e4nglich, man kann rein gehen nur wenn der Stiftung gesponserte Veranstaltungen oder um au\u00dfergew\u00f6hnliche Er\u00f6ffnungen organisiert.<\/p>\n\n\n\n<p>Im Inneren des Palastes befinden sich auch zahlreiche Fresken von Melani und Ferretti sowie Skulpturen von Mazzuoli und die Bronzen von Soldani und Foggini.<\/p>\n\n\n\n<p>Der Soldani Palast befindet sich auf der Piazza del Campo und ist eine der gro\u00dfartigen Attraktionen, die Sie im Zentrum von Siena bewundern k\u00f6nnen. Wenn Sie ein Hotel im Zentrum von Siena mit kostenpflichtigen Parkpl\u00e4tzen buchen m\u00f6chten, empfehlen wir das Hotel Minerva.<\/p>\n\n\n\n<p><strong>Das Hotel Minerva ist ein Drei-Sterne-Hotel in Siena mit einer privaten Garage f\u00fcr 20 Personen mit direktem Zugang zur Halle.<\/strong><\/p>\n\n\n\n<p>Das Hotel Minerva bietet auch herrliche Zimmer mit Panoramablick auf Siena, eine Show, die Sie direkt von Ihrem Zimmer aus bewundern k\u00f6nnen.<\/p>\n\n\n\n<p>M\u00f6chten Sie zum niedrigsten garantierten Preis buchen?<\/p>\n\n\n\n<p>Klicken Sie oben oder rufen Sie unsere Mitarbeiter unter 0577 28 44 74 an.<\/p>\n","protected":false},"excerpt":{"rendered":"<p>Der Sansedoni-Palast Eines der historischen Geb\u00e4ude von Siena, das die Verbindung von erhabener Kunst und wirtschaftlicher Macht in Siena am<\/p>\n","protected":false},"author":3,"featured_media":0,"parent":0,"menu_order":0,"comment_status":"closed","ping_status":"closed","template":"","meta":{"_acf_changed":false,"footnotes":""},"class_list":["post-7846","page","type-page","status-publish","hentry"],"acf":[],"yoast_head":"<!-- This site is optimized with the Yoast SEO plugin v26.4 - https:\/\/yoast.com\/wordpress\/plugins\/seo\/ -->\n<title>Historische Pal\u00e4ste von Siena In Piazza Del Campo: Der Sansedoni-Palast - Hotel Minerva Siena<\/title>\n<meta name=\"robots\" content=\"index, follow, max-snippet:-1, max-image-preview:large, max-video-preview:-1\" \/>\n<link rel=\"canonical\" href=\"https:\/\/www.albergominerva.it\/de\/historische-palaste-von-siena-in-piazza-del-campo-der-sansedoni-palast\/\" \/>\n<meta property=\"og:locale\" content=\"de_DE\" \/>\n<meta property=\"og:type\" content=\"article\" \/>\n<meta property=\"og:title\" content=\"Historische Pal\u00e4ste von Siena In Piazza Del Campo: Der Sansedoni-Palast - Hotel Minerva Siena\" \/>\n<meta property=\"og:description\" content=\"Der Sansedoni-Palast Eines der historischen Geb\u00e4ude von Siena, das die Verbindung von erhabener Kunst und wirtschaftlicher Macht in Siena am\" \/>\n<meta property=\"og:url\" content=\"https:\/\/www.albergominerva.it\/de\/historische-palaste-von-siena-in-piazza-del-campo-der-sansedoni-palast\/\" \/>\n<meta property=\"og:site_name\" content=\"Hotel Minerva Siena\" \/>\n<meta property=\"article:modified_time\" content=\"2020-02-17T17:04:11+00:00\" \/>\n<meta property=\"og:image\" content=\"https:\/\/www.albergominerva.it\/wp-content\/uploads\/2020\/02\/palazzo-sansedoni-siena.png\" \/>\n<meta name=\"twitter:card\" content=\"summary_large_image\" \/>\n<meta name=\"twitter:label1\" content=\"Gesch\u00e4tzte Lesezeit\" \/>\n\t<meta name=\"twitter:data1\" content=\"2\u00a0Minuten\" \/>\n<script type=\"application\/ld+json\" class=\"yoast-schema-graph\">{\"@context\":\"https:\/\/schema.org\",\"@graph\":[{\"@type\":\"WebPage\",\"@id\":\"https:\/\/www.albergominerva.it\/de\/historische-palaste-von-siena-in-piazza-del-campo-der-sansedoni-palast\/\",\"url\":\"https:\/\/www.albergominerva.it\/de\/historische-palaste-von-siena-in-piazza-del-campo-der-sansedoni-palast\/\",\"name\":\"Historische Pal\u00e4ste von Siena In Piazza Del Campo: Der Sansedoni-Palast - Hotel Minerva Siena\",\"isPartOf\":{\"@id\":\"https:\/\/www.albergominerva.it\/de\/#website\"},\"primaryImageOfPage\":{\"@id\":\"https:\/\/www.albergominerva.it\/de\/historische-palaste-von-siena-in-piazza-del-campo-der-sansedoni-palast\/#primaryimage\"},\"image\":{\"@id\":\"https:\/\/www.albergominerva.it\/de\/historische-palaste-von-siena-in-piazza-del-campo-der-sansedoni-palast\/#primaryimage\"},\"thumbnailUrl\":\"https:\/\/www.albergominerva.it\/wp-content\/uploads\/2020\/02\/palazzo-sansedoni-siena.png\",\"datePublished\":\"2020-02-17T17:04:10+00:00\",\"dateModified\":\"2020-02-17T17:04:11+00:00\",\"breadcrumb\":{\"@id\":\"https:\/\/www.albergominerva.it\/de\/historische-palaste-von-siena-in-piazza-del-campo-der-sansedoni-palast\/#breadcrumb\"},\"inLanguage\":\"de\",\"potentialAction\":[{\"@type\":\"ReadAction\",\"target\":[\"https:\/\/www.albergominerva.it\/de\/historische-palaste-von-siena-in-piazza-del-campo-der-sansedoni-palast\/\"]}]},{\"@type\":\"ImageObject\",\"inLanguage\":\"de\",\"@id\":\"https:\/\/www.albergominerva.it\/de\/historische-palaste-von-siena-in-piazza-del-campo-der-sansedoni-palast\/#primaryimage\",\"url\":\"https:\/\/www.albergominerva.it\/wp-content\/uploads\/2020\/02\/palazzo-sansedoni-siena.png\",\"contentUrl\":\"https:\/\/www.albergominerva.it\/wp-content\/uploads\/2020\/02\/palazzo-sansedoni-siena.png\"},{\"@type\":\"BreadcrumbList\",\"@id\":\"https:\/\/www.albergominerva.it\/de\/historische-palaste-von-siena-in-piazza-del-campo-der-sansedoni-palast\/#breadcrumb\",\"itemListElement\":[{\"@type\":\"ListItem\",\"position\":1,\"name\":\"Home\",\"item\":\"https:\/\/www.albergominerva.it\/de\/\"},{\"@type\":\"ListItem\",\"position\":2,\"name\":\"Historische Pal\u00e4ste von Siena In Piazza Del Campo: Der Sansedoni-Palast\"}]},{\"@type\":\"WebSite\",\"@id\":\"https:\/\/www.albergominerva.it\/de\/#website\",\"url\":\"https:\/\/www.albergominerva.it\/de\/\",\"name\":\"Hotel Minerva Siena\",\"description\":\"Hotel in Centro Storico a Siena - Toscana - Italy\",\"potentialAction\":[{\"@type\":\"SearchAction\",\"target\":{\"@type\":\"EntryPoint\",\"urlTemplate\":\"https:\/\/www.albergominerva.it\/de\/?s={search_term_string}\"},\"query-input\":{\"@type\":\"PropertyValueSpecification\",\"valueRequired\":true,\"valueName\":\"search_term_string\"}}],\"inLanguage\":\"de\"}]}<\/script>\n<!-- \/ Yoast SEO plugin. -->","yoast_head_json":{"title":"Historische Pal\u00e4ste von Siena In Piazza Del Campo: Der Sansedoni-Palast - Hotel Minerva Siena","robots":{"index":"index","follow":"follow","max-snippet":"max-snippet:-1","max-image-preview":"max-image-preview:large","max-video-preview":"max-video-preview:-1"},"canonical":"https:\/\/www.albergominerva.it\/de\/historische-palaste-von-siena-in-piazza-del-campo-der-sansedoni-palast\/","og_locale":"de_DE","og_type":"article","og_title":"Historische Pal\u00e4ste von Siena In Piazza Del Campo: Der Sansedoni-Palast - Hotel Minerva Siena","og_description":"Der Sansedoni-Palast Eines der historischen Geb\u00e4ude von Siena, das die Verbindung von erhabener Kunst und wirtschaftlicher Macht in Siena am","og_url":"https:\/\/www.albergominerva.it\/de\/historische-palaste-von-siena-in-piazza-del-campo-der-sansedoni-palast\/","og_site_name":"Hotel Minerva Siena","article_modified_time":"2020-02-17T17:04:11+00:00","og_image":[{"url":"https:\/\/www.albergominerva.it\/wp-content\/uploads\/2020\/02\/palazzo-sansedoni-siena.png","type":"","width":"","height":""}],"twitter_card":"summary_large_image","twitter_misc":{"Gesch\u00e4tzte Lesezeit":"2\u00a0Minuten"},"schema":{"@context":"https:\/\/schema.org","@graph":[{"@type":"WebPage","@id":"https:\/\/www.albergominerva.it\/de\/historische-palaste-von-siena-in-piazza-del-campo-der-sansedoni-palast\/","url":"https:\/\/www.albergominerva.it\/de\/historische-palaste-von-siena-in-piazza-del-campo-der-sansedoni-palast\/","name":"Historische Pal\u00e4ste von Siena In Piazza Del Campo: Der Sansedoni-Palast - Hotel Minerva Siena","isPartOf":{"@id":"https:\/\/www.albergominerva.it\/de\/#website"},"primaryImageOfPage":{"@id":"https:\/\/www.albergominerva.it\/de\/historische-palaste-von-siena-in-piazza-del-campo-der-sansedoni-palast\/#primaryimage"},"image":{"@id":"https:\/\/www.albergominerva.it\/de\/historische-palaste-von-siena-in-piazza-del-campo-der-sansedoni-palast\/#primaryimage"},"thumbnailUrl":"https:\/\/www.albergominerva.it\/wp-content\/uploads\/2020\/02\/palazzo-sansedoni-siena.png","datePublished":"2020-02-17T17:04:10+00:00","dateModified":"2020-02-17T17:04:11+00:00","breadcrumb":{"@id":"https:\/\/www.albergominerva.it\/de\/historische-palaste-von-siena-in-piazza-del-campo-der-sansedoni-palast\/#breadcrumb"},"inLanguage":"de","potentialAction":[{"@type":"ReadAction","target":["https:\/\/www.albergominerva.it\/de\/historische-palaste-von-siena-in-piazza-del-campo-der-sansedoni-palast\/"]}]},{"@type":"ImageObject","inLanguage":"de","@id":"https:\/\/www.albergominerva.it\/de\/historische-palaste-von-siena-in-piazza-del-campo-der-sansedoni-palast\/#primaryimage","url":"https:\/\/www.albergominerva.it\/wp-content\/uploads\/2020\/02\/palazzo-sansedoni-siena.png","contentUrl":"https:\/\/www.albergominerva.it\/wp-content\/uploads\/2020\/02\/palazzo-sansedoni-siena.png"},{"@type":"BreadcrumbList","@id":"https:\/\/www.albergominerva.it\/de\/historische-palaste-von-siena-in-piazza-del-campo-der-sansedoni-palast\/#breadcrumb","itemListElement":[{"@type":"ListItem","position":1,"name":"Home","item":"https:\/\/www.albergominerva.it\/de\/"},{"@type":"ListItem","position":2,"name":"Historische Pal\u00e4ste von Siena In Piazza Del Campo: Der Sansedoni-Palast"}]},{"@type":"WebSite","@id":"https:\/\/www.albergominerva.it\/de\/#website","url":"https:\/\/www.albergominerva.it\/de\/","name":"Hotel Minerva Siena","description":"Hotel in Centro Storico a Siena - Toscana - Italy","potentialAction":[{"@type":"SearchAction","target":{"@type":"EntryPoint","urlTemplate":"https:\/\/www.albergominerva.it\/de\/?s={search_term_string}"},"query-input":{"@type":"PropertyValueSpecification","valueRequired":true,"valueName":"search_term_string"}}],"inLanguage":"de"}]}},"_links":{"self":[{"href":"https:\/\/www.albergominerva.it\/de\/wp-json\/wp\/v2\/pages\/7846","targetHints":{"allow":["GET"]}}],"collection":[{"href":"https:\/\/www.albergominerva.it\/de\/wp-json\/wp\/v2\/pages"}],"about":[{"href":"https:\/\/www.albergominerva.it\/de\/wp-json\/wp\/v2\/types\/page"}],"author":[{"embeddable":true,"href":"https:\/\/www.albergominerva.it\/de\/wp-json\/wp\/v2\/users\/3"}],"replies":[{"embeddable":true,"href":"https:\/\/www.albergominerva.it\/de\/wp-json\/wp\/v2\/comments?post=7846"}],"version-history":[{"count":1,"href":"https:\/\/www.albergominerva.it\/de\/wp-json\/wp\/v2\/pages\/7846\/revisions"}],"predecessor-version":[{"id":7848,"href":"https:\/\/www.albergominerva.it\/de\/wp-json\/wp\/v2\/pages\/7846\/revisions\/7848"}],"wp:attachment":[{"href":"https:\/\/www.albergominerva.it\/de\/wp-json\/wp\/v2\/media?parent=7846"}],"curies":[{"name":"wp","href":"https:\/\/api.w.org\/{rel}","templated":true}]}}