{"id":7852,"date":"2020-02-17T18:09:24","date_gmt":"2020-02-17T17:09:24","guid":{"rendered":"https:\/\/www.albergominerva.it\/?page_id=7852"},"modified":"2020-02-17T18:09:27","modified_gmt":"2020-02-17T17:09:27","slug":"das-foltermuseum-in-siena-zentrum","status":"publish","type":"page","link":"https:\/\/www.albergominerva.it\/de\/das-foltermuseum-in-siena-zentrum\/","title":{"rendered":"Das Foltermuseum in Siena Zentrum"},"content":{"rendered":"\n<p><\/p>\n\n\n\n<p><strong>Das Foltermuseum<\/strong><\/p>\n\n\n\n<p>Das Ziel von Touristen, die jeder Tag die Piazza del Campo \u00fcberf\u00fcllen, ist das Foltermuseum in Chiasso del Bargello 6, einer der direkten Eing\u00e4nge zur Piazza.<\/p>\n\n\n\n<figure class=\"wp-block-image size-large\"><img loading=\"lazy\" decoding=\"async\" width=\"314\" height=\"674\" src=\"https:\/\/www.albergominerva.it\/wp-content\/uploads\/2020\/02\/museo-tortura-siena.png\" alt=\"\" class=\"wp-image-7565\" srcset=\"https:\/\/www.albergominerva.it\/wp-content\/uploads\/2020\/02\/museo-tortura-siena.png 314w, https:\/\/www.albergominerva.it\/wp-content\/uploads\/2020\/02\/museo-tortura-siena-140x300.png 140w\" sizes=\"auto, (max-width: 314px) 100vw, 314px\" \/><\/figure>\n\n\n\n<p>Das Museum sammelt die grausamsten Werkzeuge, die vom Mittelalter bis zum industriellen Zeitalter gegen Feinde und Dissidenten eingesetzt wurden, um deren Gest\u00e4ndnisse zu erpressen oder einfach als Ausdruck dessen, was die Grausamkeit des Menschen ist.<\/p>\n\n\n\n<p><strong>Im Inneren befinden sich originale Maschinen aus dem 16. und 17. Jahrhundert sowie Rekonstruktionen anderer origineller und \u00e4u\u00dferst raffinierter Systeme, um die absurdesten und unmenschlichsten Folterungen zu begehen.<\/strong><\/p>\n\n\n\n<p>Dann gibt es Waffen und Ger\u00e4te, die sowohl f\u00fcr die Folter als auch f\u00fcr subtilere \u00f6ffentliche Dem\u00fctigungen hergestellt wurden. Alle sind mit Drucken, Gem\u00e4lden, Gravuren und verschiedenen Illustrationen in zahlreichen Sprachen durchsetzt.<\/p>\n\n\n\n<p>Das Foltermuseum ist ein Touristenziel, das den heutigen heutigen Reisenden die alten Peiniger und sadistischen und gnadenlosen Ger\u00e4te vorstellt.<\/p>\n","protected":false},"excerpt":{"rendered":"<p>Das Foltermuseum Das Ziel von Touristen, die jeder Tag die Piazza del Campo \u00fcberf\u00fcllen, ist das Foltermuseum in Chiasso del<\/p>\n","protected":false},"author":3,"featured_media":0,"parent":0,"menu_order":0,"comment_status":"closed","ping_status":"closed","template":"","meta":{"_acf_changed":false,"footnotes":""},"class_list":["post-7852","page","type-page","status-publish","hentry"],"acf":[],"yoast_head":"<!-- This site is optimized with the Yoast SEO plugin v27.4 - https:\/\/yoast.com\/product\/yoast-seo-wordpress\/ -->\n<title>Das Foltermuseum in Siena Zentrum - Hotel Minerva Siena<\/title>\n<meta name=\"robots\" content=\"index, follow, max-snippet:-1, max-image-preview:large, max-video-preview:-1\" \/>\n<link rel=\"canonical\" href=\"https:\/\/www.albergominerva.it\/de\/das-foltermuseum-in-siena-zentrum\/\" \/>\n<meta property=\"og:locale\" content=\"de_DE\" \/>\n<meta property=\"og:type\" content=\"article\" \/>\n<meta property=\"og:title\" content=\"Das Foltermuseum in Siena Zentrum - Hotel Minerva Siena\" \/>\n<meta property=\"og:description\" content=\"Das Foltermuseum Das Ziel von Touristen, die jeder Tag die Piazza del Campo \u00fcberf\u00fcllen, ist das Foltermuseum in Chiasso del\" \/>\n<meta property=\"og:url\" content=\"https:\/\/www.albergominerva.it\/de\/das-foltermuseum-in-siena-zentrum\/\" \/>\n<meta property=\"og:site_name\" content=\"Hotel Minerva Siena\" \/>\n<meta property=\"article:modified_time\" content=\"2020-02-17T17:09:27+00:00\" \/>\n<meta property=\"og:image\" content=\"https:\/\/www.albergominerva.it\/wp-content\/uploads\/2020\/02\/museo-tortura-siena.png\" \/>\n<meta name=\"twitter:card\" content=\"summary_large_image\" \/>\n<meta name=\"twitter:label1\" content=\"Gesch\u00e4tzte Lesezeit\" \/>\n\t<meta name=\"twitter:data1\" content=\"1\u00a0Minute\" \/>\n<script type=\"application\/ld+json\" class=\"yoast-schema-graph\">{\"@context\":\"https:\\\/\\\/schema.org\",\"@graph\":[{\"@type\":\"WebPage\",\"@id\":\"https:\\\/\\\/www.albergominerva.it\\\/de\\\/das-foltermuseum-in-siena-zentrum\\\/\",\"url\":\"https:\\\/\\\/www.albergominerva.it\\\/de\\\/das-foltermuseum-in-siena-zentrum\\\/\",\"name\":\"Das Foltermuseum in Siena Zentrum - Hotel Minerva Siena\",\"isPartOf\":{\"@id\":\"https:\\\/\\\/www.albergominerva.it\\\/de\\\/#website\"},\"primaryImageOfPage\":{\"@id\":\"https:\\\/\\\/www.albergominerva.it\\\/de\\\/das-foltermuseum-in-siena-zentrum\\\/#primaryimage\"},\"image\":{\"@id\":\"https:\\\/\\\/www.albergominerva.it\\\/de\\\/das-foltermuseum-in-siena-zentrum\\\/#primaryimage\"},\"thumbnailUrl\":\"https:\\\/\\\/www.albergominerva.it\\\/wp-content\\\/uploads\\\/2020\\\/02\\\/museo-tortura-siena.png\",\"datePublished\":\"2020-02-17T17:09:24+00:00\",\"dateModified\":\"2020-02-17T17:09:27+00:00\",\"breadcrumb\":{\"@id\":\"https:\\\/\\\/www.albergominerva.it\\\/de\\\/das-foltermuseum-in-siena-zentrum\\\/#breadcrumb\"},\"inLanguage\":\"de\",\"potentialAction\":[{\"@type\":\"ReadAction\",\"target\":[\"https:\\\/\\\/www.albergominerva.it\\\/de\\\/das-foltermuseum-in-siena-zentrum\\\/\"]}]},{\"@type\":\"ImageObject\",\"inLanguage\":\"de\",\"@id\":\"https:\\\/\\\/www.albergominerva.it\\\/de\\\/das-foltermuseum-in-siena-zentrum\\\/#primaryimage\",\"url\":\"https:\\\/\\\/www.albergominerva.it\\\/wp-content\\\/uploads\\\/2020\\\/02\\\/museo-tortura-siena.png\",\"contentUrl\":\"https:\\\/\\\/www.albergominerva.it\\\/wp-content\\\/uploads\\\/2020\\\/02\\\/museo-tortura-siena.png\"},{\"@type\":\"BreadcrumbList\",\"@id\":\"https:\\\/\\\/www.albergominerva.it\\\/de\\\/das-foltermuseum-in-siena-zentrum\\\/#breadcrumb\",\"itemListElement\":[{\"@type\":\"ListItem\",\"position\":1,\"name\":\"Home\",\"item\":\"https:\\\/\\\/www.albergominerva.it\\\/de\\\/\"},{\"@type\":\"ListItem\",\"position\":2,\"name\":\"Das Foltermuseum in Siena Zentrum\"}]},{\"@type\":\"WebSite\",\"@id\":\"https:\\\/\\\/www.albergominerva.it\\\/de\\\/#website\",\"url\":\"https:\\\/\\\/www.albergominerva.it\\\/de\\\/\",\"name\":\"Hotel Minerva Siena\",\"description\":\"Hotel in Centro Storico a Siena - Toscana - Italy\",\"potentialAction\":[{\"@type\":\"SearchAction\",\"target\":{\"@type\":\"EntryPoint\",\"urlTemplate\":\"https:\\\/\\\/www.albergominerva.it\\\/de\\\/?s={search_term_string}\"},\"query-input\":{\"@type\":\"PropertyValueSpecification\",\"valueRequired\":true,\"valueName\":\"search_term_string\"}}],\"inLanguage\":\"de\"}]}<\/script>\n<!-- \/ Yoast SEO plugin. -->","yoast_head_json":{"title":"Das Foltermuseum in Siena Zentrum - Hotel Minerva Siena","robots":{"index":"index","follow":"follow","max-snippet":"max-snippet:-1","max-image-preview":"max-image-preview:large","max-video-preview":"max-video-preview:-1"},"canonical":"https:\/\/www.albergominerva.it\/de\/das-foltermuseum-in-siena-zentrum\/","og_locale":"de_DE","og_type":"article","og_title":"Das Foltermuseum in Siena Zentrum - Hotel Minerva Siena","og_description":"Das Foltermuseum Das Ziel von Touristen, die jeder Tag die Piazza del Campo \u00fcberf\u00fcllen, ist das Foltermuseum in Chiasso del","og_url":"https:\/\/www.albergominerva.it\/de\/das-foltermuseum-in-siena-zentrum\/","og_site_name":"Hotel Minerva Siena","article_modified_time":"2020-02-17T17:09:27+00:00","og_image":[{"url":"https:\/\/www.albergominerva.it\/wp-content\/uploads\/2020\/02\/museo-tortura-siena.png","type":"","width":"","height":""}],"twitter_card":"summary_large_image","twitter_misc":{"Gesch\u00e4tzte Lesezeit":"1\u00a0Minute"},"schema":{"@context":"https:\/\/schema.org","@graph":[{"@type":"WebPage","@id":"https:\/\/www.albergominerva.it\/de\/das-foltermuseum-in-siena-zentrum\/","url":"https:\/\/www.albergominerva.it\/de\/das-foltermuseum-in-siena-zentrum\/","name":"Das Foltermuseum in Siena Zentrum - Hotel Minerva Siena","isPartOf":{"@id":"https:\/\/www.albergominerva.it\/de\/#website"},"primaryImageOfPage":{"@id":"https:\/\/www.albergominerva.it\/de\/das-foltermuseum-in-siena-zentrum\/#primaryimage"},"image":{"@id":"https:\/\/www.albergominerva.it\/de\/das-foltermuseum-in-siena-zentrum\/#primaryimage"},"thumbnailUrl":"https:\/\/www.albergominerva.it\/wp-content\/uploads\/2020\/02\/museo-tortura-siena.png","datePublished":"2020-02-17T17:09:24+00:00","dateModified":"2020-02-17T17:09:27+00:00","breadcrumb":{"@id":"https:\/\/www.albergominerva.it\/de\/das-foltermuseum-in-siena-zentrum\/#breadcrumb"},"inLanguage":"de","potentialAction":[{"@type":"ReadAction","target":["https:\/\/www.albergominerva.it\/de\/das-foltermuseum-in-siena-zentrum\/"]}]},{"@type":"ImageObject","inLanguage":"de","@id":"https:\/\/www.albergominerva.it\/de\/das-foltermuseum-in-siena-zentrum\/#primaryimage","url":"https:\/\/www.albergominerva.it\/wp-content\/uploads\/2020\/02\/museo-tortura-siena.png","contentUrl":"https:\/\/www.albergominerva.it\/wp-content\/uploads\/2020\/02\/museo-tortura-siena.png"},{"@type":"BreadcrumbList","@id":"https:\/\/www.albergominerva.it\/de\/das-foltermuseum-in-siena-zentrum\/#breadcrumb","itemListElement":[{"@type":"ListItem","position":1,"name":"Home","item":"https:\/\/www.albergominerva.it\/de\/"},{"@type":"ListItem","position":2,"name":"Das Foltermuseum in Siena Zentrum"}]},{"@type":"WebSite","@id":"https:\/\/www.albergominerva.it\/de\/#website","url":"https:\/\/www.albergominerva.it\/de\/","name":"Hotel Minerva Siena","description":"Hotel in Centro Storico a Siena - Toscana - Italy","potentialAction":[{"@type":"SearchAction","target":{"@type":"EntryPoint","urlTemplate":"https:\/\/www.albergominerva.it\/de\/?s={search_term_string}"},"query-input":{"@type":"PropertyValueSpecification","valueRequired":true,"valueName":"search_term_string"}}],"inLanguage":"de"}]}},"_links":{"self":[{"href":"https:\/\/www.albergominerva.it\/de\/wp-json\/wp\/v2\/pages\/7852","targetHints":{"allow":["GET"]}}],"collection":[{"href":"https:\/\/www.albergominerva.it\/de\/wp-json\/wp\/v2\/pages"}],"about":[{"href":"https:\/\/www.albergominerva.it\/de\/wp-json\/wp\/v2\/types\/page"}],"author":[{"embeddable":true,"href":"https:\/\/www.albergominerva.it\/de\/wp-json\/wp\/v2\/users\/3"}],"replies":[{"embeddable":true,"href":"https:\/\/www.albergominerva.it\/de\/wp-json\/wp\/v2\/comments?post=7852"}],"version-history":[{"count":1,"href":"https:\/\/www.albergominerva.it\/de\/wp-json\/wp\/v2\/pages\/7852\/revisions"}],"predecessor-version":[{"id":7853,"href":"https:\/\/www.albergominerva.it\/de\/wp-json\/wp\/v2\/pages\/7852\/revisions\/7853"}],"wp:attachment":[{"href":"https:\/\/www.albergominerva.it\/de\/wp-json\/wp\/v2\/media?parent=7852"}],"curies":[{"name":"wp","href":"https:\/\/api.w.org\/{rel}","templated":true}]}}