{"id":7858,"date":"2020-02-17T18:17:04","date_gmt":"2020-02-17T17:17:04","guid":{"rendered":"https:\/\/www.albergominerva.it\/?page_id=7858"},"modified":"2020-02-17T18:17:06","modified_gmt":"2020-02-17T17:17:06","slug":"denkmaler-zu-besuchen-in-siena-die-wunderbare-fontebranda","status":"publish","type":"page","link":"https:\/\/www.albergominerva.it\/de\/denkmaler-zu-besuchen-in-siena-die-wunderbare-fontebranda\/","title":{"rendered":"Denkm\u00e4ler zu besuchen in Siena: Die wunderbare Fontebranda"},"content":{"rendered":"\n<p><\/p>\n\n\n\n<p><strong>Fontebranda<\/strong><\/p>\n\n\n\n<p>Das gr\u00f6\u00dfte und zugleich wichtigste der Quellen von Siena, ein imposantes Bauwerk mit einem wundersch\u00f6nen gotischen Stil.<\/p>\n\n\n\n<figure class=\"wp-block-image size-large\"><img loading=\"lazy\" decoding=\"async\" width=\"890\" height=\"533\" src=\"https:\/\/www.albergominerva.it\/wp-content\/uploads\/2020\/02\/museo-fontebranda-siena.png\" alt=\"\" class=\"wp-image-7585\" srcset=\"https:\/\/www.albergominerva.it\/wp-content\/uploads\/2020\/02\/museo-fontebranda-siena.png 890w, https:\/\/www.albergominerva.it\/wp-content\/uploads\/2020\/02\/museo-fontebranda-siena-300x180.png 300w, https:\/\/www.albergominerva.it\/wp-content\/uploads\/2020\/02\/museo-fontebranda-siena-768x460.png 768w, https:\/\/www.albergominerva.it\/wp-content\/uploads\/2020\/02\/museo-fontebranda-siena-700x419.png 700w\" sizes=\"auto, (max-width: 890px) 100vw, 890px\" \/><\/figure>\n\n\n\n<p>Dies ist Fontebranda, eine mittelalterliche Quelle, die ab dem 13. Jahrhundert in Siena erbaut wurde und drei Spitzb\u00f6gen im gotischen Stil enth\u00e4lt, auf denen sich kunstvolle Zinnen befinden, eine frontal mit vier L\u00f6wenstrahlen und in der Mitte das ber\u00fchmte Balzanawappen der Stadt Siena.<\/p>\n\n\n\n<p>Fontebranda besteht, wie alle traditionellen mittelalterlichen Quellen, aus drei Tanks, einem f\u00fcr Trinkwasser, einem f\u00fcr die Bew\u00e4sserung von Tieren und einem, der als Waschtrog diente.<\/p>\n\n\n\n<p>Fontebranda war ein wesentlicher Bestandteil eines feinen Hydrauliksystems, das Sie im Wassermuseum sehen k\u00f6nnen und das durch ein unterirdisches Aqu\u00e4dukt und zahlreiche Kan\u00e4le k\u00f6nnte Gerbereien, F\u00e4rbereien und nat\u00fcrlich M\u00fchlen f\u00fctterte.<\/p>\n\n\n\n<p>Fontebranda befindet sich auf dem Territorium der edel Gans Contrada  und war in der Antike so ber\u00fchmt und bekannt, dass es von Dante Alighieri selbst in der g\u00f6ttliche Kom\u00f6die und genauer in den Versen 76-78 des 30. &#8222;Canto dell&#8217;Inferno&#8220; erw\u00e4hnt wurde.<\/p>\n\n\n\n<p>Wie alle wichtigen Sehensw\u00fcrdigkeiten von Siena ist es schneller zu erreichen, wenn Sie sich f\u00fcr ein Hotel im Zentrum entscheiden.<\/p>\n\n\n\n<p><strong>Das Hotel Minerva ist ein Drei-Sterne-Hotel im Zentrum von Siena mit einem kostenpflichtigen \u00fcberdachten Parkplatz mit 20 Pl\u00e4tzen.<\/strong><\/p>\n\n\n\n<p>M\u00f6chten Sie mehr wissen und unsere Zimmer mit Panoramablick entdecken?<\/p>\n\n\n\n<p><strong>Bl\u00e4ttern Sie durch die Seiten der Website und buchen Sie direkt \u00fcber unser Online-Buchungssystem.<\/strong><\/p>\n\n\n\n<p>Es ist immer praktisch, denn sowohl online als auch telefonisch unter 0577 28 44 74 garantieren wir Ihnen immer den niedrigsten Preis aller Zeiten.<\/p>\n","protected":false},"excerpt":{"rendered":"<p>Fontebranda Das gr\u00f6\u00dfte und zugleich wichtigste der Quellen von Siena, ein imposantes Bauwerk mit einem wundersch\u00f6nen gotischen Stil. Dies ist<\/p>\n","protected":false},"author":3,"featured_media":0,"parent":0,"menu_order":0,"comment_status":"closed","ping_status":"closed","template":"","meta":{"_acf_changed":false,"footnotes":""},"class_list":["post-7858","page","type-page","status-publish","hentry"],"acf":[],"yoast_head":"<!-- This site is optimized with the Yoast SEO plugin v26.4 - https:\/\/yoast.com\/wordpress\/plugins\/seo\/ -->\n<title>Denkm\u00e4ler zu besuchen in Siena: Die wunderbare Fontebranda - Hotel Minerva Siena<\/title>\n<meta name=\"robots\" content=\"index, follow, max-snippet:-1, max-image-preview:large, max-video-preview:-1\" \/>\n<link rel=\"canonical\" href=\"https:\/\/www.albergominerva.it\/de\/denkmaler-zu-besuchen-in-siena-die-wunderbare-fontebranda\/\" \/>\n<meta property=\"og:locale\" content=\"de_DE\" \/>\n<meta property=\"og:type\" content=\"article\" \/>\n<meta property=\"og:title\" content=\"Denkm\u00e4ler zu besuchen in Siena: Die wunderbare Fontebranda - Hotel Minerva Siena\" \/>\n<meta property=\"og:description\" content=\"Fontebranda Das gr\u00f6\u00dfte und zugleich wichtigste der Quellen von Siena, ein imposantes Bauwerk mit einem wundersch\u00f6nen gotischen Stil. Dies ist\" \/>\n<meta property=\"og:url\" content=\"https:\/\/www.albergominerva.it\/de\/denkmaler-zu-besuchen-in-siena-die-wunderbare-fontebranda\/\" \/>\n<meta property=\"og:site_name\" content=\"Hotel Minerva Siena\" \/>\n<meta property=\"article:modified_time\" content=\"2020-02-17T17:17:06+00:00\" \/>\n<meta property=\"og:image\" content=\"https:\/\/www.albergominerva.it\/wp-content\/uploads\/2020\/02\/museo-fontebranda-siena.png\" \/>\n<meta name=\"twitter:card\" content=\"summary_large_image\" \/>\n<meta name=\"twitter:label1\" content=\"Gesch\u00e4tzte Lesezeit\" \/>\n\t<meta name=\"twitter:data1\" content=\"1\u00a0Minute\" \/>\n<script type=\"application\/ld+json\" class=\"yoast-schema-graph\">{\"@context\":\"https:\/\/schema.org\",\"@graph\":[{\"@type\":\"WebPage\",\"@id\":\"https:\/\/www.albergominerva.it\/de\/denkmaler-zu-besuchen-in-siena-die-wunderbare-fontebranda\/\",\"url\":\"https:\/\/www.albergominerva.it\/de\/denkmaler-zu-besuchen-in-siena-die-wunderbare-fontebranda\/\",\"name\":\"Denkm\u00e4ler zu besuchen in Siena: Die wunderbare Fontebranda - Hotel Minerva Siena\",\"isPartOf\":{\"@id\":\"https:\/\/www.albergominerva.it\/de\/#website\"},\"primaryImageOfPage\":{\"@id\":\"https:\/\/www.albergominerva.it\/de\/denkmaler-zu-besuchen-in-siena-die-wunderbare-fontebranda\/#primaryimage\"},\"image\":{\"@id\":\"https:\/\/www.albergominerva.it\/de\/denkmaler-zu-besuchen-in-siena-die-wunderbare-fontebranda\/#primaryimage\"},\"thumbnailUrl\":\"https:\/\/www.albergominerva.it\/wp-content\/uploads\/2020\/02\/museo-fontebranda-siena.png\",\"datePublished\":\"2020-02-17T17:17:04+00:00\",\"dateModified\":\"2020-02-17T17:17:06+00:00\",\"breadcrumb\":{\"@id\":\"https:\/\/www.albergominerva.it\/de\/denkmaler-zu-besuchen-in-siena-die-wunderbare-fontebranda\/#breadcrumb\"},\"inLanguage\":\"de\",\"potentialAction\":[{\"@type\":\"ReadAction\",\"target\":[\"https:\/\/www.albergominerva.it\/de\/denkmaler-zu-besuchen-in-siena-die-wunderbare-fontebranda\/\"]}]},{\"@type\":\"ImageObject\",\"inLanguage\":\"de\",\"@id\":\"https:\/\/www.albergominerva.it\/de\/denkmaler-zu-besuchen-in-siena-die-wunderbare-fontebranda\/#primaryimage\",\"url\":\"https:\/\/www.albergominerva.it\/wp-content\/uploads\/2020\/02\/museo-fontebranda-siena.png\",\"contentUrl\":\"https:\/\/www.albergominerva.it\/wp-content\/uploads\/2020\/02\/museo-fontebranda-siena.png\"},{\"@type\":\"BreadcrumbList\",\"@id\":\"https:\/\/www.albergominerva.it\/de\/denkmaler-zu-besuchen-in-siena-die-wunderbare-fontebranda\/#breadcrumb\",\"itemListElement\":[{\"@type\":\"ListItem\",\"position\":1,\"name\":\"Home\",\"item\":\"https:\/\/www.albergominerva.it\/de\/\"},{\"@type\":\"ListItem\",\"position\":2,\"name\":\"Denkm\u00e4ler zu besuchen in Siena: Die wunderbare Fontebranda\"}]},{\"@type\":\"WebSite\",\"@id\":\"https:\/\/www.albergominerva.it\/de\/#website\",\"url\":\"https:\/\/www.albergominerva.it\/de\/\",\"name\":\"Hotel Minerva Siena\",\"description\":\"Hotel in Centro Storico a Siena - Toscana - Italy\",\"potentialAction\":[{\"@type\":\"SearchAction\",\"target\":{\"@type\":\"EntryPoint\",\"urlTemplate\":\"https:\/\/www.albergominerva.it\/de\/?s={search_term_string}\"},\"query-input\":{\"@type\":\"PropertyValueSpecification\",\"valueRequired\":true,\"valueName\":\"search_term_string\"}}],\"inLanguage\":\"de\"}]}<\/script>\n<!-- \/ Yoast SEO plugin. -->","yoast_head_json":{"title":"Denkm\u00e4ler zu besuchen in Siena: Die wunderbare Fontebranda - Hotel Minerva Siena","robots":{"index":"index","follow":"follow","max-snippet":"max-snippet:-1","max-image-preview":"max-image-preview:large","max-video-preview":"max-video-preview:-1"},"canonical":"https:\/\/www.albergominerva.it\/de\/denkmaler-zu-besuchen-in-siena-die-wunderbare-fontebranda\/","og_locale":"de_DE","og_type":"article","og_title":"Denkm\u00e4ler zu besuchen in Siena: Die wunderbare Fontebranda - Hotel Minerva Siena","og_description":"Fontebranda Das gr\u00f6\u00dfte und zugleich wichtigste der Quellen von Siena, ein imposantes Bauwerk mit einem wundersch\u00f6nen gotischen Stil. Dies ist","og_url":"https:\/\/www.albergominerva.it\/de\/denkmaler-zu-besuchen-in-siena-die-wunderbare-fontebranda\/","og_site_name":"Hotel Minerva Siena","article_modified_time":"2020-02-17T17:17:06+00:00","og_image":[{"url":"https:\/\/www.albergominerva.it\/wp-content\/uploads\/2020\/02\/museo-fontebranda-siena.png","type":"","width":"","height":""}],"twitter_card":"summary_large_image","twitter_misc":{"Gesch\u00e4tzte Lesezeit":"1\u00a0Minute"},"schema":{"@context":"https:\/\/schema.org","@graph":[{"@type":"WebPage","@id":"https:\/\/www.albergominerva.it\/de\/denkmaler-zu-besuchen-in-siena-die-wunderbare-fontebranda\/","url":"https:\/\/www.albergominerva.it\/de\/denkmaler-zu-besuchen-in-siena-die-wunderbare-fontebranda\/","name":"Denkm\u00e4ler zu besuchen in Siena: Die wunderbare Fontebranda - Hotel Minerva Siena","isPartOf":{"@id":"https:\/\/www.albergominerva.it\/de\/#website"},"primaryImageOfPage":{"@id":"https:\/\/www.albergominerva.it\/de\/denkmaler-zu-besuchen-in-siena-die-wunderbare-fontebranda\/#primaryimage"},"image":{"@id":"https:\/\/www.albergominerva.it\/de\/denkmaler-zu-besuchen-in-siena-die-wunderbare-fontebranda\/#primaryimage"},"thumbnailUrl":"https:\/\/www.albergominerva.it\/wp-content\/uploads\/2020\/02\/museo-fontebranda-siena.png","datePublished":"2020-02-17T17:17:04+00:00","dateModified":"2020-02-17T17:17:06+00:00","breadcrumb":{"@id":"https:\/\/www.albergominerva.it\/de\/denkmaler-zu-besuchen-in-siena-die-wunderbare-fontebranda\/#breadcrumb"},"inLanguage":"de","potentialAction":[{"@type":"ReadAction","target":["https:\/\/www.albergominerva.it\/de\/denkmaler-zu-besuchen-in-siena-die-wunderbare-fontebranda\/"]}]},{"@type":"ImageObject","inLanguage":"de","@id":"https:\/\/www.albergominerva.it\/de\/denkmaler-zu-besuchen-in-siena-die-wunderbare-fontebranda\/#primaryimage","url":"https:\/\/www.albergominerva.it\/wp-content\/uploads\/2020\/02\/museo-fontebranda-siena.png","contentUrl":"https:\/\/www.albergominerva.it\/wp-content\/uploads\/2020\/02\/museo-fontebranda-siena.png"},{"@type":"BreadcrumbList","@id":"https:\/\/www.albergominerva.it\/de\/denkmaler-zu-besuchen-in-siena-die-wunderbare-fontebranda\/#breadcrumb","itemListElement":[{"@type":"ListItem","position":1,"name":"Home","item":"https:\/\/www.albergominerva.it\/de\/"},{"@type":"ListItem","position":2,"name":"Denkm\u00e4ler zu besuchen in Siena: Die wunderbare Fontebranda"}]},{"@type":"WebSite","@id":"https:\/\/www.albergominerva.it\/de\/#website","url":"https:\/\/www.albergominerva.it\/de\/","name":"Hotel Minerva Siena","description":"Hotel in Centro Storico a Siena - Toscana - Italy","potentialAction":[{"@type":"SearchAction","target":{"@type":"EntryPoint","urlTemplate":"https:\/\/www.albergominerva.it\/de\/?s={search_term_string}"},"query-input":{"@type":"PropertyValueSpecification","valueRequired":true,"valueName":"search_term_string"}}],"inLanguage":"de"}]}},"_links":{"self":[{"href":"https:\/\/www.albergominerva.it\/de\/wp-json\/wp\/v2\/pages\/7858","targetHints":{"allow":["GET"]}}],"collection":[{"href":"https:\/\/www.albergominerva.it\/de\/wp-json\/wp\/v2\/pages"}],"about":[{"href":"https:\/\/www.albergominerva.it\/de\/wp-json\/wp\/v2\/types\/page"}],"author":[{"embeddable":true,"href":"https:\/\/www.albergominerva.it\/de\/wp-json\/wp\/v2\/users\/3"}],"replies":[{"embeddable":true,"href":"https:\/\/www.albergominerva.it\/de\/wp-json\/wp\/v2\/comments?post=7858"}],"version-history":[{"count":1,"href":"https:\/\/www.albergominerva.it\/de\/wp-json\/wp\/v2\/pages\/7858\/revisions"}],"predecessor-version":[{"id":7859,"href":"https:\/\/www.albergominerva.it\/de\/wp-json\/wp\/v2\/pages\/7858\/revisions\/7859"}],"wp:attachment":[{"href":"https:\/\/www.albergominerva.it\/de\/wp-json\/wp\/v2\/media?parent=7858"}],"curies":[{"name":"wp","href":"https:\/\/api.w.org\/{rel}","templated":true}]}}