{"id":7864,"date":"2020-02-17T18:22:40","date_gmt":"2020-02-17T17:22:40","guid":{"rendered":"https:\/\/www.albergominerva.it\/?page_id=7864"},"modified":"2020-02-17T18:22:41","modified_gmt":"2020-02-17T17:22:41","slug":"die-besten-museen-von-siena-das-stadtmuseum-auf-der-piazza-del-campo","status":"publish","type":"page","link":"https:\/\/www.albergominerva.it\/de\/die-besten-museen-von-siena-das-stadtmuseum-auf-der-piazza-del-campo\/","title":{"rendered":"Die besten Museen von Siena: Das Stadtmuseum auf der Piazza del Campo"},"content":{"rendered":"\n<p><\/p>\n\n\n\n<p><strong>Das Stadtmuseum von Siena<\/strong><\/p>\n\n\n\n<p>Zu den besten Museen in Siena geh\u00f6rt das pr\u00e4chtige Stadtmuseum im Palazzo Pubblico auf der Piazza del Campo.<\/p>\n\n\n\n<figure class=\"wp-block-image size-large\"><img loading=\"lazy\" decoding=\"async\" width=\"260\" height=\"286\" src=\"https:\/\/www.albergominerva.it\/wp-content\/uploads\/2020\/02\/museo-civico-piazza-del-campo.jpg\" alt=\"\" class=\"wp-image-7603\"\/><\/figure>\n\n\n\n<p>Das Stadtmuseum ist eine der Hauptattraktionen von Siena und eine echte Reise durch die Geschichte und Traditionen der Stadt.<\/p>\n\n\n\n<p>Im Inneren finden Sie unbezahlbare Meisterwerke aus mehreren Jahrhunderten.<\/p>\n\n\n\n<p>Unter den Hauptwerken und in der Sala del Mappamondo k\u00f6nnen Sie zwei Werke von Simone Martini von unendlicher Sch\u00f6nheit bewundern: Guidoriccio da Fogliano bei der Belagerung von Monetassi und die Majest\u00e4t, beide im Jahre 1315.<\/p>\n\n\n\n<p><strong>Die Majest\u00e4t zeigt in gro\u00dfartiger Weise eine heilige Mutter mit Kind, die von Engeln und Heiligen,besch\u00fctzt und umgeben ist und die die ganze Stadt unterst\u00fctzen.<\/strong><\/p>\n\n\n\n<p>Dann gibt es die Raum der neun, in der Sie den ber\u00fchmten Zyklus von Ambrogio Lorenzetti mit den Auswirkungen der Guten und der Schlechten Regierung finden.<\/p>\n\n\n\n<p>Dann gibt es den Amme Raum, dass Spinello Aretino mit den Geschichten von Alessandro 3 \u00b0 dekorierte, der auch gegen Federico Barbarossa k\u00e4mpfte.<\/p>\n\n\n\n<p><br>Hinzu kommt der Zyklus der Ber\u00fchmten M\u00e4nner mit einer Galerie aller ber\u00fchmtesten Pers\u00f6nlichkeiten des antiken Rom.<\/p>\n\n\n\n<p>W\u00e4hrend Sie noch laufen, k\u00f6nnen Sie den Konsistoriumsraum bewundern, der der \u00f6ffentlichen Tugenden von Domenico Beccafumis Zyklus beherbergt.<\/p>\n\n\n\n<p>Das Museum f\u00fchrt dann zu einer riesigen Panoramaterrasse, von der aus Sie den herrlichen de &#8218;Pecci Garten bewundern k\u00f6nnen.<\/p>\n\n\n\n<p>Wenn Sie dieses Museum in Siena besuchen m\u00f6chten, sollten Sie immer in einem Hotel im Zentrum \u00fcbernachten.<\/p>\n\n\n\n<p><strong>Das Hotel Minerva ist ein Hotel im historischen Zentrum von Siena mit Parkplatz, einem wundersch\u00f6nen 3-Sterne-Hotel mit Zimmern mit Panoramablick auf die Stadt.<\/strong><\/p>\n\n\n\n<p>Durchsuchen Sie die Website und finden Sie heraus, warum das Minerva eines der von Touristen bevorzugten Hotels im Zentrum von Siena ist.<\/p>\n\n\n\n<p>Dann buchen Sie direkt auf der Website und Sie werden immer den garantiert besten Preis finden.<\/p>\n","protected":false},"excerpt":{"rendered":"<p>Das Stadtmuseum von Siena Zu den besten Museen in Siena geh\u00f6rt das pr\u00e4chtige Stadtmuseum im Palazzo Pubblico auf der Piazza<\/p>\n","protected":false},"author":3,"featured_media":0,"parent":0,"menu_order":0,"comment_status":"closed","ping_status":"closed","template":"","meta":{"_acf_changed":false,"footnotes":""},"class_list":["post-7864","page","type-page","status-publish","hentry"],"acf":[],"yoast_head":"<!-- This site is optimized with the Yoast SEO plugin v27.4 - https:\/\/yoast.com\/product\/yoast-seo-wordpress\/ -->\n<title>Die besten Museen von Siena: Das Stadtmuseum auf der Piazza del Campo - Hotel Minerva Siena<\/title>\n<meta name=\"robots\" content=\"index, follow, max-snippet:-1, max-image-preview:large, max-video-preview:-1\" \/>\n<link rel=\"canonical\" href=\"https:\/\/www.albergominerva.it\/de\/die-besten-museen-von-siena-das-stadtmuseum-auf-der-piazza-del-campo\/\" \/>\n<meta property=\"og:locale\" content=\"de_DE\" \/>\n<meta property=\"og:type\" content=\"article\" \/>\n<meta property=\"og:title\" content=\"Die besten Museen von Siena: Das Stadtmuseum auf der Piazza del Campo - Hotel Minerva Siena\" \/>\n<meta property=\"og:description\" content=\"Das Stadtmuseum von Siena Zu den besten Museen in Siena geh\u00f6rt das pr\u00e4chtige Stadtmuseum im Palazzo Pubblico auf der Piazza\" \/>\n<meta property=\"og:url\" content=\"https:\/\/www.albergominerva.it\/de\/die-besten-museen-von-siena-das-stadtmuseum-auf-der-piazza-del-campo\/\" \/>\n<meta property=\"og:site_name\" content=\"Hotel Minerva Siena\" \/>\n<meta property=\"article:modified_time\" content=\"2020-02-17T17:22:41+00:00\" \/>\n<meta property=\"og:image\" content=\"https:\/\/www.albergominerva.it\/wp-content\/uploads\/2020\/02\/museo-civico-piazza-del-campo.jpg\" \/>\n<meta name=\"twitter:card\" content=\"summary_large_image\" \/>\n<meta name=\"twitter:label1\" content=\"Gesch\u00e4tzte Lesezeit\" \/>\n\t<meta name=\"twitter:data1\" content=\"2\u00a0Minuten\" \/>\n<script type=\"application\/ld+json\" class=\"yoast-schema-graph\">{\"@context\":\"https:\\\/\\\/schema.org\",\"@graph\":[{\"@type\":\"WebPage\",\"@id\":\"https:\\\/\\\/www.albergominerva.it\\\/de\\\/die-besten-museen-von-siena-das-stadtmuseum-auf-der-piazza-del-campo\\\/\",\"url\":\"https:\\\/\\\/www.albergominerva.it\\\/de\\\/die-besten-museen-von-siena-das-stadtmuseum-auf-der-piazza-del-campo\\\/\",\"name\":\"Die besten Museen von Siena: Das Stadtmuseum auf der Piazza del Campo - Hotel Minerva Siena\",\"isPartOf\":{\"@id\":\"https:\\\/\\\/www.albergominerva.it\\\/de\\\/#website\"},\"primaryImageOfPage\":{\"@id\":\"https:\\\/\\\/www.albergominerva.it\\\/de\\\/die-besten-museen-von-siena-das-stadtmuseum-auf-der-piazza-del-campo\\\/#primaryimage\"},\"image\":{\"@id\":\"https:\\\/\\\/www.albergominerva.it\\\/de\\\/die-besten-museen-von-siena-das-stadtmuseum-auf-der-piazza-del-campo\\\/#primaryimage\"},\"thumbnailUrl\":\"https:\\\/\\\/www.albergominerva.it\\\/wp-content\\\/uploads\\\/2020\\\/02\\\/museo-civico-piazza-del-campo.jpg\",\"datePublished\":\"2020-02-17T17:22:40+00:00\",\"dateModified\":\"2020-02-17T17:22:41+00:00\",\"breadcrumb\":{\"@id\":\"https:\\\/\\\/www.albergominerva.it\\\/de\\\/die-besten-museen-von-siena-das-stadtmuseum-auf-der-piazza-del-campo\\\/#breadcrumb\"},\"inLanguage\":\"de\",\"potentialAction\":[{\"@type\":\"ReadAction\",\"target\":[\"https:\\\/\\\/www.albergominerva.it\\\/de\\\/die-besten-museen-von-siena-das-stadtmuseum-auf-der-piazza-del-campo\\\/\"]}]},{\"@type\":\"ImageObject\",\"inLanguage\":\"de\",\"@id\":\"https:\\\/\\\/www.albergominerva.it\\\/de\\\/die-besten-museen-von-siena-das-stadtmuseum-auf-der-piazza-del-campo\\\/#primaryimage\",\"url\":\"https:\\\/\\\/www.albergominerva.it\\\/wp-content\\\/uploads\\\/2020\\\/02\\\/museo-civico-piazza-del-campo.jpg\",\"contentUrl\":\"https:\\\/\\\/www.albergominerva.it\\\/wp-content\\\/uploads\\\/2020\\\/02\\\/museo-civico-piazza-del-campo.jpg\"},{\"@type\":\"BreadcrumbList\",\"@id\":\"https:\\\/\\\/www.albergominerva.it\\\/de\\\/die-besten-museen-von-siena-das-stadtmuseum-auf-der-piazza-del-campo\\\/#breadcrumb\",\"itemListElement\":[{\"@type\":\"ListItem\",\"position\":1,\"name\":\"Home\",\"item\":\"https:\\\/\\\/www.albergominerva.it\\\/de\\\/\"},{\"@type\":\"ListItem\",\"position\":2,\"name\":\"Die besten Museen von Siena: Das Stadtmuseum auf der Piazza del Campo\"}]},{\"@type\":\"WebSite\",\"@id\":\"https:\\\/\\\/www.albergominerva.it\\\/de\\\/#website\",\"url\":\"https:\\\/\\\/www.albergominerva.it\\\/de\\\/\",\"name\":\"Hotel Minerva Siena\",\"description\":\"Hotel in Centro Storico a Siena - Toscana - Italy\",\"potentialAction\":[{\"@type\":\"SearchAction\",\"target\":{\"@type\":\"EntryPoint\",\"urlTemplate\":\"https:\\\/\\\/www.albergominerva.it\\\/de\\\/?s={search_term_string}\"},\"query-input\":{\"@type\":\"PropertyValueSpecification\",\"valueRequired\":true,\"valueName\":\"search_term_string\"}}],\"inLanguage\":\"de\"}]}<\/script>\n<!-- \/ Yoast SEO plugin. -->","yoast_head_json":{"title":"Die besten Museen von Siena: Das Stadtmuseum auf der Piazza del Campo - Hotel Minerva Siena","robots":{"index":"index","follow":"follow","max-snippet":"max-snippet:-1","max-image-preview":"max-image-preview:large","max-video-preview":"max-video-preview:-1"},"canonical":"https:\/\/www.albergominerva.it\/de\/die-besten-museen-von-siena-das-stadtmuseum-auf-der-piazza-del-campo\/","og_locale":"de_DE","og_type":"article","og_title":"Die besten Museen von Siena: Das Stadtmuseum auf der Piazza del Campo - Hotel Minerva Siena","og_description":"Das Stadtmuseum von Siena Zu den besten Museen in Siena geh\u00f6rt das pr\u00e4chtige Stadtmuseum im Palazzo Pubblico auf der Piazza","og_url":"https:\/\/www.albergominerva.it\/de\/die-besten-museen-von-siena-das-stadtmuseum-auf-der-piazza-del-campo\/","og_site_name":"Hotel Minerva Siena","article_modified_time":"2020-02-17T17:22:41+00:00","og_image":[{"url":"https:\/\/www.albergominerva.it\/wp-content\/uploads\/2020\/02\/museo-civico-piazza-del-campo.jpg","type":"","width":"","height":""}],"twitter_card":"summary_large_image","twitter_misc":{"Gesch\u00e4tzte Lesezeit":"2\u00a0Minuten"},"schema":{"@context":"https:\/\/schema.org","@graph":[{"@type":"WebPage","@id":"https:\/\/www.albergominerva.it\/de\/die-besten-museen-von-siena-das-stadtmuseum-auf-der-piazza-del-campo\/","url":"https:\/\/www.albergominerva.it\/de\/die-besten-museen-von-siena-das-stadtmuseum-auf-der-piazza-del-campo\/","name":"Die besten Museen von Siena: Das Stadtmuseum auf der Piazza del Campo - Hotel Minerva Siena","isPartOf":{"@id":"https:\/\/www.albergominerva.it\/de\/#website"},"primaryImageOfPage":{"@id":"https:\/\/www.albergominerva.it\/de\/die-besten-museen-von-siena-das-stadtmuseum-auf-der-piazza-del-campo\/#primaryimage"},"image":{"@id":"https:\/\/www.albergominerva.it\/de\/die-besten-museen-von-siena-das-stadtmuseum-auf-der-piazza-del-campo\/#primaryimage"},"thumbnailUrl":"https:\/\/www.albergominerva.it\/wp-content\/uploads\/2020\/02\/museo-civico-piazza-del-campo.jpg","datePublished":"2020-02-17T17:22:40+00:00","dateModified":"2020-02-17T17:22:41+00:00","breadcrumb":{"@id":"https:\/\/www.albergominerva.it\/de\/die-besten-museen-von-siena-das-stadtmuseum-auf-der-piazza-del-campo\/#breadcrumb"},"inLanguage":"de","potentialAction":[{"@type":"ReadAction","target":["https:\/\/www.albergominerva.it\/de\/die-besten-museen-von-siena-das-stadtmuseum-auf-der-piazza-del-campo\/"]}]},{"@type":"ImageObject","inLanguage":"de","@id":"https:\/\/www.albergominerva.it\/de\/die-besten-museen-von-siena-das-stadtmuseum-auf-der-piazza-del-campo\/#primaryimage","url":"https:\/\/www.albergominerva.it\/wp-content\/uploads\/2020\/02\/museo-civico-piazza-del-campo.jpg","contentUrl":"https:\/\/www.albergominerva.it\/wp-content\/uploads\/2020\/02\/museo-civico-piazza-del-campo.jpg"},{"@type":"BreadcrumbList","@id":"https:\/\/www.albergominerva.it\/de\/die-besten-museen-von-siena-das-stadtmuseum-auf-der-piazza-del-campo\/#breadcrumb","itemListElement":[{"@type":"ListItem","position":1,"name":"Home","item":"https:\/\/www.albergominerva.it\/de\/"},{"@type":"ListItem","position":2,"name":"Die besten Museen von Siena: Das Stadtmuseum auf der Piazza del Campo"}]},{"@type":"WebSite","@id":"https:\/\/www.albergominerva.it\/de\/#website","url":"https:\/\/www.albergominerva.it\/de\/","name":"Hotel Minerva Siena","description":"Hotel in Centro Storico a Siena - Toscana - Italy","potentialAction":[{"@type":"SearchAction","target":{"@type":"EntryPoint","urlTemplate":"https:\/\/www.albergominerva.it\/de\/?s={search_term_string}"},"query-input":{"@type":"PropertyValueSpecification","valueRequired":true,"valueName":"search_term_string"}}],"inLanguage":"de"}]}},"_links":{"self":[{"href":"https:\/\/www.albergominerva.it\/de\/wp-json\/wp\/v2\/pages\/7864","targetHints":{"allow":["GET"]}}],"collection":[{"href":"https:\/\/www.albergominerva.it\/de\/wp-json\/wp\/v2\/pages"}],"about":[{"href":"https:\/\/www.albergominerva.it\/de\/wp-json\/wp\/v2\/types\/page"}],"author":[{"embeddable":true,"href":"https:\/\/www.albergominerva.it\/de\/wp-json\/wp\/v2\/users\/3"}],"replies":[{"embeddable":true,"href":"https:\/\/www.albergominerva.it\/de\/wp-json\/wp\/v2\/comments?post=7864"}],"version-history":[{"count":1,"href":"https:\/\/www.albergominerva.it\/de\/wp-json\/wp\/v2\/pages\/7864\/revisions"}],"predecessor-version":[{"id":7865,"href":"https:\/\/www.albergominerva.it\/de\/wp-json\/wp\/v2\/pages\/7864\/revisions\/7865"}],"wp:attachment":[{"href":"https:\/\/www.albergominerva.it\/de\/wp-json\/wp\/v2\/media?parent=7864"}],"curies":[{"name":"wp","href":"https:\/\/api.w.org\/{rel}","templated":true}]}}