{"id":7867,"date":"2020-02-17T18:25:45","date_gmt":"2020-02-17T17:25:45","guid":{"rendered":"https:\/\/www.albergominerva.it\/?page_id=7867"},"modified":"2020-02-17T18:25:46","modified_gmt":"2020-02-17T17:25:46","slug":"der-de-pecci-spas-garten-in-siena-fur-familien","status":"publish","type":"page","link":"https:\/\/www.albergominerva.it\/de\/der-de-pecci-spas-garten-in-siena-fur-familien\/","title":{"rendered":"Der de Pecci-Spa\u00df Garten in Siena f\u00fcr Familien"},"content":{"rendered":"\n<p><\/p>\n\n\n\n<p><strong>Der de &#8218;Pecci Garten in Siena<\/strong><\/p>\n\n\n\n<p>Wenn Sie sich entschlossen haben, mit den Kindern nach Siena zu kommen, empfehlen wir Ihnen, einen Zwischenstopp am de Pecci Garten direkt unterhalb der Piazza del Mercato und im Valle di Porta Giustizia einzulegen.<\/p>\n\n\n\n<figure class=\"wp-block-image size-large\"><img loading=\"lazy\" decoding=\"async\" width=\"588\" height=\"188\" src=\"https:\/\/www.albergominerva.it\/wp-content\/uploads\/2020\/02\/orto-de-pecci-siena.png\" alt=\"\" class=\"wp-image-7612\" srcset=\"https:\/\/www.albergominerva.it\/wp-content\/uploads\/2020\/02\/orto-de-pecci-siena.png 588w, https:\/\/www.albergominerva.it\/wp-content\/uploads\/2020\/02\/orto-de-pecci-siena-300x96.png 300w\" sizes=\"auto, (max-width: 588px) 100vw, 588px\" \/><\/figure>\n\n\n\n<p>Das de Pecci Garten in der N\u00e4he der Piazza del Campo beherbergt einen fantastischen p\u00e4dagogischen Bauernhof mit Tieren sowie einen mittelalterlichen Gem\u00fcsegarten.<\/p>\n\n\n\n<p>In der Vergangenheit war dieses Tal das Durchgangsziel f\u00fcr diejenigen, die im Rathaus zum Tode verurteilt wurden.<\/p>\n\n\n\n<p>Jetzt ist es ein gro\u00dfartiger Treffpunkt f\u00fcr Familien mit Kindern, die Tiere sehen und aromatische Pflanzen, F\u00e4rbereien, genie\u00dfbar und Arzneipflanzen entdecken k\u00f6nnen.<\/p>\n\n\n\n<p>Wenn Sie sich entschlossen haben, Siena mit Ihrer Familie zu besuchen, empfehlen wir Ihnen, im Hotel Minerva zu \u00fcbernachten, unserem Hotel im Zentrum von Siena f\u00fcr Familien mit Kindern.<\/p>\n\n\n\n<p><strong>Das Minerva verf\u00fcgt \u00fcber ein Parkhaus mit 20 Stellpl\u00e4tzen und gro\u00dfen Suiten mit Panoramablick f\u00fcr die ganze Familie.<\/strong><\/p>\n\n\n\n<p>Buchen Sie direkt \u00fcber das Buchungssystem, das Sie auf der Website finden, und Sie haben immer den garantiert besten Preis.<\/p>\n","protected":false},"excerpt":{"rendered":"<p>Der de &#8218;Pecci Garten in Siena Wenn Sie sich entschlossen haben, mit den Kindern nach Siena zu kommen, empfehlen wir<\/p>\n","protected":false},"author":3,"featured_media":0,"parent":0,"menu_order":0,"comment_status":"closed","ping_status":"closed","template":"","meta":{"_acf_changed":false,"footnotes":""},"class_list":["post-7867","page","type-page","status-publish","hentry"],"acf":[],"yoast_head":"<!-- This site is optimized with the Yoast SEO plugin v27.4 - https:\/\/yoast.com\/product\/yoast-seo-wordpress\/ -->\n<title>Der de Pecci-Spa\u00df Garten in Siena f\u00fcr Familien - Hotel Minerva Siena<\/title>\n<meta name=\"robots\" content=\"index, follow, max-snippet:-1, max-image-preview:large, max-video-preview:-1\" \/>\n<link rel=\"canonical\" href=\"https:\/\/www.albergominerva.it\/de\/der-de-pecci-spas-garten-in-siena-fur-familien\/\" \/>\n<meta property=\"og:locale\" content=\"de_DE\" \/>\n<meta property=\"og:type\" content=\"article\" \/>\n<meta property=\"og:title\" content=\"Der de Pecci-Spa\u00df Garten in Siena f\u00fcr Familien - Hotel Minerva Siena\" \/>\n<meta property=\"og:description\" content=\"Der de &#8218;Pecci Garten in Siena Wenn Sie sich entschlossen haben, mit den Kindern nach Siena zu kommen, empfehlen wir\" \/>\n<meta property=\"og:url\" content=\"https:\/\/www.albergominerva.it\/de\/der-de-pecci-spas-garten-in-siena-fur-familien\/\" \/>\n<meta property=\"og:site_name\" content=\"Hotel Minerva Siena\" \/>\n<meta property=\"article:modified_time\" content=\"2020-02-17T17:25:46+00:00\" \/>\n<meta property=\"og:image\" content=\"https:\/\/www.albergominerva.it\/wp-content\/uploads\/2020\/02\/orto-de-pecci-siena.png\" \/>\n<meta name=\"twitter:card\" content=\"summary_large_image\" \/>\n<meta name=\"twitter:label1\" content=\"Gesch\u00e4tzte Lesezeit\" \/>\n\t<meta name=\"twitter:data1\" content=\"1\u00a0Minute\" \/>\n<script type=\"application\/ld+json\" class=\"yoast-schema-graph\">{\"@context\":\"https:\\\/\\\/schema.org\",\"@graph\":[{\"@type\":\"WebPage\",\"@id\":\"https:\\\/\\\/www.albergominerva.it\\\/de\\\/der-de-pecci-spas-garten-in-siena-fur-familien\\\/\",\"url\":\"https:\\\/\\\/www.albergominerva.it\\\/de\\\/der-de-pecci-spas-garten-in-siena-fur-familien\\\/\",\"name\":\"Der de Pecci-Spa\u00df Garten in Siena f\u00fcr Familien - Hotel Minerva Siena\",\"isPartOf\":{\"@id\":\"https:\\\/\\\/www.albergominerva.it\\\/de\\\/#website\"},\"primaryImageOfPage\":{\"@id\":\"https:\\\/\\\/www.albergominerva.it\\\/de\\\/der-de-pecci-spas-garten-in-siena-fur-familien\\\/#primaryimage\"},\"image\":{\"@id\":\"https:\\\/\\\/www.albergominerva.it\\\/de\\\/der-de-pecci-spas-garten-in-siena-fur-familien\\\/#primaryimage\"},\"thumbnailUrl\":\"https:\\\/\\\/www.albergominerva.it\\\/wp-content\\\/uploads\\\/2020\\\/02\\\/orto-de-pecci-siena.png\",\"datePublished\":\"2020-02-17T17:25:45+00:00\",\"dateModified\":\"2020-02-17T17:25:46+00:00\",\"breadcrumb\":{\"@id\":\"https:\\\/\\\/www.albergominerva.it\\\/de\\\/der-de-pecci-spas-garten-in-siena-fur-familien\\\/#breadcrumb\"},\"inLanguage\":\"de\",\"potentialAction\":[{\"@type\":\"ReadAction\",\"target\":[\"https:\\\/\\\/www.albergominerva.it\\\/de\\\/der-de-pecci-spas-garten-in-siena-fur-familien\\\/\"]}]},{\"@type\":\"ImageObject\",\"inLanguage\":\"de\",\"@id\":\"https:\\\/\\\/www.albergominerva.it\\\/de\\\/der-de-pecci-spas-garten-in-siena-fur-familien\\\/#primaryimage\",\"url\":\"https:\\\/\\\/www.albergominerva.it\\\/wp-content\\\/uploads\\\/2020\\\/02\\\/orto-de-pecci-siena.png\",\"contentUrl\":\"https:\\\/\\\/www.albergominerva.it\\\/wp-content\\\/uploads\\\/2020\\\/02\\\/orto-de-pecci-siena.png\"},{\"@type\":\"BreadcrumbList\",\"@id\":\"https:\\\/\\\/www.albergominerva.it\\\/de\\\/der-de-pecci-spas-garten-in-siena-fur-familien\\\/#breadcrumb\",\"itemListElement\":[{\"@type\":\"ListItem\",\"position\":1,\"name\":\"Home\",\"item\":\"https:\\\/\\\/www.albergominerva.it\\\/de\\\/\"},{\"@type\":\"ListItem\",\"position\":2,\"name\":\"Der de Pecci-Spa\u00df Garten in Siena f\u00fcr Familien\"}]},{\"@type\":\"WebSite\",\"@id\":\"https:\\\/\\\/www.albergominerva.it\\\/de\\\/#website\",\"url\":\"https:\\\/\\\/www.albergominerva.it\\\/de\\\/\",\"name\":\"Hotel Minerva Siena\",\"description\":\"Hotel in Centro Storico a Siena - Toscana - Italy\",\"potentialAction\":[{\"@type\":\"SearchAction\",\"target\":{\"@type\":\"EntryPoint\",\"urlTemplate\":\"https:\\\/\\\/www.albergominerva.it\\\/de\\\/?s={search_term_string}\"},\"query-input\":{\"@type\":\"PropertyValueSpecification\",\"valueRequired\":true,\"valueName\":\"search_term_string\"}}],\"inLanguage\":\"de\"}]}<\/script>\n<!-- \/ Yoast SEO plugin. -->","yoast_head_json":{"title":"Der de Pecci-Spa\u00df Garten in Siena f\u00fcr Familien - Hotel Minerva Siena","robots":{"index":"index","follow":"follow","max-snippet":"max-snippet:-1","max-image-preview":"max-image-preview:large","max-video-preview":"max-video-preview:-1"},"canonical":"https:\/\/www.albergominerva.it\/de\/der-de-pecci-spas-garten-in-siena-fur-familien\/","og_locale":"de_DE","og_type":"article","og_title":"Der de Pecci-Spa\u00df Garten in Siena f\u00fcr Familien - Hotel Minerva Siena","og_description":"Der de &#8218;Pecci Garten in Siena Wenn Sie sich entschlossen haben, mit den Kindern nach Siena zu kommen, empfehlen wir","og_url":"https:\/\/www.albergominerva.it\/de\/der-de-pecci-spas-garten-in-siena-fur-familien\/","og_site_name":"Hotel Minerva Siena","article_modified_time":"2020-02-17T17:25:46+00:00","og_image":[{"url":"https:\/\/www.albergominerva.it\/wp-content\/uploads\/2020\/02\/orto-de-pecci-siena.png","type":"","width":"","height":""}],"twitter_card":"summary_large_image","twitter_misc":{"Gesch\u00e4tzte Lesezeit":"1\u00a0Minute"},"schema":{"@context":"https:\/\/schema.org","@graph":[{"@type":"WebPage","@id":"https:\/\/www.albergominerva.it\/de\/der-de-pecci-spas-garten-in-siena-fur-familien\/","url":"https:\/\/www.albergominerva.it\/de\/der-de-pecci-spas-garten-in-siena-fur-familien\/","name":"Der de Pecci-Spa\u00df Garten in Siena f\u00fcr Familien - Hotel Minerva Siena","isPartOf":{"@id":"https:\/\/www.albergominerva.it\/de\/#website"},"primaryImageOfPage":{"@id":"https:\/\/www.albergominerva.it\/de\/der-de-pecci-spas-garten-in-siena-fur-familien\/#primaryimage"},"image":{"@id":"https:\/\/www.albergominerva.it\/de\/der-de-pecci-spas-garten-in-siena-fur-familien\/#primaryimage"},"thumbnailUrl":"https:\/\/www.albergominerva.it\/wp-content\/uploads\/2020\/02\/orto-de-pecci-siena.png","datePublished":"2020-02-17T17:25:45+00:00","dateModified":"2020-02-17T17:25:46+00:00","breadcrumb":{"@id":"https:\/\/www.albergominerva.it\/de\/der-de-pecci-spas-garten-in-siena-fur-familien\/#breadcrumb"},"inLanguage":"de","potentialAction":[{"@type":"ReadAction","target":["https:\/\/www.albergominerva.it\/de\/der-de-pecci-spas-garten-in-siena-fur-familien\/"]}]},{"@type":"ImageObject","inLanguage":"de","@id":"https:\/\/www.albergominerva.it\/de\/der-de-pecci-spas-garten-in-siena-fur-familien\/#primaryimage","url":"https:\/\/www.albergominerva.it\/wp-content\/uploads\/2020\/02\/orto-de-pecci-siena.png","contentUrl":"https:\/\/www.albergominerva.it\/wp-content\/uploads\/2020\/02\/orto-de-pecci-siena.png"},{"@type":"BreadcrumbList","@id":"https:\/\/www.albergominerva.it\/de\/der-de-pecci-spas-garten-in-siena-fur-familien\/#breadcrumb","itemListElement":[{"@type":"ListItem","position":1,"name":"Home","item":"https:\/\/www.albergominerva.it\/de\/"},{"@type":"ListItem","position":2,"name":"Der de Pecci-Spa\u00df Garten in Siena f\u00fcr Familien"}]},{"@type":"WebSite","@id":"https:\/\/www.albergominerva.it\/de\/#website","url":"https:\/\/www.albergominerva.it\/de\/","name":"Hotel Minerva Siena","description":"Hotel in Centro Storico a Siena - Toscana - Italy","potentialAction":[{"@type":"SearchAction","target":{"@type":"EntryPoint","urlTemplate":"https:\/\/www.albergominerva.it\/de\/?s={search_term_string}"},"query-input":{"@type":"PropertyValueSpecification","valueRequired":true,"valueName":"search_term_string"}}],"inLanguage":"de"}]}},"_links":{"self":[{"href":"https:\/\/www.albergominerva.it\/de\/wp-json\/wp\/v2\/pages\/7867","targetHints":{"allow":["GET"]}}],"collection":[{"href":"https:\/\/www.albergominerva.it\/de\/wp-json\/wp\/v2\/pages"}],"about":[{"href":"https:\/\/www.albergominerva.it\/de\/wp-json\/wp\/v2\/types\/page"}],"author":[{"embeddable":true,"href":"https:\/\/www.albergominerva.it\/de\/wp-json\/wp\/v2\/users\/3"}],"replies":[{"embeddable":true,"href":"https:\/\/www.albergominerva.it\/de\/wp-json\/wp\/v2\/comments?post=7867"}],"version-history":[{"count":1,"href":"https:\/\/www.albergominerva.it\/de\/wp-json\/wp\/v2\/pages\/7867\/revisions"}],"predecessor-version":[{"id":7870,"href":"https:\/\/www.albergominerva.it\/de\/wp-json\/wp\/v2\/pages\/7867\/revisions\/7870"}],"wp:attachment":[{"href":"https:\/\/www.albergominerva.it\/de\/wp-json\/wp\/v2\/media?parent=7867"}],"curies":[{"name":"wp","href":"https:\/\/api.w.org\/{rel}","templated":true}]}}