{"id":7874,"date":"2020-02-17T18:30:07","date_gmt":"2020-02-17T17:30:07","guid":{"rendered":"https:\/\/www.albergominerva.it\/?page_id=7874"},"modified":"2020-02-17T18:30:09","modified_gmt":"2020-02-17T17:30:09","slug":"tur-fontebranda","status":"publish","type":"page","link":"https:\/\/www.albergominerva.it\/de\/tur-fontebranda\/","title":{"rendered":"T\u00fcr Fontebranda"},"content":{"rendered":"\n<p><\/p>\n\n\n\n<p><strong>T\u00fcr Fontebranda<\/strong><\/p>\n\n\n\n<p>Die Fontebranda T\u00fcr ist eines der \u00e4ltesten T\u00fcren von Siena und wurde zwischen 1230 und 1257 erbaut.<\/p>\n\n\n\n<figure class=\"wp-block-image size-large\"><img loading=\"lazy\" decoding=\"async\" width=\"890\" height=\"533\" src=\"https:\/\/www.albergominerva.it\/wp-content\/uploads\/2020\/02\/museo-fontebranda-siena.png\" alt=\"\" class=\"wp-image-7585\" srcset=\"https:\/\/www.albergominerva.it\/wp-content\/uploads\/2020\/02\/museo-fontebranda-siena.png 890w, https:\/\/www.albergominerva.it\/wp-content\/uploads\/2020\/02\/museo-fontebranda-siena-300x180.png 300w, https:\/\/www.albergominerva.it\/wp-content\/uploads\/2020\/02\/museo-fontebranda-siena-768x460.png 768w, https:\/\/www.albergominerva.it\/wp-content\/uploads\/2020\/02\/museo-fontebranda-siena-700x419.png 700w\" sizes=\"auto, (max-width: 890px) 100vw, 890px\" \/><\/figure>\n\n\n\n<p>Diese T\u00fcr ist Teil des vierten Wandkreises und besteht aus einem Doppelbogen, der in den tiefen Wandvorhang m\u00fcndet.<\/p>\n\n\n\n<p>Es befindet sich zwischen dem Kloster heilige Domenico und der Laterina T\u00fcr und war in der Vergangenheit mit einem Antiport und einem Bergfried ausgestattet.<\/p>\n\n\n\n<p>Fontebranda T\u00fcr wurde von der Milit\u00e4rkompanie von heilige Antonio verteidigt, einer der wichtigsten und entschlossensten Milit\u00e4rgilden der Stadt Siena sowohl in der Verteidigung als auch im Angriff.<\/p>\n\n\n\n<p><strong>In der Vergangenheit wurde der Bereich Fontebranda f\u00fcr die Arbeit mit Wolle genutzt.<\/strong><\/p>\n","protected":false},"excerpt":{"rendered":"<p>T\u00fcr Fontebranda Die Fontebranda T\u00fcr ist eines der \u00e4ltesten T\u00fcren von Siena und wurde zwischen 1230 und 1257 erbaut. Diese<\/p>\n","protected":false},"author":3,"featured_media":0,"parent":0,"menu_order":0,"comment_status":"closed","ping_status":"closed","template":"","meta":{"_acf_changed":false,"footnotes":""},"class_list":["post-7874","page","type-page","status-publish","hentry"],"acf":[],"yoast_head":"<!-- This site is optimized with the Yoast SEO plugin v27.4 - https:\/\/yoast.com\/product\/yoast-seo-wordpress\/ -->\n<title>T\u00fcr Fontebranda - Hotel Minerva Siena<\/title>\n<meta name=\"robots\" content=\"index, follow, max-snippet:-1, max-image-preview:large, max-video-preview:-1\" \/>\n<link rel=\"canonical\" href=\"https:\/\/www.albergominerva.it\/de\/tur-fontebranda\/\" \/>\n<meta property=\"og:locale\" content=\"de_DE\" \/>\n<meta property=\"og:type\" content=\"article\" \/>\n<meta property=\"og:title\" content=\"T\u00fcr Fontebranda - Hotel Minerva Siena\" \/>\n<meta property=\"og:description\" content=\"T\u00fcr Fontebranda Die Fontebranda T\u00fcr ist eines der \u00e4ltesten T\u00fcren von Siena und wurde zwischen 1230 und 1257 erbaut. Diese\" \/>\n<meta property=\"og:url\" content=\"https:\/\/www.albergominerva.it\/de\/tur-fontebranda\/\" \/>\n<meta property=\"og:site_name\" content=\"Hotel Minerva Siena\" \/>\n<meta property=\"article:modified_time\" content=\"2020-02-17T17:30:09+00:00\" \/>\n<meta property=\"og:image\" content=\"https:\/\/www.albergominerva.it\/wp-content\/uploads\/2020\/02\/museo-fontebranda-siena.png\" \/>\n<meta name=\"twitter:card\" content=\"summary_large_image\" \/>\n<meta name=\"twitter:label1\" content=\"Gesch\u00e4tzte Lesezeit\" \/>\n\t<meta name=\"twitter:data1\" content=\"1\u00a0Minute\" \/>\n<script type=\"application\/ld+json\" class=\"yoast-schema-graph\">{\"@context\":\"https:\\\/\\\/schema.org\",\"@graph\":[{\"@type\":\"WebPage\",\"@id\":\"https:\\\/\\\/www.albergominerva.it\\\/de\\\/tur-fontebranda\\\/\",\"url\":\"https:\\\/\\\/www.albergominerva.it\\\/de\\\/tur-fontebranda\\\/\",\"name\":\"T\u00fcr Fontebranda - Hotel Minerva Siena\",\"isPartOf\":{\"@id\":\"https:\\\/\\\/www.albergominerva.it\\\/de\\\/#website\"},\"primaryImageOfPage\":{\"@id\":\"https:\\\/\\\/www.albergominerva.it\\\/de\\\/tur-fontebranda\\\/#primaryimage\"},\"image\":{\"@id\":\"https:\\\/\\\/www.albergominerva.it\\\/de\\\/tur-fontebranda\\\/#primaryimage\"},\"thumbnailUrl\":\"https:\\\/\\\/www.albergominerva.it\\\/wp-content\\\/uploads\\\/2020\\\/02\\\/museo-fontebranda-siena.png\",\"datePublished\":\"2020-02-17T17:30:07+00:00\",\"dateModified\":\"2020-02-17T17:30:09+00:00\",\"breadcrumb\":{\"@id\":\"https:\\\/\\\/www.albergominerva.it\\\/de\\\/tur-fontebranda\\\/#breadcrumb\"},\"inLanguage\":\"de\",\"potentialAction\":[{\"@type\":\"ReadAction\",\"target\":[\"https:\\\/\\\/www.albergominerva.it\\\/de\\\/tur-fontebranda\\\/\"]}]},{\"@type\":\"ImageObject\",\"inLanguage\":\"de\",\"@id\":\"https:\\\/\\\/www.albergominerva.it\\\/de\\\/tur-fontebranda\\\/#primaryimage\",\"url\":\"https:\\\/\\\/www.albergominerva.it\\\/wp-content\\\/uploads\\\/2020\\\/02\\\/museo-fontebranda-siena.png\",\"contentUrl\":\"https:\\\/\\\/www.albergominerva.it\\\/wp-content\\\/uploads\\\/2020\\\/02\\\/museo-fontebranda-siena.png\"},{\"@type\":\"BreadcrumbList\",\"@id\":\"https:\\\/\\\/www.albergominerva.it\\\/de\\\/tur-fontebranda\\\/#breadcrumb\",\"itemListElement\":[{\"@type\":\"ListItem\",\"position\":1,\"name\":\"Home\",\"item\":\"https:\\\/\\\/www.albergominerva.it\\\/de\\\/\"},{\"@type\":\"ListItem\",\"position\":2,\"name\":\"T\u00fcr Fontebranda\"}]},{\"@type\":\"WebSite\",\"@id\":\"https:\\\/\\\/www.albergominerva.it\\\/de\\\/#website\",\"url\":\"https:\\\/\\\/www.albergominerva.it\\\/de\\\/\",\"name\":\"Hotel Minerva Siena\",\"description\":\"Hotel in Centro Storico a Siena - Toscana - Italy\",\"potentialAction\":[{\"@type\":\"SearchAction\",\"target\":{\"@type\":\"EntryPoint\",\"urlTemplate\":\"https:\\\/\\\/www.albergominerva.it\\\/de\\\/?s={search_term_string}\"},\"query-input\":{\"@type\":\"PropertyValueSpecification\",\"valueRequired\":true,\"valueName\":\"search_term_string\"}}],\"inLanguage\":\"de\"}]}<\/script>\n<!-- \/ Yoast SEO plugin. -->","yoast_head_json":{"title":"T\u00fcr Fontebranda - Hotel Minerva Siena","robots":{"index":"index","follow":"follow","max-snippet":"max-snippet:-1","max-image-preview":"max-image-preview:large","max-video-preview":"max-video-preview:-1"},"canonical":"https:\/\/www.albergominerva.it\/de\/tur-fontebranda\/","og_locale":"de_DE","og_type":"article","og_title":"T\u00fcr Fontebranda - Hotel Minerva Siena","og_description":"T\u00fcr Fontebranda Die Fontebranda T\u00fcr ist eines der \u00e4ltesten T\u00fcren von Siena und wurde zwischen 1230 und 1257 erbaut. Diese","og_url":"https:\/\/www.albergominerva.it\/de\/tur-fontebranda\/","og_site_name":"Hotel Minerva Siena","article_modified_time":"2020-02-17T17:30:09+00:00","og_image":[{"url":"https:\/\/www.albergominerva.it\/wp-content\/uploads\/2020\/02\/museo-fontebranda-siena.png","type":"","width":"","height":""}],"twitter_card":"summary_large_image","twitter_misc":{"Gesch\u00e4tzte Lesezeit":"1\u00a0Minute"},"schema":{"@context":"https:\/\/schema.org","@graph":[{"@type":"WebPage","@id":"https:\/\/www.albergominerva.it\/de\/tur-fontebranda\/","url":"https:\/\/www.albergominerva.it\/de\/tur-fontebranda\/","name":"T\u00fcr Fontebranda - Hotel Minerva Siena","isPartOf":{"@id":"https:\/\/www.albergominerva.it\/de\/#website"},"primaryImageOfPage":{"@id":"https:\/\/www.albergominerva.it\/de\/tur-fontebranda\/#primaryimage"},"image":{"@id":"https:\/\/www.albergominerva.it\/de\/tur-fontebranda\/#primaryimage"},"thumbnailUrl":"https:\/\/www.albergominerva.it\/wp-content\/uploads\/2020\/02\/museo-fontebranda-siena.png","datePublished":"2020-02-17T17:30:07+00:00","dateModified":"2020-02-17T17:30:09+00:00","breadcrumb":{"@id":"https:\/\/www.albergominerva.it\/de\/tur-fontebranda\/#breadcrumb"},"inLanguage":"de","potentialAction":[{"@type":"ReadAction","target":["https:\/\/www.albergominerva.it\/de\/tur-fontebranda\/"]}]},{"@type":"ImageObject","inLanguage":"de","@id":"https:\/\/www.albergominerva.it\/de\/tur-fontebranda\/#primaryimage","url":"https:\/\/www.albergominerva.it\/wp-content\/uploads\/2020\/02\/museo-fontebranda-siena.png","contentUrl":"https:\/\/www.albergominerva.it\/wp-content\/uploads\/2020\/02\/museo-fontebranda-siena.png"},{"@type":"BreadcrumbList","@id":"https:\/\/www.albergominerva.it\/de\/tur-fontebranda\/#breadcrumb","itemListElement":[{"@type":"ListItem","position":1,"name":"Home","item":"https:\/\/www.albergominerva.it\/de\/"},{"@type":"ListItem","position":2,"name":"T\u00fcr Fontebranda"}]},{"@type":"WebSite","@id":"https:\/\/www.albergominerva.it\/de\/#website","url":"https:\/\/www.albergominerva.it\/de\/","name":"Hotel Minerva Siena","description":"Hotel in Centro Storico a Siena - Toscana - Italy","potentialAction":[{"@type":"SearchAction","target":{"@type":"EntryPoint","urlTemplate":"https:\/\/www.albergominerva.it\/de\/?s={search_term_string}"},"query-input":{"@type":"PropertyValueSpecification","valueRequired":true,"valueName":"search_term_string"}}],"inLanguage":"de"}]}},"_links":{"self":[{"href":"https:\/\/www.albergominerva.it\/de\/wp-json\/wp\/v2\/pages\/7874","targetHints":{"allow":["GET"]}}],"collection":[{"href":"https:\/\/www.albergominerva.it\/de\/wp-json\/wp\/v2\/pages"}],"about":[{"href":"https:\/\/www.albergominerva.it\/de\/wp-json\/wp\/v2\/types\/page"}],"author":[{"embeddable":true,"href":"https:\/\/www.albergominerva.it\/de\/wp-json\/wp\/v2\/users\/3"}],"replies":[{"embeddable":true,"href":"https:\/\/www.albergominerva.it\/de\/wp-json\/wp\/v2\/comments?post=7874"}],"version-history":[{"count":1,"href":"https:\/\/www.albergominerva.it\/de\/wp-json\/wp\/v2\/pages\/7874\/revisions"}],"predecessor-version":[{"id":7875,"href":"https:\/\/www.albergominerva.it\/de\/wp-json\/wp\/v2\/pages\/7874\/revisions\/7875"}],"wp:attachment":[{"href":"https:\/\/www.albergominerva.it\/de\/wp-json\/wp\/v2\/media?parent=7874"}],"curies":[{"name":"wp","href":"https:\/\/api.w.org\/{rel}","templated":true}]}}