{"id":7876,"date":"2020-02-17T18:32:05","date_gmt":"2020-02-17T17:32:05","guid":{"rendered":"https:\/\/www.albergominerva.it\/?page_id=7876"},"modified":"2020-02-17T18:32:07","modified_gmt":"2020-02-17T17:32:07","slug":"tur-heilige-marco","status":"publish","type":"page","link":"https:\/\/www.albergominerva.it\/de\/tur-heilige-marco\/","title":{"rendered":"T\u00fcr heilige Marco"},"content":{"rendered":"\n<p><\/p>\n\n\n\n<p><strong>T\u00fcr heilige Marco in Siena<\/strong><\/p>\n\n\n\n<p>Die San Marco T\u00fcr ist eine der sienesische T\u00fcren und hat ihren Namen von einem fr\u00fcheren Oratorium, dem Oratorio von heilige Marco, das sich in genau derselben Stra\u00dfe befand.<\/p>\n\n\n\n<figure class=\"wp-block-image size-large\"><img loading=\"lazy\" decoding=\"async\" width=\"560\" height=\"623\" src=\"https:\/\/www.albergominerva.it\/wp-content\/uploads\/2020\/02\/porta-san-marco-siena.png\" alt=\"\" class=\"wp-image-7631\" srcset=\"https:\/\/www.albergominerva.it\/wp-content\/uploads\/2020\/02\/porta-san-marco-siena.png 560w, https:\/\/www.albergominerva.it\/wp-content\/uploads\/2020\/02\/porta-san-marco-siena-270x300.png 270w\" sizes=\"auto, (max-width: 560px) 100vw, 560px\" \/><\/figure>\n\n\n\n<p><br> Die heilige Marco T\u00fcr ist das T\u00fcr nach Grosseto und wurde deshalb auch Maremme T\u00fcr genannt.<\/p>\n\n\n\n<p>Es wurde wahrscheinlich im selben Zeitraum wie T\u00fcr Tufi oder zwischen 1325 und 1326 erbaut, um dann durch von Baldassare Peruzzi entworfene milit\u00e4risch Befestigungen aus dem 16. Jahrhundert  verst\u00e4rkt zu werden.<\/p>\n\n\n\n<p><strong>In der Vergangenheit \u00f6ffnete es sich auf dem Abschnitt der Mauern, der von der Laterino T\u00fcr wo in Richtung Tufi T\u00fcr f\u00fchrte.<\/strong><\/p>\n\n\n\n<p>Die Befestigungen verloren jedoch im Laufe der Zeit ihre Verteidigungsfunktion und so wurde im 19.<\/p>\n\n\n\n<p> Jahrhundert beschlossen, sie abzurei\u00dfen, um die Piazzale Biringucci zu erhalten.<\/p>\n","protected":false},"excerpt":{"rendered":"<p>T\u00fcr heilige Marco in Siena Die San Marco T\u00fcr ist eine der sienesische T\u00fcren und hat ihren Namen von einem<\/p>\n","protected":false},"author":3,"featured_media":0,"parent":0,"menu_order":0,"comment_status":"closed","ping_status":"closed","template":"","meta":{"_acf_changed":false,"footnotes":""},"class_list":["post-7876","page","type-page","status-publish","hentry"],"acf":[],"yoast_head":"<!-- This site is optimized with the Yoast SEO plugin v27.4 - https:\/\/yoast.com\/product\/yoast-seo-wordpress\/ -->\n<title>T\u00fcr heilige Marco - Hotel Minerva Siena<\/title>\n<meta name=\"robots\" content=\"index, follow, max-snippet:-1, max-image-preview:large, max-video-preview:-1\" \/>\n<link rel=\"canonical\" href=\"https:\/\/www.albergominerva.it\/de\/tur-heilige-marco\/\" \/>\n<meta property=\"og:locale\" content=\"de_DE\" \/>\n<meta property=\"og:type\" content=\"article\" \/>\n<meta property=\"og:title\" content=\"T\u00fcr heilige Marco - Hotel Minerva Siena\" \/>\n<meta property=\"og:description\" content=\"T\u00fcr heilige Marco in Siena Die San Marco T\u00fcr ist eine der sienesische T\u00fcren und hat ihren Namen von einem\" \/>\n<meta property=\"og:url\" content=\"https:\/\/www.albergominerva.it\/de\/tur-heilige-marco\/\" \/>\n<meta property=\"og:site_name\" content=\"Hotel Minerva Siena\" \/>\n<meta property=\"article:modified_time\" content=\"2020-02-17T17:32:07+00:00\" \/>\n<meta property=\"og:image\" content=\"https:\/\/www.albergominerva.it\/wp-content\/uploads\/2020\/02\/porta-san-marco-siena.png\" \/>\n<meta name=\"twitter:card\" content=\"summary_large_image\" \/>\n<meta name=\"twitter:label1\" content=\"Gesch\u00e4tzte Lesezeit\" \/>\n\t<meta name=\"twitter:data1\" content=\"1\u00a0Minute\" \/>\n<script type=\"application\/ld+json\" class=\"yoast-schema-graph\">{\"@context\":\"https:\\\/\\\/schema.org\",\"@graph\":[{\"@type\":\"WebPage\",\"@id\":\"https:\\\/\\\/www.albergominerva.it\\\/de\\\/tur-heilige-marco\\\/\",\"url\":\"https:\\\/\\\/www.albergominerva.it\\\/de\\\/tur-heilige-marco\\\/\",\"name\":\"T\u00fcr heilige Marco - Hotel Minerva Siena\",\"isPartOf\":{\"@id\":\"https:\\\/\\\/www.albergominerva.it\\\/de\\\/#website\"},\"primaryImageOfPage\":{\"@id\":\"https:\\\/\\\/www.albergominerva.it\\\/de\\\/tur-heilige-marco\\\/#primaryimage\"},\"image\":{\"@id\":\"https:\\\/\\\/www.albergominerva.it\\\/de\\\/tur-heilige-marco\\\/#primaryimage\"},\"thumbnailUrl\":\"https:\\\/\\\/www.albergominerva.it\\\/wp-content\\\/uploads\\\/2020\\\/02\\\/porta-san-marco-siena.png\",\"datePublished\":\"2020-02-17T17:32:05+00:00\",\"dateModified\":\"2020-02-17T17:32:07+00:00\",\"breadcrumb\":{\"@id\":\"https:\\\/\\\/www.albergominerva.it\\\/de\\\/tur-heilige-marco\\\/#breadcrumb\"},\"inLanguage\":\"de\",\"potentialAction\":[{\"@type\":\"ReadAction\",\"target\":[\"https:\\\/\\\/www.albergominerva.it\\\/de\\\/tur-heilige-marco\\\/\"]}]},{\"@type\":\"ImageObject\",\"inLanguage\":\"de\",\"@id\":\"https:\\\/\\\/www.albergominerva.it\\\/de\\\/tur-heilige-marco\\\/#primaryimage\",\"url\":\"https:\\\/\\\/www.albergominerva.it\\\/wp-content\\\/uploads\\\/2020\\\/02\\\/porta-san-marco-siena.png\",\"contentUrl\":\"https:\\\/\\\/www.albergominerva.it\\\/wp-content\\\/uploads\\\/2020\\\/02\\\/porta-san-marco-siena.png\"},{\"@type\":\"BreadcrumbList\",\"@id\":\"https:\\\/\\\/www.albergominerva.it\\\/de\\\/tur-heilige-marco\\\/#breadcrumb\",\"itemListElement\":[{\"@type\":\"ListItem\",\"position\":1,\"name\":\"Home\",\"item\":\"https:\\\/\\\/www.albergominerva.it\\\/de\\\/\"},{\"@type\":\"ListItem\",\"position\":2,\"name\":\"T\u00fcr heilige Marco\"}]},{\"@type\":\"WebSite\",\"@id\":\"https:\\\/\\\/www.albergominerva.it\\\/de\\\/#website\",\"url\":\"https:\\\/\\\/www.albergominerva.it\\\/de\\\/\",\"name\":\"Hotel Minerva Siena\",\"description\":\"Hotel in Centro Storico a Siena - Toscana - Italy\",\"potentialAction\":[{\"@type\":\"SearchAction\",\"target\":{\"@type\":\"EntryPoint\",\"urlTemplate\":\"https:\\\/\\\/www.albergominerva.it\\\/de\\\/?s={search_term_string}\"},\"query-input\":{\"@type\":\"PropertyValueSpecification\",\"valueRequired\":true,\"valueName\":\"search_term_string\"}}],\"inLanguage\":\"de\"}]}<\/script>\n<!-- \/ Yoast SEO plugin. -->","yoast_head_json":{"title":"T\u00fcr heilige Marco - Hotel Minerva Siena","robots":{"index":"index","follow":"follow","max-snippet":"max-snippet:-1","max-image-preview":"max-image-preview:large","max-video-preview":"max-video-preview:-1"},"canonical":"https:\/\/www.albergominerva.it\/de\/tur-heilige-marco\/","og_locale":"de_DE","og_type":"article","og_title":"T\u00fcr heilige Marco - Hotel Minerva Siena","og_description":"T\u00fcr heilige Marco in Siena Die San Marco T\u00fcr ist eine der sienesische T\u00fcren und hat ihren Namen von einem","og_url":"https:\/\/www.albergominerva.it\/de\/tur-heilige-marco\/","og_site_name":"Hotel Minerva Siena","article_modified_time":"2020-02-17T17:32:07+00:00","og_image":[{"url":"https:\/\/www.albergominerva.it\/wp-content\/uploads\/2020\/02\/porta-san-marco-siena.png","type":"","width":"","height":""}],"twitter_card":"summary_large_image","twitter_misc":{"Gesch\u00e4tzte Lesezeit":"1\u00a0Minute"},"schema":{"@context":"https:\/\/schema.org","@graph":[{"@type":"WebPage","@id":"https:\/\/www.albergominerva.it\/de\/tur-heilige-marco\/","url":"https:\/\/www.albergominerva.it\/de\/tur-heilige-marco\/","name":"T\u00fcr heilige Marco - Hotel Minerva Siena","isPartOf":{"@id":"https:\/\/www.albergominerva.it\/de\/#website"},"primaryImageOfPage":{"@id":"https:\/\/www.albergominerva.it\/de\/tur-heilige-marco\/#primaryimage"},"image":{"@id":"https:\/\/www.albergominerva.it\/de\/tur-heilige-marco\/#primaryimage"},"thumbnailUrl":"https:\/\/www.albergominerva.it\/wp-content\/uploads\/2020\/02\/porta-san-marco-siena.png","datePublished":"2020-02-17T17:32:05+00:00","dateModified":"2020-02-17T17:32:07+00:00","breadcrumb":{"@id":"https:\/\/www.albergominerva.it\/de\/tur-heilige-marco\/#breadcrumb"},"inLanguage":"de","potentialAction":[{"@type":"ReadAction","target":["https:\/\/www.albergominerva.it\/de\/tur-heilige-marco\/"]}]},{"@type":"ImageObject","inLanguage":"de","@id":"https:\/\/www.albergominerva.it\/de\/tur-heilige-marco\/#primaryimage","url":"https:\/\/www.albergominerva.it\/wp-content\/uploads\/2020\/02\/porta-san-marco-siena.png","contentUrl":"https:\/\/www.albergominerva.it\/wp-content\/uploads\/2020\/02\/porta-san-marco-siena.png"},{"@type":"BreadcrumbList","@id":"https:\/\/www.albergominerva.it\/de\/tur-heilige-marco\/#breadcrumb","itemListElement":[{"@type":"ListItem","position":1,"name":"Home","item":"https:\/\/www.albergominerva.it\/de\/"},{"@type":"ListItem","position":2,"name":"T\u00fcr heilige Marco"}]},{"@type":"WebSite","@id":"https:\/\/www.albergominerva.it\/de\/#website","url":"https:\/\/www.albergominerva.it\/de\/","name":"Hotel Minerva Siena","description":"Hotel in Centro Storico a Siena - Toscana - Italy","potentialAction":[{"@type":"SearchAction","target":{"@type":"EntryPoint","urlTemplate":"https:\/\/www.albergominerva.it\/de\/?s={search_term_string}"},"query-input":{"@type":"PropertyValueSpecification","valueRequired":true,"valueName":"search_term_string"}}],"inLanguage":"de"}]}},"_links":{"self":[{"href":"https:\/\/www.albergominerva.it\/de\/wp-json\/wp\/v2\/pages\/7876","targetHints":{"allow":["GET"]}}],"collection":[{"href":"https:\/\/www.albergominerva.it\/de\/wp-json\/wp\/v2\/pages"}],"about":[{"href":"https:\/\/www.albergominerva.it\/de\/wp-json\/wp\/v2\/types\/page"}],"author":[{"embeddable":true,"href":"https:\/\/www.albergominerva.it\/de\/wp-json\/wp\/v2\/users\/3"}],"replies":[{"embeddable":true,"href":"https:\/\/www.albergominerva.it\/de\/wp-json\/wp\/v2\/comments?post=7876"}],"version-history":[{"count":1,"href":"https:\/\/www.albergominerva.it\/de\/wp-json\/wp\/v2\/pages\/7876\/revisions"}],"predecessor-version":[{"id":7877,"href":"https:\/\/www.albergominerva.it\/de\/wp-json\/wp\/v2\/pages\/7876\/revisions\/7877"}],"wp:attachment":[{"href":"https:\/\/www.albergominerva.it\/de\/wp-json\/wp\/v2\/media?parent=7876"}],"curies":[{"name":"wp","href":"https:\/\/api.w.org\/{rel}","templated":true}]}}