{"id":7880,"date":"2020-02-17T18:34:12","date_gmt":"2020-02-17T17:34:12","guid":{"rendered":"https:\/\/www.albergominerva.it\/?page_id=7880"},"modified":"2020-02-17T18:34:13","modified_gmt":"2020-02-17T17:34:13","slug":"romisches-tur","status":"publish","type":"page","link":"https:\/\/www.albergominerva.it\/de\/romisches-tur\/","title":{"rendered":"R\u00f6misches T\u00fcr"},"content":{"rendered":"\n<p><\/p>\n\n\n\n<p><strong>R\u00f6misches T\u00fcr in Siena<\/strong><\/p>\n\n\n\n<figure class=\"wp-block-image size-large\"><img loading=\"lazy\" decoding=\"async\" width=\"554\" height=\"672\" src=\"https:\/\/www.albergominerva.it\/wp-content\/uploads\/2020\/02\/porta-romana-siena.png\" alt=\"\" class=\"wp-image-7641\" srcset=\"https:\/\/www.albergominerva.it\/wp-content\/uploads\/2020\/02\/porta-romana-siena.png 554w, https:\/\/www.albergominerva.it\/wp-content\/uploads\/2020\/02\/porta-romana-siena-247x300.png 247w\" sizes=\"auto, (max-width: 554px) 100vw, 554px\" \/><\/figure>\n\n\n\n<p>Auf dem Weg der ehemaligen  Stra\u00dfe Cassia ragt die R\u00f6misches T\u00fcr als eines der ber\u00fchmtesten und \u00e4ltesten T\u00fcren der Stadt Siena. Sie wurde zwischen 1327 und 1328 errichtet und von Agostino di Giovanni und Agnolo di Ventura entworfen.<\/p>\n\n\n\n<p>Der innere Teil der Vergangenheit wurde mit einer gro\u00dfartigen Darstellung der Jungfrau geschm\u00fcckt, die im Laufe der Zeit von mehreren Autoren angefertigt wurde, darunter Taddeo di Bartolo, Sassetto und Sano di Pietro, die ihn 1466 endg\u00fcltig abschlossen.<\/p>\n\n\n\n<p><strong>Ein Teil dieser Fresken ist noch in der Basilika von heilige Francesco zu sehen.<\/strong><\/p>\n\n\n\n<p>Auf der Au\u00dfenseite befindet sich jedoch ein Antemural mit zwei Steinw\u00f6lfen, das Giovanni di Stefano zugeschrieben wird.<\/p>\n\n\n\n<p>Die T\u00fcr Romana ersetzte eine fr\u00fchere T\u00fcr, die heilige Martino T\u00fcr.<\/p>\n","protected":false},"excerpt":{"rendered":"<p>R\u00f6misches T\u00fcr in Siena Auf dem Weg der ehemaligen Stra\u00dfe Cassia ragt die R\u00f6misches T\u00fcr als eines der ber\u00fchmtesten und<\/p>\n","protected":false},"author":3,"featured_media":0,"parent":0,"menu_order":0,"comment_status":"closed","ping_status":"closed","template":"","meta":{"_acf_changed":false,"footnotes":""},"class_list":["post-7880","page","type-page","status-publish","hentry"],"acf":[],"yoast_head":"<!-- This site is optimized with the Yoast SEO plugin v26.4 - https:\/\/yoast.com\/wordpress\/plugins\/seo\/ -->\n<title>R\u00f6misches T\u00fcr - Hotel Minerva Siena<\/title>\n<meta name=\"robots\" content=\"index, follow, max-snippet:-1, max-image-preview:large, max-video-preview:-1\" \/>\n<link rel=\"canonical\" href=\"https:\/\/www.albergominerva.it\/de\/romisches-tur\/\" \/>\n<meta property=\"og:locale\" content=\"de_DE\" \/>\n<meta property=\"og:type\" content=\"article\" \/>\n<meta property=\"og:title\" content=\"R\u00f6misches T\u00fcr - Hotel Minerva Siena\" \/>\n<meta property=\"og:description\" content=\"R\u00f6misches T\u00fcr in Siena Auf dem Weg der ehemaligen Stra\u00dfe Cassia ragt die R\u00f6misches T\u00fcr als eines der ber\u00fchmtesten und\" \/>\n<meta property=\"og:url\" content=\"https:\/\/www.albergominerva.it\/de\/romisches-tur\/\" \/>\n<meta property=\"og:site_name\" content=\"Hotel Minerva Siena\" \/>\n<meta property=\"article:modified_time\" content=\"2020-02-17T17:34:13+00:00\" \/>\n<meta property=\"og:image\" content=\"https:\/\/www.albergominerva.it\/wp-content\/uploads\/2020\/02\/porta-romana-siena.png\" \/>\n<meta name=\"twitter:card\" content=\"summary_large_image\" \/>\n<meta name=\"twitter:label1\" content=\"Gesch\u00e4tzte Lesezeit\" \/>\n\t<meta name=\"twitter:data1\" content=\"1\u00a0Minute\" \/>\n<script type=\"application\/ld+json\" class=\"yoast-schema-graph\">{\"@context\":\"https:\/\/schema.org\",\"@graph\":[{\"@type\":\"WebPage\",\"@id\":\"https:\/\/www.albergominerva.it\/de\/romisches-tur\/\",\"url\":\"https:\/\/www.albergominerva.it\/de\/romisches-tur\/\",\"name\":\"R\u00f6misches T\u00fcr - Hotel Minerva Siena\",\"isPartOf\":{\"@id\":\"https:\/\/www.albergominerva.it\/de\/#website\"},\"primaryImageOfPage\":{\"@id\":\"https:\/\/www.albergominerva.it\/de\/romisches-tur\/#primaryimage\"},\"image\":{\"@id\":\"https:\/\/www.albergominerva.it\/de\/romisches-tur\/#primaryimage\"},\"thumbnailUrl\":\"https:\/\/www.albergominerva.it\/wp-content\/uploads\/2020\/02\/porta-romana-siena.png\",\"datePublished\":\"2020-02-17T17:34:12+00:00\",\"dateModified\":\"2020-02-17T17:34:13+00:00\",\"breadcrumb\":{\"@id\":\"https:\/\/www.albergominerva.it\/de\/romisches-tur\/#breadcrumb\"},\"inLanguage\":\"de\",\"potentialAction\":[{\"@type\":\"ReadAction\",\"target\":[\"https:\/\/www.albergominerva.it\/de\/romisches-tur\/\"]}]},{\"@type\":\"ImageObject\",\"inLanguage\":\"de\",\"@id\":\"https:\/\/www.albergominerva.it\/de\/romisches-tur\/#primaryimage\",\"url\":\"https:\/\/www.albergominerva.it\/wp-content\/uploads\/2020\/02\/porta-romana-siena.png\",\"contentUrl\":\"https:\/\/www.albergominerva.it\/wp-content\/uploads\/2020\/02\/porta-romana-siena.png\"},{\"@type\":\"BreadcrumbList\",\"@id\":\"https:\/\/www.albergominerva.it\/de\/romisches-tur\/#breadcrumb\",\"itemListElement\":[{\"@type\":\"ListItem\",\"position\":1,\"name\":\"Home\",\"item\":\"https:\/\/www.albergominerva.it\/de\/\"},{\"@type\":\"ListItem\",\"position\":2,\"name\":\"R\u00f6misches T\u00fcr\"}]},{\"@type\":\"WebSite\",\"@id\":\"https:\/\/www.albergominerva.it\/de\/#website\",\"url\":\"https:\/\/www.albergominerva.it\/de\/\",\"name\":\"Hotel Minerva Siena\",\"description\":\"Hotel in Centro Storico a Siena - Toscana - Italy\",\"potentialAction\":[{\"@type\":\"SearchAction\",\"target\":{\"@type\":\"EntryPoint\",\"urlTemplate\":\"https:\/\/www.albergominerva.it\/de\/?s={search_term_string}\"},\"query-input\":{\"@type\":\"PropertyValueSpecification\",\"valueRequired\":true,\"valueName\":\"search_term_string\"}}],\"inLanguage\":\"de\"}]}<\/script>\n<!-- \/ Yoast SEO plugin. -->","yoast_head_json":{"title":"R\u00f6misches T\u00fcr - Hotel Minerva Siena","robots":{"index":"index","follow":"follow","max-snippet":"max-snippet:-1","max-image-preview":"max-image-preview:large","max-video-preview":"max-video-preview:-1"},"canonical":"https:\/\/www.albergominerva.it\/de\/romisches-tur\/","og_locale":"de_DE","og_type":"article","og_title":"R\u00f6misches T\u00fcr - Hotel Minerva Siena","og_description":"R\u00f6misches T\u00fcr in Siena Auf dem Weg der ehemaligen Stra\u00dfe Cassia ragt die R\u00f6misches T\u00fcr als eines der ber\u00fchmtesten und","og_url":"https:\/\/www.albergominerva.it\/de\/romisches-tur\/","og_site_name":"Hotel Minerva Siena","article_modified_time":"2020-02-17T17:34:13+00:00","og_image":[{"url":"https:\/\/www.albergominerva.it\/wp-content\/uploads\/2020\/02\/porta-romana-siena.png","type":"","width":"","height":""}],"twitter_card":"summary_large_image","twitter_misc":{"Gesch\u00e4tzte Lesezeit":"1\u00a0Minute"},"schema":{"@context":"https:\/\/schema.org","@graph":[{"@type":"WebPage","@id":"https:\/\/www.albergominerva.it\/de\/romisches-tur\/","url":"https:\/\/www.albergominerva.it\/de\/romisches-tur\/","name":"R\u00f6misches T\u00fcr - Hotel Minerva Siena","isPartOf":{"@id":"https:\/\/www.albergominerva.it\/de\/#website"},"primaryImageOfPage":{"@id":"https:\/\/www.albergominerva.it\/de\/romisches-tur\/#primaryimage"},"image":{"@id":"https:\/\/www.albergominerva.it\/de\/romisches-tur\/#primaryimage"},"thumbnailUrl":"https:\/\/www.albergominerva.it\/wp-content\/uploads\/2020\/02\/porta-romana-siena.png","datePublished":"2020-02-17T17:34:12+00:00","dateModified":"2020-02-17T17:34:13+00:00","breadcrumb":{"@id":"https:\/\/www.albergominerva.it\/de\/romisches-tur\/#breadcrumb"},"inLanguage":"de","potentialAction":[{"@type":"ReadAction","target":["https:\/\/www.albergominerva.it\/de\/romisches-tur\/"]}]},{"@type":"ImageObject","inLanguage":"de","@id":"https:\/\/www.albergominerva.it\/de\/romisches-tur\/#primaryimage","url":"https:\/\/www.albergominerva.it\/wp-content\/uploads\/2020\/02\/porta-romana-siena.png","contentUrl":"https:\/\/www.albergominerva.it\/wp-content\/uploads\/2020\/02\/porta-romana-siena.png"},{"@type":"BreadcrumbList","@id":"https:\/\/www.albergominerva.it\/de\/romisches-tur\/#breadcrumb","itemListElement":[{"@type":"ListItem","position":1,"name":"Home","item":"https:\/\/www.albergominerva.it\/de\/"},{"@type":"ListItem","position":2,"name":"R\u00f6misches T\u00fcr"}]},{"@type":"WebSite","@id":"https:\/\/www.albergominerva.it\/de\/#website","url":"https:\/\/www.albergominerva.it\/de\/","name":"Hotel Minerva Siena","description":"Hotel in Centro Storico a Siena - Toscana - Italy","potentialAction":[{"@type":"SearchAction","target":{"@type":"EntryPoint","urlTemplate":"https:\/\/www.albergominerva.it\/de\/?s={search_term_string}"},"query-input":{"@type":"PropertyValueSpecification","valueRequired":true,"valueName":"search_term_string"}}],"inLanguage":"de"}]}},"_links":{"self":[{"href":"https:\/\/www.albergominerva.it\/de\/wp-json\/wp\/v2\/pages\/7880","targetHints":{"allow":["GET"]}}],"collection":[{"href":"https:\/\/www.albergominerva.it\/de\/wp-json\/wp\/v2\/pages"}],"about":[{"href":"https:\/\/www.albergominerva.it\/de\/wp-json\/wp\/v2\/types\/page"}],"author":[{"embeddable":true,"href":"https:\/\/www.albergominerva.it\/de\/wp-json\/wp\/v2\/users\/3"}],"replies":[{"embeddable":true,"href":"https:\/\/www.albergominerva.it\/de\/wp-json\/wp\/v2\/comments?post=7880"}],"version-history":[{"count":1,"href":"https:\/\/www.albergominerva.it\/de\/wp-json\/wp\/v2\/pages\/7880\/revisions"}],"predecessor-version":[{"id":7881,"href":"https:\/\/www.albergominerva.it\/de\/wp-json\/wp\/v2\/pages\/7880\/revisions\/7881"}],"wp:attachment":[{"href":"https:\/\/www.albergominerva.it\/de\/wp-json\/wp\/v2\/media?parent=7880"}],"curies":[{"name":"wp","href":"https:\/\/api.w.org\/{rel}","templated":true}]}}