{"id":7908,"date":"2020-02-18T10:45:54","date_gmt":"2020-02-18T09:45:54","guid":{"rendered":"https:\/\/www.albergominerva.it\/?page_id=7908"},"modified":"2020-02-19T02:25:39","modified_gmt":"2020-02-19T01:25:39","slug":"hotel-in-in-siena-ganz-einfach-erreichbar-von-die-santa-maria-dei-servi-basilika","status":"publish","type":"page","link":"https:\/\/www.albergominerva.it\/de\/hotel-in-in-siena-ganz-einfach-erreichbar-von-die-santa-maria-dei-servi-basilika\/","title":{"rendered":"Hotel in in Siena ganz einfach erreichbar von die &#8222;Santa Maria dei Servi&#8220; Basilika"},"content":{"rendered":"\n<p><\/p>\n\n\n\n<p><strong>Suchen Sie ein Hotel ganz einfach erreichbar von die &#8222;Santa Maria dei Servi&#8220; Basilika?<\/strong><\/p>\n\n\n\n<p>Dann empfehlen wir Ihnen eine Reservierung im Hotel Minerva, einem herrlichen 3-Sterne-Hotel genau nahe von Zentrum, nur wenige Schritte von die &#8222;Santa Maria dei Servi&#8220; Basilika entfernt.<\/p>\n\n\n\n<figure><iframe loading=\"lazy\" src=\"https:\/\/www.google.com\/maps\/embed?pb=!1m28!1m12!1m3!1d5805.45105787843!2d11.328790676433838!3d43.32000481653635!2m3!1f0!2f0!3f0!3m2!1i1024!2i768!4f13.1!4m13!3e2!4m5!1s0x132a2cb3ce86691d%3A0x39793bfb1f56bfba!2sBasilica+di+San+Clemente+in+Santa+Maria+dei+Servi%2C+Piazza+Manzoni%2C+Siena%2C+Province+of+Siena!3m2!1d43.3151882!2d11.3382533!4m5!1s0x132a2cc7df55564d%3A0xbb55bddd311ac99b!2sHOTEL+MINERVA%2C+Via+Giuseppe+Garibaldi%2C+Siena%2C+Province+of+Siena!3m2!1d43.324607!2d11.331828!5e0!3m2!1sen!2sit!4v1524757709261\" width=\"600\" height=\"450\" allowfullscreen=\"allowfullscreen\"><\/iframe><\/figure>\n\n\n\n<p>In diesem Hotel hat man eine Bar, einen kostenpflichtigen \u00fcberdachten Parkplatz mit 20 verf\u00fcgbare Pl\u00e4tze und direkten Zugang zum Hotel. Man kann dort finden 56 klimatisierte Zimmer, alle mit WLAN-Verbindung und unterteilt in Easy-Economy, Elegant-Standard, Junior-Suite und Double-Junior-Suite.<\/p>\n\n\n\n<p>Die Easy-Zimmer findet man drin und haben eine Fl\u00e4che ab 16 m\u00b2.<\/p>\n\n\n\n<p>Die eleganten Zimmer hier gehen nach das historische Zentrum von Siena und gehen ab 19 m\u00b2 aus .<\/p>\n\n\n\n<p>Die Junior Suiten hier gehen nach die heilige Francesco Basilika und Provenzano und gehen ab 22 m\u00b2 aus.<\/p>\n\n\n\n<p>Die Double Junior Suiten hier gehen nach das historische Zentrum von Siena und haben eine Fl\u00e4che ab 19 m\u00b2 und eine Terrasse auf Anfrage.<\/p>\n\n\n\n<p>So kann man, aus verschiedenen L\u00f6sungen f\u00fcr Ihren Aufenthalt zum Spa\u00df oder zur Arbeit auszuw\u00e4hlen, von denen viele einen Panoramablick auf Siena bieten.<br>\nDas Hotel Minerva beherbergt in regelm\u00e4\u00dfigen Abst\u00e4nden eine echte Galerie f\u00fcr moderne Kunst, die die Werke von sienesischen Malern pr\u00e4sentiert.<\/p>\n\n\n\n<p>Unser Hotel ganz einfach erreichbar von &#8222;Santa Maria dei Servi&#8220; Basilika ist ruhig und eignet sich hervorragend f\u00fcr Familien mit Kindern. Wir haben sogar Kinderbetten zur Verf\u00fcgung, sowie Flaschenw\u00e4rmer, Sterilisatoren und ein Indoor-Spielzimmer.<\/p>\n\n\n\n<p><strong>Das Minerva liegt auch ganz einfach erreichbar von zwei Spielpl\u00e4tzen und dem Orto de &#8218;Pecci, einem herrlichen Garten mit Nutztieren.<\/strong><\/p>\n\n\n\n<p>Das Minerva Hotel nicht weit von &#8222;Santa Maria dei Servi&#8220; Basilika hat alles f\u00fcr Gesch\u00e4ftstreffen, da es \u00fcber eine WLAN-Verbindung und einen Tagungsraum mit Blick auf das historische Zentrum von Siena verf\u00fcgt, der Platz f\u00fcr bis zu 40 Personen bietet und stellt auch LED-Fernseher, Projektor, Overheadprojektor und alle wichtigen Ger\u00e4te zur Verf\u00fcgung.<\/p>\n\n\n\n<p>Aus Fr\u00fchst\u00fccks Standpunkt bietet das Hotel Minerva ein exquisites italienisches, internationales Fr\u00fchst\u00fcck mit echten und ausgew\u00e4hlten Marmeladen.<\/p>\n\n\n\n<p><strong>Das Hotel ist genau nahe auf das Zentrum in Siena in der Stra\u00dfe Garibaldi 72, nur 2 Autominuten vom Bahnhof entfernt und in einer NON-ZTL-Bereich.<\/strong><\/p>\n\n\n\n<p>Um eine Reservierung f\u00fcr dieses Hotel in Siena in den angrenzenden Gebieten von &#8222;Santa Maria dei Servi&#8220; Basilika vorzunehmen, klicken Sie oben rechts auf Buchen oder rufen Sie die Telefonnummer 0577.284474 an oder senden Sie eine E-Mail an info@albergominerva.it.<\/p>\n\n\n\n<p>Wenn Sie diese Nummer kontaktieren oder \u00fcber die Website buchen, haben Sie die M\u00f6glichkeit, erhebliche Einsparungen zu erzielen, da wir Ihnen immer die Bestpreisgarantie gew\u00e4hrleisten.<\/p>\n\n\n\n<p>M\u00f6glichkeiten f\u00fcr Kunden<\/p>\n\n\n\n<p>Garage verf\u00fcgbar mit eine Extra bezahlung<\/p>\n\n\n\n<p>Informations- und F\u00fchrungdienst<\/p>\n\n\n\n<p>Routen besser geeignet<\/p>\n","protected":false},"excerpt":{"rendered":"<p>Suchen Sie ein Hotel ganz einfach erreichbar von die &#8222;Santa Maria dei Servi&#8220; Basilika? Dann empfehlen wir Ihnen eine Reservierung<\/p>\n","protected":false},"author":3,"featured_media":0,"parent":0,"menu_order":0,"comment_status":"closed","ping_status":"closed","template":"","meta":{"_acf_changed":false,"footnotes":""},"class_list":["post-7908","page","type-page","status-publish","hentry"],"acf":[],"yoast_head":"<!-- This site is optimized with the Yoast SEO plugin v27.4 - https:\/\/yoast.com\/product\/yoast-seo-wordpress\/ -->\n<title>Hotel in in Siena ganz einfach erreichbar von die &quot;Santa Maria dei Servi&quot; Basilika - Hotel Minerva Siena<\/title>\n<meta name=\"robots\" content=\"index, follow, max-snippet:-1, max-image-preview:large, max-video-preview:-1\" \/>\n<link rel=\"canonical\" href=\"https:\/\/www.albergominerva.it\/de\/hotel-in-in-siena-ganz-einfach-erreichbar-von-die-santa-maria-dei-servi-basilika\/\" \/>\n<meta property=\"og:locale\" content=\"de_DE\" \/>\n<meta property=\"og:type\" content=\"article\" \/>\n<meta property=\"og:title\" content=\"Hotel in in Siena ganz einfach erreichbar von die &quot;Santa Maria dei Servi&quot; Basilika - Hotel Minerva Siena\" \/>\n<meta property=\"og:description\" content=\"Suchen Sie ein Hotel ganz einfach erreichbar von die &#8222;Santa Maria dei Servi&#8220; Basilika? Dann empfehlen wir Ihnen eine Reservierung\" \/>\n<meta property=\"og:url\" content=\"https:\/\/www.albergominerva.it\/de\/hotel-in-in-siena-ganz-einfach-erreichbar-von-die-santa-maria-dei-servi-basilika\/\" \/>\n<meta property=\"og:site_name\" content=\"Hotel Minerva Siena\" \/>\n<meta property=\"article:modified_time\" content=\"2020-02-19T01:25:39+00:00\" \/>\n<meta name=\"twitter:card\" content=\"summary_large_image\" \/>\n<meta name=\"twitter:label1\" content=\"Gesch\u00e4tzte Lesezeit\" \/>\n\t<meta name=\"twitter:data1\" content=\"2\u00a0Minuten\" \/>\n<script type=\"application\/ld+json\" class=\"yoast-schema-graph\">{\"@context\":\"https:\\\/\\\/schema.org\",\"@graph\":[{\"@type\":\"WebPage\",\"@id\":\"https:\\\/\\\/www.albergominerva.it\\\/de\\\/hotel-in-in-siena-ganz-einfach-erreichbar-von-die-santa-maria-dei-servi-basilika\\\/\",\"url\":\"https:\\\/\\\/www.albergominerva.it\\\/de\\\/hotel-in-in-siena-ganz-einfach-erreichbar-von-die-santa-maria-dei-servi-basilika\\\/\",\"name\":\"Hotel in in Siena ganz einfach erreichbar von die \\\"Santa Maria dei Servi\\\" Basilika - Hotel Minerva Siena\",\"isPartOf\":{\"@id\":\"https:\\\/\\\/www.albergominerva.it\\\/de\\\/#website\"},\"datePublished\":\"2020-02-18T09:45:54+00:00\",\"dateModified\":\"2020-02-19T01:25:39+00:00\",\"breadcrumb\":{\"@id\":\"https:\\\/\\\/www.albergominerva.it\\\/de\\\/hotel-in-in-siena-ganz-einfach-erreichbar-von-die-santa-maria-dei-servi-basilika\\\/#breadcrumb\"},\"inLanguage\":\"de\",\"potentialAction\":[{\"@type\":\"ReadAction\",\"target\":[\"https:\\\/\\\/www.albergominerva.it\\\/de\\\/hotel-in-in-siena-ganz-einfach-erreichbar-von-die-santa-maria-dei-servi-basilika\\\/\"]}]},{\"@type\":\"BreadcrumbList\",\"@id\":\"https:\\\/\\\/www.albergominerva.it\\\/de\\\/hotel-in-in-siena-ganz-einfach-erreichbar-von-die-santa-maria-dei-servi-basilika\\\/#breadcrumb\",\"itemListElement\":[{\"@type\":\"ListItem\",\"position\":1,\"name\":\"Home\",\"item\":\"https:\\\/\\\/www.albergominerva.it\\\/de\\\/\"},{\"@type\":\"ListItem\",\"position\":2,\"name\":\"Hotel in in Siena ganz einfach erreichbar von die &#8222;Santa Maria dei Servi&#8220; Basilika\"}]},{\"@type\":\"WebSite\",\"@id\":\"https:\\\/\\\/www.albergominerva.it\\\/de\\\/#website\",\"url\":\"https:\\\/\\\/www.albergominerva.it\\\/de\\\/\",\"name\":\"Hotel Minerva Siena\",\"description\":\"Hotel in Centro Storico a Siena - Toscana - Italy\",\"potentialAction\":[{\"@type\":\"SearchAction\",\"target\":{\"@type\":\"EntryPoint\",\"urlTemplate\":\"https:\\\/\\\/www.albergominerva.it\\\/de\\\/?s={search_term_string}\"},\"query-input\":{\"@type\":\"PropertyValueSpecification\",\"valueRequired\":true,\"valueName\":\"search_term_string\"}}],\"inLanguage\":\"de\"}]}<\/script>\n<!-- \/ Yoast SEO plugin. -->","yoast_head_json":{"title":"Hotel in in Siena ganz einfach erreichbar von die \"Santa Maria dei Servi\" Basilika - Hotel Minerva Siena","robots":{"index":"index","follow":"follow","max-snippet":"max-snippet:-1","max-image-preview":"max-image-preview:large","max-video-preview":"max-video-preview:-1"},"canonical":"https:\/\/www.albergominerva.it\/de\/hotel-in-in-siena-ganz-einfach-erreichbar-von-die-santa-maria-dei-servi-basilika\/","og_locale":"de_DE","og_type":"article","og_title":"Hotel in in Siena ganz einfach erreichbar von die \"Santa Maria dei Servi\" Basilika - Hotel Minerva Siena","og_description":"Suchen Sie ein Hotel ganz einfach erreichbar von die &#8222;Santa Maria dei Servi&#8220; Basilika? Dann empfehlen wir Ihnen eine Reservierung","og_url":"https:\/\/www.albergominerva.it\/de\/hotel-in-in-siena-ganz-einfach-erreichbar-von-die-santa-maria-dei-servi-basilika\/","og_site_name":"Hotel Minerva Siena","article_modified_time":"2020-02-19T01:25:39+00:00","twitter_card":"summary_large_image","twitter_misc":{"Gesch\u00e4tzte Lesezeit":"2\u00a0Minuten"},"schema":{"@context":"https:\/\/schema.org","@graph":[{"@type":"WebPage","@id":"https:\/\/www.albergominerva.it\/de\/hotel-in-in-siena-ganz-einfach-erreichbar-von-die-santa-maria-dei-servi-basilika\/","url":"https:\/\/www.albergominerva.it\/de\/hotel-in-in-siena-ganz-einfach-erreichbar-von-die-santa-maria-dei-servi-basilika\/","name":"Hotel in in Siena ganz einfach erreichbar von die \"Santa Maria dei Servi\" Basilika - Hotel Minerva Siena","isPartOf":{"@id":"https:\/\/www.albergominerva.it\/de\/#website"},"datePublished":"2020-02-18T09:45:54+00:00","dateModified":"2020-02-19T01:25:39+00:00","breadcrumb":{"@id":"https:\/\/www.albergominerva.it\/de\/hotel-in-in-siena-ganz-einfach-erreichbar-von-die-santa-maria-dei-servi-basilika\/#breadcrumb"},"inLanguage":"de","potentialAction":[{"@type":"ReadAction","target":["https:\/\/www.albergominerva.it\/de\/hotel-in-in-siena-ganz-einfach-erreichbar-von-die-santa-maria-dei-servi-basilika\/"]}]},{"@type":"BreadcrumbList","@id":"https:\/\/www.albergominerva.it\/de\/hotel-in-in-siena-ganz-einfach-erreichbar-von-die-santa-maria-dei-servi-basilika\/#breadcrumb","itemListElement":[{"@type":"ListItem","position":1,"name":"Home","item":"https:\/\/www.albergominerva.it\/de\/"},{"@type":"ListItem","position":2,"name":"Hotel in in Siena ganz einfach erreichbar von die &#8222;Santa Maria dei Servi&#8220; Basilika"}]},{"@type":"WebSite","@id":"https:\/\/www.albergominerva.it\/de\/#website","url":"https:\/\/www.albergominerva.it\/de\/","name":"Hotel Minerva Siena","description":"Hotel in Centro Storico a Siena - Toscana - Italy","potentialAction":[{"@type":"SearchAction","target":{"@type":"EntryPoint","urlTemplate":"https:\/\/www.albergominerva.it\/de\/?s={search_term_string}"},"query-input":{"@type":"PropertyValueSpecification","valueRequired":true,"valueName":"search_term_string"}}],"inLanguage":"de"}]}},"_links":{"self":[{"href":"https:\/\/www.albergominerva.it\/de\/wp-json\/wp\/v2\/pages\/7908","targetHints":{"allow":["GET"]}}],"collection":[{"href":"https:\/\/www.albergominerva.it\/de\/wp-json\/wp\/v2\/pages"}],"about":[{"href":"https:\/\/www.albergominerva.it\/de\/wp-json\/wp\/v2\/types\/page"}],"author":[{"embeddable":true,"href":"https:\/\/www.albergominerva.it\/de\/wp-json\/wp\/v2\/users\/3"}],"replies":[{"embeddable":true,"href":"https:\/\/www.albergominerva.it\/de\/wp-json\/wp\/v2\/comments?post=7908"}],"version-history":[{"count":2,"href":"https:\/\/www.albergominerva.it\/de\/wp-json\/wp\/v2\/pages\/7908\/revisions"}],"predecessor-version":[{"id":8037,"href":"https:\/\/www.albergominerva.it\/de\/wp-json\/wp\/v2\/pages\/7908\/revisions\/8037"}],"wp:attachment":[{"href":"https:\/\/www.albergominerva.it\/de\/wp-json\/wp\/v2\/media?parent=7908"}],"curies":[{"name":"wp","href":"https:\/\/api.w.org\/{rel}","templated":true}]}}