{"id":7913,"date":"2020-02-18T11:04:54","date_gmt":"2020-02-18T10:04:54","guid":{"rendered":"https:\/\/www.albergominerva.it\/?page_id=7913"},"modified":"2020-02-19T02:20:25","modified_gmt":"2020-02-19T01:20:25","slug":"hotel-dass-liegt-in-siena-in-den-angrenzenden-gebieten-von-die-basilika-santa-maria-dei-servi","status":"publish","type":"page","link":"https:\/\/www.albergominerva.it\/de\/hotel-dass-liegt-in-siena-in-den-angrenzenden-gebieten-von-die-basilika-santa-maria-dei-servi\/","title":{"rendered":"Hotel dass liegt in Siena, in den angrenzenden Gebieten von die Basilika Santa Maria dei Servi"},"content":{"rendered":"\n<p><\/p>\n\n\n\n<p><strong>Suchen Sie ein Hotel nicht weit von die Basilika Santa Maria dei Servi?<\/strong><\/p>\n\n\n\n<p>Deswegen wir empfhelen Ihnen einen Blick im Hotel Minerva, einem herrlichen 3-Sterne-Hotel im historischen Zentrum von Siena, nur wenige Schritte von die Basilika Santa Maria dei Servi entfernt.<\/p>\n\n\n\n<figure><iframe loading=\"lazy\" src=\"https:\/\/www.google.com\/maps\/embed?pb=!1m28!1m12!1m3!1d5805.45105787843!2d11.328790676433838!3d43.32000481653635!2m3!1f0!2f0!3f0!3m2!1i1024!2i768!4f13.1!4m13!3e2!4m5!1s0x132a2cb3ce86691d%3A0x39793bfb1f56bfba!2sBasilica+di+San+Clemente+in+Santa+Maria+dei+Servi%2C+Piazza+Manzoni%2C+Siena%2C+Province+of+Siena!3m2!1d43.3151882!2d11.3382533!4m5!1s0x132a2cc7df55564d%3A0xbb55bddd311ac99b!2sHOTEL+MINERVA%2C+Via+Giuseppe+Garibaldi%2C+Siena%2C+Province+of+Siena!3m2!1d43.324607!2d11.331828!5e0!3m2!1sen!2sit!4v1524757709261\" width=\"600\" height=\"450\" allowfullscreen=\"allowfullscreen\"><\/iframe><\/figure>\n\n\n\n<p>Das Minerva zahl eine Bar, einen kostenpflichtigen \u00fcberdachten Parkplatz mit 20 verf\u00fcgbare Pl\u00e4tze und direkten Zugang zum Hotel. Sie finden 56 klimatisierte Zimmer, alle mit WLAN-Verbindung und unterteilt in Easy-Economy, Elegant-Standard, Junior-Suite und Double-Junior-Suite.<\/p>\n\n\n\n<p>Die Easy-Zimmer findet man drin und haben eine Fl\u00e4che ab 16 m\u00b2.<\/p>\n\n\n\n<p>Die eleganten Zimmer geben eine Aussicht auf das historische Zentrum von Siena und gehen ab 19 m\u00b2 aus .<\/p>\n\n\n\n<p>Die Junior Suiten zeigen alle die heilige Francesco Basilika und Provenzano und gehen ab 22 m\u00b2 aus.<\/p>\n\n\n\n<p>Die Double Junior Suiten zeigen alle das historische Zentrum von Siena und haben eine Fl\u00e4che ab 19 m\u00b2 und eine Terrasse auf Anfrage.<\/p>\n\n\n\n<p>Sie haben somit die M\u00f6glichkeit, aus verschiedenen L\u00f6sungen f\u00fcr Ihren Aufenthalt zum Spa\u00df oder zur Arbeit auszuw\u00e4hlen, von denen viele einen Panoramablick auf Siena bieten.<\/p>\n\n\n\n<p><br><strong>Das Hotel Minerva bietet zu den G\u00e4sten in regelm\u00e4\u00dfigen Abst\u00e4nden eine echte Galerie f\u00fcr moderne Kunst, die die Werke von sienesischen Malern pr\u00e4sentiert.<\/strong><\/p>\n\n\n\n<p>Unser Hotel in den angrenzenden Gebieten von die Basilika Santa Maria dei Servi ist ruhig und eignet sich hervorragend f\u00fcr Familien mit Kindern. Wir haben sogar Kinderbetten zur Verf\u00fcgung, sowie Flaschenw\u00e4rmer, Sterilisatoren und ein Indoor-Spielzimmer.<\/p>\n\n\n\n<p><strong>Das Minerva liegt auch nicht weit von zwei Spielpl\u00e4tzen und dem Orto de &#8218;Pecci, einem herrlichen Garten mit Nutztieren.<\/strong><\/p>\n\n\n\n<p>Das Minerva Hotel in den angrenzenden Gebieten von die Basilika Santa Maria dei Servi passt ganz gut f\u00fcr Gesch\u00e4ftstreffen, da es \u00fcber eine WLAN-Verbindung und einen Tagungsraum mit Blick auf das historische Zentrum von Siena verf\u00fcgt, der Platz f\u00fcr bis zu 40 Personen bietet und stellt auch LED-Fernseher, Projektor, Overheadprojektor und alle wichtigen Ger\u00e4te zur Verf\u00fcgung.<\/p>\n\n\n\n<p><strong>Aus Fr\u00fchst\u00fccks Standpunkt hat man ein exquisites italienisches, internationales Fr\u00fchst\u00fcck mit echten und ausgew\u00e4hlten Marmeladen.<\/strong><\/p>\n\n\n\n<p>Das Hotel kann man finden in Siena in der Stra\u00dfe Garibaldi 72, nur 2 Autominuten vom Bahnhof entfernt und in einer NON-ZTL-Bereich.<\/p>\n\n\n\n<p>Um eine Reservierung f\u00fcr dieses Hotel in Siena in der N\u00e4he von die Basilika Santa Maria dei Servi vorzunehmen, klicken Sie oben rechts auf Buchen oder rufen Sie die Telefonnummer 0577.284474 an oder senden Sie eine E-Mail an info@albergominerva.it.<\/p>\n\n\n\n<p>Wenn Sie diese Nummer kontaktieren oder \u00fcber die Website buchen, k\u00f6nnen sie gerne, erhebliche Einsparungen zu erzielen, da wir Ihnen immer die Bestpreisgarantie gew\u00e4hrleisten.<\/p>\n\n\n\n<p>Leistungen f\u00fcr die G\u00e4ste<\/p>\n\n\n\n<p>kostenpflichtige Garage mit Video\u00fcberwachung<\/p>\n\n\n\n<p>Angaben und F\u00fchrungen<\/p>\n\n\n\n<p>Routen besser geeignet<\/p>\n","protected":false},"excerpt":{"rendered":"<p>Suchen Sie ein Hotel nicht weit von die Basilika Santa Maria dei Servi? Deswegen wir empfhelen Ihnen einen Blick im<\/p>\n","protected":false},"author":3,"featured_media":0,"parent":0,"menu_order":0,"comment_status":"closed","ping_status":"closed","template":"","meta":{"_acf_changed":false,"footnotes":""},"class_list":["post-7913","page","type-page","status-publish","hentry"],"acf":[],"yoast_head":"<!-- This site is optimized with the Yoast SEO plugin v26.4 - https:\/\/yoast.com\/wordpress\/plugins\/seo\/ -->\n<title>Hotel dass liegt in Siena, in den angrenzenden Gebieten von die Basilika Santa Maria dei Servi - Hotel Minerva Siena<\/title>\n<meta name=\"robots\" content=\"index, follow, max-snippet:-1, max-image-preview:large, max-video-preview:-1\" \/>\n<link rel=\"canonical\" href=\"https:\/\/www.albergominerva.it\/de\/hotel-dass-liegt-in-siena-in-den-angrenzenden-gebieten-von-die-basilika-santa-maria-dei-servi\/\" \/>\n<meta property=\"og:locale\" content=\"de_DE\" \/>\n<meta property=\"og:type\" content=\"article\" \/>\n<meta property=\"og:title\" content=\"Hotel dass liegt in Siena, in den angrenzenden Gebieten von die Basilika Santa Maria dei Servi - Hotel Minerva Siena\" \/>\n<meta property=\"og:description\" content=\"Suchen Sie ein Hotel nicht weit von die Basilika Santa Maria dei Servi? Deswegen wir empfhelen Ihnen einen Blick im\" \/>\n<meta property=\"og:url\" content=\"https:\/\/www.albergominerva.it\/de\/hotel-dass-liegt-in-siena-in-den-angrenzenden-gebieten-von-die-basilika-santa-maria-dei-servi\/\" \/>\n<meta property=\"og:site_name\" content=\"Hotel Minerva Siena\" \/>\n<meta property=\"article:modified_time\" content=\"2020-02-19T01:20:25+00:00\" \/>\n<meta name=\"twitter:card\" content=\"summary_large_image\" \/>\n<meta name=\"twitter:label1\" content=\"Gesch\u00e4tzte Lesezeit\" \/>\n\t<meta name=\"twitter:data1\" content=\"2\u00a0Minuten\" \/>\n<script type=\"application\/ld+json\" class=\"yoast-schema-graph\">{\"@context\":\"https:\/\/schema.org\",\"@graph\":[{\"@type\":\"WebPage\",\"@id\":\"https:\/\/www.albergominerva.it\/de\/hotel-dass-liegt-in-siena-in-den-angrenzenden-gebieten-von-die-basilika-santa-maria-dei-servi\/\",\"url\":\"https:\/\/www.albergominerva.it\/de\/hotel-dass-liegt-in-siena-in-den-angrenzenden-gebieten-von-die-basilika-santa-maria-dei-servi\/\",\"name\":\"Hotel dass liegt in Siena, in den angrenzenden Gebieten von die Basilika Santa Maria dei Servi - Hotel Minerva Siena\",\"isPartOf\":{\"@id\":\"https:\/\/www.albergominerva.it\/de\/#website\"},\"datePublished\":\"2020-02-18T10:04:54+00:00\",\"dateModified\":\"2020-02-19T01:20:25+00:00\",\"breadcrumb\":{\"@id\":\"https:\/\/www.albergominerva.it\/de\/hotel-dass-liegt-in-siena-in-den-angrenzenden-gebieten-von-die-basilika-santa-maria-dei-servi\/#breadcrumb\"},\"inLanguage\":\"de\",\"potentialAction\":[{\"@type\":\"ReadAction\",\"target\":[\"https:\/\/www.albergominerva.it\/de\/hotel-dass-liegt-in-siena-in-den-angrenzenden-gebieten-von-die-basilika-santa-maria-dei-servi\/\"]}]},{\"@type\":\"BreadcrumbList\",\"@id\":\"https:\/\/www.albergominerva.it\/de\/hotel-dass-liegt-in-siena-in-den-angrenzenden-gebieten-von-die-basilika-santa-maria-dei-servi\/#breadcrumb\",\"itemListElement\":[{\"@type\":\"ListItem\",\"position\":1,\"name\":\"Home\",\"item\":\"https:\/\/www.albergominerva.it\/de\/\"},{\"@type\":\"ListItem\",\"position\":2,\"name\":\"Hotel dass liegt in Siena, in den angrenzenden Gebieten von die Basilika Santa Maria dei Servi\"}]},{\"@type\":\"WebSite\",\"@id\":\"https:\/\/www.albergominerva.it\/de\/#website\",\"url\":\"https:\/\/www.albergominerva.it\/de\/\",\"name\":\"Hotel Minerva Siena\",\"description\":\"Hotel in Centro Storico a Siena - Toscana - Italy\",\"potentialAction\":[{\"@type\":\"SearchAction\",\"target\":{\"@type\":\"EntryPoint\",\"urlTemplate\":\"https:\/\/www.albergominerva.it\/de\/?s={search_term_string}\"},\"query-input\":{\"@type\":\"PropertyValueSpecification\",\"valueRequired\":true,\"valueName\":\"search_term_string\"}}],\"inLanguage\":\"de\"}]}<\/script>\n<!-- \/ Yoast SEO plugin. -->","yoast_head_json":{"title":"Hotel dass liegt in Siena, in den angrenzenden Gebieten von die Basilika Santa Maria dei Servi - Hotel Minerva Siena","robots":{"index":"index","follow":"follow","max-snippet":"max-snippet:-1","max-image-preview":"max-image-preview:large","max-video-preview":"max-video-preview:-1"},"canonical":"https:\/\/www.albergominerva.it\/de\/hotel-dass-liegt-in-siena-in-den-angrenzenden-gebieten-von-die-basilika-santa-maria-dei-servi\/","og_locale":"de_DE","og_type":"article","og_title":"Hotel dass liegt in Siena, in den angrenzenden Gebieten von die Basilika Santa Maria dei Servi - Hotel Minerva Siena","og_description":"Suchen Sie ein Hotel nicht weit von die Basilika Santa Maria dei Servi? Deswegen wir empfhelen Ihnen einen Blick im","og_url":"https:\/\/www.albergominerva.it\/de\/hotel-dass-liegt-in-siena-in-den-angrenzenden-gebieten-von-die-basilika-santa-maria-dei-servi\/","og_site_name":"Hotel Minerva Siena","article_modified_time":"2020-02-19T01:20:25+00:00","twitter_card":"summary_large_image","twitter_misc":{"Gesch\u00e4tzte Lesezeit":"2\u00a0Minuten"},"schema":{"@context":"https:\/\/schema.org","@graph":[{"@type":"WebPage","@id":"https:\/\/www.albergominerva.it\/de\/hotel-dass-liegt-in-siena-in-den-angrenzenden-gebieten-von-die-basilika-santa-maria-dei-servi\/","url":"https:\/\/www.albergominerva.it\/de\/hotel-dass-liegt-in-siena-in-den-angrenzenden-gebieten-von-die-basilika-santa-maria-dei-servi\/","name":"Hotel dass liegt in Siena, in den angrenzenden Gebieten von die Basilika Santa Maria dei Servi - Hotel Minerva Siena","isPartOf":{"@id":"https:\/\/www.albergominerva.it\/de\/#website"},"datePublished":"2020-02-18T10:04:54+00:00","dateModified":"2020-02-19T01:20:25+00:00","breadcrumb":{"@id":"https:\/\/www.albergominerva.it\/de\/hotel-dass-liegt-in-siena-in-den-angrenzenden-gebieten-von-die-basilika-santa-maria-dei-servi\/#breadcrumb"},"inLanguage":"de","potentialAction":[{"@type":"ReadAction","target":["https:\/\/www.albergominerva.it\/de\/hotel-dass-liegt-in-siena-in-den-angrenzenden-gebieten-von-die-basilika-santa-maria-dei-servi\/"]}]},{"@type":"BreadcrumbList","@id":"https:\/\/www.albergominerva.it\/de\/hotel-dass-liegt-in-siena-in-den-angrenzenden-gebieten-von-die-basilika-santa-maria-dei-servi\/#breadcrumb","itemListElement":[{"@type":"ListItem","position":1,"name":"Home","item":"https:\/\/www.albergominerva.it\/de\/"},{"@type":"ListItem","position":2,"name":"Hotel dass liegt in Siena, in den angrenzenden Gebieten von die Basilika Santa Maria dei Servi"}]},{"@type":"WebSite","@id":"https:\/\/www.albergominerva.it\/de\/#website","url":"https:\/\/www.albergominerva.it\/de\/","name":"Hotel Minerva Siena","description":"Hotel in Centro Storico a Siena - Toscana - Italy","potentialAction":[{"@type":"SearchAction","target":{"@type":"EntryPoint","urlTemplate":"https:\/\/www.albergominerva.it\/de\/?s={search_term_string}"},"query-input":{"@type":"PropertyValueSpecification","valueRequired":true,"valueName":"search_term_string"}}],"inLanguage":"de"}]}},"_links":{"self":[{"href":"https:\/\/www.albergominerva.it\/de\/wp-json\/wp\/v2\/pages\/7913","targetHints":{"allow":["GET"]}}],"collection":[{"href":"https:\/\/www.albergominerva.it\/de\/wp-json\/wp\/v2\/pages"}],"about":[{"href":"https:\/\/www.albergominerva.it\/de\/wp-json\/wp\/v2\/types\/page"}],"author":[{"embeddable":true,"href":"https:\/\/www.albergominerva.it\/de\/wp-json\/wp\/v2\/users\/3"}],"replies":[{"embeddable":true,"href":"https:\/\/www.albergominerva.it\/de\/wp-json\/wp\/v2\/comments?post=7913"}],"version-history":[{"count":2,"href":"https:\/\/www.albergominerva.it\/de\/wp-json\/wp\/v2\/pages\/7913\/revisions"}],"predecessor-version":[{"id":8033,"href":"https:\/\/www.albergominerva.it\/de\/wp-json\/wp\/v2\/pages\/7913\/revisions\/8033"}],"wp:attachment":[{"href":"https:\/\/www.albergominerva.it\/de\/wp-json\/wp\/v2\/media?parent=7913"}],"curies":[{"name":"wp","href":"https:\/\/api.w.org\/{rel}","templated":true}]}}