{"id":2987,"date":"2019-03-17T21:10:41","date_gmt":"2019-03-17T21:10:41","guid":{"rendered":"https:\/\/albergominerva.it\/en\/?page_id=2987"},"modified":"2019-03-17T21:10:41","modified_gmt":"2019-03-17T21:10:41","slug":"quels-sont-les-meilleurs-restaurants-de-sienne-a-essayer","status":"publish","type":"page","link":"https:\/\/www.albergominerva.it\/en\/quels-sont-les-meilleurs-restaurants-de-sienne-a-essayer\/","title":{"rendered":"Quels sont les meilleurs restaurants de Sienne \u00e0 essayer"},"content":{"rendered":"<h1> Restaurants \u00e0 Sienne \u00e0 essayer <\/h1>\n<p>Vous visitez Sienne ou avez-vous l&#8217;intention de le faire et souhaitez-vous des conseils sur les endroits o\u00f9 manger? Aucun probl\u00e8me, suivez notre guide personnel des meilleurs restaurants de la ville et vous trouverez l&#8217;endroit pour vous en un clin d&#8217;\u0153il.<\/p>\n<p><strong> La Grotta di Santa Caterina &#8211; Restaurant Bagoga <\/strong><br \/>\nVia della Galluzza, 26 &#8211; Sienne<\/p>\n<p>Si vous voulez go\u00fbter une excellente cuisine de la campagne toscane, La Grotta di Santa Caterina est faite pour vous! Cette salle domin\u00e9e par des arches vo\u00fbt\u00e9es en briques d\u00e9cor\u00e9es de boucliers et de chapeaux des quartiers siennois offre le meilleur de la cuisine locale et des meilleurs murs de la ville siennoise.<\/p>\n<p>A d\u00e9guster sans aucun doute, la fantastique pappardelle au sanglier et surtout le coq indien, une ancienne recette de dinde associ\u00e9e \u00e0 des \u00e9pices en pain d&#8217;\u00e9pice.<\/p>\n<p>Le choix des entr\u00e9es est vari\u00e9 et la quantit\u00e9 est toujours abondante, m\u00eame si avec le salami de Sienne et les cro\u00fbtons chauds, vous faites toujours preuve de prudence.<\/p>\n<p>Les pici \u00e0 la sauce de sanglier ou les c\u00e8pes sont \u00e9galement d\u00e9licieux. Desserts fantastiques, parmi lesquels nous pouvons recommander le tiramisu et le g\u00e2teau aux noix de pin.<\/p>\n<p>La cave \u00e0 vin est tr\u00e8s attrayante, avec Brunello di Montalcino comme ma\u00eetre. Prix \u200b\u200bbas et atmosph\u00e8re joviale et relaxante.<\/p>\n<p><strong> La Taverna di Giuseppe <\/strong><br \/>\nVia G. Dupr\u00e8, 32 &#8211; Sienne<\/p>\n<p>Situ\u00e9e dans le quartier d&#8217;Onda, La Taverna di San Giuseppe est un b\u00e2timent historique datant de l&#8217;\u00e9poque \u00e9trusque dot\u00e9 d&#8217;un mobilier en bois massif et d&#8217;une cave creus\u00e9e dans le tuf.<\/p>\n<p>Le lieu n\u2019est pas un simple bar \u00e0 vin, mais un v\u00e9ritable point de r\u00e9f\u00e9rence pour les Siennois et les touristes d\u00e9sireux de manger des plats de qualit\u00e9.<\/p>\n<p>La cuisine prend la franchise des saveurs toscanes et parmi les nombreuses propositions au menu, nous recommandons le sanglier et les champignons porcini, les gnocchis verts et les bouch\u00e9es de rago\u00fbt \u00e0 la florentine avec pommes de terre.<\/p>\n<p>La Fiorentina di Chianina et le filet aux c\u00e8pes sont \u00e9galement excellents, \u00e9videmment lorsque la saison le permet.<\/p>\n<p>La cave \u00e0 vin est en mesure de satisfaire tous vos caprices et les desserts sont un autre point fort du restaurant.<\/p>\n<p><strong> Il Mestolo <\/strong><br \/>\nVia Fiorentina, 81 &#8211; Sienne<\/p>\n<p>Vous \u00eates \u00e0 Sienne et avez-vous envie de d\u00e9jeuner ou de d\u00eener au poisson? Aucun probl\u00e8me, cette ville toscane fantastique est en mesure de vous offrir un restaurant fantastique o\u00f9 vos attentes ne seront certainement pas d\u00e9\u00e7ues.<\/p>\n<p>Nous parlons de la louche, un lieu enti\u00e8rement d\u00e9di\u00e9 aux sp\u00e9cialit\u00e9s de poisson.<\/p>\n<p>Le poisson est \u00e9videmment cuit selon les disponibilit\u00e9s, m\u00eame si heureusement la morue et le poisson cru ne manquent jamais.<\/p>\n<p>Parmi les premiers \u00e0 \u00eatre essay\u00e9s, le fromage et le poivre avec le turbot et le pappa al pomodoro avec les moules, tandis que pour ces derniers nous voudrions mentionner l&#8217;abondante friture m\u00e9lang\u00e9e, tr\u00e8s savoureuse et d\u00e9licieuse.<\/p>\n<p>Les desserts sont \u00e9galement tr\u00e8s pr\u00e9cieux, dont le d\u00e9licieux Mont Blanc. Le service est ponctuel et gentil.<\/p>\n<p>Sans aucun doute le meilleur endroit \u00e0 Sienne pour manger du poisson frais.<\/p>\n<p><strong> Gallo Nero <\/strong><br \/>\nVia del Porrione, 65\/67 &#8211; Sienne<\/p>\n<p>Parmi les nombreux restaurants de Sienne, nous recommandons \u00e9galement le Black Rooster non seulement pour la bont\u00e9 de la cuisine siennoise traditionnelle, mais aussi et surtout pour l&#8217;exp\u00e9rience sensorielle et gastronomique qui peut vous ramener dans le temps &#8230; m\u00eame au Moyen \u00c2ge!<\/p>\n<p>Oui, dans ce restaurant de la Via del Porrione, pr\u00e8s du centre historique, nous cuisinons les anciennes recettes siennoises en s\u2019inspirant de la l\u00e9gendaire cuisine m\u00e9di\u00e9vale, o\u00f9 chaque plat est le fruit d\u2019une \u00e9tude minutieuse du territoire.<\/p>\n<p>Les sp\u00e9cialit\u00e9s, en ce qui concerne les premi\u00e8res, sont la soupe Cecco aux petits pois, le pain, le fromage, l&#8217;ortie, la chicor\u00e9e et le bacon croustillant, et la c\u00e9l\u00e8bre pappardelle \u00e0 la truffe Marzuolo de la Crete Senesi.<\/p>\n<p>Au menu, on distingue les steaks de venaison siennois au geni\u00e8vre, v\u00e9ritable d\u00e9lice \u00e0 savourer dans une atmosph\u00e8re magique lors d\u2019un voyage \u00e0 la d\u00e9couverte des saveurs authentiques de la cuisine toscane.<\/p>\n<p>Enfin les vins, avec une fantastique s\u00e9lection de marques locales: Brunello di Montalcino, Nobile di Montepulciano, Chianti Classico, Chianti Colli Senesi et Vernaccia di San Gimignano.<\/p>\n<p>Si vous voulez le confort maximum d&#8217;un h\u00f4tel du centre de Sienne, choisissez l&#8217;h\u00f4tel Minerva, notre h\u00f4tel trois \u00e9toiles avec parking \u00e0 Sienne.<\/p>\n<p>Vous trouverez de magnifiques salles panoramiques et vous serez \u00e0 distance de marche de toutes les attractions principales de Sienne.<\/p>\n<p>R\u00e9servez directement notre h\u00f4tel dans le centre de Sienne depuis le site et vous vous assurerez toujours du meilleur prix garanti.<\/p>\n","protected":false},"excerpt":{"rendered":"<p>Restaurants \u00e0 Sienne \u00e0 essayer Vous visitez Sienne ou avez-vous l&#8217;intention de le faire et souhaitez-vous des conseils sur les<\/p>\n","protected":false},"author":3,"featured_media":0,"parent":0,"menu_order":0,"comment_status":"closed","ping_status":"closed","template":"","meta":{"_acf_changed":false,"footnotes":""},"class_list":["post-2987","page","type-page","status-publish","hentry"],"acf":[],"yoast_head":"<!-- This site is optimized with the Yoast SEO plugin v27.4 - https:\/\/yoast.com\/product\/yoast-seo-wordpress\/ -->\n<title>Quels sont les meilleurs restaurants de Sienne \u00e0 essayer - Hotel Minerva Siena<\/title>\n<meta name=\"robots\" content=\"index, follow, max-snippet:-1, max-image-preview:large, max-video-preview:-1\" \/>\n<link rel=\"canonical\" href=\"https:\/\/www.albergominerva.it\/en\/quels-sont-les-meilleurs-restaurants-de-sienne-a-essayer\/\" \/>\n<meta property=\"og:locale\" content=\"en_US\" \/>\n<meta property=\"og:type\" content=\"article\" \/>\n<meta property=\"og:title\" content=\"Quels sont les meilleurs restaurants de Sienne \u00e0 essayer - Hotel Minerva Siena\" \/>\n<meta property=\"og:description\" content=\"Restaurants \u00e0 Sienne \u00e0 essayer Vous visitez Sienne ou avez-vous l&#8217;intention de le faire et souhaitez-vous des conseils sur les\" \/>\n<meta property=\"og:url\" content=\"https:\/\/www.albergominerva.it\/en\/quels-sont-les-meilleurs-restaurants-de-sienne-a-essayer\/\" \/>\n<meta property=\"og:site_name\" content=\"Hotel Minerva Siena\" \/>\n<meta name=\"twitter:card\" content=\"summary_large_image\" \/>\n<meta name=\"twitter:label1\" content=\"Est. reading time\" \/>\n\t<meta name=\"twitter:data1\" content=\"4 minutes\" \/>\n<script type=\"application\/ld+json\" class=\"yoast-schema-graph\">{\"@context\":\"https:\\\/\\\/schema.org\",\"@graph\":[{\"@type\":\"WebPage\",\"@id\":\"https:\\\/\\\/www.albergominerva.it\\\/en\\\/quels-sont-les-meilleurs-restaurants-de-sienne-a-essayer\\\/\",\"url\":\"https:\\\/\\\/www.albergominerva.it\\\/en\\\/quels-sont-les-meilleurs-restaurants-de-sienne-a-essayer\\\/\",\"name\":\"Quels sont les meilleurs restaurants de Sienne \u00e0 essayer - Hotel Minerva Siena\",\"isPartOf\":{\"@id\":\"https:\\\/\\\/www.albergominerva.it\\\/en\\\/#website\"},\"datePublished\":\"2019-03-17T21:10:41+00:00\",\"breadcrumb\":{\"@id\":\"https:\\\/\\\/www.albergominerva.it\\\/en\\\/quels-sont-les-meilleurs-restaurants-de-sienne-a-essayer\\\/#breadcrumb\"},\"inLanguage\":\"en-US\",\"potentialAction\":[{\"@type\":\"ReadAction\",\"target\":[\"https:\\\/\\\/www.albergominerva.it\\\/en\\\/quels-sont-les-meilleurs-restaurants-de-sienne-a-essayer\\\/\"]}]},{\"@type\":\"BreadcrumbList\",\"@id\":\"https:\\\/\\\/www.albergominerva.it\\\/en\\\/quels-sont-les-meilleurs-restaurants-de-sienne-a-essayer\\\/#breadcrumb\",\"itemListElement\":[{\"@type\":\"ListItem\",\"position\":1,\"name\":\"Home\",\"item\":\"https:\\\/\\\/www.albergominerva.it\\\/en\\\/\"},{\"@type\":\"ListItem\",\"position\":2,\"name\":\"Quels sont les meilleurs restaurants de Sienne \u00e0 essayer\"}]},{\"@type\":\"WebSite\",\"@id\":\"https:\\\/\\\/www.albergominerva.it\\\/en\\\/#website\",\"url\":\"https:\\\/\\\/www.albergominerva.it\\\/en\\\/\",\"name\":\"Hotel Minerva Siena\",\"description\":\"Hotel in Centro Storico a Siena - Toscana - Italy\",\"potentialAction\":[{\"@type\":\"SearchAction\",\"target\":{\"@type\":\"EntryPoint\",\"urlTemplate\":\"https:\\\/\\\/www.albergominerva.it\\\/en\\\/?s={search_term_string}\"},\"query-input\":{\"@type\":\"PropertyValueSpecification\",\"valueRequired\":true,\"valueName\":\"search_term_string\"}}],\"inLanguage\":\"en-US\"}]}<\/script>\n<!-- \/ Yoast SEO plugin. -->","yoast_head_json":{"title":"Quels sont les meilleurs restaurants de Sienne \u00e0 essayer - Hotel Minerva Siena","robots":{"index":"index","follow":"follow","max-snippet":"max-snippet:-1","max-image-preview":"max-image-preview:large","max-video-preview":"max-video-preview:-1"},"canonical":"https:\/\/www.albergominerva.it\/en\/quels-sont-les-meilleurs-restaurants-de-sienne-a-essayer\/","og_locale":"en_US","og_type":"article","og_title":"Quels sont les meilleurs restaurants de Sienne \u00e0 essayer - Hotel Minerva Siena","og_description":"Restaurants \u00e0 Sienne \u00e0 essayer Vous visitez Sienne ou avez-vous l&#8217;intention de le faire et souhaitez-vous des conseils sur les","og_url":"https:\/\/www.albergominerva.it\/en\/quels-sont-les-meilleurs-restaurants-de-sienne-a-essayer\/","og_site_name":"Hotel Minerva Siena","twitter_card":"summary_large_image","twitter_misc":{"Est. reading time":"4 minutes"},"schema":{"@context":"https:\/\/schema.org","@graph":[{"@type":"WebPage","@id":"https:\/\/www.albergominerva.it\/en\/quels-sont-les-meilleurs-restaurants-de-sienne-a-essayer\/","url":"https:\/\/www.albergominerva.it\/en\/quels-sont-les-meilleurs-restaurants-de-sienne-a-essayer\/","name":"Quels sont les meilleurs restaurants de Sienne \u00e0 essayer - Hotel Minerva Siena","isPartOf":{"@id":"https:\/\/www.albergominerva.it\/en\/#website"},"datePublished":"2019-03-17T21:10:41+00:00","breadcrumb":{"@id":"https:\/\/www.albergominerva.it\/en\/quels-sont-les-meilleurs-restaurants-de-sienne-a-essayer\/#breadcrumb"},"inLanguage":"en-US","potentialAction":[{"@type":"ReadAction","target":["https:\/\/www.albergominerva.it\/en\/quels-sont-les-meilleurs-restaurants-de-sienne-a-essayer\/"]}]},{"@type":"BreadcrumbList","@id":"https:\/\/www.albergominerva.it\/en\/quels-sont-les-meilleurs-restaurants-de-sienne-a-essayer\/#breadcrumb","itemListElement":[{"@type":"ListItem","position":1,"name":"Home","item":"https:\/\/www.albergominerva.it\/en\/"},{"@type":"ListItem","position":2,"name":"Quels sont les meilleurs restaurants de Sienne \u00e0 essayer"}]},{"@type":"WebSite","@id":"https:\/\/www.albergominerva.it\/en\/#website","url":"https:\/\/www.albergominerva.it\/en\/","name":"Hotel Minerva Siena","description":"Hotel in Centro Storico a Siena - Toscana - Italy","potentialAction":[{"@type":"SearchAction","target":{"@type":"EntryPoint","urlTemplate":"https:\/\/www.albergominerva.it\/en\/?s={search_term_string}"},"query-input":{"@type":"PropertyValueSpecification","valueRequired":true,"valueName":"search_term_string"}}],"inLanguage":"en-US"}]}},"_links":{"self":[{"href":"https:\/\/www.albergominerva.it\/en\/wp-json\/wp\/v2\/pages\/2987","targetHints":{"allow":["GET"]}}],"collection":[{"href":"https:\/\/www.albergominerva.it\/en\/wp-json\/wp\/v2\/pages"}],"about":[{"href":"https:\/\/www.albergominerva.it\/en\/wp-json\/wp\/v2\/types\/page"}],"author":[{"embeddable":true,"href":"https:\/\/www.albergominerva.it\/en\/wp-json\/wp\/v2\/users\/3"}],"replies":[{"embeddable":true,"href":"https:\/\/www.albergominerva.it\/en\/wp-json\/wp\/v2\/comments?post=2987"}],"version-history":[{"count":1,"href":"https:\/\/www.albergominerva.it\/en\/wp-json\/wp\/v2\/pages\/2987\/revisions"}],"predecessor-version":[{"id":2989,"href":"https:\/\/www.albergominerva.it\/en\/wp-json\/wp\/v2\/pages\/2987\/revisions\/2989"}],"wp:attachment":[{"href":"https:\/\/www.albergominerva.it\/en\/wp-json\/wp\/v2\/media?parent=2987"}],"curies":[{"name":"wp","href":"https:\/\/api.w.org\/{rel}","templated":true}]}}