{"id":3054,"date":"2019-03-17T22:44:26","date_gmt":"2019-03-17T22:44:26","guid":{"rendered":"https:\/\/albergominerva.it\/en\/?page_id=3054"},"modified":"2019-07-01T16:27:15","modified_gmt":"2019-07-01T14:27:15","slug":"hotel-siena-pres-du-siege-de-piaggio-via-guccio-di-mannaia-ou-dormir","status":"publish","type":"page","link":"https:\/\/www.albergominerva.it\/en\/hotel-siena-pres-du-siege-de-piaggio-via-guccio-di-mannaia-ou-dormir\/","title":{"rendered":"Hotel Siena pr\u00e8s du si\u00e8ge de Piaggio, Via Guccio di Mannaia O\u00f9 dormir"},"content":{"rendered":"<p><strong> Souhaitez-vous r\u00e9server dans un h\u00f4tel \u00e0 Sienne situ\u00e9 au si\u00e8ge de Piaggio, Via Guccio di Mannaia? <\/strong><\/p>\n<p><strong> Dans ce cas, nous vous sugg\u00e9rons de s\u00e9journer \u00e0 l&#8217;h\u00f4tel Minerva <\/strong>, un magnifique h\u00f4tel 3 \u00e9toiles situ\u00e9 dans le centre de Sienne et \u00e0 quelques pas du si\u00e8ge de Piaggio, Via Guccio di Mannaia.<\/p>\n<p><iframe loading=\"lazy\" src=\"https:\/\/www.google.com\/maps\/embed?pb=!1m28!1m12!1m3!1d5804.917689648786!2d11.333588278056656!3d43.32558661653552!2m3!1f0!2f0!3f0!3m2!1i1024!2i768!4f13.1!4m13!3e0!4m5!1s0x132bd33596042e15%3A0xd132716123a3c45f!2sPiaggio%2C+Via+Guccio+di+Mannaia%2C+Siena%2C+SI!3m2!1d43.3227318!2d11.3470259!4m5!1s0x132a2cc7df55564d%3A0xbb55bddd311ac99b!2sHotel+Minerva%2C+Via+Giuseppe+Garibaldi%2C+72%2C+53100+Siena+SI!3m2!1d43.324607!2d11.331828!5e0!3m2!1sit!2sit!4v1552244821724\" width=\"600\" height=\"450\" frameborder=\"0\" style=\"border:0\" allowfullscreen=\"\"><\/iframe><\/p>\n<p>Dot\u00e9 d&#8217;un bar et d&#8217;un parking payant, ferm\u00e9, avec acc\u00e8s direct \u00e0 l&#8217;h\u00f4tel et avec 20 places disponibles, l&#8217;h\u00f4tel Minerva contient dans ses salles int\u00e9rieures 56 chambres climatis\u00e9es, toutes diff\u00e9rentes, avec connexion sans fil et qui sont divis\u00e9es en -\u00e9conomie, standard-\u00e9l\u00e9gant, junior-suite et junior-suite double.<\/p>\n<p>Les <a href=\"http:\/\/albergominerva.it\/camere-economiche-siena-centro\/\"> chambres simples <\/a> sont plac\u00e9es \u00e0 l&#8217;int\u00e9rieur et sont spacieuses \u00e0 partir de 16 m\u00b2.<\/p>\n<p>Les <a href=\"http:\/\/albergominerva.it\/camere-elegant-siena-centro\/\"> chambres \u00e9l\u00e9gantes <\/a> offrent toutes une vue sur le centre historique de Sienne et sont spacieuses \u00e0 partir de 19 m\u00b2.<\/p>\n<p>Les <a href=\"http:\/\/albergominerva.it\/junior-suite-siena-centro\/\"> suites junior <\/a> ont toutes vue sur les basiliques de San Francesco et de Provenzano et ont une superficie de 22 m\u00b2.<\/p>\n<p><a href=\"http:\/\/albergominerva.it\/junior-suite-matrimon-siena-centro\/\"> Les Junior Suites Junior <\/a> offrent une vue sur le centre historique de Sienne et sont spacieuses \u00e0 partir de 19 m\u00b2. une petite terrasse sur demande.<\/p>\n<p>En cons\u00e9quence, vous pourrez choisir parmi plusieurs alternatives pour votre halte, que ce soit pour le plaisir ou pour le travail, la plupart offrant une vue panoramique sur Sienne.<\/p>\n<p><strong> L&#8217;Hotel Minerva expose ensuite syst\u00e9matiquement, dans son int\u00e9rieur, une v\u00e9ritable galerie d&#8217;art contemporain <!-- strong--> proposant des \u0153uvres de peintres de Sienne.<\/strong><\/p>\n<p><strong>Notre h\u00f4tel situ\u00e9 au si\u00e8ge de Piaggio, via Guccio di Mannaia, est calme et convient parfaitement aux familles avec enfants. nous avons \u00e9galement des lits disponibles, ainsi qu&#8217;un chauffe-biberon, un st\u00e9rilisateur et une ludoth\u00e8que \u00e0 l&#8217;int\u00e9rieur.<\/p>\n<p><strong> La Minerva se trouve \u00e9galement \u00e0 proximit\u00e9 de deux terrains de jeux et de l\u2019Orto de \u2019Pecci <!-- strong-->, un magnifique jardin avec des animaux de la ferme.<\/strong><\/p>\n<p><strong>L&#8217;Hotel Minerva constitue \u00e9galement un cadre id\u00e9al pour les r\u00e9unions de travail car il est \u00e9quip\u00e9 d&#8217;une connexion Wi-Fi et d&#8217;une salle de conf\u00e9rence donnant sur le centre historique de Sienne pouvant accueillir jusqu&#8217;\u00e0 40 personnes. Il est \u00e9quip\u00e9 d&#8217;une t\u00e9l\u00e9vision \u00e0 LED, d&#8217;un vid\u00e9oprojecteur et d&#8217;un r\u00e9troprojecteur. et toutes les caract\u00e9ristiques principales.<\/p>\n<p>En ce qui concerne le petit-d\u00e9jeuner, l\u2019Hotel Minerva propose un d\u00e9licieux petit-d\u00e9jeuner italien et international avec des confitures de qualit\u00e9.<\/p>\n<p>L&#8217;h\u00f4tel est situ\u00e9 \u00e0 Sienne, dans la Via Garibaldi, \u00e0 72 minutes <strong> de la gare et \u00e0 deux minutes en voiture de la gare et dans le <strong> quartier NONTLL <!-- strong--> <!-- strong-->.<\/strong><\/strong><\/p>\n<p><strong><strong>Pour passer votre s\u00e9jour dans cet h\u00f4tel \u00e0 Sienne, pr\u00e8s du si\u00e8ge de Piaggio, Via Guccio di Mannaia, cliquez sur R\u00e9server en haut \u00e0 droite ou appelez le 0577.284474 ou envoyez un courriel \u00e0 info@albergominerva.it.<\/p>\n<p>En appelant ce num\u00e9ro de t\u00e9l\u00e9phone ou en r\u00e9servant \u00e0 partir du site, vous pourrez b\u00e9n\u00e9ficier d&#8217;une \u00e9conomie importante, car nous vous garantissons le meilleur prix garanti \u00e0 tout moment.<\/p>\n<p><\/strong><\/strong><\/strong><\/strong><\/p>\n","protected":false},"excerpt":{"rendered":"<p>Souhaitez-vous r\u00e9server dans un h\u00f4tel \u00e0 Sienne situ\u00e9 au si\u00e8ge de Piaggio, Via Guccio di Mannaia? Dans ce cas, nous<\/p>\n","protected":false},"author":3,"featured_media":0,"parent":0,"menu_order":0,"comment_status":"closed","ping_status":"closed","template":"","meta":{"_acf_changed":false,"footnotes":""},"class_list":["post-3054","page","type-page","status-publish","hentry"],"acf":[],"yoast_head":"<!-- This site is optimized with the Yoast SEO plugin v27.4 - https:\/\/yoast.com\/product\/yoast-seo-wordpress\/ -->\n<title>Hotel Siena pr\u00e8s du si\u00e8ge de Piaggio, Via Guccio di Mannaia O\u00f9 dormir - Hotel Minerva Siena<\/title>\n<meta name=\"robots\" content=\"index, follow, max-snippet:-1, max-image-preview:large, max-video-preview:-1\" \/>\n<link rel=\"canonical\" href=\"https:\/\/www.albergominerva.it\/en\/hotel-siena-pres-du-siege-de-piaggio-via-guccio-di-mannaia-ou-dormir\/\" \/>\n<meta property=\"og:locale\" content=\"en_US\" \/>\n<meta property=\"og:type\" content=\"article\" \/>\n<meta property=\"og:title\" content=\"Hotel Siena pr\u00e8s du si\u00e8ge de Piaggio, Via Guccio di Mannaia O\u00f9 dormir - Hotel Minerva Siena\" \/>\n<meta property=\"og:description\" content=\"Souhaitez-vous r\u00e9server dans un h\u00f4tel \u00e0 Sienne situ\u00e9 au si\u00e8ge de Piaggio, Via Guccio di Mannaia? Dans ce cas, nous\" \/>\n<meta property=\"og:url\" content=\"https:\/\/www.albergominerva.it\/en\/hotel-siena-pres-du-siege-de-piaggio-via-guccio-di-mannaia-ou-dormir\/\" \/>\n<meta property=\"og:site_name\" content=\"Hotel Minerva Siena\" \/>\n<meta property=\"article:modified_time\" content=\"2019-07-01T14:27:15+00:00\" \/>\n<meta name=\"twitter:card\" content=\"summary_large_image\" \/>\n<meta name=\"twitter:label1\" content=\"Est. reading time\" \/>\n\t<meta name=\"twitter:data1\" content=\"2 minutes\" \/>\n<script type=\"application\/ld+json\" class=\"yoast-schema-graph\">{\"@context\":\"https:\\\/\\\/schema.org\",\"@graph\":[{\"@type\":\"WebPage\",\"@id\":\"https:\\\/\\\/www.albergominerva.it\\\/en\\\/hotel-siena-pres-du-siege-de-piaggio-via-guccio-di-mannaia-ou-dormir\\\/\",\"url\":\"https:\\\/\\\/www.albergominerva.it\\\/en\\\/hotel-siena-pres-du-siege-de-piaggio-via-guccio-di-mannaia-ou-dormir\\\/\",\"name\":\"Hotel Siena pr\u00e8s du si\u00e8ge de Piaggio, Via Guccio di Mannaia O\u00f9 dormir - Hotel Minerva Siena\",\"isPartOf\":{\"@id\":\"https:\\\/\\\/www.albergominerva.it\\\/en\\\/#website\"},\"datePublished\":\"2019-03-17T22:44:26+00:00\",\"dateModified\":\"2019-07-01T14:27:15+00:00\",\"breadcrumb\":{\"@id\":\"https:\\\/\\\/www.albergominerva.it\\\/en\\\/hotel-siena-pres-du-siege-de-piaggio-via-guccio-di-mannaia-ou-dormir\\\/#breadcrumb\"},\"inLanguage\":\"en-US\",\"potentialAction\":[{\"@type\":\"ReadAction\",\"target\":[\"https:\\\/\\\/www.albergominerva.it\\\/en\\\/hotel-siena-pres-du-siege-de-piaggio-via-guccio-di-mannaia-ou-dormir\\\/\"]}]},{\"@type\":\"BreadcrumbList\",\"@id\":\"https:\\\/\\\/www.albergominerva.it\\\/en\\\/hotel-siena-pres-du-siege-de-piaggio-via-guccio-di-mannaia-ou-dormir\\\/#breadcrumb\",\"itemListElement\":[{\"@type\":\"ListItem\",\"position\":1,\"name\":\"Home\",\"item\":\"https:\\\/\\\/www.albergominerva.it\\\/en\\\/\"},{\"@type\":\"ListItem\",\"position\":2,\"name\":\"Hotel Siena pr\u00e8s du si\u00e8ge de Piaggio, Via Guccio di Mannaia O\u00f9 dormir\"}]},{\"@type\":\"WebSite\",\"@id\":\"https:\\\/\\\/www.albergominerva.it\\\/en\\\/#website\",\"url\":\"https:\\\/\\\/www.albergominerva.it\\\/en\\\/\",\"name\":\"Hotel Minerva Siena\",\"description\":\"Hotel in Centro Storico a Siena - Toscana - Italy\",\"potentialAction\":[{\"@type\":\"SearchAction\",\"target\":{\"@type\":\"EntryPoint\",\"urlTemplate\":\"https:\\\/\\\/www.albergominerva.it\\\/en\\\/?s={search_term_string}\"},\"query-input\":{\"@type\":\"PropertyValueSpecification\",\"valueRequired\":true,\"valueName\":\"search_term_string\"}}],\"inLanguage\":\"en-US\"}]}<\/script>\n<!-- \/ Yoast SEO plugin. -->","yoast_head_json":{"title":"Hotel Siena pr\u00e8s du si\u00e8ge de Piaggio, Via Guccio di Mannaia O\u00f9 dormir - Hotel Minerva Siena","robots":{"index":"index","follow":"follow","max-snippet":"max-snippet:-1","max-image-preview":"max-image-preview:large","max-video-preview":"max-video-preview:-1"},"canonical":"https:\/\/www.albergominerva.it\/en\/hotel-siena-pres-du-siege-de-piaggio-via-guccio-di-mannaia-ou-dormir\/","og_locale":"en_US","og_type":"article","og_title":"Hotel Siena pr\u00e8s du si\u00e8ge de Piaggio, Via Guccio di Mannaia O\u00f9 dormir - Hotel Minerva Siena","og_description":"Souhaitez-vous r\u00e9server dans un h\u00f4tel \u00e0 Sienne situ\u00e9 au si\u00e8ge de Piaggio, Via Guccio di Mannaia? Dans ce cas, nous","og_url":"https:\/\/www.albergominerva.it\/en\/hotel-siena-pres-du-siege-de-piaggio-via-guccio-di-mannaia-ou-dormir\/","og_site_name":"Hotel Minerva Siena","article_modified_time":"2019-07-01T14:27:15+00:00","twitter_card":"summary_large_image","twitter_misc":{"Est. reading time":"2 minutes"},"schema":{"@context":"https:\/\/schema.org","@graph":[{"@type":"WebPage","@id":"https:\/\/www.albergominerva.it\/en\/hotel-siena-pres-du-siege-de-piaggio-via-guccio-di-mannaia-ou-dormir\/","url":"https:\/\/www.albergominerva.it\/en\/hotel-siena-pres-du-siege-de-piaggio-via-guccio-di-mannaia-ou-dormir\/","name":"Hotel Siena pr\u00e8s du si\u00e8ge de Piaggio, Via Guccio di Mannaia O\u00f9 dormir - Hotel Minerva Siena","isPartOf":{"@id":"https:\/\/www.albergominerva.it\/en\/#website"},"datePublished":"2019-03-17T22:44:26+00:00","dateModified":"2019-07-01T14:27:15+00:00","breadcrumb":{"@id":"https:\/\/www.albergominerva.it\/en\/hotel-siena-pres-du-siege-de-piaggio-via-guccio-di-mannaia-ou-dormir\/#breadcrumb"},"inLanguage":"en-US","potentialAction":[{"@type":"ReadAction","target":["https:\/\/www.albergominerva.it\/en\/hotel-siena-pres-du-siege-de-piaggio-via-guccio-di-mannaia-ou-dormir\/"]}]},{"@type":"BreadcrumbList","@id":"https:\/\/www.albergominerva.it\/en\/hotel-siena-pres-du-siege-de-piaggio-via-guccio-di-mannaia-ou-dormir\/#breadcrumb","itemListElement":[{"@type":"ListItem","position":1,"name":"Home","item":"https:\/\/www.albergominerva.it\/en\/"},{"@type":"ListItem","position":2,"name":"Hotel Siena pr\u00e8s du si\u00e8ge de Piaggio, Via Guccio di Mannaia O\u00f9 dormir"}]},{"@type":"WebSite","@id":"https:\/\/www.albergominerva.it\/en\/#website","url":"https:\/\/www.albergominerva.it\/en\/","name":"Hotel Minerva Siena","description":"Hotel in Centro Storico a Siena - Toscana - Italy","potentialAction":[{"@type":"SearchAction","target":{"@type":"EntryPoint","urlTemplate":"https:\/\/www.albergominerva.it\/en\/?s={search_term_string}"},"query-input":{"@type":"PropertyValueSpecification","valueRequired":true,"valueName":"search_term_string"}}],"inLanguage":"en-US"}]}},"_links":{"self":[{"href":"https:\/\/www.albergominerva.it\/en\/wp-json\/wp\/v2\/pages\/3054","targetHints":{"allow":["GET"]}}],"collection":[{"href":"https:\/\/www.albergominerva.it\/en\/wp-json\/wp\/v2\/pages"}],"about":[{"href":"https:\/\/www.albergominerva.it\/en\/wp-json\/wp\/v2\/types\/page"}],"author":[{"embeddable":true,"href":"https:\/\/www.albergominerva.it\/en\/wp-json\/wp\/v2\/users\/3"}],"replies":[{"embeddable":true,"href":"https:\/\/www.albergominerva.it\/en\/wp-json\/wp\/v2\/comments?post=3054"}],"version-history":[{"count":2,"href":"https:\/\/www.albergominerva.it\/en\/wp-json\/wp\/v2\/pages\/3054\/revisions"}],"predecessor-version":[{"id":3460,"href":"https:\/\/www.albergominerva.it\/en\/wp-json\/wp\/v2\/pages\/3054\/revisions\/3460"}],"wp:attachment":[{"href":"https:\/\/www.albergominerva.it\/en\/wp-json\/wp\/v2\/media?parent=3054"}],"curies":[{"name":"wp","href":"https:\/\/api.w.org\/{rel}","templated":true}]}}