{"id":1030,"date":"2016-02-17T13:18:18","date_gmt":"2016-02-17T13:18:18","guid":{"rendered":"http:\/\/albergominerva.it\/minerva\/es\/hotel-ciclisti-motociclisti-siena-centro\/"},"modified":"2025-11-13T10:34:23","modified_gmt":"2025-11-13T09:34:23","slug":"hotel-ciclisti-motociclisti-siena-centro","status":"publish","type":"page","link":"https:\/\/www.albergominerva.it\/es\/hotel-ciclisti-motociclisti-siena-centro\/","title":{"rendered":"A Siena, en bici o moto"},"content":{"rendered":"<h1 style=\"text-align: left;\">Hotel para ciclistas y motociclistas cerca del centro de Siena, dentro de las murallas de la ciudad.<\/h1>\n<h2 style=\"text-align: left;\"><strong>Para los ciclistas<\/strong><\/h2>\n<p>La provincia de Siena ofrece muchas \u00e1reas interesantes para descubrir y explorar en bicicleta. Nuestros destinos favoritos son sin duda el <strong>Chianti<\/strong>, el \u00e1rea de <strong>Crete senesi y la Val D&#8217;Orcia<\/strong>. La naturaleza monta\u00f1osa del territorio y, en consecuencia, la ausencia casi total de llanuras, hacen que esta provincia sea maravillosa para andar en bicicleta (algunas rutas solo son accesibles para ciclistas entrenados).<\/p>\n<h3 style=\"text-align: left;\">Servicios Ofrecidos<\/h3>\n<ul>\n<li><strong>dep\u00f3sito<\/strong> cerrado y video vigilancia para bicicletas<\/li>\n<li><strong>taller equipado<\/strong> para peque\u00f1as reparaciones<\/li>\n<li>servicio de informaci\u00f3n y <strong>gu\u00edas<\/strong> de cicloturismo<\/li>\n<li>posibilidad de unirse a los diversos grupos locales para <strong>itinerarios<\/strong> en bicicleta, en varias franjas horarias<\/li>\n<li>sugerencias sobre <strong>rutas<\/strong> y asesoramiento t\u00e9cnico de expertos<\/li>\n<li>abundante <strong>desayuno<\/strong> buffet (a pedido tambi\u00e9n en las primeras horas de la ma\u00f1ana) para enfrentar el d\u00eda con la cantidad necesaria de energ\u00eda<\/li>\n<\/ul>\n<h3 style=\"text-align: left;\">Servicios a Pedido<\/h3>\n<ul>\n<li>Disponibilidad en el hotel de algunos <strong>repuestos y accesorios<\/strong> para bicicletas.<\/li>\n<li>Servicio de <strong>lavander\u00eda<\/strong> para prendas t\u00e9cnicas al regreso de entrenamientos o excursiones.<\/li>\n<li>Tienda con <strong>taller especializado<\/strong>, en las cercan\u00edas.<\/li>\n<li><strong>Alquiler de bicicletas<\/strong> de turismo, bicicletas de carrera, bicicletas de monta\u00f1a o bicicletas el\u00e9ctricas (solicitar al hacer la reserva de la habitaci\u00f3n)<\/li>\n<li>servicio de <strong>fisioterapia<\/strong> y masajes<\/li>\n<li><strong>gimnasio<\/strong> y fitness center a 500m del hotel<\/li>\n<\/ul>\n<h2 style=\"text-align: left;\"><strong>Para los motociclistas<\/strong><\/h2>\n<p>Nuestra zona ofrece muchas \u00e1reas de inter\u00e9s ideales para un viaje en motocicleta, como el \u00e1rea de Chianti, Crete Senesi o Val d&#8217;Orcia. Estaremos encantados de proporcionarle mapas con rutas adecuadas para los motociclistas que desean descubrir los vinos t\u00edpicos de nuestra zona (Chianti, Brunello di Montalcino, Nobile di Montepulciano y Morellino di Scansano), as\u00ed como degustar los productos de estos maravillosos territorios.<\/p>\n<h3 style=\"text-align: left;\">Servicios<\/h3>\n<ul>\n<li><strong>garaje seguro<\/strong> con video vigilancia, pago<\/li>\n<li>servicio de informaci\u00f3n y <strong>gu\u00edas<\/strong><\/li>\n<li>\u00a0sugerencias de <strong>rutas<\/strong><\/li>\n<\/ul>\n<h2 style=\"text-align: left;\"><strong>Itinerarios<\/strong><\/h2>\n<h3 style=\"text-align: left;\">Recorrido de los 4 vinos D.O.C.G.<\/h3>\n<p>Recorrido de los 4 vinos D.O.C.G. &#8211; Los vi\u00f1edos de Vernaccia, Chianti, Nobile y Brunello. Este tour es un gran cl\u00e1sico de las vacaciones en bicicleta en la Toscana. Un camino inmerso en las verdes colinas para descubrir la excelencia de la comida y el vino de la Toscana, entre peque\u00f1os pueblos encaramados con encanto e historia y grandes ciudades de arte. La primera parada de la gira ser\u00e1 San Gimignano con el primero de los vinos d.o.c.g toscanos: la Vernaccia di San Gimignano. Continuar\u00e1 descubriendo las colinas de Chianti y el vino Chianti Classico pasando por las ciudades de Radda y Gaiole in Chianti. El viaje para descubrir los vinos de la Toscana contin\u00faa, a trav\u00e9s de las Crete Senesi, hasta Val di Chiana, donde puedes visitar el fabuloso pueblo de Montepulciano y probar el tercer vino, el Noble de Montepulciano. La \u00faltima parte estar\u00e1 dedicada a la zona que m\u00e1s amamos en la Toscana: el Val d&#8217;Orcia con los caracter\u00edsticos pueblos de Pienza, San Quirico d&#8217;Orcia y Montalcino en la cima de la colina y, sobre todo, la producci\u00f3n de uno de los vinos m\u00e1s apreciados del mundo: Brunello de Montalcino.<\/p>\n<h3 style=\"text-align: left;\"><strong>Eroica en bicicleta<\/strong><\/h3>\n<p style=\"text-align: left;\" data-tadv-p=\"keep\">para los amantes de los caminos de tierra y el ciclismo \u00e9pico de principios de 1900, no hay mejor ruta que la Eroica: m\u00e1s de 200 km en caminos de tierra que han hecho la historia del ciclismo por las \u00e1reas de Chianti, de las Crete Senesi y Val d&#8217;Orcia.<\/p>\n<h3 style=\"text-align: left;\">Val d&#8217;Orcia<\/h3>\n<p style=\"text-align: left;\" data-tadv-p=\"keep\">En el coraz\u00f3n de la Toscana, entre vi\u00f1edos, colinas y monta\u00f1as. Val d&#8217;Orcia es, en absoluto, el \u00e1rea que m\u00e1s amamos de la Toscana. El verde de las colinas y vi\u00f1edos, algunos de los pueblos de monta\u00f1a m\u00e1s famosos del mundo, los numerosos balnearios naturales y el esplendor del Monte Amiata hacen que esta zona de la Toscana sea ideal para el ciclismo. En este recorrido que ofrecemos tanto en grupo como en libertad, puedes visitar Murlo, Montalcino, escalar el Monte Amiata, nadar en los ba\u00f1os naturales de Bagni San Filippo y admirar los pueblos de Pienza y San Quirico d&#8217;Orcia.<\/p>\n","protected":false},"excerpt":{"rendered":"<p>Hotel para ciclistas y motociclistas cerca del centro de Siena, dentro de las murallas de la ciudad. Para los ciclistas<\/p>\n","protected":false},"author":1,"featured_media":3285,"parent":0,"menu_order":0,"comment_status":"closed","ping_status":"closed","template":"","meta":{"_acf_changed":false,"footnotes":""},"class_list":["post-1030","page","type-page","status-publish","has-post-thumbnail","hentry"],"acf":[],"yoast_head":"<!-- This site is optimized with the Yoast SEO plugin v27.4 - https:\/\/yoast.com\/product\/yoast-seo-wordpress\/ -->\n<title>Hotel Ciclisti Motociclisti Garage Privato Siena Centro<\/title>\n<meta name=\"description\" content=\"Scopri Siena in Bicicletta o in Motocicletta. A disposizione dei nostri ospiti Garage Privato Custodito. Prenota al Miglior Prezzo Garantito!\" \/>\n<meta name=\"robots\" content=\"index, follow, max-snippet:-1, max-image-preview:large, max-video-preview:-1\" \/>\n<link rel=\"canonical\" href=\"https:\/\/www.albergominerva.it\/es\/hotel-ciclisti-motociclisti-siena-centro\/\" \/>\n<meta property=\"og:locale\" content=\"es_ES\" \/>\n<meta property=\"og:type\" content=\"article\" \/>\n<meta property=\"og:title\" content=\"Hotel Ciclisti Motociclisti Garage Privato Siena Centro\" \/>\n<meta property=\"og:description\" content=\"Scopri Siena in Bicicletta o in Motocicletta. A disposizione dei nostri ospiti Garage Privato Custodito. Prenota al Miglior Prezzo Garantito!\" \/>\n<meta property=\"og:url\" content=\"https:\/\/www.albergominerva.it\/es\/hotel-ciclisti-motociclisti-siena-centro\/\" \/>\n<meta property=\"og:site_name\" content=\"Hotel Minerva Siena\" \/>\n<meta property=\"article:modified_time\" content=\"2025-11-13T09:34:23+00:00\" \/>\n<meta property=\"og:image\" content=\"https:\/\/www.albergominerva.it\/wp-content\/uploads\/2019\/06\/header-bikers.jpg\" \/>\n\t<meta property=\"og:image:width\" content=\"1920\" \/>\n\t<meta property=\"og:image:height\" content=\"1000\" \/>\n\t<meta property=\"og:image:type\" content=\"image\/jpeg\" \/>\n<meta name=\"twitter:card\" content=\"summary_large_image\" \/>\n<meta name=\"twitter:label1\" content=\"Tiempo de lectura\" \/>\n\t<meta name=\"twitter:data1\" content=\"3 minutos\" \/>\n<script type=\"application\/ld+json\" class=\"yoast-schema-graph\">{\"@context\":\"https:\\\/\\\/schema.org\",\"@graph\":[{\"@type\":\"WebPage\",\"@id\":\"https:\\\/\\\/www.albergominerva.it\\\/es\\\/hotel-ciclisti-motociclisti-siena-centro\\\/\",\"url\":\"https:\\\/\\\/www.albergominerva.it\\\/es\\\/hotel-ciclisti-motociclisti-siena-centro\\\/\",\"name\":\"Hotel Ciclisti Motociclisti Garage Privato Siena Centro\",\"isPartOf\":{\"@id\":\"https:\\\/\\\/www.albergominerva.it\\\/es\\\/#website\"},\"primaryImageOfPage\":{\"@id\":\"https:\\\/\\\/www.albergominerva.it\\\/es\\\/hotel-ciclisti-motociclisti-siena-centro\\\/#primaryimage\"},\"image\":{\"@id\":\"https:\\\/\\\/www.albergominerva.it\\\/es\\\/hotel-ciclisti-motociclisti-siena-centro\\\/#primaryimage\"},\"thumbnailUrl\":\"https:\\\/\\\/www.albergominerva.it\\\/wp-content\\\/uploads\\\/2019\\\/06\\\/header-bikers.jpg\",\"datePublished\":\"2016-02-17T13:18:18+00:00\",\"dateModified\":\"2025-11-13T09:34:23+00:00\",\"description\":\"Scopri Siena in Bicicletta o in Motocicletta. A disposizione dei nostri ospiti Garage Privato Custodito. Prenota al Miglior Prezzo Garantito!\",\"breadcrumb\":{\"@id\":\"https:\\\/\\\/www.albergominerva.it\\\/es\\\/hotel-ciclisti-motociclisti-siena-centro\\\/#breadcrumb\"},\"inLanguage\":\"es\",\"potentialAction\":[{\"@type\":\"ReadAction\",\"target\":[\"https:\\\/\\\/www.albergominerva.it\\\/es\\\/hotel-ciclisti-motociclisti-siena-centro\\\/\"]}]},{\"@type\":\"ImageObject\",\"inLanguage\":\"es\",\"@id\":\"https:\\\/\\\/www.albergominerva.it\\\/es\\\/hotel-ciclisti-motociclisti-siena-centro\\\/#primaryimage\",\"url\":\"https:\\\/\\\/www.albergominerva.it\\\/wp-content\\\/uploads\\\/2019\\\/06\\\/header-bikers.jpg\",\"contentUrl\":\"https:\\\/\\\/www.albergominerva.it\\\/wp-content\\\/uploads\\\/2019\\\/06\\\/header-bikers.jpg\",\"width\":1920,\"height\":1000,\"caption\":\"In Siena Bike or Motorcycle\"},{\"@type\":\"BreadcrumbList\",\"@id\":\"https:\\\/\\\/www.albergominerva.it\\\/es\\\/hotel-ciclisti-motociclisti-siena-centro\\\/#breadcrumb\",\"itemListElement\":[{\"@type\":\"ListItem\",\"position\":1,\"name\":\"Home\",\"item\":\"https:\\\/\\\/www.albergominerva.it\\\/es\\\/\"},{\"@type\":\"ListItem\",\"position\":2,\"name\":\"A Siena, en bici o moto\"}]},{\"@type\":\"WebSite\",\"@id\":\"https:\\\/\\\/www.albergominerva.it\\\/es\\\/#website\",\"url\":\"https:\\\/\\\/www.albergominerva.it\\\/es\\\/\",\"name\":\"Hotel Minerva Siena\",\"description\":\"Hotel in Centro Storico a Siena - Toscana - Italy\",\"potentialAction\":[{\"@type\":\"SearchAction\",\"target\":{\"@type\":\"EntryPoint\",\"urlTemplate\":\"https:\\\/\\\/www.albergominerva.it\\\/es\\\/?s={search_term_string}\"},\"query-input\":{\"@type\":\"PropertyValueSpecification\",\"valueRequired\":true,\"valueName\":\"search_term_string\"}}],\"inLanguage\":\"es\"}]}<\/script>\n<!-- \/ Yoast SEO plugin. -->","yoast_head_json":{"title":"Hotel Ciclisti Motociclisti Garage Privato Siena Centro","description":"Scopri Siena in Bicicletta o in Motocicletta. A disposizione dei nostri ospiti Garage Privato Custodito. Prenota al Miglior Prezzo Garantito!","robots":{"index":"index","follow":"follow","max-snippet":"max-snippet:-1","max-image-preview":"max-image-preview:large","max-video-preview":"max-video-preview:-1"},"canonical":"https:\/\/www.albergominerva.it\/es\/hotel-ciclisti-motociclisti-siena-centro\/","og_locale":"es_ES","og_type":"article","og_title":"Hotel Ciclisti Motociclisti Garage Privato Siena Centro","og_description":"Scopri Siena in Bicicletta o in Motocicletta. A disposizione dei nostri ospiti Garage Privato Custodito. Prenota al Miglior Prezzo Garantito!","og_url":"https:\/\/www.albergominerva.it\/es\/hotel-ciclisti-motociclisti-siena-centro\/","og_site_name":"Hotel Minerva Siena","article_modified_time":"2025-11-13T09:34:23+00:00","og_image":[{"width":1920,"height":1000,"url":"https:\/\/www.albergominerva.it\/wp-content\/uploads\/2019\/06\/header-bikers.jpg","type":"image\/jpeg"}],"twitter_card":"summary_large_image","twitter_misc":{"Tiempo de lectura":"3 minutos"},"schema":{"@context":"https:\/\/schema.org","@graph":[{"@type":"WebPage","@id":"https:\/\/www.albergominerva.it\/es\/hotel-ciclisti-motociclisti-siena-centro\/","url":"https:\/\/www.albergominerva.it\/es\/hotel-ciclisti-motociclisti-siena-centro\/","name":"Hotel Ciclisti Motociclisti Garage Privato Siena Centro","isPartOf":{"@id":"https:\/\/www.albergominerva.it\/es\/#website"},"primaryImageOfPage":{"@id":"https:\/\/www.albergominerva.it\/es\/hotel-ciclisti-motociclisti-siena-centro\/#primaryimage"},"image":{"@id":"https:\/\/www.albergominerva.it\/es\/hotel-ciclisti-motociclisti-siena-centro\/#primaryimage"},"thumbnailUrl":"https:\/\/www.albergominerva.it\/wp-content\/uploads\/2019\/06\/header-bikers.jpg","datePublished":"2016-02-17T13:18:18+00:00","dateModified":"2025-11-13T09:34:23+00:00","description":"Scopri Siena in Bicicletta o in Motocicletta. A disposizione dei nostri ospiti Garage Privato Custodito. Prenota al Miglior Prezzo Garantito!","breadcrumb":{"@id":"https:\/\/www.albergominerva.it\/es\/hotel-ciclisti-motociclisti-siena-centro\/#breadcrumb"},"inLanguage":"es","potentialAction":[{"@type":"ReadAction","target":["https:\/\/www.albergominerva.it\/es\/hotel-ciclisti-motociclisti-siena-centro\/"]}]},{"@type":"ImageObject","inLanguage":"es","@id":"https:\/\/www.albergominerva.it\/es\/hotel-ciclisti-motociclisti-siena-centro\/#primaryimage","url":"https:\/\/www.albergominerva.it\/wp-content\/uploads\/2019\/06\/header-bikers.jpg","contentUrl":"https:\/\/www.albergominerva.it\/wp-content\/uploads\/2019\/06\/header-bikers.jpg","width":1920,"height":1000,"caption":"In Siena Bike or Motorcycle"},{"@type":"BreadcrumbList","@id":"https:\/\/www.albergominerva.it\/es\/hotel-ciclisti-motociclisti-siena-centro\/#breadcrumb","itemListElement":[{"@type":"ListItem","position":1,"name":"Home","item":"https:\/\/www.albergominerva.it\/es\/"},{"@type":"ListItem","position":2,"name":"A Siena, en bici o moto"}]},{"@type":"WebSite","@id":"https:\/\/www.albergominerva.it\/es\/#website","url":"https:\/\/www.albergominerva.it\/es\/","name":"Hotel Minerva Siena","description":"Hotel in Centro Storico a Siena - Toscana - Italy","potentialAction":[{"@type":"SearchAction","target":{"@type":"EntryPoint","urlTemplate":"https:\/\/www.albergominerva.it\/es\/?s={search_term_string}"},"query-input":{"@type":"PropertyValueSpecification","valueRequired":true,"valueName":"search_term_string"}}],"inLanguage":"es"}]}},"_links":{"self":[{"href":"https:\/\/www.albergominerva.it\/es\/wp-json\/wp\/v2\/pages\/1030","targetHints":{"allow":["GET"]}}],"collection":[{"href":"https:\/\/www.albergominerva.it\/es\/wp-json\/wp\/v2\/pages"}],"about":[{"href":"https:\/\/www.albergominerva.it\/es\/wp-json\/wp\/v2\/types\/page"}],"author":[{"embeddable":true,"href":"https:\/\/www.albergominerva.it\/es\/wp-json\/wp\/v2\/users\/1"}],"replies":[{"embeddable":true,"href":"https:\/\/www.albergominerva.it\/es\/wp-json\/wp\/v2\/comments?post=1030"}],"version-history":[{"count":17,"href":"https:\/\/www.albergominerva.it\/es\/wp-json\/wp\/v2\/pages\/1030\/revisions"}],"predecessor-version":[{"id":6159,"href":"https:\/\/www.albergominerva.it\/es\/wp-json\/wp\/v2\/pages\/1030\/revisions\/6159"}],"wp:featuredmedia":[{"embeddable":true,"href":"https:\/\/www.albergominerva.it\/es\/wp-json\/wp\/v2\/media\/3285"}],"wp:attachment":[{"href":"https:\/\/www.albergominerva.it\/es\/wp-json\/wp\/v2\/media?parent=1030"}],"curies":[{"name":"wp","href":"https:\/\/api.w.org\/{rel}","templated":true}]}}