{"id":1032,"date":"2016-02-18T11:34:16","date_gmt":"2016-02-18T11:34:16","guid":{"rendered":"http:\/\/albergominerva.it\/minerva\/es\/hotel-business-siena-centro\/"},"modified":"2025-11-13T09:41:30","modified_gmt":"2025-11-13T08:41:30","slug":"hotel-business-siena-centro","status":"publish","type":"page","link":"https:\/\/www.albergominerva.it\/es\/hotel-business-siena-centro\/","title":{"rendered":"Business Hotel en Siena"},"content":{"rendered":"<h1>Business hotel en el centro de Siena<\/h1>\n<h2 style=\"text-align: left;\">Sala equipada para reuniones y encuentros de negocios<\/h2>\n<p class=\"p1\">El Hotel Minerva es un hotel en Siena cerca de Piazza del Campo y cuenta con una sala de reuniones con capacidad <strong>para 50 personas<\/strong>, con vistas a los antiguos distritos de Siena.<\/p>\n<p>Provista de los instrumentos necesarios (pantalla de proyecci\u00f3n, TV de pantalla plana, proyector de video, sistema de sonido y micr\u00f3fonos, wifi gratuito), la sala es <strong>ideal para eventos de negocios como reuniones, presentaciones, seminarios y conferencias<\/strong>.<\/p>\n<p class=\"p1\"><span class=\"s1\">Si est\u00e1is en Siena por trabajo, a continuaci\u00f3n os ofrecemos algunos consejos de nuestro personal para que teng\u00e1is un buen almuerzo o una noche maravillosa:<\/span><\/p>\n<p class=\"p1\">El Hotel Minerva est\u00e1 cerca de las principales calles de negocios en Siena como Piazza Mazzini, Via dei Rossi, Banchi di Sotto, Via di Citt\u00e0, Piazza Rosselli, Piazza Salimbeni, Via Mattioli, Via della Sapienza, Piazza San Francesco, Via Banchi di Sopra, Strada delle Scotte.<\/p>\n<p>Equipamiento<\/p>\n<ul>\n<li>TV led<\/li>\n<li>Equipamiento para videoconferencias<\/li>\n<li>Videoproyector<\/li>\n<li>Conexi\u00f3n a internet ADSL y Wi-Fi<\/li>\n<\/ul>\n","protected":false},"excerpt":{"rendered":"<p>Business hotel en el centro de Siena Sala equipada para reuniones y encuentros de negocios El Hotel Minerva es un<\/p>\n","protected":false},"author":1,"featured_media":3320,"parent":0,"menu_order":0,"comment_status":"closed","ping_status":"closed","template":"","meta":{"_acf_changed":false,"footnotes":""},"class_list":["post-1032","page","type-page","status-publish","has-post-thumbnail","hentry"],"acf":[],"yoast_head":"<!-- This site is optimized with the Yoast SEO plugin v26.4 - https:\/\/yoast.com\/wordpress\/plugins\/seo\/ -->\n<title>Hotel Business Siena Centro Storico con Sala Riunioni<\/title>\n<meta name=\"description\" content=\"Per un soggiorno o evento Business scegli Hotel Minerva, in Centro a Siena. Sala Riunioni Attrezzata e Camere Business. Miglior Prezzo Garantito!\" \/>\n<meta name=\"robots\" content=\"index, follow, max-snippet:-1, max-image-preview:large, max-video-preview:-1\" \/>\n<link rel=\"canonical\" href=\"https:\/\/www.albergominerva.it\/es\/hotel-business-siena-centro\/\" \/>\n<meta property=\"og:locale\" content=\"es_ES\" \/>\n<meta property=\"og:type\" content=\"article\" \/>\n<meta property=\"og:title\" content=\"Hotel Business Siena Centro Storico con Sala Riunioni\" \/>\n<meta property=\"og:description\" content=\"Per un soggiorno o evento Business scegli Hotel Minerva, in Centro a Siena. Sala Riunioni Attrezzata e Camere Business. Miglior Prezzo Garantito!\" \/>\n<meta property=\"og:url\" content=\"https:\/\/www.albergominerva.it\/es\/hotel-business-siena-centro\/\" \/>\n<meta property=\"og:site_name\" content=\"Hotel Minerva Siena\" \/>\n<meta property=\"article:modified_time\" content=\"2025-11-13T08:41:30+00:00\" \/>\n<meta property=\"og:image\" content=\"https:\/\/www.albergominerva.it\/wp-content\/uploads\/2019\/06\/header-business.jpg\" \/>\n\t<meta property=\"og:image:width\" content=\"1920\" \/>\n\t<meta property=\"og:image:height\" content=\"1000\" \/>\n\t<meta property=\"og:image:type\" content=\"image\/jpeg\" \/>\n<meta name=\"twitter:card\" content=\"summary_large_image\" \/>\n<meta name=\"twitter:label1\" content=\"Tiempo de lectura\" \/>\n\t<meta name=\"twitter:data1\" content=\"1 minuto\" \/>\n<script type=\"application\/ld+json\" class=\"yoast-schema-graph\">{\"@context\":\"https:\/\/schema.org\",\"@graph\":[{\"@type\":\"WebPage\",\"@id\":\"https:\/\/www.albergominerva.it\/es\/hotel-business-siena-centro\/\",\"url\":\"https:\/\/www.albergominerva.it\/es\/hotel-business-siena-centro\/\",\"name\":\"Hotel Business Siena Centro Storico con Sala Riunioni\",\"isPartOf\":{\"@id\":\"https:\/\/www.albergominerva.it\/es\/#website\"},\"primaryImageOfPage\":{\"@id\":\"https:\/\/www.albergominerva.it\/es\/hotel-business-siena-centro\/#primaryimage\"},\"image\":{\"@id\":\"https:\/\/www.albergominerva.it\/es\/hotel-business-siena-centro\/#primaryimage\"},\"thumbnailUrl\":\"https:\/\/www.albergominerva.it\/wp-content\/uploads\/2019\/06\/header-business.jpg\",\"datePublished\":\"2016-02-18T11:34:16+00:00\",\"dateModified\":\"2025-11-13T08:41:30+00:00\",\"description\":\"Per un soggiorno o evento Business scegli Hotel Minerva, in Centro a Siena. Sala Riunioni Attrezzata e Camere Business. Miglior Prezzo Garantito!\",\"breadcrumb\":{\"@id\":\"https:\/\/www.albergominerva.it\/es\/hotel-business-siena-centro\/#breadcrumb\"},\"inLanguage\":\"es\",\"potentialAction\":[{\"@type\":\"ReadAction\",\"target\":[\"https:\/\/www.albergominerva.it\/es\/hotel-business-siena-centro\/\"]}]},{\"@type\":\"ImageObject\",\"inLanguage\":\"es\",\"@id\":\"https:\/\/www.albergominerva.it\/es\/hotel-business-siena-centro\/#primaryimage\",\"url\":\"https:\/\/www.albergominerva.it\/wp-content\/uploads\/2019\/06\/header-business.jpg\",\"contentUrl\":\"https:\/\/www.albergominerva.it\/wp-content\/uploads\/2019\/06\/header-business.jpg\",\"width\":1920,\"height\":1000},{\"@type\":\"BreadcrumbList\",\"@id\":\"https:\/\/www.albergominerva.it\/es\/hotel-business-siena-centro\/#breadcrumb\",\"itemListElement\":[{\"@type\":\"ListItem\",\"position\":1,\"name\":\"Home\",\"item\":\"https:\/\/www.albergominerva.it\/es\/\"},{\"@type\":\"ListItem\",\"position\":2,\"name\":\"Business Hotel en Siena\"}]},{\"@type\":\"WebSite\",\"@id\":\"https:\/\/www.albergominerva.it\/es\/#website\",\"url\":\"https:\/\/www.albergominerva.it\/es\/\",\"name\":\"Hotel Minerva Siena\",\"description\":\"Hotel in Centro Storico a Siena - Toscana - Italy\",\"potentialAction\":[{\"@type\":\"SearchAction\",\"target\":{\"@type\":\"EntryPoint\",\"urlTemplate\":\"https:\/\/www.albergominerva.it\/es\/?s={search_term_string}\"},\"query-input\":{\"@type\":\"PropertyValueSpecification\",\"valueRequired\":true,\"valueName\":\"search_term_string\"}}],\"inLanguage\":\"es\"}]}<\/script>\n<!-- \/ Yoast SEO plugin. -->","yoast_head_json":{"title":"Hotel Business Siena Centro Storico con Sala Riunioni","description":"Per un soggiorno o evento Business scegli Hotel Minerva, in Centro a Siena. Sala Riunioni Attrezzata e Camere Business. Miglior Prezzo Garantito!","robots":{"index":"index","follow":"follow","max-snippet":"max-snippet:-1","max-image-preview":"max-image-preview:large","max-video-preview":"max-video-preview:-1"},"canonical":"https:\/\/www.albergominerva.it\/es\/hotel-business-siena-centro\/","og_locale":"es_ES","og_type":"article","og_title":"Hotel Business Siena Centro Storico con Sala Riunioni","og_description":"Per un soggiorno o evento Business scegli Hotel Minerva, in Centro a Siena. Sala Riunioni Attrezzata e Camere Business. Miglior Prezzo Garantito!","og_url":"https:\/\/www.albergominerva.it\/es\/hotel-business-siena-centro\/","og_site_name":"Hotel Minerva Siena","article_modified_time":"2025-11-13T08:41:30+00:00","og_image":[{"width":1920,"height":1000,"url":"https:\/\/www.albergominerva.it\/wp-content\/uploads\/2019\/06\/header-business.jpg","type":"image\/jpeg"}],"twitter_card":"summary_large_image","twitter_misc":{"Tiempo de lectura":"1 minuto"},"schema":{"@context":"https:\/\/schema.org","@graph":[{"@type":"WebPage","@id":"https:\/\/www.albergominerva.it\/es\/hotel-business-siena-centro\/","url":"https:\/\/www.albergominerva.it\/es\/hotel-business-siena-centro\/","name":"Hotel Business Siena Centro Storico con Sala Riunioni","isPartOf":{"@id":"https:\/\/www.albergominerva.it\/es\/#website"},"primaryImageOfPage":{"@id":"https:\/\/www.albergominerva.it\/es\/hotel-business-siena-centro\/#primaryimage"},"image":{"@id":"https:\/\/www.albergominerva.it\/es\/hotel-business-siena-centro\/#primaryimage"},"thumbnailUrl":"https:\/\/www.albergominerva.it\/wp-content\/uploads\/2019\/06\/header-business.jpg","datePublished":"2016-02-18T11:34:16+00:00","dateModified":"2025-11-13T08:41:30+00:00","description":"Per un soggiorno o evento Business scegli Hotel Minerva, in Centro a Siena. Sala Riunioni Attrezzata e Camere Business. Miglior Prezzo Garantito!","breadcrumb":{"@id":"https:\/\/www.albergominerva.it\/es\/hotel-business-siena-centro\/#breadcrumb"},"inLanguage":"es","potentialAction":[{"@type":"ReadAction","target":["https:\/\/www.albergominerva.it\/es\/hotel-business-siena-centro\/"]}]},{"@type":"ImageObject","inLanguage":"es","@id":"https:\/\/www.albergominerva.it\/es\/hotel-business-siena-centro\/#primaryimage","url":"https:\/\/www.albergominerva.it\/wp-content\/uploads\/2019\/06\/header-business.jpg","contentUrl":"https:\/\/www.albergominerva.it\/wp-content\/uploads\/2019\/06\/header-business.jpg","width":1920,"height":1000},{"@type":"BreadcrumbList","@id":"https:\/\/www.albergominerva.it\/es\/hotel-business-siena-centro\/#breadcrumb","itemListElement":[{"@type":"ListItem","position":1,"name":"Home","item":"https:\/\/www.albergominerva.it\/es\/"},{"@type":"ListItem","position":2,"name":"Business Hotel en Siena"}]},{"@type":"WebSite","@id":"https:\/\/www.albergominerva.it\/es\/#website","url":"https:\/\/www.albergominerva.it\/es\/","name":"Hotel Minerva Siena","description":"Hotel in Centro Storico a Siena - Toscana - Italy","potentialAction":[{"@type":"SearchAction","target":{"@type":"EntryPoint","urlTemplate":"https:\/\/www.albergominerva.it\/es\/?s={search_term_string}"},"query-input":{"@type":"PropertyValueSpecification","valueRequired":true,"valueName":"search_term_string"}}],"inLanguage":"es"}]}},"_links":{"self":[{"href":"https:\/\/www.albergominerva.it\/es\/wp-json\/wp\/v2\/pages\/1032","targetHints":{"allow":["GET"]}}],"collection":[{"href":"https:\/\/www.albergominerva.it\/es\/wp-json\/wp\/v2\/pages"}],"about":[{"href":"https:\/\/www.albergominerva.it\/es\/wp-json\/wp\/v2\/types\/page"}],"author":[{"embeddable":true,"href":"https:\/\/www.albergominerva.it\/es\/wp-json\/wp\/v2\/users\/1"}],"replies":[{"embeddable":true,"href":"https:\/\/www.albergominerva.it\/es\/wp-json\/wp\/v2\/comments?post=1032"}],"version-history":[{"count":10,"href":"https:\/\/www.albergominerva.it\/es\/wp-json\/wp\/v2\/pages\/1032\/revisions"}],"predecessor-version":[{"id":6140,"href":"https:\/\/www.albergominerva.it\/es\/wp-json\/wp\/v2\/pages\/1032\/revisions\/6140"}],"wp:featuredmedia":[{"embeddable":true,"href":"https:\/\/www.albergominerva.it\/es\/wp-json\/wp\/v2\/media\/3320"}],"wp:attachment":[{"href":"https:\/\/www.albergominerva.it\/es\/wp-json\/wp\/v2\/media?parent=1032"}],"curies":[{"name":"wp","href":"https:\/\/api.w.org\/{rel}","templated":true}]}}