{"id":1043,"date":"2016-02-19T14:50:19","date_gmt":"2016-02-19T14:50:19","guid":{"rendered":"http:\/\/albergominerva.it\/minerva\/es\/eventi-siena-palio-francigena\/"},"modified":"2025-11-13T08:50:03","modified_gmt":"2025-11-13T07:50:03","slug":"eventos-siena-palio-toscana","status":"publish","type":"page","link":"https:\/\/www.albergominerva.it\/es\/eventos-siena-palio-toscana\/","title":{"rendered":"Siena"},"content":{"rendered":"\r\n<h1 class=\"wp-block-heading\">Descubre Siena la Ciudad del Palio<\/h1>\r\n\r\n\r\n\r\n<h2 class=\"wp-block-heading\">El arte, la arquitectura y las tradiciones, estos son los recorridos recomendados por el Hotel Minerva para visitar la ciudad de Siena.<\/h2>\r\n\r\n\r\n\n\r\n\r\n\r\n<p>En el coraz\u00f3n de la ciudad de Siena, el Hotel Minerva es el punto de partida ideal para descubrir todas las maravillas que la convierten en uno de los lugares m\u00e1s fascinantes de la Toscana. Siena es famosa en todo el mundo por el Palio, la carrera de caballos de origen medieval que ve las contradas correr por el anillo de Piazza del Campo.<\/p>\r\n\r\n\r\n\r\n<p>El recorrido art\u00edstico revela las obras maestras de Duccio di Boninsegna, Simone Martini, Pietro y Ambrogio Lorenzetti y los grandes maestros de la escuela de pintura de Siena en los principales museos y palacios.<\/p>\r\n\r\n\r\n\r\n<p>Desde el Hotel Minerva puedes acceder a pie a las principales atracciones de Siena como el Santuario de Santa Caterina, el Duomo, la Bas\u00edlica de San Francisco, la Bas\u00edlica de Santa Maria dei Servi, la Pinacoteca Nacional, el Baptisterio de San Giovanni, la Iglesia de San Martino, la Torre del Mangia, el Museo dell&#8217;Opera del Duomo, la Bas\u00edlica dell&#8217;Osservanza, el Oratorio de la Compagnia di San Bernardino, la Iglesia de San Cristoforo, el Palazzo Chigi Saracini, el Museo delle Tavolette di Biccherna, el Museo del Agua, la Accademia dei Fisiocritici, el Jard\u00edn Bot\u00e1nico, el Museo Diocesano de Arte Sacro, el Bambimus, el Museo Arqueol\u00f3gico Nacional, la Biblioteca Piccolomini, el Palacio Spannocchi, el Palacio Sansedoni, la Loggia della Mercanzia, El Museo de la Tortura, el Facciatone, Fontebranda, la Sinagoga, el Museo C\u00edvico, el Orto de\u2019 Pecci.<\/p>\r\n\r\n\r\n\r\n<p>Desde el hotel Minerva tambi\u00e9n puedes salir a descubrir las principales puertas de Siena, como Porta Tufi, Porta Fontebranda, Porta San Marco, Porta Romana, Porta Pispini, Porta Camollia y Porta Ovile.<\/p>\r\n\r\n\r\n\r\n<p>Las murallas que rodean el centro hist\u00f3rico hacen de Siena un ejemplo perfecto de una ciudad medieval; el encanto de la arquitectura es visible en edificios, como Rocca Salimbeni y Palazzo Pubblico, la Piazza del Campo con sus monumentos, el Duomo, el Baptisterio y otros edificios religiosos.<\/p>\r\n\r\n\r\n\r\n<p>A lo largo de las calles principales de la ciudad medieval, antiguas tiendas de comida, tabernas, restaurantes y bares de vinos conservan los ingredientes, productos y recetas de la tradici\u00f3n toscana de la comida y el vino.<\/p>\r\n\r\n\r\n\r\n<p>El Hotel Minerva es la soluci\u00f3n ideal para pasar una espl\u00e9ndida estad\u00eda en Siena con estacionamiento interno vigilado. Se encuentra cerca de Piazza del Campo, la Bas\u00edlica de San Domenico, la Bas\u00edlica de San Francesco, el Santuario de Santa Caterina, el Duomo, el estadio de f\u00fatbol Artemio Franchi, Iglesia de Sant&#8217;Agostino, estaci\u00f3n de tren, Palazzo Tolomei, GSK, Porta Camollia, Piazza Gramsci, estaci\u00f3n Flixbus, Baptisterio de San Giovanni, Policl\u00ednico Santa Maria alle Scotte, Palazzo Salimbeni, Fortaleza Medici, Iglesia de Santa Maria en Provenzano, Tribunal, Universidad para Extranjeros, Universidad de Siena, Palasport Basket Mens Sana, Hogar de Ancianos Rugani, Bas\u00edlica de Santa Maria dei Servi.<\/p>\r\n\r\n\r\n\r\n<p><\/p>\r\n","protected":false},"excerpt":{"rendered":"<p>Descubre Siena la Ciudad del Palio El arte, la arquitectura y las tradiciones, estos son los recorridos recomendados por el<\/p>\n","protected":false},"author":1,"featured_media":8633,"parent":0,"menu_order":0,"comment_status":"closed","ping_status":"closed","template":"","meta":{"_acf_changed":false,"footnotes":""},"class_list":["post-1043","page","type-page","status-publish","has-post-thumbnail","hentry"],"acf":[],"yoast_head":"<!-- This site is optimized with the Yoast SEO plugin v26.4 - https:\/\/yoast.com\/wordpress\/plugins\/seo\/ -->\n<title>Eventos a Siena Ciudad del Palio - Mejor Precio Garantizado<\/title>\n<meta name=\"description\" content=\"El arte, la arquitectura y las tradiciones: los recorridos aconsejados por el Hotel Minerva para visitar la ciudad de Siena. Mejor Precio Garantizado.\" \/>\n<meta name=\"robots\" content=\"index, follow, max-snippet:-1, max-image-preview:large, max-video-preview:-1\" \/>\n<link rel=\"canonical\" href=\"https:\/\/www.albergominerva.it\/es\/eventos-siena-palio-toscana\/\" \/>\n<meta property=\"og:locale\" content=\"es_ES\" \/>\n<meta property=\"og:type\" content=\"article\" \/>\n<meta property=\"og:title\" content=\"Eventos a Siena Ciudad del Palio - Mejor Precio Garantizado\" \/>\n<meta property=\"og:description\" content=\"El arte, la arquitectura y las tradiciones: los recorridos aconsejados por el Hotel Minerva para visitar la ciudad de Siena. Mejor Precio Garantizado.\" \/>\n<meta property=\"og:url\" content=\"https:\/\/www.albergominerva.it\/es\/eventos-siena-palio-toscana\/\" \/>\n<meta property=\"og:site_name\" content=\"Hotel Minerva Siena\" \/>\n<meta property=\"article:modified_time\" content=\"2025-11-13T07:50:03+00:00\" \/>\n<meta property=\"og:image\" content=\"https:\/\/www.albergominerva.it\/wp-content\/uploads\/2021\/04\/panorama-siena.jpg\" \/>\n\t<meta property=\"og:image:width\" content=\"1920\" \/>\n\t<meta property=\"og:image:height\" content=\"1000\" \/>\n\t<meta property=\"og:image:type\" content=\"image\/jpeg\" \/>\n<meta name=\"twitter:card\" content=\"summary_large_image\" \/>\n<meta name=\"twitter:label1\" content=\"Tiempo de lectura\" \/>\n\t<meta name=\"twitter:data1\" content=\"3 minutos\" \/>\n<script type=\"application\/ld+json\" class=\"yoast-schema-graph\">{\"@context\":\"https:\/\/schema.org\",\"@graph\":[{\"@type\":\"WebPage\",\"@id\":\"https:\/\/www.albergominerva.it\/es\/eventos-siena-palio-toscana\/\",\"url\":\"https:\/\/www.albergominerva.it\/es\/eventos-siena-palio-toscana\/\",\"name\":\"Eventos a Siena Ciudad del Palio - Mejor Precio Garantizado\",\"isPartOf\":{\"@id\":\"https:\/\/www.albergominerva.it\/es\/#website\"},\"primaryImageOfPage\":{\"@id\":\"https:\/\/www.albergominerva.it\/es\/eventos-siena-palio-toscana\/#primaryimage\"},\"image\":{\"@id\":\"https:\/\/www.albergominerva.it\/es\/eventos-siena-palio-toscana\/#primaryimage\"},\"thumbnailUrl\":\"https:\/\/www.albergominerva.it\/wp-content\/uploads\/2021\/04\/panorama-siena.jpg\",\"datePublished\":\"2016-02-19T14:50:19+00:00\",\"dateModified\":\"2025-11-13T07:50:03+00:00\",\"description\":\"El arte, la arquitectura y las tradiciones: los recorridos aconsejados por el Hotel Minerva para visitar la ciudad de Siena. Mejor Precio Garantizado.\",\"breadcrumb\":{\"@id\":\"https:\/\/www.albergominerva.it\/es\/eventos-siena-palio-toscana\/#breadcrumb\"},\"inLanguage\":\"es\",\"potentialAction\":[{\"@type\":\"ReadAction\",\"target\":[\"https:\/\/www.albergominerva.it\/es\/eventos-siena-palio-toscana\/\"]}]},{\"@type\":\"ImageObject\",\"inLanguage\":\"es\",\"@id\":\"https:\/\/www.albergominerva.it\/es\/eventos-siena-palio-toscana\/#primaryimage\",\"url\":\"https:\/\/www.albergominerva.it\/wp-content\/uploads\/2021\/04\/panorama-siena.jpg\",\"contentUrl\":\"https:\/\/www.albergominerva.it\/wp-content\/uploads\/2021\/04\/panorama-siena.jpg\",\"width\":1920,\"height\":1000},{\"@type\":\"BreadcrumbList\",\"@id\":\"https:\/\/www.albergominerva.it\/es\/eventos-siena-palio-toscana\/#breadcrumb\",\"itemListElement\":[{\"@type\":\"ListItem\",\"position\":1,\"name\":\"Home\",\"item\":\"https:\/\/www.albergominerva.it\/es\/\"},{\"@type\":\"ListItem\",\"position\":2,\"name\":\"Siena\"}]},{\"@type\":\"WebSite\",\"@id\":\"https:\/\/www.albergominerva.it\/es\/#website\",\"url\":\"https:\/\/www.albergominerva.it\/es\/\",\"name\":\"Hotel Minerva Siena\",\"description\":\"Hotel in Centro Storico a Siena - Toscana - Italy\",\"potentialAction\":[{\"@type\":\"SearchAction\",\"target\":{\"@type\":\"EntryPoint\",\"urlTemplate\":\"https:\/\/www.albergominerva.it\/es\/?s={search_term_string}\"},\"query-input\":{\"@type\":\"PropertyValueSpecification\",\"valueRequired\":true,\"valueName\":\"search_term_string\"}}],\"inLanguage\":\"es\"}]}<\/script>\n<!-- \/ Yoast SEO plugin. -->","yoast_head_json":{"title":"Eventos a Siena Ciudad del Palio - Mejor Precio Garantizado","description":"El arte, la arquitectura y las tradiciones: los recorridos aconsejados por el Hotel Minerva para visitar la ciudad de Siena. Mejor Precio Garantizado.","robots":{"index":"index","follow":"follow","max-snippet":"max-snippet:-1","max-image-preview":"max-image-preview:large","max-video-preview":"max-video-preview:-1"},"canonical":"https:\/\/www.albergominerva.it\/es\/eventos-siena-palio-toscana\/","og_locale":"es_ES","og_type":"article","og_title":"Eventos a Siena Ciudad del Palio - Mejor Precio Garantizado","og_description":"El arte, la arquitectura y las tradiciones: los recorridos aconsejados por el Hotel Minerva para visitar la ciudad de Siena. Mejor Precio Garantizado.","og_url":"https:\/\/www.albergominerva.it\/es\/eventos-siena-palio-toscana\/","og_site_name":"Hotel Minerva Siena","article_modified_time":"2025-11-13T07:50:03+00:00","og_image":[{"width":1920,"height":1000,"url":"https:\/\/www.albergominerva.it\/wp-content\/uploads\/2021\/04\/panorama-siena.jpg","type":"image\/jpeg"}],"twitter_card":"summary_large_image","twitter_misc":{"Tiempo de lectura":"3 minutos"},"schema":{"@context":"https:\/\/schema.org","@graph":[{"@type":"WebPage","@id":"https:\/\/www.albergominerva.it\/es\/eventos-siena-palio-toscana\/","url":"https:\/\/www.albergominerva.it\/es\/eventos-siena-palio-toscana\/","name":"Eventos a Siena Ciudad del Palio - Mejor Precio Garantizado","isPartOf":{"@id":"https:\/\/www.albergominerva.it\/es\/#website"},"primaryImageOfPage":{"@id":"https:\/\/www.albergominerva.it\/es\/eventos-siena-palio-toscana\/#primaryimage"},"image":{"@id":"https:\/\/www.albergominerva.it\/es\/eventos-siena-palio-toscana\/#primaryimage"},"thumbnailUrl":"https:\/\/www.albergominerva.it\/wp-content\/uploads\/2021\/04\/panorama-siena.jpg","datePublished":"2016-02-19T14:50:19+00:00","dateModified":"2025-11-13T07:50:03+00:00","description":"El arte, la arquitectura y las tradiciones: los recorridos aconsejados por el Hotel Minerva para visitar la ciudad de Siena. Mejor Precio Garantizado.","breadcrumb":{"@id":"https:\/\/www.albergominerva.it\/es\/eventos-siena-palio-toscana\/#breadcrumb"},"inLanguage":"es","potentialAction":[{"@type":"ReadAction","target":["https:\/\/www.albergominerva.it\/es\/eventos-siena-palio-toscana\/"]}]},{"@type":"ImageObject","inLanguage":"es","@id":"https:\/\/www.albergominerva.it\/es\/eventos-siena-palio-toscana\/#primaryimage","url":"https:\/\/www.albergominerva.it\/wp-content\/uploads\/2021\/04\/panorama-siena.jpg","contentUrl":"https:\/\/www.albergominerva.it\/wp-content\/uploads\/2021\/04\/panorama-siena.jpg","width":1920,"height":1000},{"@type":"BreadcrumbList","@id":"https:\/\/www.albergominerva.it\/es\/eventos-siena-palio-toscana\/#breadcrumb","itemListElement":[{"@type":"ListItem","position":1,"name":"Home","item":"https:\/\/www.albergominerva.it\/es\/"},{"@type":"ListItem","position":2,"name":"Siena"}]},{"@type":"WebSite","@id":"https:\/\/www.albergominerva.it\/es\/#website","url":"https:\/\/www.albergominerva.it\/es\/","name":"Hotel Minerva Siena","description":"Hotel in Centro Storico a Siena - Toscana - Italy","potentialAction":[{"@type":"SearchAction","target":{"@type":"EntryPoint","urlTemplate":"https:\/\/www.albergominerva.it\/es\/?s={search_term_string}"},"query-input":{"@type":"PropertyValueSpecification","valueRequired":true,"valueName":"search_term_string"}}],"inLanguage":"es"}]}},"_links":{"self":[{"href":"https:\/\/www.albergominerva.it\/es\/wp-json\/wp\/v2\/pages\/1043","targetHints":{"allow":["GET"]}}],"collection":[{"href":"https:\/\/www.albergominerva.it\/es\/wp-json\/wp\/v2\/pages"}],"about":[{"href":"https:\/\/www.albergominerva.it\/es\/wp-json\/wp\/v2\/types\/page"}],"author":[{"embeddable":true,"href":"https:\/\/www.albergominerva.it\/es\/wp-json\/wp\/v2\/users\/1"}],"replies":[{"embeddable":true,"href":"https:\/\/www.albergominerva.it\/es\/wp-json\/wp\/v2\/comments?post=1043"}],"version-history":[{"count":7,"href":"https:\/\/www.albergominerva.it\/es\/wp-json\/wp\/v2\/pages\/1043\/revisions"}],"predecessor-version":[{"id":16879,"href":"https:\/\/www.albergominerva.it\/es\/wp-json\/wp\/v2\/pages\/1043\/revisions\/16879"}],"wp:featuredmedia":[{"embeddable":true,"href":"https:\/\/www.albergominerva.it\/es\/wp-json\/wp\/v2\/media\/8633"}],"wp:attachment":[{"href":"https:\/\/www.albergominerva.it\/es\/wp-json\/wp\/v2\/media?parent=1043"}],"curies":[{"name":"wp","href":"https:\/\/api.w.org\/{rel}","templated":true}]}}