{"id":10595,"date":"2023-03-26T08:16:01","date_gmt":"2023-03-26T06:16:01","guid":{"rendered":"https:\/\/www.albergominerva.it\/?page_id=10595"},"modified":"2023-03-26T08:16:03","modified_gmt":"2023-03-26T06:16:03","slug":"hotel-siena-para-abril-de-2023","status":"publish","type":"page","link":"https:\/\/www.albergominerva.it\/es\/hotel-siena-para-abril-de-2023\/","title":{"rendered":"Hotel Siena para Abril de 2023"},"content":{"rendered":"\n<p><strong>\u00bfTe interesa pasar unas vacaciones en Siena y est\u00e1s buscando una oferta para Abril de 2023?<\/strong><\/p>\n\n\n\n<figure class=\"wp-block-gallery has-nested-images columns-default is-cropped wp-block-gallery-1 is-layout-flex wp-block-gallery-is-layout-flex\">\n<figure class=\"wp-block-image size-large\"><img loading=\"lazy\" decoding=\"async\" width=\"768\" height=\"512\" data-id=\"10263\" src=\"https:\/\/www.albergominerva.it\/wp-content\/uploads\/2022\/12\/hotel-minerva-6.jpg\" alt=\"\" class=\"wp-image-10263\" srcset=\"https:\/\/www.albergominerva.it\/wp-content\/uploads\/2022\/12\/hotel-minerva-6.jpg 768w, https:\/\/www.albergominerva.it\/wp-content\/uploads\/2022\/12\/hotel-minerva-6-300x200.jpg 300w, https:\/\/www.albergominerva.it\/wp-content\/uploads\/2022\/12\/hotel-minerva-6-700x467.jpg 700w\" sizes=\"auto, (max-width: 768px) 100vw, 768px\" \/><\/figure>\n\n\n\n<figure class=\"wp-block-image size-large\"><img loading=\"lazy\" decoding=\"async\" width=\"768\" height=\"512\" data-id=\"10256\" src=\"https:\/\/www.albergominerva.it\/wp-content\/uploads\/2022\/12\/esterni-hotel-minerva-4.jpg\" alt=\"\" class=\"wp-image-10256\" srcset=\"https:\/\/www.albergominerva.it\/wp-content\/uploads\/2022\/12\/esterni-hotel-minerva-4.jpg 768w, https:\/\/www.albergominerva.it\/wp-content\/uploads\/2022\/12\/esterni-hotel-minerva-4-300x200.jpg 300w, https:\/\/www.albergominerva.it\/wp-content\/uploads\/2022\/12\/esterni-hotel-minerva-4-700x467.jpg 700w\" sizes=\"auto, (max-width: 768px) 100vw, 768px\" \/><\/figure>\n\n\n\n<figure class=\"wp-block-image size-large\"><img loading=\"lazy\" decoding=\"async\" width=\"768\" height=\"512\" data-id=\"10249\" src=\"https:\/\/www.albergominerva.it\/wp-content\/uploads\/2022\/12\/hotel-minerva-5.jpg\" alt=\"\" class=\"wp-image-10249\" srcset=\"https:\/\/www.albergominerva.it\/wp-content\/uploads\/2022\/12\/hotel-minerva-5.jpg 768w, https:\/\/www.albergominerva.it\/wp-content\/uploads\/2022\/12\/hotel-minerva-5-300x200.jpg 300w, https:\/\/www.albergominerva.it\/wp-content\/uploads\/2022\/12\/hotel-minerva-5-700x467.jpg 700w\" sizes=\"auto, (max-width: 768px) 100vw, 768px\" \/><\/figure>\n\n\n\n<figure class=\"wp-block-image size-large\"><img loading=\"lazy\" decoding=\"async\" width=\"1024\" height=\"682\" data-id=\"9453\" src=\"https:\/\/www.albergominerva.it\/wp-content\/uploads\/2022\/04\/esterni-hotel-minerva-siena-15-1024x682.jpg\" alt=\"\" class=\"wp-image-9453\" srcset=\"https:\/\/www.albergominerva.it\/wp-content\/uploads\/2022\/04\/esterni-hotel-minerva-siena-15-1024x682.jpg 1024w, https:\/\/www.albergominerva.it\/wp-content\/uploads\/2022\/04\/esterni-hotel-minerva-siena-15-300x200.jpg 300w, https:\/\/www.albergominerva.it\/wp-content\/uploads\/2022\/04\/esterni-hotel-minerva-siena-15-768x512.jpg 768w, https:\/\/www.albergominerva.it\/wp-content\/uploads\/2022\/04\/esterni-hotel-minerva-siena-15-1536x1024.jpg 1536w, https:\/\/www.albergominerva.it\/wp-content\/uploads\/2022\/04\/esterni-hotel-minerva-siena-15-2048x1365.jpg 2048w, https:\/\/www.albergominerva.it\/wp-content\/uploads\/2022\/04\/esterni-hotel-minerva-siena-15-1000x666.jpg 1000w, https:\/\/www.albergominerva.it\/wp-content\/uploads\/2022\/04\/esterni-hotel-minerva-siena-15-700x466.jpg 700w\" sizes=\"auto, (max-width: 1024px) 100vw, 1024px\" \/><\/figure>\n\n\n\n<figure class=\"wp-block-image size-large\"><img loading=\"lazy\" decoding=\"async\" width=\"1024\" height=\"1008\" data-id=\"9412\" src=\"https:\/\/www.albergominerva.it\/wp-content\/uploads\/2022\/03\/20220304_002444-1024x1008.jpg\" alt=\"\" class=\"wp-image-9412\" srcset=\"https:\/\/www.albergominerva.it\/wp-content\/uploads\/2022\/03\/20220304_002444-1024x1008.jpg 1024w, https:\/\/www.albergominerva.it\/wp-content\/uploads\/2022\/03\/20220304_002444-300x295.jpg 300w, https:\/\/www.albergominerva.it\/wp-content\/uploads\/2022\/03\/20220304_002444-768x756.jpg 768w, https:\/\/www.albergominerva.it\/wp-content\/uploads\/2022\/03\/20220304_002444-1536x1513.jpg 1536w, https:\/\/www.albergominerva.it\/wp-content\/uploads\/2022\/03\/20220304_002444-2048x2017.jpg 2048w, https:\/\/www.albergominerva.it\/wp-content\/uploads\/2022\/03\/20220304_002444-1000x985.jpg 1000w, https:\/\/www.albergominerva.it\/wp-content\/uploads\/2022\/03\/20220304_002444-700x689.jpg 700w\" sizes=\"auto, (max-width: 1024px) 100vw, 1024px\" \/><\/figure>\n\n\n\n<figure class=\"wp-block-image size-large\"><img loading=\"lazy\" decoding=\"async\" width=\"500\" height=\"380\" data-id=\"8987\" src=\"https:\/\/www.albergominerva.it\/wp-content\/uploads\/2021\/06\/pavimento-duomo-siena.jpg\" alt=\"\" class=\"wp-image-8987\" srcset=\"https:\/\/www.albergominerva.it\/wp-content\/uploads\/2021\/06\/pavimento-duomo-siena.jpg 500w, https:\/\/www.albergominerva.it\/wp-content\/uploads\/2021\/06\/pavimento-duomo-siena-300x228.jpg 300w\" sizes=\"auto, (max-width: 500px) 100vw, 500px\" \/><\/figure>\n\n\n\n<figure class=\"wp-block-image size-large\"><img loading=\"lazy\" decoding=\"async\" width=\"800\" height=\"533\" data-id=\"8651\" src=\"https:\/\/www.albergominerva.it\/wp-content\/uploads\/2021\/04\/girasole.jpg\" alt=\"\" class=\"wp-image-8651\" srcset=\"https:\/\/www.albergominerva.it\/wp-content\/uploads\/2021\/04\/girasole.jpg 800w, https:\/\/www.albergominerva.it\/wp-content\/uploads\/2021\/04\/girasole-300x200.jpg 300w, https:\/\/www.albergominerva.it\/wp-content\/uploads\/2021\/04\/girasole-768x512.jpg 768w, https:\/\/www.albergominerva.it\/wp-content\/uploads\/2021\/04\/girasole-700x466.jpg 700w\" sizes=\"auto, (max-width: 800px) 100vw, 800px\" \/><\/figure>\n\n\n\n<figure class=\"wp-block-image size-large\"><img loading=\"lazy\" decoding=\"async\" width=\"640\" height=\"800\" data-id=\"8660\" src=\"https:\/\/www.albergominerva.it\/wp-content\/uploads\/2021\/04\/siena-duomo.jpg\" alt=\"\" class=\"wp-image-8660\" srcset=\"https:\/\/www.albergominerva.it\/wp-content\/uploads\/2021\/04\/siena-duomo.jpg 640w, https:\/\/www.albergominerva.it\/wp-content\/uploads\/2021\/04\/siena-duomo-240x300.jpg 240w\" sizes=\"auto, (max-width: 640px) 100vw, 640px\" \/><\/figure>\n\n\n\n<figure class=\"wp-block-image size-large\"><img loading=\"lazy\" decoding=\"async\" width=\"1024\" height=\"533\" data-id=\"8317\" src=\"https:\/\/www.albergominerva.it\/wp-content\/uploads\/2020\/07\/header-elegant-standard-1024x533.jpg\" alt=\"\" class=\"wp-image-8317\" srcset=\"https:\/\/www.albergominerva.it\/wp-content\/uploads\/2020\/07\/header-elegant-standard-1024x533.jpg 1024w, https:\/\/www.albergominerva.it\/wp-content\/uploads\/2020\/07\/header-elegant-standard-300x156.jpg 300w, https:\/\/www.albergominerva.it\/wp-content\/uploads\/2020\/07\/header-elegant-standard-768x400.jpg 768w, https:\/\/www.albergominerva.it\/wp-content\/uploads\/2020\/07\/header-elegant-standard-1536x800.jpg 1536w, https:\/\/www.albergominerva.it\/wp-content\/uploads\/2020\/07\/header-elegant-standard-1000x521.jpg 1000w, https:\/\/www.albergominerva.it\/wp-content\/uploads\/2020\/07\/header-elegant-standard-700x365.jpg 700w, https:\/\/www.albergominerva.it\/wp-content\/uploads\/2020\/07\/header-elegant-standard.jpg 1920w\" sizes=\"auto, (max-width: 1024px) 100vw, 1024px\" \/><\/figure>\n<\/figure>\n\n\n\n<p>En ese caso, te recomendamos hacer una reserva en el Hotel Minerva, nuestro hermoso hotel de 3 estrellas en el centro hist\u00f3rico de Siena y a pocos minutos de la Piazza del Campo.<\/p>\n\n\n\n<p>Equipado con bar, ascensor y estacionamiento de pago, cubierto, con entrada directa al hotel y 20 plazas disponibles, el Hotel Minerva cuenta en sus instalaciones interiores con 56 habitaciones climatizadas, todas diferentes, con conexi\u00f3n inal\u00e1mbrica a internet y divididas en Easy-economy, Elegant-standard, habitaci\u00f3n Superior y Junior-suite.<\/p>\n\n\n\n<p><a href=\"https:\/\/www.albergominerva.it\/es\/habitaciones\/habitacion-baratas-siena-centro\/\">Las habitaciones Easy<\/a>, con cama doble o dos camas individuales bajo petici\u00f3n, est\u00e1n ubicadas en la parte interior, no tienen vistas al centro hist\u00f3rico y tienen un tama\u00f1o a partir de 16 m\u00b2.<\/p>\n\n\n\n<p><a href=\"https:\/\/www.albergominerva.it\/es\/habitaciones\/habitacion-standard-siena-centro\/\">Las habitaciones Elegant Standard<\/a>, con una decoraci\u00f3n moderna y tonos pastel en las paredes, tienen todas vistas al centro hist\u00f3rico de Siena y tienen un tama\u00f1o a partir de 19 m\u00b2. Se dividen en individuales y dobles, y pueden alojar hasta 4 personas.<\/p>\n\n\n\n<p><a href=\"https:\/\/www.albergominerva.it\/es\/habitaciones\/habitacion-superior-siena-centro\/\">Las habitaciones Superiores<\/a> tienen todas vistas a la Bas\u00edlica de San Francisco, la Bas\u00edlica de Provenzano y la Porta Ovile, y tienen un tama\u00f1o a partir de 19 m\u00b2.<\/p>\n\n\n\n<p><a href=\"https:\/\/www.albergominerva.it\/es\/habitaciones\/junior-suite-siena-centro\/\">Las Junior Suite Matrimoniales<\/a> tienen vistas al centro hist\u00f3rico de Siena, tienen un tama\u00f1o a partir de 19 m\u00b2 y est\u00e1n equipadas con una peque\u00f1a terraza. Estas habitaciones tambi\u00e9n tienen todas una cama doble y, bajo petici\u00f3n, dos camas separadas.<\/p>\n\n\n\n<p>Podr\u00e1s elegir entre muchas opciones, todas con conexi\u00f3n wifi para tu estancia, ya sea por diversi\u00f3n o por trabajo.<\/p>\n\n\n\n<p>El Hotel Minerva, adem\u00e1s, exhibe peri\u00f3dicamente una verdadera galer\u00eda de arte moderno en su interior, que presenta obras de pintores de Siena.<\/p>\n\n\n\n<p>Nuestro hotel es tranquilo e ideal para padres con ni\u00f1os; de hecho, disponemos de cunas, calentadores de biberones, esterilizadores y una ludoteca interior.<\/p>\n\n\n\n<p>El Minerva est\u00e1 cerca de dos parques infantiles y a unos 15 minutos del Orto de &#8216;Pecci, un maravilloso jard\u00edn con animales.<\/p>\n\n\n\n<p>El Hotel Minerva tiene una ubicaci\u00f3n \u00fanica para reuniones de negocios, ya que cuenta con conexi\u00f3n wifi y sala de reuniones con vistas al centro hist\u00f3rico de Siena, que puede acomodar hasta 40 personas y ofrece TV LED, proyector, pizarra luminosa y todas las principales herramientas.<\/p>\n\n\n\n<p>En cuanto al desayuno, el Hotel Minerva ofrece un delicioso desayuno italiano, internacional y con mermeladas genuinas y de calidad.<\/p>\n\n\n\n<p>El Hotel Minerva ofrece a sus hu\u00e9spedes un amplio garaje vigilado para coches, motos y bicicletas. El garaje est\u00e1 justo fuera del \u00e1rea de tr\u00e1fico limitado y es un servicio de pago.<\/p>\n\n\n\n<p>El hotel est\u00e1 ubicado en Siena, en Via Garibaldi, 72, a 2 minutos en coche de la estaci\u00f3n de tren y en una zona NO ZTL.<\/p>\n\n\n\n<p>Para hacer una reserva en nuestro hotel en el centro de Siena con estacionamiento para Abril de 2023, haz clic en Reservar en la parte superior derecha o llama al n\u00famero de tel\u00e9fono 0577.284474 o env\u00ede un correo electr\u00f3nico a <a href=\"mailto:info@albergominerva.it\">info@albergominerva.it<\/a>.<\/p>\n","protected":false},"excerpt":{"rendered":"<p>\u00bfTe interesa pasar unas vacaciones en Siena y est\u00e1s buscando una oferta para Abril de 2023? En ese caso, te<\/p>\n","protected":false},"author":3,"featured_media":0,"parent":0,"menu_order":0,"comment_status":"closed","ping_status":"closed","template":"","meta":{"_acf_changed":false,"footnotes":""},"class_list":["post-10595","page","type-page","status-publish","hentry"],"acf":[],"yoast_head":"<!-- This site is optimized with the Yoast SEO plugin v26.4 - https:\/\/yoast.com\/wordpress\/plugins\/seo\/ -->\n<title>Hotel Siena para Abril de 2023 - Hotel Minerva Siena<\/title>\n<meta name=\"robots\" content=\"index, follow, max-snippet:-1, max-image-preview:large, max-video-preview:-1\" \/>\n<link rel=\"canonical\" href=\"https:\/\/www.albergominerva.it\/es\/hotel-siena-para-abril-de-2023\/\" \/>\n<meta property=\"og:locale\" content=\"es_ES\" \/>\n<meta property=\"og:type\" content=\"article\" \/>\n<meta property=\"og:title\" content=\"Hotel Siena para Abril de 2023 - Hotel Minerva Siena\" \/>\n<meta property=\"og:description\" content=\"\u00bfTe interesa pasar unas vacaciones en Siena y est\u00e1s buscando una oferta para Abril de 2023? En ese caso, te\" \/>\n<meta property=\"og:url\" content=\"https:\/\/www.albergominerva.it\/es\/hotel-siena-para-abril-de-2023\/\" \/>\n<meta property=\"og:site_name\" content=\"Hotel Minerva Siena\" \/>\n<meta property=\"article:modified_time\" content=\"2023-03-26T06:16:03+00:00\" \/>\n<meta property=\"og:image\" content=\"https:\/\/www.albergominerva.it\/wp-content\/uploads\/2022\/12\/hotel-minerva-6.jpg\" \/>\n<meta name=\"twitter:card\" content=\"summary_large_image\" \/>\n<meta name=\"twitter:label1\" content=\"Tiempo de lectura\" \/>\n\t<meta name=\"twitter:data1\" content=\"5 minutos\" \/>\n<script type=\"application\/ld+json\" class=\"yoast-schema-graph\">{\"@context\":\"https:\/\/schema.org\",\"@graph\":[{\"@type\":\"WebPage\",\"@id\":\"https:\/\/www.albergominerva.it\/es\/hotel-siena-para-abril-de-2023\/\",\"url\":\"https:\/\/www.albergominerva.it\/es\/hotel-siena-para-abril-de-2023\/\",\"name\":\"Hotel Siena para Abril de 2023 - Hotel Minerva Siena\",\"isPartOf\":{\"@id\":\"https:\/\/www.albergominerva.it\/es\/#website\"},\"primaryImageOfPage\":{\"@id\":\"https:\/\/www.albergominerva.it\/es\/hotel-siena-para-abril-de-2023\/#primaryimage\"},\"image\":{\"@id\":\"https:\/\/www.albergominerva.it\/es\/hotel-siena-para-abril-de-2023\/#primaryimage\"},\"thumbnailUrl\":\"https:\/\/www.albergominerva.it\/wp-content\/uploads\/2022\/12\/hotel-minerva-6.jpg\",\"datePublished\":\"2023-03-26T06:16:01+00:00\",\"dateModified\":\"2023-03-26T06:16:03+00:00\",\"breadcrumb\":{\"@id\":\"https:\/\/www.albergominerva.it\/es\/hotel-siena-para-abril-de-2023\/#breadcrumb\"},\"inLanguage\":\"es\",\"potentialAction\":[{\"@type\":\"ReadAction\",\"target\":[\"https:\/\/www.albergominerva.it\/es\/hotel-siena-para-abril-de-2023\/\"]}]},{\"@type\":\"ImageObject\",\"inLanguage\":\"es\",\"@id\":\"https:\/\/www.albergominerva.it\/es\/hotel-siena-para-abril-de-2023\/#primaryimage\",\"url\":\"https:\/\/www.albergominerva.it\/wp-content\/uploads\/2022\/12\/hotel-minerva-6.jpg\",\"contentUrl\":\"https:\/\/www.albergominerva.it\/wp-content\/uploads\/2022\/12\/hotel-minerva-6.jpg\"},{\"@type\":\"BreadcrumbList\",\"@id\":\"https:\/\/www.albergominerva.it\/es\/hotel-siena-para-abril-de-2023\/#breadcrumb\",\"itemListElement\":[{\"@type\":\"ListItem\",\"position\":1,\"name\":\"Home\",\"item\":\"https:\/\/www.albergominerva.it\/es\/\"},{\"@type\":\"ListItem\",\"position\":2,\"name\":\"Hotel Siena para Abril de 2023\"}]},{\"@type\":\"WebSite\",\"@id\":\"https:\/\/www.albergominerva.it\/es\/#website\",\"url\":\"https:\/\/www.albergominerva.it\/es\/\",\"name\":\"Hotel Minerva Siena\",\"description\":\"Hotel in Centro Storico a Siena - Toscana - Italy\",\"potentialAction\":[{\"@type\":\"SearchAction\",\"target\":{\"@type\":\"EntryPoint\",\"urlTemplate\":\"https:\/\/www.albergominerva.it\/es\/?s={search_term_string}\"},\"query-input\":{\"@type\":\"PropertyValueSpecification\",\"valueRequired\":true,\"valueName\":\"search_term_string\"}}],\"inLanguage\":\"es\"}]}<\/script>\n<!-- \/ Yoast SEO plugin. -->","yoast_head_json":{"title":"Hotel Siena para Abril de 2023 - Hotel Minerva Siena","robots":{"index":"index","follow":"follow","max-snippet":"max-snippet:-1","max-image-preview":"max-image-preview:large","max-video-preview":"max-video-preview:-1"},"canonical":"https:\/\/www.albergominerva.it\/es\/hotel-siena-para-abril-de-2023\/","og_locale":"es_ES","og_type":"article","og_title":"Hotel Siena para Abril de 2023 - Hotel Minerva Siena","og_description":"\u00bfTe interesa pasar unas vacaciones en Siena y est\u00e1s buscando una oferta para Abril de 2023? En ese caso, te","og_url":"https:\/\/www.albergominerva.it\/es\/hotel-siena-para-abril-de-2023\/","og_site_name":"Hotel Minerva Siena","article_modified_time":"2023-03-26T06:16:03+00:00","og_image":[{"url":"https:\/\/www.albergominerva.it\/wp-content\/uploads\/2022\/12\/hotel-minerva-6.jpg","type":"","width":"","height":""}],"twitter_card":"summary_large_image","twitter_misc":{"Tiempo de lectura":"5 minutos"},"schema":{"@context":"https:\/\/schema.org","@graph":[{"@type":"WebPage","@id":"https:\/\/www.albergominerva.it\/es\/hotel-siena-para-abril-de-2023\/","url":"https:\/\/www.albergominerva.it\/es\/hotel-siena-para-abril-de-2023\/","name":"Hotel Siena para Abril de 2023 - Hotel Minerva Siena","isPartOf":{"@id":"https:\/\/www.albergominerva.it\/es\/#website"},"primaryImageOfPage":{"@id":"https:\/\/www.albergominerva.it\/es\/hotel-siena-para-abril-de-2023\/#primaryimage"},"image":{"@id":"https:\/\/www.albergominerva.it\/es\/hotel-siena-para-abril-de-2023\/#primaryimage"},"thumbnailUrl":"https:\/\/www.albergominerva.it\/wp-content\/uploads\/2022\/12\/hotel-minerva-6.jpg","datePublished":"2023-03-26T06:16:01+00:00","dateModified":"2023-03-26T06:16:03+00:00","breadcrumb":{"@id":"https:\/\/www.albergominerva.it\/es\/hotel-siena-para-abril-de-2023\/#breadcrumb"},"inLanguage":"es","potentialAction":[{"@type":"ReadAction","target":["https:\/\/www.albergominerva.it\/es\/hotel-siena-para-abril-de-2023\/"]}]},{"@type":"ImageObject","inLanguage":"es","@id":"https:\/\/www.albergominerva.it\/es\/hotel-siena-para-abril-de-2023\/#primaryimage","url":"https:\/\/www.albergominerva.it\/wp-content\/uploads\/2022\/12\/hotel-minerva-6.jpg","contentUrl":"https:\/\/www.albergominerva.it\/wp-content\/uploads\/2022\/12\/hotel-minerva-6.jpg"},{"@type":"BreadcrumbList","@id":"https:\/\/www.albergominerva.it\/es\/hotel-siena-para-abril-de-2023\/#breadcrumb","itemListElement":[{"@type":"ListItem","position":1,"name":"Home","item":"https:\/\/www.albergominerva.it\/es\/"},{"@type":"ListItem","position":2,"name":"Hotel Siena para Abril de 2023"}]},{"@type":"WebSite","@id":"https:\/\/www.albergominerva.it\/es\/#website","url":"https:\/\/www.albergominerva.it\/es\/","name":"Hotel Minerva Siena","description":"Hotel in Centro Storico a Siena - Toscana - Italy","potentialAction":[{"@type":"SearchAction","target":{"@type":"EntryPoint","urlTemplate":"https:\/\/www.albergominerva.it\/es\/?s={search_term_string}"},"query-input":{"@type":"PropertyValueSpecification","valueRequired":true,"valueName":"search_term_string"}}],"inLanguage":"es"}]}},"_links":{"self":[{"href":"https:\/\/www.albergominerva.it\/es\/wp-json\/wp\/v2\/pages\/10595","targetHints":{"allow":["GET"]}}],"collection":[{"href":"https:\/\/www.albergominerva.it\/es\/wp-json\/wp\/v2\/pages"}],"about":[{"href":"https:\/\/www.albergominerva.it\/es\/wp-json\/wp\/v2\/types\/page"}],"author":[{"embeddable":true,"href":"https:\/\/www.albergominerva.it\/es\/wp-json\/wp\/v2\/users\/3"}],"replies":[{"embeddable":true,"href":"https:\/\/www.albergominerva.it\/es\/wp-json\/wp\/v2\/comments?post=10595"}],"version-history":[{"count":1,"href":"https:\/\/www.albergominerva.it\/es\/wp-json\/wp\/v2\/pages\/10595\/revisions"}],"predecessor-version":[{"id":10596,"href":"https:\/\/www.albergominerva.it\/es\/wp-json\/wp\/v2\/pages\/10595\/revisions\/10596"}],"wp:attachment":[{"href":"https:\/\/www.albergominerva.it\/es\/wp-json\/wp\/v2\/media?parent=10595"}],"curies":[{"name":"wp","href":"https:\/\/api.w.org\/{rel}","templated":true}]}}