{"id":10613,"date":"2023-03-26T09:32:09","date_gmt":"2023-03-26T07:32:09","guid":{"rendered":"https:\/\/www.albergominerva.it\/?page_id=10613"},"modified":"2023-03-26T09:32:10","modified_gmt":"2023-03-26T07:32:10","slug":"hotel-siena-para-pascua-2023","status":"publish","type":"page","link":"https:\/\/www.albergominerva.it\/es\/hotel-siena-para-pascua-2023\/","title":{"rendered":"Hotel Siena para Pascua 2023"},"content":{"rendered":"\n<p><strong>\u00bfTe interesa pasar unos d\u00edas de vacaciones en Siena y est\u00e1s buscando una oferta para Pascua 2023?<\/strong><\/p>\n\n\n\n<figure class=\"wp-block-gallery has-nested-images columns-default is-cropped wp-block-gallery-1 is-layout-flex wp-block-gallery-is-layout-flex\">\n<figure class=\"wp-block-image size-large\"><img loading=\"lazy\" decoding=\"async\" width=\"768\" height=\"512\" data-id=\"10263\" src=\"https:\/\/www.albergominerva.it\/wp-content\/uploads\/2022\/12\/hotel-minerva-6.jpg\" alt=\"\" class=\"wp-image-10263\" srcset=\"https:\/\/www.albergominerva.it\/wp-content\/uploads\/2022\/12\/hotel-minerva-6.jpg 768w, https:\/\/www.albergominerva.it\/wp-content\/uploads\/2022\/12\/hotel-minerva-6-300x200.jpg 300w, https:\/\/www.albergominerva.it\/wp-content\/uploads\/2022\/12\/hotel-minerva-6-700x467.jpg 700w\" sizes=\"auto, (max-width: 768px) 100vw, 768px\" \/><\/figure>\n\n\n\n<figure class=\"wp-block-image size-large\"><img loading=\"lazy\" decoding=\"async\" width=\"768\" height=\"512\" data-id=\"10256\" src=\"https:\/\/www.albergominerva.it\/wp-content\/uploads\/2022\/12\/esterni-hotel-minerva-4.jpg\" alt=\"\" class=\"wp-image-10256\" srcset=\"https:\/\/www.albergominerva.it\/wp-content\/uploads\/2022\/12\/esterni-hotel-minerva-4.jpg 768w, https:\/\/www.albergominerva.it\/wp-content\/uploads\/2022\/12\/esterni-hotel-minerva-4-300x200.jpg 300w, https:\/\/www.albergominerva.it\/wp-content\/uploads\/2022\/12\/esterni-hotel-minerva-4-700x467.jpg 700w\" sizes=\"auto, (max-width: 768px) 100vw, 768px\" \/><\/figure>\n\n\n\n<figure class=\"wp-block-image size-large\"><img loading=\"lazy\" decoding=\"async\" width=\"640\" height=\"426\" data-id=\"9612\" src=\"https:\/\/www.albergominerva.it\/wp-content\/uploads\/2022\/06\/San-Gimignano.jpg\" alt=\"\" class=\"wp-image-9612\" srcset=\"https:\/\/www.albergominerva.it\/wp-content\/uploads\/2022\/06\/San-Gimignano.jpg 640w, https:\/\/www.albergominerva.it\/wp-content\/uploads\/2022\/06\/San-Gimignano-300x200.jpg 300w\" sizes=\"auto, (max-width: 640px) 100vw, 640px\" \/><\/figure>\n\n\n\n<figure class=\"wp-block-image size-large\"><img loading=\"lazy\" decoding=\"async\" width=\"1024\" height=\"1008\" data-id=\"9412\" src=\"https:\/\/www.albergominerva.it\/wp-content\/uploads\/2022\/03\/20220304_002444-1024x1008.jpg\" alt=\"\" class=\"wp-image-9412\" srcset=\"https:\/\/www.albergominerva.it\/wp-content\/uploads\/2022\/03\/20220304_002444-1024x1008.jpg 1024w, https:\/\/www.albergominerva.it\/wp-content\/uploads\/2022\/03\/20220304_002444-300x295.jpg 300w, https:\/\/www.albergominerva.it\/wp-content\/uploads\/2022\/03\/20220304_002444-768x756.jpg 768w, https:\/\/www.albergominerva.it\/wp-content\/uploads\/2022\/03\/20220304_002444-1536x1513.jpg 1536w, https:\/\/www.albergominerva.it\/wp-content\/uploads\/2022\/03\/20220304_002444-2048x2017.jpg 2048w, https:\/\/www.albergominerva.it\/wp-content\/uploads\/2022\/03\/20220304_002444-1000x985.jpg 1000w, https:\/\/www.albergominerva.it\/wp-content\/uploads\/2022\/03\/20220304_002444-700x689.jpg 700w\" sizes=\"auto, (max-width: 1024px) 100vw, 1024px\" \/><\/figure>\n\n\n\n<figure class=\"wp-block-image size-large\"><img loading=\"lazy\" decoding=\"async\" width=\"1024\" height=\"683\" data-id=\"9371\" src=\"https:\/\/www.albergominerva.it\/wp-content\/uploads\/2022\/02\/camera-121-1024x683.jpg\" alt=\"\" class=\"wp-image-9371\" srcset=\"https:\/\/www.albergominerva.it\/wp-content\/uploads\/2022\/02\/camera-121-1024x683.jpg 1024w, https:\/\/www.albergominerva.it\/wp-content\/uploads\/2022\/02\/camera-121-300x200.jpg 300w, https:\/\/www.albergominerva.it\/wp-content\/uploads\/2022\/02\/camera-121-768x512.jpg 768w, https:\/\/www.albergominerva.it\/wp-content\/uploads\/2022\/02\/camera-121-1536x1024.jpg 1536w, https:\/\/www.albergominerva.it\/wp-content\/uploads\/2022\/02\/camera-121-2048x1365.jpg 2048w, https:\/\/www.albergominerva.it\/wp-content\/uploads\/2022\/02\/camera-121-1000x667.jpg 1000w, https:\/\/www.albergominerva.it\/wp-content\/uploads\/2022\/02\/camera-121-700x467.jpg 700w\" sizes=\"auto, (max-width: 1024px) 100vw, 1024px\" \/><\/figure>\n\n\n\n<figure class=\"wp-block-image size-large\"><img loading=\"lazy\" decoding=\"async\" width=\"960\" height=\"684\" data-id=\"9269\" src=\"https:\/\/www.albergominerva.it\/wp-content\/uploads\/2022\/01\/palio-di-siena.jpg\" alt=\"\" class=\"wp-image-9269\" srcset=\"https:\/\/www.albergominerva.it\/wp-content\/uploads\/2022\/01\/palio-di-siena.jpg 960w, https:\/\/www.albergominerva.it\/wp-content\/uploads\/2022\/01\/palio-di-siena-300x214.jpg 300w, https:\/\/www.albergominerva.it\/wp-content\/uploads\/2022\/01\/palio-di-siena-768x547.jpg 768w, https:\/\/www.albergominerva.it\/wp-content\/uploads\/2022\/01\/palio-di-siena-700x499.jpg 700w\" sizes=\"auto, (max-width: 960px) 100vw, 960px\" \/><\/figure>\n\n\n\n<figure class=\"wp-block-image size-large\"><img loading=\"lazy\" decoding=\"async\" width=\"800\" height=\"617\" data-id=\"8472\" src=\"https:\/\/www.albergominerva.it\/wp-content\/uploads\/2021\/03\/20210324_234548.jpg\" alt=\"\" class=\"wp-image-8472\" srcset=\"https:\/\/www.albergominerva.it\/wp-content\/uploads\/2021\/03\/20210324_234548.jpg 800w, https:\/\/www.albergominerva.it\/wp-content\/uploads\/2021\/03\/20210324_234548-300x231.jpg 300w, https:\/\/www.albergominerva.it\/wp-content\/uploads\/2021\/03\/20210324_234548-768x592.jpg 768w, https:\/\/www.albergominerva.it\/wp-content\/uploads\/2021\/03\/20210324_234548-700x540.jpg 700w\" sizes=\"auto, (max-width: 800px) 100vw, 800px\" \/><\/figure>\n\n\n\n<figure class=\"wp-block-image size-large\"><img loading=\"lazy\" decoding=\"async\" width=\"1024\" height=\"533\" data-id=\"8317\" src=\"https:\/\/www.albergominerva.it\/wp-content\/uploads\/2020\/07\/header-elegant-standard-1024x533.jpg\" alt=\"\" class=\"wp-image-8317\" srcset=\"https:\/\/www.albergominerva.it\/wp-content\/uploads\/2020\/07\/header-elegant-standard-1024x533.jpg 1024w, https:\/\/www.albergominerva.it\/wp-content\/uploads\/2020\/07\/header-elegant-standard-300x156.jpg 300w, https:\/\/www.albergominerva.it\/wp-content\/uploads\/2020\/07\/header-elegant-standard-768x400.jpg 768w, https:\/\/www.albergominerva.it\/wp-content\/uploads\/2020\/07\/header-elegant-standard-1536x800.jpg 1536w, https:\/\/www.albergominerva.it\/wp-content\/uploads\/2020\/07\/header-elegant-standard-1000x521.jpg 1000w, https:\/\/www.albergominerva.it\/wp-content\/uploads\/2020\/07\/header-elegant-standard-700x365.jpg 700w, https:\/\/www.albergominerva.it\/wp-content\/uploads\/2020\/07\/header-elegant-standard.jpg 1920w\" sizes=\"auto, (max-width: 1024px) 100vw, 1024px\" \/><\/figure>\n\n\n\n<figure class=\"wp-block-image size-large\"><img loading=\"lazy\" decoding=\"async\" width=\"1024\" height=\"683\" data-id=\"8341\" src=\"https:\/\/www.albergominerva.it\/wp-content\/uploads\/2020\/07\/Camere-Hotel-Minerva-057-1.jpg\" alt=\"\" class=\"wp-image-8341\" srcset=\"https:\/\/www.albergominerva.it\/wp-content\/uploads\/2020\/07\/Camere-Hotel-Minerva-057-1.jpg 1024w, https:\/\/www.albergominerva.it\/wp-content\/uploads\/2020\/07\/Camere-Hotel-Minerva-057-1-300x200.jpg 300w, https:\/\/www.albergominerva.it\/wp-content\/uploads\/2020\/07\/Camere-Hotel-Minerva-057-1-768x512.jpg 768w, https:\/\/www.albergominerva.it\/wp-content\/uploads\/2020\/07\/Camere-Hotel-Minerva-057-1-1000x667.jpg 1000w, https:\/\/www.albergominerva.it\/wp-content\/uploads\/2020\/07\/Camere-Hotel-Minerva-057-1-700x467.jpg 700w\" sizes=\"auto, (max-width: 1024px) 100vw, 1024px\" \/><\/figure>\n<\/figure>\n\n\n\n<p>En ese caso, te recomendamos hacer una reserva en el Hotel Minerva, nuestro hermoso hotel de 3 estrellas en el centro hist\u00f3rico de Siena y a pocos minutos de la Piazza del Campo.<\/p>\n\n\n\n<p>Con bar, ascensor y estacionamiento de pago, protegido con entrada directa al hotel y con 20 plazas disponibles, el Hotel Minerva cuenta en su interior con 56 habitaciones con aire acondicionado, todas diferentes, con wifi y divididas en Easy-Economy, Elegant-Standard, Superior y Junior Suite.<\/p>\n\n\n\n<p><a href=\"https:\/\/www.albergominerva.it\/es\/habitaciones\/habitacion-baratas-siena-centro\/\">Las habitaciones Easy<\/a>, con cama doble o dos camas individuales a pedido, est\u00e1n ubicadas en la parte interior, no tienen vista al centro hist\u00f3rico y tienen una superficie a partir de 16 m\u00b2.<\/p>\n\n\n\n<p><a href=\"https:\/\/www.albergominerva.it\/es\/habitaciones\/habitacion-standard-siena-centro\/\">Las habitaciones Elegant Standard<\/a>, con decoraci\u00f3n moderna y tonos pastel en las paredes, tienen todas vistas al centro hist\u00f3rico de Siena y son grandes a partir de 19 m\u00b2. Se dividen en individuales y dobles y pueden alojar hasta un m\u00e1ximo de 4 personas.<\/p>\n\n\n\n<p><a href=\"https:\/\/www.albergominerva.it\/es\/habitaciones\/habitacion-superior-siena-centro\/\">Las habitaciones Superior<\/a> tienen todas vistas a la Bas\u00edlica de San Francisco, la Bas\u00edlica de Provenzano y la Porta Ovile y tienen una superficie a partir de 19 m\u00b2.<\/p>\n\n\n\n<p><a href=\"https:\/\/www.albergominerva.it\/es\/habitaciones\/junior-suite-siena-centro\/\">Las Junior Suite Matrimoniali<\/a> tienen vistas al centro hist\u00f3rico de Siena, tienen una superficie a partir de 19 m\u00b2 y est\u00e1n equipadas con una peque\u00f1a terraza. Estas habitaciones tambi\u00e9n tienen todas una cama doble y a pedido dos camas separadas.<\/p>\n\n\n\n<p>Podr\u00e1s elegir entre numerosas soluciones, todas equipadas con wifi para tu estancia de placer o de negocios.<\/p>\n\n\n\n<p><strong>El Hotel Minerva tambi\u00e9n exhibe peri\u00f3dicamente en su interior una verdadera galer\u00eda de arte moderno que presenta obras de pintores de Siena.<\/strong><\/p>\n\n\n\n<p>Nuestro hotel es tranquilo y es excelente para padres con ni\u00f1os; de hecho, tambi\u00e9n tenemos cunas disponibles, as\u00ed como calentadores de biberones, esterilizadores y sala de juegos interna.<\/p>\n\n\n\n<p>El Minerva est\u00e1 cerca de dos parques infantiles y a unos 15 minutos del Orto de&#8217; Pecci, un maravilloso jard\u00edn con animales.<\/p>\n\n\n\n<p>El Hotel Minerva tiene un entorno ideal para reuniones de trabajo ya que est\u00e1 equipado con conexi\u00f3n inal\u00e1mbrica y una sala de conferencias con vista al centro hist\u00f3rico de Siena, que tiene capacidad para hasta 40 personas y cuenta con TV LED, proyector, pizarra luminosa y todas las principales comodidades.<\/p>\n\n\n\n<p><strong>En cuanto al desayuno, el Hotel Minerva ofrece un delicioso desayuno italiano, internacional y con mermeladas naturales y de calidad.<\/strong><\/p>\n\n\n\n<p>El Hotel Minerva ofrece a sus hu\u00e9spedes un amplio garaje vigilado para autom\u00f3viles, motos y bicicletas. El garaje est\u00e1 justo fuera de la zona de tr\u00e1fico limitado y es un servicio de pago.<\/p>\n\n\n\n<p>Puede encontrar el Hotel en Siena en Via Garibaldi, 72, a 2 minutos en coche de la estaci\u00f3n de tren y en una zona NO ZTL.<\/p>\n\n\n\n<p>Para reservar nuestro hotel en el centro de Siena con estacionamiento para Pascua 2023, haga clic en \u00abReservar\u00bb en la parte superior derecha o llame al n\u00famero de tel\u00e9fono 0577.284474 o env\u00ede un correo electr\u00f3nico a info@albergominerva.it.<\/p>\n","protected":false},"excerpt":{"rendered":"<p>\u00bfTe interesa pasar unos d\u00edas de vacaciones en Siena y est\u00e1s buscando una oferta para Pascua 2023? En ese caso,<\/p>\n","protected":false},"author":3,"featured_media":0,"parent":0,"menu_order":0,"comment_status":"closed","ping_status":"closed","template":"","meta":{"_acf_changed":false,"footnotes":""},"class_list":["post-10613","page","type-page","status-publish","hentry"],"acf":[],"yoast_head":"<!-- This site is optimized with the Yoast SEO plugin v26.4 - https:\/\/yoast.com\/wordpress\/plugins\/seo\/ -->\n<title>Hotel Siena para Pascua 2023 - Hotel Minerva Siena<\/title>\n<meta name=\"robots\" content=\"index, follow, max-snippet:-1, max-image-preview:large, max-video-preview:-1\" \/>\n<link rel=\"canonical\" href=\"https:\/\/www.albergominerva.it\/es\/hotel-siena-para-pascua-2023\/\" \/>\n<meta property=\"og:locale\" content=\"es_ES\" \/>\n<meta property=\"og:type\" content=\"article\" \/>\n<meta property=\"og:title\" content=\"Hotel Siena para Pascua 2023 - Hotel Minerva Siena\" \/>\n<meta property=\"og:description\" content=\"\u00bfTe interesa pasar unos d\u00edas de vacaciones en Siena y est\u00e1s buscando una oferta para Pascua 2023? En ese caso,\" \/>\n<meta property=\"og:url\" content=\"https:\/\/www.albergominerva.it\/es\/hotel-siena-para-pascua-2023\/\" \/>\n<meta property=\"og:site_name\" content=\"Hotel Minerva Siena\" \/>\n<meta property=\"article:modified_time\" content=\"2023-03-26T07:32:10+00:00\" \/>\n<meta property=\"og:image\" content=\"https:\/\/www.albergominerva.it\/wp-content\/uploads\/2022\/12\/hotel-minerva-6.jpg\" \/>\n<meta name=\"twitter:card\" content=\"summary_large_image\" \/>\n<meta name=\"twitter:label1\" content=\"Tiempo de lectura\" \/>\n\t<meta name=\"twitter:data1\" content=\"5 minutos\" \/>\n<script type=\"application\/ld+json\" class=\"yoast-schema-graph\">{\"@context\":\"https:\/\/schema.org\",\"@graph\":[{\"@type\":\"WebPage\",\"@id\":\"https:\/\/www.albergominerva.it\/es\/hotel-siena-para-pascua-2023\/\",\"url\":\"https:\/\/www.albergominerva.it\/es\/hotel-siena-para-pascua-2023\/\",\"name\":\"Hotel Siena para Pascua 2023 - Hotel Minerva Siena\",\"isPartOf\":{\"@id\":\"https:\/\/www.albergominerva.it\/es\/#website\"},\"primaryImageOfPage\":{\"@id\":\"https:\/\/www.albergominerva.it\/es\/hotel-siena-para-pascua-2023\/#primaryimage\"},\"image\":{\"@id\":\"https:\/\/www.albergominerva.it\/es\/hotel-siena-para-pascua-2023\/#primaryimage\"},\"thumbnailUrl\":\"https:\/\/www.albergominerva.it\/wp-content\/uploads\/2022\/12\/hotel-minerva-6.jpg\",\"datePublished\":\"2023-03-26T07:32:09+00:00\",\"dateModified\":\"2023-03-26T07:32:10+00:00\",\"breadcrumb\":{\"@id\":\"https:\/\/www.albergominerva.it\/es\/hotel-siena-para-pascua-2023\/#breadcrumb\"},\"inLanguage\":\"es\",\"potentialAction\":[{\"@type\":\"ReadAction\",\"target\":[\"https:\/\/www.albergominerva.it\/es\/hotel-siena-para-pascua-2023\/\"]}]},{\"@type\":\"ImageObject\",\"inLanguage\":\"es\",\"@id\":\"https:\/\/www.albergominerva.it\/es\/hotel-siena-para-pascua-2023\/#primaryimage\",\"url\":\"https:\/\/www.albergominerva.it\/wp-content\/uploads\/2022\/12\/hotel-minerva-6.jpg\",\"contentUrl\":\"https:\/\/www.albergominerva.it\/wp-content\/uploads\/2022\/12\/hotel-minerva-6.jpg\"},{\"@type\":\"BreadcrumbList\",\"@id\":\"https:\/\/www.albergominerva.it\/es\/hotel-siena-para-pascua-2023\/#breadcrumb\",\"itemListElement\":[{\"@type\":\"ListItem\",\"position\":1,\"name\":\"Home\",\"item\":\"https:\/\/www.albergominerva.it\/es\/\"},{\"@type\":\"ListItem\",\"position\":2,\"name\":\"Hotel Siena para Pascua 2023\"}]},{\"@type\":\"WebSite\",\"@id\":\"https:\/\/www.albergominerva.it\/es\/#website\",\"url\":\"https:\/\/www.albergominerva.it\/es\/\",\"name\":\"Hotel Minerva Siena\",\"description\":\"Hotel in Centro Storico a Siena - Toscana - Italy\",\"potentialAction\":[{\"@type\":\"SearchAction\",\"target\":{\"@type\":\"EntryPoint\",\"urlTemplate\":\"https:\/\/www.albergominerva.it\/es\/?s={search_term_string}\"},\"query-input\":{\"@type\":\"PropertyValueSpecification\",\"valueRequired\":true,\"valueName\":\"search_term_string\"}}],\"inLanguage\":\"es\"}]}<\/script>\n<!-- \/ Yoast SEO plugin. -->","yoast_head_json":{"title":"Hotel Siena para Pascua 2023 - Hotel Minerva Siena","robots":{"index":"index","follow":"follow","max-snippet":"max-snippet:-1","max-image-preview":"max-image-preview:large","max-video-preview":"max-video-preview:-1"},"canonical":"https:\/\/www.albergominerva.it\/es\/hotel-siena-para-pascua-2023\/","og_locale":"es_ES","og_type":"article","og_title":"Hotel Siena para Pascua 2023 - Hotel Minerva Siena","og_description":"\u00bfTe interesa pasar unos d\u00edas de vacaciones en Siena y est\u00e1s buscando una oferta para Pascua 2023? En ese caso,","og_url":"https:\/\/www.albergominerva.it\/es\/hotel-siena-para-pascua-2023\/","og_site_name":"Hotel Minerva Siena","article_modified_time":"2023-03-26T07:32:10+00:00","og_image":[{"url":"https:\/\/www.albergominerva.it\/wp-content\/uploads\/2022\/12\/hotel-minerva-6.jpg","type":"","width":"","height":""}],"twitter_card":"summary_large_image","twitter_misc":{"Tiempo de lectura":"5 minutos"},"schema":{"@context":"https:\/\/schema.org","@graph":[{"@type":"WebPage","@id":"https:\/\/www.albergominerva.it\/es\/hotel-siena-para-pascua-2023\/","url":"https:\/\/www.albergominerva.it\/es\/hotel-siena-para-pascua-2023\/","name":"Hotel Siena para Pascua 2023 - Hotel Minerva Siena","isPartOf":{"@id":"https:\/\/www.albergominerva.it\/es\/#website"},"primaryImageOfPage":{"@id":"https:\/\/www.albergominerva.it\/es\/hotel-siena-para-pascua-2023\/#primaryimage"},"image":{"@id":"https:\/\/www.albergominerva.it\/es\/hotel-siena-para-pascua-2023\/#primaryimage"},"thumbnailUrl":"https:\/\/www.albergominerva.it\/wp-content\/uploads\/2022\/12\/hotel-minerva-6.jpg","datePublished":"2023-03-26T07:32:09+00:00","dateModified":"2023-03-26T07:32:10+00:00","breadcrumb":{"@id":"https:\/\/www.albergominerva.it\/es\/hotel-siena-para-pascua-2023\/#breadcrumb"},"inLanguage":"es","potentialAction":[{"@type":"ReadAction","target":["https:\/\/www.albergominerva.it\/es\/hotel-siena-para-pascua-2023\/"]}]},{"@type":"ImageObject","inLanguage":"es","@id":"https:\/\/www.albergominerva.it\/es\/hotel-siena-para-pascua-2023\/#primaryimage","url":"https:\/\/www.albergominerva.it\/wp-content\/uploads\/2022\/12\/hotel-minerva-6.jpg","contentUrl":"https:\/\/www.albergominerva.it\/wp-content\/uploads\/2022\/12\/hotel-minerva-6.jpg"},{"@type":"BreadcrumbList","@id":"https:\/\/www.albergominerva.it\/es\/hotel-siena-para-pascua-2023\/#breadcrumb","itemListElement":[{"@type":"ListItem","position":1,"name":"Home","item":"https:\/\/www.albergominerva.it\/es\/"},{"@type":"ListItem","position":2,"name":"Hotel Siena para Pascua 2023"}]},{"@type":"WebSite","@id":"https:\/\/www.albergominerva.it\/es\/#website","url":"https:\/\/www.albergominerva.it\/es\/","name":"Hotel Minerva Siena","description":"Hotel in Centro Storico a Siena - Toscana - Italy","potentialAction":[{"@type":"SearchAction","target":{"@type":"EntryPoint","urlTemplate":"https:\/\/www.albergominerva.it\/es\/?s={search_term_string}"},"query-input":{"@type":"PropertyValueSpecification","valueRequired":true,"valueName":"search_term_string"}}],"inLanguage":"es"}]}},"_links":{"self":[{"href":"https:\/\/www.albergominerva.it\/es\/wp-json\/wp\/v2\/pages\/10613","targetHints":{"allow":["GET"]}}],"collection":[{"href":"https:\/\/www.albergominerva.it\/es\/wp-json\/wp\/v2\/pages"}],"about":[{"href":"https:\/\/www.albergominerva.it\/es\/wp-json\/wp\/v2\/types\/page"}],"author":[{"embeddable":true,"href":"https:\/\/www.albergominerva.it\/es\/wp-json\/wp\/v2\/users\/3"}],"replies":[{"embeddable":true,"href":"https:\/\/www.albergominerva.it\/es\/wp-json\/wp\/v2\/comments?post=10613"}],"version-history":[{"count":1,"href":"https:\/\/www.albergominerva.it\/es\/wp-json\/wp\/v2\/pages\/10613\/revisions"}],"predecessor-version":[{"id":10614,"href":"https:\/\/www.albergominerva.it\/es\/wp-json\/wp\/v2\/pages\/10613\/revisions\/10614"}],"wp:attachment":[{"href":"https:\/\/www.albergominerva.it\/es\/wp-json\/wp\/v2\/media?parent=10613"}],"curies":[{"name":"wp","href":"https:\/\/api.w.org\/{rel}","templated":true}]}}