{"id":10619,"date":"2023-03-26T11:43:47","date_gmt":"2023-03-26T09:43:47","guid":{"rendered":"https:\/\/www.albergominerva.it\/?page_id=10619"},"modified":"2023-03-26T11:43:49","modified_gmt":"2023-03-26T09:43:49","slug":"ofertas-de-hoteles-en-siena-para-las-fiestas-navidenas-de-2023","status":"publish","type":"page","link":"https:\/\/www.albergominerva.it\/es\/ofertas-de-hoteles-en-siena-para-las-fiestas-navidenas-de-2023\/","title":{"rendered":"Ofertas de hoteles en Siena para las fiestas navide\u00f1as de 2023"},"content":{"rendered":"\n<p>\u00bfTe interesa pasar unos d\u00edas de vacaciones en Siena y est\u00e1s buscando una oferta para las fiestas navide\u00f1as de 2023?<\/p>\n\n\n\n<figure class=\"wp-block-gallery has-nested-images columns-default is-cropped wp-block-gallery-1 is-layout-flex wp-block-gallery-is-layout-flex\">\n<figure class=\"wp-block-image size-large\"><img loading=\"lazy\" decoding=\"async\" width=\"768\" height=\"512\" data-id=\"10263\" src=\"https:\/\/www.albergominerva.it\/wp-content\/uploads\/2022\/12\/hotel-minerva-6.jpg\" alt=\"\" class=\"wp-image-10263\" srcset=\"https:\/\/www.albergominerva.it\/wp-content\/uploads\/2022\/12\/hotel-minerva-6.jpg 768w, https:\/\/www.albergominerva.it\/wp-content\/uploads\/2022\/12\/hotel-minerva-6-300x200.jpg 300w, https:\/\/www.albergominerva.it\/wp-content\/uploads\/2022\/12\/hotel-minerva-6-700x467.jpg 700w\" sizes=\"auto, (max-width: 768px) 100vw, 768px\" \/><\/figure>\n\n\n\n<figure class=\"wp-block-image size-large\"><img loading=\"lazy\" decoding=\"async\" width=\"768\" height=\"512\" data-id=\"10256\" src=\"https:\/\/www.albergominerva.it\/wp-content\/uploads\/2022\/12\/esterni-hotel-minerva-4.jpg\" alt=\"\" class=\"wp-image-10256\" srcset=\"https:\/\/www.albergominerva.it\/wp-content\/uploads\/2022\/12\/esterni-hotel-minerva-4.jpg 768w, https:\/\/www.albergominerva.it\/wp-content\/uploads\/2022\/12\/esterni-hotel-minerva-4-300x200.jpg 300w, https:\/\/www.albergominerva.it\/wp-content\/uploads\/2022\/12\/esterni-hotel-minerva-4-700x467.jpg 700w\" sizes=\"auto, (max-width: 768px) 100vw, 768px\" \/><\/figure>\n\n\n\n<figure class=\"wp-block-image size-large\"><img loading=\"lazy\" decoding=\"async\" width=\"640\" height=\"426\" data-id=\"9612\" src=\"https:\/\/www.albergominerva.it\/wp-content\/uploads\/2022\/06\/San-Gimignano.jpg\" alt=\"\" class=\"wp-image-9612\" srcset=\"https:\/\/www.albergominerva.it\/wp-content\/uploads\/2022\/06\/San-Gimignano.jpg 640w, https:\/\/www.albergominerva.it\/wp-content\/uploads\/2022\/06\/San-Gimignano-300x200.jpg 300w\" sizes=\"auto, (max-width: 640px) 100vw, 640px\" \/><\/figure>\n\n\n\n<figure class=\"wp-block-image size-large\"><img loading=\"lazy\" decoding=\"async\" width=\"1024\" height=\"1008\" data-id=\"9412\" src=\"https:\/\/www.albergominerva.it\/wp-content\/uploads\/2022\/03\/20220304_002444-1024x1008.jpg\" alt=\"\" class=\"wp-image-9412\" srcset=\"https:\/\/www.albergominerva.it\/wp-content\/uploads\/2022\/03\/20220304_002444-1024x1008.jpg 1024w, https:\/\/www.albergominerva.it\/wp-content\/uploads\/2022\/03\/20220304_002444-300x295.jpg 300w, https:\/\/www.albergominerva.it\/wp-content\/uploads\/2022\/03\/20220304_002444-768x756.jpg 768w, https:\/\/www.albergominerva.it\/wp-content\/uploads\/2022\/03\/20220304_002444-1536x1513.jpg 1536w, https:\/\/www.albergominerva.it\/wp-content\/uploads\/2022\/03\/20220304_002444-2048x2017.jpg 2048w, https:\/\/www.albergominerva.it\/wp-content\/uploads\/2022\/03\/20220304_002444-1000x985.jpg 1000w, https:\/\/www.albergominerva.it\/wp-content\/uploads\/2022\/03\/20220304_002444-700x689.jpg 700w\" sizes=\"auto, (max-width: 1024px) 100vw, 1024px\" \/><\/figure>\n\n\n\n<figure class=\"wp-block-image size-large\"><img loading=\"lazy\" decoding=\"async\" width=\"1024\" height=\"683\" data-id=\"9371\" src=\"https:\/\/www.albergominerva.it\/wp-content\/uploads\/2022\/02\/camera-121-1024x683.jpg\" alt=\"\" class=\"wp-image-9371\" srcset=\"https:\/\/www.albergominerva.it\/wp-content\/uploads\/2022\/02\/camera-121-1024x683.jpg 1024w, https:\/\/www.albergominerva.it\/wp-content\/uploads\/2022\/02\/camera-121-300x200.jpg 300w, https:\/\/www.albergominerva.it\/wp-content\/uploads\/2022\/02\/camera-121-768x512.jpg 768w, https:\/\/www.albergominerva.it\/wp-content\/uploads\/2022\/02\/camera-121-1536x1024.jpg 1536w, https:\/\/www.albergominerva.it\/wp-content\/uploads\/2022\/02\/camera-121-2048x1365.jpg 2048w, https:\/\/www.albergominerva.it\/wp-content\/uploads\/2022\/02\/camera-121-1000x667.jpg 1000w, https:\/\/www.albergominerva.it\/wp-content\/uploads\/2022\/02\/camera-121-700x467.jpg 700w\" sizes=\"auto, (max-width: 1024px) 100vw, 1024px\" \/><\/figure>\n\n\n\n<figure class=\"wp-block-image size-large\"><img loading=\"lazy\" decoding=\"async\" width=\"960\" height=\"684\" data-id=\"9269\" src=\"https:\/\/www.albergominerva.it\/wp-content\/uploads\/2022\/01\/palio-di-siena.jpg\" alt=\"\" class=\"wp-image-9269\" srcset=\"https:\/\/www.albergominerva.it\/wp-content\/uploads\/2022\/01\/palio-di-siena.jpg 960w, https:\/\/www.albergominerva.it\/wp-content\/uploads\/2022\/01\/palio-di-siena-300x214.jpg 300w, https:\/\/www.albergominerva.it\/wp-content\/uploads\/2022\/01\/palio-di-siena-768x547.jpg 768w, https:\/\/www.albergominerva.it\/wp-content\/uploads\/2022\/01\/palio-di-siena-700x499.jpg 700w\" sizes=\"auto, (max-width: 960px) 100vw, 960px\" \/><\/figure>\n\n\n\n<figure class=\"wp-block-image size-large\"><img loading=\"lazy\" decoding=\"async\" width=\"800\" height=\"617\" data-id=\"8472\" src=\"https:\/\/www.albergominerva.it\/wp-content\/uploads\/2021\/03\/20210324_234548.jpg\" alt=\"\" class=\"wp-image-8472\" srcset=\"https:\/\/www.albergominerva.it\/wp-content\/uploads\/2021\/03\/20210324_234548.jpg 800w, https:\/\/www.albergominerva.it\/wp-content\/uploads\/2021\/03\/20210324_234548-300x231.jpg 300w, https:\/\/www.albergominerva.it\/wp-content\/uploads\/2021\/03\/20210324_234548-768x592.jpg 768w, https:\/\/www.albergominerva.it\/wp-content\/uploads\/2021\/03\/20210324_234548-700x540.jpg 700w\" sizes=\"auto, (max-width: 800px) 100vw, 800px\" \/><\/figure>\n\n\n\n<figure class=\"wp-block-image size-large\"><img loading=\"lazy\" decoding=\"async\" width=\"1024\" height=\"533\" data-id=\"8317\" src=\"https:\/\/www.albergominerva.it\/wp-content\/uploads\/2020\/07\/header-elegant-standard-1024x533.jpg\" alt=\"\" class=\"wp-image-8317\" srcset=\"https:\/\/www.albergominerva.it\/wp-content\/uploads\/2020\/07\/header-elegant-standard-1024x533.jpg 1024w, https:\/\/www.albergominerva.it\/wp-content\/uploads\/2020\/07\/header-elegant-standard-300x156.jpg 300w, https:\/\/www.albergominerva.it\/wp-content\/uploads\/2020\/07\/header-elegant-standard-768x400.jpg 768w, https:\/\/www.albergominerva.it\/wp-content\/uploads\/2020\/07\/header-elegant-standard-1536x800.jpg 1536w, https:\/\/www.albergominerva.it\/wp-content\/uploads\/2020\/07\/header-elegant-standard-1000x521.jpg 1000w, https:\/\/www.albergominerva.it\/wp-content\/uploads\/2020\/07\/header-elegant-standard-700x365.jpg 700w, https:\/\/www.albergominerva.it\/wp-content\/uploads\/2020\/07\/header-elegant-standard.jpg 1920w\" sizes=\"auto, (max-width: 1024px) 100vw, 1024px\" \/><\/figure>\n\n\n\n<figure class=\"wp-block-image size-large\"><img loading=\"lazy\" decoding=\"async\" width=\"1024\" height=\"683\" data-id=\"8341\" src=\"https:\/\/www.albergominerva.it\/wp-content\/uploads\/2020\/07\/Camere-Hotel-Minerva-057-1.jpg\" alt=\"\" class=\"wp-image-8341\" srcset=\"https:\/\/www.albergominerva.it\/wp-content\/uploads\/2020\/07\/Camere-Hotel-Minerva-057-1.jpg 1024w, https:\/\/www.albergominerva.it\/wp-content\/uploads\/2020\/07\/Camere-Hotel-Minerva-057-1-300x200.jpg 300w, https:\/\/www.albergominerva.it\/wp-content\/uploads\/2020\/07\/Camere-Hotel-Minerva-057-1-768x512.jpg 768w, https:\/\/www.albergominerva.it\/wp-content\/uploads\/2020\/07\/Camere-Hotel-Minerva-057-1-1000x667.jpg 1000w, https:\/\/www.albergominerva.it\/wp-content\/uploads\/2020\/07\/Camere-Hotel-Minerva-057-1-700x467.jpg 700w\" sizes=\"auto, (max-width: 1024px) 100vw, 1024px\" \/><\/figure>\n<\/figure>\n\n\n\n<p>Entonces te recomendamos reservar en el Hotel Minerva, nuestro encantador hotel de 3 estrellas en el centro hist\u00f3rico de Siena y a solo unos minutos de la Piazza del Campo.<\/p>\n\n\n\n<p>Equipado con bar, ascensor y estacionamiento de pago, cerrado con acceso directo al hotel y con 20 plazas disponibles, el Hotel Minerva cuenta con 56 habitaciones con aire acondicionado en su interior, todas diferentes, con conexi\u00f3n inal\u00e1mbrica y que se dividen en easy-economy, elegant-standard, habitaciones superiores y suites junior.<\/p>\n\n\n\n<p><a href=\"https:\/\/www.albergominerva.it\/es\/habitaciones\/habitacion-baratas-siena-centro\/\">Las habitaciones Easy<\/a>, con cama doble o dos camas individuales bajo petici\u00f3n, est\u00e1n situadas en la parte interior, no dan a la parte hist\u00f3rica y tienen una superficie a partir de 16 m\u00b2.<\/p>\n\n\n\n<p><a href=\"https:\/\/www.albergominerva.it\/es\/habitaciones\/habitacion-standard-siena-centr\">Las habitaciones Elegant Standard<\/a>, con una decoraci\u00f3n moderna y tonos pastel en las paredes, tienen todas vistas a la parte hist\u00f3rica de Siena y tienen una superficie a partir de 19 m\u00b2. Se dividen en individuales y dobles, y pueden alojar hasta 4 personas.<\/p>\n\n\n\n<p><a href=\"https:\/\/www.albergominerva.it\/es\/habitaciones\/habitacion-superior-siena-centro\/\">Las habitaciones Superiores<\/a> tienen todas vistas a la Bas\u00edlica de San Francisco, la Bas\u00edlica de Provenzano y la Puerta Ovile, y son grandes a partir de 19 m\u00b2.<\/p>\n\n\n\n<p><a href=\"https:\/\/www.albergominerva.it\/es\/habitaciones\/junior-suite-siena-centro\/\">Las Junior Suites Matrimoniales<\/a> tienen vistas al centro hist\u00f3rico de Siena, tienen una superficie a partir de 19 m\u00b2 y est\u00e1n equipadas con una peque\u00f1a terraza. Estas habitaciones tambi\u00e9n tienen todas una cama doble y, bajo petici\u00f3n, dos camas separadas.<\/p>\n\n\n\n<p><strong>Por lo tanto, tendr\u00e1s la posibilidad de elegir entre muchas soluciones, todas equipadas con wifi para tu estancia por placer o por trabajo.<\/strong><\/p>\n\n\n\n<p>El Hotel Minerva tambi\u00e9n tiene peri\u00f3dicamente una verdadera galer\u00eda de arte contempor\u00e1neo en su interior que exhibe trabajos de artistas de Siena.<\/p>\n\n\n\n<p>Nuestro hotel es tranquilo y perfecto para familias con ni\u00f1os; de hecho, tenemos cunas disponibles, as\u00ed como calentadores de biberones, esterilizadores y una ludoteca interna.<\/p>\n\n\n\n<p>El Minerva est\u00e1 cerca de dos parques infantiles y a unos 15 minutos del Orto de\u2019 Pecci, un hermoso jard\u00edn con animales.<\/p>\n\n\n\n<p>El hotel Minerva ofrece una ubicaci\u00f3n ideal para reuniones de trabajo, ya que est\u00e1 equipado con conexi\u00f3n wifi y una sala de conferencias con vistas al centro hist\u00f3rico de Siena, que puede acomodar hasta 40 personas y cuenta con TV LED, proyector, pizarra luminosa y todos los principales servicios.<\/p>\n\n\n\n<p>En cuanto al desayuno, el Hotel Minerva ofrece un desayuno tentador, italiano e internacional con mermeladas naturales y seleccionadas.<\/p>\n\n\n\n<p>El Hotel Minerva ofrece a sus hu\u00e9spedes un amplio garaje vigilado para autom\u00f3viles, motocicletas y bicicletas. El garaje est\u00e1 justo fuera de la zona de tr\u00e1fico limitado y es un servicio de pago.<\/p>\n\n\n\n<p>El hotel est\u00e1 ubicado en Via Garibaldi, 72 en Siena, a 2 minutos en coche de la estaci\u00f3n de tren y en un \u00e1rea NO ZTL.<\/p>\n\n\n\n<p>Para reservar nuestro hotel en el centro de Siena con estacionamiento para las fiestas de Navidad 2023, haga clic en Reservar en la parte superior derecha o llame al n\u00famero 0577.284474 o env\u00ede un correo electr\u00f3nico a info@albergominerva.it.<\/p>\n","protected":false},"excerpt":{"rendered":"<p>\u00bfTe interesa pasar unos d\u00edas de vacaciones en Siena y est\u00e1s buscando una oferta para las fiestas navide\u00f1as de 2023?<\/p>\n","protected":false},"author":3,"featured_media":0,"parent":0,"menu_order":0,"comment_status":"closed","ping_status":"closed","template":"","meta":{"_acf_changed":false,"footnotes":""},"class_list":["post-10619","page","type-page","status-publish","hentry"],"acf":[],"yoast_head":"<!-- This site is optimized with the Yoast SEO plugin v26.4 - https:\/\/yoast.com\/wordpress\/plugins\/seo\/ -->\n<title>Ofertas de hoteles en Siena para las fiestas navide\u00f1as de 2023 - Hotel Minerva Siena<\/title>\n<meta name=\"robots\" content=\"index, follow, max-snippet:-1, max-image-preview:large, max-video-preview:-1\" \/>\n<link rel=\"canonical\" href=\"https:\/\/www.albergominerva.it\/es\/ofertas-de-hoteles-en-siena-para-las-fiestas-navidenas-de-2023\/\" \/>\n<meta property=\"og:locale\" content=\"es_ES\" \/>\n<meta property=\"og:type\" content=\"article\" \/>\n<meta property=\"og:title\" content=\"Ofertas de hoteles en Siena para las fiestas navide\u00f1as de 2023 - Hotel Minerva Siena\" \/>\n<meta property=\"og:description\" content=\"\u00bfTe interesa pasar unos d\u00edas de vacaciones en Siena y est\u00e1s buscando una oferta para las fiestas navide\u00f1as de 2023?\" \/>\n<meta property=\"og:url\" content=\"https:\/\/www.albergominerva.it\/es\/ofertas-de-hoteles-en-siena-para-las-fiestas-navidenas-de-2023\/\" \/>\n<meta property=\"og:site_name\" content=\"Hotel Minerva Siena\" \/>\n<meta property=\"article:modified_time\" content=\"2023-03-26T09:43:49+00:00\" \/>\n<meta property=\"og:image\" content=\"https:\/\/www.albergominerva.it\/wp-content\/uploads\/2022\/12\/hotel-minerva-6.jpg\" \/>\n<meta name=\"twitter:card\" content=\"summary_large_image\" \/>\n<meta name=\"twitter:label1\" content=\"Tiempo de lectura\" \/>\n\t<meta name=\"twitter:data1\" content=\"5 minutos\" \/>\n<script type=\"application\/ld+json\" class=\"yoast-schema-graph\">{\"@context\":\"https:\/\/schema.org\",\"@graph\":[{\"@type\":\"WebPage\",\"@id\":\"https:\/\/www.albergominerva.it\/es\/ofertas-de-hoteles-en-siena-para-las-fiestas-navidenas-de-2023\/\",\"url\":\"https:\/\/www.albergominerva.it\/es\/ofertas-de-hoteles-en-siena-para-las-fiestas-navidenas-de-2023\/\",\"name\":\"Ofertas de hoteles en Siena para las fiestas navide\u00f1as de 2023 - Hotel Minerva Siena\",\"isPartOf\":{\"@id\":\"https:\/\/www.albergominerva.it\/es\/#website\"},\"primaryImageOfPage\":{\"@id\":\"https:\/\/www.albergominerva.it\/es\/ofertas-de-hoteles-en-siena-para-las-fiestas-navidenas-de-2023\/#primaryimage\"},\"image\":{\"@id\":\"https:\/\/www.albergominerva.it\/es\/ofertas-de-hoteles-en-siena-para-las-fiestas-navidenas-de-2023\/#primaryimage\"},\"thumbnailUrl\":\"https:\/\/www.albergominerva.it\/wp-content\/uploads\/2022\/12\/hotel-minerva-6.jpg\",\"datePublished\":\"2023-03-26T09:43:47+00:00\",\"dateModified\":\"2023-03-26T09:43:49+00:00\",\"breadcrumb\":{\"@id\":\"https:\/\/www.albergominerva.it\/es\/ofertas-de-hoteles-en-siena-para-las-fiestas-navidenas-de-2023\/#breadcrumb\"},\"inLanguage\":\"es\",\"potentialAction\":[{\"@type\":\"ReadAction\",\"target\":[\"https:\/\/www.albergominerva.it\/es\/ofertas-de-hoteles-en-siena-para-las-fiestas-navidenas-de-2023\/\"]}]},{\"@type\":\"ImageObject\",\"inLanguage\":\"es\",\"@id\":\"https:\/\/www.albergominerva.it\/es\/ofertas-de-hoteles-en-siena-para-las-fiestas-navidenas-de-2023\/#primaryimage\",\"url\":\"https:\/\/www.albergominerva.it\/wp-content\/uploads\/2022\/12\/hotel-minerva-6.jpg\",\"contentUrl\":\"https:\/\/www.albergominerva.it\/wp-content\/uploads\/2022\/12\/hotel-minerva-6.jpg\"},{\"@type\":\"BreadcrumbList\",\"@id\":\"https:\/\/www.albergominerva.it\/es\/ofertas-de-hoteles-en-siena-para-las-fiestas-navidenas-de-2023\/#breadcrumb\",\"itemListElement\":[{\"@type\":\"ListItem\",\"position\":1,\"name\":\"Home\",\"item\":\"https:\/\/www.albergominerva.it\/es\/\"},{\"@type\":\"ListItem\",\"position\":2,\"name\":\"Ofertas de hoteles en Siena para las fiestas navide\u00f1as de 2023\"}]},{\"@type\":\"WebSite\",\"@id\":\"https:\/\/www.albergominerva.it\/es\/#website\",\"url\":\"https:\/\/www.albergominerva.it\/es\/\",\"name\":\"Hotel Minerva Siena\",\"description\":\"Hotel in Centro Storico a Siena - Toscana - Italy\",\"potentialAction\":[{\"@type\":\"SearchAction\",\"target\":{\"@type\":\"EntryPoint\",\"urlTemplate\":\"https:\/\/www.albergominerva.it\/es\/?s={search_term_string}\"},\"query-input\":{\"@type\":\"PropertyValueSpecification\",\"valueRequired\":true,\"valueName\":\"search_term_string\"}}],\"inLanguage\":\"es\"}]}<\/script>\n<!-- \/ Yoast SEO plugin. -->","yoast_head_json":{"title":"Ofertas de hoteles en Siena para las fiestas navide\u00f1as de 2023 - Hotel Minerva Siena","robots":{"index":"index","follow":"follow","max-snippet":"max-snippet:-1","max-image-preview":"max-image-preview:large","max-video-preview":"max-video-preview:-1"},"canonical":"https:\/\/www.albergominerva.it\/es\/ofertas-de-hoteles-en-siena-para-las-fiestas-navidenas-de-2023\/","og_locale":"es_ES","og_type":"article","og_title":"Ofertas de hoteles en Siena para las fiestas navide\u00f1as de 2023 - Hotel Minerva Siena","og_description":"\u00bfTe interesa pasar unos d\u00edas de vacaciones en Siena y est\u00e1s buscando una oferta para las fiestas navide\u00f1as de 2023?","og_url":"https:\/\/www.albergominerva.it\/es\/ofertas-de-hoteles-en-siena-para-las-fiestas-navidenas-de-2023\/","og_site_name":"Hotel Minerva Siena","article_modified_time":"2023-03-26T09:43:49+00:00","og_image":[{"url":"https:\/\/www.albergominerva.it\/wp-content\/uploads\/2022\/12\/hotel-minerva-6.jpg","type":"","width":"","height":""}],"twitter_card":"summary_large_image","twitter_misc":{"Tiempo de lectura":"5 minutos"},"schema":{"@context":"https:\/\/schema.org","@graph":[{"@type":"WebPage","@id":"https:\/\/www.albergominerva.it\/es\/ofertas-de-hoteles-en-siena-para-las-fiestas-navidenas-de-2023\/","url":"https:\/\/www.albergominerva.it\/es\/ofertas-de-hoteles-en-siena-para-las-fiestas-navidenas-de-2023\/","name":"Ofertas de hoteles en Siena para las fiestas navide\u00f1as de 2023 - Hotel Minerva Siena","isPartOf":{"@id":"https:\/\/www.albergominerva.it\/es\/#website"},"primaryImageOfPage":{"@id":"https:\/\/www.albergominerva.it\/es\/ofertas-de-hoteles-en-siena-para-las-fiestas-navidenas-de-2023\/#primaryimage"},"image":{"@id":"https:\/\/www.albergominerva.it\/es\/ofertas-de-hoteles-en-siena-para-las-fiestas-navidenas-de-2023\/#primaryimage"},"thumbnailUrl":"https:\/\/www.albergominerva.it\/wp-content\/uploads\/2022\/12\/hotel-minerva-6.jpg","datePublished":"2023-03-26T09:43:47+00:00","dateModified":"2023-03-26T09:43:49+00:00","breadcrumb":{"@id":"https:\/\/www.albergominerva.it\/es\/ofertas-de-hoteles-en-siena-para-las-fiestas-navidenas-de-2023\/#breadcrumb"},"inLanguage":"es","potentialAction":[{"@type":"ReadAction","target":["https:\/\/www.albergominerva.it\/es\/ofertas-de-hoteles-en-siena-para-las-fiestas-navidenas-de-2023\/"]}]},{"@type":"ImageObject","inLanguage":"es","@id":"https:\/\/www.albergominerva.it\/es\/ofertas-de-hoteles-en-siena-para-las-fiestas-navidenas-de-2023\/#primaryimage","url":"https:\/\/www.albergominerva.it\/wp-content\/uploads\/2022\/12\/hotel-minerva-6.jpg","contentUrl":"https:\/\/www.albergominerva.it\/wp-content\/uploads\/2022\/12\/hotel-minerva-6.jpg"},{"@type":"BreadcrumbList","@id":"https:\/\/www.albergominerva.it\/es\/ofertas-de-hoteles-en-siena-para-las-fiestas-navidenas-de-2023\/#breadcrumb","itemListElement":[{"@type":"ListItem","position":1,"name":"Home","item":"https:\/\/www.albergominerva.it\/es\/"},{"@type":"ListItem","position":2,"name":"Ofertas de hoteles en Siena para las fiestas navide\u00f1as de 2023"}]},{"@type":"WebSite","@id":"https:\/\/www.albergominerva.it\/es\/#website","url":"https:\/\/www.albergominerva.it\/es\/","name":"Hotel Minerva Siena","description":"Hotel in Centro Storico a Siena - Toscana - Italy","potentialAction":[{"@type":"SearchAction","target":{"@type":"EntryPoint","urlTemplate":"https:\/\/www.albergominerva.it\/es\/?s={search_term_string}"},"query-input":{"@type":"PropertyValueSpecification","valueRequired":true,"valueName":"search_term_string"}}],"inLanguage":"es"}]}},"_links":{"self":[{"href":"https:\/\/www.albergominerva.it\/es\/wp-json\/wp\/v2\/pages\/10619","targetHints":{"allow":["GET"]}}],"collection":[{"href":"https:\/\/www.albergominerva.it\/es\/wp-json\/wp\/v2\/pages"}],"about":[{"href":"https:\/\/www.albergominerva.it\/es\/wp-json\/wp\/v2\/types\/page"}],"author":[{"embeddable":true,"href":"https:\/\/www.albergominerva.it\/es\/wp-json\/wp\/v2\/users\/3"}],"replies":[{"embeddable":true,"href":"https:\/\/www.albergominerva.it\/es\/wp-json\/wp\/v2\/comments?post=10619"}],"version-history":[{"count":1,"href":"https:\/\/www.albergominerva.it\/es\/wp-json\/wp\/v2\/pages\/10619\/revisions"}],"predecessor-version":[{"id":10620,"href":"https:\/\/www.albergominerva.it\/es\/wp-json\/wp\/v2\/pages\/10619\/revisions\/10620"}],"wp:attachment":[{"href":"https:\/\/www.albergominerva.it\/es\/wp-json\/wp\/v2\/media?parent=10619"}],"curies":[{"name":"wp","href":"https:\/\/api.w.org\/{rel}","templated":true}]}}