{"id":10628,"date":"2023-03-26T16:38:41","date_gmt":"2023-03-26T14:38:41","guid":{"rendered":"https:\/\/www.albergominerva.it\/?page_id=10628"},"modified":"2023-03-26T16:38:43","modified_gmt":"2023-03-26T14:38:43","slug":"hotel-en-siena-para-visitar-bagno-vignoni","status":"publish","type":"page","link":"https:\/\/www.albergominerva.it\/es\/hotel-en-siena-para-visitar-bagno-vignoni\/","title":{"rendered":"Hotel en Siena para visitar Bagno Vignoni"},"content":{"rendered":"\n<p><strong>Un lugar verdaderamente m\u00e1gico que ver cerca de Siena es sin duda Bagno Vignoni, la joya de la Val d&#8217;Orcia con una plaza renacentista<\/strong>, de 49 por 29 metros, llena de agua termal y rodeada de un peque\u00f1o y maravilloso pueblo.<\/p>\n\n\n\n<figure class=\"wp-block-image size-full\"><img loading=\"lazy\" decoding=\"async\" width=\"640\" height=\"426\" src=\"https:\/\/www.albergominerva.it\/wp-content\/uploads\/2022\/06\/Bagno-Vignoni.jpg\" alt=\"\" class=\"wp-image-9657\" srcset=\"https:\/\/www.albergominerva.it\/wp-content\/uploads\/2022\/06\/Bagno-Vignoni.jpg 640w, https:\/\/www.albergominerva.it\/wp-content\/uploads\/2022\/06\/Bagno-Vignoni-300x200.jpg 300w\" sizes=\"auto, (max-width: 640px) 100vw, 640px\" \/><\/figure>\n\n\n\n<p>El agua termal caliente recorre todo el pueblo y se utilizaba para alimentar los molinos de Bagno Vignoni que, restaurados, todav\u00eda se pueden ver hoy y que forman parte del llamado \u00abParco dei Mulini\u00bb con gargantas y canales de agua.<\/p>\n\n\n\n<p>En este caso, si desea salir de Siena para descubrir Bagno Vignoni, le sugerimos que haga una reserva en el Hotel Minerva, nuestro espl\u00e9ndido hotel de 3 estrellas en el centro hist\u00f3rico de Siena, a pocos minutos de la Piazza del Campo y a las afueras de la zona ZTL.<\/p>\n\n\n\n<p>Dotado de bar, ascensor y garaje privado de pago, cubierto, con acceso directo al hotel y 20 plazas disponibles, el Hotel Minerva incluye dentro de sus instalaciones 56 habitaciones climatizadas, todas diferentes, con conexi\u00f3n wifi y que se dividen en f\u00e1cil- econ\u00f3mica, est\u00e1ndar elegante, habitaci\u00f3n superior y junior-suite, cada una con sus particularidades.<\/p>\n\n\n\n<p><a href=\"https:\/\/www.albergominerva.it\/es\/habitaciones\/habitacion-baratas-siena-centro\/\">Las habitaciones Easy<\/a>, con cama de matrimonio o dos camas individuales bajo petici\u00f3n, est\u00e1n situadas en el interior, no dan al centro hist\u00f3rico y tienen una superficie a partir de 16 m\u00b2.<\/p>\n\n\n\n<p><a href=\"https:\/\/www.albergominerva.it\/es\/habitaciones\/habitacion-standard-siena-centro\/\">Las habitaciones Elegant Standard<\/a>, con muebles modernos y tonos pastel en las paredes, todas tienen vista al centro hist\u00f3rico de Siena y son amplias a partir de 19 m\u00b2. Se dividen en individuales y dobles, y pueden alojar hasta 4 personas.<\/p>\n\n\n\n<p><a href=\"https:\/\/www.albergominerva.it\/es\/habitaciones\/habitacion-superior-siena-centro\/\">Las Habitaciones Superiores<\/a> todas tienen vista a la Bas\u00edlica de San Francesco, la Bas\u00edlica de Provenzano y la Porta Ovile y son grandes a partir de 19 m\u00b2.<\/p>\n\n\n\n<p><a href=\"https:\/\/www.albergominerva.it\/es\/habitaciones\/junior-suite-siena-centro\/\">Las Junior Suites Dobles<\/a> tienen vista al centro hist\u00f3rico de Siena, son amplias a partir de 19 m\u00b2 y est\u00e1n equipadas con una peque\u00f1a terraza. Adem\u00e1s, estas habitaciones est\u00e1n todas equipadas con cama de matrimonio y, bajo petici\u00f3n, con dos camas separadas.<\/p>\n\n\n\n<p>En consecuencia, tendr\u00e1 la posibilidad de elegir entre numerosas soluciones, todas ellas equipadas con wifi para su escala de ocio o de negocios.<\/p>\n\n\n\n<p>Adem\u00e1s, el Hotel Minerva, en sus salas internas, exhibe peri\u00f3dicamente una verdadera galer\u00eda de arte contempor\u00e1neo que presenta obras de artistas sieneses.<\/p>\n\n\n\n<p>Nuestro hotel es tranquilo y es excelente para padres con ni\u00f1os; de hecho, tambi\u00e9n disponemos de cunas, adem\u00e1s de calienta biberones, esterilizador y ludoteca interna.<\/p>\n\n\n\n<p>El hotel Minerva tambi\u00e9n ofrece una ubicaci\u00f3n \u00fanica para reuniones de negocios ya que est\u00e1 equipado con conexi\u00f3n wi-fi y una sala de conferencias con vista al centro hist\u00f3rico de la ciudad, con capacidad para 40 personas y ofrece TV LED, videoproyector, retroproyector y todas las mejores caracter\u00edsticas.<\/p>\n\n\n\n<p>Desde el punto de vista del desayuno, nuestro hotel ofrece un desayuno apetitoso, italiano, internacional y con mermeladas genuinas y de calidad.<\/p>\n\n\n\n<p>El Hotel Minerva reserva un amplio garaje vigilado para sus hu\u00e9spedes para coches, motos y bicicletas. El garaje est\u00e1 ubicado justo fuera del \u00e1rea de tr\u00e1fico restringido y es un servicio pago.<\/p>\n\n\n\n<p>Puede encontrar el Hotel en Siena en Via Garibaldi, 72 a poco m\u00e1s de 2 minutos en coche desde la estaci\u00f3n y 7 minutos a pie.<\/p>\n\n\n\n<p><strong>Para hacer una reserva en nuestro hotel en el centro de Siena con estacionamiento para salir a descubrir Bagno Vignoni<\/strong>, haga clic en Reservar en la parte superior derecha o llame al n\u00famero de tel\u00e9fono 0577.284474 o env\u00ede un correo electr\u00f3nico a info@albergominerva.it.<\/p>\n","protected":false},"excerpt":{"rendered":"<p>Un lugar verdaderamente m\u00e1gico que ver cerca de Siena es sin duda Bagno Vignoni, la joya de la Val d&#8217;Orcia<\/p>\n","protected":false},"author":3,"featured_media":0,"parent":0,"menu_order":0,"comment_status":"closed","ping_status":"closed","template":"","meta":{"_acf_changed":false,"footnotes":""},"class_list":["post-10628","page","type-page","status-publish","hentry"],"acf":[],"yoast_head":"<!-- This site is optimized with the Yoast SEO plugin v27.4 - https:\/\/yoast.com\/product\/yoast-seo-wordpress\/ -->\n<title>Hotel en Siena para visitar Bagno Vignoni - Hotel Minerva Siena<\/title>\n<meta name=\"robots\" content=\"index, follow, max-snippet:-1, max-image-preview:large, max-video-preview:-1\" \/>\n<link rel=\"canonical\" href=\"https:\/\/www.albergominerva.it\/es\/hotel-en-siena-para-visitar-bagno-vignoni\/\" \/>\n<meta property=\"og:locale\" content=\"es_ES\" \/>\n<meta property=\"og:type\" content=\"article\" \/>\n<meta property=\"og:title\" content=\"Hotel en Siena para visitar Bagno Vignoni - Hotel Minerva Siena\" \/>\n<meta property=\"og:description\" content=\"Un lugar verdaderamente m\u00e1gico que ver cerca de Siena es sin duda Bagno Vignoni, la joya de la Val d&#8217;Orcia\" \/>\n<meta property=\"og:url\" content=\"https:\/\/www.albergominerva.it\/es\/hotel-en-siena-para-visitar-bagno-vignoni\/\" \/>\n<meta property=\"og:site_name\" content=\"Hotel Minerva Siena\" \/>\n<meta property=\"article:modified_time\" content=\"2023-03-26T14:38:43+00:00\" \/>\n<meta property=\"og:image\" content=\"https:\/\/www.albergominerva.it\/wp-content\/uploads\/2022\/06\/Bagno-Vignoni.jpg\" \/>\n<meta name=\"twitter:card\" content=\"summary_large_image\" \/>\n<meta name=\"twitter:label1\" content=\"Tiempo de lectura\" \/>\n\t<meta name=\"twitter:data1\" content=\"4 minutos\" \/>\n<script type=\"application\/ld+json\" class=\"yoast-schema-graph\">{\"@context\":\"https:\\\/\\\/schema.org\",\"@graph\":[{\"@type\":\"WebPage\",\"@id\":\"https:\\\/\\\/www.albergominerva.it\\\/es\\\/hotel-en-siena-para-visitar-bagno-vignoni\\\/\",\"url\":\"https:\\\/\\\/www.albergominerva.it\\\/es\\\/hotel-en-siena-para-visitar-bagno-vignoni\\\/\",\"name\":\"Hotel en Siena para visitar Bagno Vignoni - Hotel Minerva Siena\",\"isPartOf\":{\"@id\":\"https:\\\/\\\/www.albergominerva.it\\\/es\\\/#website\"},\"primaryImageOfPage\":{\"@id\":\"https:\\\/\\\/www.albergominerva.it\\\/es\\\/hotel-en-siena-para-visitar-bagno-vignoni\\\/#primaryimage\"},\"image\":{\"@id\":\"https:\\\/\\\/www.albergominerva.it\\\/es\\\/hotel-en-siena-para-visitar-bagno-vignoni\\\/#primaryimage\"},\"thumbnailUrl\":\"https:\\\/\\\/www.albergominerva.it\\\/wp-content\\\/uploads\\\/2022\\\/06\\\/Bagno-Vignoni.jpg\",\"datePublished\":\"2023-03-26T14:38:41+00:00\",\"dateModified\":\"2023-03-26T14:38:43+00:00\",\"breadcrumb\":{\"@id\":\"https:\\\/\\\/www.albergominerva.it\\\/es\\\/hotel-en-siena-para-visitar-bagno-vignoni\\\/#breadcrumb\"},\"inLanguage\":\"es\",\"potentialAction\":[{\"@type\":\"ReadAction\",\"target\":[\"https:\\\/\\\/www.albergominerva.it\\\/es\\\/hotel-en-siena-para-visitar-bagno-vignoni\\\/\"]}]},{\"@type\":\"ImageObject\",\"inLanguage\":\"es\",\"@id\":\"https:\\\/\\\/www.albergominerva.it\\\/es\\\/hotel-en-siena-para-visitar-bagno-vignoni\\\/#primaryimage\",\"url\":\"https:\\\/\\\/www.albergominerva.it\\\/wp-content\\\/uploads\\\/2022\\\/06\\\/Bagno-Vignoni.jpg\",\"contentUrl\":\"https:\\\/\\\/www.albergominerva.it\\\/wp-content\\\/uploads\\\/2022\\\/06\\\/Bagno-Vignoni.jpg\"},{\"@type\":\"BreadcrumbList\",\"@id\":\"https:\\\/\\\/www.albergominerva.it\\\/es\\\/hotel-en-siena-para-visitar-bagno-vignoni\\\/#breadcrumb\",\"itemListElement\":[{\"@type\":\"ListItem\",\"position\":1,\"name\":\"Home\",\"item\":\"https:\\\/\\\/www.albergominerva.it\\\/es\\\/\"},{\"@type\":\"ListItem\",\"position\":2,\"name\":\"Hotel en Siena para visitar Bagno Vignoni\"}]},{\"@type\":\"WebSite\",\"@id\":\"https:\\\/\\\/www.albergominerva.it\\\/es\\\/#website\",\"url\":\"https:\\\/\\\/www.albergominerva.it\\\/es\\\/\",\"name\":\"Hotel Minerva Siena\",\"description\":\"Hotel in Centro Storico a Siena - Toscana - Italy\",\"potentialAction\":[{\"@type\":\"SearchAction\",\"target\":{\"@type\":\"EntryPoint\",\"urlTemplate\":\"https:\\\/\\\/www.albergominerva.it\\\/es\\\/?s={search_term_string}\"},\"query-input\":{\"@type\":\"PropertyValueSpecification\",\"valueRequired\":true,\"valueName\":\"search_term_string\"}}],\"inLanguage\":\"es\"}]}<\/script>\n<!-- \/ Yoast SEO plugin. -->","yoast_head_json":{"title":"Hotel en Siena para visitar Bagno Vignoni - Hotel Minerva Siena","robots":{"index":"index","follow":"follow","max-snippet":"max-snippet:-1","max-image-preview":"max-image-preview:large","max-video-preview":"max-video-preview:-1"},"canonical":"https:\/\/www.albergominerva.it\/es\/hotel-en-siena-para-visitar-bagno-vignoni\/","og_locale":"es_ES","og_type":"article","og_title":"Hotel en Siena para visitar Bagno Vignoni - Hotel Minerva Siena","og_description":"Un lugar verdaderamente m\u00e1gico que ver cerca de Siena es sin duda Bagno Vignoni, la joya de la Val d&#8217;Orcia","og_url":"https:\/\/www.albergominerva.it\/es\/hotel-en-siena-para-visitar-bagno-vignoni\/","og_site_name":"Hotel Minerva Siena","article_modified_time":"2023-03-26T14:38:43+00:00","og_image":[{"url":"https:\/\/www.albergominerva.it\/wp-content\/uploads\/2022\/06\/Bagno-Vignoni.jpg","type":"","width":"","height":""}],"twitter_card":"summary_large_image","twitter_misc":{"Tiempo de lectura":"4 minutos"},"schema":{"@context":"https:\/\/schema.org","@graph":[{"@type":"WebPage","@id":"https:\/\/www.albergominerva.it\/es\/hotel-en-siena-para-visitar-bagno-vignoni\/","url":"https:\/\/www.albergominerva.it\/es\/hotel-en-siena-para-visitar-bagno-vignoni\/","name":"Hotel en Siena para visitar Bagno Vignoni - Hotel Minerva Siena","isPartOf":{"@id":"https:\/\/www.albergominerva.it\/es\/#website"},"primaryImageOfPage":{"@id":"https:\/\/www.albergominerva.it\/es\/hotel-en-siena-para-visitar-bagno-vignoni\/#primaryimage"},"image":{"@id":"https:\/\/www.albergominerva.it\/es\/hotel-en-siena-para-visitar-bagno-vignoni\/#primaryimage"},"thumbnailUrl":"https:\/\/www.albergominerva.it\/wp-content\/uploads\/2022\/06\/Bagno-Vignoni.jpg","datePublished":"2023-03-26T14:38:41+00:00","dateModified":"2023-03-26T14:38:43+00:00","breadcrumb":{"@id":"https:\/\/www.albergominerva.it\/es\/hotel-en-siena-para-visitar-bagno-vignoni\/#breadcrumb"},"inLanguage":"es","potentialAction":[{"@type":"ReadAction","target":["https:\/\/www.albergominerva.it\/es\/hotel-en-siena-para-visitar-bagno-vignoni\/"]}]},{"@type":"ImageObject","inLanguage":"es","@id":"https:\/\/www.albergominerva.it\/es\/hotel-en-siena-para-visitar-bagno-vignoni\/#primaryimage","url":"https:\/\/www.albergominerva.it\/wp-content\/uploads\/2022\/06\/Bagno-Vignoni.jpg","contentUrl":"https:\/\/www.albergominerva.it\/wp-content\/uploads\/2022\/06\/Bagno-Vignoni.jpg"},{"@type":"BreadcrumbList","@id":"https:\/\/www.albergominerva.it\/es\/hotel-en-siena-para-visitar-bagno-vignoni\/#breadcrumb","itemListElement":[{"@type":"ListItem","position":1,"name":"Home","item":"https:\/\/www.albergominerva.it\/es\/"},{"@type":"ListItem","position":2,"name":"Hotel en Siena para visitar Bagno Vignoni"}]},{"@type":"WebSite","@id":"https:\/\/www.albergominerva.it\/es\/#website","url":"https:\/\/www.albergominerva.it\/es\/","name":"Hotel Minerva Siena","description":"Hotel in Centro Storico a Siena - Toscana - Italy","potentialAction":[{"@type":"SearchAction","target":{"@type":"EntryPoint","urlTemplate":"https:\/\/www.albergominerva.it\/es\/?s={search_term_string}"},"query-input":{"@type":"PropertyValueSpecification","valueRequired":true,"valueName":"search_term_string"}}],"inLanguage":"es"}]}},"_links":{"self":[{"href":"https:\/\/www.albergominerva.it\/es\/wp-json\/wp\/v2\/pages\/10628","targetHints":{"allow":["GET"]}}],"collection":[{"href":"https:\/\/www.albergominerva.it\/es\/wp-json\/wp\/v2\/pages"}],"about":[{"href":"https:\/\/www.albergominerva.it\/es\/wp-json\/wp\/v2\/types\/page"}],"author":[{"embeddable":true,"href":"https:\/\/www.albergominerva.it\/es\/wp-json\/wp\/v2\/users\/3"}],"replies":[{"embeddable":true,"href":"https:\/\/www.albergominerva.it\/es\/wp-json\/wp\/v2\/comments?post=10628"}],"version-history":[{"count":1,"href":"https:\/\/www.albergominerva.it\/es\/wp-json\/wp\/v2\/pages\/10628\/revisions"}],"predecessor-version":[{"id":10629,"href":"https:\/\/www.albergominerva.it\/es\/wp-json\/wp\/v2\/pages\/10628\/revisions\/10629"}],"wp:attachment":[{"href":"https:\/\/www.albergominerva.it\/es\/wp-json\/wp\/v2\/media?parent=10628"}],"curies":[{"name":"wp","href":"https:\/\/api.w.org\/{rel}","templated":true}]}}