{"id":10630,"date":"2023-03-26T16:42:20","date_gmt":"2023-03-26T14:42:20","guid":{"rendered":"https:\/\/www.albergominerva.it\/?page_id=10630"},"modified":"2023-03-26T16:42:22","modified_gmt":"2023-03-26T14:42:22","slug":"hotel-en-siena-para-visitar-san-galgano","status":"publish","type":"page","link":"https:\/\/www.albergominerva.it\/es\/hotel-en-siena-para-visitar-san-galgano\/","title":{"rendered":"Hotel en Siena Para Visitar San Galgano"},"content":{"rendered":"\n<p><strong>La Abad\u00eda de San Galgano es una aut\u00e9ntica magia para la vista<\/strong>, un edificio de planta latina, de 72 metros de largo, 21 de ancho con tres naves, maravillosos muros y una ausencia total de techo que lo hace a\u00fan m\u00e1s extraordinario como si abrazara al mismo tiempo el cielo y Dios.<\/p>\n\n\n\n<figure class=\"wp-block-image size-full\"><img loading=\"lazy\" decoding=\"async\" width=\"640\" height=\"418\" src=\"https:\/\/www.albergominerva.it\/wp-content\/uploads\/2022\/06\/San-Galgano.jpg\" alt=\"\" class=\"wp-image-9648\" srcset=\"https:\/\/www.albergominerva.it\/wp-content\/uploads\/2022\/06\/San-Galgano.jpg 640w, https:\/\/www.albergominerva.it\/wp-content\/uploads\/2022\/06\/San-Galgano-300x196.jpg 300w\" sizes=\"auto, (max-width: 640px) 100vw, 640px\" \/><\/figure>\n\n\n\n<p><strong>San Galgano fue construido en 1218 y luego abandonado siglos despu\u00e9s.<\/strong><\/p>\n\n\n\n<p>Tambi\u00e9n es famosa por la espada en la piedra, la espada clavada en la piedra de Galgano Guidotti, s\u00edmbolo de la renuncia a la violencia y de la conversi\u00f3n del Noble.<\/p>\n\n\n\n<p>Desde este punto de vista, si quieres salir de Siena para descubrir San Galgano, te recomendamos reservar el Hotel Minerva, nuestro maravilloso hotel de 3 estrellas en el centro de Siena, a pocos minutos de la Piazza del Campo y a las afueras de la zona ZTL. para salir r\u00e1pidamente a la autopista.<\/p>\n\n\n\n<p>Dotado de bar, ascensor y parking privado protegido de pago con entrada directa al hotel y con 20 plazas disponibles, el Hotel Minerva alberga en sus instalaciones 56 habitaciones climatizadas, todas diferentes, con wifi y que se dividen en easy-economy, elegante-est\u00e1ndar, habitaci\u00f3n superior y junior suite, cada una con sus propias caracter\u00edsticas.<\/p>\n\n\n\n<p><a href=\"https:\/\/www.albergominerva.it\/es\/habitaciones\/habitacion-baratas-siena-centro\/\">Las habitaciones Easy<\/a>, con cama de matrimonio o dos camas individuales bajo petici\u00f3n, se encuentran en el interior, no dan al centro hist\u00f3rico y tienen una superficie a partir de 16 m\u00b2.<\/p>\n\n\n\n<p><a href=\"https:\/\/www.albergominerva.it\/es\/habitaciones\/habitacion-standard-siena-centro\/\">Las habitaciones Elegant Standard<\/a>, con muebles modernos y tonos pastel en las paredes, todas tienen vista al centro hist\u00f3rico de Siena y son amplias a partir de 19 m\u00b2. Se dividen en individuales y dobles, y tienen capacidad para alojar hasta un total de cuatro personas.<\/p>\n\n\n\n<p><a href=\"https:\/\/www.albergominerva.it\/es\/habitaciones\/habitacion-superior-siena-centro\/\">Las Habitaciones Superiores<\/a> todas tienen vista a la Bas\u00edlica de San Francesco, la Bas\u00edlica de Provenzano y la Porta Ovile y tienen una superficie a partir de 19 m\u00b2.<\/p>\n\n\n\n<p><a href=\"https:\/\/www.albergominerva.it\/es\/habitaciones\/junior-suite-siena-centro\/\">Las Junior Suites Dobles<\/a> tienen vista al centro hist\u00f3rico de Siena, tienen una superficie a partir de 19 m\u00b2 y est\u00e1n equipadas con una peque\u00f1a terraza. Adem\u00e1s, estas habitaciones est\u00e1n todas equipadas con una cama doble y, bajo petici\u00f3n, con dos camas separadas.<\/p>\n\n\n\n<p>A continuaci\u00f3n, podr\u00e1 elegir entre muchas soluciones, todas ellas equipadas con wifi para su escala de ocio o de negocios.<\/p>\n\n\n\n<p>Nuestro hotel es tranquilo, y es perfecto para parejas y familias con ni\u00f1os; de hecho, incluso tenemos disponibles cunas, adem\u00e1s de calienta biberones, esterilizador y ludoteca en su interior.<\/p>\n\n\n\n<p><strong>En cuanto al desayuno, nuestro hotel ofrece un apetitoso desayuno, italiano, internacional y aderezado con mermeladas naturales y de calidad.<\/strong><\/p>\n\n\n\n<p>El Hotel Minerva reserva un amplio garaje vigilado para sus hu\u00e9spedes para coches, motos y bicicletas. El garaje est\u00e1 ubicado justo fuera del \u00e1rea de tr\u00e1fico limitado y es un servicio pago.<\/p>\n\n\n\n<p>Puede encontrar el Hotel en Siena en Via Garibaldi, 72, a 2 minutos en coche de la estaci\u00f3n de tren y a 7 minutos a pie.<\/p>\n\n\n\n<p><strong>Para reservar nuestro hotel en Siena para partir hacia San Galgan<\/strong>o, haga clic en Reservar en la parte superior derecha o llame al n\u00famero de tel\u00e9fono 0577.284474 o env\u00ede un correo electr\u00f3nico a info@albergominerva.it.<\/p>\n","protected":false},"excerpt":{"rendered":"<p>La Abad\u00eda de San Galgano es una aut\u00e9ntica magia para la vista, un edificio de planta latina, de 72 metros<\/p>\n","protected":false},"author":3,"featured_media":0,"parent":0,"menu_order":0,"comment_status":"closed","ping_status":"closed","template":"","meta":{"_acf_changed":false,"footnotes":""},"class_list":["post-10630","page","type-page","status-publish","hentry"],"acf":[],"yoast_head":"<!-- This site is optimized with the Yoast SEO plugin v27.4 - https:\/\/yoast.com\/product\/yoast-seo-wordpress\/ -->\n<title>Hotel en Siena Para Visitar San Galgano - Hotel Minerva Siena<\/title>\n<meta name=\"robots\" content=\"index, follow, max-snippet:-1, max-image-preview:large, max-video-preview:-1\" \/>\n<link rel=\"canonical\" href=\"https:\/\/www.albergominerva.it\/es\/hotel-en-siena-para-visitar-san-galgano\/\" \/>\n<meta property=\"og:locale\" content=\"es_ES\" \/>\n<meta property=\"og:type\" content=\"article\" \/>\n<meta property=\"og:title\" content=\"Hotel en Siena Para Visitar San Galgano - Hotel Minerva Siena\" \/>\n<meta property=\"og:description\" content=\"La Abad\u00eda de San Galgano es una aut\u00e9ntica magia para la vista, un edificio de planta latina, de 72 metros\" \/>\n<meta property=\"og:url\" content=\"https:\/\/www.albergominerva.it\/es\/hotel-en-siena-para-visitar-san-galgano\/\" \/>\n<meta property=\"og:site_name\" content=\"Hotel Minerva Siena\" \/>\n<meta property=\"article:modified_time\" content=\"2023-03-26T14:42:22+00:00\" \/>\n<meta property=\"og:image\" content=\"https:\/\/www.albergominerva.it\/wp-content\/uploads\/2022\/06\/San-Galgano.jpg\" \/>\n<meta name=\"twitter:card\" content=\"summary_large_image\" \/>\n<meta name=\"twitter:label1\" content=\"Tiempo de lectura\" \/>\n\t<meta name=\"twitter:data1\" content=\"3 minutos\" \/>\n<script type=\"application\/ld+json\" class=\"yoast-schema-graph\">{\"@context\":\"https:\\\/\\\/schema.org\",\"@graph\":[{\"@type\":\"WebPage\",\"@id\":\"https:\\\/\\\/www.albergominerva.it\\\/es\\\/hotel-en-siena-para-visitar-san-galgano\\\/\",\"url\":\"https:\\\/\\\/www.albergominerva.it\\\/es\\\/hotel-en-siena-para-visitar-san-galgano\\\/\",\"name\":\"Hotel en Siena Para Visitar San Galgano - Hotel Minerva Siena\",\"isPartOf\":{\"@id\":\"https:\\\/\\\/www.albergominerva.it\\\/es\\\/#website\"},\"primaryImageOfPage\":{\"@id\":\"https:\\\/\\\/www.albergominerva.it\\\/es\\\/hotel-en-siena-para-visitar-san-galgano\\\/#primaryimage\"},\"image\":{\"@id\":\"https:\\\/\\\/www.albergominerva.it\\\/es\\\/hotel-en-siena-para-visitar-san-galgano\\\/#primaryimage\"},\"thumbnailUrl\":\"https:\\\/\\\/www.albergominerva.it\\\/wp-content\\\/uploads\\\/2022\\\/06\\\/San-Galgano.jpg\",\"datePublished\":\"2023-03-26T14:42:20+00:00\",\"dateModified\":\"2023-03-26T14:42:22+00:00\",\"breadcrumb\":{\"@id\":\"https:\\\/\\\/www.albergominerva.it\\\/es\\\/hotel-en-siena-para-visitar-san-galgano\\\/#breadcrumb\"},\"inLanguage\":\"es\",\"potentialAction\":[{\"@type\":\"ReadAction\",\"target\":[\"https:\\\/\\\/www.albergominerva.it\\\/es\\\/hotel-en-siena-para-visitar-san-galgano\\\/\"]}]},{\"@type\":\"ImageObject\",\"inLanguage\":\"es\",\"@id\":\"https:\\\/\\\/www.albergominerva.it\\\/es\\\/hotel-en-siena-para-visitar-san-galgano\\\/#primaryimage\",\"url\":\"https:\\\/\\\/www.albergominerva.it\\\/wp-content\\\/uploads\\\/2022\\\/06\\\/San-Galgano.jpg\",\"contentUrl\":\"https:\\\/\\\/www.albergominerva.it\\\/wp-content\\\/uploads\\\/2022\\\/06\\\/San-Galgano.jpg\"},{\"@type\":\"BreadcrumbList\",\"@id\":\"https:\\\/\\\/www.albergominerva.it\\\/es\\\/hotel-en-siena-para-visitar-san-galgano\\\/#breadcrumb\",\"itemListElement\":[{\"@type\":\"ListItem\",\"position\":1,\"name\":\"Home\",\"item\":\"https:\\\/\\\/www.albergominerva.it\\\/es\\\/\"},{\"@type\":\"ListItem\",\"position\":2,\"name\":\"Hotel en Siena Para Visitar San Galgano\"}]},{\"@type\":\"WebSite\",\"@id\":\"https:\\\/\\\/www.albergominerva.it\\\/es\\\/#website\",\"url\":\"https:\\\/\\\/www.albergominerva.it\\\/es\\\/\",\"name\":\"Hotel Minerva Siena\",\"description\":\"Hotel in Centro Storico a Siena - Toscana - Italy\",\"potentialAction\":[{\"@type\":\"SearchAction\",\"target\":{\"@type\":\"EntryPoint\",\"urlTemplate\":\"https:\\\/\\\/www.albergominerva.it\\\/es\\\/?s={search_term_string}\"},\"query-input\":{\"@type\":\"PropertyValueSpecification\",\"valueRequired\":true,\"valueName\":\"search_term_string\"}}],\"inLanguage\":\"es\"}]}<\/script>\n<!-- \/ Yoast SEO plugin. -->","yoast_head_json":{"title":"Hotel en Siena Para Visitar San Galgano - Hotel Minerva Siena","robots":{"index":"index","follow":"follow","max-snippet":"max-snippet:-1","max-image-preview":"max-image-preview:large","max-video-preview":"max-video-preview:-1"},"canonical":"https:\/\/www.albergominerva.it\/es\/hotel-en-siena-para-visitar-san-galgano\/","og_locale":"es_ES","og_type":"article","og_title":"Hotel en Siena Para Visitar San Galgano - Hotel Minerva Siena","og_description":"La Abad\u00eda de San Galgano es una aut\u00e9ntica magia para la vista, un edificio de planta latina, de 72 metros","og_url":"https:\/\/www.albergominerva.it\/es\/hotel-en-siena-para-visitar-san-galgano\/","og_site_name":"Hotel Minerva Siena","article_modified_time":"2023-03-26T14:42:22+00:00","og_image":[{"url":"https:\/\/www.albergominerva.it\/wp-content\/uploads\/2022\/06\/San-Galgano.jpg","type":"","width":"","height":""}],"twitter_card":"summary_large_image","twitter_misc":{"Tiempo de lectura":"3 minutos"},"schema":{"@context":"https:\/\/schema.org","@graph":[{"@type":"WebPage","@id":"https:\/\/www.albergominerva.it\/es\/hotel-en-siena-para-visitar-san-galgano\/","url":"https:\/\/www.albergominerva.it\/es\/hotel-en-siena-para-visitar-san-galgano\/","name":"Hotel en Siena Para Visitar San Galgano - Hotel Minerva Siena","isPartOf":{"@id":"https:\/\/www.albergominerva.it\/es\/#website"},"primaryImageOfPage":{"@id":"https:\/\/www.albergominerva.it\/es\/hotel-en-siena-para-visitar-san-galgano\/#primaryimage"},"image":{"@id":"https:\/\/www.albergominerva.it\/es\/hotel-en-siena-para-visitar-san-galgano\/#primaryimage"},"thumbnailUrl":"https:\/\/www.albergominerva.it\/wp-content\/uploads\/2022\/06\/San-Galgano.jpg","datePublished":"2023-03-26T14:42:20+00:00","dateModified":"2023-03-26T14:42:22+00:00","breadcrumb":{"@id":"https:\/\/www.albergominerva.it\/es\/hotel-en-siena-para-visitar-san-galgano\/#breadcrumb"},"inLanguage":"es","potentialAction":[{"@type":"ReadAction","target":["https:\/\/www.albergominerva.it\/es\/hotel-en-siena-para-visitar-san-galgano\/"]}]},{"@type":"ImageObject","inLanguage":"es","@id":"https:\/\/www.albergominerva.it\/es\/hotel-en-siena-para-visitar-san-galgano\/#primaryimage","url":"https:\/\/www.albergominerva.it\/wp-content\/uploads\/2022\/06\/San-Galgano.jpg","contentUrl":"https:\/\/www.albergominerva.it\/wp-content\/uploads\/2022\/06\/San-Galgano.jpg"},{"@type":"BreadcrumbList","@id":"https:\/\/www.albergominerva.it\/es\/hotel-en-siena-para-visitar-san-galgano\/#breadcrumb","itemListElement":[{"@type":"ListItem","position":1,"name":"Home","item":"https:\/\/www.albergominerva.it\/es\/"},{"@type":"ListItem","position":2,"name":"Hotel en Siena Para Visitar San Galgano"}]},{"@type":"WebSite","@id":"https:\/\/www.albergominerva.it\/es\/#website","url":"https:\/\/www.albergominerva.it\/es\/","name":"Hotel Minerva Siena","description":"Hotel in Centro Storico a Siena - Toscana - Italy","potentialAction":[{"@type":"SearchAction","target":{"@type":"EntryPoint","urlTemplate":"https:\/\/www.albergominerva.it\/es\/?s={search_term_string}"},"query-input":{"@type":"PropertyValueSpecification","valueRequired":true,"valueName":"search_term_string"}}],"inLanguage":"es"}]}},"_links":{"self":[{"href":"https:\/\/www.albergominerva.it\/es\/wp-json\/wp\/v2\/pages\/10630","targetHints":{"allow":["GET"]}}],"collection":[{"href":"https:\/\/www.albergominerva.it\/es\/wp-json\/wp\/v2\/pages"}],"about":[{"href":"https:\/\/www.albergominerva.it\/es\/wp-json\/wp\/v2\/types\/page"}],"author":[{"embeddable":true,"href":"https:\/\/www.albergominerva.it\/es\/wp-json\/wp\/v2\/users\/3"}],"replies":[{"embeddable":true,"href":"https:\/\/www.albergominerva.it\/es\/wp-json\/wp\/v2\/comments?post=10630"}],"version-history":[{"count":1,"href":"https:\/\/www.albergominerva.it\/es\/wp-json\/wp\/v2\/pages\/10630\/revisions"}],"predecessor-version":[{"id":10645,"href":"https:\/\/www.albergominerva.it\/es\/wp-json\/wp\/v2\/pages\/10630\/revisions\/10645"}],"wp:attachment":[{"href":"https:\/\/www.albergominerva.it\/es\/wp-json\/wp\/v2\/media?parent=10630"}],"curies":[{"name":"wp","href":"https:\/\/api.w.org\/{rel}","templated":true}]}}