{"id":10646,"date":"2023-03-26T16:46:26","date_gmt":"2023-03-26T14:46:26","guid":{"rendered":"https:\/\/www.albergominerva.it\/?page_id=10646"},"modified":"2023-03-26T16:46:28","modified_gmt":"2023-03-26T14:46:28","slug":"hotel-en-siena-para-ver-montepulciano","status":"publish","type":"page","link":"https:\/\/www.albergominerva.it\/es\/hotel-en-siena-para-ver-montepulciano\/","title":{"rendered":"Hotel en Siena Para ver Montepulciano"},"content":{"rendered":"\n<p><strong>Si quieres visitar toda la Provincia de Siena, no puedes dejar de visitar Montepulciano, el pueblo m\u00e1s famoso de Siena en cuanto al arte de la elaboraci\u00f3n del vino.<\/strong><\/p>\n\n\n\n<figure class=\"wp-block-image size-full\"><img loading=\"lazy\" decoding=\"async\" width=\"640\" height=\"426\" src=\"https:\/\/www.albergominerva.it\/wp-content\/uploads\/2022\/06\/montepulciano.jpg\" alt=\"\" class=\"wp-image-9639\" srcset=\"https:\/\/www.albergominerva.it\/wp-content\/uploads\/2022\/06\/montepulciano.jpg 640w, https:\/\/www.albergominerva.it\/wp-content\/uploads\/2022\/06\/montepulciano-300x200.jpg 300w\" sizes=\"auto, (max-width: 640px) 100vw, 640px\" \/><\/figure>\n\n\n\n<p>Es uno de los pueblos m\u00e1s grandes con el Ayuntamiento que data del 1300 muy similar al Palazzo della Signoria en Florencia y muchos otros edificios renacentistas de singular belleza como el Palazzo Contucci y el Palazzo Nobili-Tarugi cubiertos pr\u00e1cticamente en su totalidad en travertino.<\/p>\n\n\n\n<p><strong>Una visita obligada es el Palazzo del Capitano del Popolo, frente al cual se encuentra el magn\u00edfico pozo de grifos y leones.<\/strong><\/p>\n\n\n\n<p>Dentro de la catedral, puedes admirar la Asunci\u00f3n pintada por Taddeo di Bartolo y la Virgen y el Ni\u00f1o pintada por Sano di Pietro.<\/p>\n\n\n\n<p>Desde este punto de vista, si est\u00e1 buscando un hotel en Siena para descubrir Montepulciano, le sugerimos que reserve en el Hotel Minerva, nuestro maravilloso hotel de 3 estrellas en el centro hist\u00f3rico de Siena, a las afueras de la zona ZTL y a cinco minutos de la autopista.<\/p>\n\n\n\n<p>Dotado de bar, ascensor y garaje privado de pago, cerrado, con acceso directo al hotel y con 20 plazas disponibles, el Hotel Minerva incluye dentro de sus instalaciones 56 habitaciones climatizadas, todas diferentes, con conexi\u00f3n wifi y que se dividen en easy-economic, elegant-standard, superior y junior-suite, cada una con sus propias caracter\u00edsticas.<\/p>\n\n\n\n<p><a href=\"https:\/\/www.albergominerva.it\/es\/habitaciones\/habitacion-baratas-siena-centro\/\">Las habitaciones Easy<\/a>, con cama de matrimonio o dos camas individuales bajo petici\u00f3n, est\u00e1n situadas en el interior, no dan al centro hist\u00f3rico y tienen un gran tama\u00f1o a partir de 16 m\u00b2.<\/p>\n\n\n\n<p><a href=\"https:\/\/www.albergominerva.it\/es\/habitaciones\/habitacion-standard-siena-centro\/\">Las habitaciones Elegant Standard<\/a>, con muebles modernos y tonos pastel en las paredes, todas tienen vista al centro hist\u00f3rico de Siena y son amplias a partir de 19 m\u00b2. Se dividen en individuales y dobles, y pueden alojar hasta un m\u00e1ximo de 4 personas.<\/p>\n\n\n\n<p><a href=\"https:\/\/www.albergominerva.it\/es\/habitaciones\/habitacion-superior-siena-centro\/\">Las Habitaciones Superiores<\/a> todas tienen vista a la Bas\u00edlica de San Francesco, la Bas\u00edlica de Provenzano y la Porta Ovile y tienen un \u00e1rea a partir del tama\u00f1o de 19 m\u00b2.<\/p>\n\n\n\n<p><a href=\"https:\/\/www.albergominerva.it\/es\/habitaciones\/junior-suite-siena-centro\/\">Las Junior Suites Dobles<\/a> tienen vista al centro hist\u00f3rico de Siena, tienen una superficie a partir de 19 m\u00b2 y est\u00e1n equipadas con una peque\u00f1a terraza. Adem\u00e1s, estas habitaciones est\u00e1n todas equipadas con una cama doble y, bajo petici\u00f3n, con dos camas separadas.<\/p>\n\n\n\n<p>Por lo tanto, podr\u00e1 elegir entre numerosas soluciones, todas ellas equipadas con wifi para su estancia de ocio o de negocios.<\/p>\n\n\n\n<p>Adem\u00e1s, el Hotel Minerva exhibe sistem\u00e1ticamente una verdadera galer\u00eda de arte contempor\u00e1neo que ofrece obras de pintores de Siena.<\/p>\n\n\n\n<p>Nuestro hotel tambi\u00e9n es ideal para padres con ni\u00f1os; de hecho, incluso tenemos cunas disponibles, as\u00ed como un calienta biberones, un esterilizador y una ludoteca en su interior.<\/p>\n\n\n\n<p>El hotel Minerva tambi\u00e9n ofrece una ubicaci\u00f3n \u00fanica para reuniones de negocios ya que est\u00e1 equipado con conexi\u00f3n inal\u00e1mbrica y una sala de conferencias con vista al centro hist\u00f3rico de Siena, que puede acomodar hasta 40 invitados y que ofrece TV LED, proyector de video, pizarra brillante y todo el amenidades m\u00e1s importantes.<\/p>\n\n\n\n<p><strong>En cuanto al desayuno, nuestro hotel ofrece un apetitoso desayuno, italiano, internacional y provisto de mermeladas naturales y seleccionadas.<\/strong><\/p>\n\n\n\n<p>El Hotel Minerva reserva un amplio garaje vigilado para sus hu\u00e9spedes para coches, motos y bicicletas. El garaje est\u00e1 ubicado justo fuera del \u00e1rea de tr\u00e1fico restringido y es un servicio pago.<\/p>\n\n\n\n<p>El Hotel est\u00e1 situado en Siena en Via Garibaldi, 72, a 2 minutos en coche de la estaci\u00f3n de tren y a 7 minutos a pie.<\/p>\n\n\n\n<p>Para reservar nuestro hotel en el centro de Siena con estacionamiento para salir a descubrir Montepulciano, haga clic en Reservar en la parte superior derecha o llame al 0577.284474 o env\u00ede un correo electr\u00f3nico a info@albergominerva.it.<\/p>\n","protected":false},"excerpt":{"rendered":"<p>Si quieres visitar toda la Provincia de Siena, no puedes dejar de visitar Montepulciano, el pueblo m\u00e1s famoso de Siena<\/p>\n","protected":false},"author":3,"featured_media":0,"parent":0,"menu_order":0,"comment_status":"closed","ping_status":"closed","template":"","meta":{"_acf_changed":false,"footnotes":""},"class_list":["post-10646","page","type-page","status-publish","hentry"],"acf":[],"yoast_head":"<!-- This site is optimized with the Yoast SEO plugin v27.4 - https:\/\/yoast.com\/product\/yoast-seo-wordpress\/ -->\n<title>Hotel en Siena Para ver Montepulciano - Hotel Minerva Siena<\/title>\n<meta name=\"robots\" content=\"index, follow, max-snippet:-1, max-image-preview:large, max-video-preview:-1\" \/>\n<link rel=\"canonical\" href=\"https:\/\/www.albergominerva.it\/es\/hotel-en-siena-para-ver-montepulciano\/\" \/>\n<meta property=\"og:locale\" content=\"es_ES\" \/>\n<meta property=\"og:type\" content=\"article\" \/>\n<meta property=\"og:title\" content=\"Hotel en Siena Para ver Montepulciano - Hotel Minerva Siena\" \/>\n<meta property=\"og:description\" content=\"Si quieres visitar toda la Provincia de Siena, no puedes dejar de visitar Montepulciano, el pueblo m\u00e1s famoso de Siena\" \/>\n<meta property=\"og:url\" content=\"https:\/\/www.albergominerva.it\/es\/hotel-en-siena-para-ver-montepulciano\/\" \/>\n<meta property=\"og:site_name\" content=\"Hotel Minerva Siena\" \/>\n<meta property=\"article:modified_time\" content=\"2023-03-26T14:46:28+00:00\" \/>\n<meta property=\"og:image\" content=\"https:\/\/www.albergominerva.it\/wp-content\/uploads\/2022\/06\/montepulciano.jpg\" \/>\n<meta name=\"twitter:card\" content=\"summary_large_image\" \/>\n<meta name=\"twitter:label1\" content=\"Tiempo de lectura\" \/>\n\t<meta name=\"twitter:data1\" content=\"4 minutos\" \/>\n<script type=\"application\/ld+json\" class=\"yoast-schema-graph\">{\"@context\":\"https:\\\/\\\/schema.org\",\"@graph\":[{\"@type\":\"WebPage\",\"@id\":\"https:\\\/\\\/www.albergominerva.it\\\/es\\\/hotel-en-siena-para-ver-montepulciano\\\/\",\"url\":\"https:\\\/\\\/www.albergominerva.it\\\/es\\\/hotel-en-siena-para-ver-montepulciano\\\/\",\"name\":\"Hotel en Siena Para ver Montepulciano - Hotel Minerva Siena\",\"isPartOf\":{\"@id\":\"https:\\\/\\\/www.albergominerva.it\\\/es\\\/#website\"},\"primaryImageOfPage\":{\"@id\":\"https:\\\/\\\/www.albergominerva.it\\\/es\\\/hotel-en-siena-para-ver-montepulciano\\\/#primaryimage\"},\"image\":{\"@id\":\"https:\\\/\\\/www.albergominerva.it\\\/es\\\/hotel-en-siena-para-ver-montepulciano\\\/#primaryimage\"},\"thumbnailUrl\":\"https:\\\/\\\/www.albergominerva.it\\\/wp-content\\\/uploads\\\/2022\\\/06\\\/montepulciano.jpg\",\"datePublished\":\"2023-03-26T14:46:26+00:00\",\"dateModified\":\"2023-03-26T14:46:28+00:00\",\"breadcrumb\":{\"@id\":\"https:\\\/\\\/www.albergominerva.it\\\/es\\\/hotel-en-siena-para-ver-montepulciano\\\/#breadcrumb\"},\"inLanguage\":\"es\",\"potentialAction\":[{\"@type\":\"ReadAction\",\"target\":[\"https:\\\/\\\/www.albergominerva.it\\\/es\\\/hotel-en-siena-para-ver-montepulciano\\\/\"]}]},{\"@type\":\"ImageObject\",\"inLanguage\":\"es\",\"@id\":\"https:\\\/\\\/www.albergominerva.it\\\/es\\\/hotel-en-siena-para-ver-montepulciano\\\/#primaryimage\",\"url\":\"https:\\\/\\\/www.albergominerva.it\\\/wp-content\\\/uploads\\\/2022\\\/06\\\/montepulciano.jpg\",\"contentUrl\":\"https:\\\/\\\/www.albergominerva.it\\\/wp-content\\\/uploads\\\/2022\\\/06\\\/montepulciano.jpg\"},{\"@type\":\"BreadcrumbList\",\"@id\":\"https:\\\/\\\/www.albergominerva.it\\\/es\\\/hotel-en-siena-para-ver-montepulciano\\\/#breadcrumb\",\"itemListElement\":[{\"@type\":\"ListItem\",\"position\":1,\"name\":\"Home\",\"item\":\"https:\\\/\\\/www.albergominerva.it\\\/es\\\/\"},{\"@type\":\"ListItem\",\"position\":2,\"name\":\"Hotel en Siena Para ver Montepulciano\"}]},{\"@type\":\"WebSite\",\"@id\":\"https:\\\/\\\/www.albergominerva.it\\\/es\\\/#website\",\"url\":\"https:\\\/\\\/www.albergominerva.it\\\/es\\\/\",\"name\":\"Hotel Minerva Siena\",\"description\":\"Hotel in Centro Storico a Siena - Toscana - Italy\",\"potentialAction\":[{\"@type\":\"SearchAction\",\"target\":{\"@type\":\"EntryPoint\",\"urlTemplate\":\"https:\\\/\\\/www.albergominerva.it\\\/es\\\/?s={search_term_string}\"},\"query-input\":{\"@type\":\"PropertyValueSpecification\",\"valueRequired\":true,\"valueName\":\"search_term_string\"}}],\"inLanguage\":\"es\"}]}<\/script>\n<!-- \/ Yoast SEO plugin. -->","yoast_head_json":{"title":"Hotel en Siena Para ver Montepulciano - Hotel Minerva Siena","robots":{"index":"index","follow":"follow","max-snippet":"max-snippet:-1","max-image-preview":"max-image-preview:large","max-video-preview":"max-video-preview:-1"},"canonical":"https:\/\/www.albergominerva.it\/es\/hotel-en-siena-para-ver-montepulciano\/","og_locale":"es_ES","og_type":"article","og_title":"Hotel en Siena Para ver Montepulciano - Hotel Minerva Siena","og_description":"Si quieres visitar toda la Provincia de Siena, no puedes dejar de visitar Montepulciano, el pueblo m\u00e1s famoso de Siena","og_url":"https:\/\/www.albergominerva.it\/es\/hotel-en-siena-para-ver-montepulciano\/","og_site_name":"Hotel Minerva Siena","article_modified_time":"2023-03-26T14:46:28+00:00","og_image":[{"url":"https:\/\/www.albergominerva.it\/wp-content\/uploads\/2022\/06\/montepulciano.jpg","type":"","width":"","height":""}],"twitter_card":"summary_large_image","twitter_misc":{"Tiempo de lectura":"4 minutos"},"schema":{"@context":"https:\/\/schema.org","@graph":[{"@type":"WebPage","@id":"https:\/\/www.albergominerva.it\/es\/hotel-en-siena-para-ver-montepulciano\/","url":"https:\/\/www.albergominerva.it\/es\/hotel-en-siena-para-ver-montepulciano\/","name":"Hotel en Siena Para ver Montepulciano - Hotel Minerva Siena","isPartOf":{"@id":"https:\/\/www.albergominerva.it\/es\/#website"},"primaryImageOfPage":{"@id":"https:\/\/www.albergominerva.it\/es\/hotel-en-siena-para-ver-montepulciano\/#primaryimage"},"image":{"@id":"https:\/\/www.albergominerva.it\/es\/hotel-en-siena-para-ver-montepulciano\/#primaryimage"},"thumbnailUrl":"https:\/\/www.albergominerva.it\/wp-content\/uploads\/2022\/06\/montepulciano.jpg","datePublished":"2023-03-26T14:46:26+00:00","dateModified":"2023-03-26T14:46:28+00:00","breadcrumb":{"@id":"https:\/\/www.albergominerva.it\/es\/hotel-en-siena-para-ver-montepulciano\/#breadcrumb"},"inLanguage":"es","potentialAction":[{"@type":"ReadAction","target":["https:\/\/www.albergominerva.it\/es\/hotel-en-siena-para-ver-montepulciano\/"]}]},{"@type":"ImageObject","inLanguage":"es","@id":"https:\/\/www.albergominerva.it\/es\/hotel-en-siena-para-ver-montepulciano\/#primaryimage","url":"https:\/\/www.albergominerva.it\/wp-content\/uploads\/2022\/06\/montepulciano.jpg","contentUrl":"https:\/\/www.albergominerva.it\/wp-content\/uploads\/2022\/06\/montepulciano.jpg"},{"@type":"BreadcrumbList","@id":"https:\/\/www.albergominerva.it\/es\/hotel-en-siena-para-ver-montepulciano\/#breadcrumb","itemListElement":[{"@type":"ListItem","position":1,"name":"Home","item":"https:\/\/www.albergominerva.it\/es\/"},{"@type":"ListItem","position":2,"name":"Hotel en Siena Para ver Montepulciano"}]},{"@type":"WebSite","@id":"https:\/\/www.albergominerva.it\/es\/#website","url":"https:\/\/www.albergominerva.it\/es\/","name":"Hotel Minerva Siena","description":"Hotel in Centro Storico a Siena - Toscana - Italy","potentialAction":[{"@type":"SearchAction","target":{"@type":"EntryPoint","urlTemplate":"https:\/\/www.albergominerva.it\/es\/?s={search_term_string}"},"query-input":{"@type":"PropertyValueSpecification","valueRequired":true,"valueName":"search_term_string"}}],"inLanguage":"es"}]}},"_links":{"self":[{"href":"https:\/\/www.albergominerva.it\/es\/wp-json\/wp\/v2\/pages\/10646","targetHints":{"allow":["GET"]}}],"collection":[{"href":"https:\/\/www.albergominerva.it\/es\/wp-json\/wp\/v2\/pages"}],"about":[{"href":"https:\/\/www.albergominerva.it\/es\/wp-json\/wp\/v2\/types\/page"}],"author":[{"embeddable":true,"href":"https:\/\/www.albergominerva.it\/es\/wp-json\/wp\/v2\/users\/3"}],"replies":[{"embeddable":true,"href":"https:\/\/www.albergominerva.it\/es\/wp-json\/wp\/v2\/comments?post=10646"}],"version-history":[{"count":1,"href":"https:\/\/www.albergominerva.it\/es\/wp-json\/wp\/v2\/pages\/10646\/revisions"}],"predecessor-version":[{"id":10661,"href":"https:\/\/www.albergominerva.it\/es\/wp-json\/wp\/v2\/pages\/10646\/revisions\/10661"}],"wp:attachment":[{"href":"https:\/\/www.albergominerva.it\/es\/wp-json\/wp\/v2\/media?parent=10646"}],"curies":[{"name":"wp","href":"https:\/\/api.w.org\/{rel}","templated":true}]}}